{"id":2736,"date":"2025-09-24T10:39:21","date_gmt":"2025-09-24T10:39:21","guid":{"rendered":"https:\/\/yazmed.ma\/?post_type=product&#038;p=2736"},"modified":"2025-10-21T23:24:45","modified_gmt":"2025-10-21T23:24:45","slug":"plaque-neutre-pour-bistouris-electriques-gp03","status":"publish","type":"product","link":"https:\/\/yazmed.ma\/ar\/product\/plaque-neutre-pour-bistouris-electriques-gp03\/","title":{"rendered":"Plaque neutre pour bistouris \u00e9lectriques GP03"},"content":{"rendered":"<h2><\/h2>\n<p><span class=\"fonts_18\">\u00a0 \u00a0 \u00a0 \u00a0 \u00a0Principales fonctions<\/span><\/p>\n<ul>\n<li><b>S\u00e9curit\u00e9 du patient<\/b>\u00a0: elle assure que le courant ne circule que de mani\u00e8re contr\u00f4l\u00e9e entre l\u2019\u00e9lectrode active et la plaque neutre, \u00e9vitant ainsi toute br\u00fblure ou blessure sur la peau du patient.<\/li>\n<li><b>Uniformit\u00e9 de la coagulation<\/b>\u00a0: en servant de retour pour l&rsquo;\u00e9nergie, elle permet une meilleure distribution du courant, assurant ainsi une coagulation uniforme et pr\u00e9cise.<\/li>\n<li><b>Facilit\u00e9 d\u2019utilisation<\/b>\u00a0: la plaque neutre est g\u00e9n\u00e9ralement con\u00e7ue pour \u00eatre plac\u00e9e sous le patient de mani\u00e8re \u00e0 maximiser la surface de contact avec la peau, garantissant ainsi une performance optimale et fiable du bistouri.<\/li>\n<\/ul>\n<h3 class=\"LC20lb MBeuO DKV0Md\"><a class=\"pstg-item-link pstg-theme- tooltipstered\" href=\"https:\/\/www.pmd-medical.com\/glossaire\/item\/bistouri-electrique\" target=\"_blank\" rel=\"noopener\">\u00a0 bistouri \u00e9lectrique<\/a><\/h3>\n<p>&nbsp;<\/p>","protected":false},"excerpt":{"rendered":"<h5><strong>Plaque neutre s\u00e9curis\u00e9e pour le retour patient.<\/strong><\/h5>\n<p>Pour bistouris \u00e9lectriques et \u00e9lectroniques. Disponible en 2 versions:<\/p>\n<p>&#8211; En acier inoxydable,<br \/>\n&#8211; Flexible avec silicone,<\/p>","protected":false},"featured_media":2737,"comment_status":"open","ping_status":"closed","template":"","meta":[],"product_brand":[],"product_cat":[51],"product_tag":[],"class_list":{"0":"post-2736","1":"product","2":"type-product","3":"status-publish","4":"has-post-thumbnail","6":"product_cat-bloc-et-reanimation","8":"first","9":"instock","10":"taxable","11":"shipping-taxable","12":"product-type-simple"},"yoast_head":"<!-- This site is optimized with the Yoast SEO plugin v26.9 - https:\/\/yoast.com\/product\/yoast-seo-wordpress\/ -->\n<title>Plaque neutre pour bistouris \u00e9lectriques GP03 - YAZMED<\/title>\n<meta name=\"robots\" content=\"index, follow, max-snippet:-1, max-image-preview:large, max-video-preview:-1\" \/>\n<link rel=\"canonical\" href=\"https:\/\/yazmed.ma\/ar\/product\/plaque-neutre-pour-bistouris-electriques-gp03\/\" \/>\n<meta property=\"og:locale\" content=\"ar_AR\" \/>\n<meta property=\"og:type\" content=\"article\" \/>\n<meta property=\"og:title\" content=\"Plaque neutre pour bistouris \u00e9lectriques GP03 - YAZMED\" \/>\n<meta property=\"og:description\" content=\"Plaque neutre s\u00e9curis\u00e9e pour le retour patient. Pour bistouris \u00e9lectriques et \u00e9lectroniques. Disponible en 2 versions:  - En acier inoxydable, - Flexible avec silicone,\" \/>\n<meta property=\"og:url\" content=\"https:\/\/yazmed.ma\/ar\/product\/plaque-neutre-pour-bistouris-electriques-gp03\/\" \/>\n<meta property=\"og:site_name\" content=\"YAZMED\" \/>\n<meta property=\"article:publisher\" content=\"https:\/\/www.facebook.com\/azenkouky\" \/>\n<meta property=\"article:modified_time\" content=\"2025-10-21T23:24:45+00:00\" \/>\n<meta property=\"og:image\" content=\"https:\/\/yazmed.ma\/wp-content\/uploads\/2025\/09\/plaque-bistouri.webp\" \/>\n\t<meta property=\"og:image:width\" content=\"570\" \/>\n\t<meta property=\"og:image:height\" content=\"517\" \/>\n\t<meta property=\"og:image:type\" content=\"image\/webp\" \/>\n<meta name=\"twitter:card\" content=\"summary_large_image\" \/>\n<meta name=\"twitter:label1\" content=\"Est. reading time\" \/>\n\t<meta name=\"twitter:data1\" content=\"1 minute\" \/>\n<script type=\"application\/ld+json\" class=\"yoast-schema-graph\">{\"@context\":\"https:\/\/schema.org\",\"@graph\":[{\"@type\":\"WebPage\",\"@id\":\"https:\/\/yazmed.ma\/product\/plaque-neutre-pour-bistouris-electriques-gp03\/\",\"url\":\"https:\/\/yazmed.ma\/product\/plaque-neutre-pour-bistouris-electriques-gp03\/\",\"name\":\"Plaque neutre pour bistouris \u00e9lectriques GP03 - YAZMED\",\"isPartOf\":{\"@id\":\"https:\/\/yazmed.ma\/#website\"},\"primaryImageOfPage\":{\"@id\":\"https:\/\/yazmed.ma\/product\/plaque-neutre-pour-bistouris-electriques-gp03\/#primaryimage\"},\"image\":{\"@id\":\"https:\/\/yazmed.ma\/product\/plaque-neutre-pour-bistouris-electriques-gp03\/#primaryimage\"},\"thumbnailUrl\":\"https:\/\/yazmed.ma\/wp-content\/uploads\/2025\/09\/plaque-bistouri.webp\",\"datePublished\":\"2025-09-24T10:39:21+00:00\",\"dateModified\":\"2025-10-21T23:24:45+00:00\",\"breadcrumb\":{\"@id\":\"https:\/\/yazmed.ma\/product\/plaque-neutre-pour-bistouris-electriques-gp03\/#breadcrumb\"},\"inLanguage\":\"ary\",\"potentialAction\":[{\"@type\":\"ReadAction\",\"target\":[\"https:\/\/yazmed.ma\/product\/plaque-neutre-pour-bistouris-electriques-gp03\/\"]}]},{\"@type\":\"ImageObject\",\"inLanguage\":\"ary\",\"@id\":\"https:\/\/yazmed.ma\/product\/plaque-neutre-pour-bistouris-electriques-gp03\/#primaryimage\",\"url\":\"https:\/\/yazmed.ma\/wp-content\/uploads\/2025\/09\/plaque-bistouri.webp\",\"contentUrl\":\"https:\/\/yazmed.ma\/wp-content\/uploads\/2025\/09\/plaque-bistouri.webp\",\"width\":570,\"height\":517,\"caption\":\"Plaque neutre plate avec c\u00e2ble pour bistouri \u00e9lectrique\"},{\"@type\":\"BreadcrumbList\",\"@id\":\"https:\/\/yazmed.ma\/product\/plaque-neutre-pour-bistouris-electriques-gp03\/#breadcrumb\",\"itemListElement\":[{\"@type\":\"ListItem\",\"position\":1,\"name\":\"Accueil\",\"item\":\"https:\/\/yazmed.ma\/\"},{\"@type\":\"ListItem\",\"position\":2,\"name\":\"Shop\",\"item\":\"https:\/\/yazmed.ma\/shop-2\/\"},{\"@type\":\"ListItem\",\"position\":3,\"name\":\"Plaque neutre pour bistouris \u00e9lectriques GP03\"}]},{\"@type\":\"WebSite\",\"@id\":\"https:\/\/yazmed.ma\/#website\",\"url\":\"https:\/\/yazmed.ma\/\",\"name\":\"Yazmed\",\"description\":\"LEADER DU MAT\u00c9RIEL M\u00c9DICAL AU MAROC\",\"publisher\":{\"@id\":\"https:\/\/yazmed.ma\/#organization\"},\"potentialAction\":[{\"@type\":\"SearchAction\",\"target\":{\"@type\":\"EntryPoint\",\"urlTemplate\":\"https:\/\/yazmed.ma\/?s={search_term_string}\"},\"query-input\":{\"@type\":\"PropertyValueSpecification\",\"valueRequired\":true,\"valueName\":\"search_term_string\"}}],\"inLanguage\":\"ary\"},{\"@type\":\"Organization\",\"@id\":\"https:\/\/yazmed.ma\/#organization\",\"name\":\"Yazmed Healthcare\",\"url\":\"https:\/\/yazmed.ma\/\",\"logo\":{\"@type\":\"ImageObject\",\"inLanguage\":\"ary\",\"@id\":\"https:\/\/yazmed.ma\/#\/schema\/logo\/image\/\",\"url\":\"https:\/\/yazmed.ma\/wp-content\/uploads\/2024\/12\/3.png\",\"contentUrl\":\"https:\/\/yazmed.ma\/wp-content\/uploads\/2024\/12\/3.png\",\"width\":250,\"height\":70,\"caption\":\"Yazmed Healthcare\"},\"image\":{\"@id\":\"https:\/\/yazmed.ma\/#\/schema\/logo\/image\/\"},\"sameAs\":[\"https:\/\/www.facebook.com\/azenkouky\",\"https:\/\/www.instagram.com\/yazmedhealthcare\",\"https:\/\/www.linkedin.com\/in\/yazmed-healthcare-1b4955295\"]}]}<\/script>\n<!-- \/ Yoast SEO plugin. -->","yoast_head_json":{"title":"Plaque neutre pour bistouris \u00e9lectriques GP03 - YAZMED","robots":{"index":"index","follow":"follow","max-snippet":"max-snippet:-1","max-image-preview":"max-image-preview:large","max-video-preview":"max-video-preview:-1"},"canonical":"https:\/\/yazmed.ma\/ar\/product\/plaque-neutre-pour-bistouris-electriques-gp03\/","og_locale":"ar_AR","og_type":"article","og_title":"Plaque neutre pour bistouris \u00e9lectriques GP03 - YAZMED","og_description":"Plaque neutre s\u00e9curis\u00e9e pour le retour patient. Pour bistouris \u00e9lectriques et \u00e9lectroniques. Disponible en 2 versions:  - En acier inoxydable, - Flexible avec silicone,","og_url":"https:\/\/yazmed.ma\/ar\/product\/plaque-neutre-pour-bistouris-electriques-gp03\/","og_site_name":"YAZMED","article_publisher":"https:\/\/www.facebook.com\/azenkouky","article_modified_time":"2025-10-21T23:24:45+00:00","og_image":[{"width":570,"height":517,"url":"https:\/\/yazmed.ma\/wp-content\/uploads\/2025\/09\/plaque-bistouri.webp","type":"image\/webp"}],"twitter_card":"summary_large_image","twitter_misc":{"Est. reading time":"1 minute"},"schema":{"@context":"https:\/\/schema.org","@graph":[{"@type":"WebPage","@id":"https:\/\/yazmed.ma\/product\/plaque-neutre-pour-bistouris-electriques-gp03\/","url":"https:\/\/yazmed.ma\/product\/plaque-neutre-pour-bistouris-electriques-gp03\/","name":"Plaque neutre pour bistouris \u00e9lectriques GP03 - YAZMED","isPartOf":{"@id":"https:\/\/yazmed.ma\/#website"},"primaryImageOfPage":{"@id":"https:\/\/yazmed.ma\/product\/plaque-neutre-pour-bistouris-electriques-gp03\/#primaryimage"},"image":{"@id":"https:\/\/yazmed.ma\/product\/plaque-neutre-pour-bistouris-electriques-gp03\/#primaryimage"},"thumbnailUrl":"https:\/\/yazmed.ma\/wp-content\/uploads\/2025\/09\/plaque-bistouri.webp","datePublished":"2025-09-24T10:39:21+00:00","dateModified":"2025-10-21T23:24:45+00:00","breadcrumb":{"@id":"https:\/\/yazmed.ma\/product\/plaque-neutre-pour-bistouris-electriques-gp03\/#breadcrumb"},"inLanguage":"ary","potentialAction":[{"@type":"ReadAction","target":["https:\/\/yazmed.ma\/product\/plaque-neutre-pour-bistouris-electriques-gp03\/"]}]},{"@type":"ImageObject","inLanguage":"ary","@id":"https:\/\/yazmed.ma\/product\/plaque-neutre-pour-bistouris-electriques-gp03\/#primaryimage","url":"https:\/\/yazmed.ma\/wp-content\/uploads\/2025\/09\/plaque-bistouri.webp","contentUrl":"https:\/\/yazmed.ma\/wp-content\/uploads\/2025\/09\/plaque-bistouri.webp","width":570,"height":517,"caption":"Plaque neutre plate avec c\u00e2ble pour bistouri \u00e9lectrique"},{"@type":"BreadcrumbList","@id":"https:\/\/yazmed.ma\/product\/plaque-neutre-pour-bistouris-electriques-gp03\/#breadcrumb","itemListElement":[{"@type":"ListItem","position":1,"name":"Accueil","item":"https:\/\/yazmed.ma\/"},{"@type":"ListItem","position":2,"name":"Shop","item":"https:\/\/yazmed.ma\/shop-2\/"},{"@type":"ListItem","position":3,"name":"Plaque neutre pour bistouris \u00e9lectriques GP03"}]},{"@type":"WebSite","@id":"https:\/\/yazmed.ma\/#website","url":"https:\/\/yazmed.ma\/","name":"Yazmed","description":"LEADER DU MAT\u00c9RIEL M\u00c9DICAL AU MAROC","publisher":{"@id":"https:\/\/yazmed.ma\/#organization"},"potentialAction":[{"@type":"SearchAction","target":{"@type":"EntryPoint","urlTemplate":"https:\/\/yazmed.ma\/?s={search_term_string}"},"query-input":{"@type":"PropertyValueSpecification","valueRequired":true,"valueName":"search_term_string"}}],"inLanguage":"ary"},{"@type":"Organization","@id":"https:\/\/yazmed.ma\/#organization","name":"Yazmed Healthcare","url":"https:\/\/yazmed.ma\/","logo":{"@type":"ImageObject","inLanguage":"ary","@id":"https:\/\/yazmed.ma\/#\/schema\/logo\/image\/","url":"https:\/\/yazmed.ma\/wp-content\/uploads\/2024\/12\/3.png","contentUrl":"https:\/\/yazmed.ma\/wp-content\/uploads\/2024\/12\/3.png","width":250,"height":70,"caption":"Yazmed Healthcare"},"image":{"@id":"https:\/\/yazmed.ma\/#\/schema\/logo\/image\/"},"sameAs":["https:\/\/www.facebook.com\/azenkouky","https:\/\/www.instagram.com\/yazmedhealthcare","https:\/\/www.linkedin.com\/in\/yazmed-healthcare-1b4955295"]}]}},"_links":{"self":[{"href":"https:\/\/yazmed.ma\/ar\/wp-json\/wp\/v2\/product\/2736","targetHints":{"allow":["GET"]}}],"collection":[{"href":"https:\/\/yazmed.ma\/ar\/wp-json\/wp\/v2\/product"}],"about":[{"href":"https:\/\/yazmed.ma\/ar\/wp-json\/wp\/v2\/types\/product"}],"replies":[{"embeddable":true,"href":"https:\/\/yazmed.ma\/ar\/wp-json\/wp\/v2\/comments?post=2736"}],"version-history":[{"count":0,"href":"https:\/\/yazmed.ma\/ar\/wp-json\/wp\/v2\/product\/2736\/revisions"}],"wp:featuredmedia":[{"embeddable":true,"href":"https:\/\/yazmed.ma\/ar\/wp-json\/wp\/v2\/media\/2737"}],"wp:attachment":[{"href":"https:\/\/yazmed.ma\/ar\/wp-json\/wp\/v2\/media?parent=2736"}],"wp:term":[{"taxonomy":"product_brand","embeddable":true,"href":"https:\/\/yazmed.ma\/ar\/wp-json\/wp\/v2\/product_brand?post=2736"},{"taxonomy":"product_cat","embeddable":true,"href":"https:\/\/yazmed.ma\/ar\/wp-json\/wp\/v2\/product_cat?post=2736"},{"taxonomy":"product_tag","embeddable":true,"href":"https:\/\/yazmed.ma\/ar\/wp-json\/wp\/v2\/product_tag?post=2736"}],"curies":[{"name":"wp","href":"https:\/\/api.w.org\/{rel}","templated":true}]}}