{"id":2727,"date":"2025-09-22T14:36:11","date_gmt":"2025-09-22T14:36:11","guid":{"rendered":"https:\/\/yazmed.ma\/?post_type=product&#038;p=2727"},"modified":"2025-10-19T12:00:18","modified_gmt":"2025-10-19T12:00:18","slug":"pince-halstead","status":"publish","type":"product","link":"https:\/\/yazmed.ma\/ar\/product\/pince-halstead\/","title":{"rendered":"PINCE HALSTEAD"},"content":{"rendered":"<p>Instrumentation m\u00e9dicale garantie 2 ans par remplacement pur et simple de l&rsquo;instrument reconnu d\u00e9fectueux de notre fait.<\/p>\n<p><strong>Pince de Halstead droite disponible en deux mod\u00e8les :<\/strong><br \/>\n&#8211; Pince Halstead droite avec griffes,<br \/>\n&#8211; Pince Halstead droite sans griffe.<\/p>","protected":false},"excerpt":{"rendered":"<h4>La pince de Halstead droites a une longeur de 13 cm.<\/h4>\n<p>Elle est autoclavables \u00e0 134\u00b0 C pendant 18 minutes et se nettoie en machine ou \u00e0 la main avec un produit nettoyant n&rsquo;attaquant pas l&rsquo;acier inoxydable.<\/p>\n<p>Instrumentation m\u00e9dicale garantie 2 ans par remplacement pur et simple de l&rsquo;instrument reconnu d\u00e9fectueux de notre fait.<\/p>\n<p><strong>Pince de Halstead droite disponible en deux mod\u00e8les :<\/strong><br \/>\n&#8211; Pince Halstead droite avec griffes,<br \/>\n&#8211; Pince Halstead droite sans griffe.<\/p>","protected":false},"featured_media":2733,"comment_status":"open","ping_status":"closed","template":"","meta":[],"product_brand":[],"product_cat":[16,53],"product_tag":[],"class_list":{"0":"post-2727","1":"product","2":"type-product","3":"status-publish","4":"has-post-thumbnail","6":"product_cat-toutes-les-categories","7":"product_cat-instrumentation-sutures","9":"first","10":"instock","11":"taxable","12":"shipping-taxable","13":"purchasable","14":"product-type-variable"},"yoast_head":"<!-- This site is optimized with the Yoast SEO plugin v26.9 - https:\/\/yoast.com\/product\/yoast-seo-wordpress\/ -->\n<title>PINCE HALSTEAD - YAZMED<\/title>\n<meta name=\"robots\" content=\"index, follow, max-snippet:-1, max-image-preview:large, max-video-preview:-1\" \/>\n<link rel=\"canonical\" href=\"https:\/\/yazmed.ma\/ar\/product\/pince-halstead\/\" \/>\n<meta property=\"og:locale\" content=\"ar_AR\" \/>\n<meta property=\"og:type\" content=\"article\" \/>\n<meta property=\"og:title\" content=\"PINCE HALSTEAD - YAZMED\" \/>\n<meta property=\"og:description\" content=\"La pince de Halstead droites a une longeur de 13 cm. Elle est autoclavables \u00e0 134\u00b0 C pendant 18 minutes et se nettoie en machine ou \u00e0 la main avec un produit nettoyant n&#039;attaquant pas l&#039;acier inoxydable.  Instrumentation m\u00e9dicale garantie 2 ans par remplacement pur et simple de l&#039;instrument reconnu d\u00e9fectueux de notre fait.  Pince de Halstead droite disponible en deux mod\u00e8les : - Pince Halstead droite avec griffes, - Pince Halstead droite sans griffe.\" \/>\n<meta property=\"og:url\" content=\"https:\/\/yazmed.ma\/ar\/product\/pince-halstead\/\" \/>\n<meta property=\"og:site_name\" content=\"YAZMED\" \/>\n<meta property=\"article:publisher\" content=\"https:\/\/www.facebook.com\/azenkouky\" \/>\n<meta property=\"article:modified_time\" content=\"2025-10-19T12:00:18+00:00\" \/>\n<meta property=\"og:image\" content=\"https:\/\/yazmed.ma\/wp-content\/uploads\/2025\/09\/PINCE-HALSTEAD.webp\" \/>\n\t<meta property=\"og:image:width\" content=\"570\" \/>\n\t<meta property=\"og:image:height\" content=\"517\" \/>\n\t<meta property=\"og:image:type\" content=\"image\/webp\" \/>\n<meta name=\"twitter:card\" content=\"summary_large_image\" \/>\n<script type=\"application\/ld+json\" class=\"yoast-schema-graph\">{\"@context\":\"https:\/\/schema.org\",\"@graph\":[{\"@type\":\"WebPage\",\"@id\":\"https:\/\/yazmed.ma\/product\/pince-halstead\/\",\"url\":\"https:\/\/yazmed.ma\/product\/pince-halstead\/\",\"name\":\"PINCE HALSTEAD - YAZMED\",\"isPartOf\":{\"@id\":\"https:\/\/yazmed.ma\/#website\"},\"primaryImageOfPage\":{\"@id\":\"https:\/\/yazmed.ma\/product\/pince-halstead\/#primaryimage\"},\"image\":{\"@id\":\"https:\/\/yazmed.ma\/product\/pince-halstead\/#primaryimage\"},\"thumbnailUrl\":\"https:\/\/yazmed.ma\/wp-content\/uploads\/2025\/09\/PINCE-HALSTEAD.webp\",\"datePublished\":\"2025-09-22T14:36:11+00:00\",\"dateModified\":\"2025-10-19T12:00:18+00:00\",\"breadcrumb\":{\"@id\":\"https:\/\/yazmed.ma\/product\/pince-halstead\/#breadcrumb\"},\"inLanguage\":\"ary\",\"potentialAction\":[{\"@type\":\"ReadAction\",\"target\":[\"https:\/\/yazmed.ma\/product\/pince-halstead\/\"]}]},{\"@type\":\"ImageObject\",\"inLanguage\":\"ary\",\"@id\":\"https:\/\/yazmed.ma\/product\/pince-halstead\/#primaryimage\",\"url\":\"https:\/\/yazmed.ma\/wp-content\/uploads\/2025\/09\/PINCE-HALSTEAD.webp\",\"contentUrl\":\"https:\/\/yazmed.ma\/wp-content\/uploads\/2025\/09\/PINCE-HALSTEAD.webp\",\"width\":570,\"height\":517,\"caption\":\"PINCE HALSTEAD\"},{\"@type\":\"BreadcrumbList\",\"@id\":\"https:\/\/yazmed.ma\/product\/pince-halstead\/#breadcrumb\",\"itemListElement\":[{\"@type\":\"ListItem\",\"position\":1,\"name\":\"Accueil\",\"item\":\"https:\/\/yazmed.ma\/\"},{\"@type\":\"ListItem\",\"position\":2,\"name\":\"Shop\",\"item\":\"https:\/\/yazmed.ma\/shop-2\/\"},{\"@type\":\"ListItem\",\"position\":3,\"name\":\"PINCE HALSTEAD\"}]},{\"@type\":\"WebSite\",\"@id\":\"https:\/\/yazmed.ma\/#website\",\"url\":\"https:\/\/yazmed.ma\/\",\"name\":\"Yazmed\",\"description\":\"LEADER DU MAT\u00c9RIEL M\u00c9DICAL AU MAROC\",\"publisher\":{\"@id\":\"https:\/\/yazmed.ma\/#organization\"},\"potentialAction\":[{\"@type\":\"SearchAction\",\"target\":{\"@type\":\"EntryPoint\",\"urlTemplate\":\"https:\/\/yazmed.ma\/?s={search_term_string}\"},\"query-input\":{\"@type\":\"PropertyValueSpecification\",\"valueRequired\":true,\"valueName\":\"search_term_string\"}}],\"inLanguage\":\"ary\"},{\"@type\":\"Organization\",\"@id\":\"https:\/\/yazmed.ma\/#organization\",\"name\":\"Yazmed Healthcare\",\"url\":\"https:\/\/yazmed.ma\/\",\"logo\":{\"@type\":\"ImageObject\",\"inLanguage\":\"ary\",\"@id\":\"https:\/\/yazmed.ma\/#\/schema\/logo\/image\/\",\"url\":\"https:\/\/yazmed.ma\/wp-content\/uploads\/2024\/12\/3.png\",\"contentUrl\":\"https:\/\/yazmed.ma\/wp-content\/uploads\/2024\/12\/3.png\",\"width\":250,\"height\":70,\"caption\":\"Yazmed Healthcare\"},\"image\":{\"@id\":\"https:\/\/yazmed.ma\/#\/schema\/logo\/image\/\"},\"sameAs\":[\"https:\/\/www.facebook.com\/azenkouky\",\"https:\/\/www.instagram.com\/yazmedhealthcare\",\"https:\/\/www.linkedin.com\/in\/yazmed-healthcare-1b4955295\"]}]}<\/script>\n<!-- \/ Yoast SEO plugin. -->","yoast_head_json":{"title":"PINCE HALSTEAD - YAZMED","robots":{"index":"index","follow":"follow","max-snippet":"max-snippet:-1","max-image-preview":"max-image-preview:large","max-video-preview":"max-video-preview:-1"},"canonical":"https:\/\/yazmed.ma\/ar\/product\/pince-halstead\/","og_locale":"ar_AR","og_type":"article","og_title":"PINCE HALSTEAD - YAZMED","og_description":"La pince de Halstead droites a une longeur de 13 cm. Elle est autoclavables \u00e0 134\u00b0 C pendant 18 minutes et se nettoie en machine ou \u00e0 la main avec un produit nettoyant n'attaquant pas l'acier inoxydable.  Instrumentation m\u00e9dicale garantie 2 ans par remplacement pur et simple de l'instrument reconnu d\u00e9fectueux de notre fait.  Pince de Halstead droite disponible en deux mod\u00e8les : - Pince Halstead droite avec griffes, - Pince Halstead droite sans griffe.","og_url":"https:\/\/yazmed.ma\/ar\/product\/pince-halstead\/","og_site_name":"YAZMED","article_publisher":"https:\/\/www.facebook.com\/azenkouky","article_modified_time":"2025-10-19T12:00:18+00:00","og_image":[{"width":570,"height":517,"url":"https:\/\/yazmed.ma\/wp-content\/uploads\/2025\/09\/PINCE-HALSTEAD.webp","type":"image\/webp"}],"twitter_card":"summary_large_image","schema":{"@context":"https:\/\/schema.org","@graph":[{"@type":"WebPage","@id":"https:\/\/yazmed.ma\/product\/pince-halstead\/","url":"https:\/\/yazmed.ma\/product\/pince-halstead\/","name":"PINCE HALSTEAD - YAZMED","isPartOf":{"@id":"https:\/\/yazmed.ma\/#website"},"primaryImageOfPage":{"@id":"https:\/\/yazmed.ma\/product\/pince-halstead\/#primaryimage"},"image":{"@id":"https:\/\/yazmed.ma\/product\/pince-halstead\/#primaryimage"},"thumbnailUrl":"https:\/\/yazmed.ma\/wp-content\/uploads\/2025\/09\/PINCE-HALSTEAD.webp","datePublished":"2025-09-22T14:36:11+00:00","dateModified":"2025-10-19T12:00:18+00:00","breadcrumb":{"@id":"https:\/\/yazmed.ma\/product\/pince-halstead\/#breadcrumb"},"inLanguage":"ary","potentialAction":[{"@type":"ReadAction","target":["https:\/\/yazmed.ma\/product\/pince-halstead\/"]}]},{"@type":"ImageObject","inLanguage":"ary","@id":"https:\/\/yazmed.ma\/product\/pince-halstead\/#primaryimage","url":"https:\/\/yazmed.ma\/wp-content\/uploads\/2025\/09\/PINCE-HALSTEAD.webp","contentUrl":"https:\/\/yazmed.ma\/wp-content\/uploads\/2025\/09\/PINCE-HALSTEAD.webp","width":570,"height":517,"caption":"PINCE HALSTEAD"},{"@type":"BreadcrumbList","@id":"https:\/\/yazmed.ma\/product\/pince-halstead\/#breadcrumb","itemListElement":[{"@type":"ListItem","position":1,"name":"Accueil","item":"https:\/\/yazmed.ma\/"},{"@type":"ListItem","position":2,"name":"Shop","item":"https:\/\/yazmed.ma\/shop-2\/"},{"@type":"ListItem","position":3,"name":"PINCE HALSTEAD"}]},{"@type":"WebSite","@id":"https:\/\/yazmed.ma\/#website","url":"https:\/\/yazmed.ma\/","name":"Yazmed","description":"LEADER DU MAT\u00c9RIEL M\u00c9DICAL AU MAROC","publisher":{"@id":"https:\/\/yazmed.ma\/#organization"},"potentialAction":[{"@type":"SearchAction","target":{"@type":"EntryPoint","urlTemplate":"https:\/\/yazmed.ma\/?s={search_term_string}"},"query-input":{"@type":"PropertyValueSpecification","valueRequired":true,"valueName":"search_term_string"}}],"inLanguage":"ary"},{"@type":"Organization","@id":"https:\/\/yazmed.ma\/#organization","name":"Yazmed Healthcare","url":"https:\/\/yazmed.ma\/","logo":{"@type":"ImageObject","inLanguage":"ary","@id":"https:\/\/yazmed.ma\/#\/schema\/logo\/image\/","url":"https:\/\/yazmed.ma\/wp-content\/uploads\/2024\/12\/3.png","contentUrl":"https:\/\/yazmed.ma\/wp-content\/uploads\/2024\/12\/3.png","width":250,"height":70,"caption":"Yazmed Healthcare"},"image":{"@id":"https:\/\/yazmed.ma\/#\/schema\/logo\/image\/"},"sameAs":["https:\/\/www.facebook.com\/azenkouky","https:\/\/www.instagram.com\/yazmedhealthcare","https:\/\/www.linkedin.com\/in\/yazmed-healthcare-1b4955295"]}]}},"_links":{"self":[{"href":"https:\/\/yazmed.ma\/ar\/wp-json\/wp\/v2\/product\/2727","targetHints":{"allow":["GET"]}}],"collection":[{"href":"https:\/\/yazmed.ma\/ar\/wp-json\/wp\/v2\/product"}],"about":[{"href":"https:\/\/yazmed.ma\/ar\/wp-json\/wp\/v2\/types\/product"}],"replies":[{"embeddable":true,"href":"https:\/\/yazmed.ma\/ar\/wp-json\/wp\/v2\/comments?post=2727"}],"version-history":[{"count":1,"href":"https:\/\/yazmed.ma\/ar\/wp-json\/wp\/v2\/product\/2727\/revisions"}],"predecessor-version":[{"id":2734,"href":"https:\/\/yazmed.ma\/ar\/wp-json\/wp\/v2\/product\/2727\/revisions\/2734"}],"wp:featuredmedia":[{"embeddable":true,"href":"https:\/\/yazmed.ma\/ar\/wp-json\/wp\/v2\/media\/2733"}],"wp:attachment":[{"href":"https:\/\/yazmed.ma\/ar\/wp-json\/wp\/v2\/media?parent=2727"}],"wp:term":[{"taxonomy":"product_brand","embeddable":true,"href":"https:\/\/yazmed.ma\/ar\/wp-json\/wp\/v2\/product_brand?post=2727"},{"taxonomy":"product_cat","embeddable":true,"href":"https:\/\/yazmed.ma\/ar\/wp-json\/wp\/v2\/product_cat?post=2727"},{"taxonomy":"product_tag","embeddable":true,"href":"https:\/\/yazmed.ma\/ar\/wp-json\/wp\/v2\/product_tag?post=2727"}],"curies":[{"name":"wp","href":"https:\/\/api.w.org\/{rel}","templated":true}]}}