{"id":2716,"date":"2025-09-12T19:58:12","date_gmt":"2025-09-12T19:58:12","guid":{"rendered":"https:\/\/yazmed.ma\/?post_type=product&#038;p=2716"},"modified":"2025-10-21T07:47:25","modified_gmt":"2025-10-21T07:47:25","slug":"paragerme-spray-aerien-detro","status":"publish","type":"product","link":"https:\/\/yazmed.ma\/ar\/product\/paragerme-spray-aerien-detro\/","title":{"rendered":"Paragerme Spray a\u00e9rien Detro"},"content":{"rendered":"<p>&nbsp;<\/p>\n<p>Il permet \u00e0 la solution de p\u00e9n\u00e9trer dans tous les outils et \u00e9quipements et convient \u00e0 la d\u00e9sinfection de surfaces de 1 \u00e0 1 000 m\u00e8tres cubes. Apr\u00e8s le processus, la salle d&rsquo;application est r\u00e9utilisable apr\u00e8s 60 minutes.<\/p>\n<p>L&rsquo;appareil offre \u00e0 l&rsquo;utilisateur un programme facile \u00e0 d\u00e9marrer et \u00e0 configurer. De plus, une imprimante int\u00e9gr\u00e9e (en option) permet l&rsquo;impression automatique et r\u00e9trospective de jusqu&rsquo;\u00e0 100 processus. Un syst\u00e8me d&rsquo;avertissement visuel et sonore est \u00e9galement disponible au d\u00e9but et \u00e0 la fin du processus. L&rsquo;appareil est disponible en turc et en anglais. L&rsquo;allemand, le russe, le polonais et l&rsquo;arabe sont disponibles en option.<\/p>\n<p>L&rsquo;efficacit\u00e9 de l&rsquo;appareil sur les micro-organismes dans des zones de 1 m\u00b3 et 30 m\u00b3 a \u00e9t\u00e9 analys\u00e9e selon la norme EN 17272 et v\u00e9rifi\u00e9e par un laboratoire accr\u00e9dit\u00e9. L&rsquo;appareil est utilis\u00e9 en association avec le d\u00e9sinfectant d&rsquo;environnement Detro San Air contenant du peroxyde d&rsquo;hydrog\u00e8ne et de l&rsquo;argent collo\u00efdal.<\/p>\n<p>DOMAINES D&rsquo;UTILISATION :<\/p>\n<p>Dans de nombreux endroits o\u00f9 la d\u00e9sinfection des surfaces est n\u00e9cessaire, tels que les blocs op\u00e9ratoires, les zones de soins n\u00e9onatals et intensifs, les laboratoires, les unit\u00e9s dentaires, les ambulances, les chambres des patients, les cliniques et les zones g\u00e9n\u00e9rales des h\u00f4pitaux<\/p>\n<p><img decoding=\"async\" class=\"\" src=\"https:\/\/static.tildacdn.com\/tild3633-6232-4634-a138-343734373136\/2_1.svg\" alt=\"Detrox Endo - \u043a\u0443\u043f\u0438\u0442\u044c \u043f\u0440\u043e\u0444\u0435\u0441\u0441\u0438\u043e\u043d\u0430\u043b\u044c\u043d\u044b\u0435 \u0434\u0435\u0437\u0438\u043d\u0444\u0438\u0446\u0438\u0440\u0443\u044e\u0449\u0438\u0435 \u043f\u0440\u0435\u043f\u0430\u0440\u0430\u0442\u044b \u0434\u043b\u044f \u043e\u0431\u0440\u0430\u0431\u043e\u0442\u043a\u0438 \u0438 \u0441\u0442\u0435\u0440\u0438\u043b\u0438\u0437\u0430\u0446\u0438\u0438\" width=\"60\" height=\"60\" \/><\/p>\n<p><a href=\"https:\/\/detrox.com.tr\/en\/label-reading-guide-for-hygiene-and-disinfection-products-what-does-it-mean\/\" target=\"_blank\" rel=\"noopener\"><span dir=\"auto\">Guide de lecture des \u00e9tiquettes des produits d\u2019hygi\u00e8ne et de d\u00e9sinfection : qu\u2019est-ce que cela signifie ?<\/span><\/a><\/p>","protected":false},"excerpt":{"rendered":"<h5>PARAGERME Spray a\u00e9rien Detro<\/h5>\n<h5>Dispositif de d\u00e9sinfection par voie a\u00e9rienne<\/h5>\n<p>Est un appareil de d\u00e9sinfection par voie a\u00e9rienne facile \u00e0 utiliser et facilement transportable. Il assure une d\u00e9sinfection efficace dans de nombreux \u00e9tablissements et services de sant\u00e9. Il peut \u00e9galement \u00eatre utilis\u00e9 dans les \u00e9coles, les h\u00f4tels et les lieux de vie quotidienne o\u00f9 la d\u00e9sinfection est n\u00e9cessaire. L&rsquo;appareil effectue une d\u00e9sinfection de haut niveau par pulv\u00e9risation, sans endommager les objets environnants, sans laisser de r\u00e9sidus ni d&rsquo;humidit\u00e9, de mani\u00e8re \u00e9cologique gr\u00e2ce \u00e0 une solution contenant du peroxyde d&rsquo;hydrog\u00e8ne et de l&rsquo;argent collo\u00efdal<\/p>\n<p><img decoding=\"async\" class=\"\" src=\"https:\/\/static.tildacdn.com\/tild3633-6232-4634-a138-343734373136\/2_1.svg\" alt=\"Detrox Endo - \u043a\u0443\u043f\u0438\u0442\u044c \u043f\u0440\u043e\u0444\u0435\u0441\u0441\u0438\u043e\u043d\u0430\u043b\u044c\u043d\u044b\u0435 \u0434\u0435\u0437\u0438\u043d\u0444\u0438\u0446\u0438\u0440\u0443\u044e\u0449\u0438\u0435 \u043f\u0440\u0435\u043f\u0430\u0440\u0430\u0442\u044b \u0434\u043b\u044f \u043e\u0431\u0440\u0430\u0431\u043e\u0442\u043a\u0438 \u0438 \u0441\u0442\u0435\u0440\u0438\u043b\u0438\u0437\u0430\u0446\u0438\u0438\" width=\"72\" height=\"72\" \/><\/p>\n<p>&nbsp;<\/p>","protected":false},"featured_media":2717,"comment_status":"open","ping_status":"closed","template":"","meta":[],"product_brand":[],"product_cat":[56],"product_tag":[210,211,212],"class_list":{"0":"post-2716","1":"product","2":"type-product","3":"status-publish","4":"has-post-thumbnail","6":"product_cat-sterilisation-hygiene","7":"product_tag-desinfection-par-voie-aerienne","8":"product_tag-paragerme","9":"product_tag-paragerme-desinfection-surfaces-locaux","11":"first","12":"instock","13":"taxable","14":"shipping-taxable","15":"product-type-simple"},"yoast_head":"<!-- This site is optimized with the Yoast SEO plugin v26.9 - https:\/\/yoast.com\/product\/yoast-seo-wordpress\/ -->\n<title>Paragerme Spray a\u00e9rien Detro - YAZMED<\/title>\n<meta name=\"robots\" content=\"index, follow, max-snippet:-1, max-image-preview:large, max-video-preview:-1\" \/>\n<link rel=\"canonical\" href=\"https:\/\/yazmed.ma\/ar\/product\/paragerme-spray-aerien-detro\/\" \/>\n<meta property=\"og:locale\" content=\"ar_AR\" \/>\n<meta property=\"og:type\" content=\"article\" \/>\n<meta property=\"og:title\" content=\"Paragerme Spray a\u00e9rien Detro - YAZMED\" \/>\n<meta property=\"og:description\" content=\"PARAGERME Spray a\u00e9rien Detro Dispositif de d\u00e9sinfection par voie a\u00e9rienne Est un appareil de d\u00e9sinfection par voie a\u00e9rienne facile \u00e0 utiliser et facilement transportable. Il assure une d\u00e9sinfection efficace dans de nombreux \u00e9tablissements et services de sant\u00e9. Il peut \u00e9galement \u00eatre utilis\u00e9 dans les \u00e9coles, les h\u00f4tels et les lieux de vie quotidienne o\u00f9 la d\u00e9sinfection est n\u00e9cessaire. L&#039;appareil effectue une d\u00e9sinfection de haut niveau par pulv\u00e9risation, sans endommager les objets environnants, sans laisser de r\u00e9sidus ni d&#039;humidit\u00e9, de mani\u00e8re \u00e9cologique gr\u00e2ce \u00e0 une solution contenant du peroxyde d&#039;hydrog\u00e8ne et de l&#039;argent collo\u00efdal    &nbsp;\" \/>\n<meta property=\"og:url\" content=\"https:\/\/yazmed.ma\/ar\/product\/paragerme-spray-aerien-detro\/\" \/>\n<meta property=\"og:site_name\" content=\"YAZMED\" \/>\n<meta property=\"article:publisher\" content=\"https:\/\/www.facebook.com\/azenkouky\" \/>\n<meta property=\"article:modified_time\" content=\"2025-10-21T07:47:25+00:00\" \/>\n<meta property=\"og:image\" content=\"https:\/\/yazmed.ma\/wp-content\/uploads\/2025\/09\/Paragerme-detrox.webp\" \/>\n\t<meta property=\"og:image:width\" content=\"570\" \/>\n\t<meta property=\"og:image:height\" content=\"517\" \/>\n\t<meta property=\"og:image:type\" content=\"image\/webp\" \/>\n<meta name=\"twitter:card\" content=\"summary_large_image\" \/>\n<meta name=\"twitter:label1\" content=\"Est. reading time\" \/>\n\t<meta name=\"twitter:data1\" content=\"1 minute\" \/>\n<script type=\"application\/ld+json\" class=\"yoast-schema-graph\">{\"@context\":\"https:\/\/schema.org\",\"@graph\":[{\"@type\":\"WebPage\",\"@id\":\"https:\/\/yazmed.ma\/product\/paragerme-spray-aerien-detro\/\",\"url\":\"https:\/\/yazmed.ma\/product\/paragerme-spray-aerien-detro\/\",\"name\":\"Paragerme Spray a\u00e9rien Detro - YAZMED\",\"isPartOf\":{\"@id\":\"https:\/\/yazmed.ma\/#website\"},\"primaryImageOfPage\":{\"@id\":\"https:\/\/yazmed.ma\/product\/paragerme-spray-aerien-detro\/#primaryimage\"},\"image\":{\"@id\":\"https:\/\/yazmed.ma\/product\/paragerme-spray-aerien-detro\/#primaryimage\"},\"thumbnailUrl\":\"https:\/\/yazmed.ma\/wp-content\/uploads\/2025\/09\/Paragerme-detrox.webp\",\"datePublished\":\"2025-09-12T19:58:12+00:00\",\"dateModified\":\"2025-10-21T07:47:25+00:00\",\"breadcrumb\":{\"@id\":\"https:\/\/yazmed.ma\/product\/paragerme-spray-aerien-detro\/#breadcrumb\"},\"inLanguage\":\"ary\",\"potentialAction\":[{\"@type\":\"ReadAction\",\"target\":[\"https:\/\/yazmed.ma\/product\/paragerme-spray-aerien-detro\/\"]}]},{\"@type\":\"ImageObject\",\"inLanguage\":\"ary\",\"@id\":\"https:\/\/yazmed.ma\/product\/paragerme-spray-aerien-detro\/#primaryimage\",\"url\":\"https:\/\/yazmed.ma\/wp-content\/uploads\/2025\/09\/Paragerme-detrox.webp\",\"contentUrl\":\"https:\/\/yazmed.ma\/wp-content\/uploads\/2025\/09\/Paragerme-detrox.webp\",\"width\":570,\"height\":517,\"caption\":\"Paragerme detrox\"},{\"@type\":\"BreadcrumbList\",\"@id\":\"https:\/\/yazmed.ma\/product\/paragerme-spray-aerien-detro\/#breadcrumb\",\"itemListElement\":[{\"@type\":\"ListItem\",\"position\":1,\"name\":\"Accueil\",\"item\":\"https:\/\/yazmed.ma\/\"},{\"@type\":\"ListItem\",\"position\":2,\"name\":\"Shop\",\"item\":\"https:\/\/yazmed.ma\/shop-2\/\"},{\"@type\":\"ListItem\",\"position\":3,\"name\":\"Paragerme Spray a\u00e9rien Detro\"}]},{\"@type\":\"WebSite\",\"@id\":\"https:\/\/yazmed.ma\/#website\",\"url\":\"https:\/\/yazmed.ma\/\",\"name\":\"Yazmed\",\"description\":\"LEADER DU MAT\u00c9RIEL M\u00c9DICAL AU MAROC\",\"publisher\":{\"@id\":\"https:\/\/yazmed.ma\/#organization\"},\"potentialAction\":[{\"@type\":\"SearchAction\",\"target\":{\"@type\":\"EntryPoint\",\"urlTemplate\":\"https:\/\/yazmed.ma\/?s={search_term_string}\"},\"query-input\":{\"@type\":\"PropertyValueSpecification\",\"valueRequired\":true,\"valueName\":\"search_term_string\"}}],\"inLanguage\":\"ary\"},{\"@type\":\"Organization\",\"@id\":\"https:\/\/yazmed.ma\/#organization\",\"name\":\"Yazmed Healthcare\",\"url\":\"https:\/\/yazmed.ma\/\",\"logo\":{\"@type\":\"ImageObject\",\"inLanguage\":\"ary\",\"@id\":\"https:\/\/yazmed.ma\/#\/schema\/logo\/image\/\",\"url\":\"https:\/\/yazmed.ma\/wp-content\/uploads\/2024\/12\/3.png\",\"contentUrl\":\"https:\/\/yazmed.ma\/wp-content\/uploads\/2024\/12\/3.png\",\"width\":250,\"height\":70,\"caption\":\"Yazmed Healthcare\"},\"image\":{\"@id\":\"https:\/\/yazmed.ma\/#\/schema\/logo\/image\/\"},\"sameAs\":[\"https:\/\/www.facebook.com\/azenkouky\",\"https:\/\/www.instagram.com\/yazmedhealthcare\",\"https:\/\/www.linkedin.com\/in\/yazmed-healthcare-1b4955295\"]}]}<\/script>\n<!-- \/ Yoast SEO plugin. -->","yoast_head_json":{"title":"Paragerme Spray a\u00e9rien Detro - YAZMED","robots":{"index":"index","follow":"follow","max-snippet":"max-snippet:-1","max-image-preview":"max-image-preview:large","max-video-preview":"max-video-preview:-1"},"canonical":"https:\/\/yazmed.ma\/ar\/product\/paragerme-spray-aerien-detro\/","og_locale":"ar_AR","og_type":"article","og_title":"Paragerme Spray a\u00e9rien Detro - YAZMED","og_description":"PARAGERME Spray a\u00e9rien Detro Dispositif de d\u00e9sinfection par voie a\u00e9rienne Est un appareil de d\u00e9sinfection par voie a\u00e9rienne facile \u00e0 utiliser et facilement transportable. Il assure une d\u00e9sinfection efficace dans de nombreux \u00e9tablissements et services de sant\u00e9. Il peut \u00e9galement \u00eatre utilis\u00e9 dans les \u00e9coles, les h\u00f4tels et les lieux de vie quotidienne o\u00f9 la d\u00e9sinfection est n\u00e9cessaire. L'appareil effectue une d\u00e9sinfection de haut niveau par pulv\u00e9risation, sans endommager les objets environnants, sans laisser de r\u00e9sidus ni d'humidit\u00e9, de mani\u00e8re \u00e9cologique gr\u00e2ce \u00e0 une solution contenant du peroxyde d'hydrog\u00e8ne et de l'argent collo\u00efdal    &nbsp;","og_url":"https:\/\/yazmed.ma\/ar\/product\/paragerme-spray-aerien-detro\/","og_site_name":"YAZMED","article_publisher":"https:\/\/www.facebook.com\/azenkouky","article_modified_time":"2025-10-21T07:47:25+00:00","og_image":[{"width":570,"height":517,"url":"https:\/\/yazmed.ma\/wp-content\/uploads\/2025\/09\/Paragerme-detrox.webp","type":"image\/webp"}],"twitter_card":"summary_large_image","twitter_misc":{"Est. reading time":"1 minute"},"schema":{"@context":"https:\/\/schema.org","@graph":[{"@type":"WebPage","@id":"https:\/\/yazmed.ma\/product\/paragerme-spray-aerien-detro\/","url":"https:\/\/yazmed.ma\/product\/paragerme-spray-aerien-detro\/","name":"Paragerme Spray a\u00e9rien Detro - YAZMED","isPartOf":{"@id":"https:\/\/yazmed.ma\/#website"},"primaryImageOfPage":{"@id":"https:\/\/yazmed.ma\/product\/paragerme-spray-aerien-detro\/#primaryimage"},"image":{"@id":"https:\/\/yazmed.ma\/product\/paragerme-spray-aerien-detro\/#primaryimage"},"thumbnailUrl":"https:\/\/yazmed.ma\/wp-content\/uploads\/2025\/09\/Paragerme-detrox.webp","datePublished":"2025-09-12T19:58:12+00:00","dateModified":"2025-10-21T07:47:25+00:00","breadcrumb":{"@id":"https:\/\/yazmed.ma\/product\/paragerme-spray-aerien-detro\/#breadcrumb"},"inLanguage":"ary","potentialAction":[{"@type":"ReadAction","target":["https:\/\/yazmed.ma\/product\/paragerme-spray-aerien-detro\/"]}]},{"@type":"ImageObject","inLanguage":"ary","@id":"https:\/\/yazmed.ma\/product\/paragerme-spray-aerien-detro\/#primaryimage","url":"https:\/\/yazmed.ma\/wp-content\/uploads\/2025\/09\/Paragerme-detrox.webp","contentUrl":"https:\/\/yazmed.ma\/wp-content\/uploads\/2025\/09\/Paragerme-detrox.webp","width":570,"height":517,"caption":"Paragerme detrox"},{"@type":"BreadcrumbList","@id":"https:\/\/yazmed.ma\/product\/paragerme-spray-aerien-detro\/#breadcrumb","itemListElement":[{"@type":"ListItem","position":1,"name":"Accueil","item":"https:\/\/yazmed.ma\/"},{"@type":"ListItem","position":2,"name":"Shop","item":"https:\/\/yazmed.ma\/shop-2\/"},{"@type":"ListItem","position":3,"name":"Paragerme Spray a\u00e9rien Detro"}]},{"@type":"WebSite","@id":"https:\/\/yazmed.ma\/#website","url":"https:\/\/yazmed.ma\/","name":"Yazmed","description":"LEADER DU MAT\u00c9RIEL M\u00c9DICAL AU MAROC","publisher":{"@id":"https:\/\/yazmed.ma\/#organization"},"potentialAction":[{"@type":"SearchAction","target":{"@type":"EntryPoint","urlTemplate":"https:\/\/yazmed.ma\/?s={search_term_string}"},"query-input":{"@type":"PropertyValueSpecification","valueRequired":true,"valueName":"search_term_string"}}],"inLanguage":"ary"},{"@type":"Organization","@id":"https:\/\/yazmed.ma\/#organization","name":"Yazmed Healthcare","url":"https:\/\/yazmed.ma\/","logo":{"@type":"ImageObject","inLanguage":"ary","@id":"https:\/\/yazmed.ma\/#\/schema\/logo\/image\/","url":"https:\/\/yazmed.ma\/wp-content\/uploads\/2024\/12\/3.png","contentUrl":"https:\/\/yazmed.ma\/wp-content\/uploads\/2024\/12\/3.png","width":250,"height":70,"caption":"Yazmed Healthcare"},"image":{"@id":"https:\/\/yazmed.ma\/#\/schema\/logo\/image\/"},"sameAs":["https:\/\/www.facebook.com\/azenkouky","https:\/\/www.instagram.com\/yazmedhealthcare","https:\/\/www.linkedin.com\/in\/yazmed-healthcare-1b4955295"]}]}},"_links":{"self":[{"href":"https:\/\/yazmed.ma\/ar\/wp-json\/wp\/v2\/product\/2716","targetHints":{"allow":["GET"]}}],"collection":[{"href":"https:\/\/yazmed.ma\/ar\/wp-json\/wp\/v2\/product"}],"about":[{"href":"https:\/\/yazmed.ma\/ar\/wp-json\/wp\/v2\/types\/product"}],"replies":[{"embeddable":true,"href":"https:\/\/yazmed.ma\/ar\/wp-json\/wp\/v2\/comments?post=2716"}],"version-history":[{"count":1,"href":"https:\/\/yazmed.ma\/ar\/wp-json\/wp\/v2\/product\/2716\/revisions"}],"predecessor-version":[{"id":2719,"href":"https:\/\/yazmed.ma\/ar\/wp-json\/wp\/v2\/product\/2716\/revisions\/2719"}],"wp:featuredmedia":[{"embeddable":true,"href":"https:\/\/yazmed.ma\/ar\/wp-json\/wp\/v2\/media\/2717"}],"wp:attachment":[{"href":"https:\/\/yazmed.ma\/ar\/wp-json\/wp\/v2\/media?parent=2716"}],"wp:term":[{"taxonomy":"product_brand","embeddable":true,"href":"https:\/\/yazmed.ma\/ar\/wp-json\/wp\/v2\/product_brand?post=2716"},{"taxonomy":"product_cat","embeddable":true,"href":"https:\/\/yazmed.ma\/ar\/wp-json\/wp\/v2\/product_cat?post=2716"},{"taxonomy":"product_tag","embeddable":true,"href":"https:\/\/yazmed.ma\/ar\/wp-json\/wp\/v2\/product_tag?post=2716"}],"curies":[{"name":"wp","href":"https:\/\/api.w.org\/{rel}","templated":true}]}}