{"id":2695,"date":"2025-08-05T14:27:57","date_gmt":"2025-08-05T14:27:57","guid":{"rendered":"https:\/\/yazmed.ma\/?post_type=product&#038;p=2695"},"modified":"2025-12-22T18:47:52","modified_gmt":"2025-12-22T18:47:52","slug":"bracelet-pinces-ecg-4","status":"publish","type":"product","link":"https:\/\/yazmed.ma\/ar\/product\/bracelet-pinces-ecg-4\/","title":{"rendered":"\u00a0BRACELET PINCES ECG 4"},"content":{"rendered":"<p align=\"justify\"><img decoding=\"async\" class=\"emoji\" role=\"img\" draggable=\"false\" src=\"https:\/\/s.w.org\/images\/core\/emoji\/16.0.1\/svg\/2705.svg\" alt=\"\u2705\" \/>\u00a0Caract\u00e9ristiques :<br \/>\n\u2022 En Plastique couleur : Rouge \u2013 Noir \u2013 Vert \u2013 Jaune<br \/>\n\u2022 Jeu de 04 Pinces ECG Universelles R\u00e9utilisables<\/p>\n<p align=\"justify\"><img decoding=\"async\" class=\"\" src=\"https:\/\/metkomedical.com\/images\/logo.png\" width=\"115\" height=\"28\" \/><\/p>\n<p align=\"justify\">","protected":false},"excerpt":{"rendered":"<h4>\u00a0BRACELET PINCES ECG 4<\/h4>\n<p data-start=\"280\" data-end=\"581\">est un accessoire m\u00e9dical indispensable dans les examens\u00a0<a title=\"Diagnostic (m\u00e9decine)\" href=\"https:\/\/fr.wikipedia.org\/wiki\/Diagnostic_(m%C3%A9decine)\">diagnostiques<\/a>\u00a0en\u00a0<a title=\"Cardiologie\" href=\"https:\/\/fr.wikipedia.org\/wiki\/Cardiologie\">cardiologie<\/a> pour la r\u00e9alisation d\u2019\u00e9lectrocardiogrammes fiables et pr\u00e9cis. Con\u00e7u en plastique de haute qualit\u00e9, il assure une\u00a0bonne conductivit\u00e9, un\u00a0maintien s\u00e9curis\u00e9\u00a0des \u00e9lectrodes et un\u00a0confort optimal pour le patient.<\/p>\n<p data-start=\"583\" data-end=\"795\">L\u00e9ger, r\u00e9sistant et facile \u00e0 nettoyer, ce bracelet est compatible avec la majorit\u00e9 des appareils ECG standards. Il convient parfaitement aux\u00a0h\u00f4pitaux,\u00a0cliniques,\u00a0cabinets m\u00e9dicaux\u00a0et\u00a0laboratoires.<\/p>\n<p><img decoding=\"async\" class=\"\" src=\"https:\/\/metkomedical.com\/images\/logo.png\" width=\"115\" height=\"28\" \/><\/p>","protected":false},"featured_media":2696,"comment_status":"open","ping_status":"closed","template":"","meta":[],"product_brand":[],"product_cat":[52],"product_tag":[206],"class_list":{"0":"post-2695","1":"product","2":"type-product","3":"status-publish","4":"has-post-thumbnail","6":"product_cat-consommable-medical","7":"product_tag-pinces-ecg","9":"first","10":"instock","11":"taxable","12":"shipping-taxable","13":"purchasable","14":"product-type-simple"},"yoast_head":"<!-- This site is optimized with the Yoast SEO plugin v26.9 - https:\/\/yoast.com\/product\/yoast-seo-wordpress\/ -->\n<title>\u00a0BRACELET PINCES ECG 4 - YAZMED<\/title>\n<meta name=\"robots\" content=\"index, follow, max-snippet:-1, max-image-preview:large, max-video-preview:-1\" \/>\n<link rel=\"canonical\" href=\"https:\/\/yazmed.ma\/ar\/product\/bracelet-pinces-ecg-4\/\" \/>\n<meta property=\"og:locale\" content=\"ar_AR\" \/>\n<meta property=\"og:type\" content=\"article\" \/>\n<meta property=\"og:title\" content=\"\u00a0BRACELET PINCES ECG 4 - YAZMED\" \/>\n<meta property=\"og:description\" content=\"\u00a0BRACELET PINCES ECG 4 est un accessoire m\u00e9dical indispensable dans les examens\u00a0diagnostiques\u00a0en\u00a0cardiologie pour la r\u00e9alisation d\u2019\u00e9lectrocardiogrammes fiables et pr\u00e9cis. Con\u00e7u en plastique de haute qualit\u00e9, il assure une\u00a0bonne conductivit\u00e9, un\u00a0maintien s\u00e9curis\u00e9\u00a0des \u00e9lectrodes et un\u00a0confort optimal pour le patient. L\u00e9ger, r\u00e9sistant et facile \u00e0 nettoyer, ce bracelet est compatible avec la majorit\u00e9 des appareils ECG standards. Il convient parfaitement aux\u00a0h\u00f4pitaux,\u00a0cliniques,\u00a0cabinets m\u00e9dicaux\u00a0et\u00a0laboratoires.\" \/>\n<meta property=\"og:url\" content=\"https:\/\/yazmed.ma\/ar\/product\/bracelet-pinces-ecg-4\/\" \/>\n<meta property=\"og:site_name\" content=\"YAZMED\" \/>\n<meta property=\"article:publisher\" content=\"https:\/\/www.facebook.com\/azenkouky\" \/>\n<meta property=\"article:modified_time\" content=\"2025-12-22T18:47:52+00:00\" \/>\n<meta property=\"og:image\" content=\"https:\/\/yazmed.ma\/wp-content\/uploads\/2025\/08\/PINCES-ECG.webp\" \/>\n\t<meta property=\"og:image:width\" content=\"570\" \/>\n\t<meta property=\"og:image:height\" content=\"517\" \/>\n\t<meta property=\"og:image:type\" content=\"image\/webp\" \/>\n<meta name=\"twitter:card\" content=\"summary_large_image\" \/>\n<script type=\"application\/ld+json\" class=\"yoast-schema-graph\">{\"@context\":\"https:\/\/schema.org\",\"@graph\":[{\"@type\":\"WebPage\",\"@id\":\"https:\/\/yazmed.ma\/product\/bracelet-pinces-ecg-4\/\",\"url\":\"https:\/\/yazmed.ma\/product\/bracelet-pinces-ecg-4\/\",\"name\":\"\u00a0BRACELET PINCES ECG 4 - YAZMED\",\"isPartOf\":{\"@id\":\"https:\/\/yazmed.ma\/#website\"},\"primaryImageOfPage\":{\"@id\":\"https:\/\/yazmed.ma\/product\/bracelet-pinces-ecg-4\/#primaryimage\"},\"image\":{\"@id\":\"https:\/\/yazmed.ma\/product\/bracelet-pinces-ecg-4\/#primaryimage\"},\"thumbnailUrl\":\"https:\/\/yazmed.ma\/wp-content\/uploads\/2025\/08\/PINCES-ECG.webp\",\"datePublished\":\"2025-08-05T14:27:57+00:00\",\"dateModified\":\"2025-12-22T18:47:52+00:00\",\"breadcrumb\":{\"@id\":\"https:\/\/yazmed.ma\/product\/bracelet-pinces-ecg-4\/#breadcrumb\"},\"inLanguage\":\"ary\",\"potentialAction\":[{\"@type\":\"ReadAction\",\"target\":[\"https:\/\/yazmed.ma\/product\/bracelet-pinces-ecg-4\/\"]}]},{\"@type\":\"ImageObject\",\"inLanguage\":\"ary\",\"@id\":\"https:\/\/yazmed.ma\/product\/bracelet-pinces-ecg-4\/#primaryimage\",\"url\":\"https:\/\/yazmed.ma\/wp-content\/uploads\/2025\/08\/PINCES-ECG.webp\",\"contentUrl\":\"https:\/\/yazmed.ma\/wp-content\/uploads\/2025\/08\/PINCES-ECG.webp\",\"width\":570,\"height\":517,\"caption\":\"PINCES ECG 4 MEMBRES\"},{\"@type\":\"BreadcrumbList\",\"@id\":\"https:\/\/yazmed.ma\/product\/bracelet-pinces-ecg-4\/#breadcrumb\",\"itemListElement\":[{\"@type\":\"ListItem\",\"position\":1,\"name\":\"Accueil\",\"item\":\"https:\/\/yazmed.ma\/\"},{\"@type\":\"ListItem\",\"position\":2,\"name\":\"Shop\",\"item\":\"https:\/\/yazmed.ma\/shop-2\/\"},{\"@type\":\"ListItem\",\"position\":3,\"name\":\"\u00a0BRACELET PINCES ECG 4\"}]},{\"@type\":\"WebSite\",\"@id\":\"https:\/\/yazmed.ma\/#website\",\"url\":\"https:\/\/yazmed.ma\/\",\"name\":\"Yazmed\",\"description\":\"LEADER DU MAT\u00c9RIEL M\u00c9DICAL AU MAROC\",\"publisher\":{\"@id\":\"https:\/\/yazmed.ma\/#organization\"},\"potentialAction\":[{\"@type\":\"SearchAction\",\"target\":{\"@type\":\"EntryPoint\",\"urlTemplate\":\"https:\/\/yazmed.ma\/?s={search_term_string}\"},\"query-input\":{\"@type\":\"PropertyValueSpecification\",\"valueRequired\":true,\"valueName\":\"search_term_string\"}}],\"inLanguage\":\"ary\"},{\"@type\":\"Organization\",\"@id\":\"https:\/\/yazmed.ma\/#organization\",\"name\":\"Yazmed Healthcare\",\"url\":\"https:\/\/yazmed.ma\/\",\"logo\":{\"@type\":\"ImageObject\",\"inLanguage\":\"ary\",\"@id\":\"https:\/\/yazmed.ma\/#\/schema\/logo\/image\/\",\"url\":\"https:\/\/yazmed.ma\/wp-content\/uploads\/2024\/12\/3.png\",\"contentUrl\":\"https:\/\/yazmed.ma\/wp-content\/uploads\/2024\/12\/3.png\",\"width\":250,\"height\":70,\"caption\":\"Yazmed Healthcare\"},\"image\":{\"@id\":\"https:\/\/yazmed.ma\/#\/schema\/logo\/image\/\"},\"sameAs\":[\"https:\/\/www.facebook.com\/azenkouky\",\"https:\/\/www.instagram.com\/yazmedhealthcare\",\"https:\/\/www.linkedin.com\/in\/yazmed-healthcare-1b4955295\"]}]}<\/script>\n<!-- \/ Yoast SEO plugin. -->","yoast_head_json":{"title":"\u00a0BRACELET PINCES ECG 4 - YAZMED","robots":{"index":"index","follow":"follow","max-snippet":"max-snippet:-1","max-image-preview":"max-image-preview:large","max-video-preview":"max-video-preview:-1"},"canonical":"https:\/\/yazmed.ma\/ar\/product\/bracelet-pinces-ecg-4\/","og_locale":"ar_AR","og_type":"article","og_title":"\u00a0BRACELET PINCES ECG 4 - YAZMED","og_description":"\u00a0BRACELET PINCES ECG 4 est un accessoire m\u00e9dical indispensable dans les examens\u00a0diagnostiques\u00a0en\u00a0cardiologie pour la r\u00e9alisation d\u2019\u00e9lectrocardiogrammes fiables et pr\u00e9cis. Con\u00e7u en plastique de haute qualit\u00e9, il assure une\u00a0bonne conductivit\u00e9, un\u00a0maintien s\u00e9curis\u00e9\u00a0des \u00e9lectrodes et un\u00a0confort optimal pour le patient. L\u00e9ger, r\u00e9sistant et facile \u00e0 nettoyer, ce bracelet est compatible avec la majorit\u00e9 des appareils ECG standards. Il convient parfaitement aux\u00a0h\u00f4pitaux,\u00a0cliniques,\u00a0cabinets m\u00e9dicaux\u00a0et\u00a0laboratoires.","og_url":"https:\/\/yazmed.ma\/ar\/product\/bracelet-pinces-ecg-4\/","og_site_name":"YAZMED","article_publisher":"https:\/\/www.facebook.com\/azenkouky","article_modified_time":"2025-12-22T18:47:52+00:00","og_image":[{"width":570,"height":517,"url":"https:\/\/yazmed.ma\/wp-content\/uploads\/2025\/08\/PINCES-ECG.webp","type":"image\/webp"}],"twitter_card":"summary_large_image","schema":{"@context":"https:\/\/schema.org","@graph":[{"@type":"WebPage","@id":"https:\/\/yazmed.ma\/product\/bracelet-pinces-ecg-4\/","url":"https:\/\/yazmed.ma\/product\/bracelet-pinces-ecg-4\/","name":"\u00a0BRACELET PINCES ECG 4 - YAZMED","isPartOf":{"@id":"https:\/\/yazmed.ma\/#website"},"primaryImageOfPage":{"@id":"https:\/\/yazmed.ma\/product\/bracelet-pinces-ecg-4\/#primaryimage"},"image":{"@id":"https:\/\/yazmed.ma\/product\/bracelet-pinces-ecg-4\/#primaryimage"},"thumbnailUrl":"https:\/\/yazmed.ma\/wp-content\/uploads\/2025\/08\/PINCES-ECG.webp","datePublished":"2025-08-05T14:27:57+00:00","dateModified":"2025-12-22T18:47:52+00:00","breadcrumb":{"@id":"https:\/\/yazmed.ma\/product\/bracelet-pinces-ecg-4\/#breadcrumb"},"inLanguage":"ary","potentialAction":[{"@type":"ReadAction","target":["https:\/\/yazmed.ma\/product\/bracelet-pinces-ecg-4\/"]}]},{"@type":"ImageObject","inLanguage":"ary","@id":"https:\/\/yazmed.ma\/product\/bracelet-pinces-ecg-4\/#primaryimage","url":"https:\/\/yazmed.ma\/wp-content\/uploads\/2025\/08\/PINCES-ECG.webp","contentUrl":"https:\/\/yazmed.ma\/wp-content\/uploads\/2025\/08\/PINCES-ECG.webp","width":570,"height":517,"caption":"PINCES ECG 4 MEMBRES"},{"@type":"BreadcrumbList","@id":"https:\/\/yazmed.ma\/product\/bracelet-pinces-ecg-4\/#breadcrumb","itemListElement":[{"@type":"ListItem","position":1,"name":"Accueil","item":"https:\/\/yazmed.ma\/"},{"@type":"ListItem","position":2,"name":"Shop","item":"https:\/\/yazmed.ma\/shop-2\/"},{"@type":"ListItem","position":3,"name":"\u00a0BRACELET PINCES ECG 4"}]},{"@type":"WebSite","@id":"https:\/\/yazmed.ma\/#website","url":"https:\/\/yazmed.ma\/","name":"Yazmed","description":"LEADER DU MAT\u00c9RIEL M\u00c9DICAL AU MAROC","publisher":{"@id":"https:\/\/yazmed.ma\/#organization"},"potentialAction":[{"@type":"SearchAction","target":{"@type":"EntryPoint","urlTemplate":"https:\/\/yazmed.ma\/?s={search_term_string}"},"query-input":{"@type":"PropertyValueSpecification","valueRequired":true,"valueName":"search_term_string"}}],"inLanguage":"ary"},{"@type":"Organization","@id":"https:\/\/yazmed.ma\/#organization","name":"Yazmed Healthcare","url":"https:\/\/yazmed.ma\/","logo":{"@type":"ImageObject","inLanguage":"ary","@id":"https:\/\/yazmed.ma\/#\/schema\/logo\/image\/","url":"https:\/\/yazmed.ma\/wp-content\/uploads\/2024\/12\/3.png","contentUrl":"https:\/\/yazmed.ma\/wp-content\/uploads\/2024\/12\/3.png","width":250,"height":70,"caption":"Yazmed Healthcare"},"image":{"@id":"https:\/\/yazmed.ma\/#\/schema\/logo\/image\/"},"sameAs":["https:\/\/www.facebook.com\/azenkouky","https:\/\/www.instagram.com\/yazmedhealthcare","https:\/\/www.linkedin.com\/in\/yazmed-healthcare-1b4955295"]}]}},"_links":{"self":[{"href":"https:\/\/yazmed.ma\/ar\/wp-json\/wp\/v2\/product\/2695","targetHints":{"allow":["GET"]}}],"collection":[{"href":"https:\/\/yazmed.ma\/ar\/wp-json\/wp\/v2\/product"}],"about":[{"href":"https:\/\/yazmed.ma\/ar\/wp-json\/wp\/v2\/types\/product"}],"replies":[{"embeddable":true,"href":"https:\/\/yazmed.ma\/ar\/wp-json\/wp\/v2\/comments?post=2695"}],"version-history":[{"count":1,"href":"https:\/\/yazmed.ma\/ar\/wp-json\/wp\/v2\/product\/2695\/revisions"}],"predecessor-version":[{"id":3019,"href":"https:\/\/yazmed.ma\/ar\/wp-json\/wp\/v2\/product\/2695\/revisions\/3019"}],"wp:featuredmedia":[{"embeddable":true,"href":"https:\/\/yazmed.ma\/ar\/wp-json\/wp\/v2\/media\/2696"}],"wp:attachment":[{"href":"https:\/\/yazmed.ma\/ar\/wp-json\/wp\/v2\/media?parent=2695"}],"wp:term":[{"taxonomy":"product_brand","embeddable":true,"href":"https:\/\/yazmed.ma\/ar\/wp-json\/wp\/v2\/product_brand?post=2695"},{"taxonomy":"product_cat","embeddable":true,"href":"https:\/\/yazmed.ma\/ar\/wp-json\/wp\/v2\/product_cat?post=2695"},{"taxonomy":"product_tag","embeddable":true,"href":"https:\/\/yazmed.ma\/ar\/wp-json\/wp\/v2\/product_tag?post=2695"}],"curies":[{"name":"wp","href":"https:\/\/api.w.org\/{rel}","templated":true}]}}