{"id":2682,"date":"2025-08-04T18:06:16","date_gmt":"2025-08-04T18:06:16","guid":{"rendered":"https:\/\/yazmed.ma\/?post_type=product&#038;p=2682"},"modified":"2025-12-14T17:41:45","modified_gmt":"2025-12-14T17:41:45","slug":"aniosyme-synergy-5l","status":"publish","type":"product","link":"https:\/\/yazmed.ma\/ar\/product\/aniosyme-synergy-5l\/","title":{"rendered":"ANIOSYME SYNERGY 5L"},"content":{"rendered":"<h4 class=\"\" data-start=\"981\" data-end=\"1020\"><img decoding=\"async\" class=\"emoji\" role=\"img\" draggable=\"false\" src=\"https:\/\/s.w.org\/images\/core\/emoji\/16.0.1\/svg\/2705.svg\" alt=\"\u2705\" \/>Formule puissante \u00e0 5 enzymes<\/h4>\n<ul>\n<li data-start=\"1023\" data-end=\"1080\"><strong data-start=\"1023\" data-end=\"1035\">Prot\u00e9ase<\/strong>\u00a0: d\u00e9gradation des prot\u00e9ines (sang, tissus)<\/li>\n<li data-start=\"1083\" data-end=\"1121\"><strong data-start=\"1083\" data-end=\"1093\">Lipase<\/strong>\u00a0: action sur les graisses<\/li>\n<li data-start=\"1124\" data-end=\"1173\"><strong data-start=\"1124\" data-end=\"1135\">Amylase<\/strong>\u00a0: d\u00e9gradation des glucides (amidon)<\/li>\n<li data-start=\"1176\" data-end=\"1226\"><strong data-start=\"1176\" data-end=\"1189\">Cellulase<\/strong>\u00a0: \u00e9limination des fibres v\u00e9g\u00e9tales<\/li>\n<li data-start=\"1229\" data-end=\"1280\"><strong data-start=\"1229\" data-end=\"1242\">Mannanase<\/strong>\u00a0: action cibl\u00e9e sur certains biofilms<\/li>\n<\/ul>\n<p><img decoding=\"async\" class=\"emoji\" role=\"img\" draggable=\"false\" src=\"https:\/\/s.w.org\/images\/core\/emoji\/16.0.1\/svg\/2705.svg\" alt=\"\u2705\" \/>Utilisation<\/p>\n<ul>\n<li data-start=\"1537\" data-end=\"1592\"><strong data-start=\"1537\" data-end=\"1549\">Dilution<\/strong>\u00a0: 0,5 % (soit 25 ml pour 5 litres d\u2019eau)<\/li>\n<li data-start=\"1595\" data-end=\"1634\"><strong data-start=\"1595\" data-end=\"1619\">Temp\u00e9rature optimale<\/strong>\u00a0: 20 \u00e0 40 \u00b0C<\/li>\n<li data-start=\"1637\" data-end=\"1704\"><strong data-start=\"1637\" data-end=\"1645\">Mode<\/strong>\u00a0: immersion manuelle, bac \u00e0 ultrasons, laveur-d\u00e9sinfecteur<\/li>\n<\/ul>\n<p><img decoding=\"async\" class=\"\" src=\"https:\/\/eclazon.ma\/wp-content\/uploads\/2024\/07\/anios-logo-200x100.jpg\" width=\"106\" height=\"53\" \/><\/p>\n<p>&nbsp;<\/p>","protected":false},"excerpt":{"rendered":"<h4 data-start=\"212\" data-end=\"667\"><strong data-start=\"212\" data-end=\"234\">Aniosyme Synergy 5<\/strong>\u00a0est un\u00a0<strong data-start=\"242\" data-end=\"290\">d\u00e9tergent enzymatique de nouvelle g\u00e9n\u00e9ration<\/strong><\/h4>\n<p class=\"\" data-start=\"212\" data-end=\"667\">ideal pour le nettoyage de l\u2019instrumentation m\u00e9dico-chirurgicale, y compris les dispositifs thermosensibles et l\u2019endoscopie. Sa formule associe <strong data-start=\"435\" data-end=\"464\">5 enzymes compl\u00e9mentaires<\/strong>\u00a0(prot\u00e9ase, lipase, amylase, cellulase et mannanase), assurant une\u00a0<strong data-start=\"531\" data-end=\"562\">action synergique puissante<\/strong>\u00a0pour \u00e9liminer tous les types de souillures organiques : sang, mucosit\u00e9s, graisses, amidons, fibres, etc.<\/p>\n<p class=\"\" data-start=\"669\" data-end=\"939\">Conforme aux normes ISO 15883 et \u00e0 la directive sur les dispositifs m\u00e9dicaux,\u00a0<strong data-start=\"747\" data-end=\"769\">Aniosyme Synergy 5<\/strong>\u00a0offre une\u00a0<strong data-start=\"780\" data-end=\"817\">efficacit\u00e9 optimale d\u00e8s 5 minutes<\/strong>, m\u00eame \u00e0 basse temp\u00e9rature. Il est compatible avec les bacs \u00e0 ultrasons, les laveurs-d\u00e9sinfecteurs et le nettoyage manuel.<\/p>\n<p data-start=\"669\" data-end=\"939\"><img decoding=\"async\" class=\"\" src=\"https:\/\/eclazon.ma\/wp-content\/uploads\/2024\/07\/anios-logo-200x100.jpg\" width=\"106\" height=\"53\" \/><\/p>\n<h5><a class=\"lientep\" href=\"https:\/\/www.distrimed.com\/les-indispensables-anios.php\">guide des produits Anios<\/a><\/h5>","protected":false},"featured_media":2684,"comment_status":"open","ping_status":"closed","template":"","meta":[],"product_brand":[191],"product_cat":[56],"product_tag":[195,194],"class_list":{"0":"post-2682","1":"product","2":"type-product","3":"status-publish","4":"has-post-thumbnail","6":"product_brand-anios","7":"product_cat-sterilisation-hygiene","8":"product_tag-5-enzymes","9":"product_tag-aniosyme","11":"first","12":"instock","13":"sale","14":"taxable","15":"shipping-taxable","16":"purchasable","17":"product-type-simple"},"yoast_head":"<!-- This site is optimized with the Yoast SEO plugin v26.9 - https:\/\/yoast.com\/product\/yoast-seo-wordpress\/ -->\n<title>ANIOSYME SYNERGY 5L - YAZMED<\/title>\n<meta name=\"robots\" content=\"index, follow, max-snippet:-1, max-image-preview:large, max-video-preview:-1\" \/>\n<link rel=\"canonical\" href=\"https:\/\/yazmed.ma\/ar\/product\/aniosyme-synergy-5l\/\" \/>\n<meta property=\"og:locale\" content=\"ar_AR\" \/>\n<meta property=\"og:type\" content=\"article\" \/>\n<meta property=\"og:title\" content=\"ANIOSYME SYNERGY 5L - YAZMED\" \/>\n<meta property=\"og:description\" content=\"Aniosyme Synergy 5\u00a0est un\u00a0d\u00e9tergent enzymatique de nouvelle g\u00e9n\u00e9ration ideal pour le nettoyage de l\u2019instrumentation m\u00e9dico-chirurgicale, y compris les dispositifs thermosensibles et l\u2019endoscopie. Sa formule associe 5 enzymes compl\u00e9mentaires\u00a0(prot\u00e9ase, lipase, amylase, cellulase et mannanase), assurant une\u00a0action synergique puissante\u00a0pour \u00e9liminer tous les types de souillures organiques : sang, mucosit\u00e9s, graisses, amidons, fibres, etc. Conforme aux normes ISO 15883 et \u00e0 la directive sur les dispositifs m\u00e9dicaux,\u00a0Aniosyme Synergy 5\u00a0offre une\u00a0efficacit\u00e9 optimale d\u00e8s 5 minutes, m\u00eame \u00e0 basse temp\u00e9rature. Il est compatible avec les bacs \u00e0 ultrasons, les laveurs-d\u00e9sinfecteurs et le nettoyage manuel.   guide des produits Anios\" \/>\n<meta property=\"og:url\" content=\"https:\/\/yazmed.ma\/ar\/product\/aniosyme-synergy-5l\/\" \/>\n<meta property=\"og:site_name\" content=\"YAZMED\" \/>\n<meta property=\"article:publisher\" content=\"https:\/\/www.facebook.com\/azenkouky\" \/>\n<meta property=\"article:modified_time\" content=\"2025-12-14T17:41:45+00:00\" \/>\n<meta property=\"og:image\" content=\"https:\/\/yazmed.ma\/wp-content\/uploads\/2025\/08\/ANIOSYME-SYNERGY-5.webp\" \/>\n\t<meta property=\"og:image:width\" content=\"570\" \/>\n\t<meta property=\"og:image:height\" content=\"517\" \/>\n\t<meta property=\"og:image:type\" content=\"image\/webp\" \/>\n<meta name=\"twitter:card\" content=\"summary_large_image\" \/>\n<script type=\"application\/ld+json\" class=\"yoast-schema-graph\">{\"@context\":\"https:\/\/schema.org\",\"@graph\":[{\"@type\":\"WebPage\",\"@id\":\"https:\/\/yazmed.ma\/product\/aniosyme-synergy-5l\/\",\"url\":\"https:\/\/yazmed.ma\/product\/aniosyme-synergy-5l\/\",\"name\":\"ANIOSYME SYNERGY 5L - YAZMED\",\"isPartOf\":{\"@id\":\"https:\/\/yazmed.ma\/#website\"},\"primaryImageOfPage\":{\"@id\":\"https:\/\/yazmed.ma\/product\/aniosyme-synergy-5l\/#primaryimage\"},\"image\":{\"@id\":\"https:\/\/yazmed.ma\/product\/aniosyme-synergy-5l\/#primaryimage\"},\"thumbnailUrl\":\"https:\/\/yazmed.ma\/wp-content\/uploads\/2025\/08\/ANIOSYME-SYNERGY-5.webp\",\"datePublished\":\"2025-08-04T18:06:16+00:00\",\"dateModified\":\"2025-12-14T17:41:45+00:00\",\"breadcrumb\":{\"@id\":\"https:\/\/yazmed.ma\/product\/aniosyme-synergy-5l\/#breadcrumb\"},\"inLanguage\":\"ary\",\"potentialAction\":[{\"@type\":\"ReadAction\",\"target\":[\"https:\/\/yazmed.ma\/product\/aniosyme-synergy-5l\/\"]}]},{\"@type\":\"ImageObject\",\"inLanguage\":\"ary\",\"@id\":\"https:\/\/yazmed.ma\/product\/aniosyme-synergy-5l\/#primaryimage\",\"url\":\"https:\/\/yazmed.ma\/wp-content\/uploads\/2025\/08\/ANIOSYME-SYNERGY-5.webp\",\"contentUrl\":\"https:\/\/yazmed.ma\/wp-content\/uploads\/2025\/08\/ANIOSYME-SYNERGY-5.webp\",\"width\":570,\"height\":517,\"caption\":\"ANIOSYME SYNERGY 5\"},{\"@type\":\"BreadcrumbList\",\"@id\":\"https:\/\/yazmed.ma\/product\/aniosyme-synergy-5l\/#breadcrumb\",\"itemListElement\":[{\"@type\":\"ListItem\",\"position\":1,\"name\":\"Accueil\",\"item\":\"https:\/\/yazmed.ma\/\"},{\"@type\":\"ListItem\",\"position\":2,\"name\":\"Shop\",\"item\":\"https:\/\/yazmed.ma\/shop-2\/\"},{\"@type\":\"ListItem\",\"position\":3,\"name\":\"ANIOSYME SYNERGY 5L\"}]},{\"@type\":\"WebSite\",\"@id\":\"https:\/\/yazmed.ma\/#website\",\"url\":\"https:\/\/yazmed.ma\/\",\"name\":\"Yazmed\",\"description\":\"LEADER DU MAT\u00c9RIEL M\u00c9DICAL AU MAROC\",\"publisher\":{\"@id\":\"https:\/\/yazmed.ma\/#organization\"},\"potentialAction\":[{\"@type\":\"SearchAction\",\"target\":{\"@type\":\"EntryPoint\",\"urlTemplate\":\"https:\/\/yazmed.ma\/?s={search_term_string}\"},\"query-input\":{\"@type\":\"PropertyValueSpecification\",\"valueRequired\":true,\"valueName\":\"search_term_string\"}}],\"inLanguage\":\"ary\"},{\"@type\":\"Organization\",\"@id\":\"https:\/\/yazmed.ma\/#organization\",\"name\":\"Yazmed Healthcare\",\"url\":\"https:\/\/yazmed.ma\/\",\"logo\":{\"@type\":\"ImageObject\",\"inLanguage\":\"ary\",\"@id\":\"https:\/\/yazmed.ma\/#\/schema\/logo\/image\/\",\"url\":\"https:\/\/yazmed.ma\/wp-content\/uploads\/2024\/12\/3.png\",\"contentUrl\":\"https:\/\/yazmed.ma\/wp-content\/uploads\/2024\/12\/3.png\",\"width\":250,\"height\":70,\"caption\":\"Yazmed Healthcare\"},\"image\":{\"@id\":\"https:\/\/yazmed.ma\/#\/schema\/logo\/image\/\"},\"sameAs\":[\"https:\/\/www.facebook.com\/azenkouky\",\"https:\/\/www.instagram.com\/yazmedhealthcare\",\"https:\/\/www.linkedin.com\/in\/yazmed-healthcare-1b4955295\"]}]}<\/script>\n<!-- \/ Yoast SEO plugin. -->","yoast_head_json":{"title":"ANIOSYME SYNERGY 5L - YAZMED","robots":{"index":"index","follow":"follow","max-snippet":"max-snippet:-1","max-image-preview":"max-image-preview:large","max-video-preview":"max-video-preview:-1"},"canonical":"https:\/\/yazmed.ma\/ar\/product\/aniosyme-synergy-5l\/","og_locale":"ar_AR","og_type":"article","og_title":"ANIOSYME SYNERGY 5L - YAZMED","og_description":"Aniosyme Synergy 5\u00a0est un\u00a0d\u00e9tergent enzymatique de nouvelle g\u00e9n\u00e9ration ideal pour le nettoyage de l\u2019instrumentation m\u00e9dico-chirurgicale, y compris les dispositifs thermosensibles et l\u2019endoscopie. Sa formule associe 5 enzymes compl\u00e9mentaires\u00a0(prot\u00e9ase, lipase, amylase, cellulase et mannanase), assurant une\u00a0action synergique puissante\u00a0pour \u00e9liminer tous les types de souillures organiques : sang, mucosit\u00e9s, graisses, amidons, fibres, etc. Conforme aux normes ISO 15883 et \u00e0 la directive sur les dispositifs m\u00e9dicaux,\u00a0Aniosyme Synergy 5\u00a0offre une\u00a0efficacit\u00e9 optimale d\u00e8s 5 minutes, m\u00eame \u00e0 basse temp\u00e9rature. Il est compatible avec les bacs \u00e0 ultrasons, les laveurs-d\u00e9sinfecteurs et le nettoyage manuel.   guide des produits Anios","og_url":"https:\/\/yazmed.ma\/ar\/product\/aniosyme-synergy-5l\/","og_site_name":"YAZMED","article_publisher":"https:\/\/www.facebook.com\/azenkouky","article_modified_time":"2025-12-14T17:41:45+00:00","og_image":[{"width":570,"height":517,"url":"https:\/\/yazmed.ma\/wp-content\/uploads\/2025\/08\/ANIOSYME-SYNERGY-5.webp","type":"image\/webp"}],"twitter_card":"summary_large_image","schema":{"@context":"https:\/\/schema.org","@graph":[{"@type":"WebPage","@id":"https:\/\/yazmed.ma\/product\/aniosyme-synergy-5l\/","url":"https:\/\/yazmed.ma\/product\/aniosyme-synergy-5l\/","name":"ANIOSYME SYNERGY 5L - YAZMED","isPartOf":{"@id":"https:\/\/yazmed.ma\/#website"},"primaryImageOfPage":{"@id":"https:\/\/yazmed.ma\/product\/aniosyme-synergy-5l\/#primaryimage"},"image":{"@id":"https:\/\/yazmed.ma\/product\/aniosyme-synergy-5l\/#primaryimage"},"thumbnailUrl":"https:\/\/yazmed.ma\/wp-content\/uploads\/2025\/08\/ANIOSYME-SYNERGY-5.webp","datePublished":"2025-08-04T18:06:16+00:00","dateModified":"2025-12-14T17:41:45+00:00","breadcrumb":{"@id":"https:\/\/yazmed.ma\/product\/aniosyme-synergy-5l\/#breadcrumb"},"inLanguage":"ary","potentialAction":[{"@type":"ReadAction","target":["https:\/\/yazmed.ma\/product\/aniosyme-synergy-5l\/"]}]},{"@type":"ImageObject","inLanguage":"ary","@id":"https:\/\/yazmed.ma\/product\/aniosyme-synergy-5l\/#primaryimage","url":"https:\/\/yazmed.ma\/wp-content\/uploads\/2025\/08\/ANIOSYME-SYNERGY-5.webp","contentUrl":"https:\/\/yazmed.ma\/wp-content\/uploads\/2025\/08\/ANIOSYME-SYNERGY-5.webp","width":570,"height":517,"caption":"ANIOSYME SYNERGY 5"},{"@type":"BreadcrumbList","@id":"https:\/\/yazmed.ma\/product\/aniosyme-synergy-5l\/#breadcrumb","itemListElement":[{"@type":"ListItem","position":1,"name":"Accueil","item":"https:\/\/yazmed.ma\/"},{"@type":"ListItem","position":2,"name":"Shop","item":"https:\/\/yazmed.ma\/shop-2\/"},{"@type":"ListItem","position":3,"name":"ANIOSYME SYNERGY 5L"}]},{"@type":"WebSite","@id":"https:\/\/yazmed.ma\/#website","url":"https:\/\/yazmed.ma\/","name":"Yazmed","description":"LEADER DU MAT\u00c9RIEL M\u00c9DICAL AU MAROC","publisher":{"@id":"https:\/\/yazmed.ma\/#organization"},"potentialAction":[{"@type":"SearchAction","target":{"@type":"EntryPoint","urlTemplate":"https:\/\/yazmed.ma\/?s={search_term_string}"},"query-input":{"@type":"PropertyValueSpecification","valueRequired":true,"valueName":"search_term_string"}}],"inLanguage":"ary"},{"@type":"Organization","@id":"https:\/\/yazmed.ma\/#organization","name":"Yazmed Healthcare","url":"https:\/\/yazmed.ma\/","logo":{"@type":"ImageObject","inLanguage":"ary","@id":"https:\/\/yazmed.ma\/#\/schema\/logo\/image\/","url":"https:\/\/yazmed.ma\/wp-content\/uploads\/2024\/12\/3.png","contentUrl":"https:\/\/yazmed.ma\/wp-content\/uploads\/2024\/12\/3.png","width":250,"height":70,"caption":"Yazmed Healthcare"},"image":{"@id":"https:\/\/yazmed.ma\/#\/schema\/logo\/image\/"},"sameAs":["https:\/\/www.facebook.com\/azenkouky","https:\/\/www.instagram.com\/yazmedhealthcare","https:\/\/www.linkedin.com\/in\/yazmed-healthcare-1b4955295"]}]}},"_links":{"self":[{"href":"https:\/\/yazmed.ma\/ar\/wp-json\/wp\/v2\/product\/2682","targetHints":{"allow":["GET"]}}],"collection":[{"href":"https:\/\/yazmed.ma\/ar\/wp-json\/wp\/v2\/product"}],"about":[{"href":"https:\/\/yazmed.ma\/ar\/wp-json\/wp\/v2\/types\/product"}],"replies":[{"embeddable":true,"href":"https:\/\/yazmed.ma\/ar\/wp-json\/wp\/v2\/comments?post=2682"}],"version-history":[{"count":1,"href":"https:\/\/yazmed.ma\/ar\/wp-json\/wp\/v2\/product\/2682\/revisions"}],"predecessor-version":[{"id":2683,"href":"https:\/\/yazmed.ma\/ar\/wp-json\/wp\/v2\/product\/2682\/revisions\/2683"}],"wp:featuredmedia":[{"embeddable":true,"href":"https:\/\/yazmed.ma\/ar\/wp-json\/wp\/v2\/media\/2684"}],"wp:attachment":[{"href":"https:\/\/yazmed.ma\/ar\/wp-json\/wp\/v2\/media?parent=2682"}],"wp:term":[{"taxonomy":"product_brand","embeddable":true,"href":"https:\/\/yazmed.ma\/ar\/wp-json\/wp\/v2\/product_brand?post=2682"},{"taxonomy":"product_cat","embeddable":true,"href":"https:\/\/yazmed.ma\/ar\/wp-json\/wp\/v2\/product_cat?post=2682"},{"taxonomy":"product_tag","embeddable":true,"href":"https:\/\/yazmed.ma\/ar\/wp-json\/wp\/v2\/product_tag?post=2682"}],"curies":[{"name":"wp","href":"https:\/\/api.w.org\/{rel}","templated":true}]}}