{"id":2677,"date":"2025-08-04T16:39:21","date_gmt":"2025-08-04T16:39:21","guid":{"rendered":"https:\/\/yazmed.ma\/?post_type=product&#038;p=2677"},"modified":"2025-12-17T19:00:10","modified_gmt":"2025-12-17T19:00:10","slug":"autoclave-woson-classe-b-18-23","status":"publish","type":"product","link":"https:\/\/yazmed.ma\/ar\/product\/autoclave-woson-classe-b-18-23\/","title":{"rendered":"Autoclave Woson TANZO Classe B 23"},"content":{"rendered":"<p>&nbsp;<\/p>\n<h3 data-sourcepos=\"27:1-27:62\"><strong> <img decoding=\"async\" class=\"emoji\" role=\"img\" draggable=\"false\" src=\"https:\/\/s.w.org\/images\/core\/emoji\/16.0.1\/svg\/2705.svg\" alt=\"\u2705\" \/>Avantages<\/strong><\/h3>\n<p><strong><img decoding=\"async\" class=\"emoji\" role=\"img\" draggable=\"false\" src=\"https:\/\/s.w.org\/images\/core\/emoji\/16.0.1\/svg\/2705.svg\" alt=\"\u2705\" \/>St\u00e9rilisation efficace et fiable :<\/strong>\u00a0Protection optimale contre les infections et les contaminations.<\/p>\n<p><strong><img decoding=\"async\" class=\"emoji\" role=\"img\" draggable=\"false\" src=\"https:\/\/s.w.org\/images\/core\/emoji\/16.0.1\/svg\/2705.svg\" alt=\"\u2705\" \/>Gain de temps et d\u2019efficacit\u00e9 :<\/strong>\u00a0Cycles de st\u00e9rilisation rapides et automatiques.<\/p>\n<p><strong><img decoding=\"async\" class=\"emoji\" role=\"img\" draggable=\"false\" src=\"https:\/\/s.w.org\/images\/core\/emoji\/16.0.1\/svg\/2705.svg\" alt=\"\u2705\" \/>Facilit\u00e9 d\u2019utilisation :<\/strong>\u00a0Interface intuitive et simple \u00e0 utiliser.<\/p>\n<p><strong><img decoding=\"async\" class=\"emoji\" role=\"img\" draggable=\"false\" src=\"https:\/\/s.w.org\/images\/core\/emoji\/16.0.1\/svg\/2705.svg\" alt=\"\u2705\" \/>Tra\u00e7abilit\u00e9 des cycles :<\/strong>\u00a0Assurance de la qualit\u00e9 et conformit\u00e9 aux normes.<\/p>\n<p><strong><img decoding=\"async\" class=\"emoji\" role=\"img\" draggable=\"false\" src=\"https:\/\/s.w.org\/images\/core\/emoji\/16.0.1\/svg\/2705.svg\" alt=\"\u2705\" \/>S\u00e9curit\u00e9 optimale :<\/strong>\u00a0Plusieurs syst\u00e8mes de s\u00e9curit\u00e9 pour une utilisation sans risque.<\/p>\n<p>&nbsp;<\/p>\n<p>&nbsp;<\/p>","protected":false},"excerpt":{"rendered":"<h5><strong>L\u2019autoclave Woson Classe B<\/strong><\/h5>\n<p>est un appareil de <a title=\"St\u00e9rilisation \u00e0 la vapeur\" href=\"https:\/\/fr.wikipedia.org\/wiki\/St%C3%A9rilisation_%C3%A0_la_vapeur\">st\u00e9rilisation \u00e0 la vapeur<\/a>. de haute performance con\u00e7u pour r\u00e9pondre aux exigences rigoureuses des professionnels de la sant\u00e9. Conforme \u00e0 la norme europ\u00e9enne EN 13060, il garantit une st\u00e9rilisation efficace et s\u00e9curis\u00e9e de vos instruments m\u00e9dicaux, y compris les instruments creux et poreux.<\/p>\n<div id=\"tab-description\" class=\"woocommerce-Tabs-panel woocommerce-Tabs-panel--description panel entry-content wc-tab\" role=\"tabpanel\" aria-labelledby=\"tab-title-description\">\n<p>\u2013 Contr\u00f4le enti\u00e8rement \u00e9lectronique et automatique.<br \/>\n\u2013 Autoclave enti\u00e8rement automatique avec cycles de st\u00e9rilisation programm\u00e9s.<br \/>\n\u2013 Syst\u00e8me de contr\u00f4le de la pression et de la temp\u00e9rature de haute pr\u00e9cision pour des r\u00e9sultats de st\u00e9rilisation parfaits<br \/>\n\u2013 Interface tr\u00e8s facile \u00e0 utiliser pour tout utilisateur.<br \/>\n\u2013 Autoclave disponible de 18 et 23 litres.<\/p>\n<p>&nbsp;<\/p>\n<\/div>","protected":false},"featured_media":2678,"comment_status":"open","ping_status":"closed","template":"","meta":[],"product_brand":[],"product_cat":[56],"product_tag":[190,185],"class_list":{"0":"post-2677","1":"product","2":"type-product","3":"status-publish","4":"has-post-thumbnail","6":"product_cat-sterilisation-hygiene","7":"product_tag-autoclave-23-l","8":"product_tag-autoclave-classe-b","10":"first","11":"instock","12":"taxable","13":"shipping-taxable","14":"purchasable","15":"product-type-simple"},"yoast_head":"<!-- This site is optimized with the Yoast SEO plugin v26.9 - https:\/\/yoast.com\/product\/yoast-seo-wordpress\/ -->\n<title>Autoclave Woson TANZO Classe B 23 - YAZMED<\/title>\n<meta name=\"robots\" content=\"index, follow, max-snippet:-1, max-image-preview:large, max-video-preview:-1\" \/>\n<link rel=\"canonical\" href=\"https:\/\/yazmed.ma\/ar\/product\/autoclave-woson-classe-b-18-23\/\" \/>\n<meta property=\"og:locale\" content=\"ar_AR\" \/>\n<meta property=\"og:type\" content=\"article\" \/>\n<meta property=\"og:title\" content=\"Autoclave Woson TANZO Classe B 23 - YAZMED\" \/>\n<meta property=\"og:description\" content=\"L\u2019autoclave Woson Classe B est un appareil de st\u00e9rilisation \u00e0 la vapeur. de haute performance con\u00e7u pour r\u00e9pondre aux exigences rigoureuses des professionnels de la sant\u00e9. Conforme \u00e0 la norme europ\u00e9enne EN 13060, il garantit une st\u00e9rilisation efficace et s\u00e9curis\u00e9e de vos instruments m\u00e9dicaux, y compris les instruments creux et poreux.   \u2013 Contr\u00f4le enti\u00e8rement \u00e9lectronique et automatique. \u2013 Autoclave enti\u00e8rement automatique avec cycles de st\u00e9rilisation programm\u00e9s. \u2013 Syst\u00e8me de contr\u00f4le de la pression et de la temp\u00e9rature de haute pr\u00e9cision pour des r\u00e9sultats de st\u00e9rilisation parfaits \u2013 Interface tr\u00e8s facile \u00e0 utiliser pour tout utilisateur. \u2013 Autoclave disponible de 18 et 23 litres.  &nbsp;\" \/>\n<meta property=\"og:url\" content=\"https:\/\/yazmed.ma\/ar\/product\/autoclave-woson-classe-b-18-23\/\" \/>\n<meta property=\"og:site_name\" content=\"YAZMED\" \/>\n<meta property=\"article:publisher\" content=\"https:\/\/www.facebook.com\/azenkouky\" \/>\n<meta property=\"article:modified_time\" content=\"2025-12-17T19:00:10+00:00\" \/>\n<meta property=\"og:image\" content=\"https:\/\/yazmed.ma\/wp-content\/uploads\/2025\/08\/AUTOCLAVE-WOSON.webp\" \/>\n\t<meta property=\"og:image:width\" content=\"570\" \/>\n\t<meta property=\"og:image:height\" content=\"517\" \/>\n\t<meta property=\"og:image:type\" content=\"image\/webp\" \/>\n<meta name=\"twitter:card\" content=\"summary_large_image\" \/>\n<script type=\"application\/ld+json\" class=\"yoast-schema-graph\">{\"@context\":\"https:\/\/schema.org\",\"@graph\":[{\"@type\":\"WebPage\",\"@id\":\"https:\/\/yazmed.ma\/product\/autoclave-woson-classe-b-18-23\/\",\"url\":\"https:\/\/yazmed.ma\/product\/autoclave-woson-classe-b-18-23\/\",\"name\":\"Autoclave Woson TANZO Classe B 23 - YAZMED\",\"isPartOf\":{\"@id\":\"https:\/\/yazmed.ma\/#website\"},\"primaryImageOfPage\":{\"@id\":\"https:\/\/yazmed.ma\/product\/autoclave-woson-classe-b-18-23\/#primaryimage\"},\"image\":{\"@id\":\"https:\/\/yazmed.ma\/product\/autoclave-woson-classe-b-18-23\/#primaryimage\"},\"thumbnailUrl\":\"https:\/\/yazmed.ma\/wp-content\/uploads\/2025\/08\/AUTOCLAVE-WOSON.webp\",\"datePublished\":\"2025-08-04T16:39:21+00:00\",\"dateModified\":\"2025-12-17T19:00:10+00:00\",\"breadcrumb\":{\"@id\":\"https:\/\/yazmed.ma\/product\/autoclave-woson-classe-b-18-23\/#breadcrumb\"},\"inLanguage\":\"ary\",\"potentialAction\":[{\"@type\":\"ReadAction\",\"target\":[\"https:\/\/yazmed.ma\/product\/autoclave-woson-classe-b-18-23\/\"]}]},{\"@type\":\"ImageObject\",\"inLanguage\":\"ary\",\"@id\":\"https:\/\/yazmed.ma\/product\/autoclave-woson-classe-b-18-23\/#primaryimage\",\"url\":\"https:\/\/yazmed.ma\/wp-content\/uploads\/2025\/08\/AUTOCLAVE-WOSON.webp\",\"contentUrl\":\"https:\/\/yazmed.ma\/wp-content\/uploads\/2025\/08\/AUTOCLAVE-WOSON.webp\",\"width\":570,\"height\":517,\"caption\":\"AUTOCLAVE DE STERILISATION WOSON\"},{\"@type\":\"BreadcrumbList\",\"@id\":\"https:\/\/yazmed.ma\/product\/autoclave-woson-classe-b-18-23\/#breadcrumb\",\"itemListElement\":[{\"@type\":\"ListItem\",\"position\":1,\"name\":\"Accueil\",\"item\":\"https:\/\/yazmed.ma\/\"},{\"@type\":\"ListItem\",\"position\":2,\"name\":\"Shop\",\"item\":\"https:\/\/yazmed.ma\/shop-2\/\"},{\"@type\":\"ListItem\",\"position\":3,\"name\":\"Autoclave Woson TANZO Classe B 23\"}]},{\"@type\":\"WebSite\",\"@id\":\"https:\/\/yazmed.ma\/#website\",\"url\":\"https:\/\/yazmed.ma\/\",\"name\":\"Yazmed\",\"description\":\"LEADER DU MAT\u00c9RIEL M\u00c9DICAL AU MAROC\",\"publisher\":{\"@id\":\"https:\/\/yazmed.ma\/#organization\"},\"potentialAction\":[{\"@type\":\"SearchAction\",\"target\":{\"@type\":\"EntryPoint\",\"urlTemplate\":\"https:\/\/yazmed.ma\/?s={search_term_string}\"},\"query-input\":{\"@type\":\"PropertyValueSpecification\",\"valueRequired\":true,\"valueName\":\"search_term_string\"}}],\"inLanguage\":\"ary\"},{\"@type\":\"Organization\",\"@id\":\"https:\/\/yazmed.ma\/#organization\",\"name\":\"Yazmed Healthcare\",\"url\":\"https:\/\/yazmed.ma\/\",\"logo\":{\"@type\":\"ImageObject\",\"inLanguage\":\"ary\",\"@id\":\"https:\/\/yazmed.ma\/#\/schema\/logo\/image\/\",\"url\":\"https:\/\/yazmed.ma\/wp-content\/uploads\/2024\/12\/3.png\",\"contentUrl\":\"https:\/\/yazmed.ma\/wp-content\/uploads\/2024\/12\/3.png\",\"width\":250,\"height\":70,\"caption\":\"Yazmed Healthcare\"},\"image\":{\"@id\":\"https:\/\/yazmed.ma\/#\/schema\/logo\/image\/\"},\"sameAs\":[\"https:\/\/www.facebook.com\/azenkouky\",\"https:\/\/www.instagram.com\/yazmedhealthcare\",\"https:\/\/www.linkedin.com\/in\/yazmed-healthcare-1b4955295\"]}]}<\/script>\n<!-- \/ Yoast SEO plugin. -->","yoast_head_json":{"title":"Autoclave Woson TANZO Classe B 23 - YAZMED","robots":{"index":"index","follow":"follow","max-snippet":"max-snippet:-1","max-image-preview":"max-image-preview:large","max-video-preview":"max-video-preview:-1"},"canonical":"https:\/\/yazmed.ma\/ar\/product\/autoclave-woson-classe-b-18-23\/","og_locale":"ar_AR","og_type":"article","og_title":"Autoclave Woson TANZO Classe B 23 - YAZMED","og_description":"L\u2019autoclave Woson Classe B est un appareil de st\u00e9rilisation \u00e0 la vapeur. de haute performance con\u00e7u pour r\u00e9pondre aux exigences rigoureuses des professionnels de la sant\u00e9. Conforme \u00e0 la norme europ\u00e9enne EN 13060, il garantit une st\u00e9rilisation efficace et s\u00e9curis\u00e9e de vos instruments m\u00e9dicaux, y compris les instruments creux et poreux.   \u2013 Contr\u00f4le enti\u00e8rement \u00e9lectronique et automatique. \u2013 Autoclave enti\u00e8rement automatique avec cycles de st\u00e9rilisation programm\u00e9s. \u2013 Syst\u00e8me de contr\u00f4le de la pression et de la temp\u00e9rature de haute pr\u00e9cision pour des r\u00e9sultats de st\u00e9rilisation parfaits \u2013 Interface tr\u00e8s facile \u00e0 utiliser pour tout utilisateur. \u2013 Autoclave disponible de 18 et 23 litres.  &nbsp;","og_url":"https:\/\/yazmed.ma\/ar\/product\/autoclave-woson-classe-b-18-23\/","og_site_name":"YAZMED","article_publisher":"https:\/\/www.facebook.com\/azenkouky","article_modified_time":"2025-12-17T19:00:10+00:00","og_image":[{"width":570,"height":517,"url":"https:\/\/yazmed.ma\/wp-content\/uploads\/2025\/08\/AUTOCLAVE-WOSON.webp","type":"image\/webp"}],"twitter_card":"summary_large_image","schema":{"@context":"https:\/\/schema.org","@graph":[{"@type":"WebPage","@id":"https:\/\/yazmed.ma\/product\/autoclave-woson-classe-b-18-23\/","url":"https:\/\/yazmed.ma\/product\/autoclave-woson-classe-b-18-23\/","name":"Autoclave Woson TANZO Classe B 23 - YAZMED","isPartOf":{"@id":"https:\/\/yazmed.ma\/#website"},"primaryImageOfPage":{"@id":"https:\/\/yazmed.ma\/product\/autoclave-woson-classe-b-18-23\/#primaryimage"},"image":{"@id":"https:\/\/yazmed.ma\/product\/autoclave-woson-classe-b-18-23\/#primaryimage"},"thumbnailUrl":"https:\/\/yazmed.ma\/wp-content\/uploads\/2025\/08\/AUTOCLAVE-WOSON.webp","datePublished":"2025-08-04T16:39:21+00:00","dateModified":"2025-12-17T19:00:10+00:00","breadcrumb":{"@id":"https:\/\/yazmed.ma\/product\/autoclave-woson-classe-b-18-23\/#breadcrumb"},"inLanguage":"ary","potentialAction":[{"@type":"ReadAction","target":["https:\/\/yazmed.ma\/product\/autoclave-woson-classe-b-18-23\/"]}]},{"@type":"ImageObject","inLanguage":"ary","@id":"https:\/\/yazmed.ma\/product\/autoclave-woson-classe-b-18-23\/#primaryimage","url":"https:\/\/yazmed.ma\/wp-content\/uploads\/2025\/08\/AUTOCLAVE-WOSON.webp","contentUrl":"https:\/\/yazmed.ma\/wp-content\/uploads\/2025\/08\/AUTOCLAVE-WOSON.webp","width":570,"height":517,"caption":"AUTOCLAVE DE STERILISATION WOSON"},{"@type":"BreadcrumbList","@id":"https:\/\/yazmed.ma\/product\/autoclave-woson-classe-b-18-23\/#breadcrumb","itemListElement":[{"@type":"ListItem","position":1,"name":"Accueil","item":"https:\/\/yazmed.ma\/"},{"@type":"ListItem","position":2,"name":"Shop","item":"https:\/\/yazmed.ma\/shop-2\/"},{"@type":"ListItem","position":3,"name":"Autoclave Woson TANZO Classe B 23"}]},{"@type":"WebSite","@id":"https:\/\/yazmed.ma\/#website","url":"https:\/\/yazmed.ma\/","name":"Yazmed","description":"LEADER DU MAT\u00c9RIEL M\u00c9DICAL AU MAROC","publisher":{"@id":"https:\/\/yazmed.ma\/#organization"},"potentialAction":[{"@type":"SearchAction","target":{"@type":"EntryPoint","urlTemplate":"https:\/\/yazmed.ma\/?s={search_term_string}"},"query-input":{"@type":"PropertyValueSpecification","valueRequired":true,"valueName":"search_term_string"}}],"inLanguage":"ary"},{"@type":"Organization","@id":"https:\/\/yazmed.ma\/#organization","name":"Yazmed Healthcare","url":"https:\/\/yazmed.ma\/","logo":{"@type":"ImageObject","inLanguage":"ary","@id":"https:\/\/yazmed.ma\/#\/schema\/logo\/image\/","url":"https:\/\/yazmed.ma\/wp-content\/uploads\/2024\/12\/3.png","contentUrl":"https:\/\/yazmed.ma\/wp-content\/uploads\/2024\/12\/3.png","width":250,"height":70,"caption":"Yazmed Healthcare"},"image":{"@id":"https:\/\/yazmed.ma\/#\/schema\/logo\/image\/"},"sameAs":["https:\/\/www.facebook.com\/azenkouky","https:\/\/www.instagram.com\/yazmedhealthcare","https:\/\/www.linkedin.com\/in\/yazmed-healthcare-1b4955295"]}]}},"_links":{"self":[{"href":"https:\/\/yazmed.ma\/ar\/wp-json\/wp\/v2\/product\/2677","targetHints":{"allow":["GET"]}}],"collection":[{"href":"https:\/\/yazmed.ma\/ar\/wp-json\/wp\/v2\/product"}],"about":[{"href":"https:\/\/yazmed.ma\/ar\/wp-json\/wp\/v2\/types\/product"}],"replies":[{"embeddable":true,"href":"https:\/\/yazmed.ma\/ar\/wp-json\/wp\/v2\/comments?post=2677"}],"version-history":[{"count":1,"href":"https:\/\/yazmed.ma\/ar\/wp-json\/wp\/v2\/product\/2677\/revisions"}],"predecessor-version":[{"id":2798,"href":"https:\/\/yazmed.ma\/ar\/wp-json\/wp\/v2\/product\/2677\/revisions\/2798"}],"wp:featuredmedia":[{"embeddable":true,"href":"https:\/\/yazmed.ma\/ar\/wp-json\/wp\/v2\/media\/2678"}],"wp:attachment":[{"href":"https:\/\/yazmed.ma\/ar\/wp-json\/wp\/v2\/media?parent=2677"}],"wp:term":[{"taxonomy":"product_brand","embeddable":true,"href":"https:\/\/yazmed.ma\/ar\/wp-json\/wp\/v2\/product_brand?post=2677"},{"taxonomy":"product_cat","embeddable":true,"href":"https:\/\/yazmed.ma\/ar\/wp-json\/wp\/v2\/product_cat?post=2677"},{"taxonomy":"product_tag","embeddable":true,"href":"https:\/\/yazmed.ma\/ar\/wp-json\/wp\/v2\/product_tag?post=2677"}],"curies":[{"name":"wp","href":"https:\/\/api.w.org\/{rel}","templated":true}]}}