{"id":2664,"date":"2025-07-28T20:10:55","date_gmt":"2025-07-28T20:10:55","guid":{"rendered":"https:\/\/yazmed.ma\/?post_type=product&#038;p=2664"},"modified":"2025-09-18T15:15:45","modified_gmt":"2025-09-18T15:15:45","slug":"pince-a-biopsie-gynecologique-douay-28-cm","status":"publish","type":"product","link":"https:\/\/yazmed.ma\/ar\/product\/pince-a-biopsie-gynecologique-douay-28-cm\/","title":{"rendered":"Pince \u00e0 Biopsie gyn\u00e9cologique Douay 28 cm"},"content":{"rendered":"<p><b><u>Caract\u00e9ristiques techniques :<\/u><\/b><br \/>\n\u2013 Instrumentation de gyn\u00e9cologie<br \/>\n\u2013 Pince \u00e0 biopsie type Douay<br \/>\n\u2013 Pour pr\u00e9l\u00e8vement gyn\u00e9cologique<br \/>\n\u2013 En acier inoxydable<br \/>\n\u2013 Garantie 2 ans.<\/p>","protected":false},"excerpt":{"rendered":"<h5>\u00a0Pince \u00e0 biopsie autoclavable, con\u00e7ue pour offrir une pr\u00e9cision exceptionnelle et une durabilit\u00e9 accrue. Parfaitement adapt\u00e9e aux environnements m\u00e9dicaux, cette pince r\u00e9utilisable est id\u00e9ale pour des proc\u00e9dures efficaces et fiables.<\/h5>\n<h4><strong>Caract\u00e9ristiques Principales :<\/strong><\/h4>\n<ul>\n<li><strong>Longueur<\/strong>\u00a0: 28 cm \u2013 Id\u00e9ale pour une utilisation en profondeur tout en maintenant une maniabilit\u00e9 optimale.<\/li>\n<li><strong>Conception R\u00e9utilisable<\/strong>\u00a0: Fabriqu\u00e9e pour \u00eatre autoclav\u00e9e, garantissant une st\u00e9rilit\u00e9 maximale et une longue dur\u00e9e de vie pour des utilisations r\u00e9p\u00e9t\u00e9es.<\/li>\n<li><strong>Pince Coupante avec Mors Ouvrant<\/strong>\u00a0: \u00c9quip\u00e9e de mors tranchants qui s\u2019ouvrent pour une coupe nette et pr\u00e9cise, facilitant la collecte d&rsquo;\u00e9chantillons de haute qualit\u00e9.<\/li>\n<\/ul>\n<h4><strong>Avantages :<\/strong><\/h4>\n<ul>\n<li><strong>Durabilit\u00e9<\/strong>\u00a0: Con\u00e7ue pour r\u00e9sister \u00e0 plusieurs cycles de st\u00e9rilisation en autoclave, r\u00e9duisant les co\u00fbts de remplacement et augmentant la rentabilit\u00e9.<\/li>\n<li><strong>Pr\u00e9cision<\/strong>\u00a0: Les mors ouvrants permettent une coupe pr\u00e9cise et contr\u00f4l\u00e9e, essentielle pour des biopsies de qualit\u00e9.<\/li>\n<li><strong>Confort et Maniabilit\u00e9<\/strong>\u00a0: La longueur de 28 cm assure un acc\u00e8s facile aux zones difficiles tout en offrant un contr\u00f4le optimal pendant l&rsquo;utilisation.<\/li>\n<\/ul>","protected":false},"featured_media":2665,"comment_status":"open","ping_status":"closed","template":"","meta":[],"product_brand":[],"product_cat":[53],"product_tag":[172,171,173],"class_list":{"0":"post-2664","1":"product","2":"type-product","3":"status-publish","4":"has-post-thumbnail","6":"product_cat-instrumentation-sutures","7":"product_tag-inox-reutilisable","8":"product_tag-pince-a-biopsie-gynecologique-de-douay","9":"product_tag-sterilisable","11":"first","12":"instock","13":"sale","14":"taxable","15":"shipping-taxable","16":"purchasable","17":"product-type-simple"},"yoast_head":"<!-- This site is optimized with the Yoast SEO plugin v26.9 - https:\/\/yoast.com\/product\/yoast-seo-wordpress\/ -->\n<title>Pince \u00e0 Biopsie gyn\u00e9cologique Douay 28 cm - YAZMED<\/title>\n<meta name=\"robots\" content=\"index, follow, max-snippet:-1, max-image-preview:large, max-video-preview:-1\" \/>\n<link rel=\"canonical\" href=\"https:\/\/yazmed.ma\/ar\/product\/pince-a-biopsie-gynecologique-douay-28-cm\/\" \/>\n<meta property=\"og:locale\" content=\"ar_AR\" \/>\n<meta property=\"og:type\" content=\"article\" \/>\n<meta property=\"og:title\" content=\"Pince \u00e0 Biopsie gyn\u00e9cologique Douay 28 cm - YAZMED\" \/>\n<meta property=\"og:description\" content=\"\u00a0Pince \u00e0 biopsie autoclavable, con\u00e7ue pour offrir une pr\u00e9cision exceptionnelle et une durabilit\u00e9 accrue. Parfaitement adapt\u00e9e aux environnements m\u00e9dicaux, cette pince r\u00e9utilisable est id\u00e9ale pour des proc\u00e9dures efficaces et fiables. Caract\u00e9ristiques Principales :   Longueur\u00a0: 28 cm \u2013 Id\u00e9ale pour une utilisation en profondeur tout en maintenant une maniabilit\u00e9 optimale.  Conception R\u00e9utilisable\u00a0: Fabriqu\u00e9e pour \u00eatre autoclav\u00e9e, garantissant une st\u00e9rilit\u00e9 maximale et une longue dur\u00e9e de vie pour des utilisations r\u00e9p\u00e9t\u00e9es.  Pince Coupante avec Mors Ouvrant\u00a0: \u00c9quip\u00e9e de mors tranchants qui s\u2019ouvrent pour une coupe nette et pr\u00e9cise, facilitant la collecte d&#039;\u00e9chantillons de haute qualit\u00e9.  Avantages :   Durabilit\u00e9\u00a0: Con\u00e7ue pour r\u00e9sister \u00e0 plusieurs cycles de st\u00e9rilisation en autoclave, r\u00e9duisant les co\u00fbts de remplacement et augmentant la rentabilit\u00e9.  Pr\u00e9cision\u00a0: Les mors ouvrants permettent une coupe pr\u00e9cise et contr\u00f4l\u00e9e, essentielle pour des biopsies de qualit\u00e9.  Confort et Maniabilit\u00e9\u00a0: La longueur de 28 cm assure un acc\u00e8s facile aux zones difficiles tout en offrant un contr\u00f4le optimal pendant l&#039;utilisation.\" \/>\n<meta property=\"og:url\" content=\"https:\/\/yazmed.ma\/ar\/product\/pince-a-biopsie-gynecologique-douay-28-cm\/\" \/>\n<meta property=\"og:site_name\" content=\"YAZMED\" \/>\n<meta property=\"article:publisher\" content=\"https:\/\/www.facebook.com\/azenkouky\" \/>\n<meta property=\"article:modified_time\" content=\"2025-09-18T15:15:45+00:00\" \/>\n<meta property=\"og:image\" content=\"https:\/\/yazmed.ma\/wp-content\/uploads\/2025\/07\/pince-a-biopsie.webp\" \/>\n\t<meta property=\"og:image:width\" content=\"570\" \/>\n\t<meta property=\"og:image:height\" content=\"517\" \/>\n\t<meta property=\"og:image:type\" content=\"image\/webp\" \/>\n<meta name=\"twitter:card\" content=\"summary_large_image\" \/>\n<script type=\"application\/ld+json\" class=\"yoast-schema-graph\">{\"@context\":\"https:\/\/schema.org\",\"@graph\":[{\"@type\":\"WebPage\",\"@id\":\"https:\/\/yazmed.ma\/product\/pince-a-biopsie-gynecologique-douay-28-cm\/\",\"url\":\"https:\/\/yazmed.ma\/product\/pince-a-biopsie-gynecologique-douay-28-cm\/\",\"name\":\"Pince \u00e0 Biopsie gyn\u00e9cologique Douay 28 cm - YAZMED\",\"isPartOf\":{\"@id\":\"https:\/\/yazmed.ma\/#website\"},\"primaryImageOfPage\":{\"@id\":\"https:\/\/yazmed.ma\/product\/pince-a-biopsie-gynecologique-douay-28-cm\/#primaryimage\"},\"image\":{\"@id\":\"https:\/\/yazmed.ma\/product\/pince-a-biopsie-gynecologique-douay-28-cm\/#primaryimage\"},\"thumbnailUrl\":\"https:\/\/yazmed.ma\/wp-content\/uploads\/2025\/07\/pince-a-biopsie.webp\",\"datePublished\":\"2025-07-28T20:10:55+00:00\",\"dateModified\":\"2025-09-18T15:15:45+00:00\",\"breadcrumb\":{\"@id\":\"https:\/\/yazmed.ma\/product\/pince-a-biopsie-gynecologique-douay-28-cm\/#breadcrumb\"},\"inLanguage\":\"ary\",\"potentialAction\":[{\"@type\":\"ReadAction\",\"target\":[\"https:\/\/yazmed.ma\/product\/pince-a-biopsie-gynecologique-douay-28-cm\/\"]}]},{\"@type\":\"ImageObject\",\"inLanguage\":\"ary\",\"@id\":\"https:\/\/yazmed.ma\/product\/pince-a-biopsie-gynecologique-douay-28-cm\/#primaryimage\",\"url\":\"https:\/\/yazmed.ma\/wp-content\/uploads\/2025\/07\/pince-a-biopsie.webp\",\"contentUrl\":\"https:\/\/yazmed.ma\/wp-content\/uploads\/2025\/07\/pince-a-biopsie.webp\",\"width\":570,\"height\":517,\"caption\":\"Pince \u00e0 biopsie de Douay\"},{\"@type\":\"BreadcrumbList\",\"@id\":\"https:\/\/yazmed.ma\/product\/pince-a-biopsie-gynecologique-douay-28-cm\/#breadcrumb\",\"itemListElement\":[{\"@type\":\"ListItem\",\"position\":1,\"name\":\"Accueil\",\"item\":\"https:\/\/yazmed.ma\/\"},{\"@type\":\"ListItem\",\"position\":2,\"name\":\"Shop\",\"item\":\"https:\/\/yazmed.ma\/shop-2\/\"},{\"@type\":\"ListItem\",\"position\":3,\"name\":\"Pince \u00e0 Biopsie gyn\u00e9cologique Douay 28 cm\"}]},{\"@type\":\"WebSite\",\"@id\":\"https:\/\/yazmed.ma\/#website\",\"url\":\"https:\/\/yazmed.ma\/\",\"name\":\"Yazmed\",\"description\":\"LEADER DU MAT\u00c9RIEL M\u00c9DICAL AU MAROC\",\"publisher\":{\"@id\":\"https:\/\/yazmed.ma\/#organization\"},\"potentialAction\":[{\"@type\":\"SearchAction\",\"target\":{\"@type\":\"EntryPoint\",\"urlTemplate\":\"https:\/\/yazmed.ma\/?s={search_term_string}\"},\"query-input\":{\"@type\":\"PropertyValueSpecification\",\"valueRequired\":true,\"valueName\":\"search_term_string\"}}],\"inLanguage\":\"ary\"},{\"@type\":\"Organization\",\"@id\":\"https:\/\/yazmed.ma\/#organization\",\"name\":\"Yazmed Healthcare\",\"url\":\"https:\/\/yazmed.ma\/\",\"logo\":{\"@type\":\"ImageObject\",\"inLanguage\":\"ary\",\"@id\":\"https:\/\/yazmed.ma\/#\/schema\/logo\/image\/\",\"url\":\"https:\/\/yazmed.ma\/wp-content\/uploads\/2024\/12\/3.png\",\"contentUrl\":\"https:\/\/yazmed.ma\/wp-content\/uploads\/2024\/12\/3.png\",\"width\":250,\"height\":70,\"caption\":\"Yazmed Healthcare\"},\"image\":{\"@id\":\"https:\/\/yazmed.ma\/#\/schema\/logo\/image\/\"},\"sameAs\":[\"https:\/\/www.facebook.com\/azenkouky\",\"https:\/\/www.instagram.com\/yazmedhealthcare\",\"https:\/\/www.linkedin.com\/in\/yazmed-healthcare-1b4955295\"]}]}<\/script>\n<!-- \/ Yoast SEO plugin. -->","yoast_head_json":{"title":"Pince \u00e0 Biopsie gyn\u00e9cologique Douay 28 cm - YAZMED","robots":{"index":"index","follow":"follow","max-snippet":"max-snippet:-1","max-image-preview":"max-image-preview:large","max-video-preview":"max-video-preview:-1"},"canonical":"https:\/\/yazmed.ma\/ar\/product\/pince-a-biopsie-gynecologique-douay-28-cm\/","og_locale":"ar_AR","og_type":"article","og_title":"Pince \u00e0 Biopsie gyn\u00e9cologique Douay 28 cm - YAZMED","og_description":"\u00a0Pince \u00e0 biopsie autoclavable, con\u00e7ue pour offrir une pr\u00e9cision exceptionnelle et une durabilit\u00e9 accrue. Parfaitement adapt\u00e9e aux environnements m\u00e9dicaux, cette pince r\u00e9utilisable est id\u00e9ale pour des proc\u00e9dures efficaces et fiables. Caract\u00e9ristiques Principales :   Longueur\u00a0: 28 cm \u2013 Id\u00e9ale pour une utilisation en profondeur tout en maintenant une maniabilit\u00e9 optimale.  Conception R\u00e9utilisable\u00a0: Fabriqu\u00e9e pour \u00eatre autoclav\u00e9e, garantissant une st\u00e9rilit\u00e9 maximale et une longue dur\u00e9e de vie pour des utilisations r\u00e9p\u00e9t\u00e9es.  Pince Coupante avec Mors Ouvrant\u00a0: \u00c9quip\u00e9e de mors tranchants qui s\u2019ouvrent pour une coupe nette et pr\u00e9cise, facilitant la collecte d'\u00e9chantillons de haute qualit\u00e9.  Avantages :   Durabilit\u00e9\u00a0: Con\u00e7ue pour r\u00e9sister \u00e0 plusieurs cycles de st\u00e9rilisation en autoclave, r\u00e9duisant les co\u00fbts de remplacement et augmentant la rentabilit\u00e9.  Pr\u00e9cision\u00a0: Les mors ouvrants permettent une coupe pr\u00e9cise et contr\u00f4l\u00e9e, essentielle pour des biopsies de qualit\u00e9.  Confort et Maniabilit\u00e9\u00a0: La longueur de 28 cm assure un acc\u00e8s facile aux zones difficiles tout en offrant un contr\u00f4le optimal pendant l'utilisation.","og_url":"https:\/\/yazmed.ma\/ar\/product\/pince-a-biopsie-gynecologique-douay-28-cm\/","og_site_name":"YAZMED","article_publisher":"https:\/\/www.facebook.com\/azenkouky","article_modified_time":"2025-09-18T15:15:45+00:00","og_image":[{"width":570,"height":517,"url":"https:\/\/yazmed.ma\/wp-content\/uploads\/2025\/07\/pince-a-biopsie.webp","type":"image\/webp"}],"twitter_card":"summary_large_image","schema":{"@context":"https:\/\/schema.org","@graph":[{"@type":"WebPage","@id":"https:\/\/yazmed.ma\/product\/pince-a-biopsie-gynecologique-douay-28-cm\/","url":"https:\/\/yazmed.ma\/product\/pince-a-biopsie-gynecologique-douay-28-cm\/","name":"Pince \u00e0 Biopsie gyn\u00e9cologique Douay 28 cm - YAZMED","isPartOf":{"@id":"https:\/\/yazmed.ma\/#website"},"primaryImageOfPage":{"@id":"https:\/\/yazmed.ma\/product\/pince-a-biopsie-gynecologique-douay-28-cm\/#primaryimage"},"image":{"@id":"https:\/\/yazmed.ma\/product\/pince-a-biopsie-gynecologique-douay-28-cm\/#primaryimage"},"thumbnailUrl":"https:\/\/yazmed.ma\/wp-content\/uploads\/2025\/07\/pince-a-biopsie.webp","datePublished":"2025-07-28T20:10:55+00:00","dateModified":"2025-09-18T15:15:45+00:00","breadcrumb":{"@id":"https:\/\/yazmed.ma\/product\/pince-a-biopsie-gynecologique-douay-28-cm\/#breadcrumb"},"inLanguage":"ary","potentialAction":[{"@type":"ReadAction","target":["https:\/\/yazmed.ma\/product\/pince-a-biopsie-gynecologique-douay-28-cm\/"]}]},{"@type":"ImageObject","inLanguage":"ary","@id":"https:\/\/yazmed.ma\/product\/pince-a-biopsie-gynecologique-douay-28-cm\/#primaryimage","url":"https:\/\/yazmed.ma\/wp-content\/uploads\/2025\/07\/pince-a-biopsie.webp","contentUrl":"https:\/\/yazmed.ma\/wp-content\/uploads\/2025\/07\/pince-a-biopsie.webp","width":570,"height":517,"caption":"Pince \u00e0 biopsie de Douay"},{"@type":"BreadcrumbList","@id":"https:\/\/yazmed.ma\/product\/pince-a-biopsie-gynecologique-douay-28-cm\/#breadcrumb","itemListElement":[{"@type":"ListItem","position":1,"name":"Accueil","item":"https:\/\/yazmed.ma\/"},{"@type":"ListItem","position":2,"name":"Shop","item":"https:\/\/yazmed.ma\/shop-2\/"},{"@type":"ListItem","position":3,"name":"Pince \u00e0 Biopsie gyn\u00e9cologique Douay 28 cm"}]},{"@type":"WebSite","@id":"https:\/\/yazmed.ma\/#website","url":"https:\/\/yazmed.ma\/","name":"Yazmed","description":"LEADER DU MAT\u00c9RIEL M\u00c9DICAL AU MAROC","publisher":{"@id":"https:\/\/yazmed.ma\/#organization"},"potentialAction":[{"@type":"SearchAction","target":{"@type":"EntryPoint","urlTemplate":"https:\/\/yazmed.ma\/?s={search_term_string}"},"query-input":{"@type":"PropertyValueSpecification","valueRequired":true,"valueName":"search_term_string"}}],"inLanguage":"ary"},{"@type":"Organization","@id":"https:\/\/yazmed.ma\/#organization","name":"Yazmed Healthcare","url":"https:\/\/yazmed.ma\/","logo":{"@type":"ImageObject","inLanguage":"ary","@id":"https:\/\/yazmed.ma\/#\/schema\/logo\/image\/","url":"https:\/\/yazmed.ma\/wp-content\/uploads\/2024\/12\/3.png","contentUrl":"https:\/\/yazmed.ma\/wp-content\/uploads\/2024\/12\/3.png","width":250,"height":70,"caption":"Yazmed Healthcare"},"image":{"@id":"https:\/\/yazmed.ma\/#\/schema\/logo\/image\/"},"sameAs":["https:\/\/www.facebook.com\/azenkouky","https:\/\/www.instagram.com\/yazmedhealthcare","https:\/\/www.linkedin.com\/in\/yazmed-healthcare-1b4955295"]}]}},"_links":{"self":[{"href":"https:\/\/yazmed.ma\/ar\/wp-json\/wp\/v2\/product\/2664","targetHints":{"allow":["GET"]}}],"collection":[{"href":"https:\/\/yazmed.ma\/ar\/wp-json\/wp\/v2\/product"}],"about":[{"href":"https:\/\/yazmed.ma\/ar\/wp-json\/wp\/v2\/types\/product"}],"replies":[{"embeddable":true,"href":"https:\/\/yazmed.ma\/ar\/wp-json\/wp\/v2\/comments?post=2664"}],"version-history":[{"count":0,"href":"https:\/\/yazmed.ma\/ar\/wp-json\/wp\/v2\/product\/2664\/revisions"}],"wp:featuredmedia":[{"embeddable":true,"href":"https:\/\/yazmed.ma\/ar\/wp-json\/wp\/v2\/media\/2665"}],"wp:attachment":[{"href":"https:\/\/yazmed.ma\/ar\/wp-json\/wp\/v2\/media?parent=2664"}],"wp:term":[{"taxonomy":"product_brand","embeddable":true,"href":"https:\/\/yazmed.ma\/ar\/wp-json\/wp\/v2\/product_brand?post=2664"},{"taxonomy":"product_cat","embeddable":true,"href":"https:\/\/yazmed.ma\/ar\/wp-json\/wp\/v2\/product_cat?post=2664"},{"taxonomy":"product_tag","embeddable":true,"href":"https:\/\/yazmed.ma\/ar\/wp-json\/wp\/v2\/product_tag?post=2664"}],"curies":[{"name":"wp","href":"https:\/\/api.w.org\/{rel}","templated":true}]}}