{"id":2658,"date":"2025-07-15T10:57:20","date_gmt":"2025-07-15T10:57:20","guid":{"rendered":"https:\/\/yazmed.ma\/?post_type=product&#038;p=2658"},"modified":"2025-09-11T13:52:14","modified_gmt":"2025-09-11T13:52:14","slug":"echelle-dacuite-visuelle-lumineuse","status":"publish","type":"product","link":"https:\/\/yazmed.ma\/ar\/product\/echelle-dacuite-visuelle-lumineuse\/","title":{"rendered":"\u00c9chelle d&rsquo;acuit\u00e9 visuelle lumineuse"},"content":{"rendered":"","protected":false},"excerpt":{"rendered":"<h5>\u00c9chelle d&rsquo;acuit\u00e9 visuelle lumineuse<\/h5>\n<p>L&rsquo;\u00e9chelle optom\u00e8trique logarithmique \u00e9clair\u00e9 permettent de tester simplement l&rsquo;acuit\u00e9 visuelle de loin, par lecture directe \u00e0 5 m<\/p>\n<p>Luminosit\u00e9 : 200-700Lx<\/p>\n<p>Alimentation : 600VA<\/p>\n<p>Tension d&rsquo;entr\u00e9e : AC 220V, 50Hz ou 110V, 60Hz<\/p>\n<p>Poids : 1,3 Kg<\/p>\n<p>Dimensions : 900x260x15mm<\/p>\n<p>Mod\u00e8les : \u00ab\u00a0E\u00a0\u00bb &#8211; \u00ab\u00a0Dessins\u00a0\u00bb<\/p>\n<p>\u00c9chelle d&rsquo;acuit\u00e9 visuelle lumineuse<\/p>","protected":false},"featured_media":2659,"comment_status":"open","ping_status":"closed","template":"","meta":[],"product_brand":[],"product_cat":[54],"product_tag":[],"class_list":{"0":"post-2658","1":"product","2":"type-product","3":"status-publish","4":"has-post-thumbnail","6":"product_cat-mobilier-medical","8":"first","9":"instock","10":"sale","11":"taxable","12":"shipping-taxable","13":"purchasable","14":"product-type-simple"},"yoast_head":"<!-- This site is optimized with the Yoast SEO plugin v26.9 - https:\/\/yoast.com\/product\/yoast-seo-wordpress\/ -->\n<title>\u00c9chelle d&#039;acuit\u00e9 visuelle lumineuse - YAZMED<\/title>\n<meta name=\"robots\" content=\"index, follow, max-snippet:-1, max-image-preview:large, max-video-preview:-1\" \/>\n<link rel=\"canonical\" href=\"https:\/\/yazmed.ma\/ar\/product\/echelle-dacuite-visuelle-lumineuse\/\" \/>\n<meta property=\"og:locale\" content=\"ar_AR\" \/>\n<meta property=\"og:type\" content=\"article\" \/>\n<meta property=\"og:title\" content=\"\u00c9chelle d&#039;acuit\u00e9 visuelle lumineuse - YAZMED\" \/>\n<meta property=\"og:description\" content=\"\u00c9chelle d&#039;acuit\u00e9 visuelle lumineuse L&#039;\u00e9chelle optom\u00e8trique logarithmique \u00e9clair\u00e9 permettent de tester simplement l&#039;acuit\u00e9 visuelle de loin, par lecture directe \u00e0 5 m  Luminosit\u00e9 : 200-700Lx  Alimentation : 600VA  Tension d&#039;entr\u00e9e : AC 220V, 50Hz ou 110V, 60Hz  Poids : 1,3 Kg  Dimensions : 900x260x15mm  Mod\u00e8les : &quot;E&quot; - &quot;Dessins&quot;  \u00c9chelle d&#039;acuit\u00e9 visuelle lumineuse\" \/>\n<meta property=\"og:url\" content=\"https:\/\/yazmed.ma\/ar\/product\/echelle-dacuite-visuelle-lumineuse\/\" \/>\n<meta property=\"og:site_name\" content=\"YAZMED\" \/>\n<meta property=\"article:publisher\" content=\"https:\/\/www.facebook.com\/azenkouky\" \/>\n<meta property=\"article:modified_time\" content=\"2025-09-11T13:52:14+00:00\" \/>\n<meta property=\"og:image\" content=\"https:\/\/yazmed.ma\/wp-content\/uploads\/2025\/07\/Echelle-dacuite-visuelle-lumineuse.webp\" \/>\n\t<meta property=\"og:image:width\" content=\"500\" \/>\n\t<meta property=\"og:image:height\" content=\"499\" \/>\n\t<meta property=\"og:image:type\" content=\"image\/webp\" \/>\n<meta name=\"twitter:card\" content=\"summary_large_image\" \/>\n<script type=\"application\/ld+json\" class=\"yoast-schema-graph\">{\"@context\":\"https:\/\/schema.org\",\"@graph\":[{\"@type\":\"WebPage\",\"@id\":\"https:\/\/yazmed.ma\/product\/echelle-dacuite-visuelle-lumineuse\/\",\"url\":\"https:\/\/yazmed.ma\/product\/echelle-dacuite-visuelle-lumineuse\/\",\"name\":\"\u00c9chelle d'acuit\u00e9 visuelle lumineuse - YAZMED\",\"isPartOf\":{\"@id\":\"https:\/\/yazmed.ma\/#website\"},\"primaryImageOfPage\":{\"@id\":\"https:\/\/yazmed.ma\/product\/echelle-dacuite-visuelle-lumineuse\/#primaryimage\"},\"image\":{\"@id\":\"https:\/\/yazmed.ma\/product\/echelle-dacuite-visuelle-lumineuse\/#primaryimage\"},\"thumbnailUrl\":\"https:\/\/yazmed.ma\/wp-content\/uploads\/2025\/07\/Echelle-dacuite-visuelle-lumineuse.webp\",\"datePublished\":\"2025-07-15T10:57:20+00:00\",\"dateModified\":\"2025-09-11T13:52:14+00:00\",\"breadcrumb\":{\"@id\":\"https:\/\/yazmed.ma\/product\/echelle-dacuite-visuelle-lumineuse\/#breadcrumb\"},\"inLanguage\":\"ary\",\"potentialAction\":[{\"@type\":\"ReadAction\",\"target\":[\"https:\/\/yazmed.ma\/product\/echelle-dacuite-visuelle-lumineuse\/\"]}]},{\"@type\":\"ImageObject\",\"inLanguage\":\"ary\",\"@id\":\"https:\/\/yazmed.ma\/product\/echelle-dacuite-visuelle-lumineuse\/#primaryimage\",\"url\":\"https:\/\/yazmed.ma\/wp-content\/uploads\/2025\/07\/Echelle-dacuite-visuelle-lumineuse.webp\",\"contentUrl\":\"https:\/\/yazmed.ma\/wp-content\/uploads\/2025\/07\/Echelle-dacuite-visuelle-lumineuse.webp\",\"width\":500,\"height\":499,\"caption\":\"\u00c9chelle d'acuit\u00e9 visuelle lumineuse\"},{\"@type\":\"BreadcrumbList\",\"@id\":\"https:\/\/yazmed.ma\/product\/echelle-dacuite-visuelle-lumineuse\/#breadcrumb\",\"itemListElement\":[{\"@type\":\"ListItem\",\"position\":1,\"name\":\"Accueil\",\"item\":\"https:\/\/yazmed.ma\/\"},{\"@type\":\"ListItem\",\"position\":2,\"name\":\"Shop\",\"item\":\"https:\/\/yazmed.ma\/shop-2\/\"},{\"@type\":\"ListItem\",\"position\":3,\"name\":\"\u00c9chelle d&rsquo;acuit\u00e9 visuelle lumineuse\"}]},{\"@type\":\"WebSite\",\"@id\":\"https:\/\/yazmed.ma\/#website\",\"url\":\"https:\/\/yazmed.ma\/\",\"name\":\"Yazmed\",\"description\":\"LEADER DU MAT\u00c9RIEL M\u00c9DICAL AU MAROC\",\"publisher\":{\"@id\":\"https:\/\/yazmed.ma\/#organization\"},\"potentialAction\":[{\"@type\":\"SearchAction\",\"target\":{\"@type\":\"EntryPoint\",\"urlTemplate\":\"https:\/\/yazmed.ma\/?s={search_term_string}\"},\"query-input\":{\"@type\":\"PropertyValueSpecification\",\"valueRequired\":true,\"valueName\":\"search_term_string\"}}],\"inLanguage\":\"ary\"},{\"@type\":\"Organization\",\"@id\":\"https:\/\/yazmed.ma\/#organization\",\"name\":\"Yazmed Healthcare\",\"url\":\"https:\/\/yazmed.ma\/\",\"logo\":{\"@type\":\"ImageObject\",\"inLanguage\":\"ary\",\"@id\":\"https:\/\/yazmed.ma\/#\/schema\/logo\/image\/\",\"url\":\"https:\/\/yazmed.ma\/wp-content\/uploads\/2024\/12\/3.png\",\"contentUrl\":\"https:\/\/yazmed.ma\/wp-content\/uploads\/2024\/12\/3.png\",\"width\":250,\"height\":70,\"caption\":\"Yazmed Healthcare\"},\"image\":{\"@id\":\"https:\/\/yazmed.ma\/#\/schema\/logo\/image\/\"},\"sameAs\":[\"https:\/\/www.facebook.com\/azenkouky\",\"https:\/\/www.instagram.com\/yazmedhealthcare\",\"https:\/\/www.linkedin.com\/in\/yazmed-healthcare-1b4955295\"]}]}<\/script>\n<!-- \/ Yoast SEO plugin. -->","yoast_head_json":{"title":"\u00c9chelle d'acuit\u00e9 visuelle lumineuse - YAZMED","robots":{"index":"index","follow":"follow","max-snippet":"max-snippet:-1","max-image-preview":"max-image-preview:large","max-video-preview":"max-video-preview:-1"},"canonical":"https:\/\/yazmed.ma\/ar\/product\/echelle-dacuite-visuelle-lumineuse\/","og_locale":"ar_AR","og_type":"article","og_title":"\u00c9chelle d'acuit\u00e9 visuelle lumineuse - YAZMED","og_description":"\u00c9chelle d'acuit\u00e9 visuelle lumineuse L'\u00e9chelle optom\u00e8trique logarithmique \u00e9clair\u00e9 permettent de tester simplement l'acuit\u00e9 visuelle de loin, par lecture directe \u00e0 5 m  Luminosit\u00e9 : 200-700Lx  Alimentation : 600VA  Tension d'entr\u00e9e : AC 220V, 50Hz ou 110V, 60Hz  Poids : 1,3 Kg  Dimensions : 900x260x15mm  Mod\u00e8les : \"E\" - \"Dessins\"  \u00c9chelle d'acuit\u00e9 visuelle lumineuse","og_url":"https:\/\/yazmed.ma\/ar\/product\/echelle-dacuite-visuelle-lumineuse\/","og_site_name":"YAZMED","article_publisher":"https:\/\/www.facebook.com\/azenkouky","article_modified_time":"2025-09-11T13:52:14+00:00","og_image":[{"width":500,"height":499,"url":"https:\/\/yazmed.ma\/wp-content\/uploads\/2025\/07\/Echelle-dacuite-visuelle-lumineuse.webp","type":"image\/webp"}],"twitter_card":"summary_large_image","schema":{"@context":"https:\/\/schema.org","@graph":[{"@type":"WebPage","@id":"https:\/\/yazmed.ma\/product\/echelle-dacuite-visuelle-lumineuse\/","url":"https:\/\/yazmed.ma\/product\/echelle-dacuite-visuelle-lumineuse\/","name":"\u00c9chelle d'acuit\u00e9 visuelle lumineuse - YAZMED","isPartOf":{"@id":"https:\/\/yazmed.ma\/#website"},"primaryImageOfPage":{"@id":"https:\/\/yazmed.ma\/product\/echelle-dacuite-visuelle-lumineuse\/#primaryimage"},"image":{"@id":"https:\/\/yazmed.ma\/product\/echelle-dacuite-visuelle-lumineuse\/#primaryimage"},"thumbnailUrl":"https:\/\/yazmed.ma\/wp-content\/uploads\/2025\/07\/Echelle-dacuite-visuelle-lumineuse.webp","datePublished":"2025-07-15T10:57:20+00:00","dateModified":"2025-09-11T13:52:14+00:00","breadcrumb":{"@id":"https:\/\/yazmed.ma\/product\/echelle-dacuite-visuelle-lumineuse\/#breadcrumb"},"inLanguage":"ary","potentialAction":[{"@type":"ReadAction","target":["https:\/\/yazmed.ma\/product\/echelle-dacuite-visuelle-lumineuse\/"]}]},{"@type":"ImageObject","inLanguage":"ary","@id":"https:\/\/yazmed.ma\/product\/echelle-dacuite-visuelle-lumineuse\/#primaryimage","url":"https:\/\/yazmed.ma\/wp-content\/uploads\/2025\/07\/Echelle-dacuite-visuelle-lumineuse.webp","contentUrl":"https:\/\/yazmed.ma\/wp-content\/uploads\/2025\/07\/Echelle-dacuite-visuelle-lumineuse.webp","width":500,"height":499,"caption":"\u00c9chelle d'acuit\u00e9 visuelle lumineuse"},{"@type":"BreadcrumbList","@id":"https:\/\/yazmed.ma\/product\/echelle-dacuite-visuelle-lumineuse\/#breadcrumb","itemListElement":[{"@type":"ListItem","position":1,"name":"Accueil","item":"https:\/\/yazmed.ma\/"},{"@type":"ListItem","position":2,"name":"Shop","item":"https:\/\/yazmed.ma\/shop-2\/"},{"@type":"ListItem","position":3,"name":"\u00c9chelle d&rsquo;acuit\u00e9 visuelle lumineuse"}]},{"@type":"WebSite","@id":"https:\/\/yazmed.ma\/#website","url":"https:\/\/yazmed.ma\/","name":"Yazmed","description":"LEADER DU MAT\u00c9RIEL M\u00c9DICAL AU MAROC","publisher":{"@id":"https:\/\/yazmed.ma\/#organization"},"potentialAction":[{"@type":"SearchAction","target":{"@type":"EntryPoint","urlTemplate":"https:\/\/yazmed.ma\/?s={search_term_string}"},"query-input":{"@type":"PropertyValueSpecification","valueRequired":true,"valueName":"search_term_string"}}],"inLanguage":"ary"},{"@type":"Organization","@id":"https:\/\/yazmed.ma\/#organization","name":"Yazmed Healthcare","url":"https:\/\/yazmed.ma\/","logo":{"@type":"ImageObject","inLanguage":"ary","@id":"https:\/\/yazmed.ma\/#\/schema\/logo\/image\/","url":"https:\/\/yazmed.ma\/wp-content\/uploads\/2024\/12\/3.png","contentUrl":"https:\/\/yazmed.ma\/wp-content\/uploads\/2024\/12\/3.png","width":250,"height":70,"caption":"Yazmed Healthcare"},"image":{"@id":"https:\/\/yazmed.ma\/#\/schema\/logo\/image\/"},"sameAs":["https:\/\/www.facebook.com\/azenkouky","https:\/\/www.instagram.com\/yazmedhealthcare","https:\/\/www.linkedin.com\/in\/yazmed-healthcare-1b4955295"]}]}},"_links":{"self":[{"href":"https:\/\/yazmed.ma\/ar\/wp-json\/wp\/v2\/product\/2658","targetHints":{"allow":["GET"]}}],"collection":[{"href":"https:\/\/yazmed.ma\/ar\/wp-json\/wp\/v2\/product"}],"about":[{"href":"https:\/\/yazmed.ma\/ar\/wp-json\/wp\/v2\/types\/product"}],"replies":[{"embeddable":true,"href":"https:\/\/yazmed.ma\/ar\/wp-json\/wp\/v2\/comments?post=2658"}],"version-history":[{"count":1,"href":"https:\/\/yazmed.ma\/ar\/wp-json\/wp\/v2\/product\/2658\/revisions"}],"predecessor-version":[{"id":2660,"href":"https:\/\/yazmed.ma\/ar\/wp-json\/wp\/v2\/product\/2658\/revisions\/2660"}],"wp:featuredmedia":[{"embeddable":true,"href":"https:\/\/yazmed.ma\/ar\/wp-json\/wp\/v2\/media\/2659"}],"wp:attachment":[{"href":"https:\/\/yazmed.ma\/ar\/wp-json\/wp\/v2\/media?parent=2658"}],"wp:term":[{"taxonomy":"product_brand","embeddable":true,"href":"https:\/\/yazmed.ma\/ar\/wp-json\/wp\/v2\/product_brand?post=2658"},{"taxonomy":"product_cat","embeddable":true,"href":"https:\/\/yazmed.ma\/ar\/wp-json\/wp\/v2\/product_cat?post=2658"},{"taxonomy":"product_tag","embeddable":true,"href":"https:\/\/yazmed.ma\/ar\/wp-json\/wp\/v2\/product_tag?post=2658"}],"curies":[{"name":"wp","href":"https:\/\/api.w.org\/{rel}","templated":true}]}}