{"id":2656,"date":"2025-07-15T10:13:06","date_gmt":"2025-07-15T10:13:06","guid":{"rendered":"https:\/\/yazmed.ma\/?post_type=product&#038;p=2656"},"modified":"2025-09-11T13:52:32","modified_gmt":"2025-09-11T13:52:32","slug":"lingettes-desinfectantes-0-alcool","status":"publish","type":"product","link":"https:\/\/yazmed.ma\/ar\/product\/lingettes-desinfectantes-0-alcool\/","title":{"rendered":"LINGETTES D\u00c9SINFECTANTES 0 ALCOOL"},"content":{"rendered":"<ul>\n<li style=\"list-style-type: none\">\n<ul>\n<li><strong>Bact\u00e9ricide<\/strong>\u00a0: EN 13727 \u2013 Temps d\u2019action : 1 min<\/li>\n<li><strong>Mycobact\u00e9ricide<\/strong>\u00a0: EN 14348\u00a0Temps d\u2019action : 1 min<\/li>\n<li><strong>Levuricide<\/strong>\u00a0: EN 13624\u00a0\u2013\u00a0Temps d\u2019action : 1 min<\/li>\n<li><strong>Virucide<\/strong>\u00a0: EN 14476+A2 \u2013\u00a0Temps d\u2019action : 1 min<\/li>\n<li>Bo\u00eete distributrice : 100 lingettes.<\/li>\n<li>Format : 20,5 x 19,5 cm.<\/li>\n<li>Dangereux \u2013 Respectez les pr\u00e9cautions d\u2019emploi.<\/li>\n<\/ul>\n<\/li>\n<\/ul>\n<p>&nbsp;<\/p>\n<p>&nbsp;<\/p>","protected":false},"excerpt":{"rendered":"<h4><strong>Lingettes d\u00e9sinfectantes\u00a0 sans alcool 0\u00a0<\/strong><\/h4>\n<p>nettoyantes et d\u00e9sinfectantes en non-tiss\u00e9 \u00e0 usage unique, pr\u00eates \u00e0 l\u2019emploi.<\/p>\n<p>Id\u00e9ales pour le nettoyage\u00a0 des dispositifs m\u00e9dicaux invasifs et non-invasifs, non immergeables (tels que sondes endocavitaires, sondes d\u2019\u00e9chographie, endoscopes gain\u00e9s, thermom\u00e8tres, etc.), dans les cabinets m\u00e9dicaux, h\u00f4pitaux et laboratoires.<\/p>\n<p>&nbsp;<\/p>","protected":false},"featured_media":2657,"comment_status":"open","ping_status":"closed","template":"","meta":[],"product_brand":[],"product_cat":[52],"product_tag":[169,170],"class_list":{"0":"post-2656","1":"product","2":"type-product","3":"status-publish","4":"has-post-thumbnail","6":"product_cat-consommable-medical","7":"product_tag-lingettes","8":"product_tag-lingettes-desinfectantes","10":"first","11":"instock","12":"sale","13":"taxable","14":"shipping-taxable","15":"purchasable","16":"product-type-simple"},"yoast_head":"<!-- This site is optimized with the Yoast SEO plugin v26.9 - https:\/\/yoast.com\/product\/yoast-seo-wordpress\/ -->\n<title>LINGETTES D\u00c9SINFECTANTES 0 ALCOOL - YAZMED<\/title>\n<meta name=\"robots\" content=\"index, follow, max-snippet:-1, max-image-preview:large, max-video-preview:-1\" \/>\n<link rel=\"canonical\" href=\"https:\/\/yazmed.ma\/ar\/product\/lingettes-desinfectantes-0-alcool\/\" \/>\n<meta property=\"og:locale\" content=\"ar_AR\" \/>\n<meta property=\"og:type\" content=\"article\" \/>\n<meta property=\"og:title\" content=\"LINGETTES D\u00c9SINFECTANTES 0 ALCOOL - YAZMED\" \/>\n<meta property=\"og:description\" content=\"Lingettes d\u00e9sinfectantes\u00a0 sans alcool 0\u00a0 nettoyantes et d\u00e9sinfectantes en non-tiss\u00e9 \u00e0 usage unique, pr\u00eates \u00e0 l\u2019emploi.  Id\u00e9ales pour le nettoyage\u00a0 des dispositifs m\u00e9dicaux invasifs et non-invasifs, non immergeables (tels que sondes endocavitaires, sondes d\u2019\u00e9chographie, endoscopes gain\u00e9s, thermom\u00e8tres, etc.), dans les cabinets m\u00e9dicaux, h\u00f4pitaux et laboratoires.  &nbsp;\" \/>\n<meta property=\"og:url\" content=\"https:\/\/yazmed.ma\/ar\/product\/lingettes-desinfectantes-0-alcool\/\" \/>\n<meta property=\"og:site_name\" content=\"YAZMED\" \/>\n<meta property=\"article:publisher\" content=\"https:\/\/www.facebook.com\/azenkouky\" \/>\n<meta property=\"article:modified_time\" content=\"2025-09-11T13:52:32+00:00\" \/>\n<meta property=\"og:image\" content=\"https:\/\/yazmed.ma\/wp-content\/uploads\/2025\/07\/lingettes-desinfectant-sans-alcool.webp\" \/>\n\t<meta property=\"og:image:width\" content=\"570\" \/>\n\t<meta property=\"og:image:height\" content=\"517\" \/>\n\t<meta property=\"og:image:type\" content=\"image\/webp\" \/>\n<meta name=\"twitter:card\" content=\"summary_large_image\" \/>\n<script type=\"application\/ld+json\" class=\"yoast-schema-graph\">{\"@context\":\"https:\/\/schema.org\",\"@graph\":[{\"@type\":\"WebPage\",\"@id\":\"https:\/\/yazmed.ma\/product\/lingettes-desinfectantes-0-alcool\/\",\"url\":\"https:\/\/yazmed.ma\/product\/lingettes-desinfectantes-0-alcool\/\",\"name\":\"LINGETTES D\u00c9SINFECTANTES 0 ALCOOL - YAZMED\",\"isPartOf\":{\"@id\":\"https:\/\/yazmed.ma\/#website\"},\"primaryImageOfPage\":{\"@id\":\"https:\/\/yazmed.ma\/product\/lingettes-desinfectantes-0-alcool\/#primaryimage\"},\"image\":{\"@id\":\"https:\/\/yazmed.ma\/product\/lingettes-desinfectantes-0-alcool\/#primaryimage\"},\"thumbnailUrl\":\"https:\/\/yazmed.ma\/wp-content\/uploads\/2025\/07\/lingettes-desinfectant-sans-alcool.webp\",\"datePublished\":\"2025-07-15T10:13:06+00:00\",\"dateModified\":\"2025-09-11T13:52:32+00:00\",\"breadcrumb\":{\"@id\":\"https:\/\/yazmed.ma\/product\/lingettes-desinfectantes-0-alcool\/#breadcrumb\"},\"inLanguage\":\"ary\",\"potentialAction\":[{\"@type\":\"ReadAction\",\"target\":[\"https:\/\/yazmed.ma\/product\/lingettes-desinfectantes-0-alcool\/\"]}]},{\"@type\":\"ImageObject\",\"inLanguage\":\"ary\",\"@id\":\"https:\/\/yazmed.ma\/product\/lingettes-desinfectantes-0-alcool\/#primaryimage\",\"url\":\"https:\/\/yazmed.ma\/wp-content\/uploads\/2025\/07\/lingettes-desinfectant-sans-alcool.webp\",\"contentUrl\":\"https:\/\/yazmed.ma\/wp-content\/uploads\/2025\/07\/lingettes-desinfectant-sans-alcool.webp\",\"width\":570,\"height\":517,\"caption\":\"Lingettes-d\u00e9sinfectant-sans-alcool\"},{\"@type\":\"BreadcrumbList\",\"@id\":\"https:\/\/yazmed.ma\/product\/lingettes-desinfectantes-0-alcool\/#breadcrumb\",\"itemListElement\":[{\"@type\":\"ListItem\",\"position\":1,\"name\":\"Accueil\",\"item\":\"https:\/\/yazmed.ma\/\"},{\"@type\":\"ListItem\",\"position\":2,\"name\":\"Shop\",\"item\":\"https:\/\/yazmed.ma\/shop-2\/\"},{\"@type\":\"ListItem\",\"position\":3,\"name\":\"LINGETTES D\u00c9SINFECTANTES 0 ALCOOL\"}]},{\"@type\":\"WebSite\",\"@id\":\"https:\/\/yazmed.ma\/#website\",\"url\":\"https:\/\/yazmed.ma\/\",\"name\":\"Yazmed\",\"description\":\"LEADER DU MAT\u00c9RIEL M\u00c9DICAL AU MAROC\",\"publisher\":{\"@id\":\"https:\/\/yazmed.ma\/#organization\"},\"potentialAction\":[{\"@type\":\"SearchAction\",\"target\":{\"@type\":\"EntryPoint\",\"urlTemplate\":\"https:\/\/yazmed.ma\/?s={search_term_string}\"},\"query-input\":{\"@type\":\"PropertyValueSpecification\",\"valueRequired\":true,\"valueName\":\"search_term_string\"}}],\"inLanguage\":\"ary\"},{\"@type\":\"Organization\",\"@id\":\"https:\/\/yazmed.ma\/#organization\",\"name\":\"Yazmed Healthcare\",\"url\":\"https:\/\/yazmed.ma\/\",\"logo\":{\"@type\":\"ImageObject\",\"inLanguage\":\"ary\",\"@id\":\"https:\/\/yazmed.ma\/#\/schema\/logo\/image\/\",\"url\":\"https:\/\/yazmed.ma\/wp-content\/uploads\/2024\/12\/3.png\",\"contentUrl\":\"https:\/\/yazmed.ma\/wp-content\/uploads\/2024\/12\/3.png\",\"width\":250,\"height\":70,\"caption\":\"Yazmed Healthcare\"},\"image\":{\"@id\":\"https:\/\/yazmed.ma\/#\/schema\/logo\/image\/\"},\"sameAs\":[\"https:\/\/www.facebook.com\/azenkouky\",\"https:\/\/www.instagram.com\/yazmedhealthcare\",\"https:\/\/www.linkedin.com\/in\/yazmed-healthcare-1b4955295\"]}]}<\/script>\n<!-- \/ Yoast SEO plugin. -->","yoast_head_json":{"title":"LINGETTES D\u00c9SINFECTANTES 0 ALCOOL - YAZMED","robots":{"index":"index","follow":"follow","max-snippet":"max-snippet:-1","max-image-preview":"max-image-preview:large","max-video-preview":"max-video-preview:-1"},"canonical":"https:\/\/yazmed.ma\/ar\/product\/lingettes-desinfectantes-0-alcool\/","og_locale":"ar_AR","og_type":"article","og_title":"LINGETTES D\u00c9SINFECTANTES 0 ALCOOL - YAZMED","og_description":"Lingettes d\u00e9sinfectantes\u00a0 sans alcool 0\u00a0 nettoyantes et d\u00e9sinfectantes en non-tiss\u00e9 \u00e0 usage unique, pr\u00eates \u00e0 l\u2019emploi.  Id\u00e9ales pour le nettoyage\u00a0 des dispositifs m\u00e9dicaux invasifs et non-invasifs, non immergeables (tels que sondes endocavitaires, sondes d\u2019\u00e9chographie, endoscopes gain\u00e9s, thermom\u00e8tres, etc.), dans les cabinets m\u00e9dicaux, h\u00f4pitaux et laboratoires.  &nbsp;","og_url":"https:\/\/yazmed.ma\/ar\/product\/lingettes-desinfectantes-0-alcool\/","og_site_name":"YAZMED","article_publisher":"https:\/\/www.facebook.com\/azenkouky","article_modified_time":"2025-09-11T13:52:32+00:00","og_image":[{"width":570,"height":517,"url":"https:\/\/yazmed.ma\/wp-content\/uploads\/2025\/07\/lingettes-desinfectant-sans-alcool.webp","type":"image\/webp"}],"twitter_card":"summary_large_image","schema":{"@context":"https:\/\/schema.org","@graph":[{"@type":"WebPage","@id":"https:\/\/yazmed.ma\/product\/lingettes-desinfectantes-0-alcool\/","url":"https:\/\/yazmed.ma\/product\/lingettes-desinfectantes-0-alcool\/","name":"LINGETTES D\u00c9SINFECTANTES 0 ALCOOL - YAZMED","isPartOf":{"@id":"https:\/\/yazmed.ma\/#website"},"primaryImageOfPage":{"@id":"https:\/\/yazmed.ma\/product\/lingettes-desinfectantes-0-alcool\/#primaryimage"},"image":{"@id":"https:\/\/yazmed.ma\/product\/lingettes-desinfectantes-0-alcool\/#primaryimage"},"thumbnailUrl":"https:\/\/yazmed.ma\/wp-content\/uploads\/2025\/07\/lingettes-desinfectant-sans-alcool.webp","datePublished":"2025-07-15T10:13:06+00:00","dateModified":"2025-09-11T13:52:32+00:00","breadcrumb":{"@id":"https:\/\/yazmed.ma\/product\/lingettes-desinfectantes-0-alcool\/#breadcrumb"},"inLanguage":"ary","potentialAction":[{"@type":"ReadAction","target":["https:\/\/yazmed.ma\/product\/lingettes-desinfectantes-0-alcool\/"]}]},{"@type":"ImageObject","inLanguage":"ary","@id":"https:\/\/yazmed.ma\/product\/lingettes-desinfectantes-0-alcool\/#primaryimage","url":"https:\/\/yazmed.ma\/wp-content\/uploads\/2025\/07\/lingettes-desinfectant-sans-alcool.webp","contentUrl":"https:\/\/yazmed.ma\/wp-content\/uploads\/2025\/07\/lingettes-desinfectant-sans-alcool.webp","width":570,"height":517,"caption":"Lingettes-d\u00e9sinfectant-sans-alcool"},{"@type":"BreadcrumbList","@id":"https:\/\/yazmed.ma\/product\/lingettes-desinfectantes-0-alcool\/#breadcrumb","itemListElement":[{"@type":"ListItem","position":1,"name":"Accueil","item":"https:\/\/yazmed.ma\/"},{"@type":"ListItem","position":2,"name":"Shop","item":"https:\/\/yazmed.ma\/shop-2\/"},{"@type":"ListItem","position":3,"name":"LINGETTES D\u00c9SINFECTANTES 0 ALCOOL"}]},{"@type":"WebSite","@id":"https:\/\/yazmed.ma\/#website","url":"https:\/\/yazmed.ma\/","name":"Yazmed","description":"LEADER DU MAT\u00c9RIEL M\u00c9DICAL AU MAROC","publisher":{"@id":"https:\/\/yazmed.ma\/#organization"},"potentialAction":[{"@type":"SearchAction","target":{"@type":"EntryPoint","urlTemplate":"https:\/\/yazmed.ma\/?s={search_term_string}"},"query-input":{"@type":"PropertyValueSpecification","valueRequired":true,"valueName":"search_term_string"}}],"inLanguage":"ary"},{"@type":"Organization","@id":"https:\/\/yazmed.ma\/#organization","name":"Yazmed Healthcare","url":"https:\/\/yazmed.ma\/","logo":{"@type":"ImageObject","inLanguage":"ary","@id":"https:\/\/yazmed.ma\/#\/schema\/logo\/image\/","url":"https:\/\/yazmed.ma\/wp-content\/uploads\/2024\/12\/3.png","contentUrl":"https:\/\/yazmed.ma\/wp-content\/uploads\/2024\/12\/3.png","width":250,"height":70,"caption":"Yazmed Healthcare"},"image":{"@id":"https:\/\/yazmed.ma\/#\/schema\/logo\/image\/"},"sameAs":["https:\/\/www.facebook.com\/azenkouky","https:\/\/www.instagram.com\/yazmedhealthcare","https:\/\/www.linkedin.com\/in\/yazmed-healthcare-1b4955295"]}]}},"_links":{"self":[{"href":"https:\/\/yazmed.ma\/ar\/wp-json\/wp\/v2\/product\/2656","targetHints":{"allow":["GET"]}}],"collection":[{"href":"https:\/\/yazmed.ma\/ar\/wp-json\/wp\/v2\/product"}],"about":[{"href":"https:\/\/yazmed.ma\/ar\/wp-json\/wp\/v2\/types\/product"}],"replies":[{"embeddable":true,"href":"https:\/\/yazmed.ma\/ar\/wp-json\/wp\/v2\/comments?post=2656"}],"version-history":[{"count":0,"href":"https:\/\/yazmed.ma\/ar\/wp-json\/wp\/v2\/product\/2656\/revisions"}],"wp:featuredmedia":[{"embeddable":true,"href":"https:\/\/yazmed.ma\/ar\/wp-json\/wp\/v2\/media\/2657"}],"wp:attachment":[{"href":"https:\/\/yazmed.ma\/ar\/wp-json\/wp\/v2\/media?parent=2656"}],"wp:term":[{"taxonomy":"product_brand","embeddable":true,"href":"https:\/\/yazmed.ma\/ar\/wp-json\/wp\/v2\/product_brand?post=2656"},{"taxonomy":"product_cat","embeddable":true,"href":"https:\/\/yazmed.ma\/ar\/wp-json\/wp\/v2\/product_cat?post=2656"},{"taxonomy":"product_tag","embeddable":true,"href":"https:\/\/yazmed.ma\/ar\/wp-json\/wp\/v2\/product_tag?post=2656"}],"curies":[{"name":"wp","href":"https:\/\/api.w.org\/{rel}","templated":true}]}}