{"id":2650,"date":"2025-07-14T12:41:06","date_gmt":"2025-07-14T12:41:06","guid":{"rendered":"https:\/\/yazmed.ma\/?post_type=product&#038;p=2650"},"modified":"2025-08-01T11:50:25","modified_gmt":"2025-08-01T11:50:25","slug":"sonde-vaginal-ova","status":"publish","type":"product","link":"https:\/\/yazmed.ma\/ar\/product\/sonde-vaginal-ova\/","title":{"rendered":"Sonde vaginal OVA"},"content":{"rendered":"<p><strong>Avantages :<\/strong><\/p>\n<p>Design anatomique qui respecte la morphologie vaginale.<\/p>\n<p>Permet une stimulation stable et favorise les exercices debout.<\/p>\n<p>Tige indicatrice de concentrations qui permet de visualiser la bonne contraction du plancher pelvien<\/p>\n<p>Eveil de l&rsquo;utilisatrice \u00e0 la contraction volontaire.<\/p>\n<p>Facilite l&rsquo;apprentissage et constitue un outil d&rsquo;aide \u00e0 l&rsquo;\u00e9valuation des progr\u00e8s r\u00e9alis\u00e9 en r\u00e9\u00e9ducation.<\/p>","protected":false},"excerpt":{"rendered":"<h4>La sonde\u00a0 vaginal OVA 2<\/h4>\n<p>est fournie avec une tige amovible appel\u00e9e \u00ab indicateur \u00bb. Cette tige indicatrice de contraction peut \u00eatre utilis\u00e9e par les patientes qui souhaitent continuer leurs exercices chez elles, pour \u00eatre plus s\u00fbres de contracter correctement leur p\u00e9rin\u00e9e.<\/p>\n<p>sonde vaginal ova Mielleur prix au maroc<\/p>","protected":false},"featured_media":2651,"comment_status":"open","ping_status":"closed","template":"","meta":[],"product_brand":[],"product_cat":[52],"product_tag":[168],"class_list":{"0":"post-2650","1":"product","2":"type-product","3":"status-publish","4":"has-post-thumbnail","6":"product_cat-consommable-medical","7":"product_tag-sonde-vaginal","9":"first","10":"instock","11":"taxable","12":"shipping-taxable","13":"purchasable","14":"product-type-simple"},"yoast_head":"<!-- This site is optimized with the Yoast SEO plugin v26.9 - https:\/\/yoast.com\/product\/yoast-seo-wordpress\/ -->\n<title>Sonde vaginal OVA - YAZMED<\/title>\n<meta name=\"robots\" content=\"index, follow, max-snippet:-1, max-image-preview:large, max-video-preview:-1\" \/>\n<link rel=\"canonical\" href=\"https:\/\/yazmed.ma\/ar\/product\/sonde-vaginal-ova\/\" \/>\n<meta property=\"og:locale\" content=\"ar_AR\" \/>\n<meta property=\"og:type\" content=\"article\" \/>\n<meta property=\"og:title\" content=\"Sonde vaginal OVA - YAZMED\" \/>\n<meta property=\"og:description\" content=\"La sonde\u00a0 vaginal OVA 2 est fournie avec une tige amovible appel\u00e9e \u00ab indicateur \u00bb. Cette tige indicatrice de contraction peut \u00eatre utilis\u00e9e par les patientes qui souhaitent continuer leurs exercices chez elles, pour \u00eatre plus s\u00fbres de contracter correctement leur p\u00e9rin\u00e9e.  sonde vaginal ova Mielleur prix au maroc\" \/>\n<meta property=\"og:url\" content=\"https:\/\/yazmed.ma\/ar\/product\/sonde-vaginal-ova\/\" \/>\n<meta property=\"og:site_name\" content=\"YAZMED\" \/>\n<meta property=\"article:publisher\" content=\"https:\/\/www.facebook.com\/azenkouky\" \/>\n<meta property=\"article:modified_time\" content=\"2025-08-01T11:50:25+00:00\" \/>\n<meta property=\"og:image\" content=\"https:\/\/yazmed.ma\/wp-content\/uploads\/2025\/07\/sonde-vaginal-ova.webp\" \/>\n\t<meta property=\"og:image:width\" content=\"570\" \/>\n\t<meta property=\"og:image:height\" content=\"517\" \/>\n\t<meta property=\"og:image:type\" content=\"image\/webp\" \/>\n<meta name=\"twitter:card\" content=\"summary_large_image\" \/>\n<script type=\"application\/ld+json\" class=\"yoast-schema-graph\">{\"@context\":\"https:\/\/schema.org\",\"@graph\":[{\"@type\":\"WebPage\",\"@id\":\"https:\/\/yazmed.ma\/product\/sonde-vaginal-ova\/\",\"url\":\"https:\/\/yazmed.ma\/product\/sonde-vaginal-ova\/\",\"name\":\"Sonde vaginal OVA - YAZMED\",\"isPartOf\":{\"@id\":\"https:\/\/yazmed.ma\/#website\"},\"primaryImageOfPage\":{\"@id\":\"https:\/\/yazmed.ma\/product\/sonde-vaginal-ova\/#primaryimage\"},\"image\":{\"@id\":\"https:\/\/yazmed.ma\/product\/sonde-vaginal-ova\/#primaryimage\"},\"thumbnailUrl\":\"https:\/\/yazmed.ma\/wp-content\/uploads\/2025\/07\/sonde-vaginal-ova.webp\",\"datePublished\":\"2025-07-14T12:41:06+00:00\",\"dateModified\":\"2025-08-01T11:50:25+00:00\",\"breadcrumb\":{\"@id\":\"https:\/\/yazmed.ma\/product\/sonde-vaginal-ova\/#breadcrumb\"},\"inLanguage\":\"ary\",\"potentialAction\":[{\"@type\":\"ReadAction\",\"target\":[\"https:\/\/yazmed.ma\/product\/sonde-vaginal-ova\/\"]}]},{\"@type\":\"ImageObject\",\"inLanguage\":\"ary\",\"@id\":\"https:\/\/yazmed.ma\/product\/sonde-vaginal-ova\/#primaryimage\",\"url\":\"https:\/\/yazmed.ma\/wp-content\/uploads\/2025\/07\/sonde-vaginal-ova.webp\",\"contentUrl\":\"https:\/\/yazmed.ma\/wp-content\/uploads\/2025\/07\/sonde-vaginal-ova.webp\",\"width\":570,\"height\":517,\"caption\":\"La sonde vaginal OVA\"},{\"@type\":\"BreadcrumbList\",\"@id\":\"https:\/\/yazmed.ma\/product\/sonde-vaginal-ova\/#breadcrumb\",\"itemListElement\":[{\"@type\":\"ListItem\",\"position\":1,\"name\":\"Accueil\",\"item\":\"https:\/\/yazmed.ma\/\"},{\"@type\":\"ListItem\",\"position\":2,\"name\":\"Shop\",\"item\":\"https:\/\/yazmed.ma\/shop-2\/\"},{\"@type\":\"ListItem\",\"position\":3,\"name\":\"Sonde vaginal OVA\"}]},{\"@type\":\"WebSite\",\"@id\":\"https:\/\/yazmed.ma\/#website\",\"url\":\"https:\/\/yazmed.ma\/\",\"name\":\"Yazmed\",\"description\":\"LEADER DU MAT\u00c9RIEL M\u00c9DICAL AU MAROC\",\"publisher\":{\"@id\":\"https:\/\/yazmed.ma\/#organization\"},\"potentialAction\":[{\"@type\":\"SearchAction\",\"target\":{\"@type\":\"EntryPoint\",\"urlTemplate\":\"https:\/\/yazmed.ma\/?s={search_term_string}\"},\"query-input\":{\"@type\":\"PropertyValueSpecification\",\"valueRequired\":true,\"valueName\":\"search_term_string\"}}],\"inLanguage\":\"ary\"},{\"@type\":\"Organization\",\"@id\":\"https:\/\/yazmed.ma\/#organization\",\"name\":\"Yazmed Healthcare\",\"url\":\"https:\/\/yazmed.ma\/\",\"logo\":{\"@type\":\"ImageObject\",\"inLanguage\":\"ary\",\"@id\":\"https:\/\/yazmed.ma\/#\/schema\/logo\/image\/\",\"url\":\"https:\/\/yazmed.ma\/wp-content\/uploads\/2024\/12\/3.png\",\"contentUrl\":\"https:\/\/yazmed.ma\/wp-content\/uploads\/2024\/12\/3.png\",\"width\":250,\"height\":70,\"caption\":\"Yazmed Healthcare\"},\"image\":{\"@id\":\"https:\/\/yazmed.ma\/#\/schema\/logo\/image\/\"},\"sameAs\":[\"https:\/\/www.facebook.com\/azenkouky\",\"https:\/\/www.instagram.com\/yazmedhealthcare\",\"https:\/\/www.linkedin.com\/in\/yazmed-healthcare-1b4955295\"]}]}<\/script>\n<!-- \/ Yoast SEO plugin. -->","yoast_head_json":{"title":"Sonde vaginal OVA - YAZMED","robots":{"index":"index","follow":"follow","max-snippet":"max-snippet:-1","max-image-preview":"max-image-preview:large","max-video-preview":"max-video-preview:-1"},"canonical":"https:\/\/yazmed.ma\/ar\/product\/sonde-vaginal-ova\/","og_locale":"ar_AR","og_type":"article","og_title":"Sonde vaginal OVA - YAZMED","og_description":"La sonde\u00a0 vaginal OVA 2 est fournie avec une tige amovible appel\u00e9e \u00ab indicateur \u00bb. Cette tige indicatrice de contraction peut \u00eatre utilis\u00e9e par les patientes qui souhaitent continuer leurs exercices chez elles, pour \u00eatre plus s\u00fbres de contracter correctement leur p\u00e9rin\u00e9e.  sonde vaginal ova Mielleur prix au maroc","og_url":"https:\/\/yazmed.ma\/ar\/product\/sonde-vaginal-ova\/","og_site_name":"YAZMED","article_publisher":"https:\/\/www.facebook.com\/azenkouky","article_modified_time":"2025-08-01T11:50:25+00:00","og_image":[{"width":570,"height":517,"url":"https:\/\/yazmed.ma\/wp-content\/uploads\/2025\/07\/sonde-vaginal-ova.webp","type":"image\/webp"}],"twitter_card":"summary_large_image","schema":{"@context":"https:\/\/schema.org","@graph":[{"@type":"WebPage","@id":"https:\/\/yazmed.ma\/product\/sonde-vaginal-ova\/","url":"https:\/\/yazmed.ma\/product\/sonde-vaginal-ova\/","name":"Sonde vaginal OVA - YAZMED","isPartOf":{"@id":"https:\/\/yazmed.ma\/#website"},"primaryImageOfPage":{"@id":"https:\/\/yazmed.ma\/product\/sonde-vaginal-ova\/#primaryimage"},"image":{"@id":"https:\/\/yazmed.ma\/product\/sonde-vaginal-ova\/#primaryimage"},"thumbnailUrl":"https:\/\/yazmed.ma\/wp-content\/uploads\/2025\/07\/sonde-vaginal-ova.webp","datePublished":"2025-07-14T12:41:06+00:00","dateModified":"2025-08-01T11:50:25+00:00","breadcrumb":{"@id":"https:\/\/yazmed.ma\/product\/sonde-vaginal-ova\/#breadcrumb"},"inLanguage":"ary","potentialAction":[{"@type":"ReadAction","target":["https:\/\/yazmed.ma\/product\/sonde-vaginal-ova\/"]}]},{"@type":"ImageObject","inLanguage":"ary","@id":"https:\/\/yazmed.ma\/product\/sonde-vaginal-ova\/#primaryimage","url":"https:\/\/yazmed.ma\/wp-content\/uploads\/2025\/07\/sonde-vaginal-ova.webp","contentUrl":"https:\/\/yazmed.ma\/wp-content\/uploads\/2025\/07\/sonde-vaginal-ova.webp","width":570,"height":517,"caption":"La sonde vaginal OVA"},{"@type":"BreadcrumbList","@id":"https:\/\/yazmed.ma\/product\/sonde-vaginal-ova\/#breadcrumb","itemListElement":[{"@type":"ListItem","position":1,"name":"Accueil","item":"https:\/\/yazmed.ma\/"},{"@type":"ListItem","position":2,"name":"Shop","item":"https:\/\/yazmed.ma\/shop-2\/"},{"@type":"ListItem","position":3,"name":"Sonde vaginal OVA"}]},{"@type":"WebSite","@id":"https:\/\/yazmed.ma\/#website","url":"https:\/\/yazmed.ma\/","name":"Yazmed","description":"LEADER DU MAT\u00c9RIEL M\u00c9DICAL AU MAROC","publisher":{"@id":"https:\/\/yazmed.ma\/#organization"},"potentialAction":[{"@type":"SearchAction","target":{"@type":"EntryPoint","urlTemplate":"https:\/\/yazmed.ma\/?s={search_term_string}"},"query-input":{"@type":"PropertyValueSpecification","valueRequired":true,"valueName":"search_term_string"}}],"inLanguage":"ary"},{"@type":"Organization","@id":"https:\/\/yazmed.ma\/#organization","name":"Yazmed Healthcare","url":"https:\/\/yazmed.ma\/","logo":{"@type":"ImageObject","inLanguage":"ary","@id":"https:\/\/yazmed.ma\/#\/schema\/logo\/image\/","url":"https:\/\/yazmed.ma\/wp-content\/uploads\/2024\/12\/3.png","contentUrl":"https:\/\/yazmed.ma\/wp-content\/uploads\/2024\/12\/3.png","width":250,"height":70,"caption":"Yazmed Healthcare"},"image":{"@id":"https:\/\/yazmed.ma\/#\/schema\/logo\/image\/"},"sameAs":["https:\/\/www.facebook.com\/azenkouky","https:\/\/www.instagram.com\/yazmedhealthcare","https:\/\/www.linkedin.com\/in\/yazmed-healthcare-1b4955295"]}]}},"_links":{"self":[{"href":"https:\/\/yazmed.ma\/ar\/wp-json\/wp\/v2\/product\/2650","targetHints":{"allow":["GET"]}}],"collection":[{"href":"https:\/\/yazmed.ma\/ar\/wp-json\/wp\/v2\/product"}],"about":[{"href":"https:\/\/yazmed.ma\/ar\/wp-json\/wp\/v2\/types\/product"}],"replies":[{"embeddable":true,"href":"https:\/\/yazmed.ma\/ar\/wp-json\/wp\/v2\/comments?post=2650"}],"version-history":[{"count":1,"href":"https:\/\/yazmed.ma\/ar\/wp-json\/wp\/v2\/product\/2650\/revisions"}],"predecessor-version":[{"id":2661,"href":"https:\/\/yazmed.ma\/ar\/wp-json\/wp\/v2\/product\/2650\/revisions\/2661"}],"wp:featuredmedia":[{"embeddable":true,"href":"https:\/\/yazmed.ma\/ar\/wp-json\/wp\/v2\/media\/2651"}],"wp:attachment":[{"href":"https:\/\/yazmed.ma\/ar\/wp-json\/wp\/v2\/media?parent=2650"}],"wp:term":[{"taxonomy":"product_brand","embeddable":true,"href":"https:\/\/yazmed.ma\/ar\/wp-json\/wp\/v2\/product_brand?post=2650"},{"taxonomy":"product_cat","embeddable":true,"href":"https:\/\/yazmed.ma\/ar\/wp-json\/wp\/v2\/product_cat?post=2650"},{"taxonomy":"product_tag","embeddable":true,"href":"https:\/\/yazmed.ma\/ar\/wp-json\/wp\/v2\/product_tag?post=2650"}],"curies":[{"name":"wp","href":"https:\/\/api.w.org\/{rel}","templated":true}]}}