{"id":2606,"date":"2025-07-03T12:32:18","date_gmt":"2025-07-03T12:32:18","guid":{"rendered":"https:\/\/yazmed.ma\/?post_type=product&#038;p=2606"},"modified":"2025-10-21T07:45:54","modified_gmt":"2025-10-21T07:45:54","slug":"boite-a-12-instruments","status":"publish","type":"product","link":"https:\/\/yazmed.ma\/ar\/product\/boite-a-12-instruments\/","title":{"rendered":"Bo\u00eete \u00e0 12 instruments en inox pour petite chirurgie"},"content":{"rendered":"<h5 data-sourcepos=\"5:1-5:322\">La boite \u00e0 11 instruments contient :<\/h5>\n<ul>\n<li data-sourcepos=\"5:1-5:322\">Manche bistouri N\u00b03.<\/li>\n<li data-sourcepos=\"5:1-5:322\">Ciseaux \u00e0 pansements 14 cm.<\/li>\n<li data-sourcepos=\"5:1-5:322\">Pince \u00e0 dissection sans griffes.<\/li>\n<li data-sourcepos=\"5:1-5:322\">Pince \u00e0 dissection avec griffes.<\/li>\n<li data-sourcepos=\"5:1-5:322\">Pince de pean droite 16 cm.<\/li>\n<li data-sourcepos=\"5:1-5:322\">Ciseaux de mayo 15 cm droits.<\/li>\n<li data-sourcepos=\"5:1-5:322\">Ciseaux chirurgicaux droit 14 cm.<\/li>\n<li data-sourcepos=\"5:1-5:322\">Pince h\u00e9mostatique Kocher droite 16 cm.<\/li>\n<li data-sourcepos=\"5:1-5:322\">Sonde cannelee.<\/li>\n<li data-sourcepos=\"5:1-5:322\">Porte aiguille de Hegar.<\/li>\n<li data-sourcepos=\"5:1-5:322\">Pince crille courbe 14 cm.<\/li>\n<\/ul>\n<h1><\/h1>","protected":false},"excerpt":{"rendered":"<h5 data-sourcepos=\"1:1-1:599\">Bo\u00eete \u00e0 11 instruments en inox pour petite chirurgie<\/h5>\n<p data-sourcepos=\"1:1-1:599\">contient un ensemble d&rsquo;instruments essentiels en acier inoxydable, sp\u00e9cialement s\u00e9lectionn\u00e9s pour les besoins de la petite chirurgie. Ainsi, l&rsquo;ensemble comprend un manche de bistouri N\u00b03, polyvalent pour adapter diff\u00e9rentes lames d&rsquo;incision. Pour la manipulation des tissus, vous trouverez une pince \u00e0 dissection sans griffes et une pince \u00e0 dissection avec griffes, permettant une pr\u00e9hension d\u00e9licate ou plus ferme selon les besoins. Le chirurgien assure l\u2019h\u00e9mostase \u00e0 l\u2019aide d\u2019une pince de Pean droite de 16 cm et d\u2019une pince h\u00e9mostatique Kocher droite de 16 cm, ces derni\u00e8res sont id\u00e9ales pour clamper les vaisseaux sanguins.<\/p>\n<p data-sourcepos=\"3:1-3:435\">Une paire de ciseaux \u00e0 pansements de 14 cm, des ciseaux de Mayo droits de 15 cm et des ciseaux chirurgicaux droits de 14 cm facilitent la coupe. Une sonde cannel\u00e9e permet l\u2019exploration, tandis qu\u2019un porte-aiguille de Hegar simplifie la suture. Enfin, une pince de Crille courbe de 14 cm compl\u00e8te ce set, offrant une pr\u00e9hension efficace dans des espaces restreints.<\/p>","protected":false},"featured_media":2607,"comment_status":"open","ping_status":"closed","template":"","meta":[],"product_brand":[],"product_cat":[16],"product_tag":[167],"class_list":{"0":"post-2606","1":"product","2":"type-product","3":"status-publish","4":"has-post-thumbnail","6":"product_cat-toutes-les-categories","7":"product_tag-boite-a-12-instruments-en-inox-pour-petite-chirurgie","9":"first","10":"instock","11":"taxable","12":"shipping-taxable","13":"purchasable","14":"product-type-simple"},"yoast_head":"<!-- This site is optimized with the Yoast SEO plugin v26.9 - https:\/\/yoast.com\/product\/yoast-seo-wordpress\/ -->\n<title>Bo\u00eete \u00e0 12 instruments en inox pour petite chirurgie - YAZMED<\/title>\n<meta name=\"robots\" content=\"index, follow, max-snippet:-1, max-image-preview:large, max-video-preview:-1\" \/>\n<link rel=\"canonical\" href=\"https:\/\/yazmed.ma\/ar\/product\/boite-a-12-instruments\/\" \/>\n<meta property=\"og:locale\" content=\"ar_AR\" \/>\n<meta property=\"og:type\" content=\"article\" \/>\n<meta property=\"og:title\" content=\"Bo\u00eete \u00e0 12 instruments en inox pour petite chirurgie - YAZMED\" \/>\n<meta property=\"og:description\" content=\"Bo\u00eete \u00e0 11 instruments en inox pour petite chirurgie contient un ensemble d&#039;instruments essentiels en acier inoxydable, sp\u00e9cialement s\u00e9lectionn\u00e9s pour les besoins de la petite chirurgie. Ainsi, l&#039;ensemble comprend un manche de bistouri N\u00b03, polyvalent pour adapter diff\u00e9rentes lames d&#039;incision. Pour la manipulation des tissus, vous trouverez une pince \u00e0 dissection sans griffes et une pince \u00e0 dissection avec griffes, permettant une pr\u00e9hension d\u00e9licate ou plus ferme selon les besoins. Le chirurgien assure l\u2019h\u00e9mostase \u00e0 l\u2019aide d\u2019une pince de Pean droite de 16 cm et d\u2019une pince h\u00e9mostatique Kocher droite de 16 cm, ces derni\u00e8res sont id\u00e9ales pour clamper les vaisseaux sanguins. Une paire de ciseaux \u00e0 pansements de 14 cm, des ciseaux de Mayo droits de 15 cm et des ciseaux chirurgicaux droits de 14 cm facilitent la coupe. Une sonde cannel\u00e9e permet l\u2019exploration, tandis qu\u2019un porte-aiguille de Hegar simplifie la suture. Enfin, une pince de Crille courbe de 14 cm compl\u00e8te ce set, offrant une pr\u00e9hension efficace dans des espaces restreints.\" \/>\n<meta property=\"og:url\" content=\"https:\/\/yazmed.ma\/ar\/product\/boite-a-12-instruments\/\" \/>\n<meta property=\"og:site_name\" content=\"YAZMED\" \/>\n<meta property=\"article:publisher\" content=\"https:\/\/www.facebook.com\/azenkouky\" \/>\n<meta property=\"article:modified_time\" content=\"2025-10-21T07:45:54+00:00\" \/>\n<meta property=\"og:image\" content=\"https:\/\/yazmed.ma\/wp-content\/uploads\/2025\/07\/Boite-a-12-instruments-en-inox-pour-petite-chirurgie.webp\" \/>\n\t<meta property=\"og:image:width\" content=\"570\" \/>\n\t<meta property=\"og:image:height\" content=\"517\" \/>\n\t<meta property=\"og:image:type\" content=\"image\/webp\" \/>\n<meta name=\"twitter:card\" content=\"summary_large_image\" \/>\n<script type=\"application\/ld+json\" class=\"yoast-schema-graph\">{\"@context\":\"https:\/\/schema.org\",\"@graph\":[{\"@type\":\"WebPage\",\"@id\":\"https:\/\/yazmed.ma\/product\/boite-a-12-instruments\/\",\"url\":\"https:\/\/yazmed.ma\/product\/boite-a-12-instruments\/\",\"name\":\"Bo\u00eete \u00e0 12 instruments en inox pour petite chirurgie - YAZMED\",\"isPartOf\":{\"@id\":\"https:\/\/yazmed.ma\/#website\"},\"primaryImageOfPage\":{\"@id\":\"https:\/\/yazmed.ma\/product\/boite-a-12-instruments\/#primaryimage\"},\"image\":{\"@id\":\"https:\/\/yazmed.ma\/product\/boite-a-12-instruments\/#primaryimage\"},\"thumbnailUrl\":\"https:\/\/yazmed.ma\/wp-content\/uploads\/2025\/07\/Boite-a-12-instruments-en-inox-pour-petite-chirurgie.webp\",\"datePublished\":\"2025-07-03T12:32:18+00:00\",\"dateModified\":\"2025-10-21T07:45:54+00:00\",\"breadcrumb\":{\"@id\":\"https:\/\/yazmed.ma\/product\/boite-a-12-instruments\/#breadcrumb\"},\"inLanguage\":\"ary\",\"potentialAction\":[{\"@type\":\"ReadAction\",\"target\":[\"https:\/\/yazmed.ma\/product\/boite-a-12-instruments\/\"]}]},{\"@type\":\"ImageObject\",\"inLanguage\":\"ary\",\"@id\":\"https:\/\/yazmed.ma\/product\/boite-a-12-instruments\/#primaryimage\",\"url\":\"https:\/\/yazmed.ma\/wp-content\/uploads\/2025\/07\/Boite-a-12-instruments-en-inox-pour-petite-chirurgie.webp\",\"contentUrl\":\"https:\/\/yazmed.ma\/wp-content\/uploads\/2025\/07\/Boite-a-12-instruments-en-inox-pour-petite-chirurgie.webp\",\"width\":570,\"height\":517,\"caption\":\"Bo\u00eete \u00e0 12 instruments en inox pour petite chirurgie\"},{\"@type\":\"BreadcrumbList\",\"@id\":\"https:\/\/yazmed.ma\/product\/boite-a-12-instruments\/#breadcrumb\",\"itemListElement\":[{\"@type\":\"ListItem\",\"position\":1,\"name\":\"Accueil\",\"item\":\"https:\/\/yazmed.ma\/\"},{\"@type\":\"ListItem\",\"position\":2,\"name\":\"Shop\",\"item\":\"https:\/\/yazmed.ma\/shop-2\/\"},{\"@type\":\"ListItem\",\"position\":3,\"name\":\"Bo\u00eete \u00e0 12 instruments en inox pour petite chirurgie\"}]},{\"@type\":\"WebSite\",\"@id\":\"https:\/\/yazmed.ma\/#website\",\"url\":\"https:\/\/yazmed.ma\/\",\"name\":\"Yazmed\",\"description\":\"LEADER DU MAT\u00c9RIEL M\u00c9DICAL AU MAROC\",\"publisher\":{\"@id\":\"https:\/\/yazmed.ma\/#organization\"},\"potentialAction\":[{\"@type\":\"SearchAction\",\"target\":{\"@type\":\"EntryPoint\",\"urlTemplate\":\"https:\/\/yazmed.ma\/?s={search_term_string}\"},\"query-input\":{\"@type\":\"PropertyValueSpecification\",\"valueRequired\":true,\"valueName\":\"search_term_string\"}}],\"inLanguage\":\"ary\"},{\"@type\":\"Organization\",\"@id\":\"https:\/\/yazmed.ma\/#organization\",\"name\":\"Yazmed Healthcare\",\"url\":\"https:\/\/yazmed.ma\/\",\"logo\":{\"@type\":\"ImageObject\",\"inLanguage\":\"ary\",\"@id\":\"https:\/\/yazmed.ma\/#\/schema\/logo\/image\/\",\"url\":\"https:\/\/yazmed.ma\/wp-content\/uploads\/2024\/12\/3.png\",\"contentUrl\":\"https:\/\/yazmed.ma\/wp-content\/uploads\/2024\/12\/3.png\",\"width\":250,\"height\":70,\"caption\":\"Yazmed Healthcare\"},\"image\":{\"@id\":\"https:\/\/yazmed.ma\/#\/schema\/logo\/image\/\"},\"sameAs\":[\"https:\/\/www.facebook.com\/azenkouky\",\"https:\/\/www.instagram.com\/yazmedhealthcare\",\"https:\/\/www.linkedin.com\/in\/yazmed-healthcare-1b4955295\"]}]}<\/script>\n<!-- \/ Yoast SEO plugin. -->","yoast_head_json":{"title":"Bo\u00eete \u00e0 12 instruments en inox pour petite chirurgie - YAZMED","robots":{"index":"index","follow":"follow","max-snippet":"max-snippet:-1","max-image-preview":"max-image-preview:large","max-video-preview":"max-video-preview:-1"},"canonical":"https:\/\/yazmed.ma\/ar\/product\/boite-a-12-instruments\/","og_locale":"ar_AR","og_type":"article","og_title":"Bo\u00eete \u00e0 12 instruments en inox pour petite chirurgie - YAZMED","og_description":"Bo\u00eete \u00e0 11 instruments en inox pour petite chirurgie contient un ensemble d'instruments essentiels en acier inoxydable, sp\u00e9cialement s\u00e9lectionn\u00e9s pour les besoins de la petite chirurgie. Ainsi, l'ensemble comprend un manche de bistouri N\u00b03, polyvalent pour adapter diff\u00e9rentes lames d'incision. Pour la manipulation des tissus, vous trouverez une pince \u00e0 dissection sans griffes et une pince \u00e0 dissection avec griffes, permettant une pr\u00e9hension d\u00e9licate ou plus ferme selon les besoins. Le chirurgien assure l\u2019h\u00e9mostase \u00e0 l\u2019aide d\u2019une pince de Pean droite de 16 cm et d\u2019une pince h\u00e9mostatique Kocher droite de 16 cm, ces derni\u00e8res sont id\u00e9ales pour clamper les vaisseaux sanguins. Une paire de ciseaux \u00e0 pansements de 14 cm, des ciseaux de Mayo droits de 15 cm et des ciseaux chirurgicaux droits de 14 cm facilitent la coupe. Une sonde cannel\u00e9e permet l\u2019exploration, tandis qu\u2019un porte-aiguille de Hegar simplifie la suture. Enfin, une pince de Crille courbe de 14 cm compl\u00e8te ce set, offrant une pr\u00e9hension efficace dans des espaces restreints.","og_url":"https:\/\/yazmed.ma\/ar\/product\/boite-a-12-instruments\/","og_site_name":"YAZMED","article_publisher":"https:\/\/www.facebook.com\/azenkouky","article_modified_time":"2025-10-21T07:45:54+00:00","og_image":[{"width":570,"height":517,"url":"https:\/\/yazmed.ma\/wp-content\/uploads\/2025\/07\/Boite-a-12-instruments-en-inox-pour-petite-chirurgie.webp","type":"image\/webp"}],"twitter_card":"summary_large_image","schema":{"@context":"https:\/\/schema.org","@graph":[{"@type":"WebPage","@id":"https:\/\/yazmed.ma\/product\/boite-a-12-instruments\/","url":"https:\/\/yazmed.ma\/product\/boite-a-12-instruments\/","name":"Bo\u00eete \u00e0 12 instruments en inox pour petite chirurgie - YAZMED","isPartOf":{"@id":"https:\/\/yazmed.ma\/#website"},"primaryImageOfPage":{"@id":"https:\/\/yazmed.ma\/product\/boite-a-12-instruments\/#primaryimage"},"image":{"@id":"https:\/\/yazmed.ma\/product\/boite-a-12-instruments\/#primaryimage"},"thumbnailUrl":"https:\/\/yazmed.ma\/wp-content\/uploads\/2025\/07\/Boite-a-12-instruments-en-inox-pour-petite-chirurgie.webp","datePublished":"2025-07-03T12:32:18+00:00","dateModified":"2025-10-21T07:45:54+00:00","breadcrumb":{"@id":"https:\/\/yazmed.ma\/product\/boite-a-12-instruments\/#breadcrumb"},"inLanguage":"ary","potentialAction":[{"@type":"ReadAction","target":["https:\/\/yazmed.ma\/product\/boite-a-12-instruments\/"]}]},{"@type":"ImageObject","inLanguage":"ary","@id":"https:\/\/yazmed.ma\/product\/boite-a-12-instruments\/#primaryimage","url":"https:\/\/yazmed.ma\/wp-content\/uploads\/2025\/07\/Boite-a-12-instruments-en-inox-pour-petite-chirurgie.webp","contentUrl":"https:\/\/yazmed.ma\/wp-content\/uploads\/2025\/07\/Boite-a-12-instruments-en-inox-pour-petite-chirurgie.webp","width":570,"height":517,"caption":"Bo\u00eete \u00e0 12 instruments en inox pour petite chirurgie"},{"@type":"BreadcrumbList","@id":"https:\/\/yazmed.ma\/product\/boite-a-12-instruments\/#breadcrumb","itemListElement":[{"@type":"ListItem","position":1,"name":"Accueil","item":"https:\/\/yazmed.ma\/"},{"@type":"ListItem","position":2,"name":"Shop","item":"https:\/\/yazmed.ma\/shop-2\/"},{"@type":"ListItem","position":3,"name":"Bo\u00eete \u00e0 12 instruments en inox pour petite chirurgie"}]},{"@type":"WebSite","@id":"https:\/\/yazmed.ma\/#website","url":"https:\/\/yazmed.ma\/","name":"Yazmed","description":"LEADER DU MAT\u00c9RIEL M\u00c9DICAL AU MAROC","publisher":{"@id":"https:\/\/yazmed.ma\/#organization"},"potentialAction":[{"@type":"SearchAction","target":{"@type":"EntryPoint","urlTemplate":"https:\/\/yazmed.ma\/?s={search_term_string}"},"query-input":{"@type":"PropertyValueSpecification","valueRequired":true,"valueName":"search_term_string"}}],"inLanguage":"ary"},{"@type":"Organization","@id":"https:\/\/yazmed.ma\/#organization","name":"Yazmed Healthcare","url":"https:\/\/yazmed.ma\/","logo":{"@type":"ImageObject","inLanguage":"ary","@id":"https:\/\/yazmed.ma\/#\/schema\/logo\/image\/","url":"https:\/\/yazmed.ma\/wp-content\/uploads\/2024\/12\/3.png","contentUrl":"https:\/\/yazmed.ma\/wp-content\/uploads\/2024\/12\/3.png","width":250,"height":70,"caption":"Yazmed Healthcare"},"image":{"@id":"https:\/\/yazmed.ma\/#\/schema\/logo\/image\/"},"sameAs":["https:\/\/www.facebook.com\/azenkouky","https:\/\/www.instagram.com\/yazmedhealthcare","https:\/\/www.linkedin.com\/in\/yazmed-healthcare-1b4955295"]}]}},"_links":{"self":[{"href":"https:\/\/yazmed.ma\/ar\/wp-json\/wp\/v2\/product\/2606","targetHints":{"allow":["GET"]}}],"collection":[{"href":"https:\/\/yazmed.ma\/ar\/wp-json\/wp\/v2\/product"}],"about":[{"href":"https:\/\/yazmed.ma\/ar\/wp-json\/wp\/v2\/types\/product"}],"replies":[{"embeddable":true,"href":"https:\/\/yazmed.ma\/ar\/wp-json\/wp\/v2\/comments?post=2606"}],"version-history":[{"count":1,"href":"https:\/\/yazmed.ma\/ar\/wp-json\/wp\/v2\/product\/2606\/revisions"}],"predecessor-version":[{"id":2608,"href":"https:\/\/yazmed.ma\/ar\/wp-json\/wp\/v2\/product\/2606\/revisions\/2608"}],"wp:featuredmedia":[{"embeddable":true,"href":"https:\/\/yazmed.ma\/ar\/wp-json\/wp\/v2\/media\/2607"}],"wp:attachment":[{"href":"https:\/\/yazmed.ma\/ar\/wp-json\/wp\/v2\/media?parent=2606"}],"wp:term":[{"taxonomy":"product_brand","embeddable":true,"href":"https:\/\/yazmed.ma\/ar\/wp-json\/wp\/v2\/product_brand?post=2606"},{"taxonomy":"product_cat","embeddable":true,"href":"https:\/\/yazmed.ma\/ar\/wp-json\/wp\/v2\/product_cat?post=2606"},{"taxonomy":"product_tag","embeddable":true,"href":"https:\/\/yazmed.ma\/ar\/wp-json\/wp\/v2\/product_tag?post=2606"}],"curies":[{"name":"wp","href":"https:\/\/api.w.org\/{rel}","templated":true}]}}