{"id":2577,"date":"2025-07-01T12:19:45","date_gmt":"2025-07-01T12:19:45","guid":{"rendered":"https:\/\/yazmed.ma\/?post_type=product&#038;p=2577"},"modified":"2025-10-21T23:23:52","modified_gmt":"2025-10-21T23:23:52","slug":"curette-dermatologique-kai-sterile-10-uu","status":"publish","type":"product","link":"https:\/\/yazmed.ma\/ar\/product\/curette-dermatologique-kai-sterile-10-uu\/","title":{"rendered":"Curette Dermatologique Kai St\u00e9rile 10 UU"},"content":{"rendered":"<p><img decoding=\"async\" class=\"\" src=\"https:\/\/kai-europe.com\/medical\/images\/kaimedical_logo_2022.png\" alt=\"kai medical Logo\" width=\"76\" height=\"67\" \/><\/p>\n<p>MODEL \/ DESCRIPTION<\/p>\n<p>MK402\u00a0\u00a0\u00a0\u00a0\u00a0\u00a0\u00a0\u00a0\u00a0\u00a0\u00a0\u00a0\u00a0\u00a0Blade\u00a0\u00a0\u2205\u00a0\u00a02 mm<br \/>\nMK403\u00a0\u00a0\u00a0\u00a0\u00a0\u00a0\u00a0\u00a0\u00a0\u00a0\u00a0\u00a0\u00a0\u00a0Blade\u00a0\u00a0\u2205\u00a0\u00a03 mm<br \/>\nMK404\u00a0\u00a0\u00a0\u00a0\u00a0\u00a0\u00a0\u00a0\u00a0\u00a0\u00a0\u00a0\u00a0\u00a0Blade\u00a0\u00a0\u2205\u00a0\u00a04 mm<br \/>\nMK405\u00a0\u00a0\u00a0\u00a0\u00a0\u00a0\u00a0\u00a0\u00a0\u00a0\u00a0\u00a0\u00a0\u00a0Blade\u00a0\u00a0\u2205\u00a0\u00a05 mm<br \/>\nMK407\u00a0\u00a0\u00a0\u00a0\u00a0\u00a0\u00a0\u00a0\u00a0\u00a0\u00a0\u00a0\u00a0\u00a0Blade\u00a0\u00a0\u2205\u00a0\u00a07 mm<\/p>\n<div><\/div>","protected":false},"excerpt":{"rendered":"<h5>Curette Dermatologique St\u00e9rile<\/h5>\n<p>Les curettes KAI sont efficaces pour retirer la peau superficielle en minimisant les dommages aux tissus environnants.<\/p>\n<p>Leur tranchant unique est sp\u00e9cialement con\u00e7u en \u00e9troite collaboration avec des experts en dermatologie. De plus, KAI MEDICAL a b\u00e9n\u00e9fici\u00e9 de sa vaste exp\u00e9rience dans la fabrication de lames de rasoir. Gr\u00e2ce \u00e0 cette \u00e9troite collaboration et \u00e0 l&rsquo;expertise de KAI MEDICAL, les difficult\u00e9s courantes li\u00e9es \u00e0 la fonctionnalit\u00e9 et \u00e0 la production en s\u00e9rie des instruments m\u00e9dicaux ont \u00e9t\u00e9 facilement surmont\u00e9es d\u00e8s les premi\u00e8res phases de d\u00e9veloppement. Ce sont ces facteurs qui ont fait la renomm\u00e9e mondiale des curettes KAI.<\/p>","protected":false},"featured_media":2579,"comment_status":"open","ping_status":"closed","template":"","meta":[],"product_brand":[],"product_cat":[16],"product_tag":[153],"class_list":{"0":"post-2577","1":"product","2":"type-product","3":"status-publish","4":"has-post-thumbnail","6":"product_cat-toutes-les-categories","7":"product_tag-curettes-dermiques","9":"first","10":"instock","11":"taxable","12":"shipping-taxable","13":"purchasable","14":"product-type-simple"},"yoast_head":"<!-- This site is optimized with the Yoast SEO plugin v26.9 - https:\/\/yoast.com\/product\/yoast-seo-wordpress\/ -->\n<title>Curette Dermatologique Kai St\u00e9rile 10 UU - YAZMED<\/title>\n<meta name=\"robots\" content=\"index, follow, max-snippet:-1, max-image-preview:large, max-video-preview:-1\" \/>\n<link rel=\"canonical\" href=\"https:\/\/yazmed.ma\/ar\/product\/curette-dermatologique-kai-sterile-10-uu\/\" \/>\n<meta property=\"og:locale\" content=\"ar_AR\" \/>\n<meta property=\"og:type\" content=\"article\" \/>\n<meta property=\"og:title\" content=\"Curette Dermatologique Kai St\u00e9rile 10 UU - YAZMED\" \/>\n<meta property=\"og:description\" content=\"Curette Dermatologique St\u00e9rile Les curettes KAI sont efficaces pour retirer la peau superficielle en minimisant les dommages aux tissus environnants.  Leur tranchant unique est sp\u00e9cialement con\u00e7u en \u00e9troite collaboration avec des experts en dermatologie. De plus, KAI MEDICAL a b\u00e9n\u00e9fici\u00e9 de sa vaste exp\u00e9rience dans la fabrication de lames de rasoir. Gr\u00e2ce \u00e0 cette \u00e9troite collaboration et \u00e0 l&#039;expertise de KAI MEDICAL, les difficult\u00e9s courantes li\u00e9es \u00e0 la fonctionnalit\u00e9 et \u00e0 la production en s\u00e9rie des instruments m\u00e9dicaux ont \u00e9t\u00e9 facilement surmont\u00e9es d\u00e8s les premi\u00e8res phases de d\u00e9veloppement. Ce sont ces facteurs qui ont fait la renomm\u00e9e mondiale des curettes KAI.\" \/>\n<meta property=\"og:url\" content=\"https:\/\/yazmed.ma\/ar\/product\/curette-dermatologique-kai-sterile-10-uu\/\" \/>\n<meta property=\"og:site_name\" content=\"YAZMED\" \/>\n<meta property=\"article:publisher\" content=\"https:\/\/www.facebook.com\/azenkouky\" \/>\n<meta property=\"article:modified_time\" content=\"2025-10-21T23:23:52+00:00\" \/>\n<meta property=\"og:image\" content=\"https:\/\/yazmed.ma\/wp-content\/uploads\/2025\/07\/Curette-Dermatologique-KAI-1.webp\" \/>\n\t<meta property=\"og:image:width\" content=\"570\" \/>\n\t<meta property=\"og:image:height\" content=\"517\" \/>\n\t<meta property=\"og:image:type\" content=\"image\/webp\" \/>\n<meta name=\"twitter:card\" content=\"summary_large_image\" \/>\n<script type=\"application\/ld+json\" class=\"yoast-schema-graph\">{\"@context\":\"https:\/\/schema.org\",\"@graph\":[{\"@type\":\"WebPage\",\"@id\":\"https:\/\/yazmed.ma\/product\/curette-dermatologique-kai-sterile-10-uu\/\",\"url\":\"https:\/\/yazmed.ma\/product\/curette-dermatologique-kai-sterile-10-uu\/\",\"name\":\"Curette Dermatologique Kai St\u00e9rile 10 UU - YAZMED\",\"isPartOf\":{\"@id\":\"https:\/\/yazmed.ma\/#website\"},\"primaryImageOfPage\":{\"@id\":\"https:\/\/yazmed.ma\/product\/curette-dermatologique-kai-sterile-10-uu\/#primaryimage\"},\"image\":{\"@id\":\"https:\/\/yazmed.ma\/product\/curette-dermatologique-kai-sterile-10-uu\/#primaryimage\"},\"thumbnailUrl\":\"https:\/\/yazmed.ma\/wp-content\/uploads\/2025\/07\/Curette-Dermatologique-KAI-1.webp\",\"datePublished\":\"2025-07-01T12:19:45+00:00\",\"dateModified\":\"2025-10-21T23:23:52+00:00\",\"breadcrumb\":{\"@id\":\"https:\/\/yazmed.ma\/product\/curette-dermatologique-kai-sterile-10-uu\/#breadcrumb\"},\"inLanguage\":\"ary\",\"potentialAction\":[{\"@type\":\"ReadAction\",\"target\":[\"https:\/\/yazmed.ma\/product\/curette-dermatologique-kai-sterile-10-uu\/\"]}]},{\"@type\":\"ImageObject\",\"inLanguage\":\"ary\",\"@id\":\"https:\/\/yazmed.ma\/product\/curette-dermatologique-kai-sterile-10-uu\/#primaryimage\",\"url\":\"https:\/\/yazmed.ma\/wp-content\/uploads\/2025\/07\/Curette-Dermatologique-KAI-1.webp\",\"contentUrl\":\"https:\/\/yazmed.ma\/wp-content\/uploads\/2025\/07\/Curette-Dermatologique-KAI-1.webp\",\"width\":570,\"height\":517,\"caption\":\"Curette Dermatologique-KAI\"},{\"@type\":\"BreadcrumbList\",\"@id\":\"https:\/\/yazmed.ma\/product\/curette-dermatologique-kai-sterile-10-uu\/#breadcrumb\",\"itemListElement\":[{\"@type\":\"ListItem\",\"position\":1,\"name\":\"Accueil\",\"item\":\"https:\/\/yazmed.ma\/\"},{\"@type\":\"ListItem\",\"position\":2,\"name\":\"Shop\",\"item\":\"https:\/\/yazmed.ma\/shop-2\/\"},{\"@type\":\"ListItem\",\"position\":3,\"name\":\"Curette Dermatologique Kai St\u00e9rile 10 UU\"}]},{\"@type\":\"WebSite\",\"@id\":\"https:\/\/yazmed.ma\/#website\",\"url\":\"https:\/\/yazmed.ma\/\",\"name\":\"Yazmed\",\"description\":\"LEADER DU MAT\u00c9RIEL M\u00c9DICAL AU MAROC\",\"publisher\":{\"@id\":\"https:\/\/yazmed.ma\/#organization\"},\"potentialAction\":[{\"@type\":\"SearchAction\",\"target\":{\"@type\":\"EntryPoint\",\"urlTemplate\":\"https:\/\/yazmed.ma\/?s={search_term_string}\"},\"query-input\":{\"@type\":\"PropertyValueSpecification\",\"valueRequired\":true,\"valueName\":\"search_term_string\"}}],\"inLanguage\":\"ary\"},{\"@type\":\"Organization\",\"@id\":\"https:\/\/yazmed.ma\/#organization\",\"name\":\"Yazmed Healthcare\",\"url\":\"https:\/\/yazmed.ma\/\",\"logo\":{\"@type\":\"ImageObject\",\"inLanguage\":\"ary\",\"@id\":\"https:\/\/yazmed.ma\/#\/schema\/logo\/image\/\",\"url\":\"https:\/\/yazmed.ma\/wp-content\/uploads\/2024\/12\/3.png\",\"contentUrl\":\"https:\/\/yazmed.ma\/wp-content\/uploads\/2024\/12\/3.png\",\"width\":250,\"height\":70,\"caption\":\"Yazmed Healthcare\"},\"image\":{\"@id\":\"https:\/\/yazmed.ma\/#\/schema\/logo\/image\/\"},\"sameAs\":[\"https:\/\/www.facebook.com\/azenkouky\",\"https:\/\/www.instagram.com\/yazmedhealthcare\",\"https:\/\/www.linkedin.com\/in\/yazmed-healthcare-1b4955295\"]}]}<\/script>\n<!-- \/ Yoast SEO plugin. -->","yoast_head_json":{"title":"Curette Dermatologique Kai St\u00e9rile 10 UU - YAZMED","robots":{"index":"index","follow":"follow","max-snippet":"max-snippet:-1","max-image-preview":"max-image-preview:large","max-video-preview":"max-video-preview:-1"},"canonical":"https:\/\/yazmed.ma\/ar\/product\/curette-dermatologique-kai-sterile-10-uu\/","og_locale":"ar_AR","og_type":"article","og_title":"Curette Dermatologique Kai St\u00e9rile 10 UU - YAZMED","og_description":"Curette Dermatologique St\u00e9rile Les curettes KAI sont efficaces pour retirer la peau superficielle en minimisant les dommages aux tissus environnants.  Leur tranchant unique est sp\u00e9cialement con\u00e7u en \u00e9troite collaboration avec des experts en dermatologie. De plus, KAI MEDICAL a b\u00e9n\u00e9fici\u00e9 de sa vaste exp\u00e9rience dans la fabrication de lames de rasoir. Gr\u00e2ce \u00e0 cette \u00e9troite collaboration et \u00e0 l'expertise de KAI MEDICAL, les difficult\u00e9s courantes li\u00e9es \u00e0 la fonctionnalit\u00e9 et \u00e0 la production en s\u00e9rie des instruments m\u00e9dicaux ont \u00e9t\u00e9 facilement surmont\u00e9es d\u00e8s les premi\u00e8res phases de d\u00e9veloppement. Ce sont ces facteurs qui ont fait la renomm\u00e9e mondiale des curettes KAI.","og_url":"https:\/\/yazmed.ma\/ar\/product\/curette-dermatologique-kai-sterile-10-uu\/","og_site_name":"YAZMED","article_publisher":"https:\/\/www.facebook.com\/azenkouky","article_modified_time":"2025-10-21T23:23:52+00:00","og_image":[{"width":570,"height":517,"url":"https:\/\/yazmed.ma\/wp-content\/uploads\/2025\/07\/Curette-Dermatologique-KAI-1.webp","type":"image\/webp"}],"twitter_card":"summary_large_image","schema":{"@context":"https:\/\/schema.org","@graph":[{"@type":"WebPage","@id":"https:\/\/yazmed.ma\/product\/curette-dermatologique-kai-sterile-10-uu\/","url":"https:\/\/yazmed.ma\/product\/curette-dermatologique-kai-sterile-10-uu\/","name":"Curette Dermatologique Kai St\u00e9rile 10 UU - YAZMED","isPartOf":{"@id":"https:\/\/yazmed.ma\/#website"},"primaryImageOfPage":{"@id":"https:\/\/yazmed.ma\/product\/curette-dermatologique-kai-sterile-10-uu\/#primaryimage"},"image":{"@id":"https:\/\/yazmed.ma\/product\/curette-dermatologique-kai-sterile-10-uu\/#primaryimage"},"thumbnailUrl":"https:\/\/yazmed.ma\/wp-content\/uploads\/2025\/07\/Curette-Dermatologique-KAI-1.webp","datePublished":"2025-07-01T12:19:45+00:00","dateModified":"2025-10-21T23:23:52+00:00","breadcrumb":{"@id":"https:\/\/yazmed.ma\/product\/curette-dermatologique-kai-sterile-10-uu\/#breadcrumb"},"inLanguage":"ary","potentialAction":[{"@type":"ReadAction","target":["https:\/\/yazmed.ma\/product\/curette-dermatologique-kai-sterile-10-uu\/"]}]},{"@type":"ImageObject","inLanguage":"ary","@id":"https:\/\/yazmed.ma\/product\/curette-dermatologique-kai-sterile-10-uu\/#primaryimage","url":"https:\/\/yazmed.ma\/wp-content\/uploads\/2025\/07\/Curette-Dermatologique-KAI-1.webp","contentUrl":"https:\/\/yazmed.ma\/wp-content\/uploads\/2025\/07\/Curette-Dermatologique-KAI-1.webp","width":570,"height":517,"caption":"Curette Dermatologique-KAI"},{"@type":"BreadcrumbList","@id":"https:\/\/yazmed.ma\/product\/curette-dermatologique-kai-sterile-10-uu\/#breadcrumb","itemListElement":[{"@type":"ListItem","position":1,"name":"Accueil","item":"https:\/\/yazmed.ma\/"},{"@type":"ListItem","position":2,"name":"Shop","item":"https:\/\/yazmed.ma\/shop-2\/"},{"@type":"ListItem","position":3,"name":"Curette Dermatologique Kai St\u00e9rile 10 UU"}]},{"@type":"WebSite","@id":"https:\/\/yazmed.ma\/#website","url":"https:\/\/yazmed.ma\/","name":"Yazmed","description":"LEADER DU MAT\u00c9RIEL M\u00c9DICAL AU MAROC","publisher":{"@id":"https:\/\/yazmed.ma\/#organization"},"potentialAction":[{"@type":"SearchAction","target":{"@type":"EntryPoint","urlTemplate":"https:\/\/yazmed.ma\/?s={search_term_string}"},"query-input":{"@type":"PropertyValueSpecification","valueRequired":true,"valueName":"search_term_string"}}],"inLanguage":"ary"},{"@type":"Organization","@id":"https:\/\/yazmed.ma\/#organization","name":"Yazmed Healthcare","url":"https:\/\/yazmed.ma\/","logo":{"@type":"ImageObject","inLanguage":"ary","@id":"https:\/\/yazmed.ma\/#\/schema\/logo\/image\/","url":"https:\/\/yazmed.ma\/wp-content\/uploads\/2024\/12\/3.png","contentUrl":"https:\/\/yazmed.ma\/wp-content\/uploads\/2024\/12\/3.png","width":250,"height":70,"caption":"Yazmed Healthcare"},"image":{"@id":"https:\/\/yazmed.ma\/#\/schema\/logo\/image\/"},"sameAs":["https:\/\/www.facebook.com\/azenkouky","https:\/\/www.instagram.com\/yazmedhealthcare","https:\/\/www.linkedin.com\/in\/yazmed-healthcare-1b4955295"]}]}},"_links":{"self":[{"href":"https:\/\/yazmed.ma\/ar\/wp-json\/wp\/v2\/product\/2577","targetHints":{"allow":["GET"]}}],"collection":[{"href":"https:\/\/yazmed.ma\/ar\/wp-json\/wp\/v2\/product"}],"about":[{"href":"https:\/\/yazmed.ma\/ar\/wp-json\/wp\/v2\/types\/product"}],"replies":[{"embeddable":true,"href":"https:\/\/yazmed.ma\/ar\/wp-json\/wp\/v2\/comments?post=2577"}],"version-history":[{"count":0,"href":"https:\/\/yazmed.ma\/ar\/wp-json\/wp\/v2\/product\/2577\/revisions"}],"wp:featuredmedia":[{"embeddable":true,"href":"https:\/\/yazmed.ma\/ar\/wp-json\/wp\/v2\/media\/2579"}],"wp:attachment":[{"href":"https:\/\/yazmed.ma\/ar\/wp-json\/wp\/v2\/media?parent=2577"}],"wp:term":[{"taxonomy":"product_brand","embeddable":true,"href":"https:\/\/yazmed.ma\/ar\/wp-json\/wp\/v2\/product_brand?post=2577"},{"taxonomy":"product_cat","embeddable":true,"href":"https:\/\/yazmed.ma\/ar\/wp-json\/wp\/v2\/product_cat?post=2577"},{"taxonomy":"product_tag","embeddable":true,"href":"https:\/\/yazmed.ma\/ar\/wp-json\/wp\/v2\/product_tag?post=2577"}],"curies":[{"name":"wp","href":"https:\/\/api.w.org\/{rel}","templated":true}]}}