{"id":2574,"date":"2025-07-01T11:45:26","date_gmt":"2025-07-01T11:45:26","guid":{"rendered":"https:\/\/yazmed.ma\/?post_type=product&#038;p=2574"},"modified":"2025-08-01T11:50:04","modified_gmt":"2025-08-01T11:50:04","slug":"punch-a-biopsie-sterile-kai-20-unite","status":"publish","type":"product","link":"https:\/\/yazmed.ma\/ar\/product\/punch-a-biopsie-sterile-kai-20-unite\/","title":{"rendered":"Punch \u00e0 biopsie st\u00e9rile KAI 20 Unit\u00e9"},"content":{"rendered":"<p>&nbsp;<\/p>\n<p><a href=\"https:\/\/kai-europe.com\/medical\/?lang=en#\" target=\"_blank\" rel=\"noopener\">Biopsy Punches<\/a><\/p>\n<p><img decoding=\"async\" class=\"\" src=\"https:\/\/kai-europe.com\/medical\/images\/kaimedical_logo_2022.png\" alt=\"kai medical Logo\" width=\"70\" height=\"62\" \/><\/p>","protected":false},"excerpt":{"rendered":"<p>Punchs \u00e0 biopsie st\u00e9rile KAI 20<\/p>\n<h5>sont des dispositifs m\u00e9dicaux st\u00e9riles, \u00e0 usage unique, en acier inoxydable pour des biopsies assurant pr\u00e9cision et douceur de la peau. La biopsie est un \u00e9l\u00e9ment cl\u00e9 dans le diagnostic m\u00e9dical. Son plastique antid\u00e9rapant, son ergonomie et sa lame tranchante particuli\u00e8rement fine font du Punch \u00e0 biopsie KAI<strong>\u00a0<\/strong>la r\u00e9f\u00e9rence en mati\u00e8re de punchs pour biopsie. Afin de s&rsquo;adapter \u00e0 la taille des carottages cutan\u00e9s \u00e0 r\u00e9aliser, les punchs sont disponibles en diff\u00e9rentes tailles. La taille est grav\u00e9e sur chaque punch pour une identification ais\u00e9e.<\/h5>\n<p>punch \u00e0 biopsie cutan\u00e9e st\u00e9rile \u00e0 usage unique KAI permet la biopsie par carottage. La lame du punch Kai permet d\u2019extraire un cylindre de l\u2019\u00e9paisseur cutan\u00e9e. Le punch \u00e0 biopsie Kai poss\u00e8de un manche cannel\u00e9 anti-d\u00e9rapant pour assurer une prise plus pr\u00e9cise.<\/p>\n<p>&nbsp;<\/p>\n<p>&nbsp;<\/p>","protected":false},"featured_media":2575,"comment_status":"open","ping_status":"closed","template":"","meta":[],"product_brand":[],"product_cat":[52],"product_tag":[152,151],"class_list":{"0":"post-2574","1":"product","2":"type-product","3":"status-publish","4":"has-post-thumbnail","6":"product_cat-consommable-medical","7":"product_tag-kai-medical","8":"product_tag-punch-a-biopsie","10":"first","11":"instock","12":"taxable","13":"shipping-taxable","14":"purchasable","15":"product-type-simple"},"yoast_head":"<!-- This site is optimized with the Yoast SEO plugin v26.9 - https:\/\/yoast.com\/product\/yoast-seo-wordpress\/ -->\n<title>Punch \u00e0 biopsie st\u00e9rile KAI 20 Unit\u00e9 - YAZMED<\/title>\n<meta name=\"robots\" content=\"index, follow, max-snippet:-1, max-image-preview:large, max-video-preview:-1\" \/>\n<link rel=\"canonical\" href=\"https:\/\/yazmed.ma\/ar\/product\/punch-a-biopsie-sterile-kai-20-unite\/\" \/>\n<meta property=\"og:locale\" content=\"ar_AR\" \/>\n<meta property=\"og:type\" content=\"article\" \/>\n<meta property=\"og:title\" content=\"Punch \u00e0 biopsie st\u00e9rile KAI 20 Unit\u00e9 - YAZMED\" \/>\n<meta property=\"og:description\" content=\"Punchs \u00e0 biopsie st\u00e9rile KAI 20 sont des dispositifs m\u00e9dicaux st\u00e9riles, \u00e0 usage unique, en acier inoxydable pour des biopsies assurant pr\u00e9cision et douceur de la peau. La biopsie est un \u00e9l\u00e9ment cl\u00e9 dans le diagnostic m\u00e9dical. Son plastique antid\u00e9rapant, son ergonomie et sa lame tranchante particuli\u00e8rement fine font du Punch \u00e0 biopsie KAI\u00a0la r\u00e9f\u00e9rence en mati\u00e8re de punchs pour biopsie. Afin de s&#039;adapter \u00e0 la taille des carottages cutan\u00e9s \u00e0 r\u00e9aliser, les punchs sont disponibles en diff\u00e9rentes tailles. La taille est grav\u00e9e sur chaque punch pour une identification ais\u00e9e. punch \u00e0 biopsie cutan\u00e9e st\u00e9rile \u00e0 usage unique KAI permet la biopsie par carottage. La lame du punch Kai permet d\u2019extraire un cylindre de l\u2019\u00e9paisseur cutan\u00e9e. Le punch \u00e0 biopsie Kai poss\u00e8de un manche cannel\u00e9 anti-d\u00e9rapant pour assurer une prise plus pr\u00e9cise.  &nbsp;  &nbsp;\" \/>\n<meta property=\"og:url\" content=\"https:\/\/yazmed.ma\/ar\/product\/punch-a-biopsie-sterile-kai-20-unite\/\" \/>\n<meta property=\"og:site_name\" content=\"YAZMED\" \/>\n<meta property=\"article:publisher\" content=\"https:\/\/www.facebook.com\/azenkouky\" \/>\n<meta property=\"article:modified_time\" content=\"2025-08-01T11:50:04+00:00\" \/>\n<meta property=\"og:image\" content=\"https:\/\/yazmed.ma\/wp-content\/uploads\/2025\/07\/Punch-a-biopsie-kai.webp\" \/>\n\t<meta property=\"og:image:width\" content=\"570\" \/>\n\t<meta property=\"og:image:height\" content=\"517\" \/>\n\t<meta property=\"og:image:type\" content=\"image\/webp\" \/>\n<meta name=\"twitter:card\" content=\"summary_large_image\" \/>\n<script type=\"application\/ld+json\" class=\"yoast-schema-graph\">{\"@context\":\"https:\/\/schema.org\",\"@graph\":[{\"@type\":\"WebPage\",\"@id\":\"https:\/\/yazmed.ma\/product\/punch-a-biopsie-sterile-kai-20-unite\/\",\"url\":\"https:\/\/yazmed.ma\/product\/punch-a-biopsie-sterile-kai-20-unite\/\",\"name\":\"Punch \u00e0 biopsie st\u00e9rile KAI 20 Unit\u00e9 - YAZMED\",\"isPartOf\":{\"@id\":\"https:\/\/yazmed.ma\/#website\"},\"primaryImageOfPage\":{\"@id\":\"https:\/\/yazmed.ma\/product\/punch-a-biopsie-sterile-kai-20-unite\/#primaryimage\"},\"image\":{\"@id\":\"https:\/\/yazmed.ma\/product\/punch-a-biopsie-sterile-kai-20-unite\/#primaryimage\"},\"thumbnailUrl\":\"https:\/\/yazmed.ma\/wp-content\/uploads\/2025\/07\/Punch-a-biopsie-kai.webp\",\"datePublished\":\"2025-07-01T11:45:26+00:00\",\"dateModified\":\"2025-08-01T11:50:04+00:00\",\"breadcrumb\":{\"@id\":\"https:\/\/yazmed.ma\/product\/punch-a-biopsie-sterile-kai-20-unite\/#breadcrumb\"},\"inLanguage\":\"ary\",\"potentialAction\":[{\"@type\":\"ReadAction\",\"target\":[\"https:\/\/yazmed.ma\/product\/punch-a-biopsie-sterile-kai-20-unite\/\"]}]},{\"@type\":\"ImageObject\",\"inLanguage\":\"ary\",\"@id\":\"https:\/\/yazmed.ma\/product\/punch-a-biopsie-sterile-kai-20-unite\/#primaryimage\",\"url\":\"https:\/\/yazmed.ma\/wp-content\/uploads\/2025\/07\/Punch-a-biopsie-kai.webp\",\"contentUrl\":\"https:\/\/yazmed.ma\/wp-content\/uploads\/2025\/07\/Punch-a-biopsie-kai.webp\",\"width\":570,\"height\":517,\"caption\":\"Punch a biopsie kai\"},{\"@type\":\"BreadcrumbList\",\"@id\":\"https:\/\/yazmed.ma\/product\/punch-a-biopsie-sterile-kai-20-unite\/#breadcrumb\",\"itemListElement\":[{\"@type\":\"ListItem\",\"position\":1,\"name\":\"Accueil\",\"item\":\"https:\/\/yazmed.ma\/\"},{\"@type\":\"ListItem\",\"position\":2,\"name\":\"Shop\",\"item\":\"https:\/\/yazmed.ma\/shop-2\/\"},{\"@type\":\"ListItem\",\"position\":3,\"name\":\"Punch \u00e0 biopsie st\u00e9rile KAI 20 Unit\u00e9\"}]},{\"@type\":\"WebSite\",\"@id\":\"https:\/\/yazmed.ma\/#website\",\"url\":\"https:\/\/yazmed.ma\/\",\"name\":\"Yazmed\",\"description\":\"LEADER DU MAT\u00c9RIEL M\u00c9DICAL AU MAROC\",\"publisher\":{\"@id\":\"https:\/\/yazmed.ma\/#organization\"},\"potentialAction\":[{\"@type\":\"SearchAction\",\"target\":{\"@type\":\"EntryPoint\",\"urlTemplate\":\"https:\/\/yazmed.ma\/?s={search_term_string}\"},\"query-input\":{\"@type\":\"PropertyValueSpecification\",\"valueRequired\":true,\"valueName\":\"search_term_string\"}}],\"inLanguage\":\"ary\"},{\"@type\":\"Organization\",\"@id\":\"https:\/\/yazmed.ma\/#organization\",\"name\":\"Yazmed Healthcare\",\"url\":\"https:\/\/yazmed.ma\/\",\"logo\":{\"@type\":\"ImageObject\",\"inLanguage\":\"ary\",\"@id\":\"https:\/\/yazmed.ma\/#\/schema\/logo\/image\/\",\"url\":\"https:\/\/yazmed.ma\/wp-content\/uploads\/2024\/12\/3.png\",\"contentUrl\":\"https:\/\/yazmed.ma\/wp-content\/uploads\/2024\/12\/3.png\",\"width\":250,\"height\":70,\"caption\":\"Yazmed Healthcare\"},\"image\":{\"@id\":\"https:\/\/yazmed.ma\/#\/schema\/logo\/image\/\"},\"sameAs\":[\"https:\/\/www.facebook.com\/azenkouky\",\"https:\/\/www.instagram.com\/yazmedhealthcare\",\"https:\/\/www.linkedin.com\/in\/yazmed-healthcare-1b4955295\"]}]}<\/script>\n<!-- \/ Yoast SEO plugin. -->","yoast_head_json":{"title":"Punch \u00e0 biopsie st\u00e9rile KAI 20 Unit\u00e9 - YAZMED","robots":{"index":"index","follow":"follow","max-snippet":"max-snippet:-1","max-image-preview":"max-image-preview:large","max-video-preview":"max-video-preview:-1"},"canonical":"https:\/\/yazmed.ma\/ar\/product\/punch-a-biopsie-sterile-kai-20-unite\/","og_locale":"ar_AR","og_type":"article","og_title":"Punch \u00e0 biopsie st\u00e9rile KAI 20 Unit\u00e9 - YAZMED","og_description":"Punchs \u00e0 biopsie st\u00e9rile KAI 20 sont des dispositifs m\u00e9dicaux st\u00e9riles, \u00e0 usage unique, en acier inoxydable pour des biopsies assurant pr\u00e9cision et douceur de la peau. La biopsie est un \u00e9l\u00e9ment cl\u00e9 dans le diagnostic m\u00e9dical. Son plastique antid\u00e9rapant, son ergonomie et sa lame tranchante particuli\u00e8rement fine font du Punch \u00e0 biopsie KAI\u00a0la r\u00e9f\u00e9rence en mati\u00e8re de punchs pour biopsie. Afin de s'adapter \u00e0 la taille des carottages cutan\u00e9s \u00e0 r\u00e9aliser, les punchs sont disponibles en diff\u00e9rentes tailles. La taille est grav\u00e9e sur chaque punch pour une identification ais\u00e9e. punch \u00e0 biopsie cutan\u00e9e st\u00e9rile \u00e0 usage unique KAI permet la biopsie par carottage. La lame du punch Kai permet d\u2019extraire un cylindre de l\u2019\u00e9paisseur cutan\u00e9e. Le punch \u00e0 biopsie Kai poss\u00e8de un manche cannel\u00e9 anti-d\u00e9rapant pour assurer une prise plus pr\u00e9cise.  &nbsp;  &nbsp;","og_url":"https:\/\/yazmed.ma\/ar\/product\/punch-a-biopsie-sterile-kai-20-unite\/","og_site_name":"YAZMED","article_publisher":"https:\/\/www.facebook.com\/azenkouky","article_modified_time":"2025-08-01T11:50:04+00:00","og_image":[{"width":570,"height":517,"url":"https:\/\/yazmed.ma\/wp-content\/uploads\/2025\/07\/Punch-a-biopsie-kai.webp","type":"image\/webp"}],"twitter_card":"summary_large_image","schema":{"@context":"https:\/\/schema.org","@graph":[{"@type":"WebPage","@id":"https:\/\/yazmed.ma\/product\/punch-a-biopsie-sterile-kai-20-unite\/","url":"https:\/\/yazmed.ma\/product\/punch-a-biopsie-sterile-kai-20-unite\/","name":"Punch \u00e0 biopsie st\u00e9rile KAI 20 Unit\u00e9 - YAZMED","isPartOf":{"@id":"https:\/\/yazmed.ma\/#website"},"primaryImageOfPage":{"@id":"https:\/\/yazmed.ma\/product\/punch-a-biopsie-sterile-kai-20-unite\/#primaryimage"},"image":{"@id":"https:\/\/yazmed.ma\/product\/punch-a-biopsie-sterile-kai-20-unite\/#primaryimage"},"thumbnailUrl":"https:\/\/yazmed.ma\/wp-content\/uploads\/2025\/07\/Punch-a-biopsie-kai.webp","datePublished":"2025-07-01T11:45:26+00:00","dateModified":"2025-08-01T11:50:04+00:00","breadcrumb":{"@id":"https:\/\/yazmed.ma\/product\/punch-a-biopsie-sterile-kai-20-unite\/#breadcrumb"},"inLanguage":"ary","potentialAction":[{"@type":"ReadAction","target":["https:\/\/yazmed.ma\/product\/punch-a-biopsie-sterile-kai-20-unite\/"]}]},{"@type":"ImageObject","inLanguage":"ary","@id":"https:\/\/yazmed.ma\/product\/punch-a-biopsie-sterile-kai-20-unite\/#primaryimage","url":"https:\/\/yazmed.ma\/wp-content\/uploads\/2025\/07\/Punch-a-biopsie-kai.webp","contentUrl":"https:\/\/yazmed.ma\/wp-content\/uploads\/2025\/07\/Punch-a-biopsie-kai.webp","width":570,"height":517,"caption":"Punch a biopsie kai"},{"@type":"BreadcrumbList","@id":"https:\/\/yazmed.ma\/product\/punch-a-biopsie-sterile-kai-20-unite\/#breadcrumb","itemListElement":[{"@type":"ListItem","position":1,"name":"Accueil","item":"https:\/\/yazmed.ma\/"},{"@type":"ListItem","position":2,"name":"Shop","item":"https:\/\/yazmed.ma\/shop-2\/"},{"@type":"ListItem","position":3,"name":"Punch \u00e0 biopsie st\u00e9rile KAI 20 Unit\u00e9"}]},{"@type":"WebSite","@id":"https:\/\/yazmed.ma\/#website","url":"https:\/\/yazmed.ma\/","name":"Yazmed","description":"LEADER DU MAT\u00c9RIEL M\u00c9DICAL AU MAROC","publisher":{"@id":"https:\/\/yazmed.ma\/#organization"},"potentialAction":[{"@type":"SearchAction","target":{"@type":"EntryPoint","urlTemplate":"https:\/\/yazmed.ma\/?s={search_term_string}"},"query-input":{"@type":"PropertyValueSpecification","valueRequired":true,"valueName":"search_term_string"}}],"inLanguage":"ary"},{"@type":"Organization","@id":"https:\/\/yazmed.ma\/#organization","name":"Yazmed Healthcare","url":"https:\/\/yazmed.ma\/","logo":{"@type":"ImageObject","inLanguage":"ary","@id":"https:\/\/yazmed.ma\/#\/schema\/logo\/image\/","url":"https:\/\/yazmed.ma\/wp-content\/uploads\/2024\/12\/3.png","contentUrl":"https:\/\/yazmed.ma\/wp-content\/uploads\/2024\/12\/3.png","width":250,"height":70,"caption":"Yazmed Healthcare"},"image":{"@id":"https:\/\/yazmed.ma\/#\/schema\/logo\/image\/"},"sameAs":["https:\/\/www.facebook.com\/azenkouky","https:\/\/www.instagram.com\/yazmedhealthcare","https:\/\/www.linkedin.com\/in\/yazmed-healthcare-1b4955295"]}]}},"_links":{"self":[{"href":"https:\/\/yazmed.ma\/ar\/wp-json\/wp\/v2\/product\/2574","targetHints":{"allow":["GET"]}}],"collection":[{"href":"https:\/\/yazmed.ma\/ar\/wp-json\/wp\/v2\/product"}],"about":[{"href":"https:\/\/yazmed.ma\/ar\/wp-json\/wp\/v2\/types\/product"}],"replies":[{"embeddable":true,"href":"https:\/\/yazmed.ma\/ar\/wp-json\/wp\/v2\/comments?post=2574"}],"version-history":[{"count":1,"href":"https:\/\/yazmed.ma\/ar\/wp-json\/wp\/v2\/product\/2574\/revisions"}],"predecessor-version":[{"id":2576,"href":"https:\/\/yazmed.ma\/ar\/wp-json\/wp\/v2\/product\/2574\/revisions\/2576"}],"wp:featuredmedia":[{"embeddable":true,"href":"https:\/\/yazmed.ma\/ar\/wp-json\/wp\/v2\/media\/2575"}],"wp:attachment":[{"href":"https:\/\/yazmed.ma\/ar\/wp-json\/wp\/v2\/media?parent=2574"}],"wp:term":[{"taxonomy":"product_brand","embeddable":true,"href":"https:\/\/yazmed.ma\/ar\/wp-json\/wp\/v2\/product_brand?post=2574"},{"taxonomy":"product_cat","embeddable":true,"href":"https:\/\/yazmed.ma\/ar\/wp-json\/wp\/v2\/product_cat?post=2574"},{"taxonomy":"product_tag","embeddable":true,"href":"https:\/\/yazmed.ma\/ar\/wp-json\/wp\/v2\/product_tag?post=2574"}],"curies":[{"name":"wp","href":"https:\/\/api.w.org\/{rel}","templated":true}]}}