{"id":2565,"date":"2025-06-28T12:45:50","date_gmt":"2025-06-28T12:45:50","guid":{"rendered":"https:\/\/yazmed.ma\/?post_type=product&#038;p=2565"},"modified":"2025-08-04T16:44:17","modified_gmt":"2025-08-04T16:44:17","slug":"aniosafe-savon-doux-hf-5","status":"publish","type":"product","link":"https:\/\/yazmed.ma\/ar\/product\/aniosafe-savon-doux-hf-5\/","title":{"rendered":"ANIOSAFE SAVON DOUX HF 5"},"content":{"rendered":"<p>i<\/p>\n<p><img decoding=\"async\" class=\"\" src=\"https:\/\/eclazon.ma\/wp-content\/uploads\/2024\/07\/anios-logo-200x100.jpg\" width=\"112\" height=\"56\" \/><\/p>\n<p>&nbsp;<\/p>\n<p><a href=\"https:\/\/www.steplus.net\/vitrine-produits\/hygiene-mains-professions-dentaires\/\" rel=\"tag noopener\" target=\"_blank\">Hygi\u00e8ne des mains<\/a>,<\/p>","protected":false},"excerpt":{"rendered":"<h4>Aniosafe Savon Doux 5l<\/h4>\n<p>Haute Fr\u00e9quence, Recommand\u00e9 pour le lavage simple des mains et la toilette g\u00e9n\u00e9rale en milieu hospitalier, lors d\u2019utilisations fr\u00e9quentes.<\/p>\n<p>Recommand\u00e9 pour le lavage simple des mains et la toilette g\u00e9n\u00e9rale en milieu hospitalier, lors d\u2019utilisations fr\u00e9quentes.<\/p>\n<ul>\n<li>\n<h5><b>Enrichi en<span class=\"Apple-converted-space\">\u00a0\u00a0<\/span>glyc\u00e9rine, maintient l\u2019hydratation de l\u2019\u00e9piderme<\/b><\/h5>\n<\/li>\n<li>\n<h5><b>Tr\u00e8s grande tol\u00e9rence cutan\u00e9e<\/b><\/h5>\n<\/li>\n<li>\n<h5><b>Test\u00e9 sous contr\u00f4le dermatologique<\/b><\/h5>\n<\/li>\n<li>\n<h5><b>Convient pour les peaux sensibles<\/b><\/h5>\n<\/li>\n<\/ul>\n<h4><b>Caract\u00e9ristiques<\/b><\/h4>\n<ul>\n<li><b><\/b>Produit pr\u00eat \u00e0 l\u2019emploi<\/li>\n<li>Solution ambr\u00e9e<\/li>\n<li>pH du produit : env. 6,5<\/li>\n<li>Densit\u00e9 : env. 1,027Viscosit\u00e9 adapt\u00e9e \u00e0 tout type de distributeurs<\/li>\n<\/ul>\n<p><img decoding=\"async\" class=\"\" src=\"https:\/\/eclazon.ma\/wp-content\/uploads\/2024\/07\/anios-logo-200x100.jpg\" width=\"76\" height=\"38\" \/><\/p>","protected":false},"featured_media":2566,"comment_status":"open","ping_status":"closed","template":"","meta":[],"product_brand":[],"product_cat":[56],"product_tag":[150,149],"class_list":{"0":"post-2565","1":"product","2":"type-product","3":"status-publish","4":"has-post-thumbnail","6":"product_cat-sterilisation-hygiene","7":"product_tag-anios-savon","8":"product_tag-hygiene-des-mains","10":"first","11":"outofstock","12":"taxable","13":"shipping-taxable","14":"purchasable","15":"product-type-simple"},"yoast_head":"<!-- This site is optimized with the Yoast SEO plugin v26.9 - https:\/\/yoast.com\/product\/yoast-seo-wordpress\/ -->\n<title>ANIOSAFE SAVON DOUX HF 5 - YAZMED<\/title>\n<meta name=\"robots\" content=\"index, follow, max-snippet:-1, max-image-preview:large, max-video-preview:-1\" \/>\n<link rel=\"canonical\" href=\"https:\/\/yazmed.ma\/ar\/product\/aniosafe-savon-doux-hf-5\/\" \/>\n<meta property=\"og:locale\" content=\"ar_AR\" \/>\n<meta property=\"og:type\" content=\"article\" \/>\n<meta property=\"og:title\" content=\"ANIOSAFE SAVON DOUX HF 5 - YAZMED\" \/>\n<meta property=\"og:description\" content=\"Aniosafe Savon Doux 5l Haute Fr\u00e9quence, Recommand\u00e9 pour le lavage simple des mains et la toilette g\u00e9n\u00e9rale en milieu hospitalier, lors d\u2019utilisations fr\u00e9quentes.  Recommand\u00e9 pour le lavage simple des mains et la toilette g\u00e9n\u00e9rale en milieu hospitalier, lors d\u2019utilisations fr\u00e9quentes.    Enrichi en\u00a0\u00a0glyc\u00e9rine, maintient l\u2019hydratation de l\u2019\u00e9piderme    Tr\u00e8s grande tol\u00e9rence cutan\u00e9e    Test\u00e9 sous contr\u00f4le dermatologique    Convient pour les peaux sensibles   Caract\u00e9ristiques   Produit pr\u00eat \u00e0 l\u2019emploi  Solution ambr\u00e9e  pH du produit : env. 6,5  Densit\u00e9 : env. 1,027Viscosit\u00e9 adapt\u00e9e \u00e0 tout type de distributeurs\" \/>\n<meta property=\"og:url\" content=\"https:\/\/yazmed.ma\/ar\/product\/aniosafe-savon-doux-hf-5\/\" \/>\n<meta property=\"og:site_name\" content=\"YAZMED\" \/>\n<meta property=\"article:publisher\" content=\"https:\/\/www.facebook.com\/azenkouky\" \/>\n<meta property=\"article:modified_time\" content=\"2025-08-04T16:44:17+00:00\" \/>\n<meta property=\"og:image\" content=\"https:\/\/yazmed.ma\/wp-content\/uploads\/2025\/06\/aniosafe-savon-doux-hf.webp\" \/>\n\t<meta property=\"og:image:width\" content=\"800\" \/>\n\t<meta property=\"og:image:height\" content=\"600\" \/>\n\t<meta property=\"og:image:type\" content=\"image\/webp\" \/>\n<meta name=\"twitter:card\" content=\"summary_large_image\" \/>\n<script type=\"application\/ld+json\" class=\"yoast-schema-graph\">{\"@context\":\"https:\/\/schema.org\",\"@graph\":[{\"@type\":\"WebPage\",\"@id\":\"https:\/\/yazmed.ma\/product\/aniosafe-savon-doux-hf-5\/\",\"url\":\"https:\/\/yazmed.ma\/product\/aniosafe-savon-doux-hf-5\/\",\"name\":\"ANIOSAFE SAVON DOUX HF 5 - YAZMED\",\"isPartOf\":{\"@id\":\"https:\/\/yazmed.ma\/#website\"},\"primaryImageOfPage\":{\"@id\":\"https:\/\/yazmed.ma\/product\/aniosafe-savon-doux-hf-5\/#primaryimage\"},\"image\":{\"@id\":\"https:\/\/yazmed.ma\/product\/aniosafe-savon-doux-hf-5\/#primaryimage\"},\"thumbnailUrl\":\"https:\/\/yazmed.ma\/wp-content\/uploads\/2025\/06\/aniosafe-savon-doux-hf.webp\",\"datePublished\":\"2025-06-28T12:45:50+00:00\",\"dateModified\":\"2025-08-04T16:44:17+00:00\",\"breadcrumb\":{\"@id\":\"https:\/\/yazmed.ma\/product\/aniosafe-savon-doux-hf-5\/#breadcrumb\"},\"inLanguage\":\"ary\",\"potentialAction\":[{\"@type\":\"ReadAction\",\"target\":[\"https:\/\/yazmed.ma\/product\/aniosafe-savon-doux-hf-5\/\"]}]},{\"@type\":\"ImageObject\",\"inLanguage\":\"ary\",\"@id\":\"https:\/\/yazmed.ma\/product\/aniosafe-savon-doux-hf-5\/#primaryimage\",\"url\":\"https:\/\/yazmed.ma\/wp-content\/uploads\/2025\/06\/aniosafe-savon-doux-hf.webp\",\"contentUrl\":\"https:\/\/yazmed.ma\/wp-content\/uploads\/2025\/06\/aniosafe-savon-doux-hf.webp\",\"width\":800,\"height\":600,\"caption\":\"ANIOSAFE SAVON DOUX HF\"},{\"@type\":\"BreadcrumbList\",\"@id\":\"https:\/\/yazmed.ma\/product\/aniosafe-savon-doux-hf-5\/#breadcrumb\",\"itemListElement\":[{\"@type\":\"ListItem\",\"position\":1,\"name\":\"Accueil\",\"item\":\"https:\/\/yazmed.ma\/\"},{\"@type\":\"ListItem\",\"position\":2,\"name\":\"Shop\",\"item\":\"https:\/\/yazmed.ma\/shop-2\/\"},{\"@type\":\"ListItem\",\"position\":3,\"name\":\"ANIOSAFE SAVON DOUX HF 5\"}]},{\"@type\":\"WebSite\",\"@id\":\"https:\/\/yazmed.ma\/#website\",\"url\":\"https:\/\/yazmed.ma\/\",\"name\":\"Yazmed\",\"description\":\"LEADER DU MAT\u00c9RIEL M\u00c9DICAL AU MAROC\",\"publisher\":{\"@id\":\"https:\/\/yazmed.ma\/#organization\"},\"potentialAction\":[{\"@type\":\"SearchAction\",\"target\":{\"@type\":\"EntryPoint\",\"urlTemplate\":\"https:\/\/yazmed.ma\/?s={search_term_string}\"},\"query-input\":{\"@type\":\"PropertyValueSpecification\",\"valueRequired\":true,\"valueName\":\"search_term_string\"}}],\"inLanguage\":\"ary\"},{\"@type\":\"Organization\",\"@id\":\"https:\/\/yazmed.ma\/#organization\",\"name\":\"Yazmed Healthcare\",\"url\":\"https:\/\/yazmed.ma\/\",\"logo\":{\"@type\":\"ImageObject\",\"inLanguage\":\"ary\",\"@id\":\"https:\/\/yazmed.ma\/#\/schema\/logo\/image\/\",\"url\":\"https:\/\/yazmed.ma\/wp-content\/uploads\/2024\/12\/3.png\",\"contentUrl\":\"https:\/\/yazmed.ma\/wp-content\/uploads\/2024\/12\/3.png\",\"width\":250,\"height\":70,\"caption\":\"Yazmed Healthcare\"},\"image\":{\"@id\":\"https:\/\/yazmed.ma\/#\/schema\/logo\/image\/\"},\"sameAs\":[\"https:\/\/www.facebook.com\/azenkouky\",\"https:\/\/www.instagram.com\/yazmedhealthcare\",\"https:\/\/www.linkedin.com\/in\/yazmed-healthcare-1b4955295\"]}]}<\/script>\n<!-- \/ Yoast SEO plugin. -->","yoast_head_json":{"title":"ANIOSAFE SAVON DOUX HF 5 - YAZMED","robots":{"index":"index","follow":"follow","max-snippet":"max-snippet:-1","max-image-preview":"max-image-preview:large","max-video-preview":"max-video-preview:-1"},"canonical":"https:\/\/yazmed.ma\/ar\/product\/aniosafe-savon-doux-hf-5\/","og_locale":"ar_AR","og_type":"article","og_title":"ANIOSAFE SAVON DOUX HF 5 - YAZMED","og_description":"Aniosafe Savon Doux 5l Haute Fr\u00e9quence, Recommand\u00e9 pour le lavage simple des mains et la toilette g\u00e9n\u00e9rale en milieu hospitalier, lors d\u2019utilisations fr\u00e9quentes.  Recommand\u00e9 pour le lavage simple des mains et la toilette g\u00e9n\u00e9rale en milieu hospitalier, lors d\u2019utilisations fr\u00e9quentes.    Enrichi en\u00a0\u00a0glyc\u00e9rine, maintient l\u2019hydratation de l\u2019\u00e9piderme    Tr\u00e8s grande tol\u00e9rence cutan\u00e9e    Test\u00e9 sous contr\u00f4le dermatologique    Convient pour les peaux sensibles   Caract\u00e9ristiques   Produit pr\u00eat \u00e0 l\u2019emploi  Solution ambr\u00e9e  pH du produit : env. 6,5  Densit\u00e9 : env. 1,027Viscosit\u00e9 adapt\u00e9e \u00e0 tout type de distributeurs","og_url":"https:\/\/yazmed.ma\/ar\/product\/aniosafe-savon-doux-hf-5\/","og_site_name":"YAZMED","article_publisher":"https:\/\/www.facebook.com\/azenkouky","article_modified_time":"2025-08-04T16:44:17+00:00","og_image":[{"width":800,"height":600,"url":"https:\/\/yazmed.ma\/wp-content\/uploads\/2025\/06\/aniosafe-savon-doux-hf.webp","type":"image\/webp"}],"twitter_card":"summary_large_image","schema":{"@context":"https:\/\/schema.org","@graph":[{"@type":"WebPage","@id":"https:\/\/yazmed.ma\/product\/aniosafe-savon-doux-hf-5\/","url":"https:\/\/yazmed.ma\/product\/aniosafe-savon-doux-hf-5\/","name":"ANIOSAFE SAVON DOUX HF 5 - YAZMED","isPartOf":{"@id":"https:\/\/yazmed.ma\/#website"},"primaryImageOfPage":{"@id":"https:\/\/yazmed.ma\/product\/aniosafe-savon-doux-hf-5\/#primaryimage"},"image":{"@id":"https:\/\/yazmed.ma\/product\/aniosafe-savon-doux-hf-5\/#primaryimage"},"thumbnailUrl":"https:\/\/yazmed.ma\/wp-content\/uploads\/2025\/06\/aniosafe-savon-doux-hf.webp","datePublished":"2025-06-28T12:45:50+00:00","dateModified":"2025-08-04T16:44:17+00:00","breadcrumb":{"@id":"https:\/\/yazmed.ma\/product\/aniosafe-savon-doux-hf-5\/#breadcrumb"},"inLanguage":"ary","potentialAction":[{"@type":"ReadAction","target":["https:\/\/yazmed.ma\/product\/aniosafe-savon-doux-hf-5\/"]}]},{"@type":"ImageObject","inLanguage":"ary","@id":"https:\/\/yazmed.ma\/product\/aniosafe-savon-doux-hf-5\/#primaryimage","url":"https:\/\/yazmed.ma\/wp-content\/uploads\/2025\/06\/aniosafe-savon-doux-hf.webp","contentUrl":"https:\/\/yazmed.ma\/wp-content\/uploads\/2025\/06\/aniosafe-savon-doux-hf.webp","width":800,"height":600,"caption":"ANIOSAFE SAVON DOUX HF"},{"@type":"BreadcrumbList","@id":"https:\/\/yazmed.ma\/product\/aniosafe-savon-doux-hf-5\/#breadcrumb","itemListElement":[{"@type":"ListItem","position":1,"name":"Accueil","item":"https:\/\/yazmed.ma\/"},{"@type":"ListItem","position":2,"name":"Shop","item":"https:\/\/yazmed.ma\/shop-2\/"},{"@type":"ListItem","position":3,"name":"ANIOSAFE SAVON DOUX HF 5"}]},{"@type":"WebSite","@id":"https:\/\/yazmed.ma\/#website","url":"https:\/\/yazmed.ma\/","name":"Yazmed","description":"LEADER DU MAT\u00c9RIEL M\u00c9DICAL AU MAROC","publisher":{"@id":"https:\/\/yazmed.ma\/#organization"},"potentialAction":[{"@type":"SearchAction","target":{"@type":"EntryPoint","urlTemplate":"https:\/\/yazmed.ma\/?s={search_term_string}"},"query-input":{"@type":"PropertyValueSpecification","valueRequired":true,"valueName":"search_term_string"}}],"inLanguage":"ary"},{"@type":"Organization","@id":"https:\/\/yazmed.ma\/#organization","name":"Yazmed Healthcare","url":"https:\/\/yazmed.ma\/","logo":{"@type":"ImageObject","inLanguage":"ary","@id":"https:\/\/yazmed.ma\/#\/schema\/logo\/image\/","url":"https:\/\/yazmed.ma\/wp-content\/uploads\/2024\/12\/3.png","contentUrl":"https:\/\/yazmed.ma\/wp-content\/uploads\/2024\/12\/3.png","width":250,"height":70,"caption":"Yazmed Healthcare"},"image":{"@id":"https:\/\/yazmed.ma\/#\/schema\/logo\/image\/"},"sameAs":["https:\/\/www.facebook.com\/azenkouky","https:\/\/www.instagram.com\/yazmedhealthcare","https:\/\/www.linkedin.com\/in\/yazmed-healthcare-1b4955295"]}]}},"_links":{"self":[{"href":"https:\/\/yazmed.ma\/ar\/wp-json\/wp\/v2\/product\/2565","targetHints":{"allow":["GET"]}}],"collection":[{"href":"https:\/\/yazmed.ma\/ar\/wp-json\/wp\/v2\/product"}],"about":[{"href":"https:\/\/yazmed.ma\/ar\/wp-json\/wp\/v2\/types\/product"}],"replies":[{"embeddable":true,"href":"https:\/\/yazmed.ma\/ar\/wp-json\/wp\/v2\/comments?post=2565"}],"version-history":[{"count":0,"href":"https:\/\/yazmed.ma\/ar\/wp-json\/wp\/v2\/product\/2565\/revisions"}],"wp:featuredmedia":[{"embeddable":true,"href":"https:\/\/yazmed.ma\/ar\/wp-json\/wp\/v2\/media\/2566"}],"wp:attachment":[{"href":"https:\/\/yazmed.ma\/ar\/wp-json\/wp\/v2\/media?parent=2565"}],"wp:term":[{"taxonomy":"product_brand","embeddable":true,"href":"https:\/\/yazmed.ma\/ar\/wp-json\/wp\/v2\/product_brand?post=2565"},{"taxonomy":"product_cat","embeddable":true,"href":"https:\/\/yazmed.ma\/ar\/wp-json\/wp\/v2\/product_cat?post=2565"},{"taxonomy":"product_tag","embeddable":true,"href":"https:\/\/yazmed.ma\/ar\/wp-json\/wp\/v2\/product_tag?post=2565"}],"curies":[{"name":"wp","href":"https:\/\/api.w.org\/{rel}","templated":true}]}}