{"id":2521,"date":"2025-06-25T13:11:14","date_gmt":"2025-06-25T13:11:14","guid":{"rendered":"https:\/\/yazmed.ma\/?post_type=product&#038;p=2521"},"modified":"2025-12-14T18:49:34","modified_gmt":"2025-12-14T18:49:34","slug":"surfa-safe-premium-anios-spray-750-ml","status":"publish","type":"product","link":"https:\/\/yazmed.ma\/ar\/product\/surfa-safe-premium-anios-spray-750-ml\/","title":{"rendered":"Surfa Safe Premium Anios Spray 750 ml"},"content":{"rendered":"<h3 class=\"\" data-start=\"822\" data-end=\"844\">\u00a0 \u00a0 \u00a0 <img decoding=\"async\" class=\"\" src=\"https:\/\/s.w.org\/images\/core\/emoji\/16.0.1\/svg\/2705.svg\" alt=\"\u2705\" width=\"23\" height=\"23\" \/>\u00a0Caract\u00e9ristiques<\/h3>\n<ul>\n<li data-start=\"847\" data-end=\"894\"><strong data-start=\"847\" data-end=\"856\">Forme<\/strong>\u00a0: Mousse d\u00e9sinfectante \u00e0 pulv\u00e9riser<\/li>\n<li data-start=\"897\" data-end=\"937\"><strong data-start=\"897\" data-end=\"935\">Sans alcool, sans parfum, sans CMR<\/strong><\/li>\n<li data-start=\"940\" data-end=\"1028\"><strong data-start=\"940\" data-end=\"955\">Utilisation<\/strong>\u00a0: Surfaces, dispositifs m\u00e9dicaux non-immergeables, structures externes<\/li>\n<li data-start=\"1031\" data-end=\"1079\"><strong data-start=\"1031\" data-end=\"1061\">Efficacit\u00e9 antimicrobienne<\/strong>\u00a0d\u00e8s 2 minutes :<\/li>\n<li data-start=\"1084\" data-end=\"1133\"><strong data-start=\"1084\" data-end=\"1097\">Bact\u00e9ries<\/strong>\u00a0(y compris hautement r\u00e9sistantes)<\/li>\n<li data-start=\"1138\" data-end=\"1188\"><strong data-start=\"1138\" data-end=\"1169\">Levures, Moisissures, Virus<\/strong>\u00a0(dont Rotavirus)<\/li>\n<li data-start=\"1191\" data-end=\"1255\"><strong data-start=\"1191\" data-end=\"1208\">Mode d\u2019emploi<\/strong>\u00a0: Pr\u00eat \u00e0 l\u2019emploi \u2013 pulv\u00e9riser, puis essuyer<\/li>\n<li data-start=\"1258\" data-end=\"1312\"><strong data-start=\"1258\" data-end=\"1277\">Conditionnement<\/strong>\u00a0: Flacon de 750 ml avec pistolet<\/li>\n<li data-start=\"1315\" data-end=\"1348\"><strong data-start=\"1315\" data-end=\"1334\">Produit biocide<\/strong>\u00a0\u2013 TP2 &amp; TP4<\/li>\n<li data-start=\"1351\" data-end=\"1394\"><strong data-start=\"1351\" data-end=\"1394\">Respect des pr\u00e9cautions d\u2019emploi requis<\/strong><\/li>\n<\/ul>\n<p><img decoding=\"async\" class=\"\" src=\"https:\/\/eclazon.ma\/wp-content\/uploads\/2024\/07\/anios-logo-200x100.jpg\" width=\"104\" height=\"52\" \/><\/p>\n<h3 class=\"\" data-start=\"1396\" data-end=\"1415\">\u00a0 Surfa Safe Premium Disponibilit\u00e9<\/h3>\n<p class=\"\" data-start=\"1416\" data-end=\"1536\">\u00a0 \u00a0<img decoding=\"async\" class=\"emoji\" role=\"img\" draggable=\"false\" src=\"https:\/\/s.w.org\/images\/core\/emoji\/16.0.1\/svg\/1f4e6.svg\" alt=\"\ud83d\udce6\" \/>\u00a0<strong data-start=\"1419\" data-end=\"1474\">Disponible<\/strong><\/p>\n<h4 data-start=\"244\" data-end=\"591\"><\/h4>\n<p class=\"\" data-start=\"593\" data-end=\"820\">","protected":false},"excerpt":{"rendered":"<h4 data-start=\"244\" data-end=\"591\"><strong data-start=\"244\" data-end=\"272\">Surfa Safe Premium Anios Spray 750 ml<\/strong><\/h4>\n<p class=\"\" data-start=\"593\" data-end=\"820\">\u00a0Surfa Safe Premium Anios de 750 ml est une solution de d\u00e9sinfection de haute qualit\u00e9, sp\u00e9cialement formul\u00e9e pour garantir une hygi\u00e8ne optimale. Ce produit est con\u00e7u pour \u00eatre utilis\u00e9 sur diverses surfaces, offrant une efficacit\u00e9 prouv\u00e9e contre une large gamme de micro-organismes. Gr\u00e2ce \u00e0 sa composition, il assure une action rapide tout en \u00e9tant respectueux des mat\u00e9riaux trait\u00e9s. Son utilisation r\u00e9guli\u00e8re contribue \u00e0 maintenir un environnement sain et s\u00e9curis\u00e9.<\/p>\n<p><strong data-start=\"940\" data-end=\"955\">Utilisation<\/strong>\u00a0: Surfaces, dispositifs m\u00e9dicaux non-immergeables, structures externes<\/p>\n<ul>\n<li data-start=\"1031\" data-end=\"1079\"><strong data-start=\"1031\" data-end=\"1061\">Efficacit\u00e9 antimicrobienne<\/strong>\u00a0d\u00e8s 2 minutes :<\/li>\n<li data-start=\"1084\" data-end=\"1133\"><strong data-start=\"1084\" data-end=\"1097\">Bact\u00e9ries<\/strong>\u00a0(y compris hautement r\u00e9sistantes)<\/li>\n<li data-start=\"1138\" data-end=\"1188\"><strong data-start=\"1138\" data-end=\"1169\">Levures, Moisissures, Virus<\/strong>\u00a0(dont Rotavirus)<\/li>\n<li data-start=\"1191\" data-end=\"1255\"><strong data-start=\"1191\" data-end=\"1208\">Mode d\u2019emploi<\/strong>\u00a0: Pr\u00eat \u00e0 l\u2019emploi \u2013 pulv\u00e9riser, puis essuyer<\/li>\n<li data-start=\"1258\" data-end=\"1312\"><strong data-start=\"1258\" data-end=\"1277\">Conditionnement<\/strong>\u00a0: Flacon de 750 ml avec pistolet<\/li>\n<li data-start=\"1315\" data-end=\"1348\"><strong data-start=\"1315\" data-end=\"1334\">Produit biocide<\/strong>\u00a0\u2013 TP2 &amp; TP4<\/li>\n<\/ul>\n<h5><a class=\"lientep\" href=\"https:\/\/www.distrimed.com\/les-indispensables-anios.php\">guide des produits Anios<\/a><\/h5>\n<p><img decoding=\"async\" class=\"\" src=\"https:\/\/eclazon.ma\/wp-content\/uploads\/2024\/07\/anios-logo-200x100.jpg\" width=\"94\" height=\"47\" \/><\/p>\n<p>&nbsp;<\/p>","protected":false},"featured_media":2528,"comment_status":"open","ping_status":"closed","template":"","meta":[],"product_brand":[191],"product_cat":[56],"product_tag":[192,193,139],"class_list":{"0":"post-2521","1":"product","2":"type-product","3":"status-publish","4":"has-post-thumbnail","6":"product_brand-anios","7":"product_cat-sterilisation-hygiene","8":"product_tag-desinfection","9":"product_tag-hygiene-et-desinfection","10":"product_tag-surfa-safe-premium-anios-spray-750-ml","12":"first","13":"instock","14":"sale","15":"taxable","16":"shipping-taxable","17":"purchasable","18":"product-type-simple"},"yoast_head":"<!-- This site is optimized with the Yoast SEO plugin v26.9 - https:\/\/yoast.com\/product\/yoast-seo-wordpress\/ -->\n<title>Surfa Safe Premium Anios Spray 750 ml - YAZMED<\/title>\n<meta name=\"robots\" content=\"index, follow, max-snippet:-1, max-image-preview:large, max-video-preview:-1\" \/>\n<link rel=\"canonical\" href=\"https:\/\/yazmed.ma\/ar\/product\/surfa-safe-premium-anios-spray-750-ml\/\" \/>\n<meta property=\"og:locale\" content=\"ar_AR\" \/>\n<meta property=\"og:type\" content=\"article\" \/>\n<meta property=\"og:title\" content=\"Surfa Safe Premium Anios Spray 750 ml - YAZMED\" \/>\n<meta property=\"og:description\" content=\"Surfa Safe Premium Anios Spray 750 ml \u00a0Surfa Safe Premium Anios de 750 ml est une solution de d\u00e9sinfection de haute qualit\u00e9, sp\u00e9cialement formul\u00e9e pour garantir une hygi\u00e8ne optimale. Ce produit est con\u00e7u pour \u00eatre utilis\u00e9 sur diverses surfaces, offrant une efficacit\u00e9 prouv\u00e9e contre une large gamme de micro-organismes. Gr\u00e2ce \u00e0 sa composition, il assure une action rapide tout en \u00e9tant respectueux des mat\u00e9riaux trait\u00e9s. Son utilisation r\u00e9guli\u00e8re contribue \u00e0 maintenir un environnement sain et s\u00e9curis\u00e9. Utilisation\u00a0: Surfaces, dispositifs m\u00e9dicaux non-immergeables, structures externes   Efficacit\u00e9 antimicrobienne\u00a0d\u00e8s 2 minutes :  Bact\u00e9ries\u00a0(y compris hautement r\u00e9sistantes)  Levures, Moisissures, Virus\u00a0(dont Rotavirus)  Mode d\u2019emploi\u00a0: Pr\u00eat \u00e0 l\u2019emploi \u2013 pulv\u00e9riser, puis essuyer  Conditionnement\u00a0: Flacon de 750 ml avec pistolet  Produit biocide\u00a0\u2013 TP2 &amp; TP4  guide des produits Anios   &nbsp;\" \/>\n<meta property=\"og:url\" content=\"https:\/\/yazmed.ma\/ar\/product\/surfa-safe-premium-anios-spray-750-ml\/\" \/>\n<meta property=\"og:site_name\" content=\"YAZMED\" \/>\n<meta property=\"article:publisher\" content=\"https:\/\/www.facebook.com\/azenkouky\" \/>\n<meta property=\"article:modified_time\" content=\"2025-12-14T18:49:34+00:00\" \/>\n<meta property=\"og:image\" content=\"https:\/\/yazmed.ma\/wp-content\/uploads\/2025\/06\/Surfa-Safe-Premium-Anios-Spray-750-m.webp\" \/>\n\t<meta property=\"og:image:width\" content=\"618\" \/>\n\t<meta property=\"og:image:height\" content=\"600\" \/>\n\t<meta property=\"og:image:type\" content=\"image\/webp\" \/>\n<meta name=\"twitter:card\" content=\"summary_large_image\" \/>\n<script type=\"application\/ld+json\" class=\"yoast-schema-graph\">{\"@context\":\"https:\/\/schema.org\",\"@graph\":[{\"@type\":\"WebPage\",\"@id\":\"https:\/\/yazmed.ma\/product\/surfa-safe-premium-anios-spray-750-ml\/\",\"url\":\"https:\/\/yazmed.ma\/product\/surfa-safe-premium-anios-spray-750-ml\/\",\"name\":\"Surfa Safe Premium Anios Spray 750 ml - YAZMED\",\"isPartOf\":{\"@id\":\"https:\/\/yazmed.ma\/#website\"},\"primaryImageOfPage\":{\"@id\":\"https:\/\/yazmed.ma\/product\/surfa-safe-premium-anios-spray-750-ml\/#primaryimage\"},\"image\":{\"@id\":\"https:\/\/yazmed.ma\/product\/surfa-safe-premium-anios-spray-750-ml\/#primaryimage\"},\"thumbnailUrl\":\"https:\/\/yazmed.ma\/wp-content\/uploads\/2025\/06\/Surfa-Safe-Premium-Anios-Spray-750-m.webp\",\"datePublished\":\"2025-06-25T13:11:14+00:00\",\"dateModified\":\"2025-12-14T18:49:34+00:00\",\"breadcrumb\":{\"@id\":\"https:\/\/yazmed.ma\/product\/surfa-safe-premium-anios-spray-750-ml\/#breadcrumb\"},\"inLanguage\":\"ary\",\"potentialAction\":[{\"@type\":\"ReadAction\",\"target\":[\"https:\/\/yazmed.ma\/product\/surfa-safe-premium-anios-spray-750-ml\/\"]}]},{\"@type\":\"ImageObject\",\"inLanguage\":\"ary\",\"@id\":\"https:\/\/yazmed.ma\/product\/surfa-safe-premium-anios-spray-750-ml\/#primaryimage\",\"url\":\"https:\/\/yazmed.ma\/wp-content\/uploads\/2025\/06\/Surfa-Safe-Premium-Anios-Spray-750-m.webp\",\"contentUrl\":\"https:\/\/yazmed.ma\/wp-content\/uploads\/2025\/06\/Surfa-Safe-Premium-Anios-Spray-750-m.webp\",\"width\":618,\"height\":600,\"caption\":\"Surfa Safe Premium Anios Spray 750 m\"},{\"@type\":\"BreadcrumbList\",\"@id\":\"https:\/\/yazmed.ma\/product\/surfa-safe-premium-anios-spray-750-ml\/#breadcrumb\",\"itemListElement\":[{\"@type\":\"ListItem\",\"position\":1,\"name\":\"Accueil\",\"item\":\"https:\/\/yazmed.ma\/\"},{\"@type\":\"ListItem\",\"position\":2,\"name\":\"Shop\",\"item\":\"https:\/\/yazmed.ma\/shop-2\/\"},{\"@type\":\"ListItem\",\"position\":3,\"name\":\"Surfa Safe Premium Anios Spray 750 ml\"}]},{\"@type\":\"WebSite\",\"@id\":\"https:\/\/yazmed.ma\/#website\",\"url\":\"https:\/\/yazmed.ma\/\",\"name\":\"Yazmed\",\"description\":\"LEADER DU MAT\u00c9RIEL M\u00c9DICAL AU MAROC\",\"publisher\":{\"@id\":\"https:\/\/yazmed.ma\/#organization\"},\"potentialAction\":[{\"@type\":\"SearchAction\",\"target\":{\"@type\":\"EntryPoint\",\"urlTemplate\":\"https:\/\/yazmed.ma\/?s={search_term_string}\"},\"query-input\":{\"@type\":\"PropertyValueSpecification\",\"valueRequired\":true,\"valueName\":\"search_term_string\"}}],\"inLanguage\":\"ary\"},{\"@type\":\"Organization\",\"@id\":\"https:\/\/yazmed.ma\/#organization\",\"name\":\"Yazmed Healthcare\",\"url\":\"https:\/\/yazmed.ma\/\",\"logo\":{\"@type\":\"ImageObject\",\"inLanguage\":\"ary\",\"@id\":\"https:\/\/yazmed.ma\/#\/schema\/logo\/image\/\",\"url\":\"https:\/\/yazmed.ma\/wp-content\/uploads\/2024\/12\/3.png\",\"contentUrl\":\"https:\/\/yazmed.ma\/wp-content\/uploads\/2024\/12\/3.png\",\"width\":250,\"height\":70,\"caption\":\"Yazmed Healthcare\"},\"image\":{\"@id\":\"https:\/\/yazmed.ma\/#\/schema\/logo\/image\/\"},\"sameAs\":[\"https:\/\/www.facebook.com\/azenkouky\",\"https:\/\/www.instagram.com\/yazmedhealthcare\",\"https:\/\/www.linkedin.com\/in\/yazmed-healthcare-1b4955295\"]}]}<\/script>\n<!-- \/ Yoast SEO plugin. -->","yoast_head_json":{"title":"Surfa Safe Premium Anios Spray 750 ml - YAZMED","robots":{"index":"index","follow":"follow","max-snippet":"max-snippet:-1","max-image-preview":"max-image-preview:large","max-video-preview":"max-video-preview:-1"},"canonical":"https:\/\/yazmed.ma\/ar\/product\/surfa-safe-premium-anios-spray-750-ml\/","og_locale":"ar_AR","og_type":"article","og_title":"Surfa Safe Premium Anios Spray 750 ml - YAZMED","og_description":"Surfa Safe Premium Anios Spray 750 ml \u00a0Surfa Safe Premium Anios de 750 ml est une solution de d\u00e9sinfection de haute qualit\u00e9, sp\u00e9cialement formul\u00e9e pour garantir une hygi\u00e8ne optimale. Ce produit est con\u00e7u pour \u00eatre utilis\u00e9 sur diverses surfaces, offrant une efficacit\u00e9 prouv\u00e9e contre une large gamme de micro-organismes. Gr\u00e2ce \u00e0 sa composition, il assure une action rapide tout en \u00e9tant respectueux des mat\u00e9riaux trait\u00e9s. Son utilisation r\u00e9guli\u00e8re contribue \u00e0 maintenir un environnement sain et s\u00e9curis\u00e9. Utilisation\u00a0: Surfaces, dispositifs m\u00e9dicaux non-immergeables, structures externes   Efficacit\u00e9 antimicrobienne\u00a0d\u00e8s 2 minutes :  Bact\u00e9ries\u00a0(y compris hautement r\u00e9sistantes)  Levures, Moisissures, Virus\u00a0(dont Rotavirus)  Mode d\u2019emploi\u00a0: Pr\u00eat \u00e0 l\u2019emploi \u2013 pulv\u00e9riser, puis essuyer  Conditionnement\u00a0: Flacon de 750 ml avec pistolet  Produit biocide\u00a0\u2013 TP2 &amp; TP4  guide des produits Anios   &nbsp;","og_url":"https:\/\/yazmed.ma\/ar\/product\/surfa-safe-premium-anios-spray-750-ml\/","og_site_name":"YAZMED","article_publisher":"https:\/\/www.facebook.com\/azenkouky","article_modified_time":"2025-12-14T18:49:34+00:00","og_image":[{"width":618,"height":600,"url":"https:\/\/yazmed.ma\/wp-content\/uploads\/2025\/06\/Surfa-Safe-Premium-Anios-Spray-750-m.webp","type":"image\/webp"}],"twitter_card":"summary_large_image","schema":{"@context":"https:\/\/schema.org","@graph":[{"@type":"WebPage","@id":"https:\/\/yazmed.ma\/product\/surfa-safe-premium-anios-spray-750-ml\/","url":"https:\/\/yazmed.ma\/product\/surfa-safe-premium-anios-spray-750-ml\/","name":"Surfa Safe Premium Anios Spray 750 ml - YAZMED","isPartOf":{"@id":"https:\/\/yazmed.ma\/#website"},"primaryImageOfPage":{"@id":"https:\/\/yazmed.ma\/product\/surfa-safe-premium-anios-spray-750-ml\/#primaryimage"},"image":{"@id":"https:\/\/yazmed.ma\/product\/surfa-safe-premium-anios-spray-750-ml\/#primaryimage"},"thumbnailUrl":"https:\/\/yazmed.ma\/wp-content\/uploads\/2025\/06\/Surfa-Safe-Premium-Anios-Spray-750-m.webp","datePublished":"2025-06-25T13:11:14+00:00","dateModified":"2025-12-14T18:49:34+00:00","breadcrumb":{"@id":"https:\/\/yazmed.ma\/product\/surfa-safe-premium-anios-spray-750-ml\/#breadcrumb"},"inLanguage":"ary","potentialAction":[{"@type":"ReadAction","target":["https:\/\/yazmed.ma\/product\/surfa-safe-premium-anios-spray-750-ml\/"]}]},{"@type":"ImageObject","inLanguage":"ary","@id":"https:\/\/yazmed.ma\/product\/surfa-safe-premium-anios-spray-750-ml\/#primaryimage","url":"https:\/\/yazmed.ma\/wp-content\/uploads\/2025\/06\/Surfa-Safe-Premium-Anios-Spray-750-m.webp","contentUrl":"https:\/\/yazmed.ma\/wp-content\/uploads\/2025\/06\/Surfa-Safe-Premium-Anios-Spray-750-m.webp","width":618,"height":600,"caption":"Surfa Safe Premium Anios Spray 750 m"},{"@type":"BreadcrumbList","@id":"https:\/\/yazmed.ma\/product\/surfa-safe-premium-anios-spray-750-ml\/#breadcrumb","itemListElement":[{"@type":"ListItem","position":1,"name":"Accueil","item":"https:\/\/yazmed.ma\/"},{"@type":"ListItem","position":2,"name":"Shop","item":"https:\/\/yazmed.ma\/shop-2\/"},{"@type":"ListItem","position":3,"name":"Surfa Safe Premium Anios Spray 750 ml"}]},{"@type":"WebSite","@id":"https:\/\/yazmed.ma\/#website","url":"https:\/\/yazmed.ma\/","name":"Yazmed","description":"LEADER DU MAT\u00c9RIEL M\u00c9DICAL AU MAROC","publisher":{"@id":"https:\/\/yazmed.ma\/#organization"},"potentialAction":[{"@type":"SearchAction","target":{"@type":"EntryPoint","urlTemplate":"https:\/\/yazmed.ma\/?s={search_term_string}"},"query-input":{"@type":"PropertyValueSpecification","valueRequired":true,"valueName":"search_term_string"}}],"inLanguage":"ary"},{"@type":"Organization","@id":"https:\/\/yazmed.ma\/#organization","name":"Yazmed Healthcare","url":"https:\/\/yazmed.ma\/","logo":{"@type":"ImageObject","inLanguage":"ary","@id":"https:\/\/yazmed.ma\/#\/schema\/logo\/image\/","url":"https:\/\/yazmed.ma\/wp-content\/uploads\/2024\/12\/3.png","contentUrl":"https:\/\/yazmed.ma\/wp-content\/uploads\/2024\/12\/3.png","width":250,"height":70,"caption":"Yazmed Healthcare"},"image":{"@id":"https:\/\/yazmed.ma\/#\/schema\/logo\/image\/"},"sameAs":["https:\/\/www.facebook.com\/azenkouky","https:\/\/www.instagram.com\/yazmedhealthcare","https:\/\/www.linkedin.com\/in\/yazmed-healthcare-1b4955295"]}]}},"_links":{"self":[{"href":"https:\/\/yazmed.ma\/ar\/wp-json\/wp\/v2\/product\/2521","targetHints":{"allow":["GET"]}}],"collection":[{"href":"https:\/\/yazmed.ma\/ar\/wp-json\/wp\/v2\/product"}],"about":[{"href":"https:\/\/yazmed.ma\/ar\/wp-json\/wp\/v2\/types\/product"}],"replies":[{"embeddable":true,"href":"https:\/\/yazmed.ma\/ar\/wp-json\/wp\/v2\/comments?post=2521"}],"version-history":[{"count":1,"href":"https:\/\/yazmed.ma\/ar\/wp-json\/wp\/v2\/product\/2521\/revisions"}],"predecessor-version":[{"id":2680,"href":"https:\/\/yazmed.ma\/ar\/wp-json\/wp\/v2\/product\/2521\/revisions\/2680"}],"wp:featuredmedia":[{"embeddable":true,"href":"https:\/\/yazmed.ma\/ar\/wp-json\/wp\/v2\/media\/2528"}],"wp:attachment":[{"href":"https:\/\/yazmed.ma\/ar\/wp-json\/wp\/v2\/media?parent=2521"}],"wp:term":[{"taxonomy":"product_brand","embeddable":true,"href":"https:\/\/yazmed.ma\/ar\/wp-json\/wp\/v2\/product_brand?post=2521"},{"taxonomy":"product_cat","embeddable":true,"href":"https:\/\/yazmed.ma\/ar\/wp-json\/wp\/v2\/product_cat?post=2521"},{"taxonomy":"product_tag","embeddable":true,"href":"https:\/\/yazmed.ma\/ar\/wp-json\/wp\/v2\/product_tag?post=2521"}],"curies":[{"name":"wp","href":"https:\/\/api.w.org\/{rel}","templated":true}]}}