{"id":2414,"date":"2025-06-19T17:49:11","date_gmt":"2025-06-19T17:49:11","guid":{"rendered":"https:\/\/yazmed.ma\/?post_type=product&#038;p=2414"},"modified":"2025-12-10T17:49:54","modified_gmt":"2025-12-10T17:49:54","slug":"aniospray-surf-29-5l","status":"publish","type":"product","link":"https:\/\/yazmed.ma\/ar\/product\/aniospray-surf-29-5l\/","title":{"rendered":"ANIOSPRAY SURF 29  5L"},"content":{"rendered":"<p>&nbsp;<\/p>\n<h4><img decoding=\"async\" class=\"emoji\" role=\"img\" draggable=\"false\" src=\"https:\/\/s.w.org\/images\/core\/emoji\/16.0.1\/svg\/2705.svg\" alt=\"\u2705\" \/>\u00a0Propri\u00e9t\u00e9s microbiologiques de Aniospray Surf 29<\/h4>\n<p>&#8211; D\u00e9sinfectant \u00e0 pulv\u00e9riser &#8211; 4 Bidons de 1 litre + pulv\u00e9risateur<br \/>\n&#8211; Actif sur Bact\u00e9ries: EN 1040, EN 1276 SARM (EN 13727) NF T 72-171 &#8211; 5 minutes<br \/>\n&#8211; Actif sur Mycobact\u00e9ries: M. tuberculosis (B.K.) &#8211; 5 minutes<br \/>\n&#8211; Actif sur Levures: EN 1275 (C.albicans) &#8211; 5 minutes<br \/>\n&#8211; Actif sur Moisissures: T 72-301 (A. niger, A. fumigatus) &#8211; 15 minutes<br \/>\n&#8211; Actif sur Virus: HIV-1, HBV, BVDV (virus-mod\u00e8le HCV) Influenzavirus (HN , HN) Rotavirus &#8211; 15\u00a0 \u00a0 \u00a0 \u00a0minutes<\/p>\n<p><strong><img decoding=\"async\" class=\"emoji\" role=\"img\" draggable=\"false\" src=\"https:\/\/s.w.org\/images\/core\/emoji\/16.0.1\/svg\/2705.svg\" alt=\"\u2705\" \/>\u00a0Caract\u00e9ristiques techniques<br \/>\n<\/strong><\/p>\n<p><em>Produit pr\u00eat \u00e0 l\u2019emploi<\/em><\/p>\n<p><em>Solution limpide incolore<\/em><\/p>\n<p><em>pH \u00e0 +20\u00b0C : env. 5.5<\/em><\/p>\n<p><em>Pourcentage d\u2019\u00e9thanol : 29% v\/v<\/em><\/p>\n<p><em>Point \u00e9clair : +32.5\u00b0C<\/em><\/p>\n<p><em>1 Pression de pulv\u00e9risateur d\u00e9livre 1 ml de produit<\/em><\/p>\n<p><strong><img decoding=\"async\" class=\"emoji\" role=\"img\" draggable=\"false\" src=\"https:\/\/s.w.org\/images\/core\/emoji\/16.0.1\/svg\/2705.svg\" alt=\"\u2705\" \/>\u00a0Composition<br \/>\n<\/strong><\/p>\n<ul>\n<li><em>Ethanol (N\u00b0CAS 64-17-5 : 226 mg\/g)<\/em><\/li>\n<li><em>Digluconate de chlorhexidine (N\u00b0CAS 18472-51-0 : 0.64 mg\/g)<\/em><\/li>\n<li><em>Chlorure de did\u00e9cyldim\u00e9thylammonium (N\u00b0CAS 7173-51-5 : 0.53 mg\/g)<\/em><\/li>\n<li><em>Excipients<\/em><\/li>\n<\/ul>\n<p><img decoding=\"async\" class=\"emoji\" role=\"img\" draggable=\"false\" src=\"https:\/\/s.w.org\/images\/core\/emoji\/16.0.1\/svg\/2705.svg\" alt=\"\u2705\" \/>\u00a0Propri\u00e9t\u00e9s Microbiologiques<\/p>\n<p><em>Aniospray Surf 29 est conforme \u00e0 la norme NF T 72-281 (bact\u00e9ricide, levuricide) en 5 minutes de contact \u00e0 la dose de 80ml\/m\u00b2<\/em><\/p>\n<p>commander aniospray sur 29 au maroc chez YAZMED.<\/p>\n<ul>\n<li><a title=\"\" href=\"https:\/\/fr.wikipedia.org\/wiki\/Pulv%C3%A9risateur_insecticide\" target=\"_blank\" rel=\"noopener\">pulv\u00e9risateur insecticide<\/a><\/li>\n<\/ul>","protected":false},"excerpt":{"rendered":"<h3>Aniospray Surf 29 5L<\/h3>\n<p><span style=\"font-size: 16px;\">Aniosspray surf 29 Par pulv\u00e9risation ou diffusion\u00a0 est un d\u00e9sinfectant rapide pr\u00eat \u00e0 l&#8217;emploi qui peut \u00eatre utilis\u00e9 en bloc op\u00e9ratoire, dans les services \u00e0 hauts riques, en salle d&rsquo;examen, en services de soins. D\u00e9sinfection des surfaces et des dispositifs m\u00e9dicaux non immergeables et non invasifs, pr\u00e9alablement nettoy\u00e9s<\/span><\/p>\n<p><img decoding=\"async\" class=\"alignleft\" src=\"https:\/\/eclazon.ma\/wp-content\/uploads\/2024\/07\/anios-logo-200x100.jpg\" width=\"120\" height=\"60\" \/><\/p>\n<h1><\/h1>\n<p>&nbsp;<\/p>\n<p>&nbsp;<\/p>\n<p>&nbsp;<\/p>\n<p>&nbsp;<\/p>\n<p>&nbsp;<\/p>\n<p>&nbsp;<\/p>\n<p>&nbsp;<\/p>\n<p>&nbsp;<\/p>\n<p>&nbsp;<\/p>\n<p>&nbsp;<\/p>\n<p>&nbsp;<\/p>\n<p>&nbsp;<\/p>\n<p>&nbsp;<\/p>\n<p>&nbsp;<\/p>\n<p>&nbsp;<\/p>\n<p>&nbsp;<\/p>\n<p>&nbsp;<\/p>\n<p>&nbsp;<\/p>\n<p>&nbsp;<\/p>\n<p>&nbsp;<\/p>\n<p>&nbsp;<\/p>\n<p>&nbsp;<\/p>\n<p>&nbsp;<\/p>\n<p>&nbsp;<\/p>\n<p>&nbsp;<\/p>\n<p>&nbsp;<\/p>\n<p>&nbsp;<\/p>\n<p>&nbsp;<\/p>\n<p>&nbsp;<\/p>\n<p>&nbsp;<\/p>\n<p>&nbsp;<\/p>\n<p>&nbsp;<\/p>\n<p>&nbsp;<\/p>\n<p>&nbsp;<\/p>\n<p>&nbsp;<\/p>\n<p>&nbsp;<\/p>\n<p>&nbsp;<\/p>\n<p>&nbsp;<\/p>\n<p>&nbsp;<\/p>\n<p>&nbsp;<\/p>\n<p>&nbsp;<\/p>\n<p>&nbsp;<\/p>\n<p>&nbsp;<\/p>","protected":false},"featured_media":2418,"comment_status":"open","ping_status":"closed","template":"","meta":[],"product_brand":[191],"product_cat":[56],"product_tag":[75,80],"class_list":{"0":"post-2414","1":"product","2":"type-product","3":"status-publish","4":"has-post-thumbnail","6":"product_brand-anios","7":"product_cat-sterilisation-hygiene","8":"product_tag-anios-desinfectant","9":"product_tag-aniospray-surf-29-maroc","11":"first","12":"instock","13":"sale","14":"taxable","15":"shipping-taxable","16":"purchasable","17":"product-type-simple"},"yoast_head":"<!-- This site is optimized with the Yoast SEO plugin v26.9 - https:\/\/yoast.com\/product\/yoast-seo-wordpress\/ -->\n<title>ANIOSPRAY SURF 29 5L - YAZMED<\/title>\n<meta name=\"robots\" content=\"index, follow, max-snippet:-1, max-image-preview:large, max-video-preview:-1\" \/>\n<link rel=\"canonical\" href=\"https:\/\/yazmed.ma\/ar\/product\/aniospray-surf-29-5l\/\" \/>\n<meta property=\"og:locale\" content=\"ar_AR\" \/>\n<meta property=\"og:type\" content=\"article\" \/>\n<meta property=\"og:title\" content=\"ANIOSPRAY SURF 29 5L - YAZMED\" \/>\n<meta property=\"og:description\" content=\"Aniospray Surf 29 5L Aniosspray surf 29 Par pulv\u00e9risation ou diffusion\u00a0 est un d\u00e9sinfectant rapide pr\u00eat \u00e0 l&#039;emploi qui peut \u00eatre utilis\u00e9 en bloc op\u00e9ratoire, dans les services \u00e0 hauts riques, en salle d&#039;examen, en services de soins. D\u00e9sinfection des surfaces et des dispositifs m\u00e9dicaux non immergeables et non invasifs, pr\u00e9alablement nettoy\u00e9s    &nbsp;  &nbsp;  &nbsp;  &nbsp;  &nbsp;  &nbsp;  &nbsp;  &nbsp;  &nbsp;  &nbsp;  &nbsp;  &nbsp;  &nbsp;  &nbsp;  &nbsp;  &nbsp;  &nbsp;  &nbsp;  &nbsp;  &nbsp;  &nbsp;  &nbsp;  &nbsp;  &nbsp;  &nbsp;  &nbsp;  &nbsp;  &nbsp;  &nbsp;  &nbsp;  &nbsp;  &nbsp;  &nbsp;  &nbsp;  &nbsp;  &nbsp;  &nbsp;  &nbsp;  &nbsp;  &nbsp;  &nbsp;  &nbsp;  &nbsp;\" \/>\n<meta property=\"og:url\" content=\"https:\/\/yazmed.ma\/ar\/product\/aniospray-surf-29-5l\/\" \/>\n<meta property=\"og:site_name\" content=\"YAZMED\" \/>\n<meta property=\"article:publisher\" content=\"https:\/\/www.facebook.com\/azenkouky\" \/>\n<meta property=\"article:modified_time\" content=\"2025-12-10T17:49:54+00:00\" \/>\n<meta property=\"og:image\" content=\"https:\/\/yazmed.ma\/wp-content\/uploads\/2025\/06\/ANIOSPRAY-SURF-29.webp\" \/>\n\t<meta property=\"og:image:width\" content=\"570\" \/>\n\t<meta property=\"og:image:height\" content=\"517\" \/>\n\t<meta property=\"og:image:type\" content=\"image\/webp\" \/>\n<meta name=\"twitter:card\" content=\"summary_large_image\" \/>\n<meta name=\"twitter:label1\" content=\"Est. reading time\" \/>\n\t<meta name=\"twitter:data1\" content=\"1 minute\" \/>\n<script type=\"application\/ld+json\" class=\"yoast-schema-graph\">{\"@context\":\"https:\/\/schema.org\",\"@graph\":[{\"@type\":\"WebPage\",\"@id\":\"https:\/\/yazmed.ma\/product\/aniospray-surf-29-5l\/\",\"url\":\"https:\/\/yazmed.ma\/product\/aniospray-surf-29-5l\/\",\"name\":\"ANIOSPRAY SURF 29 5L - YAZMED\",\"isPartOf\":{\"@id\":\"https:\/\/yazmed.ma\/#website\"},\"primaryImageOfPage\":{\"@id\":\"https:\/\/yazmed.ma\/product\/aniospray-surf-29-5l\/#primaryimage\"},\"image\":{\"@id\":\"https:\/\/yazmed.ma\/product\/aniospray-surf-29-5l\/#primaryimage\"},\"thumbnailUrl\":\"https:\/\/yazmed.ma\/wp-content\/uploads\/2025\/06\/ANIOSPRAY-SURF-29.webp\",\"datePublished\":\"2025-06-19T17:49:11+00:00\",\"dateModified\":\"2025-12-10T17:49:54+00:00\",\"breadcrumb\":{\"@id\":\"https:\/\/yazmed.ma\/product\/aniospray-surf-29-5l\/#breadcrumb\"},\"inLanguage\":\"ary\",\"potentialAction\":[{\"@type\":\"ReadAction\",\"target\":[\"https:\/\/yazmed.ma\/product\/aniospray-surf-29-5l\/\"]}]},{\"@type\":\"ImageObject\",\"inLanguage\":\"ary\",\"@id\":\"https:\/\/yazmed.ma\/product\/aniospray-surf-29-5l\/#primaryimage\",\"url\":\"https:\/\/yazmed.ma\/wp-content\/uploads\/2025\/06\/ANIOSPRAY-SURF-29.webp\",\"contentUrl\":\"https:\/\/yazmed.ma\/wp-content\/uploads\/2025\/06\/ANIOSPRAY-SURF-29.webp\",\"width\":570,\"height\":517,\"caption\":\"ANIOSPRAY SURF 29\"},{\"@type\":\"BreadcrumbList\",\"@id\":\"https:\/\/yazmed.ma\/product\/aniospray-surf-29-5l\/#breadcrumb\",\"itemListElement\":[{\"@type\":\"ListItem\",\"position\":1,\"name\":\"Accueil\",\"item\":\"https:\/\/yazmed.ma\/\"},{\"@type\":\"ListItem\",\"position\":2,\"name\":\"Shop\",\"item\":\"https:\/\/yazmed.ma\/shop-2\/\"},{\"@type\":\"ListItem\",\"position\":3,\"name\":\"ANIOSPRAY SURF 29 5L\"}]},{\"@type\":\"WebSite\",\"@id\":\"https:\/\/yazmed.ma\/#website\",\"url\":\"https:\/\/yazmed.ma\/\",\"name\":\"Yazmed\",\"description\":\"LEADER DU MAT\u00c9RIEL M\u00c9DICAL AU MAROC\",\"publisher\":{\"@id\":\"https:\/\/yazmed.ma\/#organization\"},\"potentialAction\":[{\"@type\":\"SearchAction\",\"target\":{\"@type\":\"EntryPoint\",\"urlTemplate\":\"https:\/\/yazmed.ma\/?s={search_term_string}\"},\"query-input\":{\"@type\":\"PropertyValueSpecification\",\"valueRequired\":true,\"valueName\":\"search_term_string\"}}],\"inLanguage\":\"ary\"},{\"@type\":\"Organization\",\"@id\":\"https:\/\/yazmed.ma\/#organization\",\"name\":\"Yazmed Healthcare\",\"url\":\"https:\/\/yazmed.ma\/\",\"logo\":{\"@type\":\"ImageObject\",\"inLanguage\":\"ary\",\"@id\":\"https:\/\/yazmed.ma\/#\/schema\/logo\/image\/\",\"url\":\"https:\/\/yazmed.ma\/wp-content\/uploads\/2024\/12\/3.png\",\"contentUrl\":\"https:\/\/yazmed.ma\/wp-content\/uploads\/2024\/12\/3.png\",\"width\":250,\"height\":70,\"caption\":\"Yazmed Healthcare\"},\"image\":{\"@id\":\"https:\/\/yazmed.ma\/#\/schema\/logo\/image\/\"},\"sameAs\":[\"https:\/\/www.facebook.com\/azenkouky\",\"https:\/\/www.instagram.com\/yazmedhealthcare\",\"https:\/\/www.linkedin.com\/in\/yazmed-healthcare-1b4955295\"]}]}<\/script>\n<!-- \/ Yoast SEO plugin. -->","yoast_head_json":{"title":"ANIOSPRAY SURF 29 5L - YAZMED","robots":{"index":"index","follow":"follow","max-snippet":"max-snippet:-1","max-image-preview":"max-image-preview:large","max-video-preview":"max-video-preview:-1"},"canonical":"https:\/\/yazmed.ma\/ar\/product\/aniospray-surf-29-5l\/","og_locale":"ar_AR","og_type":"article","og_title":"ANIOSPRAY SURF 29 5L - YAZMED","og_description":"Aniospray Surf 29 5L Aniosspray surf 29 Par pulv\u00e9risation ou diffusion\u00a0 est un d\u00e9sinfectant rapide pr\u00eat \u00e0 l'emploi qui peut \u00eatre utilis\u00e9 en bloc op\u00e9ratoire, dans les services \u00e0 hauts riques, en salle d'examen, en services de soins. D\u00e9sinfection des surfaces et des dispositifs m\u00e9dicaux non immergeables et non invasifs, pr\u00e9alablement nettoy\u00e9s    &nbsp;  &nbsp;  &nbsp;  &nbsp;  &nbsp;  &nbsp;  &nbsp;  &nbsp;  &nbsp;  &nbsp;  &nbsp;  &nbsp;  &nbsp;  &nbsp;  &nbsp;  &nbsp;  &nbsp;  &nbsp;  &nbsp;  &nbsp;  &nbsp;  &nbsp;  &nbsp;  &nbsp;  &nbsp;  &nbsp;  &nbsp;  &nbsp;  &nbsp;  &nbsp;  &nbsp;  &nbsp;  &nbsp;  &nbsp;  &nbsp;  &nbsp;  &nbsp;  &nbsp;  &nbsp;  &nbsp;  &nbsp;  &nbsp;  &nbsp;","og_url":"https:\/\/yazmed.ma\/ar\/product\/aniospray-surf-29-5l\/","og_site_name":"YAZMED","article_publisher":"https:\/\/www.facebook.com\/azenkouky","article_modified_time":"2025-12-10T17:49:54+00:00","og_image":[{"width":570,"height":517,"url":"https:\/\/yazmed.ma\/wp-content\/uploads\/2025\/06\/ANIOSPRAY-SURF-29.webp","type":"image\/webp"}],"twitter_card":"summary_large_image","twitter_misc":{"Est. reading time":"1 minute"},"schema":{"@context":"https:\/\/schema.org","@graph":[{"@type":"WebPage","@id":"https:\/\/yazmed.ma\/product\/aniospray-surf-29-5l\/","url":"https:\/\/yazmed.ma\/product\/aniospray-surf-29-5l\/","name":"ANIOSPRAY SURF 29 5L - YAZMED","isPartOf":{"@id":"https:\/\/yazmed.ma\/#website"},"primaryImageOfPage":{"@id":"https:\/\/yazmed.ma\/product\/aniospray-surf-29-5l\/#primaryimage"},"image":{"@id":"https:\/\/yazmed.ma\/product\/aniospray-surf-29-5l\/#primaryimage"},"thumbnailUrl":"https:\/\/yazmed.ma\/wp-content\/uploads\/2025\/06\/ANIOSPRAY-SURF-29.webp","datePublished":"2025-06-19T17:49:11+00:00","dateModified":"2025-12-10T17:49:54+00:00","breadcrumb":{"@id":"https:\/\/yazmed.ma\/product\/aniospray-surf-29-5l\/#breadcrumb"},"inLanguage":"ary","potentialAction":[{"@type":"ReadAction","target":["https:\/\/yazmed.ma\/product\/aniospray-surf-29-5l\/"]}]},{"@type":"ImageObject","inLanguage":"ary","@id":"https:\/\/yazmed.ma\/product\/aniospray-surf-29-5l\/#primaryimage","url":"https:\/\/yazmed.ma\/wp-content\/uploads\/2025\/06\/ANIOSPRAY-SURF-29.webp","contentUrl":"https:\/\/yazmed.ma\/wp-content\/uploads\/2025\/06\/ANIOSPRAY-SURF-29.webp","width":570,"height":517,"caption":"ANIOSPRAY SURF 29"},{"@type":"BreadcrumbList","@id":"https:\/\/yazmed.ma\/product\/aniospray-surf-29-5l\/#breadcrumb","itemListElement":[{"@type":"ListItem","position":1,"name":"Accueil","item":"https:\/\/yazmed.ma\/"},{"@type":"ListItem","position":2,"name":"Shop","item":"https:\/\/yazmed.ma\/shop-2\/"},{"@type":"ListItem","position":3,"name":"ANIOSPRAY SURF 29 5L"}]},{"@type":"WebSite","@id":"https:\/\/yazmed.ma\/#website","url":"https:\/\/yazmed.ma\/","name":"Yazmed","description":"LEADER DU MAT\u00c9RIEL M\u00c9DICAL AU MAROC","publisher":{"@id":"https:\/\/yazmed.ma\/#organization"},"potentialAction":[{"@type":"SearchAction","target":{"@type":"EntryPoint","urlTemplate":"https:\/\/yazmed.ma\/?s={search_term_string}"},"query-input":{"@type":"PropertyValueSpecification","valueRequired":true,"valueName":"search_term_string"}}],"inLanguage":"ary"},{"@type":"Organization","@id":"https:\/\/yazmed.ma\/#organization","name":"Yazmed Healthcare","url":"https:\/\/yazmed.ma\/","logo":{"@type":"ImageObject","inLanguage":"ary","@id":"https:\/\/yazmed.ma\/#\/schema\/logo\/image\/","url":"https:\/\/yazmed.ma\/wp-content\/uploads\/2024\/12\/3.png","contentUrl":"https:\/\/yazmed.ma\/wp-content\/uploads\/2024\/12\/3.png","width":250,"height":70,"caption":"Yazmed Healthcare"},"image":{"@id":"https:\/\/yazmed.ma\/#\/schema\/logo\/image\/"},"sameAs":["https:\/\/www.facebook.com\/azenkouky","https:\/\/www.instagram.com\/yazmedhealthcare","https:\/\/www.linkedin.com\/in\/yazmed-healthcare-1b4955295"]}]}},"_links":{"self":[{"href":"https:\/\/yazmed.ma\/ar\/wp-json\/wp\/v2\/product\/2414","targetHints":{"allow":["GET"]}}],"collection":[{"href":"https:\/\/yazmed.ma\/ar\/wp-json\/wp\/v2\/product"}],"about":[{"href":"https:\/\/yazmed.ma\/ar\/wp-json\/wp\/v2\/types\/product"}],"replies":[{"embeddable":true,"href":"https:\/\/yazmed.ma\/ar\/wp-json\/wp\/v2\/comments?post=2414"}],"version-history":[{"count":1,"href":"https:\/\/yazmed.ma\/ar\/wp-json\/wp\/v2\/product\/2414\/revisions"}],"predecessor-version":[{"id":2921,"href":"https:\/\/yazmed.ma\/ar\/wp-json\/wp\/v2\/product\/2414\/revisions\/2921"}],"wp:featuredmedia":[{"embeddable":true,"href":"https:\/\/yazmed.ma\/ar\/wp-json\/wp\/v2\/media\/2418"}],"wp:attachment":[{"href":"https:\/\/yazmed.ma\/ar\/wp-json\/wp\/v2\/media?parent=2414"}],"wp:term":[{"taxonomy":"product_brand","embeddable":true,"href":"https:\/\/yazmed.ma\/ar\/wp-json\/wp\/v2\/product_brand?post=2414"},{"taxonomy":"product_cat","embeddable":true,"href":"https:\/\/yazmed.ma\/ar\/wp-json\/wp\/v2\/product_cat?post=2414"},{"taxonomy":"product_tag","embeddable":true,"href":"https:\/\/yazmed.ma\/ar\/wp-json\/wp\/v2\/product_tag?post=2414"}],"curies":[{"name":"wp","href":"https:\/\/api.w.org\/{rel}","templated":true}]}}