{"id":2301,"date":"2025-06-02T20:10:14","date_gmt":"2025-06-02T20:10:14","guid":{"rendered":"https:\/\/yazmed.ma\/?post_type=product&#038;p=2301"},"modified":"2026-03-03T21:16:47","modified_gmt":"2026-03-03T21:16:47","slug":"electrocardiographe-contec-12-piste","status":"publish","type":"product","link":"https:\/\/yazmed.ma\/ar\/product\/electrocardiographe-contec-12-piste\/","title":{"rendered":"\u00c9lectrocardiographe CONTEC 12 pistes \u2013 Appareil ECG professionnel au Maroc"},"content":{"rendered":"<h3>ACCESSOIRES<\/h3>\n<ul>\n<li>Un c\u00e2ble de d\u00e9rivation<br \/>\nUne \u00e9lectrode de membre<br \/>\nUne \u00e9lectrode thoracique<br \/>\nUn papier d&rsquo;enregistrement thermique<br \/>\nUn cordon d&rsquo;alimentation<br \/>\nUn fil de terre<br \/>\nUn manuel d&rsquo;utilisation<\/li>\n<\/ul>","protected":false},"excerpt":{"rendered":"<h5>Electrocardiographe 12 d\u00e9rivations est un appareil de diagnostic cardiaque de haute pr\u00e9cision, con\u00e7u pour les professionnels de sant\u00e9.<\/h5>\n<h4>ECG permet l\u2019enregistrement simultan\u00e9 de 12 pistes\u00a0 pour une analyse compl\u00e8te de l\u2019activit\u00e9 \u00e9lectrique du c\u0153ur. Id\u00e9al pour les cardiologues, m\u00e9decins g\u00e9n\u00e9ralistes, h\u00f4pitaux, cliniques et cabinets m\u00e9dicaux.<\/h4>\n<h4>ECG CONTEC 12 piste est un \u00e9lectrocardiographe capable de collecter simultan\u00e9ment un signal ECG \u00e0 12 d\u00e9rivations et d&rsquo;imprimer la courbe ECG gr\u00e2ce \u00e0 un syst\u00e8me d&rsquo;impression thermique. Il comprend l&rsquo;enregistrement et l&rsquo;affichage de la courbe ECG en mode AUTO\/Manuel, la mesure et le diagnostic automatiques des param\u00e8tres de la courbe ECG<\/h4>\n<ul>\n<li>\n<h4>Application Clinique<\/h4>\n<h4>D\u00e9pistage et suivi des troubles du rythme cardiaque<\/h4>\n<h4>Bilan cardiaque pr\u00e9op\u00e9ratoire<\/h4>\n<h4>Urgences m\u00e9dicales<\/h4>\n<h4>Cardiologie en milieu hospitalier ou ambulatoire<\/h4>\n<h4>Examens ECG en cabinet ou \u00e0 domicile<\/h4>\n<h4>Caract\u00e9ristiques techniques<\/h4>\n<h4>Enregistrement simultan\u00e9 12 d\u00e9rivations<\/h4>\n<\/li>\n<\/ul>","protected":false},"featured_media":1935,"comment_status":"open","ping_status":"closed","template":"","meta":[],"product_brand":[],"product_cat":[50,62,59,58],"product_tag":[],"class_list":{"0":"post-2301","1":"product","2":"type-product","3":"status-publish","4":"has-post-thumbnail","6":"product_cat-appareillages-diagnostic","7":"product_cat-produits-vedettes","8":"product_cat-promotion","9":"product_cat-nouvelle-collection","11":"first","12":"instock","13":"taxable","14":"shipping-taxable","15":"purchasable","16":"product-type-simple"},"yoast_head":"<!-- This site is optimized with the Yoast SEO plugin v26.9 - https:\/\/yoast.com\/product\/yoast-seo-wordpress\/ -->\n<title>\u00c9lectrocardiographe CONTEC 12 pistes \u2013 Appareil ECG professionnel au Maroc - YAZMED<\/title>\n<meta name=\"robots\" content=\"index, follow, max-snippet:-1, max-image-preview:large, max-video-preview:-1\" \/>\n<link rel=\"canonical\" href=\"https:\/\/yazmed.ma\/ar\/product\/electrocardiographe-contec-12-piste\/\" \/>\n<meta property=\"og:locale\" content=\"ar_AR\" \/>\n<meta property=\"og:type\" content=\"article\" \/>\n<meta property=\"og:title\" content=\"\u00c9lectrocardiographe CONTEC 12 pistes \u2013 Appareil ECG professionnel au Maroc - YAZMED\" \/>\n<meta property=\"og:description\" content=\"Electrocardiographe 12 d\u00e9rivations est un appareil de diagnostic cardiaque de haute pr\u00e9cision, con\u00e7u pour les professionnels de sant\u00e9. ECG permet l\u2019enregistrement simultan\u00e9 de 12 pistes\u00a0 pour une analyse compl\u00e8te de l\u2019activit\u00e9 \u00e9lectrique du c\u0153ur. Id\u00e9al pour les cardiologues, m\u00e9decins g\u00e9n\u00e9ralistes, h\u00f4pitaux, cliniques et cabinets m\u00e9dicaux. ECG CONTEC 12 piste est un \u00e9lectrocardiographe capable de collecter simultan\u00e9ment un signal ECG \u00e0 12 d\u00e9rivations et d&#039;imprimer la courbe ECG gr\u00e2ce \u00e0 un syst\u00e8me d&#039;impression thermique. Il comprend l&#039;enregistrement et l&#039;affichage de la courbe ECG en mode AUTO\/Manuel, la mesure et le diagnostic automatiques des param\u00e8tres de la courbe ECG    Application Clinique D\u00e9pistage et suivi des troubles du rythme cardiaque Bilan cardiaque pr\u00e9op\u00e9ratoire Urgences m\u00e9dicales Cardiologie en milieu hospitalier ou ambulatoire Examens ECG en cabinet ou \u00e0 domicile Caract\u00e9ristiques techniques Enregistrement simultan\u00e9 12 d\u00e9rivations\" \/>\n<meta property=\"og:url\" content=\"https:\/\/yazmed.ma\/ar\/product\/electrocardiographe-contec-12-piste\/\" \/>\n<meta property=\"og:site_name\" content=\"YAZMED\" \/>\n<meta property=\"article:publisher\" content=\"https:\/\/www.facebook.com\/azenkouky\" \/>\n<meta property=\"article:modified_time\" content=\"2026-03-03T21:16:47+00:00\" \/>\n<meta property=\"og:image\" content=\"https:\/\/yazmed.ma\/wp-content\/uploads\/2025\/02\/Design-sans-titre.png\" \/>\n\t<meta property=\"og:image:width\" content=\"570\" \/>\n\t<meta property=\"og:image:height\" content=\"517\" \/>\n\t<meta property=\"og:image:type\" content=\"image\/png\" \/>\n<meta name=\"twitter:card\" content=\"summary_large_image\" \/>\n<meta name=\"twitter:label1\" content=\"Est. reading time\" \/>\n\t<meta name=\"twitter:data1\" content=\"2 minutes\" \/>\n<script type=\"application\/ld+json\" class=\"yoast-schema-graph\">{\"@context\":\"https:\/\/schema.org\",\"@graph\":[{\"@type\":\"WebPage\",\"@id\":\"https:\/\/yazmed.ma\/product\/electrocardiographe-contec-12-piste\/\",\"url\":\"https:\/\/yazmed.ma\/product\/electrocardiographe-contec-12-piste\/\",\"name\":\"\u00c9lectrocardiographe CONTEC 12 pistes \u2013 Appareil ECG professionnel au Maroc - YAZMED\",\"isPartOf\":{\"@id\":\"https:\/\/yazmed.ma\/#website\"},\"primaryImageOfPage\":{\"@id\":\"https:\/\/yazmed.ma\/product\/electrocardiographe-contec-12-piste\/#primaryimage\"},\"image\":{\"@id\":\"https:\/\/yazmed.ma\/product\/electrocardiographe-contec-12-piste\/#primaryimage\"},\"thumbnailUrl\":\"https:\/\/yazmed.ma\/wp-content\/uploads\/2025\/02\/Design-sans-titre.png\",\"datePublished\":\"2025-06-02T20:10:14+00:00\",\"dateModified\":\"2026-03-03T21:16:47+00:00\",\"breadcrumb\":{\"@id\":\"https:\/\/yazmed.ma\/product\/electrocardiographe-contec-12-piste\/#breadcrumb\"},\"inLanguage\":\"ary\",\"potentialAction\":[{\"@type\":\"ReadAction\",\"target\":[\"https:\/\/yazmed.ma\/product\/electrocardiographe-contec-12-piste\/\"]}]},{\"@type\":\"ImageObject\",\"inLanguage\":\"ary\",\"@id\":\"https:\/\/yazmed.ma\/product\/electrocardiographe-contec-12-piste\/#primaryimage\",\"url\":\"https:\/\/yazmed.ma\/wp-content\/uploads\/2025\/02\/Design-sans-titre.png\",\"contentUrl\":\"https:\/\/yazmed.ma\/wp-content\/uploads\/2025\/02\/Design-sans-titre.png\",\"width\":570,\"height\":517,\"caption\":\"\u00c9lectrocardiographe CONTEC 1200G Yazmed Maroc\"},{\"@type\":\"BreadcrumbList\",\"@id\":\"https:\/\/yazmed.ma\/product\/electrocardiographe-contec-12-piste\/#breadcrumb\",\"itemListElement\":[{\"@type\":\"ListItem\",\"position\":1,\"name\":\"Accueil\",\"item\":\"https:\/\/yazmed.ma\/\"},{\"@type\":\"ListItem\",\"position\":2,\"name\":\"Shop\",\"item\":\"https:\/\/yazmed.ma\/shop-2\/\"},{\"@type\":\"ListItem\",\"position\":3,\"name\":\"\u00c9lectrocardiographe CONTEC 12 pistes \u2013 Appareil ECG professionnel au Maroc\"}]},{\"@type\":\"WebSite\",\"@id\":\"https:\/\/yazmed.ma\/#website\",\"url\":\"https:\/\/yazmed.ma\/\",\"name\":\"Yazmed\",\"description\":\"LEADER DU MAT\u00c9RIEL M\u00c9DICAL AU MAROC\",\"publisher\":{\"@id\":\"https:\/\/yazmed.ma\/#organization\"},\"potentialAction\":[{\"@type\":\"SearchAction\",\"target\":{\"@type\":\"EntryPoint\",\"urlTemplate\":\"https:\/\/yazmed.ma\/?s={search_term_string}\"},\"query-input\":{\"@type\":\"PropertyValueSpecification\",\"valueRequired\":true,\"valueName\":\"search_term_string\"}}],\"inLanguage\":\"ary\"},{\"@type\":\"Organization\",\"@id\":\"https:\/\/yazmed.ma\/#organization\",\"name\":\"Yazmed Healthcare\",\"url\":\"https:\/\/yazmed.ma\/\",\"logo\":{\"@type\":\"ImageObject\",\"inLanguage\":\"ary\",\"@id\":\"https:\/\/yazmed.ma\/#\/schema\/logo\/image\/\",\"url\":\"https:\/\/yazmed.ma\/wp-content\/uploads\/2024\/12\/3.png\",\"contentUrl\":\"https:\/\/yazmed.ma\/wp-content\/uploads\/2024\/12\/3.png\",\"width\":250,\"height\":70,\"caption\":\"Yazmed Healthcare\"},\"image\":{\"@id\":\"https:\/\/yazmed.ma\/#\/schema\/logo\/image\/\"},\"sameAs\":[\"https:\/\/www.facebook.com\/azenkouky\",\"https:\/\/www.instagram.com\/yazmedhealthcare\",\"https:\/\/www.linkedin.com\/in\/yazmed-healthcare-1b4955295\"]}]}<\/script>\n<!-- \/ Yoast SEO plugin. -->","yoast_head_json":{"title":"\u00c9lectrocardiographe CONTEC 12 pistes \u2013 Appareil ECG professionnel au Maroc - YAZMED","robots":{"index":"index","follow":"follow","max-snippet":"max-snippet:-1","max-image-preview":"max-image-preview:large","max-video-preview":"max-video-preview:-1"},"canonical":"https:\/\/yazmed.ma\/ar\/product\/electrocardiographe-contec-12-piste\/","og_locale":"ar_AR","og_type":"article","og_title":"\u00c9lectrocardiographe CONTEC 12 pistes \u2013 Appareil ECG professionnel au Maroc - YAZMED","og_description":"Electrocardiographe 12 d\u00e9rivations est un appareil de diagnostic cardiaque de haute pr\u00e9cision, con\u00e7u pour les professionnels de sant\u00e9. ECG permet l\u2019enregistrement simultan\u00e9 de 12 pistes\u00a0 pour une analyse compl\u00e8te de l\u2019activit\u00e9 \u00e9lectrique du c\u0153ur. Id\u00e9al pour les cardiologues, m\u00e9decins g\u00e9n\u00e9ralistes, h\u00f4pitaux, cliniques et cabinets m\u00e9dicaux. ECG CONTEC 12 piste est un \u00e9lectrocardiographe capable de collecter simultan\u00e9ment un signal ECG \u00e0 12 d\u00e9rivations et d'imprimer la courbe ECG gr\u00e2ce \u00e0 un syst\u00e8me d'impression thermique. Il comprend l'enregistrement et l'affichage de la courbe ECG en mode AUTO\/Manuel, la mesure et le diagnostic automatiques des param\u00e8tres de la courbe ECG    Application Clinique D\u00e9pistage et suivi des troubles du rythme cardiaque Bilan cardiaque pr\u00e9op\u00e9ratoire Urgences m\u00e9dicales Cardiologie en milieu hospitalier ou ambulatoire Examens ECG en cabinet ou \u00e0 domicile Caract\u00e9ristiques techniques Enregistrement simultan\u00e9 12 d\u00e9rivations","og_url":"https:\/\/yazmed.ma\/ar\/product\/electrocardiographe-contec-12-piste\/","og_site_name":"YAZMED","article_publisher":"https:\/\/www.facebook.com\/azenkouky","article_modified_time":"2026-03-03T21:16:47+00:00","og_image":[{"width":570,"height":517,"url":"https:\/\/yazmed.ma\/wp-content\/uploads\/2025\/02\/Design-sans-titre.png","type":"image\/png"}],"twitter_card":"summary_large_image","twitter_misc":{"Est. reading time":"2 minutes"},"schema":{"@context":"https:\/\/schema.org","@graph":[{"@type":"WebPage","@id":"https:\/\/yazmed.ma\/product\/electrocardiographe-contec-12-piste\/","url":"https:\/\/yazmed.ma\/product\/electrocardiographe-contec-12-piste\/","name":"\u00c9lectrocardiographe CONTEC 12 pistes \u2013 Appareil ECG professionnel au Maroc - YAZMED","isPartOf":{"@id":"https:\/\/yazmed.ma\/#website"},"primaryImageOfPage":{"@id":"https:\/\/yazmed.ma\/product\/electrocardiographe-contec-12-piste\/#primaryimage"},"image":{"@id":"https:\/\/yazmed.ma\/product\/electrocardiographe-contec-12-piste\/#primaryimage"},"thumbnailUrl":"https:\/\/yazmed.ma\/wp-content\/uploads\/2025\/02\/Design-sans-titre.png","datePublished":"2025-06-02T20:10:14+00:00","dateModified":"2026-03-03T21:16:47+00:00","breadcrumb":{"@id":"https:\/\/yazmed.ma\/product\/electrocardiographe-contec-12-piste\/#breadcrumb"},"inLanguage":"ary","potentialAction":[{"@type":"ReadAction","target":["https:\/\/yazmed.ma\/product\/electrocardiographe-contec-12-piste\/"]}]},{"@type":"ImageObject","inLanguage":"ary","@id":"https:\/\/yazmed.ma\/product\/electrocardiographe-contec-12-piste\/#primaryimage","url":"https:\/\/yazmed.ma\/wp-content\/uploads\/2025\/02\/Design-sans-titre.png","contentUrl":"https:\/\/yazmed.ma\/wp-content\/uploads\/2025\/02\/Design-sans-titre.png","width":570,"height":517,"caption":"\u00c9lectrocardiographe CONTEC 1200G Yazmed Maroc"},{"@type":"BreadcrumbList","@id":"https:\/\/yazmed.ma\/product\/electrocardiographe-contec-12-piste\/#breadcrumb","itemListElement":[{"@type":"ListItem","position":1,"name":"Accueil","item":"https:\/\/yazmed.ma\/"},{"@type":"ListItem","position":2,"name":"Shop","item":"https:\/\/yazmed.ma\/shop-2\/"},{"@type":"ListItem","position":3,"name":"\u00c9lectrocardiographe CONTEC 12 pistes \u2013 Appareil ECG professionnel au Maroc"}]},{"@type":"WebSite","@id":"https:\/\/yazmed.ma\/#website","url":"https:\/\/yazmed.ma\/","name":"Yazmed","description":"LEADER DU MAT\u00c9RIEL M\u00c9DICAL AU MAROC","publisher":{"@id":"https:\/\/yazmed.ma\/#organization"},"potentialAction":[{"@type":"SearchAction","target":{"@type":"EntryPoint","urlTemplate":"https:\/\/yazmed.ma\/?s={search_term_string}"},"query-input":{"@type":"PropertyValueSpecification","valueRequired":true,"valueName":"search_term_string"}}],"inLanguage":"ary"},{"@type":"Organization","@id":"https:\/\/yazmed.ma\/#organization","name":"Yazmed Healthcare","url":"https:\/\/yazmed.ma\/","logo":{"@type":"ImageObject","inLanguage":"ary","@id":"https:\/\/yazmed.ma\/#\/schema\/logo\/image\/","url":"https:\/\/yazmed.ma\/wp-content\/uploads\/2024\/12\/3.png","contentUrl":"https:\/\/yazmed.ma\/wp-content\/uploads\/2024\/12\/3.png","width":250,"height":70,"caption":"Yazmed Healthcare"},"image":{"@id":"https:\/\/yazmed.ma\/#\/schema\/logo\/image\/"},"sameAs":["https:\/\/www.facebook.com\/azenkouky","https:\/\/www.instagram.com\/yazmedhealthcare","https:\/\/www.linkedin.com\/in\/yazmed-healthcare-1b4955295"]}]}},"_links":{"self":[{"href":"https:\/\/yazmed.ma\/ar\/wp-json\/wp\/v2\/product\/2301","targetHints":{"allow":["GET"]}}],"collection":[{"href":"https:\/\/yazmed.ma\/ar\/wp-json\/wp\/v2\/product"}],"about":[{"href":"https:\/\/yazmed.ma\/ar\/wp-json\/wp\/v2\/types\/product"}],"replies":[{"embeddable":true,"href":"https:\/\/yazmed.ma\/ar\/wp-json\/wp\/v2\/comments?post=2301"}],"version-history":[{"count":0,"href":"https:\/\/yazmed.ma\/ar\/wp-json\/wp\/v2\/product\/2301\/revisions"}],"wp:featuredmedia":[{"embeddable":true,"href":"https:\/\/yazmed.ma\/ar\/wp-json\/wp\/v2\/media\/1935"}],"wp:attachment":[{"href":"https:\/\/yazmed.ma\/ar\/wp-json\/wp\/v2\/media?parent=2301"}],"wp:term":[{"taxonomy":"product_brand","embeddable":true,"href":"https:\/\/yazmed.ma\/ar\/wp-json\/wp\/v2\/product_brand?post=2301"},{"taxonomy":"product_cat","embeddable":true,"href":"https:\/\/yazmed.ma\/ar\/wp-json\/wp\/v2\/product_cat?post=2301"},{"taxonomy":"product_tag","embeddable":true,"href":"https:\/\/yazmed.ma\/ar\/wp-json\/wp\/v2\/product_tag?post=2301"}],"curies":[{"name":"wp","href":"https:\/\/api.w.org\/{rel}","templated":true}]}}