{"id":2248,"date":"2025-05-21T18:14:21","date_gmt":"2025-05-21T18:14:21","guid":{"rendered":"https:\/\/yazmed.ma\/?post_type=product&#038;p=2248"},"modified":"2026-03-28T14:09:30","modified_gmt":"2026-03-28T14:09:30","slug":"aiguille-microneedling-dr-pen","status":"publish","type":"product","link":"https:\/\/yazmed.ma\/ar\/product\/aiguille-microneedling-dr-pen\/","title":{"rendered":"AIGUILLE MICRONEEDLING DR PEN A179"},"content":{"rendered":"","protected":false},"excerpt":{"rendered":"<h5>AIGUILLE MICRONEEDLING DR PEN<\/h5>\n<p>Les cartouches d\u2019aiguilles pour Dr Pen sont sp\u00e9cialement con\u00e7ues pour les stylos de microneedling Dr Pen, utilis\u00e9s dans les traitements esth\u00e9tiques tels que le rajeunissement de la peau, la r\u00e9duction des cicatrices, des vergetures et des pores dilat\u00e9s. St\u00e9riles, \u00e0 usage unique, elles garantissent des r\u00e9sultats s\u00fbrs, pr\u00e9cis et professionnels<\/p>\n<p>indication<\/p>\n<p>Microneedling esth\u00e9tique<\/p>\n<p>Rajeunissement cutan\u00e9<\/p>\n<p>R\u00e9duction des cicatrices d\u2019acn\u00e9<\/p>\n<p>Traitement des pores dilat\u00e9s<\/p>\n<p>Soins capillaires (alop\u00e9cie, PRP)<\/p>\n<p>M\u00e9soth\u00e9rapie<\/p>\n<p>&nbsp;<\/p>","protected":false},"featured_media":2249,"comment_status":"open","ping_status":"closed","template":"","meta":[],"product_brand":[],"product_cat":[52],"product_tag":[140],"class_list":{"0":"post-2248","1":"product","2":"type-product","3":"status-publish","4":"has-post-thumbnail","6":"product_cat-consommable-medical","7":"product_tag-cartouche-microneedling","9":"first","10":"instock","11":"taxable","12":"shipping-taxable","13":"purchasable","14":"product-type-variable"},"yoast_head":"<!-- This site is optimized with the Yoast SEO plugin v26.9 - https:\/\/yoast.com\/product\/yoast-seo-wordpress\/ -->\n<title>AIGUILLE MICRONEEDLING DR PEN A179 - YAZMED<\/title>\n<meta name=\"robots\" content=\"index, follow, max-snippet:-1, max-image-preview:large, max-video-preview:-1\" \/>\n<link rel=\"canonical\" href=\"https:\/\/yazmed.ma\/ar\/product\/aiguille-microneedling-dr-pen\/\" \/>\n<meta property=\"og:locale\" content=\"ar_AR\" \/>\n<meta property=\"og:type\" content=\"article\" \/>\n<meta property=\"og:title\" content=\"AIGUILLE MICRONEEDLING DR PEN A179 - YAZMED\" \/>\n<meta property=\"og:description\" content=\"AIGUILLE MICRONEEDLING DR PEN Les cartouches d\u2019aiguilles pour Dr Pen sont sp\u00e9cialement con\u00e7ues pour les stylos de microneedling Dr Pen, utilis\u00e9s dans les traitements esth\u00e9tiques tels que le rajeunissement de la peau, la r\u00e9duction des cicatrices, des vergetures et des pores dilat\u00e9s. St\u00e9riles, \u00e0 usage unique, elles garantissent des r\u00e9sultats s\u00fbrs, pr\u00e9cis et professionnels  indication  Microneedling esth\u00e9tique  Rajeunissement cutan\u00e9  R\u00e9duction des cicatrices d\u2019acn\u00e9  Traitement des pores dilat\u00e9s  Soins capillaires (alop\u00e9cie, PRP)  M\u00e9soth\u00e9rapie  &nbsp;\" \/>\n<meta property=\"og:url\" content=\"https:\/\/yazmed.ma\/ar\/product\/aiguille-microneedling-dr-pen\/\" \/>\n<meta property=\"og:site_name\" content=\"YAZMED\" \/>\n<meta property=\"article:publisher\" content=\"https:\/\/www.facebook.com\/azenkouky\" \/>\n<meta property=\"article:modified_time\" content=\"2026-03-28T14:09:30+00:00\" \/>\n<meta property=\"og:image\" content=\"https:\/\/yazmed.ma\/wp-content\/uploads\/2025\/05\/AIGUILLE-MICRONEEDLING-DR-PEN.png\" \/>\n\t<meta property=\"og:image:width\" content=\"570\" \/>\n\t<meta property=\"og:image:height\" content=\"517\" \/>\n\t<meta property=\"og:image:type\" content=\"image\/png\" \/>\n<meta name=\"twitter:card\" content=\"summary_large_image\" \/>\n<script type=\"application\/ld+json\" class=\"yoast-schema-graph\">{\"@context\":\"https:\/\/schema.org\",\"@graph\":[{\"@type\":\"WebPage\",\"@id\":\"https:\/\/yazmed.ma\/product\/aiguille-microneedling-dr-pen\/\",\"url\":\"https:\/\/yazmed.ma\/product\/aiguille-microneedling-dr-pen\/\",\"name\":\"AIGUILLE MICRONEEDLING DR PEN A179 - YAZMED\",\"isPartOf\":{\"@id\":\"https:\/\/yazmed.ma\/#website\"},\"primaryImageOfPage\":{\"@id\":\"https:\/\/yazmed.ma\/product\/aiguille-microneedling-dr-pen\/#primaryimage\"},\"image\":{\"@id\":\"https:\/\/yazmed.ma\/product\/aiguille-microneedling-dr-pen\/#primaryimage\"},\"thumbnailUrl\":\"https:\/\/yazmed.ma\/wp-content\/uploads\/2025\/05\/AIGUILLE-MICRONEEDLING-DR-PEN.png\",\"datePublished\":\"2025-05-21T18:14:21+00:00\",\"dateModified\":\"2026-03-28T14:09:30+00:00\",\"breadcrumb\":{\"@id\":\"https:\/\/yazmed.ma\/product\/aiguille-microneedling-dr-pen\/#breadcrumb\"},\"inLanguage\":\"ary\",\"potentialAction\":[{\"@type\":\"ReadAction\",\"target\":[\"https:\/\/yazmed.ma\/product\/aiguille-microneedling-dr-pen\/\"]}]},{\"@type\":\"ImageObject\",\"inLanguage\":\"ary\",\"@id\":\"https:\/\/yazmed.ma\/product\/aiguille-microneedling-dr-pen\/#primaryimage\",\"url\":\"https:\/\/yazmed.ma\/wp-content\/uploads\/2025\/05\/AIGUILLE-MICRONEEDLING-DR-PEN.png\",\"contentUrl\":\"https:\/\/yazmed.ma\/wp-content\/uploads\/2025\/05\/AIGUILLE-MICRONEEDLING-DR-PEN.png\",\"width\":570,\"height\":517,\"caption\":\"AIGUILLE MICRONEEDLING DR PEN Yazmed Maroc\"},{\"@type\":\"BreadcrumbList\",\"@id\":\"https:\/\/yazmed.ma\/product\/aiguille-microneedling-dr-pen\/#breadcrumb\",\"itemListElement\":[{\"@type\":\"ListItem\",\"position\":1,\"name\":\"Accueil\",\"item\":\"https:\/\/yazmed.ma\/\"},{\"@type\":\"ListItem\",\"position\":2,\"name\":\"Shop\",\"item\":\"https:\/\/yazmed.ma\/shop-2\/\"},{\"@type\":\"ListItem\",\"position\":3,\"name\":\"AIGUILLE MICRONEEDLING DR PEN A179\"}]},{\"@type\":\"WebSite\",\"@id\":\"https:\/\/yazmed.ma\/#website\",\"url\":\"https:\/\/yazmed.ma\/\",\"name\":\"Yazmed\",\"description\":\"LEADER DU MAT\u00c9RIEL M\u00c9DICAL AU MAROC\",\"publisher\":{\"@id\":\"https:\/\/yazmed.ma\/#organization\"},\"potentialAction\":[{\"@type\":\"SearchAction\",\"target\":{\"@type\":\"EntryPoint\",\"urlTemplate\":\"https:\/\/yazmed.ma\/?s={search_term_string}\"},\"query-input\":{\"@type\":\"PropertyValueSpecification\",\"valueRequired\":true,\"valueName\":\"search_term_string\"}}],\"inLanguage\":\"ary\"},{\"@type\":\"Organization\",\"@id\":\"https:\/\/yazmed.ma\/#organization\",\"name\":\"Yazmed Healthcare\",\"url\":\"https:\/\/yazmed.ma\/\",\"logo\":{\"@type\":\"ImageObject\",\"inLanguage\":\"ary\",\"@id\":\"https:\/\/yazmed.ma\/#\/schema\/logo\/image\/\",\"url\":\"https:\/\/yazmed.ma\/wp-content\/uploads\/2024\/12\/3.png\",\"contentUrl\":\"https:\/\/yazmed.ma\/wp-content\/uploads\/2024\/12\/3.png\",\"width\":250,\"height\":70,\"caption\":\"Yazmed Healthcare\"},\"image\":{\"@id\":\"https:\/\/yazmed.ma\/#\/schema\/logo\/image\/\"},\"sameAs\":[\"https:\/\/www.facebook.com\/azenkouky\",\"https:\/\/www.instagram.com\/yazmedhealthcare\",\"https:\/\/www.linkedin.com\/in\/yazmed-healthcare-1b4955295\"]}]}<\/script>\n<!-- \/ Yoast SEO plugin. -->","yoast_head_json":{"title":"AIGUILLE MICRONEEDLING DR PEN A179 - YAZMED","robots":{"index":"index","follow":"follow","max-snippet":"max-snippet:-1","max-image-preview":"max-image-preview:large","max-video-preview":"max-video-preview:-1"},"canonical":"https:\/\/yazmed.ma\/ar\/product\/aiguille-microneedling-dr-pen\/","og_locale":"ar_AR","og_type":"article","og_title":"AIGUILLE MICRONEEDLING DR PEN A179 - YAZMED","og_description":"AIGUILLE MICRONEEDLING DR PEN Les cartouches d\u2019aiguilles pour Dr Pen sont sp\u00e9cialement con\u00e7ues pour les stylos de microneedling Dr Pen, utilis\u00e9s dans les traitements esth\u00e9tiques tels que le rajeunissement de la peau, la r\u00e9duction des cicatrices, des vergetures et des pores dilat\u00e9s. St\u00e9riles, \u00e0 usage unique, elles garantissent des r\u00e9sultats s\u00fbrs, pr\u00e9cis et professionnels  indication  Microneedling esth\u00e9tique  Rajeunissement cutan\u00e9  R\u00e9duction des cicatrices d\u2019acn\u00e9  Traitement des pores dilat\u00e9s  Soins capillaires (alop\u00e9cie, PRP)  M\u00e9soth\u00e9rapie  &nbsp;","og_url":"https:\/\/yazmed.ma\/ar\/product\/aiguille-microneedling-dr-pen\/","og_site_name":"YAZMED","article_publisher":"https:\/\/www.facebook.com\/azenkouky","article_modified_time":"2026-03-28T14:09:30+00:00","og_image":[{"width":570,"height":517,"url":"https:\/\/yazmed.ma\/wp-content\/uploads\/2025\/05\/AIGUILLE-MICRONEEDLING-DR-PEN.png","type":"image\/png"}],"twitter_card":"summary_large_image","schema":{"@context":"https:\/\/schema.org","@graph":[{"@type":"WebPage","@id":"https:\/\/yazmed.ma\/product\/aiguille-microneedling-dr-pen\/","url":"https:\/\/yazmed.ma\/product\/aiguille-microneedling-dr-pen\/","name":"AIGUILLE MICRONEEDLING DR PEN A179 - YAZMED","isPartOf":{"@id":"https:\/\/yazmed.ma\/#website"},"primaryImageOfPage":{"@id":"https:\/\/yazmed.ma\/product\/aiguille-microneedling-dr-pen\/#primaryimage"},"image":{"@id":"https:\/\/yazmed.ma\/product\/aiguille-microneedling-dr-pen\/#primaryimage"},"thumbnailUrl":"https:\/\/yazmed.ma\/wp-content\/uploads\/2025\/05\/AIGUILLE-MICRONEEDLING-DR-PEN.png","datePublished":"2025-05-21T18:14:21+00:00","dateModified":"2026-03-28T14:09:30+00:00","breadcrumb":{"@id":"https:\/\/yazmed.ma\/product\/aiguille-microneedling-dr-pen\/#breadcrumb"},"inLanguage":"ary","potentialAction":[{"@type":"ReadAction","target":["https:\/\/yazmed.ma\/product\/aiguille-microneedling-dr-pen\/"]}]},{"@type":"ImageObject","inLanguage":"ary","@id":"https:\/\/yazmed.ma\/product\/aiguille-microneedling-dr-pen\/#primaryimage","url":"https:\/\/yazmed.ma\/wp-content\/uploads\/2025\/05\/AIGUILLE-MICRONEEDLING-DR-PEN.png","contentUrl":"https:\/\/yazmed.ma\/wp-content\/uploads\/2025\/05\/AIGUILLE-MICRONEEDLING-DR-PEN.png","width":570,"height":517,"caption":"AIGUILLE MICRONEEDLING DR PEN Yazmed Maroc"},{"@type":"BreadcrumbList","@id":"https:\/\/yazmed.ma\/product\/aiguille-microneedling-dr-pen\/#breadcrumb","itemListElement":[{"@type":"ListItem","position":1,"name":"Accueil","item":"https:\/\/yazmed.ma\/"},{"@type":"ListItem","position":2,"name":"Shop","item":"https:\/\/yazmed.ma\/shop-2\/"},{"@type":"ListItem","position":3,"name":"AIGUILLE MICRONEEDLING DR PEN A179"}]},{"@type":"WebSite","@id":"https:\/\/yazmed.ma\/#website","url":"https:\/\/yazmed.ma\/","name":"Yazmed","description":"LEADER DU MAT\u00c9RIEL M\u00c9DICAL AU MAROC","publisher":{"@id":"https:\/\/yazmed.ma\/#organization"},"potentialAction":[{"@type":"SearchAction","target":{"@type":"EntryPoint","urlTemplate":"https:\/\/yazmed.ma\/?s={search_term_string}"},"query-input":{"@type":"PropertyValueSpecification","valueRequired":true,"valueName":"search_term_string"}}],"inLanguage":"ary"},{"@type":"Organization","@id":"https:\/\/yazmed.ma\/#organization","name":"Yazmed Healthcare","url":"https:\/\/yazmed.ma\/","logo":{"@type":"ImageObject","inLanguage":"ary","@id":"https:\/\/yazmed.ma\/#\/schema\/logo\/image\/","url":"https:\/\/yazmed.ma\/wp-content\/uploads\/2024\/12\/3.png","contentUrl":"https:\/\/yazmed.ma\/wp-content\/uploads\/2024\/12\/3.png","width":250,"height":70,"caption":"Yazmed Healthcare"},"image":{"@id":"https:\/\/yazmed.ma\/#\/schema\/logo\/image\/"},"sameAs":["https:\/\/www.facebook.com\/azenkouky","https:\/\/www.instagram.com\/yazmedhealthcare","https:\/\/www.linkedin.com\/in\/yazmed-healthcare-1b4955295"]}]}},"_links":{"self":[{"href":"https:\/\/yazmed.ma\/ar\/wp-json\/wp\/v2\/product\/2248","targetHints":{"allow":["GET"]}}],"collection":[{"href":"https:\/\/yazmed.ma\/ar\/wp-json\/wp\/v2\/product"}],"about":[{"href":"https:\/\/yazmed.ma\/ar\/wp-json\/wp\/v2\/types\/product"}],"replies":[{"embeddable":true,"href":"https:\/\/yazmed.ma\/ar\/wp-json\/wp\/v2\/comments?post=2248"}],"version-history":[{"count":1,"href":"https:\/\/yazmed.ma\/ar\/wp-json\/wp\/v2\/product\/2248\/revisions"}],"predecessor-version":[{"id":3300,"href":"https:\/\/yazmed.ma\/ar\/wp-json\/wp\/v2\/product\/2248\/revisions\/3300"}],"wp:featuredmedia":[{"embeddable":true,"href":"https:\/\/yazmed.ma\/ar\/wp-json\/wp\/v2\/media\/2249"}],"wp:attachment":[{"href":"https:\/\/yazmed.ma\/ar\/wp-json\/wp\/v2\/media?parent=2248"}],"wp:term":[{"taxonomy":"product_brand","embeddable":true,"href":"https:\/\/yazmed.ma\/ar\/wp-json\/wp\/v2\/product_brand?post=2248"},{"taxonomy":"product_cat","embeddable":true,"href":"https:\/\/yazmed.ma\/ar\/wp-json\/wp\/v2\/product_cat?post=2248"},{"taxonomy":"product_tag","embeddable":true,"href":"https:\/\/yazmed.ma\/ar\/wp-json\/wp\/v2\/product_tag?post=2248"}],"curies":[{"name":"wp","href":"https:\/\/api.w.org\/{rel}","templated":true}]}}