{"id":2236,"date":"2025-05-21T16:38:44","date_gmt":"2025-05-21T16:38:44","guid":{"rendered":"https:\/\/yazmed.ma\/?post_type=product&#038;p=2236"},"modified":"2025-06-24T16:00:00","modified_gmt":"2025-06-24T16:00:00","slug":"sonde-double-j","status":"publish","type":"product","link":"https:\/\/yazmed.ma\/ar\/product\/sonde-double-j\/","title":{"rendered":"SONDE DOUBLE J CH 26"},"content":{"rendered":"<p>Sonde double J<\/p>\n<p>\u00e9galement appel\u00e9e La sonde JJ ou endoproth\u00e8se ur\u00e9t\u00e9rale, est un dispositif d&rsquo;urologie. Il s&rsquo;agit d&rsquo;une fine sonde introduite dans l&rsquo;uret\u00e8re, dont la fonction est d&rsquo;assurer l&rsquo;\u00e9coulement de l&rsquo;urine du rein vers la vessie.<\/p>\n<p>Pour que la sonde double J soit a\u00e9rostatique et qu&rsquo;elle ne tombe pas, la sonde se termine par une boucle \u00e0 chaque extr\u00e9mit\u00e9, d&rsquo;o\u00f9 la d\u00e9nomination JJ ou double J.\u00a0 et sert \u00e0 lever une obstruction, notamment dans le cadre d&rsquo;un obstacle ur\u00e9t\u00e9rale.<\/p>\n<p>Les avantages de la pose de sonde JJ sont nombreux. Cette proc\u00e9dure peut aider \u00e0 diagnostiquer et \u00e0 traiter rapidement les infections urinaires et la vessie neurog\u00e8ne. Elle peut \u00e9galement \u00eatre utilis\u00e9e pour soulager le blocage des voies urinaires et am\u00e9liorer le drainage de l&rsquo;urine. Enfin, elle est consid\u00e9r\u00e9e comme une proc\u00e9dure s\u00fbre et relativement peu invasive qui peut \u00eatre effectu\u00e9e en ambulatoire<\/p>\n<p>utiliser sonde double J pour un <strong data-start=\"1054\" data-end=\"1075\">Drainage efficace<\/strong> et un soulagement r\u00e9nal imm\u00e9diat.<\/p>\n<p><img decoding=\"async\" class=\"\" src=\"https:\/\/promamec.com\/assets\/site\/images\/marques\/pb54zi7roh.png\" alt=\"Rusch\" width=\"128\" height=\"33\" \/><\/p>\n<div class=\"qlJdOe\" data-attr=\"uib-thumbnail\">\n<div data-ivep=\"true\">\n<div>\n<div class=\"IWdOjd hUqmeb ivg-i\" tabindex=\"0\" role=\"button\" aria-label=\"Vignette de l'image Teleflex Incorporated\"><img decoding=\"async\" id=\"dimg_DXdZaLnIIrb_7_UPmaTksA4_1\" class=\"YQ4gaf zr758c wA1Bge\" src=\"data:image\/png;base64,iVBORw0KGgoAAAANSUhEUgAAADgAAAAaCAMAAADVPG8RAAAAeFBMVEX\/\/\/8AAFGFjKgAF2Shprv09PcDKWymqr6sscRcZ44AAFXs7fH4+PqwtMV3f5\/w8fQsPnaYn7bJy9fU1t\/i4+nCxdIYL25veJoAAF5WYYsAAEoAAFqLkasmOnS3usrd3uY1RXoAH2hncJQ9T4FGVIIADGEAAD8AJGmsEwTyAAABr0lEQVQ4je2S3ZKjIBCFjwTFsUEiPxoTBTPJbN7\/DReNVjKpmbnb3Zs9VVqnG76iOQXwX9+rKIp2wtgWxXnt2EP+WJb1Ge\/1V6BSoWtxroMqNzB7ArvW4u1LMEkU2KlH+Qncc\/wMzsc1u+wmVjD5IvlLMU4L6Pqq6h3KSQOsxzA8gX1ryJ\/qBVz8gcGO9TKqy5hzLHMYe9ijBdED9KfZU+ZsJld\/dNg3y6gXNjfYNa2Hln0etZ5Kznm54zHb\/AffwIoJzgXLgPI0vdyx2w8saTAJ7Ka79ysoq26pmYQ6XV7A9J\/l0h2laFe\/nXhPPSdQJW4vo+JjTr1vl3A2v4Gqsinuo8J0hUnh3MUPqFL0NFZjdZWwv3JQe\/e4pdyvXdqT3YpMYDimON9P8g5KDb3Y6N2S5pOfF\/L5QUhjJNZ9Wn7zIv6sahuCCzpYImuN99H49KCijXqA59LakOehdMI744JqGpsU0gdWWlvnHXHGmsaHELxA8GoQ4FGIWJep0HVqNbw0jfFBRVWmAiZKGTyMJKKoSedDA9I6EnJDuXEwgNdLSxvSRC46q8n9k3j+sn4Dgg4e9sKVLpcAAAAASUVORK5CYII=\" alt=\"\" width=\"56\" height=\"26\" data-csiid=\"DXdZaLnIIrb_7_UPmaTksA4_2\" data-atf=\"1\" \/><\/div>\n<\/div>\n<\/div>\n<\/div>\n<div class=\"MDY31c\">\n<div class=\"QpPSMb\">\n<div class=\"PZPZlf ssJ7i xgAzOe\" role=\"heading\" aria-level=\"2\" data-attrid=\"title\"><\/div>\n<\/div>\n<\/div>\n<div role=\"heading\" aria-level=\"2\" data-attrid=\"title\"><\/div>\n<div role=\"heading\" aria-level=\"2\" data-attrid=\"title\"><\/div>","protected":false},"excerpt":{"rendered":"<h5><strong>La sonde double J<\/strong><\/h5>\n<p><span style=\"font-size: 16px;\">(ou sonde JJ) est une fine sonde en plastique d\u2019environ 2 mm de diam\u00e8tre, plac\u00e9e dans l\u2019uret\u00e8re.<\/span><\/p>\n<p>Le r\u00f4le du sonde <strong>double j<\/strong> est d\u2019assurer l\u2019acheminement de l\u2019urine provenant du rein vers la vessie, lorsqu\u2019il existe un obstacle ur\u00e9t\u00e9ral.<br \/>\n&#8211; Mati\u00e8re : en polyur\u00e9thane (plastique souple)<br \/>\n&#8211; Sonde sans guide, \u00e0 court terme<br \/>\n&#8211; Taille : CH 6 \/ 26 c<\/p>\n<p>indication des utilisation<\/p>\n<p>calcul urinaire<\/p>\n<p>obstruction ur\u00e9t\u00e9rale<\/p>\n<p><img decoding=\"async\" class=\"\" src=\"https:\/\/promamec.com\/assets\/site\/images\/marques\/pb54zi7roh.png\" alt=\"Rusch\" width=\"128\" height=\"33\" \/><\/p>\n<p>For healthcare professionals<\/p>\n<p>&nbsp;<\/p>\n<p class=\"product-title\">\n<header><\/header>\n<p>&nbsp;<\/p>\n<p>&nbsp;<\/p>\n<p>&nbsp;<\/p>","protected":false},"featured_media":2237,"comment_status":"open","ping_status":"closed","template":"","meta":[],"product_brand":[],"product_cat":[52],"product_tag":[87,103,86],"class_list":{"0":"post-2236","1":"product","2":"type-product","3":"status-publish","4":"has-post-thumbnail","6":"product_cat-consommable-medical","7":"product_tag-sonde-double-j","8":"product_tag-sonde-double-j-maroc","9":"product_tag-sonde-jj","11":"first","12":"instock","13":"taxable","14":"shipping-taxable","15":"purchasable","16":"product-type-simple"},"yoast_head":"<!-- This site is optimized with the Yoast SEO plugin v26.9 - https:\/\/yoast.com\/product\/yoast-seo-wordpress\/ -->\n<title>SONDE DOUBLE J CH 26 - YAZMED<\/title>\n<meta name=\"robots\" content=\"index, follow, max-snippet:-1, max-image-preview:large, max-video-preview:-1\" \/>\n<link rel=\"canonical\" href=\"https:\/\/yazmed.ma\/ar\/product\/sonde-double-j\/\" \/>\n<meta property=\"og:locale\" content=\"ar_AR\" \/>\n<meta property=\"og:type\" content=\"article\" \/>\n<meta property=\"og:title\" content=\"SONDE DOUBLE J CH 26 - YAZMED\" \/>\n<meta property=\"og:description\" content=\"La sonde double J (ou sonde JJ) est une fine sonde en plastique d\u2019environ 2 mm de diam\u00e8tre, plac\u00e9e dans l\u2019uret\u00e8re.  Le r\u00f4le du sonde double j est d\u2019assurer l\u2019acheminement de l\u2019urine provenant du rein vers la vessie, lorsqu\u2019il existe un obstacle ur\u00e9t\u00e9ral. - Mati\u00e8re : en polyur\u00e9thane (plastique souple) - Sonde sans guide, \u00e0 court terme - Taille : CH 6 \/ 26 c  indication des utilisation  calcul urinaire  obstruction ur\u00e9t\u00e9rale    For healthcare professionals  &nbsp;   &nbsp;  &nbsp;  &nbsp;\" \/>\n<meta property=\"og:url\" content=\"https:\/\/yazmed.ma\/ar\/product\/sonde-double-j\/\" \/>\n<meta property=\"og:site_name\" content=\"YAZMED\" \/>\n<meta property=\"article:publisher\" content=\"https:\/\/www.facebook.com\/azenkouky\" \/>\n<meta property=\"article:modified_time\" content=\"2025-06-24T16:00:00+00:00\" \/>\n<meta property=\"og:image\" content=\"https:\/\/yazmed.ma\/wp-content\/uploads\/2025\/05\/SONDE-DOUBLE-J-AVEC-GUIDE.png\" \/>\n\t<meta property=\"og:image:width\" content=\"570\" \/>\n\t<meta property=\"og:image:height\" content=\"517\" \/>\n\t<meta property=\"og:image:type\" content=\"image\/png\" \/>\n<meta name=\"twitter:card\" content=\"summary_large_image\" \/>\n<meta name=\"twitter:label1\" content=\"Est. reading time\" \/>\n\t<meta name=\"twitter:data1\" content=\"1 minute\" \/>\n<script type=\"application\/ld+json\" class=\"yoast-schema-graph\">{\"@context\":\"https:\/\/schema.org\",\"@graph\":[{\"@type\":\"WebPage\",\"@id\":\"https:\/\/yazmed.ma\/product\/sonde-double-j\/\",\"url\":\"https:\/\/yazmed.ma\/product\/sonde-double-j\/\",\"name\":\"SONDE DOUBLE J CH 26 - YAZMED\",\"isPartOf\":{\"@id\":\"https:\/\/yazmed.ma\/#website\"},\"primaryImageOfPage\":{\"@id\":\"https:\/\/yazmed.ma\/product\/sonde-double-j\/#primaryimage\"},\"image\":{\"@id\":\"https:\/\/yazmed.ma\/product\/sonde-double-j\/#primaryimage\"},\"thumbnailUrl\":\"https:\/\/yazmed.ma\/wp-content\/uploads\/2025\/05\/SONDE-DOUBLE-J-AVEC-GUIDE.png\",\"datePublished\":\"2025-05-21T16:38:44+00:00\",\"dateModified\":\"2025-06-24T16:00:00+00:00\",\"breadcrumb\":{\"@id\":\"https:\/\/yazmed.ma\/product\/sonde-double-j\/#breadcrumb\"},\"inLanguage\":\"ary\",\"potentialAction\":[{\"@type\":\"ReadAction\",\"target\":[\"https:\/\/yazmed.ma\/product\/sonde-double-j\/\"]}]},{\"@type\":\"ImageObject\",\"inLanguage\":\"ary\",\"@id\":\"https:\/\/yazmed.ma\/product\/sonde-double-j\/#primaryimage\",\"url\":\"https:\/\/yazmed.ma\/wp-content\/uploads\/2025\/05\/SONDE-DOUBLE-J-AVEC-GUIDE.png\",\"contentUrl\":\"https:\/\/yazmed.ma\/wp-content\/uploads\/2025\/05\/SONDE-DOUBLE-J-AVEC-GUIDE.png\",\"width\":570,\"height\":517,\"caption\":\"SONDE DOUBLE J AVEC GUIDE Yazmed Maroc\"},{\"@type\":\"BreadcrumbList\",\"@id\":\"https:\/\/yazmed.ma\/product\/sonde-double-j\/#breadcrumb\",\"itemListElement\":[{\"@type\":\"ListItem\",\"position\":1,\"name\":\"Accueil\",\"item\":\"https:\/\/yazmed.ma\/\"},{\"@type\":\"ListItem\",\"position\":2,\"name\":\"Shop\",\"item\":\"https:\/\/yazmed.ma\/shop-2\/\"},{\"@type\":\"ListItem\",\"position\":3,\"name\":\"SONDE DOUBLE J CH 26\"}]},{\"@type\":\"WebSite\",\"@id\":\"https:\/\/yazmed.ma\/#website\",\"url\":\"https:\/\/yazmed.ma\/\",\"name\":\"Yazmed\",\"description\":\"LEADER DU MAT\u00c9RIEL M\u00c9DICAL AU MAROC\",\"publisher\":{\"@id\":\"https:\/\/yazmed.ma\/#organization\"},\"potentialAction\":[{\"@type\":\"SearchAction\",\"target\":{\"@type\":\"EntryPoint\",\"urlTemplate\":\"https:\/\/yazmed.ma\/?s={search_term_string}\"},\"query-input\":{\"@type\":\"PropertyValueSpecification\",\"valueRequired\":true,\"valueName\":\"search_term_string\"}}],\"inLanguage\":\"ary\"},{\"@type\":\"Organization\",\"@id\":\"https:\/\/yazmed.ma\/#organization\",\"name\":\"Yazmed Healthcare\",\"url\":\"https:\/\/yazmed.ma\/\",\"logo\":{\"@type\":\"ImageObject\",\"inLanguage\":\"ary\",\"@id\":\"https:\/\/yazmed.ma\/#\/schema\/logo\/image\/\",\"url\":\"https:\/\/yazmed.ma\/wp-content\/uploads\/2024\/12\/3.png\",\"contentUrl\":\"https:\/\/yazmed.ma\/wp-content\/uploads\/2024\/12\/3.png\",\"width\":250,\"height\":70,\"caption\":\"Yazmed Healthcare\"},\"image\":{\"@id\":\"https:\/\/yazmed.ma\/#\/schema\/logo\/image\/\"},\"sameAs\":[\"https:\/\/www.facebook.com\/azenkouky\",\"https:\/\/www.instagram.com\/yazmedhealthcare\",\"https:\/\/www.linkedin.com\/in\/yazmed-healthcare-1b4955295\"]}]}<\/script>\n<!-- \/ Yoast SEO plugin. -->","yoast_head_json":{"title":"SONDE DOUBLE J CH 26 - YAZMED","robots":{"index":"index","follow":"follow","max-snippet":"max-snippet:-1","max-image-preview":"max-image-preview:large","max-video-preview":"max-video-preview:-1"},"canonical":"https:\/\/yazmed.ma\/ar\/product\/sonde-double-j\/","og_locale":"ar_AR","og_type":"article","og_title":"SONDE DOUBLE J CH 26 - YAZMED","og_description":"La sonde double J (ou sonde JJ) est une fine sonde en plastique d\u2019environ 2 mm de diam\u00e8tre, plac\u00e9e dans l\u2019uret\u00e8re.  Le r\u00f4le du sonde double j est d\u2019assurer l\u2019acheminement de l\u2019urine provenant du rein vers la vessie, lorsqu\u2019il existe un obstacle ur\u00e9t\u00e9ral. - Mati\u00e8re : en polyur\u00e9thane (plastique souple) - Sonde sans guide, \u00e0 court terme - Taille : CH 6 \/ 26 c  indication des utilisation  calcul urinaire  obstruction ur\u00e9t\u00e9rale    For healthcare professionals  &nbsp;   &nbsp;  &nbsp;  &nbsp;","og_url":"https:\/\/yazmed.ma\/ar\/product\/sonde-double-j\/","og_site_name":"YAZMED","article_publisher":"https:\/\/www.facebook.com\/azenkouky","article_modified_time":"2025-06-24T16:00:00+00:00","og_image":[{"width":570,"height":517,"url":"https:\/\/yazmed.ma\/wp-content\/uploads\/2025\/05\/SONDE-DOUBLE-J-AVEC-GUIDE.png","type":"image\/png"}],"twitter_card":"summary_large_image","twitter_misc":{"Est. reading time":"1 minute"},"schema":{"@context":"https:\/\/schema.org","@graph":[{"@type":"WebPage","@id":"https:\/\/yazmed.ma\/product\/sonde-double-j\/","url":"https:\/\/yazmed.ma\/product\/sonde-double-j\/","name":"SONDE DOUBLE J CH 26 - YAZMED","isPartOf":{"@id":"https:\/\/yazmed.ma\/#website"},"primaryImageOfPage":{"@id":"https:\/\/yazmed.ma\/product\/sonde-double-j\/#primaryimage"},"image":{"@id":"https:\/\/yazmed.ma\/product\/sonde-double-j\/#primaryimage"},"thumbnailUrl":"https:\/\/yazmed.ma\/wp-content\/uploads\/2025\/05\/SONDE-DOUBLE-J-AVEC-GUIDE.png","datePublished":"2025-05-21T16:38:44+00:00","dateModified":"2025-06-24T16:00:00+00:00","breadcrumb":{"@id":"https:\/\/yazmed.ma\/product\/sonde-double-j\/#breadcrumb"},"inLanguage":"ary","potentialAction":[{"@type":"ReadAction","target":["https:\/\/yazmed.ma\/product\/sonde-double-j\/"]}]},{"@type":"ImageObject","inLanguage":"ary","@id":"https:\/\/yazmed.ma\/product\/sonde-double-j\/#primaryimage","url":"https:\/\/yazmed.ma\/wp-content\/uploads\/2025\/05\/SONDE-DOUBLE-J-AVEC-GUIDE.png","contentUrl":"https:\/\/yazmed.ma\/wp-content\/uploads\/2025\/05\/SONDE-DOUBLE-J-AVEC-GUIDE.png","width":570,"height":517,"caption":"SONDE DOUBLE J AVEC GUIDE Yazmed Maroc"},{"@type":"BreadcrumbList","@id":"https:\/\/yazmed.ma\/product\/sonde-double-j\/#breadcrumb","itemListElement":[{"@type":"ListItem","position":1,"name":"Accueil","item":"https:\/\/yazmed.ma\/"},{"@type":"ListItem","position":2,"name":"Shop","item":"https:\/\/yazmed.ma\/shop-2\/"},{"@type":"ListItem","position":3,"name":"SONDE DOUBLE J CH 26"}]},{"@type":"WebSite","@id":"https:\/\/yazmed.ma\/#website","url":"https:\/\/yazmed.ma\/","name":"Yazmed","description":"LEADER DU MAT\u00c9RIEL M\u00c9DICAL AU MAROC","publisher":{"@id":"https:\/\/yazmed.ma\/#organization"},"potentialAction":[{"@type":"SearchAction","target":{"@type":"EntryPoint","urlTemplate":"https:\/\/yazmed.ma\/?s={search_term_string}"},"query-input":{"@type":"PropertyValueSpecification","valueRequired":true,"valueName":"search_term_string"}}],"inLanguage":"ary"},{"@type":"Organization","@id":"https:\/\/yazmed.ma\/#organization","name":"Yazmed Healthcare","url":"https:\/\/yazmed.ma\/","logo":{"@type":"ImageObject","inLanguage":"ary","@id":"https:\/\/yazmed.ma\/#\/schema\/logo\/image\/","url":"https:\/\/yazmed.ma\/wp-content\/uploads\/2024\/12\/3.png","contentUrl":"https:\/\/yazmed.ma\/wp-content\/uploads\/2024\/12\/3.png","width":250,"height":70,"caption":"Yazmed Healthcare"},"image":{"@id":"https:\/\/yazmed.ma\/#\/schema\/logo\/image\/"},"sameAs":["https:\/\/www.facebook.com\/azenkouky","https:\/\/www.instagram.com\/yazmedhealthcare","https:\/\/www.linkedin.com\/in\/yazmed-healthcare-1b4955295"]}]}},"_links":{"self":[{"href":"https:\/\/yazmed.ma\/ar\/wp-json\/wp\/v2\/product\/2236","targetHints":{"allow":["GET"]}}],"collection":[{"href":"https:\/\/yazmed.ma\/ar\/wp-json\/wp\/v2\/product"}],"about":[{"href":"https:\/\/yazmed.ma\/ar\/wp-json\/wp\/v2\/types\/product"}],"replies":[{"embeddable":true,"href":"https:\/\/yazmed.ma\/ar\/wp-json\/wp\/v2\/comments?post=2236"}],"version-history":[{"count":0,"href":"https:\/\/yazmed.ma\/ar\/wp-json\/wp\/v2\/product\/2236\/revisions"}],"wp:featuredmedia":[{"embeddable":true,"href":"https:\/\/yazmed.ma\/ar\/wp-json\/wp\/v2\/media\/2237"}],"wp:attachment":[{"href":"https:\/\/yazmed.ma\/ar\/wp-json\/wp\/v2\/media?parent=2236"}],"wp:term":[{"taxonomy":"product_brand","embeddable":true,"href":"https:\/\/yazmed.ma\/ar\/wp-json\/wp\/v2\/product_brand?post=2236"},{"taxonomy":"product_cat","embeddable":true,"href":"https:\/\/yazmed.ma\/ar\/wp-json\/wp\/v2\/product_cat?post=2236"},{"taxonomy":"product_tag","embeddable":true,"href":"https:\/\/yazmed.ma\/ar\/wp-json\/wp\/v2\/product_tag?post=2236"}],"curies":[{"name":"wp","href":"https:\/\/api.w.org\/{rel}","templated":true}]}}