{"id":2041,"date":"2025-04-06T12:48:57","date_gmt":"2025-04-06T12:48:57","guid":{"rendered":"https:\/\/yazmed.ma\/?post_type=product&#038;p=2041"},"modified":"2025-07-09T14:34:20","modified_gmt":"2025-07-09T14:34:20","slug":"paravent-inox-2-volets","status":"publish","type":"product","link":"https:\/\/yazmed.ma\/ar\/product\/paravent-inox-2-volets\/","title":{"rendered":"PARAVENT INOX 2 VOLETS"},"content":{"rendered":"","protected":false},"excerpt":{"rendered":"<div>Paravent m\u00e9dical \u00e0 deux panneaux, destin\u00e9 \u00e0 pr\u00e9server l\u2019intimit\u00e9 des patients en milieu hospitalier ou en cabinet m\u00e9dical. Structure l\u00e9g\u00e8re et mobile, adapt\u00e9e \u00e0 un usage fr\u00e9quent. Facile \u00e0 nettoyer, r\u00e9sistant aux produits d\u00e9sinfectants.<\/div>\n<div>Paravent en inox<\/div>\n<div>\u00a0 Ch\u00e2ssis en Inox \u00e0 2 panneaux de 60 cm de largeur<\/div>\n<div>\u2022 Roulant &#8211; Pliable<\/div>\n<div>\u2022 Toile lavable blanche<\/div>\n<div>\u2022 Dimensions ouvert : 1750 x 1200mm<\/div>\n<div>\u2022 Poids : 4Kg<\/div>","protected":false},"featured_media":2042,"comment_status":"open","ping_status":"closed","template":"","meta":[],"product_brand":[],"product_cat":[54],"product_tag":[],"class_list":{"0":"post-2041","1":"product","2":"type-product","3":"status-publish","4":"has-post-thumbnail","6":"product_cat-mobilier-medical","8":"first","9":"instock","10":"taxable","11":"shipping-taxable","12":"purchasable","13":"product-type-simple"},"yoast_head":"<!-- This site is optimized with the Yoast SEO plugin v26.9 - https:\/\/yoast.com\/product\/yoast-seo-wordpress\/ -->\n<title>PARAVENT INOX 2 VOLETS - YAZMED<\/title>\n<meta name=\"robots\" content=\"index, follow, max-snippet:-1, max-image-preview:large, max-video-preview:-1\" \/>\n<link rel=\"canonical\" href=\"https:\/\/yazmed.ma\/ar\/product\/paravent-inox-2-volets\/\" \/>\n<meta property=\"og:locale\" content=\"ar_AR\" \/>\n<meta property=\"og:type\" content=\"article\" \/>\n<meta property=\"og:title\" content=\"PARAVENT INOX 2 VOLETS - YAZMED\" \/>\n<meta property=\"og:description\" content=\"Paravent m\u00e9dical \u00e0 deux panneaux, destin\u00e9 \u00e0 pr\u00e9server l\u2019intimit\u00e9 des patients en milieu hospitalier ou en cabinet m\u00e9dical. Structure l\u00e9g\u00e8re et mobile, adapt\u00e9e \u00e0 un usage fr\u00e9quent. Facile \u00e0 nettoyer, r\u00e9sistant aux produits d\u00e9sinfectants. Paravent en inox \u00a0 Ch\u00e2ssis en Inox \u00e0 2 panneaux de 60 cm de largeur \u2022 Roulant - Pliable \u2022 Toile lavable blanche \u2022 Dimensions ouvert : 1750 x 1200mm \u2022 Poids : 4Kg\" \/>\n<meta property=\"og:url\" content=\"https:\/\/yazmed.ma\/ar\/product\/paravent-inox-2-volets\/\" \/>\n<meta property=\"og:site_name\" content=\"YAZMED\" \/>\n<meta property=\"article:publisher\" content=\"https:\/\/www.facebook.com\/azenkouky\" \/>\n<meta property=\"article:modified_time\" content=\"2025-07-09T14:34:20+00:00\" \/>\n<meta property=\"og:image\" content=\"https:\/\/yazmed.ma\/wp-content\/uploads\/2025\/04\/Design-sans-titre-17.png\" \/>\n\t<meta property=\"og:image:width\" content=\"570\" \/>\n\t<meta property=\"og:image:height\" content=\"517\" \/>\n\t<meta property=\"og:image:type\" content=\"image\/png\" \/>\n<meta name=\"twitter:card\" content=\"summary_large_image\" \/>\n<meta name=\"twitter:label1\" content=\"Est. reading time\" \/>\n\t<meta name=\"twitter:data1\" content=\"1 minute\" \/>\n<script type=\"application\/ld+json\" class=\"yoast-schema-graph\">{\"@context\":\"https:\/\/schema.org\",\"@graph\":[{\"@type\":\"WebPage\",\"@id\":\"https:\/\/yazmed.ma\/product\/paravent-inox-2-volets\/\",\"url\":\"https:\/\/yazmed.ma\/product\/paravent-inox-2-volets\/\",\"name\":\"PARAVENT INOX 2 VOLETS - YAZMED\",\"isPartOf\":{\"@id\":\"https:\/\/yazmed.ma\/#website\"},\"primaryImageOfPage\":{\"@id\":\"https:\/\/yazmed.ma\/product\/paravent-inox-2-volets\/#primaryimage\"},\"image\":{\"@id\":\"https:\/\/yazmed.ma\/product\/paravent-inox-2-volets\/#primaryimage\"},\"thumbnailUrl\":\"https:\/\/yazmed.ma\/wp-content\/uploads\/2025\/04\/Design-sans-titre-17.png\",\"datePublished\":\"2025-04-06T12:48:57+00:00\",\"dateModified\":\"2025-07-09T14:34:20+00:00\",\"breadcrumb\":{\"@id\":\"https:\/\/yazmed.ma\/product\/paravent-inox-2-volets\/#breadcrumb\"},\"inLanguage\":\"ary\",\"potentialAction\":[{\"@type\":\"ReadAction\",\"target\":[\"https:\/\/yazmed.ma\/product\/paravent-inox-2-volets\/\"]}]},{\"@type\":\"ImageObject\",\"inLanguage\":\"ary\",\"@id\":\"https:\/\/yazmed.ma\/product\/paravent-inox-2-volets\/#primaryimage\",\"url\":\"https:\/\/yazmed.ma\/wp-content\/uploads\/2025\/04\/Design-sans-titre-17.png\",\"contentUrl\":\"https:\/\/yazmed.ma\/wp-content\/uploads\/2025\/04\/Design-sans-titre-17.png\",\"width\":570,\"height\":517,\"caption\":\"PARAVENT INOX 2 VOLETS\"},{\"@type\":\"BreadcrumbList\",\"@id\":\"https:\/\/yazmed.ma\/product\/paravent-inox-2-volets\/#breadcrumb\",\"itemListElement\":[{\"@type\":\"ListItem\",\"position\":1,\"name\":\"Accueil\",\"item\":\"https:\/\/yazmed.ma\/\"},{\"@type\":\"ListItem\",\"position\":2,\"name\":\"Shop\",\"item\":\"https:\/\/yazmed.ma\/shop-2\/\"},{\"@type\":\"ListItem\",\"position\":3,\"name\":\"PARAVENT INOX 2 VOLETS\"}]},{\"@type\":\"WebSite\",\"@id\":\"https:\/\/yazmed.ma\/#website\",\"url\":\"https:\/\/yazmed.ma\/\",\"name\":\"Yazmed\",\"description\":\"LEADER DU MAT\u00c9RIEL M\u00c9DICAL AU MAROC\",\"publisher\":{\"@id\":\"https:\/\/yazmed.ma\/#organization\"},\"potentialAction\":[{\"@type\":\"SearchAction\",\"target\":{\"@type\":\"EntryPoint\",\"urlTemplate\":\"https:\/\/yazmed.ma\/?s={search_term_string}\"},\"query-input\":{\"@type\":\"PropertyValueSpecification\",\"valueRequired\":true,\"valueName\":\"search_term_string\"}}],\"inLanguage\":\"ary\"},{\"@type\":\"Organization\",\"@id\":\"https:\/\/yazmed.ma\/#organization\",\"name\":\"Yazmed Healthcare\",\"url\":\"https:\/\/yazmed.ma\/\",\"logo\":{\"@type\":\"ImageObject\",\"inLanguage\":\"ary\",\"@id\":\"https:\/\/yazmed.ma\/#\/schema\/logo\/image\/\",\"url\":\"https:\/\/yazmed.ma\/wp-content\/uploads\/2024\/12\/3.png\",\"contentUrl\":\"https:\/\/yazmed.ma\/wp-content\/uploads\/2024\/12\/3.png\",\"width\":250,\"height\":70,\"caption\":\"Yazmed Healthcare\"},\"image\":{\"@id\":\"https:\/\/yazmed.ma\/#\/schema\/logo\/image\/\"},\"sameAs\":[\"https:\/\/www.facebook.com\/azenkouky\",\"https:\/\/www.instagram.com\/yazmedhealthcare\",\"https:\/\/www.linkedin.com\/in\/yazmed-healthcare-1b4955295\"]}]}<\/script>\n<!-- \/ Yoast SEO plugin. -->","yoast_head_json":{"title":"PARAVENT INOX 2 VOLETS - YAZMED","robots":{"index":"index","follow":"follow","max-snippet":"max-snippet:-1","max-image-preview":"max-image-preview:large","max-video-preview":"max-video-preview:-1"},"canonical":"https:\/\/yazmed.ma\/ar\/product\/paravent-inox-2-volets\/","og_locale":"ar_AR","og_type":"article","og_title":"PARAVENT INOX 2 VOLETS - YAZMED","og_description":"Paravent m\u00e9dical \u00e0 deux panneaux, destin\u00e9 \u00e0 pr\u00e9server l\u2019intimit\u00e9 des patients en milieu hospitalier ou en cabinet m\u00e9dical. Structure l\u00e9g\u00e8re et mobile, adapt\u00e9e \u00e0 un usage fr\u00e9quent. Facile \u00e0 nettoyer, r\u00e9sistant aux produits d\u00e9sinfectants. Paravent en inox \u00a0 Ch\u00e2ssis en Inox \u00e0 2 panneaux de 60 cm de largeur \u2022 Roulant - Pliable \u2022 Toile lavable blanche \u2022 Dimensions ouvert : 1750 x 1200mm \u2022 Poids : 4Kg","og_url":"https:\/\/yazmed.ma\/ar\/product\/paravent-inox-2-volets\/","og_site_name":"YAZMED","article_publisher":"https:\/\/www.facebook.com\/azenkouky","article_modified_time":"2025-07-09T14:34:20+00:00","og_image":[{"width":570,"height":517,"url":"https:\/\/yazmed.ma\/wp-content\/uploads\/2025\/04\/Design-sans-titre-17.png","type":"image\/png"}],"twitter_card":"summary_large_image","twitter_misc":{"Est. reading time":"1 minute"},"schema":{"@context":"https:\/\/schema.org","@graph":[{"@type":"WebPage","@id":"https:\/\/yazmed.ma\/product\/paravent-inox-2-volets\/","url":"https:\/\/yazmed.ma\/product\/paravent-inox-2-volets\/","name":"PARAVENT INOX 2 VOLETS - YAZMED","isPartOf":{"@id":"https:\/\/yazmed.ma\/#website"},"primaryImageOfPage":{"@id":"https:\/\/yazmed.ma\/product\/paravent-inox-2-volets\/#primaryimage"},"image":{"@id":"https:\/\/yazmed.ma\/product\/paravent-inox-2-volets\/#primaryimage"},"thumbnailUrl":"https:\/\/yazmed.ma\/wp-content\/uploads\/2025\/04\/Design-sans-titre-17.png","datePublished":"2025-04-06T12:48:57+00:00","dateModified":"2025-07-09T14:34:20+00:00","breadcrumb":{"@id":"https:\/\/yazmed.ma\/product\/paravent-inox-2-volets\/#breadcrumb"},"inLanguage":"ary","potentialAction":[{"@type":"ReadAction","target":["https:\/\/yazmed.ma\/product\/paravent-inox-2-volets\/"]}]},{"@type":"ImageObject","inLanguage":"ary","@id":"https:\/\/yazmed.ma\/product\/paravent-inox-2-volets\/#primaryimage","url":"https:\/\/yazmed.ma\/wp-content\/uploads\/2025\/04\/Design-sans-titre-17.png","contentUrl":"https:\/\/yazmed.ma\/wp-content\/uploads\/2025\/04\/Design-sans-titre-17.png","width":570,"height":517,"caption":"PARAVENT INOX 2 VOLETS"},{"@type":"BreadcrumbList","@id":"https:\/\/yazmed.ma\/product\/paravent-inox-2-volets\/#breadcrumb","itemListElement":[{"@type":"ListItem","position":1,"name":"Accueil","item":"https:\/\/yazmed.ma\/"},{"@type":"ListItem","position":2,"name":"Shop","item":"https:\/\/yazmed.ma\/shop-2\/"},{"@type":"ListItem","position":3,"name":"PARAVENT INOX 2 VOLETS"}]},{"@type":"WebSite","@id":"https:\/\/yazmed.ma\/#website","url":"https:\/\/yazmed.ma\/","name":"Yazmed","description":"LEADER DU MAT\u00c9RIEL M\u00c9DICAL AU MAROC","publisher":{"@id":"https:\/\/yazmed.ma\/#organization"},"potentialAction":[{"@type":"SearchAction","target":{"@type":"EntryPoint","urlTemplate":"https:\/\/yazmed.ma\/?s={search_term_string}"},"query-input":{"@type":"PropertyValueSpecification","valueRequired":true,"valueName":"search_term_string"}}],"inLanguage":"ary"},{"@type":"Organization","@id":"https:\/\/yazmed.ma\/#organization","name":"Yazmed Healthcare","url":"https:\/\/yazmed.ma\/","logo":{"@type":"ImageObject","inLanguage":"ary","@id":"https:\/\/yazmed.ma\/#\/schema\/logo\/image\/","url":"https:\/\/yazmed.ma\/wp-content\/uploads\/2024\/12\/3.png","contentUrl":"https:\/\/yazmed.ma\/wp-content\/uploads\/2024\/12\/3.png","width":250,"height":70,"caption":"Yazmed Healthcare"},"image":{"@id":"https:\/\/yazmed.ma\/#\/schema\/logo\/image\/"},"sameAs":["https:\/\/www.facebook.com\/azenkouky","https:\/\/www.instagram.com\/yazmedhealthcare","https:\/\/www.linkedin.com\/in\/yazmed-healthcare-1b4955295"]}]}},"_links":{"self":[{"href":"https:\/\/yazmed.ma\/ar\/wp-json\/wp\/v2\/product\/2041","targetHints":{"allow":["GET"]}}],"collection":[{"href":"https:\/\/yazmed.ma\/ar\/wp-json\/wp\/v2\/product"}],"about":[{"href":"https:\/\/yazmed.ma\/ar\/wp-json\/wp\/v2\/types\/product"}],"replies":[{"embeddable":true,"href":"https:\/\/yazmed.ma\/ar\/wp-json\/wp\/v2\/comments?post=2041"}],"version-history":[{"count":0,"href":"https:\/\/yazmed.ma\/ar\/wp-json\/wp\/v2\/product\/2041\/revisions"}],"wp:featuredmedia":[{"embeddable":true,"href":"https:\/\/yazmed.ma\/ar\/wp-json\/wp\/v2\/media\/2042"}],"wp:attachment":[{"href":"https:\/\/yazmed.ma\/ar\/wp-json\/wp\/v2\/media?parent=2041"}],"wp:term":[{"taxonomy":"product_brand","embeddable":true,"href":"https:\/\/yazmed.ma\/ar\/wp-json\/wp\/v2\/product_brand?post=2041"},{"taxonomy":"product_cat","embeddable":true,"href":"https:\/\/yazmed.ma\/ar\/wp-json\/wp\/v2\/product_cat?post=2041"},{"taxonomy":"product_tag","embeddable":true,"href":"https:\/\/yazmed.ma\/ar\/wp-json\/wp\/v2\/product_tag?post=2041"}],"curies":[{"name":"wp","href":"https:\/\/api.w.org\/{rel}","templated":true}]}}