{"id":2031,"date":"2025-04-06T12:09:16","date_gmt":"2025-04-06T12:09:16","guid":{"rendered":"https:\/\/yazmed.ma\/?post_type=product&#038;p=2031"},"modified":"2025-06-20T11:22:09","modified_gmt":"2025-06-20T11:22:09","slug":"tabouret-rond-roulant-inox","status":"publish","type":"product","link":"https:\/\/yazmed.ma\/ar\/product\/tabouret-rond-roulant-inox\/","title":{"rendered":"Tabouret Rond roulant Inox"},"content":{"rendered":"<ul>\n<li>Assise 35 cm en mousse<\/li>\n<li>R\u00e9glage hauteur<\/li>\n<li>Pi\u00e9tement chrom\u00e9<\/li>\n<li>Cerceau repose pieds<\/li>\n<li>total confort<\/li>\n<\/ul>","protected":false},"excerpt":{"rendered":"<h5>Tabouret Rond roulant Inox<\/h5>\n<p>Tabouret m\u00e9dical ergonomique, con\u00e7u pour les professionnels de sant\u00e9 en cabinet, h\u00f4pital, laboratoire ou centre de soins. R\u00e9glable en hauteur, avec assise confortable et base stable, disponible avec ou sans roulettes.<\/p>\n<ul>\n<li>Assise 35 cm en mousse recouverte en cuir Epaisseur : 6 cm<\/li>\n<li>R\u00e9glage hauteur de 52 \u00e0 70 cm \u00e0 v\u00e9rin hydraulique<\/li>\n<li>Pi\u00e9tement chrom\u00e9 Deluxe \u00e0 5 branches sur roulettes<\/li>\n<li>Cerceau repose pieds total confort<\/li>\n<\/ul>","protected":false},"featured_media":2032,"comment_status":"open","ping_status":"closed","template":"","meta":[],"product_brand":[],"product_cat":[54],"product_tag":[],"class_list":{"0":"post-2031","1":"product","2":"type-product","3":"status-publish","4":"has-post-thumbnail","6":"product_cat-mobilier-medical","8":"first","9":"instock","10":"taxable","11":"shipping-taxable","12":"product-type-simple"},"yoast_head":"<!-- This site is optimized with the Yoast SEO plugin v26.9 - https:\/\/yoast.com\/product\/yoast-seo-wordpress\/ -->\n<title>Tabouret Rond roulant Inox - YAZMED<\/title>\n<meta name=\"robots\" content=\"index, follow, max-snippet:-1, max-image-preview:large, max-video-preview:-1\" \/>\n<link rel=\"canonical\" href=\"https:\/\/yazmed.ma\/ar\/product\/tabouret-rond-roulant-inox\/\" \/>\n<meta property=\"og:locale\" content=\"ar_AR\" \/>\n<meta property=\"og:type\" content=\"article\" \/>\n<meta property=\"og:title\" content=\"Tabouret Rond roulant Inox - YAZMED\" \/>\n<meta property=\"og:description\" content=\"Tabouret Rond roulant Inox Tabouret m\u00e9dical ergonomique, con\u00e7u pour les professionnels de sant\u00e9 en cabinet, h\u00f4pital, laboratoire ou centre de soins. R\u00e9glable en hauteur, avec assise confortable et base stable, disponible avec ou sans roulettes.   Assise 35 cm en mousse recouverte en cuir Epaisseur : 6 cm  R\u00e9glage hauteur de 52 \u00e0 70 cm \u00e0 v\u00e9rin hydraulique  Pi\u00e9tement chrom\u00e9 Deluxe \u00e0 5 branches sur roulettes  Cerceau repose pieds total confort\" \/>\n<meta property=\"og:url\" content=\"https:\/\/yazmed.ma\/ar\/product\/tabouret-rond-roulant-inox\/\" \/>\n<meta property=\"og:site_name\" content=\"YAZMED\" \/>\n<meta property=\"article:publisher\" content=\"https:\/\/www.facebook.com\/azenkouky\" \/>\n<meta property=\"article:modified_time\" content=\"2025-06-20T11:22:09+00:00\" \/>\n<meta property=\"og:image\" content=\"https:\/\/yazmed.ma\/wp-content\/uploads\/2025\/04\/Sans-titre-570-x-517-px-6.png\" \/>\n\t<meta property=\"og:image:width\" content=\"570\" \/>\n\t<meta property=\"og:image:height\" content=\"517\" \/>\n\t<meta property=\"og:image:type\" content=\"image\/png\" \/>\n<meta name=\"twitter:card\" content=\"summary_large_image\" \/>\n<meta name=\"twitter:label1\" content=\"Est. reading time\" \/>\n\t<meta name=\"twitter:data1\" content=\"1 minute\" \/>\n<script type=\"application\/ld+json\" class=\"yoast-schema-graph\">{\"@context\":\"https:\/\/schema.org\",\"@graph\":[{\"@type\":\"WebPage\",\"@id\":\"https:\/\/yazmed.ma\/product\/tabouret-rond-roulant-inox\/\",\"url\":\"https:\/\/yazmed.ma\/product\/tabouret-rond-roulant-inox\/\",\"name\":\"Tabouret Rond roulant Inox - YAZMED\",\"isPartOf\":{\"@id\":\"https:\/\/yazmed.ma\/#website\"},\"primaryImageOfPage\":{\"@id\":\"https:\/\/yazmed.ma\/product\/tabouret-rond-roulant-inox\/#primaryimage\"},\"image\":{\"@id\":\"https:\/\/yazmed.ma\/product\/tabouret-rond-roulant-inox\/#primaryimage\"},\"thumbnailUrl\":\"https:\/\/yazmed.ma\/wp-content\/uploads\/2025\/04\/Sans-titre-570-x-517-px-6.png\",\"datePublished\":\"2025-04-06T12:09:16+00:00\",\"dateModified\":\"2025-06-20T11:22:09+00:00\",\"breadcrumb\":{\"@id\":\"https:\/\/yazmed.ma\/product\/tabouret-rond-roulant-inox\/#breadcrumb\"},\"inLanguage\":\"ary\",\"potentialAction\":[{\"@type\":\"ReadAction\",\"target\":[\"https:\/\/yazmed.ma\/product\/tabouret-rond-roulant-inox\/\"]}]},{\"@type\":\"ImageObject\",\"inLanguage\":\"ary\",\"@id\":\"https:\/\/yazmed.ma\/product\/tabouret-rond-roulant-inox\/#primaryimage\",\"url\":\"https:\/\/yazmed.ma\/wp-content\/uploads\/2025\/04\/Sans-titre-570-x-517-px-6.png\",\"contentUrl\":\"https:\/\/yazmed.ma\/wp-content\/uploads\/2025\/04\/Sans-titre-570-x-517-px-6.png\",\"width\":570,\"height\":517,\"caption\":\"Tabouret Rond roulant Inox\"},{\"@type\":\"BreadcrumbList\",\"@id\":\"https:\/\/yazmed.ma\/product\/tabouret-rond-roulant-inox\/#breadcrumb\",\"itemListElement\":[{\"@type\":\"ListItem\",\"position\":1,\"name\":\"Accueil\",\"item\":\"https:\/\/yazmed.ma\/\"},{\"@type\":\"ListItem\",\"position\":2,\"name\":\"Shop\",\"item\":\"https:\/\/yazmed.ma\/shop-2\/\"},{\"@type\":\"ListItem\",\"position\":3,\"name\":\"Tabouret Rond roulant Inox\"}]},{\"@type\":\"WebSite\",\"@id\":\"https:\/\/yazmed.ma\/#website\",\"url\":\"https:\/\/yazmed.ma\/\",\"name\":\"Yazmed\",\"description\":\"LEADER DU MAT\u00c9RIEL M\u00c9DICAL AU MAROC\",\"publisher\":{\"@id\":\"https:\/\/yazmed.ma\/#organization\"},\"potentialAction\":[{\"@type\":\"SearchAction\",\"target\":{\"@type\":\"EntryPoint\",\"urlTemplate\":\"https:\/\/yazmed.ma\/?s={search_term_string}\"},\"query-input\":{\"@type\":\"PropertyValueSpecification\",\"valueRequired\":true,\"valueName\":\"search_term_string\"}}],\"inLanguage\":\"ary\"},{\"@type\":\"Organization\",\"@id\":\"https:\/\/yazmed.ma\/#organization\",\"name\":\"Yazmed Healthcare\",\"url\":\"https:\/\/yazmed.ma\/\",\"logo\":{\"@type\":\"ImageObject\",\"inLanguage\":\"ary\",\"@id\":\"https:\/\/yazmed.ma\/#\/schema\/logo\/image\/\",\"url\":\"https:\/\/yazmed.ma\/wp-content\/uploads\/2024\/12\/3.png\",\"contentUrl\":\"https:\/\/yazmed.ma\/wp-content\/uploads\/2024\/12\/3.png\",\"width\":250,\"height\":70,\"caption\":\"Yazmed Healthcare\"},\"image\":{\"@id\":\"https:\/\/yazmed.ma\/#\/schema\/logo\/image\/\"},\"sameAs\":[\"https:\/\/www.facebook.com\/azenkouky\",\"https:\/\/www.instagram.com\/yazmedhealthcare\",\"https:\/\/www.linkedin.com\/in\/yazmed-healthcare-1b4955295\"]}]}<\/script>\n<!-- \/ Yoast SEO plugin. -->","yoast_head_json":{"title":"Tabouret Rond roulant Inox - YAZMED","robots":{"index":"index","follow":"follow","max-snippet":"max-snippet:-1","max-image-preview":"max-image-preview:large","max-video-preview":"max-video-preview:-1"},"canonical":"https:\/\/yazmed.ma\/ar\/product\/tabouret-rond-roulant-inox\/","og_locale":"ar_AR","og_type":"article","og_title":"Tabouret Rond roulant Inox - YAZMED","og_description":"Tabouret Rond roulant Inox Tabouret m\u00e9dical ergonomique, con\u00e7u pour les professionnels de sant\u00e9 en cabinet, h\u00f4pital, laboratoire ou centre de soins. R\u00e9glable en hauteur, avec assise confortable et base stable, disponible avec ou sans roulettes.   Assise 35 cm en mousse recouverte en cuir Epaisseur : 6 cm  R\u00e9glage hauteur de 52 \u00e0 70 cm \u00e0 v\u00e9rin hydraulique  Pi\u00e9tement chrom\u00e9 Deluxe \u00e0 5 branches sur roulettes  Cerceau repose pieds total confort","og_url":"https:\/\/yazmed.ma\/ar\/product\/tabouret-rond-roulant-inox\/","og_site_name":"YAZMED","article_publisher":"https:\/\/www.facebook.com\/azenkouky","article_modified_time":"2025-06-20T11:22:09+00:00","og_image":[{"width":570,"height":517,"url":"https:\/\/yazmed.ma\/wp-content\/uploads\/2025\/04\/Sans-titre-570-x-517-px-6.png","type":"image\/png"}],"twitter_card":"summary_large_image","twitter_misc":{"Est. reading time":"1 minute"},"schema":{"@context":"https:\/\/schema.org","@graph":[{"@type":"WebPage","@id":"https:\/\/yazmed.ma\/product\/tabouret-rond-roulant-inox\/","url":"https:\/\/yazmed.ma\/product\/tabouret-rond-roulant-inox\/","name":"Tabouret Rond roulant Inox - YAZMED","isPartOf":{"@id":"https:\/\/yazmed.ma\/#website"},"primaryImageOfPage":{"@id":"https:\/\/yazmed.ma\/product\/tabouret-rond-roulant-inox\/#primaryimage"},"image":{"@id":"https:\/\/yazmed.ma\/product\/tabouret-rond-roulant-inox\/#primaryimage"},"thumbnailUrl":"https:\/\/yazmed.ma\/wp-content\/uploads\/2025\/04\/Sans-titre-570-x-517-px-6.png","datePublished":"2025-04-06T12:09:16+00:00","dateModified":"2025-06-20T11:22:09+00:00","breadcrumb":{"@id":"https:\/\/yazmed.ma\/product\/tabouret-rond-roulant-inox\/#breadcrumb"},"inLanguage":"ary","potentialAction":[{"@type":"ReadAction","target":["https:\/\/yazmed.ma\/product\/tabouret-rond-roulant-inox\/"]}]},{"@type":"ImageObject","inLanguage":"ary","@id":"https:\/\/yazmed.ma\/product\/tabouret-rond-roulant-inox\/#primaryimage","url":"https:\/\/yazmed.ma\/wp-content\/uploads\/2025\/04\/Sans-titre-570-x-517-px-6.png","contentUrl":"https:\/\/yazmed.ma\/wp-content\/uploads\/2025\/04\/Sans-titre-570-x-517-px-6.png","width":570,"height":517,"caption":"Tabouret Rond roulant Inox"},{"@type":"BreadcrumbList","@id":"https:\/\/yazmed.ma\/product\/tabouret-rond-roulant-inox\/#breadcrumb","itemListElement":[{"@type":"ListItem","position":1,"name":"Accueil","item":"https:\/\/yazmed.ma\/"},{"@type":"ListItem","position":2,"name":"Shop","item":"https:\/\/yazmed.ma\/shop-2\/"},{"@type":"ListItem","position":3,"name":"Tabouret Rond roulant Inox"}]},{"@type":"WebSite","@id":"https:\/\/yazmed.ma\/#website","url":"https:\/\/yazmed.ma\/","name":"Yazmed","description":"LEADER DU MAT\u00c9RIEL M\u00c9DICAL AU MAROC","publisher":{"@id":"https:\/\/yazmed.ma\/#organization"},"potentialAction":[{"@type":"SearchAction","target":{"@type":"EntryPoint","urlTemplate":"https:\/\/yazmed.ma\/?s={search_term_string}"},"query-input":{"@type":"PropertyValueSpecification","valueRequired":true,"valueName":"search_term_string"}}],"inLanguage":"ary"},{"@type":"Organization","@id":"https:\/\/yazmed.ma\/#organization","name":"Yazmed Healthcare","url":"https:\/\/yazmed.ma\/","logo":{"@type":"ImageObject","inLanguage":"ary","@id":"https:\/\/yazmed.ma\/#\/schema\/logo\/image\/","url":"https:\/\/yazmed.ma\/wp-content\/uploads\/2024\/12\/3.png","contentUrl":"https:\/\/yazmed.ma\/wp-content\/uploads\/2024\/12\/3.png","width":250,"height":70,"caption":"Yazmed Healthcare"},"image":{"@id":"https:\/\/yazmed.ma\/#\/schema\/logo\/image\/"},"sameAs":["https:\/\/www.facebook.com\/azenkouky","https:\/\/www.instagram.com\/yazmedhealthcare","https:\/\/www.linkedin.com\/in\/yazmed-healthcare-1b4955295"]}]}},"_links":{"self":[{"href":"https:\/\/yazmed.ma\/ar\/wp-json\/wp\/v2\/product\/2031","targetHints":{"allow":["GET"]}}],"collection":[{"href":"https:\/\/yazmed.ma\/ar\/wp-json\/wp\/v2\/product"}],"about":[{"href":"https:\/\/yazmed.ma\/ar\/wp-json\/wp\/v2\/types\/product"}],"replies":[{"embeddable":true,"href":"https:\/\/yazmed.ma\/ar\/wp-json\/wp\/v2\/comments?post=2031"}],"version-history":[{"count":0,"href":"https:\/\/yazmed.ma\/ar\/wp-json\/wp\/v2\/product\/2031\/revisions"}],"wp:featuredmedia":[{"embeddable":true,"href":"https:\/\/yazmed.ma\/ar\/wp-json\/wp\/v2\/media\/2032"}],"wp:attachment":[{"href":"https:\/\/yazmed.ma\/ar\/wp-json\/wp\/v2\/media?parent=2031"}],"wp:term":[{"taxonomy":"product_brand","embeddable":true,"href":"https:\/\/yazmed.ma\/ar\/wp-json\/wp\/v2\/product_brand?post=2031"},{"taxonomy":"product_cat","embeddable":true,"href":"https:\/\/yazmed.ma\/ar\/wp-json\/wp\/v2\/product_cat?post=2031"},{"taxonomy":"product_tag","embeddable":true,"href":"https:\/\/yazmed.ma\/ar\/wp-json\/wp\/v2\/product_tag?post=2031"}],"curies":[{"name":"wp","href":"https:\/\/api.w.org\/{rel}","templated":true}]}}