{"id":2027,"date":"2025-04-03T22:21:58","date_gmt":"2025-04-03T22:21:58","guid":{"rendered":"https:\/\/yazmed.ma\/?post_type=product&#038;p=2027"},"modified":"2026-03-03T21:17:59","modified_gmt":"2026-03-03T21:17:59","slug":"tococardiographe-foetal-fm-2o-mediana","status":"publish","type":"product","link":"https:\/\/yazmed.ma\/ar\/product\/tococardiographe-foetal-fm-2o-mediana\/","title":{"rendered":"Tococardiographe F\u0153tal FM 2O  MEDIANA"},"content":{"rendered":"","protected":false},"excerpt":{"rendered":"<h2>Tococardiographe F\u0153tal FM 2O MEDIANA<\/h2>\n<p>Est une solution avanc\u00e9e pour le monitoring f\u0153tal, r\u00e9pondant autant aux besoins des services d&rsquo;obst\u00e9trique dans les cliniques et les h\u00f4pitaux qu\u2019\u00e0 ceux des sages-femmes. Son design \u00e9l\u00e9gant, son \u00e9cran LCD de 5,6 pouces aux couleurs vives et ses fonctionnalit\u00e9s am\u00e9lior\u00e9es en font un outil Essentiel pour les professionnels de la Sant\u00e9.<\/p>\n<p>&nbsp;<\/p>","protected":false},"featured_media":2028,"comment_status":"open","ping_status":"closed","template":"","meta":[],"product_brand":[],"product_cat":[50,62,59,58],"product_tag":[],"class_list":{"0":"post-2027","1":"product","2":"type-product","3":"status-publish","4":"has-post-thumbnail","6":"product_cat-appareillages-diagnostic","7":"product_cat-produits-vedettes","8":"product_cat-promotion","9":"product_cat-nouvelle-collection","11":"first","12":"instock","13":"taxable","14":"shipping-taxable","15":"product-type-simple"},"yoast_head":"<!-- This site is optimized with the Yoast SEO plugin v26.9 - https:\/\/yoast.com\/product\/yoast-seo-wordpress\/ -->\n<title>Tococardiographe F\u0153tal FM 2O MEDIANA - YAZMED<\/title>\n<meta name=\"robots\" content=\"index, follow, max-snippet:-1, max-image-preview:large, max-video-preview:-1\" \/>\n<link rel=\"canonical\" href=\"https:\/\/yazmed.ma\/ar\/product\/tococardiographe-foetal-fm-2o-mediana\/\" \/>\n<meta property=\"og:locale\" content=\"ar_AR\" \/>\n<meta property=\"og:type\" content=\"article\" \/>\n<meta property=\"og:title\" content=\"Tococardiographe F\u0153tal FM 2O MEDIANA - YAZMED\" \/>\n<meta property=\"og:description\" content=\"Tococardiographe F\u0153tal FM 2O MEDIANA Est une solution avanc\u00e9e pour le monitoring f\u0153tal, r\u00e9pondant autant aux besoins des services d&#039;obst\u00e9trique dans les cliniques et les h\u00f4pitaux qu\u2019\u00e0 ceux des sages-femmes. Son design \u00e9l\u00e9gant, son \u00e9cran LCD de 5,6 pouces aux couleurs vives et ses fonctionnalit\u00e9s am\u00e9lior\u00e9es en font un outil Essentiel pour les professionnels de la Sant\u00e9.  &nbsp;\" \/>\n<meta property=\"og:url\" content=\"https:\/\/yazmed.ma\/ar\/product\/tococardiographe-foetal-fm-2o-mediana\/\" \/>\n<meta property=\"og:site_name\" content=\"YAZMED\" \/>\n<meta property=\"article:publisher\" content=\"https:\/\/www.facebook.com\/azenkouky\" \/>\n<meta property=\"article:modified_time\" content=\"2026-03-03T21:17:59+00:00\" \/>\n<meta property=\"og:image\" content=\"https:\/\/yazmed.ma\/wp-content\/uploads\/2025\/04\/Sans-titre-570-x-517-px-4.png\" \/>\n\t<meta property=\"og:image:width\" content=\"570\" \/>\n\t<meta property=\"og:image:height\" content=\"517\" \/>\n\t<meta property=\"og:image:type\" content=\"image\/png\" \/>\n<meta name=\"twitter:card\" content=\"summary_large_image\" \/>\n<meta name=\"twitter:label1\" content=\"Est. reading time\" \/>\n\t<meta name=\"twitter:data1\" content=\"1 minute\" \/>\n<script type=\"application\/ld+json\" class=\"yoast-schema-graph\">{\"@context\":\"https:\/\/schema.org\",\"@graph\":[{\"@type\":\"WebPage\",\"@id\":\"https:\/\/yazmed.ma\/product\/tococardiographe-foetal-fm-2o-mediana\/\",\"url\":\"https:\/\/yazmed.ma\/product\/tococardiographe-foetal-fm-2o-mediana\/\",\"name\":\"Tococardiographe F\u0153tal FM 2O MEDIANA - YAZMED\",\"isPartOf\":{\"@id\":\"https:\/\/yazmed.ma\/#website\"},\"primaryImageOfPage\":{\"@id\":\"https:\/\/yazmed.ma\/product\/tococardiographe-foetal-fm-2o-mediana\/#primaryimage\"},\"image\":{\"@id\":\"https:\/\/yazmed.ma\/product\/tococardiographe-foetal-fm-2o-mediana\/#primaryimage\"},\"thumbnailUrl\":\"https:\/\/yazmed.ma\/wp-content\/uploads\/2025\/04\/Sans-titre-570-x-517-px-4.png\",\"datePublished\":\"2025-04-03T22:21:58+00:00\",\"dateModified\":\"2026-03-03T21:17:59+00:00\",\"breadcrumb\":{\"@id\":\"https:\/\/yazmed.ma\/product\/tococardiographe-foetal-fm-2o-mediana\/#breadcrumb\"},\"inLanguage\":\"ary\",\"potentialAction\":[{\"@type\":\"ReadAction\",\"target\":[\"https:\/\/yazmed.ma\/product\/tococardiographe-foetal-fm-2o-mediana\/\"]}]},{\"@type\":\"ImageObject\",\"inLanguage\":\"ary\",\"@id\":\"https:\/\/yazmed.ma\/product\/tococardiographe-foetal-fm-2o-mediana\/#primaryimage\",\"url\":\"https:\/\/yazmed.ma\/wp-content\/uploads\/2025\/04\/Sans-titre-570-x-517-px-4.png\",\"contentUrl\":\"https:\/\/yazmed.ma\/wp-content\/uploads\/2025\/04\/Sans-titre-570-x-517-px-4.png\",\"width\":570,\"height\":517,\"caption\":\"Tococardiographe F\u0153tal FM 2O MEDIANA\"},{\"@type\":\"BreadcrumbList\",\"@id\":\"https:\/\/yazmed.ma\/product\/tococardiographe-foetal-fm-2o-mediana\/#breadcrumb\",\"itemListElement\":[{\"@type\":\"ListItem\",\"position\":1,\"name\":\"Accueil\",\"item\":\"https:\/\/yazmed.ma\/\"},{\"@type\":\"ListItem\",\"position\":2,\"name\":\"Shop\",\"item\":\"https:\/\/yazmed.ma\/shop-2\/\"},{\"@type\":\"ListItem\",\"position\":3,\"name\":\"Tococardiographe F\u0153tal FM 2O MEDIANA\"}]},{\"@type\":\"WebSite\",\"@id\":\"https:\/\/yazmed.ma\/#website\",\"url\":\"https:\/\/yazmed.ma\/\",\"name\":\"Yazmed\",\"description\":\"LEADER DU MAT\u00c9RIEL M\u00c9DICAL AU MAROC\",\"publisher\":{\"@id\":\"https:\/\/yazmed.ma\/#organization\"},\"potentialAction\":[{\"@type\":\"SearchAction\",\"target\":{\"@type\":\"EntryPoint\",\"urlTemplate\":\"https:\/\/yazmed.ma\/?s={search_term_string}\"},\"query-input\":{\"@type\":\"PropertyValueSpecification\",\"valueRequired\":true,\"valueName\":\"search_term_string\"}}],\"inLanguage\":\"ary\"},{\"@type\":\"Organization\",\"@id\":\"https:\/\/yazmed.ma\/#organization\",\"name\":\"Yazmed Healthcare\",\"url\":\"https:\/\/yazmed.ma\/\",\"logo\":{\"@type\":\"ImageObject\",\"inLanguage\":\"ary\",\"@id\":\"https:\/\/yazmed.ma\/#\/schema\/logo\/image\/\",\"url\":\"https:\/\/yazmed.ma\/wp-content\/uploads\/2024\/12\/3.png\",\"contentUrl\":\"https:\/\/yazmed.ma\/wp-content\/uploads\/2024\/12\/3.png\",\"width\":250,\"height\":70,\"caption\":\"Yazmed Healthcare\"},\"image\":{\"@id\":\"https:\/\/yazmed.ma\/#\/schema\/logo\/image\/\"},\"sameAs\":[\"https:\/\/www.facebook.com\/azenkouky\",\"https:\/\/www.instagram.com\/yazmedhealthcare\",\"https:\/\/www.linkedin.com\/in\/yazmed-healthcare-1b4955295\"]}]}<\/script>\n<!-- \/ Yoast SEO plugin. -->","yoast_head_json":{"title":"Tococardiographe F\u0153tal FM 2O MEDIANA - YAZMED","robots":{"index":"index","follow":"follow","max-snippet":"max-snippet:-1","max-image-preview":"max-image-preview:large","max-video-preview":"max-video-preview:-1"},"canonical":"https:\/\/yazmed.ma\/ar\/product\/tococardiographe-foetal-fm-2o-mediana\/","og_locale":"ar_AR","og_type":"article","og_title":"Tococardiographe F\u0153tal FM 2O MEDIANA - YAZMED","og_description":"Tococardiographe F\u0153tal FM 2O MEDIANA Est une solution avanc\u00e9e pour le monitoring f\u0153tal, r\u00e9pondant autant aux besoins des services d'obst\u00e9trique dans les cliniques et les h\u00f4pitaux qu\u2019\u00e0 ceux des sages-femmes. Son design \u00e9l\u00e9gant, son \u00e9cran LCD de 5,6 pouces aux couleurs vives et ses fonctionnalit\u00e9s am\u00e9lior\u00e9es en font un outil Essentiel pour les professionnels de la Sant\u00e9.  &nbsp;","og_url":"https:\/\/yazmed.ma\/ar\/product\/tococardiographe-foetal-fm-2o-mediana\/","og_site_name":"YAZMED","article_publisher":"https:\/\/www.facebook.com\/azenkouky","article_modified_time":"2026-03-03T21:17:59+00:00","og_image":[{"width":570,"height":517,"url":"https:\/\/yazmed.ma\/wp-content\/uploads\/2025\/04\/Sans-titre-570-x-517-px-4.png","type":"image\/png"}],"twitter_card":"summary_large_image","twitter_misc":{"Est. reading time":"1 minute"},"schema":{"@context":"https:\/\/schema.org","@graph":[{"@type":"WebPage","@id":"https:\/\/yazmed.ma\/product\/tococardiographe-foetal-fm-2o-mediana\/","url":"https:\/\/yazmed.ma\/product\/tococardiographe-foetal-fm-2o-mediana\/","name":"Tococardiographe F\u0153tal FM 2O MEDIANA - YAZMED","isPartOf":{"@id":"https:\/\/yazmed.ma\/#website"},"primaryImageOfPage":{"@id":"https:\/\/yazmed.ma\/product\/tococardiographe-foetal-fm-2o-mediana\/#primaryimage"},"image":{"@id":"https:\/\/yazmed.ma\/product\/tococardiographe-foetal-fm-2o-mediana\/#primaryimage"},"thumbnailUrl":"https:\/\/yazmed.ma\/wp-content\/uploads\/2025\/04\/Sans-titre-570-x-517-px-4.png","datePublished":"2025-04-03T22:21:58+00:00","dateModified":"2026-03-03T21:17:59+00:00","breadcrumb":{"@id":"https:\/\/yazmed.ma\/product\/tococardiographe-foetal-fm-2o-mediana\/#breadcrumb"},"inLanguage":"ary","potentialAction":[{"@type":"ReadAction","target":["https:\/\/yazmed.ma\/product\/tococardiographe-foetal-fm-2o-mediana\/"]}]},{"@type":"ImageObject","inLanguage":"ary","@id":"https:\/\/yazmed.ma\/product\/tococardiographe-foetal-fm-2o-mediana\/#primaryimage","url":"https:\/\/yazmed.ma\/wp-content\/uploads\/2025\/04\/Sans-titre-570-x-517-px-4.png","contentUrl":"https:\/\/yazmed.ma\/wp-content\/uploads\/2025\/04\/Sans-titre-570-x-517-px-4.png","width":570,"height":517,"caption":"Tococardiographe F\u0153tal FM 2O MEDIANA"},{"@type":"BreadcrumbList","@id":"https:\/\/yazmed.ma\/product\/tococardiographe-foetal-fm-2o-mediana\/#breadcrumb","itemListElement":[{"@type":"ListItem","position":1,"name":"Accueil","item":"https:\/\/yazmed.ma\/"},{"@type":"ListItem","position":2,"name":"Shop","item":"https:\/\/yazmed.ma\/shop-2\/"},{"@type":"ListItem","position":3,"name":"Tococardiographe F\u0153tal FM 2O MEDIANA"}]},{"@type":"WebSite","@id":"https:\/\/yazmed.ma\/#website","url":"https:\/\/yazmed.ma\/","name":"Yazmed","description":"LEADER DU MAT\u00c9RIEL M\u00c9DICAL AU MAROC","publisher":{"@id":"https:\/\/yazmed.ma\/#organization"},"potentialAction":[{"@type":"SearchAction","target":{"@type":"EntryPoint","urlTemplate":"https:\/\/yazmed.ma\/?s={search_term_string}"},"query-input":{"@type":"PropertyValueSpecification","valueRequired":true,"valueName":"search_term_string"}}],"inLanguage":"ary"},{"@type":"Organization","@id":"https:\/\/yazmed.ma\/#organization","name":"Yazmed Healthcare","url":"https:\/\/yazmed.ma\/","logo":{"@type":"ImageObject","inLanguage":"ary","@id":"https:\/\/yazmed.ma\/#\/schema\/logo\/image\/","url":"https:\/\/yazmed.ma\/wp-content\/uploads\/2024\/12\/3.png","contentUrl":"https:\/\/yazmed.ma\/wp-content\/uploads\/2024\/12\/3.png","width":250,"height":70,"caption":"Yazmed Healthcare"},"image":{"@id":"https:\/\/yazmed.ma\/#\/schema\/logo\/image\/"},"sameAs":["https:\/\/www.facebook.com\/azenkouky","https:\/\/www.instagram.com\/yazmedhealthcare","https:\/\/www.linkedin.com\/in\/yazmed-healthcare-1b4955295"]}]}},"_links":{"self":[{"href":"https:\/\/yazmed.ma\/ar\/wp-json\/wp\/v2\/product\/2027","targetHints":{"allow":["GET"]}}],"collection":[{"href":"https:\/\/yazmed.ma\/ar\/wp-json\/wp\/v2\/product"}],"about":[{"href":"https:\/\/yazmed.ma\/ar\/wp-json\/wp\/v2\/types\/product"}],"replies":[{"embeddable":true,"href":"https:\/\/yazmed.ma\/ar\/wp-json\/wp\/v2\/comments?post=2027"}],"version-history":[{"count":0,"href":"https:\/\/yazmed.ma\/ar\/wp-json\/wp\/v2\/product\/2027\/revisions"}],"wp:featuredmedia":[{"embeddable":true,"href":"https:\/\/yazmed.ma\/ar\/wp-json\/wp\/v2\/media\/2028"}],"wp:attachment":[{"href":"https:\/\/yazmed.ma\/ar\/wp-json\/wp\/v2\/media?parent=2027"}],"wp:term":[{"taxonomy":"product_brand","embeddable":true,"href":"https:\/\/yazmed.ma\/ar\/wp-json\/wp\/v2\/product_brand?post=2027"},{"taxonomy":"product_cat","embeddable":true,"href":"https:\/\/yazmed.ma\/ar\/wp-json\/wp\/v2\/product_cat?post=2027"},{"taxonomy":"product_tag","embeddable":true,"href":"https:\/\/yazmed.ma\/ar\/wp-json\/wp\/v2\/product_tag?post=2027"}],"curies":[{"name":"wp","href":"https:\/\/api.w.org\/{rel}","templated":true}]}}