{"id":2011,"date":"2025-03-23T00:56:03","date_gmt":"2025-03-23T00:56:03","guid":{"rendered":"https:\/\/yazmed.ma\/?post_type=product&#038;p=2011"},"modified":"2025-07-31T21:49:43","modified_gmt":"2025-07-31T21:49:43","slug":"concentrateur-a-oxygene-10l","status":"publish","type":"product","link":"https:\/\/yazmed.ma\/ar\/product\/concentrateur-a-oxygene-10l\/","title":{"rendered":"Concentrateur \u00e0 oxyg\u00e8ne 10L \u2013 Contec"},"content":{"rendered":"<p data-start=\"305\" data-end=\"646\">Le <strong data-start=\"308\" data-end=\"353\">concentrateur d\u2019oxyg\u00e8ne m\u00e9dical 10 litres<\/strong> est un dispositif essentiel pour les patients n\u00e9cessitant une oxyg\u00e9noth\u00e9rapie \u00e0 haut d\u00e9bit. Id\u00e9al pour une utilisation \u00e0 domicile, en clinique ou \u00e0 l\u2019h\u00f4pital, ce concentrateur offre une capacit\u00e9 continue de <strong data-start=\"561\" data-end=\"573\">10 L\/min<\/strong>, convenant aux besoins des cas mod\u00e9r\u00e9s \u00e0 s\u00e9v\u00e8res en soins respiratoires.<\/p>\n<p data-start=\"648\" data-end=\"937\">Dot\u00e9 d\u2019un syst\u00e8me de filtration performant, d\u2019un \u00e9cran digital intuitif et d\u2019un fonctionnement silencieux, il garantit une oxyg\u00e9nation stable et s\u00e9curis\u00e9e. Ce mod\u00e8le est parfaitement adapt\u00e9 aux patients atteints de BPCO, d\u2019insuffisance respiratoire chronique, ou pour les soins post-COVID.<\/p>\n<p data-start=\"939\" data-end=\"1108\">Disponible chez <strong data-start=\"955\" data-end=\"965\">Yazmed<\/strong>, fournisseur d\u2019\u00e9quipements m\u00e9dicaux au Maroc, ce concentrateur est livr\u00e9 avec tous les accessoires n\u00e9cessaires pour une utilisation imm\u00e9diate.<\/p>","protected":false},"excerpt":{"rendered":"<h5 data-start=\"305\" data-end=\"646\">Le <strong data-start=\"308\" data-end=\"353\">concentrateur d\u2019oxyg\u00e8ne m\u00e9dical 10 litres<\/strong> est un dispositif essentiel pour les patients n\u00e9cessitant une oxyg\u00e9noth\u00e9rapie \u00e0 haut d\u00e9bit. Id\u00e9al pour une utilisation \u00e0 domicile, en clinique ou \u00e0 l\u2019h\u00f4pital, ce concentrateur offre une capacit\u00e9 continue de <strong data-start=\"561\" data-end=\"573\">10 L\/min<\/strong>, convenant aux besoins des cas mod\u00e9r\u00e9s \u00e0 s\u00e9v\u00e8res en soins respiratoires.<\/h5>\n<p data-start=\"648\" data-end=\"937\">Dot\u00e9 d\u2019un syst\u00e8me de filtration performant, d\u2019un \u00e9cran digital intuitif et d\u2019un fonctionnement silencieux, il garantit une oxyg\u00e9nation stable et s\u00e9curis\u00e9e. Ce mod\u00e8le est parfaitement adapt\u00e9 aux patients atteints de BPCO, d\u2019insuffisance respiratoire chronique, ou pour les soins post-COVID.<\/p>\n<p data-start=\"939\" data-end=\"1108\">Disponible chez <strong data-start=\"955\" data-end=\"965\">Yazmed<\/strong>, fournisseur d\u2019\u00e9quipements m\u00e9dicaux au Maroc, ce concentrateur est livr\u00e9 avec tous les accessoires n\u00e9cessaires pour une utilisation imm\u00e9diate.<\/p>\n<p>-Performant, silencieux et robuste Optimox-10 est parfait m\u00eame pour une utilisation continue de 24h\/24h.<br \/>\n&#8211; Tamis mol\u00e9culaires durable et efficient.<br \/>\n&#8211; Ecran LCD lumineux pour les r\u00e9glages de l&rsquo;appareil<br \/>\n&#8211; Alarme de puret\u00e9 d&rsquo;oxyg\u00e8ne incluse.<br \/>\n&#8211; Cerfi\u00e9 CE, ISO 13485 et approuv\u00e9 par TUV SUD<\/p>","protected":false},"featured_media":2012,"comment_status":"open","ping_status":"closed","template":"","meta":[],"product_brand":[],"product_cat":[50],"product_tag":[95,154],"class_list":{"0":"post-2011","1":"product","2":"type-product","3":"status-publish","4":"has-post-thumbnail","6":"product_cat-appareillages-diagnostic","7":"product_tag-concentrateur-oxygene","8":"product_tag-concentrateur-oxygene-concentrateur-10l-oxygenotherapie","10":"first","11":"instock","12":"taxable","13":"shipping-taxable","14":"purchasable","15":"product-type-simple"},"yoast_head":"<!-- This site is optimized with the Yoast SEO plugin v26.9 - https:\/\/yoast.com\/product\/yoast-seo-wordpress\/ -->\n<title>Concentrateur \u00e0 oxyg\u00e8ne 10L \u2013 Contec - YAZMED<\/title>\n<meta name=\"robots\" content=\"index, follow, max-snippet:-1, max-image-preview:large, max-video-preview:-1\" \/>\n<link rel=\"canonical\" href=\"https:\/\/yazmed.ma\/ar\/product\/concentrateur-a-oxygene-10l\/\" \/>\n<meta property=\"og:locale\" content=\"ar_AR\" \/>\n<meta property=\"og:type\" content=\"article\" \/>\n<meta property=\"og:title\" content=\"Concentrateur \u00e0 oxyg\u00e8ne 10L \u2013 Contec - YAZMED\" \/>\n<meta property=\"og:description\" content=\"Le concentrateur d\u2019oxyg\u00e8ne m\u00e9dical 10 litres est un dispositif essentiel pour les patients n\u00e9cessitant une oxyg\u00e9noth\u00e9rapie \u00e0 haut d\u00e9bit. Id\u00e9al pour une utilisation \u00e0 domicile, en clinique ou \u00e0 l\u2019h\u00f4pital, ce concentrateur offre une capacit\u00e9 continue de 10 L\/min, convenant aux besoins des cas mod\u00e9r\u00e9s \u00e0 s\u00e9v\u00e8res en soins respiratoires. Dot\u00e9 d\u2019un syst\u00e8me de filtration performant, d\u2019un \u00e9cran digital intuitif et d\u2019un fonctionnement silencieux, il garantit une oxyg\u00e9nation stable et s\u00e9curis\u00e9e. Ce mod\u00e8le est parfaitement adapt\u00e9 aux patients atteints de BPCO, d\u2019insuffisance respiratoire chronique, ou pour les soins post-COVID. Disponible chez Yazmed, fournisseur d\u2019\u00e9quipements m\u00e9dicaux au Maroc, ce concentrateur est livr\u00e9 avec tous les accessoires n\u00e9cessaires pour une utilisation imm\u00e9diate. -Performant, silencieux et robuste Optimox-10 est parfait m\u00eame pour une utilisation continue de 24h\/24h. - Tamis mol\u00e9culaires durable et efficient. - Ecran LCD lumineux pour les r\u00e9glages de l&#039;appareil - Alarme de puret\u00e9 d&#039;oxyg\u00e8ne incluse. - Cerfi\u00e9 CE, ISO 13485 et approuv\u00e9 par TUV SUD\" \/>\n<meta property=\"og:url\" content=\"https:\/\/yazmed.ma\/ar\/product\/concentrateur-a-oxygene-10l\/\" \/>\n<meta property=\"og:site_name\" content=\"YAZMED\" \/>\n<meta property=\"article:publisher\" content=\"https:\/\/www.facebook.com\/azenkouky\" \/>\n<meta property=\"article:modified_time\" content=\"2025-07-31T21:49:43+00:00\" \/>\n<meta property=\"og:image\" content=\"https:\/\/yazmed.ma\/wp-content\/uploads\/2025\/03\/Sans-titre-570-x-517-px-570-x-517-px-4.png\" \/>\n\t<meta property=\"og:image:width\" content=\"570\" \/>\n\t<meta property=\"og:image:height\" content=\"517\" \/>\n\t<meta property=\"og:image:type\" content=\"image\/png\" \/>\n<meta name=\"twitter:card\" content=\"summary_large_image\" \/>\n<meta name=\"twitter:label1\" content=\"Est. reading time\" \/>\n\t<meta name=\"twitter:data1\" content=\"1 minute\" \/>\n<script type=\"application\/ld+json\" class=\"yoast-schema-graph\">{\"@context\":\"https:\/\/schema.org\",\"@graph\":[{\"@type\":\"WebPage\",\"@id\":\"https:\/\/yazmed.ma\/product\/concentrateur-a-oxygene-10l\/\",\"url\":\"https:\/\/yazmed.ma\/product\/concentrateur-a-oxygene-10l\/\",\"name\":\"Concentrateur \u00e0 oxyg\u00e8ne 10L \u2013 Contec - YAZMED\",\"isPartOf\":{\"@id\":\"https:\/\/yazmed.ma\/#website\"},\"primaryImageOfPage\":{\"@id\":\"https:\/\/yazmed.ma\/product\/concentrateur-a-oxygene-10l\/#primaryimage\"},\"image\":{\"@id\":\"https:\/\/yazmed.ma\/product\/concentrateur-a-oxygene-10l\/#primaryimage\"},\"thumbnailUrl\":\"https:\/\/yazmed.ma\/wp-content\/uploads\/2025\/03\/Sans-titre-570-x-517-px-570-x-517-px-4.png\",\"datePublished\":\"2025-03-23T00:56:03+00:00\",\"dateModified\":\"2025-07-31T21:49:43+00:00\",\"breadcrumb\":{\"@id\":\"https:\/\/yazmed.ma\/product\/concentrateur-a-oxygene-10l\/#breadcrumb\"},\"inLanguage\":\"ary\",\"potentialAction\":[{\"@type\":\"ReadAction\",\"target\":[\"https:\/\/yazmed.ma\/product\/concentrateur-a-oxygene-10l\/\"]}]},{\"@type\":\"ImageObject\",\"inLanguage\":\"ary\",\"@id\":\"https:\/\/yazmed.ma\/product\/concentrateur-a-oxygene-10l\/#primaryimage\",\"url\":\"https:\/\/yazmed.ma\/wp-content\/uploads\/2025\/03\/Sans-titre-570-x-517-px-570-x-517-px-4.png\",\"contentUrl\":\"https:\/\/yazmed.ma\/wp-content\/uploads\/2025\/03\/Sans-titre-570-x-517-px-570-x-517-px-4.png\",\"width\":570,\"height\":517,\"caption\":\"CONCENTRATEUR \u00c0 OXYGENE 10L Yazmed Maroc\"},{\"@type\":\"BreadcrumbList\",\"@id\":\"https:\/\/yazmed.ma\/product\/concentrateur-a-oxygene-10l\/#breadcrumb\",\"itemListElement\":[{\"@type\":\"ListItem\",\"position\":1,\"name\":\"Accueil\",\"item\":\"https:\/\/yazmed.ma\/\"},{\"@type\":\"ListItem\",\"position\":2,\"name\":\"Shop\",\"item\":\"https:\/\/yazmed.ma\/shop-2\/\"},{\"@type\":\"ListItem\",\"position\":3,\"name\":\"CONCENTRATEUR \u00c0 OXYGENE 10L\"}]},{\"@type\":\"WebSite\",\"@id\":\"https:\/\/yazmed.ma\/#website\",\"url\":\"https:\/\/yazmed.ma\/\",\"name\":\"Yazmed\",\"description\":\"LEADER DU MAT\u00c9RIEL M\u00c9DICAL AU MAROC\",\"publisher\":{\"@id\":\"https:\/\/yazmed.ma\/#organization\"},\"potentialAction\":[{\"@type\":\"SearchAction\",\"target\":{\"@type\":\"EntryPoint\",\"urlTemplate\":\"https:\/\/yazmed.ma\/?s={search_term_string}\"},\"query-input\":{\"@type\":\"PropertyValueSpecification\",\"valueRequired\":true,\"valueName\":\"search_term_string\"}}],\"inLanguage\":\"ary\"},{\"@type\":\"Organization\",\"@id\":\"https:\/\/yazmed.ma\/#organization\",\"name\":\"Yazmed Healthcare\",\"url\":\"https:\/\/yazmed.ma\/\",\"logo\":{\"@type\":\"ImageObject\",\"inLanguage\":\"ary\",\"@id\":\"https:\/\/yazmed.ma\/#\/schema\/logo\/image\/\",\"url\":\"https:\/\/yazmed.ma\/wp-content\/uploads\/2024\/12\/3.png\",\"contentUrl\":\"https:\/\/yazmed.ma\/wp-content\/uploads\/2024\/12\/3.png\",\"width\":250,\"height\":70,\"caption\":\"Yazmed Healthcare\"},\"image\":{\"@id\":\"https:\/\/yazmed.ma\/#\/schema\/logo\/image\/\"},\"sameAs\":[\"https:\/\/www.facebook.com\/azenkouky\",\"https:\/\/www.instagram.com\/yazmedhealthcare\",\"https:\/\/www.linkedin.com\/in\/yazmed-healthcare-1b4955295\"]}]}<\/script>\n<!-- \/ Yoast SEO plugin. -->","yoast_head_json":{"title":"Concentrateur \u00e0 oxyg\u00e8ne 10L \u2013 Contec - YAZMED","robots":{"index":"index","follow":"follow","max-snippet":"max-snippet:-1","max-image-preview":"max-image-preview:large","max-video-preview":"max-video-preview:-1"},"canonical":"https:\/\/yazmed.ma\/ar\/product\/concentrateur-a-oxygene-10l\/","og_locale":"ar_AR","og_type":"article","og_title":"Concentrateur \u00e0 oxyg\u00e8ne 10L \u2013 Contec - YAZMED","og_description":"Le concentrateur d\u2019oxyg\u00e8ne m\u00e9dical 10 litres est un dispositif essentiel pour les patients n\u00e9cessitant une oxyg\u00e9noth\u00e9rapie \u00e0 haut d\u00e9bit. Id\u00e9al pour une utilisation \u00e0 domicile, en clinique ou \u00e0 l\u2019h\u00f4pital, ce concentrateur offre une capacit\u00e9 continue de 10 L\/min, convenant aux besoins des cas mod\u00e9r\u00e9s \u00e0 s\u00e9v\u00e8res en soins respiratoires. Dot\u00e9 d\u2019un syst\u00e8me de filtration performant, d\u2019un \u00e9cran digital intuitif et d\u2019un fonctionnement silencieux, il garantit une oxyg\u00e9nation stable et s\u00e9curis\u00e9e. Ce mod\u00e8le est parfaitement adapt\u00e9 aux patients atteints de BPCO, d\u2019insuffisance respiratoire chronique, ou pour les soins post-COVID. Disponible chez Yazmed, fournisseur d\u2019\u00e9quipements m\u00e9dicaux au Maroc, ce concentrateur est livr\u00e9 avec tous les accessoires n\u00e9cessaires pour une utilisation imm\u00e9diate. -Performant, silencieux et robuste Optimox-10 est parfait m\u00eame pour une utilisation continue de 24h\/24h. - Tamis mol\u00e9culaires durable et efficient. - Ecran LCD lumineux pour les r\u00e9glages de l'appareil - Alarme de puret\u00e9 d'oxyg\u00e8ne incluse. - Cerfi\u00e9 CE, ISO 13485 et approuv\u00e9 par TUV SUD","og_url":"https:\/\/yazmed.ma\/ar\/product\/concentrateur-a-oxygene-10l\/","og_site_name":"YAZMED","article_publisher":"https:\/\/www.facebook.com\/azenkouky","article_modified_time":"2025-07-31T21:49:43+00:00","og_image":[{"width":570,"height":517,"url":"https:\/\/yazmed.ma\/wp-content\/uploads\/2025\/03\/Sans-titre-570-x-517-px-570-x-517-px-4.png","type":"image\/png"}],"twitter_card":"summary_large_image","twitter_misc":{"Est. reading time":"1 minute"},"schema":{"@context":"https:\/\/schema.org","@graph":[{"@type":"WebPage","@id":"https:\/\/yazmed.ma\/product\/concentrateur-a-oxygene-10l\/","url":"https:\/\/yazmed.ma\/product\/concentrateur-a-oxygene-10l\/","name":"Concentrateur \u00e0 oxyg\u00e8ne 10L \u2013 Contec - YAZMED","isPartOf":{"@id":"https:\/\/yazmed.ma\/#website"},"primaryImageOfPage":{"@id":"https:\/\/yazmed.ma\/product\/concentrateur-a-oxygene-10l\/#primaryimage"},"image":{"@id":"https:\/\/yazmed.ma\/product\/concentrateur-a-oxygene-10l\/#primaryimage"},"thumbnailUrl":"https:\/\/yazmed.ma\/wp-content\/uploads\/2025\/03\/Sans-titre-570-x-517-px-570-x-517-px-4.png","datePublished":"2025-03-23T00:56:03+00:00","dateModified":"2025-07-31T21:49:43+00:00","breadcrumb":{"@id":"https:\/\/yazmed.ma\/product\/concentrateur-a-oxygene-10l\/#breadcrumb"},"inLanguage":"ary","potentialAction":[{"@type":"ReadAction","target":["https:\/\/yazmed.ma\/product\/concentrateur-a-oxygene-10l\/"]}]},{"@type":"ImageObject","inLanguage":"ary","@id":"https:\/\/yazmed.ma\/product\/concentrateur-a-oxygene-10l\/#primaryimage","url":"https:\/\/yazmed.ma\/wp-content\/uploads\/2025\/03\/Sans-titre-570-x-517-px-570-x-517-px-4.png","contentUrl":"https:\/\/yazmed.ma\/wp-content\/uploads\/2025\/03\/Sans-titre-570-x-517-px-570-x-517-px-4.png","width":570,"height":517,"caption":"CONCENTRATEUR \u00c0 OXYGENE 10L Yazmed Maroc"},{"@type":"BreadcrumbList","@id":"https:\/\/yazmed.ma\/product\/concentrateur-a-oxygene-10l\/#breadcrumb","itemListElement":[{"@type":"ListItem","position":1,"name":"Accueil","item":"https:\/\/yazmed.ma\/"},{"@type":"ListItem","position":2,"name":"Shop","item":"https:\/\/yazmed.ma\/shop-2\/"},{"@type":"ListItem","position":3,"name":"CONCENTRATEUR \u00c0 OXYGENE 10L"}]},{"@type":"WebSite","@id":"https:\/\/yazmed.ma\/#website","url":"https:\/\/yazmed.ma\/","name":"Yazmed","description":"LEADER DU MAT\u00c9RIEL M\u00c9DICAL AU MAROC","publisher":{"@id":"https:\/\/yazmed.ma\/#organization"},"potentialAction":[{"@type":"SearchAction","target":{"@type":"EntryPoint","urlTemplate":"https:\/\/yazmed.ma\/?s={search_term_string}"},"query-input":{"@type":"PropertyValueSpecification","valueRequired":true,"valueName":"search_term_string"}}],"inLanguage":"ary"},{"@type":"Organization","@id":"https:\/\/yazmed.ma\/#organization","name":"Yazmed Healthcare","url":"https:\/\/yazmed.ma\/","logo":{"@type":"ImageObject","inLanguage":"ary","@id":"https:\/\/yazmed.ma\/#\/schema\/logo\/image\/","url":"https:\/\/yazmed.ma\/wp-content\/uploads\/2024\/12\/3.png","contentUrl":"https:\/\/yazmed.ma\/wp-content\/uploads\/2024\/12\/3.png","width":250,"height":70,"caption":"Yazmed Healthcare"},"image":{"@id":"https:\/\/yazmed.ma\/#\/schema\/logo\/image\/"},"sameAs":["https:\/\/www.facebook.com\/azenkouky","https:\/\/www.instagram.com\/yazmedhealthcare","https:\/\/www.linkedin.com\/in\/yazmed-healthcare-1b4955295"]}]}},"_links":{"self":[{"href":"https:\/\/yazmed.ma\/ar\/wp-json\/wp\/v2\/product\/2011","targetHints":{"allow":["GET"]}}],"collection":[{"href":"https:\/\/yazmed.ma\/ar\/wp-json\/wp\/v2\/product"}],"about":[{"href":"https:\/\/yazmed.ma\/ar\/wp-json\/wp\/v2\/types\/product"}],"replies":[{"embeddable":true,"href":"https:\/\/yazmed.ma\/ar\/wp-json\/wp\/v2\/comments?post=2011"}],"version-history":[{"count":1,"href":"https:\/\/yazmed.ma\/ar\/wp-json\/wp\/v2\/product\/2011\/revisions"}],"predecessor-version":[{"id":2585,"href":"https:\/\/yazmed.ma\/ar\/wp-json\/wp\/v2\/product\/2011\/revisions\/2585"}],"wp:featuredmedia":[{"embeddable":true,"href":"https:\/\/yazmed.ma\/ar\/wp-json\/wp\/v2\/media\/2012"}],"wp:attachment":[{"href":"https:\/\/yazmed.ma\/ar\/wp-json\/wp\/v2\/media?parent=2011"}],"wp:term":[{"taxonomy":"product_brand","embeddable":true,"href":"https:\/\/yazmed.ma\/ar\/wp-json\/wp\/v2\/product_brand?post=2011"},{"taxonomy":"product_cat","embeddable":true,"href":"https:\/\/yazmed.ma\/ar\/wp-json\/wp\/v2\/product_cat?post=2011"},{"taxonomy":"product_tag","embeddable":true,"href":"https:\/\/yazmed.ma\/ar\/wp-json\/wp\/v2\/product_tag?post=2011"}],"curies":[{"name":"wp","href":"https:\/\/api.w.org\/{rel}","templated":true}]}}