{"id":2009,"date":"2025-03-23T00:47:07","date_gmt":"2025-03-23T00:47:07","guid":{"rendered":"https:\/\/yazmed.ma\/?post_type=product&#038;p=2009"},"modified":"2025-12-10T17:11:59","modified_gmt":"2025-12-10T17:11:59","slug":"concentrateur-5l-silencieux-avec-nebuliseur","status":"publish","type":"product","link":"https:\/\/yazmed.ma\/ar\/product\/concentrateur-5l-silencieux-avec-nebuliseur\/","title":{"rendered":"Concentrateur 5L oxyg\u00e8ne avec N\u00e9buliseur"},"content":{"rendered":"<h3 class=\"\" data-start=\"350\" data-end=\"389\"><strong data-start=\"354\" data-end=\"387\"><img decoding=\"async\" class=\"emoji\" role=\"img\" draggable=\"false\" src=\"https:\/\/s.w.org\/images\/core\/emoji\/16.0.1\/svg\/2705.svg\" alt=\"\u2705\" \/>\u00a0Caract\u00e9ristiques Techniques :<\/strong><\/h3>\n<p class=\"\" data-start=\"390\" data-end=\"691\"><strong data-start=\"392\" data-end=\"411\">\u00a0 \u00a0 \u00a0D\u00e9bit d\u2019oxyg\u00e8ne<\/strong> : 5L\/min<br data-start=\"422\" data-end=\"425\" \/><img decoding=\"async\" class=\"emoji\" role=\"img\" draggable=\"false\" src=\"https:\/\/s.w.org\/images\/core\/emoji\/16.0.1\/svg\/2714.svg\" alt=\"\u2714\" \/>\u00a0<strong data-start=\"427\" data-end=\"449\">Tamis mol\u00e9culaires<\/strong>\u00a0haute durabilit\u00e9 pour une filtration optimale<br data-start=\"495\" data-end=\"498\" data-is-only-node=\"\" \/><img decoding=\"async\" class=\"emoji\" role=\"img\" draggable=\"false\" src=\"https:\/\/s.w.org\/images\/core\/emoji\/16.0.1\/svg\/2714.svg\" alt=\"\u2714\" \/>\u00a0<strong data-start=\"500\" data-end=\"522\">\u00c9cran LCD lumineux<\/strong>\u00a0facilitant les r\u00e9glages et le suivi<br data-start=\"558\" data-end=\"561\" \/><img decoding=\"async\" class=\"emoji\" role=\"img\" draggable=\"false\" src=\"https:\/\/s.w.org\/images\/core\/emoji\/16.0.1\/svg\/2714.svg\" alt=\"\u2714\" \/>\u00a0<strong data-start=\"563\" data-end=\"582\">Alarme int\u00e9gr\u00e9e<\/strong>\u00a0pour garantir une puret\u00e9 optimale de l\u2019oxyg\u00e8ne<br data-start=\"629\" data-end=\"632\" \/><img decoding=\"async\" class=\"emoji\" role=\"img\" draggable=\"false\" src=\"https:\/\/s.w.org\/images\/core\/emoji\/16.0.1\/svg\/2714.svg\" alt=\"\u2714\" \/>\u00a0<strong data-start=\"634\" data-end=\"651\">Certification<\/strong>\u00a0CE, ISO 13485 et homologation TUV SUD<\/p>\n<p data-start=\"390\" data-end=\"691\"><img decoding=\"async\" class=\"\" src=\"https:\/\/eclazon.ma\/wp-content\/uploads\/2024\/07\/optimum-pro-logo-200x100.jpg\" width=\"92\" height=\"46\" \/><\/p>","protected":false},"excerpt":{"rendered":"<h5>Concentrateur\u00a0 5L Silencieux avec N\u00e9buliseur<\/h5>\n<p>Est un appareil <b>d&rsquo;oxyg\u00e8ne <\/b>\u00e0 usage m\u00e9dical destin\u00e9 aux personnes souffrant d&rsquo;<a title=\"Insuffisance respiratoire\" href=\"https:\/\/fr.wikipedia.org\/wiki\/Insuffisance_respiratoire\">insuffisance respiratoire<\/a>.<\/p>\n<p>pour fournir un d\u00e9bit d\u2019oxyg\u00e8ne stable et efficace, adapt\u00e9 aux patients n\u00e9cessitant une oxyg\u00e9noth\u00e9rapie continue. Son fonctionnement\u00a0<strong data-start=\"266\" data-end=\"291\">silencieux et\u00a0 \u00a0robuste<\/strong>\u00a0en fait un appareil id\u00e9al pour une utilisation 24h\/24.<\/p>\n<p><img decoding=\"async\" class=\"\" src=\"https:\/\/eclazon.ma\/wp-content\/uploads\/2024\/07\/optimum-pro-logo-200x100.jpg\" width=\"104\" height=\"52\" \/><\/p>\n<p>&nbsp;<\/p>","protected":false},"featured_media":2010,"comment_status":"open","ping_status":"closed","template":"","meta":[],"product_brand":[],"product_cat":[50],"product_tag":[95,154],"class_list":{"0":"post-2009","1":"product","2":"type-product","3":"status-publish","4":"has-post-thumbnail","6":"product_cat-appareillages-diagnostic","7":"product_tag-concentrateur-oxygene","8":"product_tag-concentrateur-oxygene-concentrateur-10l-oxygenotherapie","10":"first","11":"instock","12":"taxable","13":"shipping-taxable","14":"purchasable","15":"product-type-simple"},"yoast_head":"<!-- This site is optimized with the Yoast SEO plugin v26.9 - https:\/\/yoast.com\/product\/yoast-seo-wordpress\/ -->\n<title>Concentrateur 5L oxyg\u00e8ne avec N\u00e9buliseur - YAZMED<\/title>\n<meta name=\"robots\" content=\"index, follow, max-snippet:-1, max-image-preview:large, max-video-preview:-1\" \/>\n<link rel=\"canonical\" href=\"https:\/\/yazmed.ma\/ar\/product\/concentrateur-5l-silencieux-avec-nebuliseur\/\" \/>\n<meta property=\"og:locale\" content=\"ar_AR\" \/>\n<meta property=\"og:type\" content=\"article\" \/>\n<meta property=\"og:title\" content=\"Concentrateur 5L oxyg\u00e8ne avec N\u00e9buliseur - YAZMED\" \/>\n<meta property=\"og:description\" content=\"Concentrateur\u00a0 5L Silencieux avec N\u00e9buliseur Est un appareil d&#039;oxyg\u00e8ne \u00e0 usage m\u00e9dical destin\u00e9 aux personnes souffrant d&#039;insuffisance respiratoire.  pour fournir un d\u00e9bit d\u2019oxyg\u00e8ne stable et efficace, adapt\u00e9 aux patients n\u00e9cessitant une oxyg\u00e9noth\u00e9rapie continue. Son fonctionnement\u00a0silencieux et\u00a0 \u00a0robuste\u00a0en fait un appareil id\u00e9al pour une utilisation 24h\/24.    &nbsp;\" \/>\n<meta property=\"og:url\" content=\"https:\/\/yazmed.ma\/ar\/product\/concentrateur-5l-silencieux-avec-nebuliseur\/\" \/>\n<meta property=\"og:site_name\" content=\"YAZMED\" \/>\n<meta property=\"article:publisher\" content=\"https:\/\/www.facebook.com\/azenkouky\" \/>\n<meta property=\"article:modified_time\" content=\"2025-12-10T17:11:59+00:00\" \/>\n<meta property=\"og:image\" content=\"https:\/\/yazmed.ma\/wp-content\/uploads\/2025\/03\/Sans-titre-570-x-517-px-570-x-517-px-3.png\" \/>\n\t<meta property=\"og:image:width\" content=\"570\" \/>\n\t<meta property=\"og:image:height\" content=\"517\" \/>\n\t<meta property=\"og:image:type\" content=\"image\/png\" \/>\n<meta name=\"twitter:card\" content=\"summary_large_image\" \/>\n<meta name=\"twitter:label1\" content=\"Est. reading time\" \/>\n\t<meta name=\"twitter:data1\" content=\"1 minute\" \/>\n<script type=\"application\/ld+json\" class=\"yoast-schema-graph\">{\"@context\":\"https:\/\/schema.org\",\"@graph\":[{\"@type\":\"WebPage\",\"@id\":\"https:\/\/yazmed.ma\/product\/concentrateur-5l-silencieux-avec-nebuliseur\/\",\"url\":\"https:\/\/yazmed.ma\/product\/concentrateur-5l-silencieux-avec-nebuliseur\/\",\"name\":\"Concentrateur 5L oxyg\u00e8ne avec N\u00e9buliseur - YAZMED\",\"isPartOf\":{\"@id\":\"https:\/\/yazmed.ma\/#website\"},\"primaryImageOfPage\":{\"@id\":\"https:\/\/yazmed.ma\/product\/concentrateur-5l-silencieux-avec-nebuliseur\/#primaryimage\"},\"image\":{\"@id\":\"https:\/\/yazmed.ma\/product\/concentrateur-5l-silencieux-avec-nebuliseur\/#primaryimage\"},\"thumbnailUrl\":\"https:\/\/yazmed.ma\/wp-content\/uploads\/2025\/03\/Sans-titre-570-x-517-px-570-x-517-px-3.png\",\"datePublished\":\"2025-03-23T00:47:07+00:00\",\"dateModified\":\"2025-12-10T17:11:59+00:00\",\"breadcrumb\":{\"@id\":\"https:\/\/yazmed.ma\/product\/concentrateur-5l-silencieux-avec-nebuliseur\/#breadcrumb\"},\"inLanguage\":\"ary\",\"potentialAction\":[{\"@type\":\"ReadAction\",\"target\":[\"https:\/\/yazmed.ma\/product\/concentrateur-5l-silencieux-avec-nebuliseur\/\"]}]},{\"@type\":\"ImageObject\",\"inLanguage\":\"ary\",\"@id\":\"https:\/\/yazmed.ma\/product\/concentrateur-5l-silencieux-avec-nebuliseur\/#primaryimage\",\"url\":\"https:\/\/yazmed.ma\/wp-content\/uploads\/2025\/03\/Sans-titre-570-x-517-px-570-x-517-px-3.png\",\"contentUrl\":\"https:\/\/yazmed.ma\/wp-content\/uploads\/2025\/03\/Sans-titre-570-x-517-px-570-x-517-px-3.png\",\"width\":570,\"height\":517,\"caption\":\"Concentrateur 5L Silencieux avec N\u00e9buliseur Yazmed Maroc\"},{\"@type\":\"BreadcrumbList\",\"@id\":\"https:\/\/yazmed.ma\/product\/concentrateur-5l-silencieux-avec-nebuliseur\/#breadcrumb\",\"itemListElement\":[{\"@type\":\"ListItem\",\"position\":1,\"name\":\"Accueil\",\"item\":\"https:\/\/yazmed.ma\/\"},{\"@type\":\"ListItem\",\"position\":2,\"name\":\"Shop\",\"item\":\"https:\/\/yazmed.ma\/shop-2\/\"},{\"@type\":\"ListItem\",\"position\":3,\"name\":\"Concentrateur 5L Silencieux avec N\u00e9buliseur\"}]},{\"@type\":\"WebSite\",\"@id\":\"https:\/\/yazmed.ma\/#website\",\"url\":\"https:\/\/yazmed.ma\/\",\"name\":\"Yazmed\",\"description\":\"LEADER DU MAT\u00c9RIEL M\u00c9DICAL AU MAROC\",\"publisher\":{\"@id\":\"https:\/\/yazmed.ma\/#organization\"},\"potentialAction\":[{\"@type\":\"SearchAction\",\"target\":{\"@type\":\"EntryPoint\",\"urlTemplate\":\"https:\/\/yazmed.ma\/?s={search_term_string}\"},\"query-input\":{\"@type\":\"PropertyValueSpecification\",\"valueRequired\":true,\"valueName\":\"search_term_string\"}}],\"inLanguage\":\"ary\"},{\"@type\":\"Organization\",\"@id\":\"https:\/\/yazmed.ma\/#organization\",\"name\":\"Yazmed Healthcare\",\"url\":\"https:\/\/yazmed.ma\/\",\"logo\":{\"@type\":\"ImageObject\",\"inLanguage\":\"ary\",\"@id\":\"https:\/\/yazmed.ma\/#\/schema\/logo\/image\/\",\"url\":\"https:\/\/yazmed.ma\/wp-content\/uploads\/2024\/12\/3.png\",\"contentUrl\":\"https:\/\/yazmed.ma\/wp-content\/uploads\/2024\/12\/3.png\",\"width\":250,\"height\":70,\"caption\":\"Yazmed Healthcare\"},\"image\":{\"@id\":\"https:\/\/yazmed.ma\/#\/schema\/logo\/image\/\"},\"sameAs\":[\"https:\/\/www.facebook.com\/azenkouky\",\"https:\/\/www.instagram.com\/yazmedhealthcare\",\"https:\/\/www.linkedin.com\/in\/yazmed-healthcare-1b4955295\"]}]}<\/script>\n<!-- \/ Yoast SEO plugin. -->","yoast_head_json":{"title":"Concentrateur 5L oxyg\u00e8ne avec N\u00e9buliseur - YAZMED","robots":{"index":"index","follow":"follow","max-snippet":"max-snippet:-1","max-image-preview":"max-image-preview:large","max-video-preview":"max-video-preview:-1"},"canonical":"https:\/\/yazmed.ma\/ar\/product\/concentrateur-5l-silencieux-avec-nebuliseur\/","og_locale":"ar_AR","og_type":"article","og_title":"Concentrateur 5L oxyg\u00e8ne avec N\u00e9buliseur - YAZMED","og_description":"Concentrateur\u00a0 5L Silencieux avec N\u00e9buliseur Est un appareil d'oxyg\u00e8ne \u00e0 usage m\u00e9dical destin\u00e9 aux personnes souffrant d'insuffisance respiratoire.  pour fournir un d\u00e9bit d\u2019oxyg\u00e8ne stable et efficace, adapt\u00e9 aux patients n\u00e9cessitant une oxyg\u00e9noth\u00e9rapie continue. Son fonctionnement\u00a0silencieux et\u00a0 \u00a0robuste\u00a0en fait un appareil id\u00e9al pour une utilisation 24h\/24.    &nbsp;","og_url":"https:\/\/yazmed.ma\/ar\/product\/concentrateur-5l-silencieux-avec-nebuliseur\/","og_site_name":"YAZMED","article_publisher":"https:\/\/www.facebook.com\/azenkouky","article_modified_time":"2025-12-10T17:11:59+00:00","og_image":[{"width":570,"height":517,"url":"https:\/\/yazmed.ma\/wp-content\/uploads\/2025\/03\/Sans-titre-570-x-517-px-570-x-517-px-3.png","type":"image\/png"}],"twitter_card":"summary_large_image","twitter_misc":{"Est. reading time":"1 minute"},"schema":{"@context":"https:\/\/schema.org","@graph":[{"@type":"WebPage","@id":"https:\/\/yazmed.ma\/product\/concentrateur-5l-silencieux-avec-nebuliseur\/","url":"https:\/\/yazmed.ma\/product\/concentrateur-5l-silencieux-avec-nebuliseur\/","name":"Concentrateur 5L oxyg\u00e8ne avec N\u00e9buliseur - YAZMED","isPartOf":{"@id":"https:\/\/yazmed.ma\/#website"},"primaryImageOfPage":{"@id":"https:\/\/yazmed.ma\/product\/concentrateur-5l-silencieux-avec-nebuliseur\/#primaryimage"},"image":{"@id":"https:\/\/yazmed.ma\/product\/concentrateur-5l-silencieux-avec-nebuliseur\/#primaryimage"},"thumbnailUrl":"https:\/\/yazmed.ma\/wp-content\/uploads\/2025\/03\/Sans-titre-570-x-517-px-570-x-517-px-3.png","datePublished":"2025-03-23T00:47:07+00:00","dateModified":"2025-12-10T17:11:59+00:00","breadcrumb":{"@id":"https:\/\/yazmed.ma\/product\/concentrateur-5l-silencieux-avec-nebuliseur\/#breadcrumb"},"inLanguage":"ary","potentialAction":[{"@type":"ReadAction","target":["https:\/\/yazmed.ma\/product\/concentrateur-5l-silencieux-avec-nebuliseur\/"]}]},{"@type":"ImageObject","inLanguage":"ary","@id":"https:\/\/yazmed.ma\/product\/concentrateur-5l-silencieux-avec-nebuliseur\/#primaryimage","url":"https:\/\/yazmed.ma\/wp-content\/uploads\/2025\/03\/Sans-titre-570-x-517-px-570-x-517-px-3.png","contentUrl":"https:\/\/yazmed.ma\/wp-content\/uploads\/2025\/03\/Sans-titre-570-x-517-px-570-x-517-px-3.png","width":570,"height":517,"caption":"Concentrateur 5L Silencieux avec N\u00e9buliseur Yazmed Maroc"},{"@type":"BreadcrumbList","@id":"https:\/\/yazmed.ma\/product\/concentrateur-5l-silencieux-avec-nebuliseur\/#breadcrumb","itemListElement":[{"@type":"ListItem","position":1,"name":"Accueil","item":"https:\/\/yazmed.ma\/"},{"@type":"ListItem","position":2,"name":"Shop","item":"https:\/\/yazmed.ma\/shop-2\/"},{"@type":"ListItem","position":3,"name":"Concentrateur 5L Silencieux avec N\u00e9buliseur"}]},{"@type":"WebSite","@id":"https:\/\/yazmed.ma\/#website","url":"https:\/\/yazmed.ma\/","name":"Yazmed","description":"LEADER DU MAT\u00c9RIEL M\u00c9DICAL AU MAROC","publisher":{"@id":"https:\/\/yazmed.ma\/#organization"},"potentialAction":[{"@type":"SearchAction","target":{"@type":"EntryPoint","urlTemplate":"https:\/\/yazmed.ma\/?s={search_term_string}"},"query-input":{"@type":"PropertyValueSpecification","valueRequired":true,"valueName":"search_term_string"}}],"inLanguage":"ary"},{"@type":"Organization","@id":"https:\/\/yazmed.ma\/#organization","name":"Yazmed Healthcare","url":"https:\/\/yazmed.ma\/","logo":{"@type":"ImageObject","inLanguage":"ary","@id":"https:\/\/yazmed.ma\/#\/schema\/logo\/image\/","url":"https:\/\/yazmed.ma\/wp-content\/uploads\/2024\/12\/3.png","contentUrl":"https:\/\/yazmed.ma\/wp-content\/uploads\/2024\/12\/3.png","width":250,"height":70,"caption":"Yazmed Healthcare"},"image":{"@id":"https:\/\/yazmed.ma\/#\/schema\/logo\/image\/"},"sameAs":["https:\/\/www.facebook.com\/azenkouky","https:\/\/www.instagram.com\/yazmedhealthcare","https:\/\/www.linkedin.com\/in\/yazmed-healthcare-1b4955295"]}]}},"_links":{"self":[{"href":"https:\/\/yazmed.ma\/ar\/wp-json\/wp\/v2\/product\/2009","targetHints":{"allow":["GET"]}}],"collection":[{"href":"https:\/\/yazmed.ma\/ar\/wp-json\/wp\/v2\/product"}],"about":[{"href":"https:\/\/yazmed.ma\/ar\/wp-json\/wp\/v2\/types\/product"}],"replies":[{"embeddable":true,"href":"https:\/\/yazmed.ma\/ar\/wp-json\/wp\/v2\/comments?post=2009"}],"version-history":[{"count":1,"href":"https:\/\/yazmed.ma\/ar\/wp-json\/wp\/v2\/product\/2009\/revisions"}],"predecessor-version":[{"id":2672,"href":"https:\/\/yazmed.ma\/ar\/wp-json\/wp\/v2\/product\/2009\/revisions\/2672"}],"wp:featuredmedia":[{"embeddable":true,"href":"https:\/\/yazmed.ma\/ar\/wp-json\/wp\/v2\/media\/2010"}],"wp:attachment":[{"href":"https:\/\/yazmed.ma\/ar\/wp-json\/wp\/v2\/media?parent=2009"}],"wp:term":[{"taxonomy":"product_brand","embeddable":true,"href":"https:\/\/yazmed.ma\/ar\/wp-json\/wp\/v2\/product_brand?post=2009"},{"taxonomy":"product_cat","embeddable":true,"href":"https:\/\/yazmed.ma\/ar\/wp-json\/wp\/v2\/product_cat?post=2009"},{"taxonomy":"product_tag","embeddable":true,"href":"https:\/\/yazmed.ma\/ar\/wp-json\/wp\/v2\/product_tag?post=2009"}],"curies":[{"name":"wp","href":"https:\/\/api.w.org\/{rel}","templated":true}]}}