{"id":2007,"date":"2025-03-23T00:32:52","date_gmt":"2025-03-23T00:32:52","guid":{"rendered":"https:\/\/yazmed.ma\/?post_type=product&#038;p=2007"},"modified":"2025-08-05T13:03:25","modified_gmt":"2025-08-05T13:03:25","slug":"spirometre-electronique-contec","status":"publish","type":"product","link":"https:\/\/yazmed.ma\/ar\/product\/spirometre-electronique-contec\/","title":{"rendered":"SPIROMETRE ELECTRONIQUE-CONTEC SP10"},"content":{"rendered":"<p><strong>Caract\u00e9ristiques :<\/strong><br \/>\n&#8211; Fonction d\u2019enregistrement des prises de mesures (FVC, FEV1 &amp; PEF)<br \/>\n&#8211; Fonction de calibrage de l\u2019appareil<br \/>\n&#8211; Fonction d\u2019arr\u00eat automatique apr\u00e8s une minute sans utilisation<\/p>\n<p>&#8211; Transmission des donn\u00e9es d\u2019analyses par Bluetooth<br \/>\n&#8211; Intervalle du volume : 0- 10L<br \/>\n&#8211; Pr\u00e9cision du volume : (\u00b1 3%)<br \/>\n&#8211; Intervalle du flux : 0 L\/s \u2013 16 L\/s<br \/>\n&#8211; Pr\u00e9cision du flux : (\u00b1 5%)<br \/>\nAlimentation : DC 3.7 V\u00a0 820mAh \/ Batterie en Lithium rechargeable<\/p>\n<p><strong>Accessoires fournis :<\/strong><br \/>\n&#8211; Manuel d\u2019utilisation<br \/>\n&#8211; C\u00e2ble de transfert de donn\u00e9es USB \/ Chargeur<br \/>\n&#8211; Code d&rsquo;installation via site Internet (QR)<br \/>\n&#8211; Embout bucca<\/p>\n<p><img decoding=\"async\" class=\"\" src=\"https:\/\/eclazon.ma\/wp-content\/uploads\/2025\/05\/CONTEC-MAROC-500x100.webp\" alt=\"CONTEC MAROC\" width=\"115\" height=\"23\" \/><\/p>","protected":false},"excerpt":{"rendered":"<h4>SPIROMETRE \u00a0ELECTRONIQUE-CONTEC SP10<\/h4>\n<p>Le SPIROMETRE est un appareil portatif permettant de v\u00e9rifier l&rsquo;\u00e9tat des poumons. Il adopte le mode infrarouge pour mesurer les \u00e9l\u00e9ments relatifs et peut \u00eatre utilis\u00e9 dans les h\u00f4pitaux, les cliniques et les familles pour des tests de routine.et\u00a0 mesurer la fonction pulmonaire<\/p>\n<p>Le test de spirom\u00e9trie est r\u00e9alis\u00e9 en utilisant un appareil appel\u00e9\u00a0<a title=\"Spirom\u00e8tre\" href=\"https:\/\/fr.wikipedia.org\/wiki\/Spirom%C3%A8tre\">spirom\u00e8tre<\/a>.<\/p>\n<p><img decoding=\"async\" class=\"\" src=\"https:\/\/eclazon.ma\/wp-content\/uploads\/2025\/05\/CONTEC-MAROC-500x100.webp\" alt=\"CONTEC MAROC\" width=\"115\" height=\"23\" \/><\/p>\n<p>&nbsp;<\/p>","protected":false},"featured_media":2008,"comment_status":"open","ping_status":"closed","template":"","meta":[],"product_brand":[200],"product_cat":[50,58],"product_tag":[201,202],"class_list":{"0":"post-2007","1":"product","2":"type-product","3":"status-publish","4":"has-post-thumbnail","6":"product_brand-contec","7":"product_cat-appareillages-diagnostic","8":"product_cat-nouvelle-collection","9":"product_tag-spirometrie","10":"product_tag-test-spirometrie","12":"first","13":"instock","14":"sale","15":"taxable","16":"shipping-taxable","17":"purchasable","18":"product-type-simple"},"yoast_head":"<!-- This site is optimized with the Yoast SEO plugin v26.9 - https:\/\/yoast.com\/product\/yoast-seo-wordpress\/ -->\n<title>SPIROMETRE ELECTRONIQUE-CONTEC SP10 - YAZMED<\/title>\n<meta name=\"robots\" content=\"index, follow, max-snippet:-1, max-image-preview:large, max-video-preview:-1\" \/>\n<link rel=\"canonical\" href=\"https:\/\/yazmed.ma\/ar\/product\/spirometre-electronique-contec\/\" \/>\n<meta property=\"og:locale\" content=\"ar_AR\" \/>\n<meta property=\"og:type\" content=\"article\" \/>\n<meta property=\"og:title\" content=\"SPIROMETRE ELECTRONIQUE-CONTEC SP10 - YAZMED\" \/>\n<meta property=\"og:description\" content=\"SPIROMETRE \u00a0ELECTRONIQUE-CONTEC SP10 Le SPIROMETRE est un appareil portatif permettant de v\u00e9rifier l&#039;\u00e9tat des poumons. Il adopte le mode infrarouge pour mesurer les \u00e9l\u00e9ments relatifs et peut \u00eatre utilis\u00e9 dans les h\u00f4pitaux, les cliniques et les familles pour des tests de routine.et\u00a0 mesurer la fonction pulmonaire  Le test de spirom\u00e9trie est r\u00e9alis\u00e9 en utilisant un appareil appel\u00e9\u00a0spirom\u00e8tre.    &nbsp;\" \/>\n<meta property=\"og:url\" content=\"https:\/\/yazmed.ma\/ar\/product\/spirometre-electronique-contec\/\" \/>\n<meta property=\"og:site_name\" content=\"YAZMED\" \/>\n<meta property=\"article:publisher\" content=\"https:\/\/www.facebook.com\/azenkouky\" \/>\n<meta property=\"article:modified_time\" content=\"2025-08-05T13:03:25+00:00\" \/>\n<meta property=\"og:image\" content=\"https:\/\/yazmed.ma\/wp-content\/uploads\/2025\/03\/Sans-titre-570-x-517-px-570-x-517-px-2.png\" \/>\n\t<meta property=\"og:image:width\" content=\"570\" \/>\n\t<meta property=\"og:image:height\" content=\"517\" \/>\n\t<meta property=\"og:image:type\" content=\"image\/png\" \/>\n<meta name=\"twitter:card\" content=\"summary_large_image\" \/>\n<meta name=\"twitter:label1\" content=\"Est. reading time\" \/>\n\t<meta name=\"twitter:data1\" content=\"1 minute\" \/>\n<script type=\"application\/ld+json\" class=\"yoast-schema-graph\">{\"@context\":\"https:\/\/schema.org\",\"@graph\":[{\"@type\":\"WebPage\",\"@id\":\"https:\/\/yazmed.ma\/product\/spirometre-electronique-contec\/\",\"url\":\"https:\/\/yazmed.ma\/product\/spirometre-electronique-contec\/\",\"name\":\"SPIROMETRE ELECTRONIQUE-CONTEC SP10 - YAZMED\",\"isPartOf\":{\"@id\":\"https:\/\/yazmed.ma\/#website\"},\"primaryImageOfPage\":{\"@id\":\"https:\/\/yazmed.ma\/product\/spirometre-electronique-contec\/#primaryimage\"},\"image\":{\"@id\":\"https:\/\/yazmed.ma\/product\/spirometre-electronique-contec\/#primaryimage\"},\"thumbnailUrl\":\"https:\/\/yazmed.ma\/wp-content\/uploads\/2025\/03\/Sans-titre-570-x-517-px-570-x-517-px-2.png\",\"datePublished\":\"2025-03-23T00:32:52+00:00\",\"dateModified\":\"2025-08-05T13:03:25+00:00\",\"breadcrumb\":{\"@id\":\"https:\/\/yazmed.ma\/product\/spirometre-electronique-contec\/#breadcrumb\"},\"inLanguage\":\"ary\",\"potentialAction\":[{\"@type\":\"ReadAction\",\"target\":[\"https:\/\/yazmed.ma\/product\/spirometre-electronique-contec\/\"]}]},{\"@type\":\"ImageObject\",\"inLanguage\":\"ary\",\"@id\":\"https:\/\/yazmed.ma\/product\/spirometre-electronique-contec\/#primaryimage\",\"url\":\"https:\/\/yazmed.ma\/wp-content\/uploads\/2025\/03\/Sans-titre-570-x-517-px-570-x-517-px-2.png\",\"contentUrl\":\"https:\/\/yazmed.ma\/wp-content\/uploads\/2025\/03\/Sans-titre-570-x-517-px-570-x-517-px-2.png\",\"width\":570,\"height\":517,\"caption\":\"SPIROMETRE ELECTRONIQUE-CONTEC Yazmed Maroc\"},{\"@type\":\"BreadcrumbList\",\"@id\":\"https:\/\/yazmed.ma\/product\/spirometre-electronique-contec\/#breadcrumb\",\"itemListElement\":[{\"@type\":\"ListItem\",\"position\":1,\"name\":\"Accueil\",\"item\":\"https:\/\/yazmed.ma\/\"},{\"@type\":\"ListItem\",\"position\":2,\"name\":\"Shop\",\"item\":\"https:\/\/yazmed.ma\/shop-2\/\"},{\"@type\":\"ListItem\",\"position\":3,\"name\":\"SPIROMETRE ELECTRONIQUE-CONTEC\"}]},{\"@type\":\"WebSite\",\"@id\":\"https:\/\/yazmed.ma\/#website\",\"url\":\"https:\/\/yazmed.ma\/\",\"name\":\"Yazmed\",\"description\":\"LEADER DU MAT\u00c9RIEL M\u00c9DICAL AU MAROC\",\"publisher\":{\"@id\":\"https:\/\/yazmed.ma\/#organization\"},\"potentialAction\":[{\"@type\":\"SearchAction\",\"target\":{\"@type\":\"EntryPoint\",\"urlTemplate\":\"https:\/\/yazmed.ma\/?s={search_term_string}\"},\"query-input\":{\"@type\":\"PropertyValueSpecification\",\"valueRequired\":true,\"valueName\":\"search_term_string\"}}],\"inLanguage\":\"ary\"},{\"@type\":\"Organization\",\"@id\":\"https:\/\/yazmed.ma\/#organization\",\"name\":\"Yazmed Healthcare\",\"url\":\"https:\/\/yazmed.ma\/\",\"logo\":{\"@type\":\"ImageObject\",\"inLanguage\":\"ary\",\"@id\":\"https:\/\/yazmed.ma\/#\/schema\/logo\/image\/\",\"url\":\"https:\/\/yazmed.ma\/wp-content\/uploads\/2024\/12\/3.png\",\"contentUrl\":\"https:\/\/yazmed.ma\/wp-content\/uploads\/2024\/12\/3.png\",\"width\":250,\"height\":70,\"caption\":\"Yazmed Healthcare\"},\"image\":{\"@id\":\"https:\/\/yazmed.ma\/#\/schema\/logo\/image\/\"},\"sameAs\":[\"https:\/\/www.facebook.com\/azenkouky\",\"https:\/\/www.instagram.com\/yazmedhealthcare\",\"https:\/\/www.linkedin.com\/in\/yazmed-healthcare-1b4955295\"]}]}<\/script>\n<!-- \/ Yoast SEO plugin. -->","yoast_head_json":{"title":"SPIROMETRE ELECTRONIQUE-CONTEC SP10 - YAZMED","robots":{"index":"index","follow":"follow","max-snippet":"max-snippet:-1","max-image-preview":"max-image-preview:large","max-video-preview":"max-video-preview:-1"},"canonical":"https:\/\/yazmed.ma\/ar\/product\/spirometre-electronique-contec\/","og_locale":"ar_AR","og_type":"article","og_title":"SPIROMETRE ELECTRONIQUE-CONTEC SP10 - YAZMED","og_description":"SPIROMETRE \u00a0ELECTRONIQUE-CONTEC SP10 Le SPIROMETRE est un appareil portatif permettant de v\u00e9rifier l'\u00e9tat des poumons. Il adopte le mode infrarouge pour mesurer les \u00e9l\u00e9ments relatifs et peut \u00eatre utilis\u00e9 dans les h\u00f4pitaux, les cliniques et les familles pour des tests de routine.et\u00a0 mesurer la fonction pulmonaire  Le test de spirom\u00e9trie est r\u00e9alis\u00e9 en utilisant un appareil appel\u00e9\u00a0spirom\u00e8tre.    &nbsp;","og_url":"https:\/\/yazmed.ma\/ar\/product\/spirometre-electronique-contec\/","og_site_name":"YAZMED","article_publisher":"https:\/\/www.facebook.com\/azenkouky","article_modified_time":"2025-08-05T13:03:25+00:00","og_image":[{"width":570,"height":517,"url":"https:\/\/yazmed.ma\/wp-content\/uploads\/2025\/03\/Sans-titre-570-x-517-px-570-x-517-px-2.png","type":"image\/png"}],"twitter_card":"summary_large_image","twitter_misc":{"Est. reading time":"1 minute"},"schema":{"@context":"https:\/\/schema.org","@graph":[{"@type":"WebPage","@id":"https:\/\/yazmed.ma\/product\/spirometre-electronique-contec\/","url":"https:\/\/yazmed.ma\/product\/spirometre-electronique-contec\/","name":"SPIROMETRE ELECTRONIQUE-CONTEC SP10 - YAZMED","isPartOf":{"@id":"https:\/\/yazmed.ma\/#website"},"primaryImageOfPage":{"@id":"https:\/\/yazmed.ma\/product\/spirometre-electronique-contec\/#primaryimage"},"image":{"@id":"https:\/\/yazmed.ma\/product\/spirometre-electronique-contec\/#primaryimage"},"thumbnailUrl":"https:\/\/yazmed.ma\/wp-content\/uploads\/2025\/03\/Sans-titre-570-x-517-px-570-x-517-px-2.png","datePublished":"2025-03-23T00:32:52+00:00","dateModified":"2025-08-05T13:03:25+00:00","breadcrumb":{"@id":"https:\/\/yazmed.ma\/product\/spirometre-electronique-contec\/#breadcrumb"},"inLanguage":"ary","potentialAction":[{"@type":"ReadAction","target":["https:\/\/yazmed.ma\/product\/spirometre-electronique-contec\/"]}]},{"@type":"ImageObject","inLanguage":"ary","@id":"https:\/\/yazmed.ma\/product\/spirometre-electronique-contec\/#primaryimage","url":"https:\/\/yazmed.ma\/wp-content\/uploads\/2025\/03\/Sans-titre-570-x-517-px-570-x-517-px-2.png","contentUrl":"https:\/\/yazmed.ma\/wp-content\/uploads\/2025\/03\/Sans-titre-570-x-517-px-570-x-517-px-2.png","width":570,"height":517,"caption":"SPIROMETRE ELECTRONIQUE-CONTEC Yazmed Maroc"},{"@type":"BreadcrumbList","@id":"https:\/\/yazmed.ma\/product\/spirometre-electronique-contec\/#breadcrumb","itemListElement":[{"@type":"ListItem","position":1,"name":"Accueil","item":"https:\/\/yazmed.ma\/"},{"@type":"ListItem","position":2,"name":"Shop","item":"https:\/\/yazmed.ma\/shop-2\/"},{"@type":"ListItem","position":3,"name":"SPIROMETRE ELECTRONIQUE-CONTEC"}]},{"@type":"WebSite","@id":"https:\/\/yazmed.ma\/#website","url":"https:\/\/yazmed.ma\/","name":"Yazmed","description":"LEADER DU MAT\u00c9RIEL M\u00c9DICAL AU MAROC","publisher":{"@id":"https:\/\/yazmed.ma\/#organization"},"potentialAction":[{"@type":"SearchAction","target":{"@type":"EntryPoint","urlTemplate":"https:\/\/yazmed.ma\/?s={search_term_string}"},"query-input":{"@type":"PropertyValueSpecification","valueRequired":true,"valueName":"search_term_string"}}],"inLanguage":"ary"},{"@type":"Organization","@id":"https:\/\/yazmed.ma\/#organization","name":"Yazmed Healthcare","url":"https:\/\/yazmed.ma\/","logo":{"@type":"ImageObject","inLanguage":"ary","@id":"https:\/\/yazmed.ma\/#\/schema\/logo\/image\/","url":"https:\/\/yazmed.ma\/wp-content\/uploads\/2024\/12\/3.png","contentUrl":"https:\/\/yazmed.ma\/wp-content\/uploads\/2024\/12\/3.png","width":250,"height":70,"caption":"Yazmed Healthcare"},"image":{"@id":"https:\/\/yazmed.ma\/#\/schema\/logo\/image\/"},"sameAs":["https:\/\/www.facebook.com\/azenkouky","https:\/\/www.instagram.com\/yazmedhealthcare","https:\/\/www.linkedin.com\/in\/yazmed-healthcare-1b4955295"]}]}},"_links":{"self":[{"href":"https:\/\/yazmed.ma\/ar\/wp-json\/wp\/v2\/product\/2007","targetHints":{"allow":["GET"]}}],"collection":[{"href":"https:\/\/yazmed.ma\/ar\/wp-json\/wp\/v2\/product"}],"about":[{"href":"https:\/\/yazmed.ma\/ar\/wp-json\/wp\/v2\/types\/product"}],"replies":[{"embeddable":true,"href":"https:\/\/yazmed.ma\/ar\/wp-json\/wp\/v2\/comments?post=2007"}],"version-history":[{"count":1,"href":"https:\/\/yazmed.ma\/ar\/wp-json\/wp\/v2\/product\/2007\/revisions"}],"predecessor-version":[{"id":2689,"href":"https:\/\/yazmed.ma\/ar\/wp-json\/wp\/v2\/product\/2007\/revisions\/2689"}],"wp:featuredmedia":[{"embeddable":true,"href":"https:\/\/yazmed.ma\/ar\/wp-json\/wp\/v2\/media\/2008"}],"wp:attachment":[{"href":"https:\/\/yazmed.ma\/ar\/wp-json\/wp\/v2\/media?parent=2007"}],"wp:term":[{"taxonomy":"product_brand","embeddable":true,"href":"https:\/\/yazmed.ma\/ar\/wp-json\/wp\/v2\/product_brand?post=2007"},{"taxonomy":"product_cat","embeddable":true,"href":"https:\/\/yazmed.ma\/ar\/wp-json\/wp\/v2\/product_cat?post=2007"},{"taxonomy":"product_tag","embeddable":true,"href":"https:\/\/yazmed.ma\/ar\/wp-json\/wp\/v2\/product_tag?post=2007"}],"curies":[{"name":"wp","href":"https:\/\/api.w.org\/{rel}","templated":true}]}}