{"id":1999,"date":"2025-03-18T22:17:06","date_gmt":"2025-03-18T22:17:06","guid":{"rendered":"https:\/\/yazmed.ma\/?post_type=product&#038;p=1999"},"modified":"2025-12-10T15:37:47","modified_gmt":"2025-12-10T15:37:47","slug":"tensiometre-spengler-lian-nano-34","status":"publish","type":"product","link":"https:\/\/yazmed.ma\/ar\/product\/tensiometre-spengler-lian-nano-34\/","title":{"rendered":"Tensiom\u00e8tre Spengler Lian Nano 34"},"content":{"rendered":"<p><img decoding=\"async\" src=\"https:\/\/eclazon.ma\/wp-content\/uploads\/2024\/07\/spengler-logo-200x100.jpg\" \/><\/p>","protected":false},"excerpt":{"rendered":"<p>&nbsp;<\/p>\n<h3>\u00a0Tensiom\u00e8tre Spengler Lian Nano 34<\/h3>\n<p><strong>Spengler Manuel Lian Nano<\/strong> con\u00e7u pour r\u00e9pondre aux besoins des professionnels de sant\u00e9 \u00e0 la recherche d\u2019un appareil compact, pr\u00e9cis et facile \u00e0 utiliser. Avec son brassard innovant et ergonomique, garantit des mesures fiables de la pression art\u00e9rielle, tout en offrant une excellente portabilit\u00e9 et un confort optimal pour le patient.et mesurer la\u00a0<a title=\"Pression art\u00e9rielle\" href=\"https:\/\/fr.wikipedia.org\/wiki\/Pression_art%C3%A9rielle\">pression art\u00e9rielle<\/a>.<\/p>\n<p><img decoding=\"async\" class=\"\" src=\"https:\/\/eclazon.ma\/wp-content\/uploads\/2024\/07\/spengler-logo-200x100.jpg\" width=\"90\" height=\"45\" \/><\/p>\n<p>&nbsp;<\/p>","protected":false},"featured_media":2000,"comment_status":"open","ping_status":"closed","template":"","meta":[],"product_brand":[],"product_cat":[50],"product_tag":[155,156,98],"class_list":{"0":"post-1999","1":"product","2":"type-product","3":"status-publish","4":"has-post-thumbnail","6":"product_cat-appareillages-diagnostic","7":"product_tag-tensiometre-manuel-adulte","8":"product_tag-tensiometre-professionnel-maroc","9":"product_tag-tensiometre-spengler","11":"first","12":"instock","13":"taxable","14":"shipping-taxable","15":"purchasable","16":"product-type-simple"},"yoast_head":"<!-- This site is optimized with the Yoast SEO plugin v26.9 - https:\/\/yoast.com\/product\/yoast-seo-wordpress\/ -->\n<title>Tensiom\u00e8tre Spengler Lian Nano 34 - YAZMED<\/title>\n<meta name=\"robots\" content=\"index, follow, max-snippet:-1, max-image-preview:large, max-video-preview:-1\" \/>\n<link rel=\"canonical\" href=\"https:\/\/yazmed.ma\/ar\/product\/tensiometre-spengler-lian-nano-adulte-2\/\" \/>\n<meta property=\"og:locale\" content=\"ar_AR\" \/>\n<meta property=\"og:type\" content=\"article\" \/>\n<meta property=\"og:title\" content=\"Tensiom\u00e8tre Spengler Lian Nano 34 - YAZMED\" \/>\n<meta property=\"og:description\" content=\"&nbsp; \u00a0Tensiom\u00e8tre Spengler Lian Nano 34 Spengler Manuel Lian Nano con\u00e7u pour r\u00e9pondre aux besoins des professionnels de sant\u00e9 \u00e0 la recherche d\u2019un appareil compact, pr\u00e9cis et facile \u00e0 utiliser. Avec son brassard innovant et ergonomique, garantit des mesures fiables de la pression art\u00e9rielle, tout en offrant une excellente portabilit\u00e9 et un confort optimal pour le patient.et mesurer la\u00a0pression art\u00e9rielle.    &nbsp;\" \/>\n<meta property=\"og:url\" content=\"https:\/\/yazmed.ma\/ar\/product\/tensiometre-spengler-lian-nano-adulte-2\/\" \/>\n<meta property=\"og:site_name\" content=\"YAZMED\" \/>\n<meta property=\"article:publisher\" content=\"https:\/\/www.facebook.com\/azenkouky\" \/>\n<meta property=\"article:modified_time\" content=\"2025-12-10T15:37:47+00:00\" \/>\n<meta property=\"og:image\" content=\"https:\/\/yazmed.ma\/wp-content\/uploads\/2025\/03\/Sans-titre-570-x-517-px-570-x-517-px-570-x-517-px-570-x-517-px.png\" \/>\n\t<meta property=\"og:image:width\" content=\"570\" \/>\n\t<meta property=\"og:image:height\" content=\"517\" \/>\n\t<meta property=\"og:image:type\" content=\"image\/png\" \/>\n<meta name=\"twitter:card\" content=\"summary_large_image\" \/>\n<meta name=\"twitter:label1\" content=\"Est. reading time\" \/>\n\t<meta name=\"twitter:data1\" content=\"1 minute\" \/>\n<script type=\"application\/ld+json\" class=\"yoast-schema-graph\">{\"@context\":\"https:\/\/schema.org\",\"@graph\":[{\"@type\":\"WebPage\",\"@id\":\"https:\/\/yazmed.ma\/product\/tensiometre-spengler-lian-nano-adulte-2\/\",\"url\":\"https:\/\/yazmed.ma\/product\/tensiometre-spengler-lian-nano-adulte-2\/\",\"name\":\"Tensiom\u00e8tre Spengler Lian Nano 34 - YAZMED\",\"isPartOf\":{\"@id\":\"https:\/\/yazmed.ma\/#website\"},\"primaryImageOfPage\":{\"@id\":\"https:\/\/yazmed.ma\/product\/tensiometre-spengler-lian-nano-adulte-2\/#primaryimage\"},\"image\":{\"@id\":\"https:\/\/yazmed.ma\/product\/tensiometre-spengler-lian-nano-adulte-2\/#primaryimage\"},\"thumbnailUrl\":\"https:\/\/yazmed.ma\/wp-content\/uploads\/2025\/03\/Sans-titre-570-x-517-px-570-x-517-px-570-x-517-px-570-x-517-px.png\",\"datePublished\":\"2025-03-18T22:17:06+00:00\",\"dateModified\":\"2025-12-10T15:37:47+00:00\",\"breadcrumb\":{\"@id\":\"https:\/\/yazmed.ma\/product\/tensiometre-spengler-lian-nano-adulte-2\/#breadcrumb\"},\"inLanguage\":\"ary\",\"potentialAction\":[{\"@type\":\"ReadAction\",\"target\":[\"https:\/\/yazmed.ma\/product\/tensiometre-spengler-lian-nano-adulte-2\/\"]}]},{\"@type\":\"ImageObject\",\"inLanguage\":\"ary\",\"@id\":\"https:\/\/yazmed.ma\/product\/tensiometre-spengler-lian-nano-adulte-2\/#primaryimage\",\"url\":\"https:\/\/yazmed.ma\/wp-content\/uploads\/2025\/03\/Sans-titre-570-x-517-px-570-x-517-px-570-x-517-px-570-x-517-px.png\",\"contentUrl\":\"https:\/\/yazmed.ma\/wp-content\/uploads\/2025\/03\/Sans-titre-570-x-517-px-570-x-517-px-570-x-517-px-570-x-517-px.png\",\"width\":570,\"height\":517,\"caption\":\"Tensiom\u00e8tre Spengler lian Nano adulte Yazmed Maroc\"},{\"@type\":\"BreadcrumbList\",\"@id\":\"https:\/\/yazmed.ma\/product\/tensiometre-spengler-lian-nano-adulte-2\/#breadcrumb\",\"itemListElement\":[{\"@type\":\"ListItem\",\"position\":1,\"name\":\"Accueil\",\"item\":\"https:\/\/yazmed.ma\/\"},{\"@type\":\"ListItem\",\"position\":2,\"name\":\"Shop\",\"item\":\"https:\/\/yazmed.ma\/shop-2\/\"},{\"@type\":\"ListItem\",\"position\":3,\"name\":\"Tensiom\u00e8tre Spengler lian Nano adulte\"}]},{\"@type\":\"WebSite\",\"@id\":\"https:\/\/yazmed.ma\/#website\",\"url\":\"https:\/\/yazmed.ma\/\",\"name\":\"Yazmed\",\"description\":\"LEADER DU MAT\u00c9RIEL M\u00c9DICAL AU MAROC\",\"publisher\":{\"@id\":\"https:\/\/yazmed.ma\/#organization\"},\"potentialAction\":[{\"@type\":\"SearchAction\",\"target\":{\"@type\":\"EntryPoint\",\"urlTemplate\":\"https:\/\/yazmed.ma\/?s={search_term_string}\"},\"query-input\":{\"@type\":\"PropertyValueSpecification\",\"valueRequired\":true,\"valueName\":\"search_term_string\"}}],\"inLanguage\":\"ary\"},{\"@type\":\"Organization\",\"@id\":\"https:\/\/yazmed.ma\/#organization\",\"name\":\"Yazmed Healthcare\",\"url\":\"https:\/\/yazmed.ma\/\",\"logo\":{\"@type\":\"ImageObject\",\"inLanguage\":\"ary\",\"@id\":\"https:\/\/yazmed.ma\/#\/schema\/logo\/image\/\",\"url\":\"https:\/\/yazmed.ma\/wp-content\/uploads\/2024\/12\/3.png\",\"contentUrl\":\"https:\/\/yazmed.ma\/wp-content\/uploads\/2024\/12\/3.png\",\"width\":250,\"height\":70,\"caption\":\"Yazmed Healthcare\"},\"image\":{\"@id\":\"https:\/\/yazmed.ma\/#\/schema\/logo\/image\/\"},\"sameAs\":[\"https:\/\/www.facebook.com\/azenkouky\",\"https:\/\/www.instagram.com\/yazmedhealthcare\",\"https:\/\/www.linkedin.com\/in\/yazmed-healthcare-1b4955295\"]}]}<\/script>\n<!-- \/ Yoast SEO plugin. -->","yoast_head_json":{"title":"Tensiom\u00e8tre Spengler Lian Nano 34 - YAZMED","robots":{"index":"index","follow":"follow","max-snippet":"max-snippet:-1","max-image-preview":"max-image-preview:large","max-video-preview":"max-video-preview:-1"},"canonical":"https:\/\/yazmed.ma\/ar\/product\/tensiometre-spengler-lian-nano-adulte-2\/","og_locale":"ar_AR","og_type":"article","og_title":"Tensiom\u00e8tre Spengler Lian Nano 34 - YAZMED","og_description":"&nbsp; \u00a0Tensiom\u00e8tre Spengler Lian Nano 34 Spengler Manuel Lian Nano con\u00e7u pour r\u00e9pondre aux besoins des professionnels de sant\u00e9 \u00e0 la recherche d\u2019un appareil compact, pr\u00e9cis et facile \u00e0 utiliser. Avec son brassard innovant et ergonomique, garantit des mesures fiables de la pression art\u00e9rielle, tout en offrant une excellente portabilit\u00e9 et un confort optimal pour le patient.et mesurer la\u00a0pression art\u00e9rielle.    &nbsp;","og_url":"https:\/\/yazmed.ma\/ar\/product\/tensiometre-spengler-lian-nano-adulte-2\/","og_site_name":"YAZMED","article_publisher":"https:\/\/www.facebook.com\/azenkouky","article_modified_time":"2025-12-10T15:37:47+00:00","og_image":[{"width":570,"height":517,"url":"https:\/\/yazmed.ma\/wp-content\/uploads\/2025\/03\/Sans-titre-570-x-517-px-570-x-517-px-570-x-517-px-570-x-517-px.png","type":"image\/png"}],"twitter_card":"summary_large_image","twitter_misc":{"Est. reading time":"1 minute"},"schema":{"@context":"https:\/\/schema.org","@graph":[{"@type":"WebPage","@id":"https:\/\/yazmed.ma\/product\/tensiometre-spengler-lian-nano-adulte-2\/","url":"https:\/\/yazmed.ma\/product\/tensiometre-spengler-lian-nano-adulte-2\/","name":"Tensiom\u00e8tre Spengler Lian Nano 34 - YAZMED","isPartOf":{"@id":"https:\/\/yazmed.ma\/#website"},"primaryImageOfPage":{"@id":"https:\/\/yazmed.ma\/product\/tensiometre-spengler-lian-nano-adulte-2\/#primaryimage"},"image":{"@id":"https:\/\/yazmed.ma\/product\/tensiometre-spengler-lian-nano-adulte-2\/#primaryimage"},"thumbnailUrl":"https:\/\/yazmed.ma\/wp-content\/uploads\/2025\/03\/Sans-titre-570-x-517-px-570-x-517-px-570-x-517-px-570-x-517-px.png","datePublished":"2025-03-18T22:17:06+00:00","dateModified":"2025-12-10T15:37:47+00:00","breadcrumb":{"@id":"https:\/\/yazmed.ma\/product\/tensiometre-spengler-lian-nano-adulte-2\/#breadcrumb"},"inLanguage":"ary","potentialAction":[{"@type":"ReadAction","target":["https:\/\/yazmed.ma\/product\/tensiometre-spengler-lian-nano-adulte-2\/"]}]},{"@type":"ImageObject","inLanguage":"ary","@id":"https:\/\/yazmed.ma\/product\/tensiometre-spengler-lian-nano-adulte-2\/#primaryimage","url":"https:\/\/yazmed.ma\/wp-content\/uploads\/2025\/03\/Sans-titre-570-x-517-px-570-x-517-px-570-x-517-px-570-x-517-px.png","contentUrl":"https:\/\/yazmed.ma\/wp-content\/uploads\/2025\/03\/Sans-titre-570-x-517-px-570-x-517-px-570-x-517-px-570-x-517-px.png","width":570,"height":517,"caption":"Tensiom\u00e8tre Spengler lian Nano adulte Yazmed Maroc"},{"@type":"BreadcrumbList","@id":"https:\/\/yazmed.ma\/product\/tensiometre-spengler-lian-nano-adulte-2\/#breadcrumb","itemListElement":[{"@type":"ListItem","position":1,"name":"Accueil","item":"https:\/\/yazmed.ma\/"},{"@type":"ListItem","position":2,"name":"Shop","item":"https:\/\/yazmed.ma\/shop-2\/"},{"@type":"ListItem","position":3,"name":"Tensiom\u00e8tre Spengler lian Nano adulte"}]},{"@type":"WebSite","@id":"https:\/\/yazmed.ma\/#website","url":"https:\/\/yazmed.ma\/","name":"Yazmed","description":"LEADER DU MAT\u00c9RIEL M\u00c9DICAL AU MAROC","publisher":{"@id":"https:\/\/yazmed.ma\/#organization"},"potentialAction":[{"@type":"SearchAction","target":{"@type":"EntryPoint","urlTemplate":"https:\/\/yazmed.ma\/?s={search_term_string}"},"query-input":{"@type":"PropertyValueSpecification","valueRequired":true,"valueName":"search_term_string"}}],"inLanguage":"ary"},{"@type":"Organization","@id":"https:\/\/yazmed.ma\/#organization","name":"Yazmed Healthcare","url":"https:\/\/yazmed.ma\/","logo":{"@type":"ImageObject","inLanguage":"ary","@id":"https:\/\/yazmed.ma\/#\/schema\/logo\/image\/","url":"https:\/\/yazmed.ma\/wp-content\/uploads\/2024\/12\/3.png","contentUrl":"https:\/\/yazmed.ma\/wp-content\/uploads\/2024\/12\/3.png","width":250,"height":70,"caption":"Yazmed Healthcare"},"image":{"@id":"https:\/\/yazmed.ma\/#\/schema\/logo\/image\/"},"sameAs":["https:\/\/www.facebook.com\/azenkouky","https:\/\/www.instagram.com\/yazmedhealthcare","https:\/\/www.linkedin.com\/in\/yazmed-healthcare-1b4955295"]}]}},"_links":{"self":[{"href":"https:\/\/yazmed.ma\/ar\/wp-json\/wp\/v2\/product\/1999","targetHints":{"allow":["GET"]}}],"collection":[{"href":"https:\/\/yazmed.ma\/ar\/wp-json\/wp\/v2\/product"}],"about":[{"href":"https:\/\/yazmed.ma\/ar\/wp-json\/wp\/v2\/types\/product"}],"replies":[{"embeddable":true,"href":"https:\/\/yazmed.ma\/ar\/wp-json\/wp\/v2\/comments?post=1999"}],"version-history":[{"count":1,"href":"https:\/\/yazmed.ma\/ar\/wp-json\/wp\/v2\/product\/1999\/revisions"}],"predecessor-version":[{"id":2586,"href":"https:\/\/yazmed.ma\/ar\/wp-json\/wp\/v2\/product\/1999\/revisions\/2586"}],"wp:featuredmedia":[{"embeddable":true,"href":"https:\/\/yazmed.ma\/ar\/wp-json\/wp\/v2\/media\/2000"}],"wp:attachment":[{"href":"https:\/\/yazmed.ma\/ar\/wp-json\/wp\/v2\/media?parent=1999"}],"wp:term":[{"taxonomy":"product_brand","embeddable":true,"href":"https:\/\/yazmed.ma\/ar\/wp-json\/wp\/v2\/product_brand?post=1999"},{"taxonomy":"product_cat","embeddable":true,"href":"https:\/\/yazmed.ma\/ar\/wp-json\/wp\/v2\/product_cat?post=1999"},{"taxonomy":"product_tag","embeddable":true,"href":"https:\/\/yazmed.ma\/ar\/wp-json\/wp\/v2\/product_tag?post=1999"}],"curies":[{"name":"wp","href":"https:\/\/api.w.org\/{rel}","templated":true}]}}