{"id":1993,"date":"2025-03-18T21:50:44","date_gmt":"2025-03-18T21:50:44","guid":{"rendered":"https:\/\/yazmed.ma\/?post_type=product&#038;p=1993"},"modified":"2025-06-23T13:04:05","modified_gmt":"2025-06-23T13:04:05","slug":"pompe-a-perfusion","status":"publish","type":"product","link":"https:\/\/yazmed.ma\/ar\/product\/pompe-a-perfusion\/","title":{"rendered":"Pompe \u00e0 perfusion volum\u00e9trique 1 voie"},"content":{"rendered":"<p><img decoding=\"async\" class=\"wp-image-2477\" title=\"CONTEC LOGO\" src=\"https:\/\/yazmed.ma\/wp-content\/uploads\/2025\/03\/CONTEC-LOGO.png\" alt=\"CONTEC LOGO\" width=\"104\" height=\"43\" srcset=\"https:\/\/yazmed.ma\/wp-content\/uploads\/2025\/03\/CONTEC-LOGO.png 223w, https:\/\/yazmed.ma\/wp-content\/uploads\/2025\/03\/CONTEC-LOGO-18x7.png 18w, https:\/\/yazmed.ma\/wp-content\/uploads\/2025\/03\/CONTEC-LOGO-90x37.png 90w\" sizes=\"(max-width: 104px) 100vw, 104px\" \/><\/p>","protected":false},"excerpt":{"rendered":"<h4>Pompe \u00e0 perfusion volum\u00e9trique 1 voie<\/h4>\n<p>SN-1600V est une pompe \u00e0\u00a0 perfusion continue de conception verticale. La structure verticale rend l&rsquo;apparence plus intelligente et d\u00e9licate. Cette pompe intelligente iv prend en charge le mode de d\u00e9bit et la perfusion en mode goutte \u00e0\u00a0 goutte.<\/p>\n<p>&#8211;\u00a0<strong>Pr\u00e9cise\u00a0<\/strong>: Algorithme brevet\u00e9 sur la compensation intelligente de pulsation, plus pr\u00e9cise et plus stable.<\/p>\n<p>&#8211;\u00a0<strong>Silencieuse\u00a0<\/strong>: Un moteur de haute qualit\u00e9, moins de vibrations, moins de bruit.<\/p>\n<p>&#8211;\u00a0<strong>S\u00e9curis\u00e9\u00a0<\/strong>: Surveillance \u00e0\u00a0 deux processeurs, plus s\u00e9curis\u00e9e et plus fiable.<\/p>\n<p>&#8211;\u00a0<strong>Pratique<\/strong>\u00a0: Supporte le mode vitesse sup\u00e9rieure, mode goutte \u00e0\u00a0 goutte.<\/p>\n<p>&#8211;\u00a0<strong>Endurance<\/strong>: Endurance de la batterie plus de 6 heures (\u00e0\u00a0 5ml \/ h)<\/p>\n<p>&nbsp;<\/p>\n<p><img decoding=\"async\" class=\"wp-image-2477\" title=\"CONTEC LOGO\" src=\"https:\/\/yazmed.ma\/wp-content\/uploads\/2025\/03\/CONTEC-LOGO.png\" alt=\"CONTEC LOGO\" width=\"90\" height=\"37\" srcset=\"https:\/\/yazmed.ma\/wp-content\/uploads\/2025\/03\/CONTEC-LOGO.png 223w, https:\/\/yazmed.ma\/wp-content\/uploads\/2025\/03\/CONTEC-LOGO-18x7.png 18w, https:\/\/yazmed.ma\/wp-content\/uploads\/2025\/03\/CONTEC-LOGO-90x37.png 90w\" sizes=\"(max-width: 90px) 100vw, 90px\" \/><\/p>","protected":false},"featured_media":1994,"comment_status":"open","ping_status":"closed","template":"","meta":[],"product_brand":[],"product_cat":[50,58],"product_tag":[93],"class_list":{"0":"post-1993","1":"product","2":"type-product","3":"status-publish","4":"has-post-thumbnail","6":"product_cat-appareillages-diagnostic","7":"product_cat-nouvelle-collection","8":"product_tag-pompe-a-perfusion-contec","10":"first","11":"instock","12":"taxable","13":"shipping-taxable","14":"purchasable","15":"product-type-simple"},"yoast_head":"<!-- This site is optimized with the Yoast SEO plugin v26.9 - https:\/\/yoast.com\/product\/yoast-seo-wordpress\/ -->\n<title>Pompe \u00e0 perfusion volum\u00e9trique 1 voie - YAZMED<\/title>\n<meta name=\"robots\" content=\"index, follow, max-snippet:-1, max-image-preview:large, max-video-preview:-1\" \/>\n<link rel=\"canonical\" href=\"https:\/\/yazmed.ma\/ar\/product\/pompe-a-perfusion-volumetrique-1-voie\/\" \/>\n<meta property=\"og:locale\" content=\"ar_AR\" \/>\n<meta property=\"og:type\" content=\"article\" \/>\n<meta property=\"og:title\" content=\"Pompe \u00e0 perfusion volum\u00e9trique 1 voie - YAZMED\" \/>\n<meta property=\"og:description\" content=\"Pompe \u00e0 perfusion volum\u00e9trique 1 voie SN-1600V est une pompe \u00e0\u00a0 perfusion continue de conception verticale. La structure verticale rend l&#039;apparence plus intelligente et d\u00e9licate. Cette pompe intelligente iv prend en charge le mode de d\u00e9bit et la perfusion en mode goutte \u00e0\u00a0 goutte.  -\u00a0Pr\u00e9cise\u00a0: Algorithme brevet\u00e9 sur la compensation intelligente de pulsation, plus pr\u00e9cise et plus stable.  -\u00a0Silencieuse\u00a0: Un moteur de haute qualit\u00e9, moins de vibrations, moins de bruit.  -\u00a0S\u00e9curis\u00e9\u00a0: Surveillance \u00e0\u00a0 deux processeurs, plus s\u00e9curis\u00e9e et plus fiable.  -\u00a0Pratique\u00a0: Supporte le mode vitesse sup\u00e9rieure, mode goutte \u00e0\u00a0 goutte.  -\u00a0Endurance: Endurance de la batterie plus de 6 heures (\u00e0\u00a0 5ml \/ h)  &nbsp;\" \/>\n<meta property=\"og:url\" content=\"https:\/\/yazmed.ma\/ar\/product\/pompe-a-perfusion-volumetrique-1-voie\/\" \/>\n<meta property=\"og:site_name\" content=\"YAZMED\" \/>\n<meta property=\"article:publisher\" content=\"https:\/\/www.facebook.com\/azenkouky\" \/>\n<meta property=\"article:modified_time\" content=\"2025-06-23T13:04:05+00:00\" \/>\n<meta property=\"og:image\" content=\"https:\/\/yazmed.ma\/wp-content\/uploads\/2025\/03\/Sans-titre-570-x-517-px.png\" \/>\n\t<meta property=\"og:image:width\" content=\"570\" \/>\n\t<meta property=\"og:image:height\" content=\"517\" \/>\n\t<meta property=\"og:image:type\" content=\"image\/png\" \/>\n<meta name=\"twitter:card\" content=\"summary_large_image\" \/>\n<meta name=\"twitter:label1\" content=\"Est. reading time\" \/>\n\t<meta name=\"twitter:data1\" content=\"1 minute\" \/>\n<script type=\"application\/ld+json\" class=\"yoast-schema-graph\">{\"@context\":\"https:\/\/schema.org\",\"@graph\":[{\"@type\":\"WebPage\",\"@id\":\"https:\/\/yazmed.ma\/product\/pompe-a-perfusion-volumetrique-1-voie\/\",\"url\":\"https:\/\/yazmed.ma\/product\/pompe-a-perfusion-volumetrique-1-voie\/\",\"name\":\"Pompe \u00e0 perfusion volum\u00e9trique 1 voie - YAZMED\",\"isPartOf\":{\"@id\":\"https:\/\/yazmed.ma\/#website\"},\"primaryImageOfPage\":{\"@id\":\"https:\/\/yazmed.ma\/product\/pompe-a-perfusion-volumetrique-1-voie\/#primaryimage\"},\"image\":{\"@id\":\"https:\/\/yazmed.ma\/product\/pompe-a-perfusion-volumetrique-1-voie\/#primaryimage\"},\"thumbnailUrl\":\"https:\/\/yazmed.ma\/wp-content\/uploads\/2025\/03\/Sans-titre-570-x-517-px.png\",\"datePublished\":\"2025-03-18T21:50:44+00:00\",\"dateModified\":\"2025-06-23T13:04:05+00:00\",\"breadcrumb\":{\"@id\":\"https:\/\/yazmed.ma\/product\/pompe-a-perfusion-volumetrique-1-voie\/#breadcrumb\"},\"inLanguage\":\"ary\",\"potentialAction\":[{\"@type\":\"ReadAction\",\"target\":[\"https:\/\/yazmed.ma\/product\/pompe-a-perfusion-volumetrique-1-voie\/\"]}]},{\"@type\":\"ImageObject\",\"inLanguage\":\"ary\",\"@id\":\"https:\/\/yazmed.ma\/product\/pompe-a-perfusion-volumetrique-1-voie\/#primaryimage\",\"url\":\"https:\/\/yazmed.ma\/wp-content\/uploads\/2025\/03\/Sans-titre-570-x-517-px.png\",\"contentUrl\":\"https:\/\/yazmed.ma\/wp-content\/uploads\/2025\/03\/Sans-titre-570-x-517-px.png\",\"width\":570,\"height\":517,\"caption\":\"Pompe \u00e0 perfusion volum\u00e9trique 1 voie Yazmed Maroc\"},{\"@type\":\"BreadcrumbList\",\"@id\":\"https:\/\/yazmed.ma\/product\/pompe-a-perfusion-volumetrique-1-voie\/#breadcrumb\",\"itemListElement\":[{\"@type\":\"ListItem\",\"position\":1,\"name\":\"Accueil\",\"item\":\"https:\/\/yazmed.ma\/\"},{\"@type\":\"ListItem\",\"position\":2,\"name\":\"Shop\",\"item\":\"https:\/\/yazmed.ma\/shop-2\/\"},{\"@type\":\"ListItem\",\"position\":3,\"name\":\"Pompe \u00e0 perfusion volum\u00e9trique 1 voie\"}]},{\"@type\":\"WebSite\",\"@id\":\"https:\/\/yazmed.ma\/#website\",\"url\":\"https:\/\/yazmed.ma\/\",\"name\":\"Yazmed\",\"description\":\"LEADER DU MAT\u00c9RIEL M\u00c9DICAL AU MAROC\",\"publisher\":{\"@id\":\"https:\/\/yazmed.ma\/#organization\"},\"potentialAction\":[{\"@type\":\"SearchAction\",\"target\":{\"@type\":\"EntryPoint\",\"urlTemplate\":\"https:\/\/yazmed.ma\/?s={search_term_string}\"},\"query-input\":{\"@type\":\"PropertyValueSpecification\",\"valueRequired\":true,\"valueName\":\"search_term_string\"}}],\"inLanguage\":\"ary\"},{\"@type\":\"Organization\",\"@id\":\"https:\/\/yazmed.ma\/#organization\",\"name\":\"Yazmed Healthcare\",\"url\":\"https:\/\/yazmed.ma\/\",\"logo\":{\"@type\":\"ImageObject\",\"inLanguage\":\"ary\",\"@id\":\"https:\/\/yazmed.ma\/#\/schema\/logo\/image\/\",\"url\":\"https:\/\/yazmed.ma\/wp-content\/uploads\/2024\/12\/3.png\",\"contentUrl\":\"https:\/\/yazmed.ma\/wp-content\/uploads\/2024\/12\/3.png\",\"width\":250,\"height\":70,\"caption\":\"Yazmed Healthcare\"},\"image\":{\"@id\":\"https:\/\/yazmed.ma\/#\/schema\/logo\/image\/\"},\"sameAs\":[\"https:\/\/www.facebook.com\/azenkouky\",\"https:\/\/www.instagram.com\/yazmedhealthcare\",\"https:\/\/www.linkedin.com\/in\/yazmed-healthcare-1b4955295\"]}]}<\/script>\n<!-- \/ Yoast SEO plugin. -->","yoast_head_json":{"title":"Pompe \u00e0 perfusion volum\u00e9trique 1 voie - YAZMED","robots":{"index":"index","follow":"follow","max-snippet":"max-snippet:-1","max-image-preview":"max-image-preview:large","max-video-preview":"max-video-preview:-1"},"canonical":"https:\/\/yazmed.ma\/ar\/product\/pompe-a-perfusion-volumetrique-1-voie\/","og_locale":"ar_AR","og_type":"article","og_title":"Pompe \u00e0 perfusion volum\u00e9trique 1 voie - YAZMED","og_description":"Pompe \u00e0 perfusion volum\u00e9trique 1 voie SN-1600V est une pompe \u00e0\u00a0 perfusion continue de conception verticale. La structure verticale rend l'apparence plus intelligente et d\u00e9licate. Cette pompe intelligente iv prend en charge le mode de d\u00e9bit et la perfusion en mode goutte \u00e0\u00a0 goutte.  -\u00a0Pr\u00e9cise\u00a0: Algorithme brevet\u00e9 sur la compensation intelligente de pulsation, plus pr\u00e9cise et plus stable.  -\u00a0Silencieuse\u00a0: Un moteur de haute qualit\u00e9, moins de vibrations, moins de bruit.  -\u00a0S\u00e9curis\u00e9\u00a0: Surveillance \u00e0\u00a0 deux processeurs, plus s\u00e9curis\u00e9e et plus fiable.  -\u00a0Pratique\u00a0: Supporte le mode vitesse sup\u00e9rieure, mode goutte \u00e0\u00a0 goutte.  -\u00a0Endurance: Endurance de la batterie plus de 6 heures (\u00e0\u00a0 5ml \/ h)  &nbsp;","og_url":"https:\/\/yazmed.ma\/ar\/product\/pompe-a-perfusion-volumetrique-1-voie\/","og_site_name":"YAZMED","article_publisher":"https:\/\/www.facebook.com\/azenkouky","article_modified_time":"2025-06-23T13:04:05+00:00","og_image":[{"width":570,"height":517,"url":"https:\/\/yazmed.ma\/wp-content\/uploads\/2025\/03\/Sans-titre-570-x-517-px.png","type":"image\/png"}],"twitter_card":"summary_large_image","twitter_misc":{"Est. reading time":"1 minute"},"schema":{"@context":"https:\/\/schema.org","@graph":[{"@type":"WebPage","@id":"https:\/\/yazmed.ma\/product\/pompe-a-perfusion-volumetrique-1-voie\/","url":"https:\/\/yazmed.ma\/product\/pompe-a-perfusion-volumetrique-1-voie\/","name":"Pompe \u00e0 perfusion volum\u00e9trique 1 voie - YAZMED","isPartOf":{"@id":"https:\/\/yazmed.ma\/#website"},"primaryImageOfPage":{"@id":"https:\/\/yazmed.ma\/product\/pompe-a-perfusion-volumetrique-1-voie\/#primaryimage"},"image":{"@id":"https:\/\/yazmed.ma\/product\/pompe-a-perfusion-volumetrique-1-voie\/#primaryimage"},"thumbnailUrl":"https:\/\/yazmed.ma\/wp-content\/uploads\/2025\/03\/Sans-titre-570-x-517-px.png","datePublished":"2025-03-18T21:50:44+00:00","dateModified":"2025-06-23T13:04:05+00:00","breadcrumb":{"@id":"https:\/\/yazmed.ma\/product\/pompe-a-perfusion-volumetrique-1-voie\/#breadcrumb"},"inLanguage":"ary","potentialAction":[{"@type":"ReadAction","target":["https:\/\/yazmed.ma\/product\/pompe-a-perfusion-volumetrique-1-voie\/"]}]},{"@type":"ImageObject","inLanguage":"ary","@id":"https:\/\/yazmed.ma\/product\/pompe-a-perfusion-volumetrique-1-voie\/#primaryimage","url":"https:\/\/yazmed.ma\/wp-content\/uploads\/2025\/03\/Sans-titre-570-x-517-px.png","contentUrl":"https:\/\/yazmed.ma\/wp-content\/uploads\/2025\/03\/Sans-titre-570-x-517-px.png","width":570,"height":517,"caption":"Pompe \u00e0 perfusion volum\u00e9trique 1 voie Yazmed Maroc"},{"@type":"BreadcrumbList","@id":"https:\/\/yazmed.ma\/product\/pompe-a-perfusion-volumetrique-1-voie\/#breadcrumb","itemListElement":[{"@type":"ListItem","position":1,"name":"Accueil","item":"https:\/\/yazmed.ma\/"},{"@type":"ListItem","position":2,"name":"Shop","item":"https:\/\/yazmed.ma\/shop-2\/"},{"@type":"ListItem","position":3,"name":"Pompe \u00e0 perfusion volum\u00e9trique 1 voie"}]},{"@type":"WebSite","@id":"https:\/\/yazmed.ma\/#website","url":"https:\/\/yazmed.ma\/","name":"Yazmed","description":"LEADER DU MAT\u00c9RIEL M\u00c9DICAL AU MAROC","publisher":{"@id":"https:\/\/yazmed.ma\/#organization"},"potentialAction":[{"@type":"SearchAction","target":{"@type":"EntryPoint","urlTemplate":"https:\/\/yazmed.ma\/?s={search_term_string}"},"query-input":{"@type":"PropertyValueSpecification","valueRequired":true,"valueName":"search_term_string"}}],"inLanguage":"ary"},{"@type":"Organization","@id":"https:\/\/yazmed.ma\/#organization","name":"Yazmed Healthcare","url":"https:\/\/yazmed.ma\/","logo":{"@type":"ImageObject","inLanguage":"ary","@id":"https:\/\/yazmed.ma\/#\/schema\/logo\/image\/","url":"https:\/\/yazmed.ma\/wp-content\/uploads\/2024\/12\/3.png","contentUrl":"https:\/\/yazmed.ma\/wp-content\/uploads\/2024\/12\/3.png","width":250,"height":70,"caption":"Yazmed Healthcare"},"image":{"@id":"https:\/\/yazmed.ma\/#\/schema\/logo\/image\/"},"sameAs":["https:\/\/www.facebook.com\/azenkouky","https:\/\/www.instagram.com\/yazmedhealthcare","https:\/\/www.linkedin.com\/in\/yazmed-healthcare-1b4955295"]}]}},"_links":{"self":[{"href":"https:\/\/yazmed.ma\/ar\/wp-json\/wp\/v2\/product\/1993","targetHints":{"allow":["GET"]}}],"collection":[{"href":"https:\/\/yazmed.ma\/ar\/wp-json\/wp\/v2\/product"}],"about":[{"href":"https:\/\/yazmed.ma\/ar\/wp-json\/wp\/v2\/types\/product"}],"replies":[{"embeddable":true,"href":"https:\/\/yazmed.ma\/ar\/wp-json\/wp\/v2\/comments?post=1993"}],"version-history":[{"count":0,"href":"https:\/\/yazmed.ma\/ar\/wp-json\/wp\/v2\/product\/1993\/revisions"}],"wp:featuredmedia":[{"embeddable":true,"href":"https:\/\/yazmed.ma\/ar\/wp-json\/wp\/v2\/media\/1994"}],"wp:attachment":[{"href":"https:\/\/yazmed.ma\/ar\/wp-json\/wp\/v2\/media?parent=1993"}],"wp:term":[{"taxonomy":"product_brand","embeddable":true,"href":"https:\/\/yazmed.ma\/ar\/wp-json\/wp\/v2\/product_brand?post=1993"},{"taxonomy":"product_cat","embeddable":true,"href":"https:\/\/yazmed.ma\/ar\/wp-json\/wp\/v2\/product_cat?post=1993"},{"taxonomy":"product_tag","embeddable":true,"href":"https:\/\/yazmed.ma\/ar\/wp-json\/wp\/v2\/product_tag?post=1993"}],"curies":[{"name":"wp","href":"https:\/\/api.w.org\/{rel}","templated":true}]}}