{"id":1985,"date":"2025-03-06T22:23:49","date_gmt":"2025-03-06T22:23:49","guid":{"rendered":"https:\/\/yazmed.ma\/?post_type=product&#038;p=1985"},"modified":"2025-10-25T00:02:53","modified_gmt":"2025-10-25T00:02:53","slug":"cardiotocographe","status":"publish","type":"product","link":"https:\/\/yazmed.ma\/ar\/product\/cardiotocographe\/","title":{"rendered":"CARDIOTOCOGRAPHE RCF DIGITAL 12.1 CONTEC"},"content":{"rendered":"<p>Pour en savoir plus sur le cardiotocographe Contec CMS800A\u2011Plus (CTG), consultez cette fiche produit : &lt;a href=&quot;\/ar\/&nbsp;&raquo;https:\/\/yazmed.ma\/product\/cardiotocographe-rcf-digital-12-1-contec\/&nbsp;&raquo;\/&quot; target=&quot;&nbsp;&raquo;_blank&nbsp;&raquo;&quot; rel=&quot;&nbsp;&raquo;noopener&nbsp;&raquo;&quot;&gt;Cardiotocographe RCF Digital 12.1 Contec&lt;\/a&gt;.&lt;\/p&gt;<\/p>","protected":false},"excerpt":{"rendered":"<h5>CARDIOTOCOGRAPHE RCF DIGITAL<\/h5>\n<h5><strong>L&rsquo;appareil permet de surveiller en temps r\u00e9el le TOCO, la FCF (fr\u00e9quence cardiaque f\u0153tale) et les mouvements f\u0153taux (FMOV), afin de fournir des donn\u00e9es de surveillance pr\u00e9cises pour une utilisation clinique. Il peut \u00eatre utilis\u00e9 seul ou connect\u00e9 au syst\u00e8me de surveillance central du service obst\u00e9trique via une interface r\u00e9seau pour former un syst\u00e8me de surveillance en r\u00e9seau.<\/strong><br \/>\n<strong>Fonctionnalit\u00e9s<\/strong><br \/>\n<strong>* Nouveau design am\u00e9lior\u00e9 pour une meilleure exp\u00e9rience utilisateur.<\/strong><br \/>\n<strong>* \u00c9cran LCD couleur de 12,1 pouces, inclinable de 0\u00b0 \u00e0 90\u00b0.<\/strong><br \/>\n<strong>* Indication de la plage normale de la FCF (110 bpm ~ 160 bpm).<\/strong><br \/>\n<strong>* Surveillance FCF \u00e0 double canal.<\/strong><br \/>\n<strong>* V\u00e9rification de chevauchement des signaux pour diff\u00e9rencier la FCF des jumeaux.<\/strong><br \/>\n<strong>* Surveillance du TOCO.<\/strong><br \/>\n<strong>* Enregistrement des mouvements f\u0153taux (FMOV).<\/strong><br \/>\n<strong>* Technologie de s\u00e9paration des courbes FCF.<\/strong><br \/>\n<strong>* Fonction de notation automatique.<\/strong><br \/>\n<strong>* Surveillance en temps r\u00e9el, stockage des courbes, r\u00e9vision et impression en continu pendant 24 heures.<\/strong><br \/>\n<strong>* Possibilit\u00e9 de sauvegarder les rapports de cas sur une cl\u00e9 USB.<\/strong><br \/>\n<strong>* Transducteur \u00e0 12 cristaux et large faisceau.<\/strong><br \/>\n<strong>* Imprimante thermique int\u00e9gr\u00e9e de 152 mm, haute d\u00e9finition et longue dur\u00e9e de vie.<\/strong><br \/>\n<strong>* Connexion au syst\u00e8me de surveillance central en mode filaire ou sans fil.<\/strong><br \/>\n<strong>* Batterie rechargeable int\u00e9gr\u00e9e, garantissant un fonctionnement continu pendant 3 heures en cas de coupure de courant soudaine.<\/strong><\/h5>\n<p>&nbsp;<\/p>","protected":false},"featured_media":1986,"comment_status":"open","ping_status":"closed","template":"","meta":[],"product_brand":[],"product_cat":[16,50,58],"product_tag":[],"class_list":{"0":"post-1985","1":"product","2":"type-product","3":"status-publish","4":"has-post-thumbnail","6":"product_cat-toutes-les-categories","7":"product_cat-appareillages-diagnostic","8":"product_cat-nouvelle-collection","10":"first","11":"instock","12":"taxable","13":"shipping-taxable","14":"product-type-simple"},"yoast_head":"<!-- This site is optimized with the Yoast SEO plugin v26.9 - https:\/\/yoast.com\/product\/yoast-seo-wordpress\/ -->\n<title>CARDIOTOCOGRAPHE RCF DIGITAL 12.1 CONTEC - YAZMED<\/title>\n<meta name=\"robots\" content=\"index, follow, max-snippet:-1, max-image-preview:large, max-video-preview:-1\" \/>\n<link rel=\"canonical\" href=\"https:\/\/yazmed.ma\/ar\/product\/cardiotocographe-rcf-digital-12-1-contec\/\" \/>\n<meta property=\"og:locale\" content=\"ar_AR\" \/>\n<meta property=\"og:type\" content=\"article\" \/>\n<meta property=\"og:title\" content=\"CARDIOTOCOGRAPHE RCF DIGITAL 12.1 CONTEC - YAZMED\" \/>\n<meta property=\"og:description\" content=\"CARDIOTOCOGRAPHE RCF DIGITAL L&#039;appareil permet de surveiller en temps r\u00e9el le TOCO, la FCF (fr\u00e9quence cardiaque f\u0153tale) et les mouvements f\u0153taux (FMOV), afin de fournir des donn\u00e9es de surveillance pr\u00e9cises pour une utilisation clinique. Il peut \u00eatre utilis\u00e9 seul ou connect\u00e9 au syst\u00e8me de surveillance central du service obst\u00e9trique via une interface r\u00e9seau pour former un syst\u00e8me de surveillance en r\u00e9seau. Fonctionnalit\u00e9s * Nouveau design am\u00e9lior\u00e9 pour une meilleure exp\u00e9rience utilisateur. * \u00c9cran LCD couleur de 12,1 pouces, inclinable de 0\u00b0 \u00e0 90\u00b0. * Indication de la plage normale de la FCF (110 bpm ~ 160 bpm). * Surveillance FCF \u00e0 double canal. * V\u00e9rification de chevauchement des signaux pour diff\u00e9rencier la FCF des jumeaux. * Surveillance du TOCO. * Enregistrement des mouvements f\u0153taux (FMOV). * Technologie de s\u00e9paration des courbes FCF. * Fonction de notation automatique. * Surveillance en temps r\u00e9el, stockage des courbes, r\u00e9vision et impression en continu pendant 24 heures. * Possibilit\u00e9 de sauvegarder les rapports de cas sur une cl\u00e9 USB. * Transducteur \u00e0 12 cristaux et large faisceau. * Imprimante thermique int\u00e9gr\u00e9e de 152 mm, haute d\u00e9finition et longue dur\u00e9e de vie. * Connexion au syst\u00e8me de surveillance central en mode filaire ou sans fil. * Batterie rechargeable int\u00e9gr\u00e9e, garantissant un fonctionnement continu pendant 3 heures en cas de coupure de courant soudaine. &nbsp;\" \/>\n<meta property=\"og:url\" content=\"https:\/\/yazmed.ma\/ar\/product\/cardiotocographe-rcf-digital-12-1-contec\/\" \/>\n<meta property=\"og:site_name\" content=\"YAZMED\" \/>\n<meta property=\"article:publisher\" content=\"https:\/\/www.facebook.com\/azenkouky\" \/>\n<meta property=\"article:modified_time\" content=\"2025-10-25T00:02:53+00:00\" \/>\n<meta property=\"og:image\" content=\"https:\/\/yazmed.ma\/wp-content\/uploads\/2025\/03\/Design-sans-titre-11.png\" \/>\n\t<meta property=\"og:image:width\" content=\"570\" \/>\n\t<meta property=\"og:image:height\" content=\"517\" \/>\n\t<meta property=\"og:image:type\" content=\"image\/png\" \/>\n<meta name=\"twitter:card\" content=\"summary_large_image\" \/>\n<meta name=\"twitter:label1\" content=\"Est. reading time\" \/>\n\t<meta name=\"twitter:data1\" content=\"1 minute\" \/>\n<script type=\"application\/ld+json\" class=\"yoast-schema-graph\">{\"@context\":\"https:\/\/schema.org\",\"@graph\":[{\"@type\":\"WebPage\",\"@id\":\"https:\/\/yazmed.ma\/product\/cardiotocographe-rcf-digital-12-1-contec\/\",\"url\":\"https:\/\/yazmed.ma\/product\/cardiotocographe-rcf-digital-12-1-contec\/\",\"name\":\"CARDIOTOCOGRAPHE RCF DIGITAL 12.1 CONTEC - YAZMED\",\"isPartOf\":{\"@id\":\"https:\/\/yazmed.ma\/#website\"},\"primaryImageOfPage\":{\"@id\":\"https:\/\/yazmed.ma\/product\/cardiotocographe-rcf-digital-12-1-contec\/#primaryimage\"},\"image\":{\"@id\":\"https:\/\/yazmed.ma\/product\/cardiotocographe-rcf-digital-12-1-contec\/#primaryimage\"},\"thumbnailUrl\":\"https:\/\/yazmed.ma\/wp-content\/uploads\/2025\/03\/Design-sans-titre-11.png\",\"datePublished\":\"2025-03-06T22:23:49+00:00\",\"dateModified\":\"2025-10-25T00:02:53+00:00\",\"breadcrumb\":{\"@id\":\"https:\/\/yazmed.ma\/product\/cardiotocographe-rcf-digital-12-1-contec\/#breadcrumb\"},\"inLanguage\":\"ary\",\"potentialAction\":[{\"@type\":\"ReadAction\",\"target\":[\"https:\/\/yazmed.ma\/product\/cardiotocographe-rcf-digital-12-1-contec\/\"]}]},{\"@type\":\"ImageObject\",\"inLanguage\":\"ary\",\"@id\":\"https:\/\/yazmed.ma\/product\/cardiotocographe-rcf-digital-12-1-contec\/#primaryimage\",\"url\":\"https:\/\/yazmed.ma\/wp-content\/uploads\/2025\/03\/Design-sans-titre-11.png\",\"contentUrl\":\"https:\/\/yazmed.ma\/wp-content\/uploads\/2025\/03\/Design-sans-titre-11.png\",\"width\":570,\"height\":517,\"caption\":\"CARDIOTOCOGRAPHE RCF DIGITAL 12.1 CONTEC Yazmed Maroc\"},{\"@type\":\"BreadcrumbList\",\"@id\":\"https:\/\/yazmed.ma\/product\/cardiotocographe-rcf-digital-12-1-contec\/#breadcrumb\",\"itemListElement\":[{\"@type\":\"ListItem\",\"position\":1,\"name\":\"Accueil\",\"item\":\"https:\/\/yazmed.ma\/\"},{\"@type\":\"ListItem\",\"position\":2,\"name\":\"Shop\",\"item\":\"https:\/\/yazmed.ma\/shop-2\/\"},{\"@type\":\"ListItem\",\"position\":3,\"name\":\"CARDIOTOCOGRAPHE RCF DIGITAL 12.1 CONTEC\"}]},{\"@type\":\"WebSite\",\"@id\":\"https:\/\/yazmed.ma\/#website\",\"url\":\"https:\/\/yazmed.ma\/\",\"name\":\"Yazmed\",\"description\":\"LEADER DU MAT\u00c9RIEL M\u00c9DICAL AU MAROC\",\"publisher\":{\"@id\":\"https:\/\/yazmed.ma\/#organization\"},\"potentialAction\":[{\"@type\":\"SearchAction\",\"target\":{\"@type\":\"EntryPoint\",\"urlTemplate\":\"https:\/\/yazmed.ma\/?s={search_term_string}\"},\"query-input\":{\"@type\":\"PropertyValueSpecification\",\"valueRequired\":true,\"valueName\":\"search_term_string\"}}],\"inLanguage\":\"ary\"},{\"@type\":\"Organization\",\"@id\":\"https:\/\/yazmed.ma\/#organization\",\"name\":\"Yazmed Healthcare\",\"url\":\"https:\/\/yazmed.ma\/\",\"logo\":{\"@type\":\"ImageObject\",\"inLanguage\":\"ary\",\"@id\":\"https:\/\/yazmed.ma\/#\/schema\/logo\/image\/\",\"url\":\"https:\/\/yazmed.ma\/wp-content\/uploads\/2024\/12\/3.png\",\"contentUrl\":\"https:\/\/yazmed.ma\/wp-content\/uploads\/2024\/12\/3.png\",\"width\":250,\"height\":70,\"caption\":\"Yazmed Healthcare\"},\"image\":{\"@id\":\"https:\/\/yazmed.ma\/#\/schema\/logo\/image\/\"},\"sameAs\":[\"https:\/\/www.facebook.com\/azenkouky\",\"https:\/\/www.instagram.com\/yazmedhealthcare\",\"https:\/\/www.linkedin.com\/in\/yazmed-healthcare-1b4955295\"]}]}<\/script>\n<!-- \/ Yoast SEO plugin. -->","yoast_head_json":{"title":"CARDIOTOCOGRAPHE RCF DIGITAL 12.1 CONTEC - YAZMED","robots":{"index":"index","follow":"follow","max-snippet":"max-snippet:-1","max-image-preview":"max-image-preview:large","max-video-preview":"max-video-preview:-1"},"canonical":"https:\/\/yazmed.ma\/ar\/product\/cardiotocographe-rcf-digital-12-1-contec\/","og_locale":"ar_AR","og_type":"article","og_title":"CARDIOTOCOGRAPHE RCF DIGITAL 12.1 CONTEC - YAZMED","og_description":"CARDIOTOCOGRAPHE RCF DIGITAL L'appareil permet de surveiller en temps r\u00e9el le TOCO, la FCF (fr\u00e9quence cardiaque f\u0153tale) et les mouvements f\u0153taux (FMOV), afin de fournir des donn\u00e9es de surveillance pr\u00e9cises pour une utilisation clinique. Il peut \u00eatre utilis\u00e9 seul ou connect\u00e9 au syst\u00e8me de surveillance central du service obst\u00e9trique via une interface r\u00e9seau pour former un syst\u00e8me de surveillance en r\u00e9seau. Fonctionnalit\u00e9s * Nouveau design am\u00e9lior\u00e9 pour une meilleure exp\u00e9rience utilisateur. * \u00c9cran LCD couleur de 12,1 pouces, inclinable de 0\u00b0 \u00e0 90\u00b0. * Indication de la plage normale de la FCF (110 bpm ~ 160 bpm). * Surveillance FCF \u00e0 double canal. * V\u00e9rification de chevauchement des signaux pour diff\u00e9rencier la FCF des jumeaux. * Surveillance du TOCO. * Enregistrement des mouvements f\u0153taux (FMOV). * Technologie de s\u00e9paration des courbes FCF. * Fonction de notation automatique. * Surveillance en temps r\u00e9el, stockage des courbes, r\u00e9vision et impression en continu pendant 24 heures. * Possibilit\u00e9 de sauvegarder les rapports de cas sur une cl\u00e9 USB. * Transducteur \u00e0 12 cristaux et large faisceau. * Imprimante thermique int\u00e9gr\u00e9e de 152 mm, haute d\u00e9finition et longue dur\u00e9e de vie. * Connexion au syst\u00e8me de surveillance central en mode filaire ou sans fil. * Batterie rechargeable int\u00e9gr\u00e9e, garantissant un fonctionnement continu pendant 3 heures en cas de coupure de courant soudaine. &nbsp;","og_url":"https:\/\/yazmed.ma\/ar\/product\/cardiotocographe-rcf-digital-12-1-contec\/","og_site_name":"YAZMED","article_publisher":"https:\/\/www.facebook.com\/azenkouky","article_modified_time":"2025-10-25T00:02:53+00:00","og_image":[{"width":570,"height":517,"url":"https:\/\/yazmed.ma\/wp-content\/uploads\/2025\/03\/Design-sans-titre-11.png","type":"image\/png"}],"twitter_card":"summary_large_image","twitter_misc":{"Est. reading time":"1 minute"},"schema":{"@context":"https:\/\/schema.org","@graph":[{"@type":"WebPage","@id":"https:\/\/yazmed.ma\/product\/cardiotocographe-rcf-digital-12-1-contec\/","url":"https:\/\/yazmed.ma\/product\/cardiotocographe-rcf-digital-12-1-contec\/","name":"CARDIOTOCOGRAPHE RCF DIGITAL 12.1 CONTEC - YAZMED","isPartOf":{"@id":"https:\/\/yazmed.ma\/#website"},"primaryImageOfPage":{"@id":"https:\/\/yazmed.ma\/product\/cardiotocographe-rcf-digital-12-1-contec\/#primaryimage"},"image":{"@id":"https:\/\/yazmed.ma\/product\/cardiotocographe-rcf-digital-12-1-contec\/#primaryimage"},"thumbnailUrl":"https:\/\/yazmed.ma\/wp-content\/uploads\/2025\/03\/Design-sans-titre-11.png","datePublished":"2025-03-06T22:23:49+00:00","dateModified":"2025-10-25T00:02:53+00:00","breadcrumb":{"@id":"https:\/\/yazmed.ma\/product\/cardiotocographe-rcf-digital-12-1-contec\/#breadcrumb"},"inLanguage":"ary","potentialAction":[{"@type":"ReadAction","target":["https:\/\/yazmed.ma\/product\/cardiotocographe-rcf-digital-12-1-contec\/"]}]},{"@type":"ImageObject","inLanguage":"ary","@id":"https:\/\/yazmed.ma\/product\/cardiotocographe-rcf-digital-12-1-contec\/#primaryimage","url":"https:\/\/yazmed.ma\/wp-content\/uploads\/2025\/03\/Design-sans-titre-11.png","contentUrl":"https:\/\/yazmed.ma\/wp-content\/uploads\/2025\/03\/Design-sans-titre-11.png","width":570,"height":517,"caption":"CARDIOTOCOGRAPHE RCF DIGITAL 12.1 CONTEC Yazmed Maroc"},{"@type":"BreadcrumbList","@id":"https:\/\/yazmed.ma\/product\/cardiotocographe-rcf-digital-12-1-contec\/#breadcrumb","itemListElement":[{"@type":"ListItem","position":1,"name":"Accueil","item":"https:\/\/yazmed.ma\/"},{"@type":"ListItem","position":2,"name":"Shop","item":"https:\/\/yazmed.ma\/shop-2\/"},{"@type":"ListItem","position":3,"name":"CARDIOTOCOGRAPHE RCF DIGITAL 12.1 CONTEC"}]},{"@type":"WebSite","@id":"https:\/\/yazmed.ma\/#website","url":"https:\/\/yazmed.ma\/","name":"Yazmed","description":"LEADER DU MAT\u00c9RIEL M\u00c9DICAL AU MAROC","publisher":{"@id":"https:\/\/yazmed.ma\/#organization"},"potentialAction":[{"@type":"SearchAction","target":{"@type":"EntryPoint","urlTemplate":"https:\/\/yazmed.ma\/?s={search_term_string}"},"query-input":{"@type":"PropertyValueSpecification","valueRequired":true,"valueName":"search_term_string"}}],"inLanguage":"ary"},{"@type":"Organization","@id":"https:\/\/yazmed.ma\/#organization","name":"Yazmed Healthcare","url":"https:\/\/yazmed.ma\/","logo":{"@type":"ImageObject","inLanguage":"ary","@id":"https:\/\/yazmed.ma\/#\/schema\/logo\/image\/","url":"https:\/\/yazmed.ma\/wp-content\/uploads\/2024\/12\/3.png","contentUrl":"https:\/\/yazmed.ma\/wp-content\/uploads\/2024\/12\/3.png","width":250,"height":70,"caption":"Yazmed Healthcare"},"image":{"@id":"https:\/\/yazmed.ma\/#\/schema\/logo\/image\/"},"sameAs":["https:\/\/www.facebook.com\/azenkouky","https:\/\/www.instagram.com\/yazmedhealthcare","https:\/\/www.linkedin.com\/in\/yazmed-healthcare-1b4955295"]}]}},"_links":{"self":[{"href":"https:\/\/yazmed.ma\/ar\/wp-json\/wp\/v2\/product\/1985","targetHints":{"allow":["GET"]}}],"collection":[{"href":"https:\/\/yazmed.ma\/ar\/wp-json\/wp\/v2\/product"}],"about":[{"href":"https:\/\/yazmed.ma\/ar\/wp-json\/wp\/v2\/types\/product"}],"replies":[{"embeddable":true,"href":"https:\/\/yazmed.ma\/ar\/wp-json\/wp\/v2\/comments?post=1985"}],"version-history":[{"count":0,"href":"https:\/\/yazmed.ma\/ar\/wp-json\/wp\/v2\/product\/1985\/revisions"}],"wp:featuredmedia":[{"embeddable":true,"href":"https:\/\/yazmed.ma\/ar\/wp-json\/wp\/v2\/media\/1986"}],"wp:attachment":[{"href":"https:\/\/yazmed.ma\/ar\/wp-json\/wp\/v2\/media?parent=1985"}],"wp:term":[{"taxonomy":"product_brand","embeddable":true,"href":"https:\/\/yazmed.ma\/ar\/wp-json\/wp\/v2\/product_brand?post=1985"},{"taxonomy":"product_cat","embeddable":true,"href":"https:\/\/yazmed.ma\/ar\/wp-json\/wp\/v2\/product_cat?post=1985"},{"taxonomy":"product_tag","embeddable":true,"href":"https:\/\/yazmed.ma\/ar\/wp-json\/wp\/v2\/product_tag?post=1985"}],"curies":[{"name":"wp","href":"https:\/\/api.w.org\/{rel}","templated":true}]}}