{"id":1980,"date":"2025-03-05T18:20:17","date_gmt":"2025-03-05T18:20:17","guid":{"rendered":"https:\/\/yazmed.ma\/?post_type=product&#038;p=1980"},"modified":"2025-10-19T11:59:14","modified_gmt":"2025-10-19T11:59:14","slug":"electrocardiographe-de-ropos-6-piste-e6","status":"publish","type":"product","link":"https:\/\/yazmed.ma\/ar\/product\/electrocardiographe-de-ropos-6-piste-e6\/","title":{"rendered":"ELECTROCARDIOGRAPHE DIGITAL  E6"},"content":{"rendered":"<div><strong>Caract\u00e9ristiques techniques :<\/strong><\/div>\n<div><\/div>\n<div><strong>Param\u00e8tres mesur\u00e9s<\/strong> : HR, intervalle PR, dur\u00e9e : P\/QRS\/T, Intervalle QT\/QTC (ms),<\/div>\n<div>axes : P\/QRS\/T, amplitude R-V5, amplitude S(V1) , amplitude R(V5)+S(V1)<\/div>\n<div><strong>Syst\u00e8me d\u2019alimentation<\/strong>\u00a0 : &#8211; AC &#8211; Secteur : 100V\/240V 50\/60Hz &#8211; Puissance d&rsquo;entr\u00e9e: ?150 VA<\/div>\n<div>&#8211; <strong>DC<\/strong> : 7,4V \u2013 5000 mAh Batterie en Lithium rechargeable<\/div>\n<div>\u00a0&#8211; Autonomie\u00a0: &gt; 10 heures (selon l\u2019utilisation)<\/div>\n<div><strong>M\u00e9moire int\u00e9gr\u00e9e de stockage<\/strong>\u00a0 : 1 000 cas<\/div>\n<div>Interface\u00a0 \u00a0 \u00a0 \u00a0 \u00a0: USB<\/div>\n<div>: <strong>Imprimante thermique<\/strong><\/div>\n<div>Papier\u00a0 \u00a0: Rouleau, longueur 20m \/ largeur 80mm<\/div>\n<div>\u00a0\u00a0\u00a0\u00a0\u00a0\u00a0\u00a0 (Possibilit\u00e9 d\u2019impression sur papier A4 via c\u00e2ble USB \u2013 en option)<\/div>\n<div><strong>Mode d\u2019affichage\u00a0<\/strong> \u00a0 : Ecran LCD de : 4.3\u2019\u2019 \/ Images thermiques haute r\u00e9solution<\/div>\n<div><strong>D\u00e9rivations\u00a0<\/strong>\u00a0 \u00a0 \u00a0 \u00a0 \u00a0 \u00a0 \u00a0 \u00a0 \u00a0 : 12 d\u00e9rivations standards<\/div>\n<div><strong>Imp\u00e9dance en entr\u00e9e DC\u00a0<\/strong> \u00a0: &gt;100M (1Hz)<\/div>\n<div><strong>Courant d\u2019entr\u00e9e\u00a0<\/strong> \u00a0 \u00a0 \u00a0 : Flottant et Protection contre la d\u00e9fibrillation<\/div>\n<div><strong>D\u00e9tection de stimulateur\u00a0 cardiaque\u00a0<\/strong>: Oui<\/div>\n<div><strong>Mode de fonctionnement\u00a0<\/strong> \u00a0 \u00a0 \u00a0 \u00a0 \u00a0 \u00a0 \u00a0 \u00a0 : Temps r\u00e9el manuel et automatique<\/div>\n<div><strong>Vitesse entra\u00eenement du papier\u00a0<\/strong> \u00a0 \u00a0 \u00a0 : 5 \u2013 6,25 \u2013 10 \u2013 12,5 \u2013 25 \u2013 50mm\/s \u00b15%<\/div>\n<div>Enregistrement du rythme\u00a0 \u00a0: Changement de d\u00e9rivations automatique, mesure et analyse automatique<\/div>\n<div>R\u00e9ponse en fr\u00e9quence\u00a0\u00a0\u00a0 \u00a0\u00a0\u00a0\u00a0\u00a0\u00a0\u00a0\u00a0\u00a0\u00a0\u00a0\u00a0\u00a0\u00a0\u00a0\u00a0\u00a0: 0.01 Hz \u2013 300 Hz<\/div>\n<div>Constante de temps\u00a0 \u00a0 \u00a0 \u00a0 \u00a0 \u00a0 \u00a0 \u00a0 \u00a0 \u00a0 \u00a0 \u00a0 \u00a0: &gt; 3,2 s<\/div>\n<div>CMRR\u00a0 \u00a0 \u00a0 \u00a0 \u00a0 \u00a0 \u00a0 \u00a0 \u00a0 \u00a0 \u00a0 \u00a0 \u00a0 \u00a0 \u00a0 \u00a0 \u00a0 \u00a0 \u00a0 \u00a0 \u00a0 \u00a0 \u00a0 : &gt; 123dB<\/div>\n<div>Filtres\u00a0 \u00a0 \u00a0 \u00a0 \u00a0 \u00a0 \u00a0 \u00a0 \u00a0 \u00a0 \u00a0 \u00a0 \u00a0 \u00a0 \u00a0 \u00a0 \u00a0 \u00a0 \u00a0 \u00a0 \u00a0 \u00a0 \u00a0 \u00a0: Filtre AC (AC50 Hz\/60 Hz), filtre EMG (25 Hz\/35 Hz (-3 dB)), filtre DFT, filtre passe-\u00a0 \u00a0 \u00a0 \u00a0 \u00a0 \u00a0 \u00a0 \u00a0 \u00a0 \u00a0 \u00a0 \u00a0 \u00a0 \u00a0 \u00a0 \u00a0 \u00a0 \u00a0 \u00a0 \u00a0 \u00a0 \u00a0 \u00a0 \u00a0 \u00a0 \u00a0 \u00a0 \u00a0 \u00a0 \u00a0 \u00a0bas<\/div>\n<div>Sensibilit\u00e9 d\u2019enregistrement\u00a0 \u00a0 \u00a0 \u00a0 \u00a0 \u00a0 : 2.5 \u2013 5 \u2013 10 \u2013 20 \u2013 40 mm\/mV, 10\/5, 20\/10mm\/mV \u00b15% ;<\/div>\n<div>Sensibilit\u00e9 Standard\u00a0 \u00a0 \u00a0 \u00a0 \u00a0 \u00a0 \u00a0 \u00a0 \u00a0 \u00a0 \u00a0 \u00a0 : 10 mm\/mV \u00b10.2mm\/mV<\/div>\n<div>Niveau sonore\u00a0 \u00a0 \u00a0 \u00a0 \u00a0 \u00a0 \u00a0 \u00a0 \u00a0 \u00a0 \u00a0 \u00a0 \u00a0 \u00a0 \u00a0 \u00a0 \u00a0: &lt; 12 \u00b5Vp-p<\/div>\n<div>Fr\u00e9quence d&rsquo;\u00e9chantillonnage\u00a0d\u2019entr\u00e9e du signal ECG \u00a0: 32 kHz<\/div>\n<div>Fr\u00e9quence d&rsquo;\u00e9chantillonnage du traitement des donn\u00e9es de forme d&rsquo;onde\u00a0: 1 kHz<\/div>\n<div>Pr\u00e9cision d&rsquo;\u00e9chantillonnage\u00a0\u00a0\u00a0\u00a0\u00a0\u00a0\u00a0\u00a0 \u00a0\u00a0\u00a0\u00a0: 24 bits<\/div>\n<div>Temp\u00e9ratures\u00a0 \u00a0 \u00a0 \u00a0 \u00a0 \u00a0 \u00a0 \u00a0 \u00a0 \u00a0 \u00a0 \u00a0 \u00a0 \u00a0 \u00a0 \u00a0 \u00a0 : Fonctionnement : +5\u00b0C ~ + 40\u00b0C \/ Stockage : &#8211; 20\u00b0C ~ + 55\u00b0C<\/div>\n<div>Humidit\u00e9 relative\u00a0 \u00a0 \u00a0 \u00a0 \u00a0 \u00a0 \u00a0 \u00a0 \u00a0 \u00a0 \u00a0 \u00a0 \u00a0 \u00a0 \u00a0: Fonctionnement : 25%~95%\u00a0 \/ Stockage : 95%<\/div>\n<div>S\u00e9curit\u00e9\u00a0 \u00a0 \u00a0 \u00a0 \u00a0 \u00a0 \u00a0 \u00a0 \u00a0 \u00a0 \u00a0 \u00a0 \u00a0 \u00a0 \u00a0 \u00a0 \u00a0 \u00a0 \u00a0 \u00a0 \u00a0 : Classe I, Type CF, Protection contre la d\u00e9fibrillation<\/div>\n<div>Tension de polarisation durable\u00a0 \u00a0 \u00a0: \u00b1950mV<\/div>\n<div>Poids NET\u00a0 \u00a0 \u00a0 \u00a0 \u00a0 \u00a0 \u00a0 \u00a0 \u00a0 \u00a0 \u00a0 \u00a0 \u00a0 \u00a0 \u00a0 \u00a0 \u00a0 \u00a0 \u00a0 : 1,6 Kg<\/div>\n<div>Dimensions (L x l x H)\u00a0 \u00a0 \u00a0 \u00a0 \u00a0 \u00a0 \u00a0 \u00a0 \u00a0 \u00a0\u00a0: 315 mm \u00d7 200 mm \u00d7 75 mm<\/div>","protected":false},"excerpt":{"rendered":"<h4>ELECTROCARDIOGRAPHE DIGITAL E6<\/h4>\n<div class=\"ts-product-feature\">Electrocardiographe Digital E6 est capable d&rsquo;\u00e9chantillonner simultan\u00e9ment des signaux ECG \u00e0 12 d\u00e9rivations et d&rsquo;imprimer la forme d&rsquo;onde ECG gr\u00e2ce \u00e0 un syst\u00e8me d&rsquo;impression thermique.<\/div>\n<p>&nbsp;<\/p>","protected":false},"featured_media":1981,"comment_status":"open","ping_status":"closed","template":"","meta":[],"product_brand":[],"product_cat":[16,50,58],"product_tag":[91,145],"class_list":{"0":"post-1980","1":"product","2":"type-product","3":"status-publish","4":"has-post-thumbnail","6":"product_cat-toutes-les-categories","7":"product_cat-appareillages-diagnostic","8":"product_cat-nouvelle-collection","9":"product_tag-ecg-contec","10":"product_tag-ecg-digital","12":"first","13":"instock","14":"taxable","15":"shipping-taxable","16":"product-type-simple"},"yoast_head":"<!-- This site is optimized with the Yoast SEO plugin v26.9 - https:\/\/yoast.com\/product\/yoast-seo-wordpress\/ -->\n<title>ELECTROCARDIOGRAPHE DIGITAL E6 - YAZMED<\/title>\n<meta name=\"robots\" content=\"index, follow, max-snippet:-1, max-image-preview:large, max-video-preview:-1\" \/>\n<link rel=\"canonical\" href=\"https:\/\/yazmed.ma\/ar\/product\/electrocardiographe-de-ropos-6-piste-e6\/\" \/>\n<meta property=\"og:locale\" content=\"ar_AR\" \/>\n<meta property=\"og:type\" content=\"article\" \/>\n<meta property=\"og:title\" content=\"ELECTROCARDIOGRAPHE DIGITAL E6 - YAZMED\" \/>\n<meta property=\"og:description\" content=\"ELECTROCARDIOGRAPHE DIGITAL E6 Electrocardiographe Digital E6 est capable d&#039;\u00e9chantillonner simultan\u00e9ment des signaux ECG \u00e0 12 d\u00e9rivations et d&#039;imprimer la forme d&#039;onde ECG gr\u00e2ce \u00e0 un syst\u00e8me d&#039;impression thermique. &nbsp;\" \/>\n<meta property=\"og:url\" content=\"https:\/\/yazmed.ma\/ar\/product\/electrocardiographe-de-ropos-6-piste-e6\/\" \/>\n<meta property=\"og:site_name\" content=\"YAZMED\" \/>\n<meta property=\"article:publisher\" content=\"https:\/\/www.facebook.com\/azenkouky\" \/>\n<meta property=\"article:modified_time\" content=\"2025-10-19T11:59:14+00:00\" \/>\n<meta property=\"og:image\" content=\"https:\/\/yazmed.ma\/wp-content\/uploads\/2025\/03\/Design-sans-titre-8.png\" \/>\n\t<meta property=\"og:image:width\" content=\"570\" \/>\n\t<meta property=\"og:image:height\" content=\"517\" \/>\n\t<meta property=\"og:image:type\" content=\"image\/png\" \/>\n<meta name=\"twitter:card\" content=\"summary_large_image\" \/>\n<meta name=\"twitter:label1\" content=\"Est. reading time\" \/>\n\t<meta name=\"twitter:data1\" content=\"2 minutes\" \/>\n<script type=\"application\/ld+json\" class=\"yoast-schema-graph\">{\"@context\":\"https:\/\/schema.org\",\"@graph\":[{\"@type\":\"WebPage\",\"@id\":\"https:\/\/yazmed.ma\/product\/electrocardiographe-de-ropos-6-piste-e6\/\",\"url\":\"https:\/\/yazmed.ma\/product\/electrocardiographe-de-ropos-6-piste-e6\/\",\"name\":\"ELECTROCARDIOGRAPHE DIGITAL E6 - YAZMED\",\"isPartOf\":{\"@id\":\"https:\/\/yazmed.ma\/#website\"},\"primaryImageOfPage\":{\"@id\":\"https:\/\/yazmed.ma\/product\/electrocardiographe-de-ropos-6-piste-e6\/#primaryimage\"},\"image\":{\"@id\":\"https:\/\/yazmed.ma\/product\/electrocardiographe-de-ropos-6-piste-e6\/#primaryimage\"},\"thumbnailUrl\":\"https:\/\/yazmed.ma\/wp-content\/uploads\/2025\/03\/Design-sans-titre-8.png\",\"datePublished\":\"2025-03-05T18:20:17+00:00\",\"dateModified\":\"2025-10-19T11:59:14+00:00\",\"breadcrumb\":{\"@id\":\"https:\/\/yazmed.ma\/product\/electrocardiographe-de-ropos-6-piste-e6\/#breadcrumb\"},\"inLanguage\":\"ary\",\"potentialAction\":[{\"@type\":\"ReadAction\",\"target\":[\"https:\/\/yazmed.ma\/product\/electrocardiographe-de-ropos-6-piste-e6\/\"]}]},{\"@type\":\"ImageObject\",\"inLanguage\":\"ary\",\"@id\":\"https:\/\/yazmed.ma\/product\/electrocardiographe-de-ropos-6-piste-e6\/#primaryimage\",\"url\":\"https:\/\/yazmed.ma\/wp-content\/uploads\/2025\/03\/Design-sans-titre-8.png\",\"contentUrl\":\"https:\/\/yazmed.ma\/wp-content\/uploads\/2025\/03\/Design-sans-titre-8.png\",\"width\":570,\"height\":517,\"caption\":\"ELECTROCARDIOGRAPHE ECG PISTE E6 Yazmed Maroc\"},{\"@type\":\"BreadcrumbList\",\"@id\":\"https:\/\/yazmed.ma\/product\/electrocardiographe-de-ropos-6-piste-e6\/#breadcrumb\",\"itemListElement\":[{\"@type\":\"ListItem\",\"position\":1,\"name\":\"Accueil\",\"item\":\"https:\/\/yazmed.ma\/\"},{\"@type\":\"ListItem\",\"position\":2,\"name\":\"Shop\",\"item\":\"https:\/\/yazmed.ma\/shop-2\/\"},{\"@type\":\"ListItem\",\"position\":3,\"name\":\"ELECTROCARDIOGRAPHE ECG PISTE E6\"}]},{\"@type\":\"WebSite\",\"@id\":\"https:\/\/yazmed.ma\/#website\",\"url\":\"https:\/\/yazmed.ma\/\",\"name\":\"Yazmed\",\"description\":\"LEADER DU MAT\u00c9RIEL M\u00c9DICAL AU MAROC\",\"publisher\":{\"@id\":\"https:\/\/yazmed.ma\/#organization\"},\"potentialAction\":[{\"@type\":\"SearchAction\",\"target\":{\"@type\":\"EntryPoint\",\"urlTemplate\":\"https:\/\/yazmed.ma\/?s={search_term_string}\"},\"query-input\":{\"@type\":\"PropertyValueSpecification\",\"valueRequired\":true,\"valueName\":\"search_term_string\"}}],\"inLanguage\":\"ary\"},{\"@type\":\"Organization\",\"@id\":\"https:\/\/yazmed.ma\/#organization\",\"name\":\"Yazmed Healthcare\",\"url\":\"https:\/\/yazmed.ma\/\",\"logo\":{\"@type\":\"ImageObject\",\"inLanguage\":\"ary\",\"@id\":\"https:\/\/yazmed.ma\/#\/schema\/logo\/image\/\",\"url\":\"https:\/\/yazmed.ma\/wp-content\/uploads\/2024\/12\/3.png\",\"contentUrl\":\"https:\/\/yazmed.ma\/wp-content\/uploads\/2024\/12\/3.png\",\"width\":250,\"height\":70,\"caption\":\"Yazmed Healthcare\"},\"image\":{\"@id\":\"https:\/\/yazmed.ma\/#\/schema\/logo\/image\/\"},\"sameAs\":[\"https:\/\/www.facebook.com\/azenkouky\",\"https:\/\/www.instagram.com\/yazmedhealthcare\",\"https:\/\/www.linkedin.com\/in\/yazmed-healthcare-1b4955295\"]}]}<\/script>\n<!-- \/ Yoast SEO plugin. -->","yoast_head_json":{"title":"ELECTROCARDIOGRAPHE DIGITAL E6 - YAZMED","robots":{"index":"index","follow":"follow","max-snippet":"max-snippet:-1","max-image-preview":"max-image-preview:large","max-video-preview":"max-video-preview:-1"},"canonical":"https:\/\/yazmed.ma\/ar\/product\/electrocardiographe-de-ropos-6-piste-e6\/","og_locale":"ar_AR","og_type":"article","og_title":"ELECTROCARDIOGRAPHE DIGITAL E6 - YAZMED","og_description":"ELECTROCARDIOGRAPHE DIGITAL E6 Electrocardiographe Digital E6 est capable d'\u00e9chantillonner simultan\u00e9ment des signaux ECG \u00e0 12 d\u00e9rivations et d'imprimer la forme d'onde ECG gr\u00e2ce \u00e0 un syst\u00e8me d'impression thermique. &nbsp;","og_url":"https:\/\/yazmed.ma\/ar\/product\/electrocardiographe-de-ropos-6-piste-e6\/","og_site_name":"YAZMED","article_publisher":"https:\/\/www.facebook.com\/azenkouky","article_modified_time":"2025-10-19T11:59:14+00:00","og_image":[{"width":570,"height":517,"url":"https:\/\/yazmed.ma\/wp-content\/uploads\/2025\/03\/Design-sans-titre-8.png","type":"image\/png"}],"twitter_card":"summary_large_image","twitter_misc":{"Est. reading time":"2 minutes"},"schema":{"@context":"https:\/\/schema.org","@graph":[{"@type":"WebPage","@id":"https:\/\/yazmed.ma\/product\/electrocardiographe-de-ropos-6-piste-e6\/","url":"https:\/\/yazmed.ma\/product\/electrocardiographe-de-ropos-6-piste-e6\/","name":"ELECTROCARDIOGRAPHE DIGITAL E6 - YAZMED","isPartOf":{"@id":"https:\/\/yazmed.ma\/#website"},"primaryImageOfPage":{"@id":"https:\/\/yazmed.ma\/product\/electrocardiographe-de-ropos-6-piste-e6\/#primaryimage"},"image":{"@id":"https:\/\/yazmed.ma\/product\/electrocardiographe-de-ropos-6-piste-e6\/#primaryimage"},"thumbnailUrl":"https:\/\/yazmed.ma\/wp-content\/uploads\/2025\/03\/Design-sans-titre-8.png","datePublished":"2025-03-05T18:20:17+00:00","dateModified":"2025-10-19T11:59:14+00:00","breadcrumb":{"@id":"https:\/\/yazmed.ma\/product\/electrocardiographe-de-ropos-6-piste-e6\/#breadcrumb"},"inLanguage":"ary","potentialAction":[{"@type":"ReadAction","target":["https:\/\/yazmed.ma\/product\/electrocardiographe-de-ropos-6-piste-e6\/"]}]},{"@type":"ImageObject","inLanguage":"ary","@id":"https:\/\/yazmed.ma\/product\/electrocardiographe-de-ropos-6-piste-e6\/#primaryimage","url":"https:\/\/yazmed.ma\/wp-content\/uploads\/2025\/03\/Design-sans-titre-8.png","contentUrl":"https:\/\/yazmed.ma\/wp-content\/uploads\/2025\/03\/Design-sans-titre-8.png","width":570,"height":517,"caption":"ELECTROCARDIOGRAPHE ECG PISTE E6 Yazmed Maroc"},{"@type":"BreadcrumbList","@id":"https:\/\/yazmed.ma\/product\/electrocardiographe-de-ropos-6-piste-e6\/#breadcrumb","itemListElement":[{"@type":"ListItem","position":1,"name":"Accueil","item":"https:\/\/yazmed.ma\/"},{"@type":"ListItem","position":2,"name":"Shop","item":"https:\/\/yazmed.ma\/shop-2\/"},{"@type":"ListItem","position":3,"name":"ELECTROCARDIOGRAPHE ECG PISTE E6"}]},{"@type":"WebSite","@id":"https:\/\/yazmed.ma\/#website","url":"https:\/\/yazmed.ma\/","name":"Yazmed","description":"LEADER DU MAT\u00c9RIEL M\u00c9DICAL AU MAROC","publisher":{"@id":"https:\/\/yazmed.ma\/#organization"},"potentialAction":[{"@type":"SearchAction","target":{"@type":"EntryPoint","urlTemplate":"https:\/\/yazmed.ma\/?s={search_term_string}"},"query-input":{"@type":"PropertyValueSpecification","valueRequired":true,"valueName":"search_term_string"}}],"inLanguage":"ary"},{"@type":"Organization","@id":"https:\/\/yazmed.ma\/#organization","name":"Yazmed Healthcare","url":"https:\/\/yazmed.ma\/","logo":{"@type":"ImageObject","inLanguage":"ary","@id":"https:\/\/yazmed.ma\/#\/schema\/logo\/image\/","url":"https:\/\/yazmed.ma\/wp-content\/uploads\/2024\/12\/3.png","contentUrl":"https:\/\/yazmed.ma\/wp-content\/uploads\/2024\/12\/3.png","width":250,"height":70,"caption":"Yazmed Healthcare"},"image":{"@id":"https:\/\/yazmed.ma\/#\/schema\/logo\/image\/"},"sameAs":["https:\/\/www.facebook.com\/azenkouky","https:\/\/www.instagram.com\/yazmedhealthcare","https:\/\/www.linkedin.com\/in\/yazmed-healthcare-1b4955295"]}]}},"_links":{"self":[{"href":"https:\/\/yazmed.ma\/ar\/wp-json\/wp\/v2\/product\/1980","targetHints":{"allow":["GET"]}}],"collection":[{"href":"https:\/\/yazmed.ma\/ar\/wp-json\/wp\/v2\/product"}],"about":[{"href":"https:\/\/yazmed.ma\/ar\/wp-json\/wp\/v2\/types\/product"}],"replies":[{"embeddable":true,"href":"https:\/\/yazmed.ma\/ar\/wp-json\/wp\/v2\/comments?post=1980"}],"version-history":[{"count":0,"href":"https:\/\/yazmed.ma\/ar\/wp-json\/wp\/v2\/product\/1980\/revisions"}],"wp:featuredmedia":[{"embeddable":true,"href":"https:\/\/yazmed.ma\/ar\/wp-json\/wp\/v2\/media\/1981"}],"wp:attachment":[{"href":"https:\/\/yazmed.ma\/ar\/wp-json\/wp\/v2\/media?parent=1980"}],"wp:term":[{"taxonomy":"product_brand","embeddable":true,"href":"https:\/\/yazmed.ma\/ar\/wp-json\/wp\/v2\/product_brand?post=1980"},{"taxonomy":"product_cat","embeddable":true,"href":"https:\/\/yazmed.ma\/ar\/wp-json\/wp\/v2\/product_cat?post=1980"},{"taxonomy":"product_tag","embeddable":true,"href":"https:\/\/yazmed.ma\/ar\/wp-json\/wp\/v2\/product_tag?post=1980"}],"curies":[{"name":"wp","href":"https:\/\/api.w.org\/{rel}","templated":true}]}}