{"id":1978,"date":"2025-03-05T17:51:16","date_gmt":"2025-03-05T17:51:16","guid":{"rendered":"https:\/\/yazmed.ma\/?post_type=product&#038;p=1978"},"modified":"2025-10-25T00:03:08","modified_gmt":"2025-10-25T00:03:08","slug":"electrocardiographe-digital-12-pistes-contec","status":"publish","type":"product","link":"https:\/\/yazmed.ma\/ar\/product\/electrocardiographe-digital-12-pistes-contec\/","title":{"rendered":"\u00c9lectrocardiographe digital CONTEC 12 pistes \u2013 Maroc"},"content":{"rendered":"<div>\n<p data-start=\"329\" data-end=\"674\">L\u2019<strong data-start=\"331\" data-end=\"379\">\u00e9lectrocardiographe digital CONTEC 12 pistes<\/strong> est un appareil ECG hautement performant, con\u00e7u pour les professionnels de la sant\u00e9 recherchant pr\u00e9cision, rapidit\u00e9 et fiabilit\u00e9 dans le diagnostic cardiaque. Dot\u00e9 d\u2019un \u00e9cran couleur LCD, il permet l\u2019affichage clair des trac\u00e9s ECG en temps r\u00e9el et l\u2019enregistrement simultan\u00e9 des 12 d\u00e9rivations.<\/p>\n<p data-start=\"676\" data-end=\"970\">Gr\u00e2ce \u00e0 ses fonctionnalit\u00e9s num\u00e9riques avanc\u00e9es, cet \u00e9lectrocardiographe offre une m\u00e9moire int\u00e9gr\u00e9e, des ports USB pour exportation de donn\u00e9es, et une impression directe des r\u00e9sultats. Compact et facile \u00e0 utiliser, il convient parfaitement aux h\u00f4pitaux, cliniques et cabinets m\u00e9dicaux au Maroc.<\/p>\n<p data-start=\"972\" data-end=\"1089\">Choisissez <strong data-start=\"983\" data-end=\"993\">Yazmed<\/strong> pour vous \u00e9quiper avec du mat\u00e9riel m\u00e9dical de confiance et conforme aux normes internationales.<\/p>\n<\/div>\n<div><\/div>\n<div><strong>Caract\u00e9ristiques techniques :<\/strong><\/div>\n<div><\/div>\n<div>Param\u00e8tres mesur\u00e9s\u00a0 \u00a0 \u00a0 \u00a0 \u00a0 \u00a0 \u00a0 \u00a0 \u00a0 \u00a0 \u00a0 \u00a0 \u00a0: HR, intervalle PR (ms), dur\u00e9e : P\/QRS\/T, Intervalle QT\/QTC (ms),<\/div>\n<div>axes : P\/QRS\/T, amplitude R-V5, amplitude S(V1) , amplitude R(V5)+S(V1)<\/div>\n<div>Syst\u00e8me d\u2019alimentation\u00a0 \u00a0 \u00a0 \u00a0 \u00a0 \u00a0 \u00a0 \u00a0 \u00a0 \u00a0 \u00a0: &#8211; AC &#8211; Secteur : 100V\/240V 50\/60Hz &#8211; Puissance d&rsquo;entr\u00e9e: ?150 VA<\/div>\n<div>&#8211; DC : 14.8V \u2013 5200 mAh Batterie en Lithium rechargeable<\/div>\n<div>&#8211; Autonomie\u00a0: &gt; 10 heures (selon l\u2019utilisation)<\/div>\n<div>M\u00e9moire int\u00e9gr\u00e9e de stockage\u00a0\u00a0\u00a0\u00a0\u00a0\u00a0\u00a0\u00a0 : 4 000 cas<\/div>\n<div>Interface\u00a0\u00a0\u00a0\u00a0\u00a0\u00a0\u00a0\u00a0\u00a0\u00a0\u00a0\u00a0\u00a0\u00a0\u00a0\u00a0\u00a0\u00a0 \u00a0\u00a0\u00a0\u00a0\u00a0\u00a0\u00a0\u00a0\u00a0\u00a0\u00a0\u00a0\u00a0\u00a0\u00a0\u00a0\u00a0\u00a0\u00a0\u00a0\u00a0\u00a0\u00a0\u00a0\u00a0\u00a0: USB\/LAN\/WIFI<\/div>\n<div>Syst\u00e8me d\u2019impression\u00a0 \u00a0 \u00a0 \u00a0 \u00a0 \u00a0 \u00a0 \u00a0 \u00a0 \u00a0 \u00a0 \u00a0: Imprimante thermique<\/div>\n<div>Papier\u00a0 \u00a0 \u00a0 \u00a0 \u00a0 \u00a0 \u00a0 \u00a0 \u00a0 \u00a0 \u00a0 \u00a0 \u00a0 \u00a0 \u00a0 \u00a0 \u00a0 \u00a0 \u00a0 \u00a0 \u00a0 \u00a0 \u00a0 \u00a0 : Rouleau, longueur 20m*largeur 210mm \/<\/div>\n<div>\u00a0\u00a0\u00a0\u00a0\u00a0\u00a0\u00a0\u00a0 Papier ramette (autre possibilit\u00e9 d\u2019impression) 210*140mm-20m<\/div>\n<div>\u00a0\u00a0\u00a0\u00a0\u00a0\u00a0\u00a0\u00a0 Papier A4 via c\u00e2ble USB (en option)<\/div>\n<div>Mode d\u2019affichage\u00a0 \u00a0 \u00a0 \u00a0 \u00a0 \u00a0 \u00a0 \u00a0 \u00a0 \u00a0 \u00a0 \u00a0 \u00a0 \u00a0 \u00a0 \u00a0: Ecran LCD tactile de : 10.1\u2019\u2019 \/ Images thermiques haute r\u00e9solution<\/div>\n<div>D\u00e9rivations\u00a0 \u00a0 \u00a0 \u00a0 \u00a0 \u00a0 \u00a0 \u00a0 \u00a0 \u00a0 \u00a0 \u00a0 \u00a0 \u00a0 \u00a0 \u00a0 \u00a0 \u00a0 \u00a0 \u00a0 : 12 d\u00e9rivations standards<\/div>\n<div>Imp\u00e9dance en entr\u00e9e DC\u00a0 \u00a0 \u00a0 \u00a0 \u00a0 \u00a0 \u00a0 \u00a0 \u00a0 : &gt;100M\u00a0(1Hz)<\/div>\n<div>Courant d\u2019entr\u00e9e\u00a0 \u00a0 \u00a0 \u00a0 \u00a0 \u00a0 \u00a0 \u00a0 \u00a0 \u00a0 \u00a0 \u00a0 \u00a0 \u00a0 \u00a0 \u00a0: Flottant et Protection contre la d\u00e9fibrillation<\/div>\n<div>D\u00e9tection de stimulateur cardiaque\u00a0: Oui<\/div>\n<div>Mode de fonctionnement\u00a0 \u00a0 \u00a0 \u00a0 \u00a0 \u00a0 \u00a0 \u00a0 \u00a0 : Temps r\u00e9el manuel et automatique<\/div>\n<div>Vitesse entra\u00eenement du papier\u00a0 \u00a0 \u00a0 \u00a0 : 5 \u2013 6,25 \u2013 10 \u2013 12,5 \u2013 25 \u2013 50mm\/s\u00a0\u00b15%<\/div>\n<div>Enregistrement du rythme\u00a0 \u00a0 \u00a0 \u00a0 \u00a0 \u00a0 \u00a0 \u00a0 : Changement de d\u00e9rivations automatique, mesure et analyse automatique<\/div>\n<div>R\u00e9ponse en fr\u00e9quence\u00a0\u00a0 \u00a0\u00a0\u00a0\u00a0\u00a0\u00a0\u00a0\u00a0\u00a0\u00a0\u00a0\u00a0\u00a0\u00a0\u00a0\u00a0\u00a0\u00a0: 0.01 Hz \u2013 300 Hz<\/div>\n<div>Constante de temps\u00a0 \u00a0 \u00a0 \u00a0 \u00a0 \u00a0 \u00a0 \u00a0 \u00a0 \u00a0 \u00a0 \u00a0 \u00a0: &gt; 3,2 s<\/div>\n<div>CMRR\u00a0 \u00a0 \u00a0 \u00a0 \u00a0 \u00a0 \u00a0 \u00a0 \u00a0 \u00a0 \u00a0 \u00a0 \u00a0 \u00a0 \u00a0 \u00a0 \u00a0 \u00a0 \u00a0 \u00a0 \u00a0 \u00a0 \u00a0 : &gt; 123dB\u00a0\u00a0\u00a0\/\u00a0\u00a0\u00a0&gt; 140 dB (filtre ouvert)<\/div>\n<div>Filtres\u00a0 \u00a0 \u00a0 \u00a0 \u00a0 \u00a0 \u00a0 \u00a0 \u00a0 \u00a0 \u00a0 \u00a0 \u00a0 \u00a0 \u00a0 \u00a0 \u00a0 \u00a0 \u00a0 \u00a0 \u00a0 \u00a0 \u00a0 \u00a0: Filtre AC(AC50 Hz\/60 Hz), filtre EMG (25 Hz\/35 Hz (-3 dB)), filtre DFT, filtre passe-\u00a0 \u00a0 \u00a0 \u00a0 \u00a0 \u00a0 \u00a0 \u00a0 \u00a0 \u00a0 \u00a0 \u00a0 \u00a0 \u00a0 \u00a0 \u00a0 \u00a0 \u00a0 \u00a0 \u00a0 \u00a0 \u00a0 \u00a0 \u00a0 \u00a0 \u00a0 \u00a0 \u00a0 \u00a0 \u00a0 \u00a0bas<\/div>\n<div>Sensibilit\u00e9 d\u2019enregistrement\u00a0 \u00a0 \u00a0 \u00a0 \u00a0 \u00a0 : 1.25- 2.5 \u2013 5 \u2013 10 \u2013 20 \u2013 40 mm\/mV, 10\/5, 20\/10mm\/mV \u00b15% ;<\/div>\n<div>Sensibilit\u00e9 Standard\u00a0 \u00a0 \u00a0 \u00a0 \u00a0 \u00a0 \u00a0 \u00a0 \u00a0 \u00a0 \u00a0 \u00a0 : 10 mm\/mV \u00b10.2mm\/mV<\/div>\n<div>Niveau sonore\u00a0 \u00a0 \u00a0 \u00a0 \u00a0 \u00a0 \u00a0 \u00a0 \u00a0 \u00a0 \u00a0 \u00a0 \u00a0 \u00a0 \u00a0 \u00a0 \u00a0: &lt; 12 \u00b5Vp-p<\/div>\n<div>Fr\u00e9quence d&rsquo;\u00e9chantillonnage\u00a0d\u2019entr\u00e9e du signal ECG : 32 kHz<\/div>\n<div>Fr\u00e9quence d&rsquo;\u00e9chantillonnage du\u00a0traitement des donn\u00e9es de forme d&rsquo;onde\u00a0: 1 kHz<\/div>\n<div>Pr\u00e9cision d&rsquo;\u00e9chantillonnage\u00a0\u00a0\u00a0\u00a0\u00a0\u00a0\u00a0\u00a0\u00a0\u00a0\u00a0\u00a0 : 24 bits<\/div>\n<div>Temp\u00e9ratures\u00a0 \u00a0 \u00a0 \u00a0 \u00a0 \u00a0 \u00a0 \u00a0 \u00a0 \u00a0 \u00a0 \u00a0 \u00a0 \u00a0 \u00a0 \u00a0 \u00a0 : Fonctionnement : +5\u00b0C ~ + 40\u00b0C \/ Stockage : &#8211; 20\u00b0C ~ + 55\u00b0C<\/div>\n<div>Humidit\u00e9 relative\u00a0 \u00a0 \u00a0 \u00a0 \u00a0 \u00a0 \u00a0 \u00a0 \u00a0 \u00a0 \u00a0 \u00a0 \u00a0 \u00a0 \u00a0: Fonctionnement : 25%~95%\u00a0 \/ Stockage : 95%<\/div>\n<div>S\u00e9curit\u00e9\u00a0 \u00a0 \u00a0 \u00a0 \u00a0 \u00a0 \u00a0 \u00a0 \u00a0 \u00a0 \u00a0 \u00a0 \u00a0 \u00a0 \u00a0 \u00a0 \u00a0 \u00a0 \u00a0 \u00a0 \u00a0 : Classe I, Type CF, Protection contre la d\u00e9fibrillation<\/div>\n<div>Tension de polarisation durable\u00a0 \u00a0 \u00a0: \u00b1950mV<\/div>\n<div>Poids NET\u00a0 \u00a0 \u00a0 \u00a0 \u00a0 \u00a0 \u00a0 \u00a0 \u00a0 \u00a0 \u00a0 \u00a0 \u00a0 \u00a0 \u00a0 \u00a0 \u00a0 \u00a0 \u00a0 : 5 Kg<\/div>\n<div>Dimensions (L x l x H)\u00a0 \u00a0 \u00a0 \u00a0 \u00a0 \u00a0 \u00a0 \u00a0 \u00a0 \u00a0\u00a0: 340 x 320 x\u00a0 91mm<\/div>","protected":false},"excerpt":{"rendered":"<ul>\n<li>Ecran tactile couleur de 10 pouces avec une r\u00e9solution allant jusqu&rsquo;\u00e0 1280* 800 offre au\u00a0 \u00a0 \u00a0 \u00a0utilisateur de bons effets visuel ,affichage plus riche des ondes plus claire et r\u00e9sultats fiable .<\/li>\n<li>la m\u00e9moire int\u00e9gr\u00e9 de grande capacit\u00e9 peut stocker et enregistre\u00a0 au moins 4000 Dossier<\/li>\n<li>exporter une vari\u00e9t\u00e9 de formats de fichiers \u00e9lectronique<\/li>\n<li>interface de fonctionnement rapide<\/li>\n<li>\u00e9quip\u00e9 avec une fonction\u00a0 de r\u00e9glage de format de rapport flexible<\/li>\n<li>avec une pr\u00e9cision d&rsquo;\u00e9chantillonnage de 24 bits et fr\u00e9quence d \u00e9chantillonnage 32 khz<\/li>\n<li><\/li>\n<\/ul>","protected":false},"featured_media":1979,"comment_status":"open","ping_status":"closed","template":"","meta":[],"product_brand":[],"product_cat":[16,50,58],"product_tag":[158,157],"class_list":{"0":"post-1978","1":"product","2":"type-product","3":"status-publish","4":"has-post-thumbnail","6":"product_cat-toutes-les-categories","7":"product_cat-appareillages-diagnostic","8":"product_cat-nouvelle-collection","9":"product_tag-diagnostic-cardiaque","10":"product_tag-electrocardiographe-digital","12":"first","13":"instock","14":"taxable","15":"shipping-taxable","16":"product-type-simple"},"yoast_head":"<!-- This site is optimized with the Yoast SEO plugin v26.9 - https:\/\/yoast.com\/product\/yoast-seo-wordpress\/ -->\n<title>\u00c9lectrocardiographe digital CONTEC 12 pistes \u2013 Maroc - YAZMED<\/title>\n<meta name=\"robots\" content=\"index, follow, max-snippet:-1, max-image-preview:large, max-video-preview:-1\" \/>\n<link rel=\"canonical\" href=\"https:\/\/yazmed.ma\/ar\/product\/electrocardiographe-digital-12-pistes-contec\/\" \/>\n<meta property=\"og:locale\" content=\"ar_AR\" \/>\n<meta property=\"og:type\" content=\"article\" \/>\n<meta property=\"og:title\" content=\"\u00c9lectrocardiographe digital CONTEC 12 pistes \u2013 Maroc - YAZMED\" \/>\n<meta property=\"og:description\" content=\"Ecran tactile couleur de 10 pouces avec une r\u00e9solution allant jusqu&#039;\u00e0 1280* 800 offre au\u00a0 \u00a0 \u00a0 \u00a0utilisateur de bons effets visuel ,affichage plus riche des ondes plus claire et r\u00e9sultats fiable .  la m\u00e9moire int\u00e9gr\u00e9 de grande capacit\u00e9 peut stocker et enregistre\u00a0 au moins 4000 Dossier  exporter une vari\u00e9t\u00e9 de formats de fichiers \u00e9lectronique  interface de fonctionnement rapide  \u00e9quip\u00e9 avec une fonction\u00a0 de r\u00e9glage de format de rapport flexible  avec une pr\u00e9cision d&#039;\u00e9chantillonnage de 24 bits et fr\u00e9quence d \u00e9chantillonnage 32 khz\" \/>\n<meta property=\"og:url\" content=\"https:\/\/yazmed.ma\/ar\/product\/electrocardiographe-digital-12-pistes-contec\/\" \/>\n<meta property=\"og:site_name\" content=\"YAZMED\" \/>\n<meta property=\"article:publisher\" content=\"https:\/\/www.facebook.com\/azenkouky\" \/>\n<meta property=\"article:modified_time\" content=\"2025-10-25T00:03:08+00:00\" \/>\n<meta property=\"og:image\" content=\"https:\/\/yazmed.ma\/wp-content\/uploads\/2025\/03\/Design-sans-titre-7.png\" \/>\n\t<meta property=\"og:image:width\" content=\"570\" \/>\n\t<meta property=\"og:image:height\" content=\"517\" \/>\n\t<meta property=\"og:image:type\" content=\"image\/png\" \/>\n<meta name=\"twitter:card\" content=\"summary_large_image\" \/>\n<meta name=\"twitter:label1\" content=\"Est. reading time\" \/>\n\t<meta name=\"twitter:data1\" content=\"2 minutes\" \/>\n<script type=\"application\/ld+json\" class=\"yoast-schema-graph\">{\"@context\":\"https:\/\/schema.org\",\"@graph\":[{\"@type\":\"WebPage\",\"@id\":\"https:\/\/yazmed.ma\/product\/electrocardiographe-digital-12-pistes-contec\/\",\"url\":\"https:\/\/yazmed.ma\/product\/electrocardiographe-digital-12-pistes-contec\/\",\"name\":\"\u00c9lectrocardiographe digital CONTEC 12 pistes \u2013 Maroc - YAZMED\",\"isPartOf\":{\"@id\":\"https:\/\/yazmed.ma\/#website\"},\"primaryImageOfPage\":{\"@id\":\"https:\/\/yazmed.ma\/product\/electrocardiographe-digital-12-pistes-contec\/#primaryimage\"},\"image\":{\"@id\":\"https:\/\/yazmed.ma\/product\/electrocardiographe-digital-12-pistes-contec\/#primaryimage\"},\"thumbnailUrl\":\"https:\/\/yazmed.ma\/wp-content\/uploads\/2025\/03\/Design-sans-titre-7.png\",\"datePublished\":\"2025-03-05T17:51:16+00:00\",\"dateModified\":\"2025-10-25T00:03:08+00:00\",\"breadcrumb\":{\"@id\":\"https:\/\/yazmed.ma\/product\/electrocardiographe-digital-12-pistes-contec\/#breadcrumb\"},\"inLanguage\":\"ary\",\"potentialAction\":[{\"@type\":\"ReadAction\",\"target\":[\"https:\/\/yazmed.ma\/product\/electrocardiographe-digital-12-pistes-contec\/\"]}]},{\"@type\":\"ImageObject\",\"inLanguage\":\"ary\",\"@id\":\"https:\/\/yazmed.ma\/product\/electrocardiographe-digital-12-pistes-contec\/#primaryimage\",\"url\":\"https:\/\/yazmed.ma\/wp-content\/uploads\/2025\/03\/Design-sans-titre-7.png\",\"contentUrl\":\"https:\/\/yazmed.ma\/wp-content\/uploads\/2025\/03\/Design-sans-titre-7.png\",\"width\":570,\"height\":517,\"caption\":\"ELECTROCARDIOGRAPHE DIGITAL 12 PISTES CONTEC Yazmed Maroc\"},{\"@type\":\"BreadcrumbList\",\"@id\":\"https:\/\/yazmed.ma\/product\/electrocardiographe-digital-12-pistes-contec\/#breadcrumb\",\"itemListElement\":[{\"@type\":\"ListItem\",\"position\":1,\"name\":\"Accueil\",\"item\":\"https:\/\/yazmed.ma\/\"},{\"@type\":\"ListItem\",\"position\":2,\"name\":\"Shop\",\"item\":\"https:\/\/yazmed.ma\/shop-2\/\"},{\"@type\":\"ListItem\",\"position\":3,\"name\":\"ELECTROCARDIOGRAPHE DIGITAL 12 PISTES CONTEC\"}]},{\"@type\":\"WebSite\",\"@id\":\"https:\/\/yazmed.ma\/#website\",\"url\":\"https:\/\/yazmed.ma\/\",\"name\":\"Yazmed\",\"description\":\"LEADER DU MAT\u00c9RIEL M\u00c9DICAL AU MAROC\",\"publisher\":{\"@id\":\"https:\/\/yazmed.ma\/#organization\"},\"potentialAction\":[{\"@type\":\"SearchAction\",\"target\":{\"@type\":\"EntryPoint\",\"urlTemplate\":\"https:\/\/yazmed.ma\/?s={search_term_string}\"},\"query-input\":{\"@type\":\"PropertyValueSpecification\",\"valueRequired\":true,\"valueName\":\"search_term_string\"}}],\"inLanguage\":\"ary\"},{\"@type\":\"Organization\",\"@id\":\"https:\/\/yazmed.ma\/#organization\",\"name\":\"Yazmed Healthcare\",\"url\":\"https:\/\/yazmed.ma\/\",\"logo\":{\"@type\":\"ImageObject\",\"inLanguage\":\"ary\",\"@id\":\"https:\/\/yazmed.ma\/#\/schema\/logo\/image\/\",\"url\":\"https:\/\/yazmed.ma\/wp-content\/uploads\/2024\/12\/3.png\",\"contentUrl\":\"https:\/\/yazmed.ma\/wp-content\/uploads\/2024\/12\/3.png\",\"width\":250,\"height\":70,\"caption\":\"Yazmed Healthcare\"},\"image\":{\"@id\":\"https:\/\/yazmed.ma\/#\/schema\/logo\/image\/\"},\"sameAs\":[\"https:\/\/www.facebook.com\/azenkouky\",\"https:\/\/www.instagram.com\/yazmedhealthcare\",\"https:\/\/www.linkedin.com\/in\/yazmed-healthcare-1b4955295\"]}]}<\/script>\n<!-- \/ Yoast SEO plugin. -->","yoast_head_json":{"title":"\u00c9lectrocardiographe digital CONTEC 12 pistes \u2013 Maroc - YAZMED","robots":{"index":"index","follow":"follow","max-snippet":"max-snippet:-1","max-image-preview":"max-image-preview:large","max-video-preview":"max-video-preview:-1"},"canonical":"https:\/\/yazmed.ma\/ar\/product\/electrocardiographe-digital-12-pistes-contec\/","og_locale":"ar_AR","og_type":"article","og_title":"\u00c9lectrocardiographe digital CONTEC 12 pistes \u2013 Maroc - YAZMED","og_description":"Ecran tactile couleur de 10 pouces avec une r\u00e9solution allant jusqu'\u00e0 1280* 800 offre au\u00a0 \u00a0 \u00a0 \u00a0utilisateur de bons effets visuel ,affichage plus riche des ondes plus claire et r\u00e9sultats fiable .  la m\u00e9moire int\u00e9gr\u00e9 de grande capacit\u00e9 peut stocker et enregistre\u00a0 au moins 4000 Dossier  exporter une vari\u00e9t\u00e9 de formats de fichiers \u00e9lectronique  interface de fonctionnement rapide  \u00e9quip\u00e9 avec une fonction\u00a0 de r\u00e9glage de format de rapport flexible  avec une pr\u00e9cision d'\u00e9chantillonnage de 24 bits et fr\u00e9quence d \u00e9chantillonnage 32 khz","og_url":"https:\/\/yazmed.ma\/ar\/product\/electrocardiographe-digital-12-pistes-contec\/","og_site_name":"YAZMED","article_publisher":"https:\/\/www.facebook.com\/azenkouky","article_modified_time":"2025-10-25T00:03:08+00:00","og_image":[{"width":570,"height":517,"url":"https:\/\/yazmed.ma\/wp-content\/uploads\/2025\/03\/Design-sans-titre-7.png","type":"image\/png"}],"twitter_card":"summary_large_image","twitter_misc":{"Est. reading time":"2 minutes"},"schema":{"@context":"https:\/\/schema.org","@graph":[{"@type":"WebPage","@id":"https:\/\/yazmed.ma\/product\/electrocardiographe-digital-12-pistes-contec\/","url":"https:\/\/yazmed.ma\/product\/electrocardiographe-digital-12-pistes-contec\/","name":"\u00c9lectrocardiographe digital CONTEC 12 pistes \u2013 Maroc - YAZMED","isPartOf":{"@id":"https:\/\/yazmed.ma\/#website"},"primaryImageOfPage":{"@id":"https:\/\/yazmed.ma\/product\/electrocardiographe-digital-12-pistes-contec\/#primaryimage"},"image":{"@id":"https:\/\/yazmed.ma\/product\/electrocardiographe-digital-12-pistes-contec\/#primaryimage"},"thumbnailUrl":"https:\/\/yazmed.ma\/wp-content\/uploads\/2025\/03\/Design-sans-titre-7.png","datePublished":"2025-03-05T17:51:16+00:00","dateModified":"2025-10-25T00:03:08+00:00","breadcrumb":{"@id":"https:\/\/yazmed.ma\/product\/electrocardiographe-digital-12-pistes-contec\/#breadcrumb"},"inLanguage":"ary","potentialAction":[{"@type":"ReadAction","target":["https:\/\/yazmed.ma\/product\/electrocardiographe-digital-12-pistes-contec\/"]}]},{"@type":"ImageObject","inLanguage":"ary","@id":"https:\/\/yazmed.ma\/product\/electrocardiographe-digital-12-pistes-contec\/#primaryimage","url":"https:\/\/yazmed.ma\/wp-content\/uploads\/2025\/03\/Design-sans-titre-7.png","contentUrl":"https:\/\/yazmed.ma\/wp-content\/uploads\/2025\/03\/Design-sans-titre-7.png","width":570,"height":517,"caption":"ELECTROCARDIOGRAPHE DIGITAL 12 PISTES CONTEC Yazmed Maroc"},{"@type":"BreadcrumbList","@id":"https:\/\/yazmed.ma\/product\/electrocardiographe-digital-12-pistes-contec\/#breadcrumb","itemListElement":[{"@type":"ListItem","position":1,"name":"Accueil","item":"https:\/\/yazmed.ma\/"},{"@type":"ListItem","position":2,"name":"Shop","item":"https:\/\/yazmed.ma\/shop-2\/"},{"@type":"ListItem","position":3,"name":"ELECTROCARDIOGRAPHE DIGITAL 12 PISTES CONTEC"}]},{"@type":"WebSite","@id":"https:\/\/yazmed.ma\/#website","url":"https:\/\/yazmed.ma\/","name":"Yazmed","description":"LEADER DU MAT\u00c9RIEL M\u00c9DICAL AU MAROC","publisher":{"@id":"https:\/\/yazmed.ma\/#organization"},"potentialAction":[{"@type":"SearchAction","target":{"@type":"EntryPoint","urlTemplate":"https:\/\/yazmed.ma\/?s={search_term_string}"},"query-input":{"@type":"PropertyValueSpecification","valueRequired":true,"valueName":"search_term_string"}}],"inLanguage":"ary"},{"@type":"Organization","@id":"https:\/\/yazmed.ma\/#organization","name":"Yazmed Healthcare","url":"https:\/\/yazmed.ma\/","logo":{"@type":"ImageObject","inLanguage":"ary","@id":"https:\/\/yazmed.ma\/#\/schema\/logo\/image\/","url":"https:\/\/yazmed.ma\/wp-content\/uploads\/2024\/12\/3.png","contentUrl":"https:\/\/yazmed.ma\/wp-content\/uploads\/2024\/12\/3.png","width":250,"height":70,"caption":"Yazmed Healthcare"},"image":{"@id":"https:\/\/yazmed.ma\/#\/schema\/logo\/image\/"},"sameAs":["https:\/\/www.facebook.com\/azenkouky","https:\/\/www.instagram.com\/yazmedhealthcare","https:\/\/www.linkedin.com\/in\/yazmed-healthcare-1b4955295"]}]}},"_links":{"self":[{"href":"https:\/\/yazmed.ma\/ar\/wp-json\/wp\/v2\/product\/1978","targetHints":{"allow":["GET"]}}],"collection":[{"href":"https:\/\/yazmed.ma\/ar\/wp-json\/wp\/v2\/product"}],"about":[{"href":"https:\/\/yazmed.ma\/ar\/wp-json\/wp\/v2\/types\/product"}],"replies":[{"embeddable":true,"href":"https:\/\/yazmed.ma\/ar\/wp-json\/wp\/v2\/comments?post=1978"}],"version-history":[{"count":1,"href":"https:\/\/yazmed.ma\/ar\/wp-json\/wp\/v2\/product\/1978\/revisions"}],"predecessor-version":[{"id":2587,"href":"https:\/\/yazmed.ma\/ar\/wp-json\/wp\/v2\/product\/1978\/revisions\/2587"}],"wp:featuredmedia":[{"embeddable":true,"href":"https:\/\/yazmed.ma\/ar\/wp-json\/wp\/v2\/media\/1979"}],"wp:attachment":[{"href":"https:\/\/yazmed.ma\/ar\/wp-json\/wp\/v2\/media?parent=1978"}],"wp:term":[{"taxonomy":"product_brand","embeddable":true,"href":"https:\/\/yazmed.ma\/ar\/wp-json\/wp\/v2\/product_brand?post=1978"},{"taxonomy":"product_cat","embeddable":true,"href":"https:\/\/yazmed.ma\/ar\/wp-json\/wp\/v2\/product_cat?post=1978"},{"taxonomy":"product_tag","embeddable":true,"href":"https:\/\/yazmed.ma\/ar\/wp-json\/wp\/v2\/product_tag?post=1978"}],"curies":[{"name":"wp","href":"https:\/\/api.w.org\/{rel}","templated":true}]}}