{"id":1951,"date":"2025-03-01T22:02:59","date_gmt":"2025-03-01T22:02:59","guid":{"rendered":"https:\/\/yazmed.ma\/?post_type=product&#038;p=1951"},"modified":"2025-03-01T22:06:45","modified_gmt":"2025-03-01T22:06:45","slug":"robinet-de-perfusion-a-3-voies","status":"publish","type":"product","link":"https:\/\/yazmed.ma\/ar\/product\/robinet-de-perfusion-a-3-voies\/","title":{"rendered":"Robinet de perfusion \u00e0 3 voies"},"content":{"rendered":"","protected":false},"excerpt":{"rendered":"<p>Robinet 3\u00a0voies avec deux prises Luer Lock femelles et d\u2019une prise Luer Lock m\u00e2le, con\u00e7u pour contr\u00f4ler deux prises de perfusion\/d\u2019extraction au moyen d\u2019un seul dispositif de perfusion ou d\u2019une seule voie.<br \/>\nAvec bouchons de protection et indicateurs de couleurs diff\u00e9rentes pour les art\u00e8res (rouge) et les veines (bleu).<br \/>\nSt\u00e9rilis\u00e9 par exposition \u00e0 l\u2019oxyde d\u2019\u00e9thyl\u00e8ne, conform\u00e9ment \u00e0 la norme EN\u00a011135.<br \/>\nApyrog\u00e8ne.<\/p>","protected":false},"featured_media":1954,"comment_status":"open","ping_status":"closed","template":"","meta":[],"product_brand":[],"product_cat":[52],"product_tag":[],"class_list":{"0":"post-1951","1":"product","2":"type-product","3":"status-publish","4":"has-post-thumbnail","6":"product_cat-consommable-medical","8":"first","9":"instock","10":"taxable","11":"shipping-taxable","12":"purchasable","13":"product-type-simple"},"yoast_head":"<!-- This site is optimized with the Yoast SEO plugin v26.9 - https:\/\/yoast.com\/product\/yoast-seo-wordpress\/ -->\n<title>Robinet de perfusion \u00e0 3 voies - YAZMED<\/title>\n<meta name=\"robots\" content=\"index, follow, max-snippet:-1, max-image-preview:large, max-video-preview:-1\" \/>\n<link rel=\"canonical\" href=\"https:\/\/yazmed.ma\/ar\/product\/robinet-de-perfusion-a-3-voies\/\" \/>\n<meta property=\"og:locale\" content=\"ar_AR\" \/>\n<meta property=\"og:type\" content=\"article\" \/>\n<meta property=\"og:title\" content=\"Robinet de perfusion \u00e0 3 voies - YAZMED\" \/>\n<meta property=\"og:description\" content=\"Robinet 3\u00a0voies avec deux prises Luer Lock femelles et d\u2019une prise Luer Lock m\u00e2le, con\u00e7u pour contr\u00f4ler deux prises de perfusion\/d\u2019extraction au moyen d\u2019un seul dispositif de perfusion ou d\u2019une seule voie. Avec bouchons de protection et indicateurs de couleurs diff\u00e9rentes pour les art\u00e8res (rouge) et les veines (bleu). St\u00e9rilis\u00e9 par exposition \u00e0 l\u2019oxyde d\u2019\u00e9thyl\u00e8ne, conform\u00e9ment \u00e0 la norme EN\u00a011135. Apyrog\u00e8ne.\" \/>\n<meta property=\"og:url\" content=\"https:\/\/yazmed.ma\/ar\/product\/robinet-de-perfusion-a-3-voies\/\" \/>\n<meta property=\"og:site_name\" content=\"YAZMED\" \/>\n<meta property=\"article:publisher\" content=\"https:\/\/www.facebook.com\/azenkouky\" \/>\n<meta property=\"article:modified_time\" content=\"2025-03-01T22:06:45+00:00\" \/>\n<meta property=\"og:image\" content=\"https:\/\/yazmed.ma\/wp-content\/uploads\/2025\/03\/Design-sans-titre-6.png\" \/>\n\t<meta property=\"og:image:width\" content=\"570\" \/>\n\t<meta property=\"og:image:height\" content=\"517\" \/>\n\t<meta property=\"og:image:type\" content=\"image\/png\" \/>\n<meta name=\"twitter:card\" content=\"summary_large_image\" \/>\n<meta name=\"twitter:label1\" content=\"Est. reading time\" \/>\n\t<meta name=\"twitter:data1\" content=\"1 minute\" \/>\n<script type=\"application\/ld+json\" class=\"yoast-schema-graph\">{\"@context\":\"https:\/\/schema.org\",\"@graph\":[{\"@type\":\"WebPage\",\"@id\":\"https:\/\/yazmed.ma\/product\/robinet-de-perfusion-a-3-voies\/\",\"url\":\"https:\/\/yazmed.ma\/product\/robinet-de-perfusion-a-3-voies\/\",\"name\":\"Robinet de perfusion \u00e0 3 voies - YAZMED\",\"isPartOf\":{\"@id\":\"https:\/\/yazmed.ma\/#website\"},\"primaryImageOfPage\":{\"@id\":\"https:\/\/yazmed.ma\/product\/robinet-de-perfusion-a-3-voies\/#primaryimage\"},\"image\":{\"@id\":\"https:\/\/yazmed.ma\/product\/robinet-de-perfusion-a-3-voies\/#primaryimage\"},\"thumbnailUrl\":\"https:\/\/yazmed.ma\/wp-content\/uploads\/2025\/03\/Design-sans-titre-6.png\",\"datePublished\":\"2025-03-01T22:02:59+00:00\",\"dateModified\":\"2025-03-01T22:06:45+00:00\",\"breadcrumb\":{\"@id\":\"https:\/\/yazmed.ma\/product\/robinet-de-perfusion-a-3-voies\/#breadcrumb\"},\"inLanguage\":\"ary\",\"potentialAction\":[{\"@type\":\"ReadAction\",\"target\":[\"https:\/\/yazmed.ma\/product\/robinet-de-perfusion-a-3-voies\/\"]}]},{\"@type\":\"ImageObject\",\"inLanguage\":\"ary\",\"@id\":\"https:\/\/yazmed.ma\/product\/robinet-de-perfusion-a-3-voies\/#primaryimage\",\"url\":\"https:\/\/yazmed.ma\/wp-content\/uploads\/2025\/03\/Design-sans-titre-6.png\",\"contentUrl\":\"https:\/\/yazmed.ma\/wp-content\/uploads\/2025\/03\/Design-sans-titre-6.png\",\"width\":570,\"height\":517,\"caption\":\"Robinet de perfusion \u00e0 3 voies Yazmed Maroc\"},{\"@type\":\"BreadcrumbList\",\"@id\":\"https:\/\/yazmed.ma\/product\/robinet-de-perfusion-a-3-voies\/#breadcrumb\",\"itemListElement\":[{\"@type\":\"ListItem\",\"position\":1,\"name\":\"Accueil\",\"item\":\"https:\/\/yazmed.ma\/\"},{\"@type\":\"ListItem\",\"position\":2,\"name\":\"Shop\",\"item\":\"https:\/\/yazmed.ma\/shop-2\/\"},{\"@type\":\"ListItem\",\"position\":3,\"name\":\"Robinet de perfusion \u00e0 3 voies\"}]},{\"@type\":\"WebSite\",\"@id\":\"https:\/\/yazmed.ma\/#website\",\"url\":\"https:\/\/yazmed.ma\/\",\"name\":\"Yazmed\",\"description\":\"LEADER DU MAT\u00c9RIEL M\u00c9DICAL AU MAROC\",\"publisher\":{\"@id\":\"https:\/\/yazmed.ma\/#organization\"},\"potentialAction\":[{\"@type\":\"SearchAction\",\"target\":{\"@type\":\"EntryPoint\",\"urlTemplate\":\"https:\/\/yazmed.ma\/?s={search_term_string}\"},\"query-input\":{\"@type\":\"PropertyValueSpecification\",\"valueRequired\":true,\"valueName\":\"search_term_string\"}}],\"inLanguage\":\"ary\"},{\"@type\":\"Organization\",\"@id\":\"https:\/\/yazmed.ma\/#organization\",\"name\":\"Yazmed Healthcare\",\"url\":\"https:\/\/yazmed.ma\/\",\"logo\":{\"@type\":\"ImageObject\",\"inLanguage\":\"ary\",\"@id\":\"https:\/\/yazmed.ma\/#\/schema\/logo\/image\/\",\"url\":\"https:\/\/yazmed.ma\/wp-content\/uploads\/2024\/12\/3.png\",\"contentUrl\":\"https:\/\/yazmed.ma\/wp-content\/uploads\/2024\/12\/3.png\",\"width\":250,\"height\":70,\"caption\":\"Yazmed Healthcare\"},\"image\":{\"@id\":\"https:\/\/yazmed.ma\/#\/schema\/logo\/image\/\"},\"sameAs\":[\"https:\/\/www.facebook.com\/azenkouky\",\"https:\/\/www.instagram.com\/yazmedhealthcare\",\"https:\/\/www.linkedin.com\/in\/yazmed-healthcare-1b4955295\"]}]}<\/script>\n<!-- \/ Yoast SEO plugin. -->","yoast_head_json":{"title":"Robinet de perfusion \u00e0 3 voies - YAZMED","robots":{"index":"index","follow":"follow","max-snippet":"max-snippet:-1","max-image-preview":"max-image-preview:large","max-video-preview":"max-video-preview:-1"},"canonical":"https:\/\/yazmed.ma\/ar\/product\/robinet-de-perfusion-a-3-voies\/","og_locale":"ar_AR","og_type":"article","og_title":"Robinet de perfusion \u00e0 3 voies - YAZMED","og_description":"Robinet 3\u00a0voies avec deux prises Luer Lock femelles et d\u2019une prise Luer Lock m\u00e2le, con\u00e7u pour contr\u00f4ler deux prises de perfusion\/d\u2019extraction au moyen d\u2019un seul dispositif de perfusion ou d\u2019une seule voie. Avec bouchons de protection et indicateurs de couleurs diff\u00e9rentes pour les art\u00e8res (rouge) et les veines (bleu). St\u00e9rilis\u00e9 par exposition \u00e0 l\u2019oxyde d\u2019\u00e9thyl\u00e8ne, conform\u00e9ment \u00e0 la norme EN\u00a011135. Apyrog\u00e8ne.","og_url":"https:\/\/yazmed.ma\/ar\/product\/robinet-de-perfusion-a-3-voies\/","og_site_name":"YAZMED","article_publisher":"https:\/\/www.facebook.com\/azenkouky","article_modified_time":"2025-03-01T22:06:45+00:00","og_image":[{"width":570,"height":517,"url":"https:\/\/yazmed.ma\/wp-content\/uploads\/2025\/03\/Design-sans-titre-6.png","type":"image\/png"}],"twitter_card":"summary_large_image","twitter_misc":{"Est. reading time":"1 minute"},"schema":{"@context":"https:\/\/schema.org","@graph":[{"@type":"WebPage","@id":"https:\/\/yazmed.ma\/product\/robinet-de-perfusion-a-3-voies\/","url":"https:\/\/yazmed.ma\/product\/robinet-de-perfusion-a-3-voies\/","name":"Robinet de perfusion \u00e0 3 voies - YAZMED","isPartOf":{"@id":"https:\/\/yazmed.ma\/#website"},"primaryImageOfPage":{"@id":"https:\/\/yazmed.ma\/product\/robinet-de-perfusion-a-3-voies\/#primaryimage"},"image":{"@id":"https:\/\/yazmed.ma\/product\/robinet-de-perfusion-a-3-voies\/#primaryimage"},"thumbnailUrl":"https:\/\/yazmed.ma\/wp-content\/uploads\/2025\/03\/Design-sans-titre-6.png","datePublished":"2025-03-01T22:02:59+00:00","dateModified":"2025-03-01T22:06:45+00:00","breadcrumb":{"@id":"https:\/\/yazmed.ma\/product\/robinet-de-perfusion-a-3-voies\/#breadcrumb"},"inLanguage":"ary","potentialAction":[{"@type":"ReadAction","target":["https:\/\/yazmed.ma\/product\/robinet-de-perfusion-a-3-voies\/"]}]},{"@type":"ImageObject","inLanguage":"ary","@id":"https:\/\/yazmed.ma\/product\/robinet-de-perfusion-a-3-voies\/#primaryimage","url":"https:\/\/yazmed.ma\/wp-content\/uploads\/2025\/03\/Design-sans-titre-6.png","contentUrl":"https:\/\/yazmed.ma\/wp-content\/uploads\/2025\/03\/Design-sans-titre-6.png","width":570,"height":517,"caption":"Robinet de perfusion \u00e0 3 voies Yazmed Maroc"},{"@type":"BreadcrumbList","@id":"https:\/\/yazmed.ma\/product\/robinet-de-perfusion-a-3-voies\/#breadcrumb","itemListElement":[{"@type":"ListItem","position":1,"name":"Accueil","item":"https:\/\/yazmed.ma\/"},{"@type":"ListItem","position":2,"name":"Shop","item":"https:\/\/yazmed.ma\/shop-2\/"},{"@type":"ListItem","position":3,"name":"Robinet de perfusion \u00e0 3 voies"}]},{"@type":"WebSite","@id":"https:\/\/yazmed.ma\/#website","url":"https:\/\/yazmed.ma\/","name":"Yazmed","description":"LEADER DU MAT\u00c9RIEL M\u00c9DICAL AU MAROC","publisher":{"@id":"https:\/\/yazmed.ma\/#organization"},"potentialAction":[{"@type":"SearchAction","target":{"@type":"EntryPoint","urlTemplate":"https:\/\/yazmed.ma\/?s={search_term_string}"},"query-input":{"@type":"PropertyValueSpecification","valueRequired":true,"valueName":"search_term_string"}}],"inLanguage":"ary"},{"@type":"Organization","@id":"https:\/\/yazmed.ma\/#organization","name":"Yazmed Healthcare","url":"https:\/\/yazmed.ma\/","logo":{"@type":"ImageObject","inLanguage":"ary","@id":"https:\/\/yazmed.ma\/#\/schema\/logo\/image\/","url":"https:\/\/yazmed.ma\/wp-content\/uploads\/2024\/12\/3.png","contentUrl":"https:\/\/yazmed.ma\/wp-content\/uploads\/2024\/12\/3.png","width":250,"height":70,"caption":"Yazmed Healthcare"},"image":{"@id":"https:\/\/yazmed.ma\/#\/schema\/logo\/image\/"},"sameAs":["https:\/\/www.facebook.com\/azenkouky","https:\/\/www.instagram.com\/yazmedhealthcare","https:\/\/www.linkedin.com\/in\/yazmed-healthcare-1b4955295"]}]}},"_links":{"self":[{"href":"https:\/\/yazmed.ma\/ar\/wp-json\/wp\/v2\/product\/1951","targetHints":{"allow":["GET"]}}],"collection":[{"href":"https:\/\/yazmed.ma\/ar\/wp-json\/wp\/v2\/product"}],"about":[{"href":"https:\/\/yazmed.ma\/ar\/wp-json\/wp\/v2\/types\/product"}],"replies":[{"embeddable":true,"href":"https:\/\/yazmed.ma\/ar\/wp-json\/wp\/v2\/comments?post=1951"}],"version-history":[{"count":0,"href":"https:\/\/yazmed.ma\/ar\/wp-json\/wp\/v2\/product\/1951\/revisions"}],"wp:featuredmedia":[{"embeddable":true,"href":"https:\/\/yazmed.ma\/ar\/wp-json\/wp\/v2\/media\/1954"}],"wp:attachment":[{"href":"https:\/\/yazmed.ma\/ar\/wp-json\/wp\/v2\/media?parent=1951"}],"wp:term":[{"taxonomy":"product_brand","embeddable":true,"href":"https:\/\/yazmed.ma\/ar\/wp-json\/wp\/v2\/product_brand?post=1951"},{"taxonomy":"product_cat","embeddable":true,"href":"https:\/\/yazmed.ma\/ar\/wp-json\/wp\/v2\/product_cat?post=1951"},{"taxonomy":"product_tag","embeddable":true,"href":"https:\/\/yazmed.ma\/ar\/wp-json\/wp\/v2\/product_tag?post=1951"}],"curies":[{"name":"wp","href":"https:\/\/api.w.org\/{rel}","templated":true}]}}