{"id":1947,"date":"2025-03-01T21:13:41","date_gmt":"2025-03-01T21:13:41","guid":{"rendered":"https:\/\/yazmed.ma\/?post_type=product&#038;p=1947"},"modified":"2025-06-22T12:11:47","modified_gmt":"2025-06-22T12:11:47","slug":"negatoscope","status":"publish","type":"product","link":"https:\/\/yazmed.ma\/ar\/product\/negatoscope\/","title":{"rendered":"N\u00e9gatoscope fluorescent"},"content":{"rendered":"<p>La structure de l&rsquo;\u00e9cran est en alliage d&rsquo;aluminium haute r\u00e9sistance .<\/p>\n<p>&#8211; Les angles sont prot\u00e9g\u00e9s par une plaque d&rsquo;acier recouverte d&rsquo;ABS.<\/p>\n<p>&#8211; Ecran en polym\u00e8re m\u00e9thacrylique .<\/p>\n<p>-Ces n\u00e9gatoscopes offrent un syst\u00e8me de fixation pour les radios permettant une pose et une d\u00e9pose simple, et sans cons\u00e9quence pour les radios . Ils peuvent indiff\u00e9remment se poser ou se fixer sur un mur !<\/p>\n<p>&#8211; R\u00e9gulateur de luminosit\u00e9 .<\/p>\n<p>&#8211; 1 Plage : R\u00e9f\u00e9rence OP-NS01<\/p>\n<p>&#8211; 2 Plages : R\u00e9f\u00e9rence OP-NS02<\/p>\n<p>&#8211; 3 Plages : R\u00e9f\u00e9rence OP-NS03<\/p>\n<p>&#8211; 4 Plages : R\u00e9f\u00e9rence OP-NS04<\/p>","protected":false},"excerpt":{"rendered":"<h5>N\u00e9gatoscope m\u00e9dical<\/h5>\n<h5>pour une lecture optimale des clich\u00e9s radiographiques. Haute luminosit\u00e9, faible consommation, installation murale. Id\u00e9al pour les h\u00f4pitaux, cliniques, cabinets de radiologie.<\/h5>","protected":false},"featured_media":1948,"comment_status":"open","ping_status":"closed","template":"","meta":[],"product_brand":[],"product_cat":[50],"product_tag":[],"class_list":{"0":"post-1947","1":"product","2":"type-product","3":"status-publish","4":"has-post-thumbnail","6":"product_cat-appareillages-diagnostic","8":"first","9":"instock","10":"taxable","11":"shipping-taxable","12":"purchasable","13":"product-type-simple"},"yoast_head":"<!-- This site is optimized with the Yoast SEO plugin v26.9 - https:\/\/yoast.com\/product\/yoast-seo-wordpress\/ -->\n<title>N\u00e9gatoscope fluorescent - YAZMED<\/title>\n<meta name=\"robots\" content=\"index, follow, max-snippet:-1, max-image-preview:large, max-video-preview:-1\" \/>\n<link rel=\"canonical\" href=\"https:\/\/yazmed.ma\/ar\/product\/negatoscope-standard-a-fluorescent\/\" \/>\n<meta property=\"og:locale\" content=\"ar_AR\" \/>\n<meta property=\"og:type\" content=\"article\" \/>\n<meta property=\"og:title\" content=\"N\u00e9gatoscope fluorescent - YAZMED\" \/>\n<meta property=\"og:description\" content=\"N\u00e9gatoscope m\u00e9dical pour une lecture optimale des clich\u00e9s radiographiques. Haute luminosit\u00e9, faible consommation, installation murale. Id\u00e9al pour les h\u00f4pitaux, cliniques, cabinets de radiologie.\" \/>\n<meta property=\"og:url\" content=\"https:\/\/yazmed.ma\/ar\/product\/negatoscope-standard-a-fluorescent\/\" \/>\n<meta property=\"og:site_name\" content=\"YAZMED\" \/>\n<meta property=\"article:publisher\" content=\"https:\/\/www.facebook.com\/azenkouky\" \/>\n<meta property=\"article:modified_time\" content=\"2025-06-22T12:11:47+00:00\" \/>\n<meta property=\"og:image\" content=\"https:\/\/yazmed.ma\/wp-content\/uploads\/2025\/03\/Design-sans-titre-5.png\" \/>\n\t<meta property=\"og:image:width\" content=\"570\" \/>\n\t<meta property=\"og:image:height\" content=\"517\" \/>\n\t<meta property=\"og:image:type\" content=\"image\/png\" \/>\n<meta name=\"twitter:card\" content=\"summary_large_image\" \/>\n<meta name=\"twitter:label1\" content=\"Est. reading time\" \/>\n\t<meta name=\"twitter:data1\" content=\"1 minute\" \/>\n<script type=\"application\/ld+json\" class=\"yoast-schema-graph\">{\"@context\":\"https:\/\/schema.org\",\"@graph\":[{\"@type\":\"WebPage\",\"@id\":\"https:\/\/yazmed.ma\/product\/negatoscope-standard-a-fluorescent\/\",\"url\":\"https:\/\/yazmed.ma\/product\/negatoscope-standard-a-fluorescent\/\",\"name\":\"N\u00e9gatoscope fluorescent - YAZMED\",\"isPartOf\":{\"@id\":\"https:\/\/yazmed.ma\/#website\"},\"primaryImageOfPage\":{\"@id\":\"https:\/\/yazmed.ma\/product\/negatoscope-standard-a-fluorescent\/#primaryimage\"},\"image\":{\"@id\":\"https:\/\/yazmed.ma\/product\/negatoscope-standard-a-fluorescent\/#primaryimage\"},\"thumbnailUrl\":\"https:\/\/yazmed.ma\/wp-content\/uploads\/2025\/03\/Design-sans-titre-5.png\",\"datePublished\":\"2025-03-01T21:13:41+00:00\",\"dateModified\":\"2025-06-22T12:11:47+00:00\",\"breadcrumb\":{\"@id\":\"https:\/\/yazmed.ma\/product\/negatoscope-standard-a-fluorescent\/#breadcrumb\"},\"inLanguage\":\"ary\",\"potentialAction\":[{\"@type\":\"ReadAction\",\"target\":[\"https:\/\/yazmed.ma\/product\/negatoscope-standard-a-fluorescent\/\"]}]},{\"@type\":\"ImageObject\",\"inLanguage\":\"ary\",\"@id\":\"https:\/\/yazmed.ma\/product\/negatoscope-standard-a-fluorescent\/#primaryimage\",\"url\":\"https:\/\/yazmed.ma\/wp-content\/uploads\/2025\/03\/Design-sans-titre-5.png\",\"contentUrl\":\"https:\/\/yazmed.ma\/wp-content\/uploads\/2025\/03\/Design-sans-titre-5.png\",\"width\":570,\"height\":517,\"caption\":\"N\u00e9gatoscope standard \u00e0 fluorescent Yazmed Maroc\"},{\"@type\":\"BreadcrumbList\",\"@id\":\"https:\/\/yazmed.ma\/product\/negatoscope-standard-a-fluorescent\/#breadcrumb\",\"itemListElement\":[{\"@type\":\"ListItem\",\"position\":1,\"name\":\"Accueil\",\"item\":\"https:\/\/yazmed.ma\/\"},{\"@type\":\"ListItem\",\"position\":2,\"name\":\"Shop\",\"item\":\"https:\/\/yazmed.ma\/shop-2\/\"},{\"@type\":\"ListItem\",\"position\":3,\"name\":\"N\u00e9gatoscope standard \u00e0 fluorescent\"}]},{\"@type\":\"WebSite\",\"@id\":\"https:\/\/yazmed.ma\/#website\",\"url\":\"https:\/\/yazmed.ma\/\",\"name\":\"Yazmed\",\"description\":\"LEADER DU MAT\u00c9RIEL M\u00c9DICAL AU MAROC\",\"publisher\":{\"@id\":\"https:\/\/yazmed.ma\/#organization\"},\"potentialAction\":[{\"@type\":\"SearchAction\",\"target\":{\"@type\":\"EntryPoint\",\"urlTemplate\":\"https:\/\/yazmed.ma\/?s={search_term_string}\"},\"query-input\":{\"@type\":\"PropertyValueSpecification\",\"valueRequired\":true,\"valueName\":\"search_term_string\"}}],\"inLanguage\":\"ary\"},{\"@type\":\"Organization\",\"@id\":\"https:\/\/yazmed.ma\/#organization\",\"name\":\"Yazmed Healthcare\",\"url\":\"https:\/\/yazmed.ma\/\",\"logo\":{\"@type\":\"ImageObject\",\"inLanguage\":\"ary\",\"@id\":\"https:\/\/yazmed.ma\/#\/schema\/logo\/image\/\",\"url\":\"https:\/\/yazmed.ma\/wp-content\/uploads\/2024\/12\/3.png\",\"contentUrl\":\"https:\/\/yazmed.ma\/wp-content\/uploads\/2024\/12\/3.png\",\"width\":250,\"height\":70,\"caption\":\"Yazmed Healthcare\"},\"image\":{\"@id\":\"https:\/\/yazmed.ma\/#\/schema\/logo\/image\/\"},\"sameAs\":[\"https:\/\/www.facebook.com\/azenkouky\",\"https:\/\/www.instagram.com\/yazmedhealthcare\",\"https:\/\/www.linkedin.com\/in\/yazmed-healthcare-1b4955295\"]}]}<\/script>\n<!-- \/ Yoast SEO plugin. -->","yoast_head_json":{"title":"N\u00e9gatoscope fluorescent - YAZMED","robots":{"index":"index","follow":"follow","max-snippet":"max-snippet:-1","max-image-preview":"max-image-preview:large","max-video-preview":"max-video-preview:-1"},"canonical":"https:\/\/yazmed.ma\/ar\/product\/negatoscope-standard-a-fluorescent\/","og_locale":"ar_AR","og_type":"article","og_title":"N\u00e9gatoscope fluorescent - YAZMED","og_description":"N\u00e9gatoscope m\u00e9dical pour une lecture optimale des clich\u00e9s radiographiques. Haute luminosit\u00e9, faible consommation, installation murale. Id\u00e9al pour les h\u00f4pitaux, cliniques, cabinets de radiologie.","og_url":"https:\/\/yazmed.ma\/ar\/product\/negatoscope-standard-a-fluorescent\/","og_site_name":"YAZMED","article_publisher":"https:\/\/www.facebook.com\/azenkouky","article_modified_time":"2025-06-22T12:11:47+00:00","og_image":[{"width":570,"height":517,"url":"https:\/\/yazmed.ma\/wp-content\/uploads\/2025\/03\/Design-sans-titre-5.png","type":"image\/png"}],"twitter_card":"summary_large_image","twitter_misc":{"Est. reading time":"1 minute"},"schema":{"@context":"https:\/\/schema.org","@graph":[{"@type":"WebPage","@id":"https:\/\/yazmed.ma\/product\/negatoscope-standard-a-fluorescent\/","url":"https:\/\/yazmed.ma\/product\/negatoscope-standard-a-fluorescent\/","name":"N\u00e9gatoscope fluorescent - YAZMED","isPartOf":{"@id":"https:\/\/yazmed.ma\/#website"},"primaryImageOfPage":{"@id":"https:\/\/yazmed.ma\/product\/negatoscope-standard-a-fluorescent\/#primaryimage"},"image":{"@id":"https:\/\/yazmed.ma\/product\/negatoscope-standard-a-fluorescent\/#primaryimage"},"thumbnailUrl":"https:\/\/yazmed.ma\/wp-content\/uploads\/2025\/03\/Design-sans-titre-5.png","datePublished":"2025-03-01T21:13:41+00:00","dateModified":"2025-06-22T12:11:47+00:00","breadcrumb":{"@id":"https:\/\/yazmed.ma\/product\/negatoscope-standard-a-fluorescent\/#breadcrumb"},"inLanguage":"ary","potentialAction":[{"@type":"ReadAction","target":["https:\/\/yazmed.ma\/product\/negatoscope-standard-a-fluorescent\/"]}]},{"@type":"ImageObject","inLanguage":"ary","@id":"https:\/\/yazmed.ma\/product\/negatoscope-standard-a-fluorescent\/#primaryimage","url":"https:\/\/yazmed.ma\/wp-content\/uploads\/2025\/03\/Design-sans-titre-5.png","contentUrl":"https:\/\/yazmed.ma\/wp-content\/uploads\/2025\/03\/Design-sans-titre-5.png","width":570,"height":517,"caption":"N\u00e9gatoscope standard \u00e0 fluorescent Yazmed Maroc"},{"@type":"BreadcrumbList","@id":"https:\/\/yazmed.ma\/product\/negatoscope-standard-a-fluorescent\/#breadcrumb","itemListElement":[{"@type":"ListItem","position":1,"name":"Accueil","item":"https:\/\/yazmed.ma\/"},{"@type":"ListItem","position":2,"name":"Shop","item":"https:\/\/yazmed.ma\/shop-2\/"},{"@type":"ListItem","position":3,"name":"N\u00e9gatoscope standard \u00e0 fluorescent"}]},{"@type":"WebSite","@id":"https:\/\/yazmed.ma\/#website","url":"https:\/\/yazmed.ma\/","name":"Yazmed","description":"LEADER DU MAT\u00c9RIEL M\u00c9DICAL AU MAROC","publisher":{"@id":"https:\/\/yazmed.ma\/#organization"},"potentialAction":[{"@type":"SearchAction","target":{"@type":"EntryPoint","urlTemplate":"https:\/\/yazmed.ma\/?s={search_term_string}"},"query-input":{"@type":"PropertyValueSpecification","valueRequired":true,"valueName":"search_term_string"}}],"inLanguage":"ary"},{"@type":"Organization","@id":"https:\/\/yazmed.ma\/#organization","name":"Yazmed Healthcare","url":"https:\/\/yazmed.ma\/","logo":{"@type":"ImageObject","inLanguage":"ary","@id":"https:\/\/yazmed.ma\/#\/schema\/logo\/image\/","url":"https:\/\/yazmed.ma\/wp-content\/uploads\/2024\/12\/3.png","contentUrl":"https:\/\/yazmed.ma\/wp-content\/uploads\/2024\/12\/3.png","width":250,"height":70,"caption":"Yazmed Healthcare"},"image":{"@id":"https:\/\/yazmed.ma\/#\/schema\/logo\/image\/"},"sameAs":["https:\/\/www.facebook.com\/azenkouky","https:\/\/www.instagram.com\/yazmedhealthcare","https:\/\/www.linkedin.com\/in\/yazmed-healthcare-1b4955295"]}]}},"_links":{"self":[{"href":"https:\/\/yazmed.ma\/ar\/wp-json\/wp\/v2\/product\/1947","targetHints":{"allow":["GET"]}}],"collection":[{"href":"https:\/\/yazmed.ma\/ar\/wp-json\/wp\/v2\/product"}],"about":[{"href":"https:\/\/yazmed.ma\/ar\/wp-json\/wp\/v2\/types\/product"}],"replies":[{"embeddable":true,"href":"https:\/\/yazmed.ma\/ar\/wp-json\/wp\/v2\/comments?post=1947"}],"version-history":[{"count":0,"href":"https:\/\/yazmed.ma\/ar\/wp-json\/wp\/v2\/product\/1947\/revisions"}],"wp:featuredmedia":[{"embeddable":true,"href":"https:\/\/yazmed.ma\/ar\/wp-json\/wp\/v2\/media\/1948"}],"wp:attachment":[{"href":"https:\/\/yazmed.ma\/ar\/wp-json\/wp\/v2\/media?parent=1947"}],"wp:term":[{"taxonomy":"product_brand","embeddable":true,"href":"https:\/\/yazmed.ma\/ar\/wp-json\/wp\/v2\/product_brand?post=1947"},{"taxonomy":"product_cat","embeddable":true,"href":"https:\/\/yazmed.ma\/ar\/wp-json\/wp\/v2\/product_cat?post=1947"},{"taxonomy":"product_tag","embeddable":true,"href":"https:\/\/yazmed.ma\/ar\/wp-json\/wp\/v2\/product_tag?post=1947"}],"curies":[{"name":"wp","href":"https:\/\/api.w.org\/{rel}","templated":true}]}}