{"id":1939,"date":"2025-02-28T22:48:48","date_gmt":"2025-02-28T22:48:48","guid":{"rendered":"https:\/\/yazmed.ma\/?post_type=product&#038;p=1939"},"modified":"2025-12-10T15:26:35","modified_gmt":"2025-12-10T15:26:35","slug":"tensiometre-spengler-laubry-hopital34","status":"publish","type":"product","link":"https:\/\/yazmed.ma\/ar\/product\/tensiometre-spengler-laubry-hopital34\/","title":{"rendered":"Tensiom\u00e8tre spengler  laubry h\u00f4pital 34 CM"},"content":{"rendered":"<p><img decoding=\"async\" class=\"\" src=\"https:\/\/eclazon.ma\/wp-content\/uploads\/2024\/07\/spengler-logo-200x100.jpg\" width=\"114\" height=\"57\" \/><\/p>\n<p>&nbsp;<\/p>","protected":false},"excerpt":{"rendered":"<h3 data-start=\"335\" data-end=\"594\"><strong data-start=\"338\" data-end=\"384\">tensiom\u00e8tre Spengler Vaquez-Laubry H\u00f4pital 34 CM<\/strong><\/h3>\n<p data-start=\"335\" data-end=\"594\">est un appareil de r\u00e9f\u00e9rence en mati\u00e8re de mesure de la pression art\u00e9rielle dans les \u00e9tablissements m\u00e9dicaux. Con\u00e7u pour les environnements hospitaliers exigeants, il allie robustesse, fiabilit\u00e9 et pr\u00e9cision.<\/p>\n<p data-start=\"596\" data-end=\"905\">\u00a0se distingue par son manom\u00e8tre \u00e0 grand cadran parfaitement lisible, son brassard en nylon haute qualit\u00e9 et son syst\u00e8me de cuill\u00e8re en laiton massif, fid\u00e8le \u00e0 la tradition m\u00e9dicale. Il est id\u00e9al pour une utilisation intensive dans les h\u00f4pitaux, cliniques et cabinets m\u00e9dicaux au Maroc.<\/p>\n<p data-start=\"907\" data-end=\"1091\"><strong><a href=\"https:\/\/fr.wikipedia.org\/wiki\/Tensiom%C3%A8tre\">Tensiom\u00e8tre<\/a>\u00a0Spengler H\u00f4pital Manuel<\/strong> 34 incarne l&rsquo;excellence fran\u00e7aise dans les instruments de diagnostic. Disponible chez <strong data-start=\"1020\" data-end=\"1030\">Yazmed<\/strong>, fournisseur d\u2019\u00e9quipements m\u00e9dicaux professionnels au Maroc.<\/p>\n<p data-start=\"907\" data-end=\"1091\"><img decoding=\"async\" class=\"\" src=\"https:\/\/eclazon.ma\/wp-content\/uploads\/2024\/07\/spengler-logo-200x100.jpg\" width=\"96\" height=\"48\" \/><\/p>\n<p data-start=\"907\" data-end=\"1091\">","protected":false},"featured_media":1942,"comment_status":"open","ping_status":"closed","template":"","meta":[],"product_brand":[],"product_cat":[50],"product_tag":[98,159],"class_list":{"0":"post-1939","1":"product","2":"type-product","3":"status-publish","4":"has-post-thumbnail","6":"product_cat-appareillages-diagnostic","7":"product_tag-tensiometre-spengler","8":"product_tag-vaquez-laubry-hopital","10":"first","11":"instock","12":"taxable","13":"shipping-taxable","14":"purchasable","15":"product-type-simple"},"yoast_head":"<!-- This site is optimized with the Yoast SEO plugin v26.9 - https:\/\/yoast.com\/product\/yoast-seo-wordpress\/ -->\n<title>Tensiom\u00e8tre spengler laubry h\u00f4pital 34 CM - YAZMED<\/title>\n<meta name=\"robots\" content=\"index, follow, max-snippet:-1, max-image-preview:large, max-video-preview:-1\" \/>\n<link rel=\"canonical\" href=\"https:\/\/yazmed.ma\/ar\/product\/tensiometre-spengler-vaquez-laubry-hopital\/\" \/>\n<meta property=\"og:locale\" content=\"ar_AR\" \/>\n<meta property=\"og:type\" content=\"article\" \/>\n<meta property=\"og:title\" content=\"Tensiom\u00e8tre spengler laubry h\u00f4pital 34 CM - YAZMED\" \/>\n<meta property=\"og:description\" content=\"tensiom\u00e8tre Spengler Vaquez-Laubry H\u00f4pital 34 CM est un appareil de r\u00e9f\u00e9rence en mati\u00e8re de mesure de la pression art\u00e9rielle dans les \u00e9tablissements m\u00e9dicaux. Con\u00e7u pour les environnements hospitaliers exigeants, il allie robustesse, fiabilit\u00e9 et pr\u00e9cision. \u00a0se distingue par son manom\u00e8tre \u00e0 grand cadran parfaitement lisible, son brassard en nylon haute qualit\u00e9 et son syst\u00e8me de cuill\u00e8re en laiton massif, fid\u00e8le \u00e0 la tradition m\u00e9dicale. Il est id\u00e9al pour une utilisation intensive dans les h\u00f4pitaux, cliniques et cabinets m\u00e9dicaux au Maroc. Tensiom\u00e8tre\u00a0Spengler H\u00f4pital Manuel 34 incarne l&#039;excellence fran\u00e7aise dans les instruments de diagnostic. Disponible chez Yazmed, fournisseur d\u2019\u00e9quipements m\u00e9dicaux professionnels au Maroc.\" \/>\n<meta property=\"og:url\" content=\"https:\/\/yazmed.ma\/ar\/product\/tensiometre-spengler-vaquez-laubry-hopital\/\" \/>\n<meta property=\"og:site_name\" content=\"YAZMED\" \/>\n<meta property=\"article:publisher\" content=\"https:\/\/www.facebook.com\/azenkouky\" \/>\n<meta property=\"article:modified_time\" content=\"2025-12-10T15:26:35+00:00\" \/>\n<meta property=\"og:image\" content=\"https:\/\/yazmed.ma\/wp-content\/uploads\/2025\/02\/Design-sans-titre-2-2.png\" \/>\n\t<meta property=\"og:image:width\" content=\"570\" \/>\n\t<meta property=\"og:image:height\" content=\"517\" \/>\n\t<meta property=\"og:image:type\" content=\"image\/png\" \/>\n<meta name=\"twitter:card\" content=\"summary_large_image\" \/>\n<meta name=\"twitter:label1\" content=\"Est. reading time\" \/>\n\t<meta name=\"twitter:data1\" content=\"1 minute\" \/>\n<script type=\"application\/ld+json\" class=\"yoast-schema-graph\">{\"@context\":\"https:\/\/schema.org\",\"@graph\":[{\"@type\":\"WebPage\",\"@id\":\"https:\/\/yazmed.ma\/product\/tensiometre-spengler-vaquez-laubry-hopital\/\",\"url\":\"https:\/\/yazmed.ma\/product\/tensiometre-spengler-vaquez-laubry-hopital\/\",\"name\":\"Tensiom\u00e8tre spengler laubry h\u00f4pital 34 CM - YAZMED\",\"isPartOf\":{\"@id\":\"https:\/\/yazmed.ma\/#website\"},\"primaryImageOfPage\":{\"@id\":\"https:\/\/yazmed.ma\/product\/tensiometre-spengler-vaquez-laubry-hopital\/#primaryimage\"},\"image\":{\"@id\":\"https:\/\/yazmed.ma\/product\/tensiometre-spengler-vaquez-laubry-hopital\/#primaryimage\"},\"thumbnailUrl\":\"https:\/\/yazmed.ma\/wp-content\/uploads\/2025\/02\/Design-sans-titre-2-2.png\",\"datePublished\":\"2025-02-28T22:48:48+00:00\",\"dateModified\":\"2025-12-10T15:26:35+00:00\",\"breadcrumb\":{\"@id\":\"https:\/\/yazmed.ma\/product\/tensiometre-spengler-vaquez-laubry-hopital\/#breadcrumb\"},\"inLanguage\":\"ary\",\"potentialAction\":[{\"@type\":\"ReadAction\",\"target\":[\"https:\/\/yazmed.ma\/product\/tensiometre-spengler-vaquez-laubry-hopital\/\"]}]},{\"@type\":\"ImageObject\",\"inLanguage\":\"ary\",\"@id\":\"https:\/\/yazmed.ma\/product\/tensiometre-spengler-vaquez-laubry-hopital\/#primaryimage\",\"url\":\"https:\/\/yazmed.ma\/wp-content\/uploads\/2025\/02\/Design-sans-titre-2-2.png\",\"contentUrl\":\"https:\/\/yazmed.ma\/wp-content\/uploads\/2025\/02\/Design-sans-titre-2-2.png\",\"width\":570,\"height\":517,\"caption\":\"Tensiom\u00e8tre spengler vaquez laubry h\u00f4pital Yazmed Maroc\"},{\"@type\":\"BreadcrumbList\",\"@id\":\"https:\/\/yazmed.ma\/product\/tensiometre-spengler-vaquez-laubry-hopital\/#breadcrumb\",\"itemListElement\":[{\"@type\":\"ListItem\",\"position\":1,\"name\":\"Accueil\",\"item\":\"https:\/\/yazmed.ma\/\"},{\"@type\":\"ListItem\",\"position\":2,\"name\":\"Shop\",\"item\":\"https:\/\/yazmed.ma\/shop-2\/\"},{\"@type\":\"ListItem\",\"position\":3,\"name\":\"Tensiom\u00e8tre spengler vaquez laubry h\u00f4pital\"}]},{\"@type\":\"WebSite\",\"@id\":\"https:\/\/yazmed.ma\/#website\",\"url\":\"https:\/\/yazmed.ma\/\",\"name\":\"Yazmed\",\"description\":\"LEADER DU MAT\u00c9RIEL M\u00c9DICAL AU MAROC\",\"publisher\":{\"@id\":\"https:\/\/yazmed.ma\/#organization\"},\"potentialAction\":[{\"@type\":\"SearchAction\",\"target\":{\"@type\":\"EntryPoint\",\"urlTemplate\":\"https:\/\/yazmed.ma\/?s={search_term_string}\"},\"query-input\":{\"@type\":\"PropertyValueSpecification\",\"valueRequired\":true,\"valueName\":\"search_term_string\"}}],\"inLanguage\":\"ary\"},{\"@type\":\"Organization\",\"@id\":\"https:\/\/yazmed.ma\/#organization\",\"name\":\"Yazmed Healthcare\",\"url\":\"https:\/\/yazmed.ma\/\",\"logo\":{\"@type\":\"ImageObject\",\"inLanguage\":\"ary\",\"@id\":\"https:\/\/yazmed.ma\/#\/schema\/logo\/image\/\",\"url\":\"https:\/\/yazmed.ma\/wp-content\/uploads\/2024\/12\/3.png\",\"contentUrl\":\"https:\/\/yazmed.ma\/wp-content\/uploads\/2024\/12\/3.png\",\"width\":250,\"height\":70,\"caption\":\"Yazmed Healthcare\"},\"image\":{\"@id\":\"https:\/\/yazmed.ma\/#\/schema\/logo\/image\/\"},\"sameAs\":[\"https:\/\/www.facebook.com\/azenkouky\",\"https:\/\/www.instagram.com\/yazmedhealthcare\",\"https:\/\/www.linkedin.com\/in\/yazmed-healthcare-1b4955295\"]}]}<\/script>\n<!-- \/ Yoast SEO plugin. -->","yoast_head_json":{"title":"Tensiom\u00e8tre spengler laubry h\u00f4pital 34 CM - YAZMED","robots":{"index":"index","follow":"follow","max-snippet":"max-snippet:-1","max-image-preview":"max-image-preview:large","max-video-preview":"max-video-preview:-1"},"canonical":"https:\/\/yazmed.ma\/ar\/product\/tensiometre-spengler-vaquez-laubry-hopital\/","og_locale":"ar_AR","og_type":"article","og_title":"Tensiom\u00e8tre spengler laubry h\u00f4pital 34 CM - YAZMED","og_description":"tensiom\u00e8tre Spengler Vaquez-Laubry H\u00f4pital 34 CM est un appareil de r\u00e9f\u00e9rence en mati\u00e8re de mesure de la pression art\u00e9rielle dans les \u00e9tablissements m\u00e9dicaux. Con\u00e7u pour les environnements hospitaliers exigeants, il allie robustesse, fiabilit\u00e9 et pr\u00e9cision. \u00a0se distingue par son manom\u00e8tre \u00e0 grand cadran parfaitement lisible, son brassard en nylon haute qualit\u00e9 et son syst\u00e8me de cuill\u00e8re en laiton massif, fid\u00e8le \u00e0 la tradition m\u00e9dicale. Il est id\u00e9al pour une utilisation intensive dans les h\u00f4pitaux, cliniques et cabinets m\u00e9dicaux au Maroc. Tensiom\u00e8tre\u00a0Spengler H\u00f4pital Manuel 34 incarne l'excellence fran\u00e7aise dans les instruments de diagnostic. Disponible chez Yazmed, fournisseur d\u2019\u00e9quipements m\u00e9dicaux professionnels au Maroc.","og_url":"https:\/\/yazmed.ma\/ar\/product\/tensiometre-spengler-vaquez-laubry-hopital\/","og_site_name":"YAZMED","article_publisher":"https:\/\/www.facebook.com\/azenkouky","article_modified_time":"2025-12-10T15:26:35+00:00","og_image":[{"width":570,"height":517,"url":"https:\/\/yazmed.ma\/wp-content\/uploads\/2025\/02\/Design-sans-titre-2-2.png","type":"image\/png"}],"twitter_card":"summary_large_image","twitter_misc":{"Est. reading time":"1 minute"},"schema":{"@context":"https:\/\/schema.org","@graph":[{"@type":"WebPage","@id":"https:\/\/yazmed.ma\/product\/tensiometre-spengler-vaquez-laubry-hopital\/","url":"https:\/\/yazmed.ma\/product\/tensiometre-spengler-vaquez-laubry-hopital\/","name":"Tensiom\u00e8tre spengler laubry h\u00f4pital 34 CM - YAZMED","isPartOf":{"@id":"https:\/\/yazmed.ma\/#website"},"primaryImageOfPage":{"@id":"https:\/\/yazmed.ma\/product\/tensiometre-spengler-vaquez-laubry-hopital\/#primaryimage"},"image":{"@id":"https:\/\/yazmed.ma\/product\/tensiometre-spengler-vaquez-laubry-hopital\/#primaryimage"},"thumbnailUrl":"https:\/\/yazmed.ma\/wp-content\/uploads\/2025\/02\/Design-sans-titre-2-2.png","datePublished":"2025-02-28T22:48:48+00:00","dateModified":"2025-12-10T15:26:35+00:00","breadcrumb":{"@id":"https:\/\/yazmed.ma\/product\/tensiometre-spengler-vaquez-laubry-hopital\/#breadcrumb"},"inLanguage":"ary","potentialAction":[{"@type":"ReadAction","target":["https:\/\/yazmed.ma\/product\/tensiometre-spengler-vaquez-laubry-hopital\/"]}]},{"@type":"ImageObject","inLanguage":"ary","@id":"https:\/\/yazmed.ma\/product\/tensiometre-spengler-vaquez-laubry-hopital\/#primaryimage","url":"https:\/\/yazmed.ma\/wp-content\/uploads\/2025\/02\/Design-sans-titre-2-2.png","contentUrl":"https:\/\/yazmed.ma\/wp-content\/uploads\/2025\/02\/Design-sans-titre-2-2.png","width":570,"height":517,"caption":"Tensiom\u00e8tre spengler vaquez laubry h\u00f4pital Yazmed Maroc"},{"@type":"BreadcrumbList","@id":"https:\/\/yazmed.ma\/product\/tensiometre-spengler-vaquez-laubry-hopital\/#breadcrumb","itemListElement":[{"@type":"ListItem","position":1,"name":"Accueil","item":"https:\/\/yazmed.ma\/"},{"@type":"ListItem","position":2,"name":"Shop","item":"https:\/\/yazmed.ma\/shop-2\/"},{"@type":"ListItem","position":3,"name":"Tensiom\u00e8tre spengler vaquez laubry h\u00f4pital"}]},{"@type":"WebSite","@id":"https:\/\/yazmed.ma\/#website","url":"https:\/\/yazmed.ma\/","name":"Yazmed","description":"LEADER DU MAT\u00c9RIEL M\u00c9DICAL AU MAROC","publisher":{"@id":"https:\/\/yazmed.ma\/#organization"},"potentialAction":[{"@type":"SearchAction","target":{"@type":"EntryPoint","urlTemplate":"https:\/\/yazmed.ma\/?s={search_term_string}"},"query-input":{"@type":"PropertyValueSpecification","valueRequired":true,"valueName":"search_term_string"}}],"inLanguage":"ary"},{"@type":"Organization","@id":"https:\/\/yazmed.ma\/#organization","name":"Yazmed Healthcare","url":"https:\/\/yazmed.ma\/","logo":{"@type":"ImageObject","inLanguage":"ary","@id":"https:\/\/yazmed.ma\/#\/schema\/logo\/image\/","url":"https:\/\/yazmed.ma\/wp-content\/uploads\/2024\/12\/3.png","contentUrl":"https:\/\/yazmed.ma\/wp-content\/uploads\/2024\/12\/3.png","width":250,"height":70,"caption":"Yazmed Healthcare"},"image":{"@id":"https:\/\/yazmed.ma\/#\/schema\/logo\/image\/"},"sameAs":["https:\/\/www.facebook.com\/azenkouky","https:\/\/www.instagram.com\/yazmedhealthcare","https:\/\/www.linkedin.com\/in\/yazmed-healthcare-1b4955295"]}]}},"_links":{"self":[{"href":"https:\/\/yazmed.ma\/ar\/wp-json\/wp\/v2\/product\/1939","targetHints":{"allow":["GET"]}}],"collection":[{"href":"https:\/\/yazmed.ma\/ar\/wp-json\/wp\/v2\/product"}],"about":[{"href":"https:\/\/yazmed.ma\/ar\/wp-json\/wp\/v2\/types\/product"}],"replies":[{"embeddable":true,"href":"https:\/\/yazmed.ma\/ar\/wp-json\/wp\/v2\/comments?post=1939"}],"version-history":[{"count":1,"href":"https:\/\/yazmed.ma\/ar\/wp-json\/wp\/v2\/product\/1939\/revisions"}],"predecessor-version":[{"id":2588,"href":"https:\/\/yazmed.ma\/ar\/wp-json\/wp\/v2\/product\/1939\/revisions\/2588"}],"wp:featuredmedia":[{"embeddable":true,"href":"https:\/\/yazmed.ma\/ar\/wp-json\/wp\/v2\/media\/1942"}],"wp:attachment":[{"href":"https:\/\/yazmed.ma\/ar\/wp-json\/wp\/v2\/media?parent=1939"}],"wp:term":[{"taxonomy":"product_brand","embeddable":true,"href":"https:\/\/yazmed.ma\/ar\/wp-json\/wp\/v2\/product_brand?post=1939"},{"taxonomy":"product_cat","embeddable":true,"href":"https:\/\/yazmed.ma\/ar\/wp-json\/wp\/v2\/product_cat?post=1939"},{"taxonomy":"product_tag","embeddable":true,"href":"https:\/\/yazmed.ma\/ar\/wp-json\/wp\/v2\/product_tag?post=1939"}],"curies":[{"name":"wp","href":"https:\/\/api.w.org\/{rel}","templated":true}]}}