{"id":1847,"date":"2025-01-18T13:13:29","date_gmt":"2025-01-18T13:13:29","guid":{"rendered":"https:\/\/yazmed.ma\/?post_type=product&#038;p=1847"},"modified":"2025-01-18T13:14:13","modified_gmt":"2025-01-18T13:14:13","slug":"pince-foerster-striee-droite-gynecologique","status":"publish","type":"product","link":"https:\/\/yazmed.ma\/ar\/product\/pince-foerster-striee-droite-gynecologique\/","title":{"rendered":"PINCE FOERSTER STRIEE DROITE GYNECOLOGIQUE"},"content":{"rendered":"","protected":false},"excerpt":{"rendered":"<p>Cette\u00a0pince de type Foerster Droite\u00a0en acier inoxydable est utilis\u00e9e en gyn\u00e9cologie obst\u00e9trique pour\u00a0saisir et maintenir des tissus, des compresses\u00a0etc &#8230; Avec ses larges \u0153illets ronds et stri\u00e9s, elle\u00a0permet d&rsquo;exercer une bonne pression\u00a0avec un minimum d&rsquo;effort et de traumatisme. Elle peut \u00e9galement \u00eatre employ\u00e9e pour appliquer des pressions sur des sites de saignement, retirer de petites quantit\u00e9s de fluides de la zone op\u00e9ratoire etc &#8230;<\/p>\n<p><strong>Dimensions :<\/strong><\/p>\n<ul>\n<li>20 CM<\/li>\n<li>22 CM<\/li>\n<\/ul>","protected":false},"featured_media":1848,"comment_status":"open","ping_status":"closed","template":"","meta":[],"product_brand":[],"product_cat":[53],"product_tag":[],"class_list":{"0":"post-1847","1":"product","2":"type-product","3":"status-publish","4":"has-post-thumbnail","6":"product_cat-instrumentation-sutures","8":"first","9":"instock","10":"taxable","11":"shipping-taxable","12":"purchasable","13":"product-type-simple"},"yoast_head":"<!-- This site is optimized with the Yoast SEO plugin v26.9 - https:\/\/yoast.com\/product\/yoast-seo-wordpress\/ -->\n<title>PINCE FOERSTER STRIEE DROITE GYNECOLOGIQUE - YAZMED<\/title>\n<meta name=\"robots\" content=\"index, follow, max-snippet:-1, max-image-preview:large, max-video-preview:-1\" \/>\n<link rel=\"canonical\" href=\"https:\/\/yazmed.ma\/ar\/product\/pince-foerster-striee-droite-gynecologique\/\" \/>\n<meta property=\"og:locale\" content=\"ar_AR\" \/>\n<meta property=\"og:type\" content=\"article\" \/>\n<meta property=\"og:title\" content=\"PINCE FOERSTER STRIEE DROITE GYNECOLOGIQUE - YAZMED\" \/>\n<meta property=\"og:description\" content=\"Cette\u00a0pince de type Foerster Droite\u00a0en acier inoxydable est utilis\u00e9e en gyn\u00e9cologie obst\u00e9trique pour\u00a0saisir et maintenir des tissus, des compresses\u00a0etc ... Avec ses larges \u0153illets ronds et stri\u00e9s, elle\u00a0permet d&#039;exercer une bonne pression\u00a0avec un minimum d&#039;effort et de traumatisme. Elle peut \u00e9galement \u00eatre employ\u00e9e pour appliquer des pressions sur des sites de saignement, retirer de petites quantit\u00e9s de fluides de la zone op\u00e9ratoire etc ...  Dimensions :   20 CM  22 CM\" \/>\n<meta property=\"og:url\" content=\"https:\/\/yazmed.ma\/ar\/product\/pince-foerster-striee-droite-gynecologique\/\" \/>\n<meta property=\"og:site_name\" content=\"YAZMED\" \/>\n<meta property=\"article:publisher\" content=\"https:\/\/www.facebook.com\/azenkouky\" \/>\n<meta property=\"article:modified_time\" content=\"2025-01-18T13:14:13+00:00\" \/>\n<meta property=\"og:image\" content=\"https:\/\/yazmed.ma\/wp-content\/uploads\/2025\/01\/75e1aec7-5f5b-4d15-ae5e-7d92a9983a0a.jpg\" \/>\n\t<meta property=\"og:image:width\" content=\"781\" \/>\n\t<meta property=\"og:image:height\" content=\"778\" \/>\n\t<meta property=\"og:image:type\" content=\"image\/jpeg\" \/>\n<meta name=\"twitter:card\" content=\"summary_large_image\" \/>\n<meta name=\"twitter:label1\" content=\"Est. reading time\" \/>\n\t<meta name=\"twitter:data1\" content=\"1 minute\" \/>\n<script type=\"application\/ld+json\" class=\"yoast-schema-graph\">{\"@context\":\"https:\/\/schema.org\",\"@graph\":[{\"@type\":\"WebPage\",\"@id\":\"https:\/\/yazmed.ma\/product\/pince-foerster-striee-droite-gynecologique\/\",\"url\":\"https:\/\/yazmed.ma\/product\/pince-foerster-striee-droite-gynecologique\/\",\"name\":\"PINCE FOERSTER STRIEE DROITE GYNECOLOGIQUE - YAZMED\",\"isPartOf\":{\"@id\":\"https:\/\/yazmed.ma\/#website\"},\"primaryImageOfPage\":{\"@id\":\"https:\/\/yazmed.ma\/product\/pince-foerster-striee-droite-gynecologique\/#primaryimage\"},\"image\":{\"@id\":\"https:\/\/yazmed.ma\/product\/pince-foerster-striee-droite-gynecologique\/#primaryimage\"},\"thumbnailUrl\":\"https:\/\/yazmed.ma\/wp-content\/uploads\/2025\/01\/75e1aec7-5f5b-4d15-ae5e-7d92a9983a0a.jpg\",\"datePublished\":\"2025-01-18T13:13:29+00:00\",\"dateModified\":\"2025-01-18T13:14:13+00:00\",\"breadcrumb\":{\"@id\":\"https:\/\/yazmed.ma\/product\/pince-foerster-striee-droite-gynecologique\/#breadcrumb\"},\"inLanguage\":\"ary\",\"potentialAction\":[{\"@type\":\"ReadAction\",\"target\":[\"https:\/\/yazmed.ma\/product\/pince-foerster-striee-droite-gynecologique\/\"]}]},{\"@type\":\"ImageObject\",\"inLanguage\":\"ary\",\"@id\":\"https:\/\/yazmed.ma\/product\/pince-foerster-striee-droite-gynecologique\/#primaryimage\",\"url\":\"https:\/\/yazmed.ma\/wp-content\/uploads\/2025\/01\/75e1aec7-5f5b-4d15-ae5e-7d92a9983a0a.jpg\",\"contentUrl\":\"https:\/\/yazmed.ma\/wp-content\/uploads\/2025\/01\/75e1aec7-5f5b-4d15-ae5e-7d92a9983a0a.jpg\",\"width\":781,\"height\":778,\"caption\":\"PINCE FOERSTER STRIEE DROITE GYNECOLOGIQUE Yazmed Maroc\"},{\"@type\":\"BreadcrumbList\",\"@id\":\"https:\/\/yazmed.ma\/product\/pince-foerster-striee-droite-gynecologique\/#breadcrumb\",\"itemListElement\":[{\"@type\":\"ListItem\",\"position\":1,\"name\":\"Accueil\",\"item\":\"https:\/\/yazmed.ma\/\"},{\"@type\":\"ListItem\",\"position\":2,\"name\":\"Shop\",\"item\":\"https:\/\/yazmed.ma\/shop-2\/\"},{\"@type\":\"ListItem\",\"position\":3,\"name\":\"PINCE FOERSTER STRIEE DROITE GYNECOLOGIQUE\"}]},{\"@type\":\"WebSite\",\"@id\":\"https:\/\/yazmed.ma\/#website\",\"url\":\"https:\/\/yazmed.ma\/\",\"name\":\"Yazmed\",\"description\":\"LEADER DU MAT\u00c9RIEL M\u00c9DICAL AU MAROC\",\"publisher\":{\"@id\":\"https:\/\/yazmed.ma\/#organization\"},\"potentialAction\":[{\"@type\":\"SearchAction\",\"target\":{\"@type\":\"EntryPoint\",\"urlTemplate\":\"https:\/\/yazmed.ma\/?s={search_term_string}\"},\"query-input\":{\"@type\":\"PropertyValueSpecification\",\"valueRequired\":true,\"valueName\":\"search_term_string\"}}],\"inLanguage\":\"ary\"},{\"@type\":\"Organization\",\"@id\":\"https:\/\/yazmed.ma\/#organization\",\"name\":\"Yazmed Healthcare\",\"url\":\"https:\/\/yazmed.ma\/\",\"logo\":{\"@type\":\"ImageObject\",\"inLanguage\":\"ary\",\"@id\":\"https:\/\/yazmed.ma\/#\/schema\/logo\/image\/\",\"url\":\"https:\/\/yazmed.ma\/wp-content\/uploads\/2024\/12\/3.png\",\"contentUrl\":\"https:\/\/yazmed.ma\/wp-content\/uploads\/2024\/12\/3.png\",\"width\":250,\"height\":70,\"caption\":\"Yazmed Healthcare\"},\"image\":{\"@id\":\"https:\/\/yazmed.ma\/#\/schema\/logo\/image\/\"},\"sameAs\":[\"https:\/\/www.facebook.com\/azenkouky\",\"https:\/\/www.instagram.com\/yazmedhealthcare\",\"https:\/\/www.linkedin.com\/in\/yazmed-healthcare-1b4955295\"]}]}<\/script>\n<!-- \/ Yoast SEO plugin. -->","yoast_head_json":{"title":"PINCE FOERSTER STRIEE DROITE GYNECOLOGIQUE - YAZMED","robots":{"index":"index","follow":"follow","max-snippet":"max-snippet:-1","max-image-preview":"max-image-preview:large","max-video-preview":"max-video-preview:-1"},"canonical":"https:\/\/yazmed.ma\/ar\/product\/pince-foerster-striee-droite-gynecologique\/","og_locale":"ar_AR","og_type":"article","og_title":"PINCE FOERSTER STRIEE DROITE GYNECOLOGIQUE - YAZMED","og_description":"Cette\u00a0pince de type Foerster Droite\u00a0en acier inoxydable est utilis\u00e9e en gyn\u00e9cologie obst\u00e9trique pour\u00a0saisir et maintenir des tissus, des compresses\u00a0etc ... Avec ses larges \u0153illets ronds et stri\u00e9s, elle\u00a0permet d'exercer une bonne pression\u00a0avec un minimum d'effort et de traumatisme. Elle peut \u00e9galement \u00eatre employ\u00e9e pour appliquer des pressions sur des sites de saignement, retirer de petites quantit\u00e9s de fluides de la zone op\u00e9ratoire etc ...  Dimensions :   20 CM  22 CM","og_url":"https:\/\/yazmed.ma\/ar\/product\/pince-foerster-striee-droite-gynecologique\/","og_site_name":"YAZMED","article_publisher":"https:\/\/www.facebook.com\/azenkouky","article_modified_time":"2025-01-18T13:14:13+00:00","og_image":[{"width":781,"height":778,"url":"https:\/\/yazmed.ma\/wp-content\/uploads\/2025\/01\/75e1aec7-5f5b-4d15-ae5e-7d92a9983a0a.jpg","type":"image\/jpeg"}],"twitter_card":"summary_large_image","twitter_misc":{"Est. reading time":"1 minute"},"schema":{"@context":"https:\/\/schema.org","@graph":[{"@type":"WebPage","@id":"https:\/\/yazmed.ma\/product\/pince-foerster-striee-droite-gynecologique\/","url":"https:\/\/yazmed.ma\/product\/pince-foerster-striee-droite-gynecologique\/","name":"PINCE FOERSTER STRIEE DROITE GYNECOLOGIQUE - YAZMED","isPartOf":{"@id":"https:\/\/yazmed.ma\/#website"},"primaryImageOfPage":{"@id":"https:\/\/yazmed.ma\/product\/pince-foerster-striee-droite-gynecologique\/#primaryimage"},"image":{"@id":"https:\/\/yazmed.ma\/product\/pince-foerster-striee-droite-gynecologique\/#primaryimage"},"thumbnailUrl":"https:\/\/yazmed.ma\/wp-content\/uploads\/2025\/01\/75e1aec7-5f5b-4d15-ae5e-7d92a9983a0a.jpg","datePublished":"2025-01-18T13:13:29+00:00","dateModified":"2025-01-18T13:14:13+00:00","breadcrumb":{"@id":"https:\/\/yazmed.ma\/product\/pince-foerster-striee-droite-gynecologique\/#breadcrumb"},"inLanguage":"ary","potentialAction":[{"@type":"ReadAction","target":["https:\/\/yazmed.ma\/product\/pince-foerster-striee-droite-gynecologique\/"]}]},{"@type":"ImageObject","inLanguage":"ary","@id":"https:\/\/yazmed.ma\/product\/pince-foerster-striee-droite-gynecologique\/#primaryimage","url":"https:\/\/yazmed.ma\/wp-content\/uploads\/2025\/01\/75e1aec7-5f5b-4d15-ae5e-7d92a9983a0a.jpg","contentUrl":"https:\/\/yazmed.ma\/wp-content\/uploads\/2025\/01\/75e1aec7-5f5b-4d15-ae5e-7d92a9983a0a.jpg","width":781,"height":778,"caption":"PINCE FOERSTER STRIEE DROITE GYNECOLOGIQUE Yazmed Maroc"},{"@type":"BreadcrumbList","@id":"https:\/\/yazmed.ma\/product\/pince-foerster-striee-droite-gynecologique\/#breadcrumb","itemListElement":[{"@type":"ListItem","position":1,"name":"Accueil","item":"https:\/\/yazmed.ma\/"},{"@type":"ListItem","position":2,"name":"Shop","item":"https:\/\/yazmed.ma\/shop-2\/"},{"@type":"ListItem","position":3,"name":"PINCE FOERSTER STRIEE DROITE GYNECOLOGIQUE"}]},{"@type":"WebSite","@id":"https:\/\/yazmed.ma\/#website","url":"https:\/\/yazmed.ma\/","name":"Yazmed","description":"LEADER DU MAT\u00c9RIEL M\u00c9DICAL AU MAROC","publisher":{"@id":"https:\/\/yazmed.ma\/#organization"},"potentialAction":[{"@type":"SearchAction","target":{"@type":"EntryPoint","urlTemplate":"https:\/\/yazmed.ma\/?s={search_term_string}"},"query-input":{"@type":"PropertyValueSpecification","valueRequired":true,"valueName":"search_term_string"}}],"inLanguage":"ary"},{"@type":"Organization","@id":"https:\/\/yazmed.ma\/#organization","name":"Yazmed Healthcare","url":"https:\/\/yazmed.ma\/","logo":{"@type":"ImageObject","inLanguage":"ary","@id":"https:\/\/yazmed.ma\/#\/schema\/logo\/image\/","url":"https:\/\/yazmed.ma\/wp-content\/uploads\/2024\/12\/3.png","contentUrl":"https:\/\/yazmed.ma\/wp-content\/uploads\/2024\/12\/3.png","width":250,"height":70,"caption":"Yazmed Healthcare"},"image":{"@id":"https:\/\/yazmed.ma\/#\/schema\/logo\/image\/"},"sameAs":["https:\/\/www.facebook.com\/azenkouky","https:\/\/www.instagram.com\/yazmedhealthcare","https:\/\/www.linkedin.com\/in\/yazmed-healthcare-1b4955295"]}]}},"_links":{"self":[{"href":"https:\/\/yazmed.ma\/ar\/wp-json\/wp\/v2\/product\/1847","targetHints":{"allow":["GET"]}}],"collection":[{"href":"https:\/\/yazmed.ma\/ar\/wp-json\/wp\/v2\/product"}],"about":[{"href":"https:\/\/yazmed.ma\/ar\/wp-json\/wp\/v2\/types\/product"}],"replies":[{"embeddable":true,"href":"https:\/\/yazmed.ma\/ar\/wp-json\/wp\/v2\/comments?post=1847"}],"version-history":[{"count":0,"href":"https:\/\/yazmed.ma\/ar\/wp-json\/wp\/v2\/product\/1847\/revisions"}],"wp:featuredmedia":[{"embeddable":true,"href":"https:\/\/yazmed.ma\/ar\/wp-json\/wp\/v2\/media\/1848"}],"wp:attachment":[{"href":"https:\/\/yazmed.ma\/ar\/wp-json\/wp\/v2\/media?parent=1847"}],"wp:term":[{"taxonomy":"product_brand","embeddable":true,"href":"https:\/\/yazmed.ma\/ar\/wp-json\/wp\/v2\/product_brand?post=1847"},{"taxonomy":"product_cat","embeddable":true,"href":"https:\/\/yazmed.ma\/ar\/wp-json\/wp\/v2\/product_cat?post=1847"},{"taxonomy":"product_tag","embeddable":true,"href":"https:\/\/yazmed.ma\/ar\/wp-json\/wp\/v2\/product_tag?post=1847"}],"curies":[{"name":"wp","href":"https:\/\/api.w.org\/{rel}","templated":true}]}}