{"id":1844,"date":"2025-01-18T13:07:25","date_gmt":"2025-01-18T13:07:25","guid":{"rendered":"https:\/\/yazmed.ma\/?post_type=product&#038;p=1844"},"modified":"2025-12-21T17:24:50","modified_gmt":"2025-12-21T17:24:50","slug":"kit-insufflateur-en-silicone","status":"publish","type":"product","link":"https:\/\/yazmed.ma\/ar\/product\/kit-insufflateur-en-silicone\/","title":{"rendered":"Kit insufflateur en silicone"},"content":{"rendered":"<p><img decoding=\"async\" class=\"emoji\" role=\"img\" draggable=\"false\" src=\"https:\/\/s.w.org\/images\/core\/emoji\/16.0.1\/svg\/2705.svg\" alt=\"\u2705\" \/><\/p>","protected":false},"excerpt":{"rendered":"<h3>Kit insufflateur en silicone<\/h3>\n<p>kit de r\u00e9animation de masque de valve de sac r\u00e9utilisable est fait de qualit\u00e9 m\u00e9dicale durable mat\u00e9riau-silicone qui est autoclavable et r\u00e9utilisables. une r\u00e9f\u00e9rence masque de valve de sac se compose de trois parties qui sont masque facial, valve avec filtre et le sac lui-m\u00eame. bref de la BVM compents:<\/p>\n<p>(1) masque facial est utilis\u00e9 pour forcer l\u2019air \u00e0 travers le patient poumons, quand le sac est lib\u00e9r\u00e9, il se gonfle automatiquement de son autre extr\u00e9mit\u00e9, aspirant soit l\u2019air ambiant, soit un d\u00e9bit d\u2019oxyg\u00e8ne basse pression fourni par une bouteille r\u00e9gul\u00e9e, tout en permettant au patient les poumons se d\u00e9gonflent \u00e0 l\u2019environnement ambiant (pas le sac) pass\u00e9 la valve unidirectionnelle.<\/p>\n<p>(2) Les combinaisons de sacs et de valves peuvent \u00e9galement \u00eatre fix\u00e9es \u00e0 un autre compl\u00e9ment des voies respiratoires, au lieu du masque. Pour exemple, il peut \u00eatre attach\u00e9 \u00e0 un endotrach\u00e9al tube ou masque laryng\u00e9 voies respiratoires.<\/p>\n<p><strong>Caract\u00e9ristiques:<\/strong><\/p>\n<ul>\n<li>Bon fonctionnement \/ excellente expansion \/ perception parfaite<\/li>\n<li>En silicone de qualit\u00e9 m\u00e9dicale pure et durable, 100 % sans latex<\/li>\n<li>Toutes les pi\u00e8ces peuvent \u00eatre facilement d\u00e9mont\u00e9es pour le nettoyage et la d\u00e9sinfection.<\/li>\n<li>Le sac de r\u00e9animation en silicone et le masque facial en silicone peuvent \u00eatre autoclav\u00e9s \u00e0 plusieurs reprises pendant plus de 20 fois<\/li>\n<li>Soupape de surpression int\u00e9gr\u00e9e pour minimiser le risque de surpression<\/li>\n<li>La soupape de surpression peut \u00eatre bloqu\u00e9e<\/li>\n<li>Des accessoires suppl\u00e9mentaires et une \u00e9tiquette personnalis\u00e9e sont disponibles<\/li>\n<li>Tout-en-un la soupape d\u2019admission se connecte directement au sac de r\u00e9servoir d\u2019oxyg\u00e8ne<\/li>\n<li>Semi-transparent permettant un contr\u00f4le visuel du patient condition.<\/li>\n<\/ul>\n<p>&nbsp;<\/p>","protected":false},"featured_media":1925,"comment_status":"open","ping_status":"closed","template":"","meta":[],"product_brand":[],"product_cat":[51],"product_tag":[111],"class_list":{"0":"post-1844","1":"product","2":"type-product","3":"status-publish","4":"has-post-thumbnail","6":"product_cat-bloc-et-reanimation","7":"product_tag-kit-insufflateur-en-silicone","9":"first","10":"instock","11":"taxable","12":"shipping-taxable","13":"purchasable","14":"product-type-simple"},"yoast_head":"<!-- This site is optimized with the Yoast SEO plugin v26.9 - https:\/\/yoast.com\/product\/yoast-seo-wordpress\/ -->\n<title>Kit insufflateur en silicone - YAZMED<\/title>\n<meta name=\"robots\" content=\"index, follow, max-snippet:-1, max-image-preview:large, max-video-preview:-1\" \/>\n<link rel=\"canonical\" href=\"https:\/\/yazmed.ma\/ar\/product\/valise-de-reanimation-kit-insufflateur-en-silicone-reutilisable\/\" \/>\n<meta property=\"og:locale\" content=\"ar_AR\" \/>\n<meta property=\"og:type\" content=\"article\" \/>\n<meta property=\"og:title\" content=\"Kit insufflateur en silicone - YAZMED\" \/>\n<meta property=\"og:description\" content=\"Kit insufflateur en silicone kit de r\u00e9animation de masque de valve de sac r\u00e9utilisable est fait de qualit\u00e9 m\u00e9dicale durable mat\u00e9riau-silicone qui est autoclavable et r\u00e9utilisables. une r\u00e9f\u00e9rence masque de valve de sac se compose de trois parties qui sont masque facial, valve avec filtre et le sac lui-m\u00eame. bref de la BVM compents:  (1) masque facial est utilis\u00e9 pour forcer l\u2019air \u00e0 travers le patient poumons, quand le sac est lib\u00e9r\u00e9, il se gonfle automatiquement de son autre extr\u00e9mit\u00e9, aspirant soit l\u2019air ambiant, soit un d\u00e9bit d\u2019oxyg\u00e8ne basse pression fourni par une bouteille r\u00e9gul\u00e9e, tout en permettant au patient les poumons se d\u00e9gonflent \u00e0 l\u2019environnement ambiant (pas le sac) pass\u00e9 la valve unidirectionnelle.  (2) Les combinaisons de sacs et de valves peuvent \u00e9galement \u00eatre fix\u00e9es \u00e0 un autre compl\u00e9ment des voies respiratoires, au lieu du masque. Pour exemple, il peut \u00eatre attach\u00e9 \u00e0 un endotrach\u00e9al tube ou masque laryng\u00e9 voies respiratoires.  Caract\u00e9ristiques:   Bon fonctionnement \/ excellente expansion \/ perception parfaite  En silicone de qualit\u00e9 m\u00e9dicale pure et durable, 100 % sans latex  Toutes les pi\u00e8ces peuvent \u00eatre facilement d\u00e9mont\u00e9es pour le nettoyage et la d\u00e9sinfection.  Le sac de r\u00e9animation en silicone et le masque facial en silicone peuvent \u00eatre autoclav\u00e9s \u00e0 plusieurs reprises pendant plus de 20 fois  Soupape de surpression int\u00e9gr\u00e9e pour minimiser le risque de surpression  La soupape de surpression peut \u00eatre bloqu\u00e9e  Des accessoires suppl\u00e9mentaires et une \u00e9tiquette personnalis\u00e9e sont disponibles  Tout-en-un la soupape d\u2019admission se connecte directement au sac de r\u00e9servoir d\u2019oxyg\u00e8ne  Semi-transparent permettant un contr\u00f4le visuel du patient condition.  &nbsp;\" \/>\n<meta property=\"og:url\" content=\"https:\/\/yazmed.ma\/ar\/product\/valise-de-reanimation-kit-insufflateur-en-silicone-reutilisable\/\" \/>\n<meta property=\"og:site_name\" content=\"YAZMED\" \/>\n<meta property=\"article:publisher\" content=\"https:\/\/www.facebook.com\/azenkouky\" \/>\n<meta property=\"article:modified_time\" content=\"2025-12-21T17:24:50+00:00\" \/>\n<meta property=\"og:image\" content=\"https:\/\/yazmed.ma\/wp-content\/uploads\/2025\/01\/Design-sans-titre-97.png\" \/>\n\t<meta property=\"og:image:width\" content=\"570\" \/>\n\t<meta property=\"og:image:height\" content=\"517\" \/>\n\t<meta property=\"og:image:type\" content=\"image\/png\" \/>\n<meta name=\"twitter:card\" content=\"summary_large_image\" \/>\n<meta name=\"twitter:label1\" content=\"Est. reading time\" \/>\n\t<meta name=\"twitter:data1\" content=\"1 minute\" \/>\n<script type=\"application\/ld+json\" class=\"yoast-schema-graph\">{\"@context\":\"https:\/\/schema.org\",\"@graph\":[{\"@type\":\"WebPage\",\"@id\":\"https:\/\/yazmed.ma\/product\/valise-de-reanimation-kit-insufflateur-en-silicone-reutilisable\/\",\"url\":\"https:\/\/yazmed.ma\/product\/valise-de-reanimation-kit-insufflateur-en-silicone-reutilisable\/\",\"name\":\"Kit insufflateur en silicone - YAZMED\",\"isPartOf\":{\"@id\":\"https:\/\/yazmed.ma\/#website\"},\"primaryImageOfPage\":{\"@id\":\"https:\/\/yazmed.ma\/product\/valise-de-reanimation-kit-insufflateur-en-silicone-reutilisable\/#primaryimage\"},\"image\":{\"@id\":\"https:\/\/yazmed.ma\/product\/valise-de-reanimation-kit-insufflateur-en-silicone-reutilisable\/#primaryimage\"},\"thumbnailUrl\":\"https:\/\/yazmed.ma\/wp-content\/uploads\/2025\/01\/Design-sans-titre-97.png\",\"datePublished\":\"2025-01-18T13:07:25+00:00\",\"dateModified\":\"2025-12-21T17:24:50+00:00\",\"breadcrumb\":{\"@id\":\"https:\/\/yazmed.ma\/product\/valise-de-reanimation-kit-insufflateur-en-silicone-reutilisable\/#breadcrumb\"},\"inLanguage\":\"ary\",\"potentialAction\":[{\"@type\":\"ReadAction\",\"target\":[\"https:\/\/yazmed.ma\/product\/valise-de-reanimation-kit-insufflateur-en-silicone-reutilisable\/\"]}]},{\"@type\":\"ImageObject\",\"inLanguage\":\"ary\",\"@id\":\"https:\/\/yazmed.ma\/product\/valise-de-reanimation-kit-insufflateur-en-silicone-reutilisable\/#primaryimage\",\"url\":\"https:\/\/yazmed.ma\/wp-content\/uploads\/2025\/01\/Design-sans-titre-97.png\",\"contentUrl\":\"https:\/\/yazmed.ma\/wp-content\/uploads\/2025\/01\/Design-sans-titre-97.png\",\"width\":570,\"height\":517,\"caption\":\"Valise de r\u00e9animation \/ Kit insufflateur en silicone r\u00e9utilisable Yazmed Maroc\"},{\"@type\":\"BreadcrumbList\",\"@id\":\"https:\/\/yazmed.ma\/product\/valise-de-reanimation-kit-insufflateur-en-silicone-reutilisable\/#breadcrumb\",\"itemListElement\":[{\"@type\":\"ListItem\",\"position\":1,\"name\":\"Accueil\",\"item\":\"https:\/\/yazmed.ma\/\"},{\"@type\":\"ListItem\",\"position\":2,\"name\":\"Shop\",\"item\":\"https:\/\/yazmed.ma\/shop-2\/\"},{\"@type\":\"ListItem\",\"position\":3,\"name\":\"Valise de r\u00e9animation \/ Kit insufflateur en silicone r\u00e9utilisable\"}]},{\"@type\":\"WebSite\",\"@id\":\"https:\/\/yazmed.ma\/#website\",\"url\":\"https:\/\/yazmed.ma\/\",\"name\":\"Yazmed\",\"description\":\"LEADER DU MAT\u00c9RIEL M\u00c9DICAL AU MAROC\",\"publisher\":{\"@id\":\"https:\/\/yazmed.ma\/#organization\"},\"potentialAction\":[{\"@type\":\"SearchAction\",\"target\":{\"@type\":\"EntryPoint\",\"urlTemplate\":\"https:\/\/yazmed.ma\/?s={search_term_string}\"},\"query-input\":{\"@type\":\"PropertyValueSpecification\",\"valueRequired\":true,\"valueName\":\"search_term_string\"}}],\"inLanguage\":\"ary\"},{\"@type\":\"Organization\",\"@id\":\"https:\/\/yazmed.ma\/#organization\",\"name\":\"Yazmed Healthcare\",\"url\":\"https:\/\/yazmed.ma\/\",\"logo\":{\"@type\":\"ImageObject\",\"inLanguage\":\"ary\",\"@id\":\"https:\/\/yazmed.ma\/#\/schema\/logo\/image\/\",\"url\":\"https:\/\/yazmed.ma\/wp-content\/uploads\/2024\/12\/3.png\",\"contentUrl\":\"https:\/\/yazmed.ma\/wp-content\/uploads\/2024\/12\/3.png\",\"width\":250,\"height\":70,\"caption\":\"Yazmed Healthcare\"},\"image\":{\"@id\":\"https:\/\/yazmed.ma\/#\/schema\/logo\/image\/\"},\"sameAs\":[\"https:\/\/www.facebook.com\/azenkouky\",\"https:\/\/www.instagram.com\/yazmedhealthcare\",\"https:\/\/www.linkedin.com\/in\/yazmed-healthcare-1b4955295\"]}]}<\/script>\n<!-- \/ Yoast SEO plugin. -->","yoast_head_json":{"title":"Kit insufflateur en silicone - YAZMED","robots":{"index":"index","follow":"follow","max-snippet":"max-snippet:-1","max-image-preview":"max-image-preview:large","max-video-preview":"max-video-preview:-1"},"canonical":"https:\/\/yazmed.ma\/ar\/product\/valise-de-reanimation-kit-insufflateur-en-silicone-reutilisable\/","og_locale":"ar_AR","og_type":"article","og_title":"Kit insufflateur en silicone - YAZMED","og_description":"Kit insufflateur en silicone kit de r\u00e9animation de masque de valve de sac r\u00e9utilisable est fait de qualit\u00e9 m\u00e9dicale durable mat\u00e9riau-silicone qui est autoclavable et r\u00e9utilisables. une r\u00e9f\u00e9rence masque de valve de sac se compose de trois parties qui sont masque facial, valve avec filtre et le sac lui-m\u00eame. bref de la BVM compents:  (1) masque facial est utilis\u00e9 pour forcer l\u2019air \u00e0 travers le patient poumons, quand le sac est lib\u00e9r\u00e9, il se gonfle automatiquement de son autre extr\u00e9mit\u00e9, aspirant soit l\u2019air ambiant, soit un d\u00e9bit d\u2019oxyg\u00e8ne basse pression fourni par une bouteille r\u00e9gul\u00e9e, tout en permettant au patient les poumons se d\u00e9gonflent \u00e0 l\u2019environnement ambiant (pas le sac) pass\u00e9 la valve unidirectionnelle.  (2) Les combinaisons de sacs et de valves peuvent \u00e9galement \u00eatre fix\u00e9es \u00e0 un autre compl\u00e9ment des voies respiratoires, au lieu du masque. Pour exemple, il peut \u00eatre attach\u00e9 \u00e0 un endotrach\u00e9al tube ou masque laryng\u00e9 voies respiratoires.  Caract\u00e9ristiques:   Bon fonctionnement \/ excellente expansion \/ perception parfaite  En silicone de qualit\u00e9 m\u00e9dicale pure et durable, 100 % sans latex  Toutes les pi\u00e8ces peuvent \u00eatre facilement d\u00e9mont\u00e9es pour le nettoyage et la d\u00e9sinfection.  Le sac de r\u00e9animation en silicone et le masque facial en silicone peuvent \u00eatre autoclav\u00e9s \u00e0 plusieurs reprises pendant plus de 20 fois  Soupape de surpression int\u00e9gr\u00e9e pour minimiser le risque de surpression  La soupape de surpression peut \u00eatre bloqu\u00e9e  Des accessoires suppl\u00e9mentaires et une \u00e9tiquette personnalis\u00e9e sont disponibles  Tout-en-un la soupape d\u2019admission se connecte directement au sac de r\u00e9servoir d\u2019oxyg\u00e8ne  Semi-transparent permettant un contr\u00f4le visuel du patient condition.  &nbsp;","og_url":"https:\/\/yazmed.ma\/ar\/product\/valise-de-reanimation-kit-insufflateur-en-silicone-reutilisable\/","og_site_name":"YAZMED","article_publisher":"https:\/\/www.facebook.com\/azenkouky","article_modified_time":"2025-12-21T17:24:50+00:00","og_image":[{"width":570,"height":517,"url":"https:\/\/yazmed.ma\/wp-content\/uploads\/2025\/01\/Design-sans-titre-97.png","type":"image\/png"}],"twitter_card":"summary_large_image","twitter_misc":{"Est. reading time":"1 minute"},"schema":{"@context":"https:\/\/schema.org","@graph":[{"@type":"WebPage","@id":"https:\/\/yazmed.ma\/product\/valise-de-reanimation-kit-insufflateur-en-silicone-reutilisable\/","url":"https:\/\/yazmed.ma\/product\/valise-de-reanimation-kit-insufflateur-en-silicone-reutilisable\/","name":"Kit insufflateur en silicone - YAZMED","isPartOf":{"@id":"https:\/\/yazmed.ma\/#website"},"primaryImageOfPage":{"@id":"https:\/\/yazmed.ma\/product\/valise-de-reanimation-kit-insufflateur-en-silicone-reutilisable\/#primaryimage"},"image":{"@id":"https:\/\/yazmed.ma\/product\/valise-de-reanimation-kit-insufflateur-en-silicone-reutilisable\/#primaryimage"},"thumbnailUrl":"https:\/\/yazmed.ma\/wp-content\/uploads\/2025\/01\/Design-sans-titre-97.png","datePublished":"2025-01-18T13:07:25+00:00","dateModified":"2025-12-21T17:24:50+00:00","breadcrumb":{"@id":"https:\/\/yazmed.ma\/product\/valise-de-reanimation-kit-insufflateur-en-silicone-reutilisable\/#breadcrumb"},"inLanguage":"ary","potentialAction":[{"@type":"ReadAction","target":["https:\/\/yazmed.ma\/product\/valise-de-reanimation-kit-insufflateur-en-silicone-reutilisable\/"]}]},{"@type":"ImageObject","inLanguage":"ary","@id":"https:\/\/yazmed.ma\/product\/valise-de-reanimation-kit-insufflateur-en-silicone-reutilisable\/#primaryimage","url":"https:\/\/yazmed.ma\/wp-content\/uploads\/2025\/01\/Design-sans-titre-97.png","contentUrl":"https:\/\/yazmed.ma\/wp-content\/uploads\/2025\/01\/Design-sans-titre-97.png","width":570,"height":517,"caption":"Valise de r\u00e9animation \/ Kit insufflateur en silicone r\u00e9utilisable Yazmed Maroc"},{"@type":"BreadcrumbList","@id":"https:\/\/yazmed.ma\/product\/valise-de-reanimation-kit-insufflateur-en-silicone-reutilisable\/#breadcrumb","itemListElement":[{"@type":"ListItem","position":1,"name":"Accueil","item":"https:\/\/yazmed.ma\/"},{"@type":"ListItem","position":2,"name":"Shop","item":"https:\/\/yazmed.ma\/shop-2\/"},{"@type":"ListItem","position":3,"name":"Valise de r\u00e9animation \/ Kit insufflateur en silicone r\u00e9utilisable"}]},{"@type":"WebSite","@id":"https:\/\/yazmed.ma\/#website","url":"https:\/\/yazmed.ma\/","name":"Yazmed","description":"LEADER DU MAT\u00c9RIEL M\u00c9DICAL AU MAROC","publisher":{"@id":"https:\/\/yazmed.ma\/#organization"},"potentialAction":[{"@type":"SearchAction","target":{"@type":"EntryPoint","urlTemplate":"https:\/\/yazmed.ma\/?s={search_term_string}"},"query-input":{"@type":"PropertyValueSpecification","valueRequired":true,"valueName":"search_term_string"}}],"inLanguage":"ary"},{"@type":"Organization","@id":"https:\/\/yazmed.ma\/#organization","name":"Yazmed Healthcare","url":"https:\/\/yazmed.ma\/","logo":{"@type":"ImageObject","inLanguage":"ary","@id":"https:\/\/yazmed.ma\/#\/schema\/logo\/image\/","url":"https:\/\/yazmed.ma\/wp-content\/uploads\/2024\/12\/3.png","contentUrl":"https:\/\/yazmed.ma\/wp-content\/uploads\/2024\/12\/3.png","width":250,"height":70,"caption":"Yazmed Healthcare"},"image":{"@id":"https:\/\/yazmed.ma\/#\/schema\/logo\/image\/"},"sameAs":["https:\/\/www.facebook.com\/azenkouky","https:\/\/www.instagram.com\/yazmedhealthcare","https:\/\/www.linkedin.com\/in\/yazmed-healthcare-1b4955295"]}]}},"_links":{"self":[{"href":"https:\/\/yazmed.ma\/ar\/wp-json\/wp\/v2\/product\/1844","targetHints":{"allow":["GET"]}}],"collection":[{"href":"https:\/\/yazmed.ma\/ar\/wp-json\/wp\/v2\/product"}],"about":[{"href":"https:\/\/yazmed.ma\/ar\/wp-json\/wp\/v2\/types\/product"}],"replies":[{"embeddable":true,"href":"https:\/\/yazmed.ma\/ar\/wp-json\/wp\/v2\/comments?post=1844"}],"version-history":[{"count":1,"href":"https:\/\/yazmed.ma\/ar\/wp-json\/wp\/v2\/product\/1844\/revisions"}],"predecessor-version":[{"id":3006,"href":"https:\/\/yazmed.ma\/ar\/wp-json\/wp\/v2\/product\/1844\/revisions\/3006"}],"wp:featuredmedia":[{"embeddable":true,"href":"https:\/\/yazmed.ma\/ar\/wp-json\/wp\/v2\/media\/1925"}],"wp:attachment":[{"href":"https:\/\/yazmed.ma\/ar\/wp-json\/wp\/v2\/media?parent=1844"}],"wp:term":[{"taxonomy":"product_brand","embeddable":true,"href":"https:\/\/yazmed.ma\/ar\/wp-json\/wp\/v2\/product_brand?post=1844"},{"taxonomy":"product_cat","embeddable":true,"href":"https:\/\/yazmed.ma\/ar\/wp-json\/wp\/v2\/product_cat?post=1844"},{"taxonomy":"product_tag","embeddable":true,"href":"https:\/\/yazmed.ma\/ar\/wp-json\/wp\/v2\/product_tag?post=1844"}],"curies":[{"name":"wp","href":"https:\/\/api.w.org\/{rel}","templated":true}]}}