{"id":1838,"date":"2025-01-18T12:31:43","date_gmt":"2025-01-18T12:31:43","guid":{"rendered":"https:\/\/yazmed.ma\/?post_type=product&#038;p=1838"},"modified":"2025-01-18T12:51:13","modified_gmt":"2025-01-18T12:51:13","slug":"fauteuil-roulant-electrique-confort-4-roues","status":"publish","type":"product","link":"https:\/\/yazmed.ma\/ar\/product\/fauteuil-roulant-electrique-confort-4-roues\/","title":{"rendered":"Fauteuil Roulant Electrique Confort 4 Roues"},"content":{"rendered":"","protected":false},"excerpt":{"rendered":"<p>Fauteuil roulant \u00e9lectrique, facile \u00e0\u00a0utiliser, pour utilisation quotidienne \u00e0\u00a0l&rsquo;int\u00e9rieur .Quand la puissance est insuffisante, il peut \u00eatre utilis\u00e9 comme fauteuil roulant de transit. Le coussin du si\u00e8ge est d\u00e9tachable.<\/p>\n<p><strong>Caract\u00e9ristiques principales:<\/strong><\/p>\n<ul>\n<li>Structure en acier laqu\u00e9,<\/li>\n<li>accoudoirs ajustable<\/li>\n<li>repose-pieds et pattes d\u00e9tachables<\/li>\n<li>inclinaison du dossier r\u00e9glable<\/li>\n<li>roulettes et roues en mousse caoutchouteuse<\/li>\n<li>avec signalisation de s\u00e9curit\u00e9.<\/li>\n<li>Charge : 110 Kg<\/li>\n<li>Assise : 43 cm<\/li>\n<li>Vitesse : 0-6 km\/h<\/li>\n<li>Alimentation : 2 x12 V = 24V ( parcourt 20 Km avec boitier x2 batteries compl\u00e9tement charg\u00e9e)<\/li>\n<\/ul>","protected":false},"featured_media":1840,"comment_status":"open","ping_status":"closed","template":"","meta":[],"product_brand":[],"product_cat":[55],"product_tag":[],"class_list":{"0":"post-1838","1":"product","2":"type-product","3":"status-publish","4":"has-post-thumbnail","6":"product_cat-orthopedie-mobilite","8":"first","9":"instock","10":"taxable","11":"shipping-taxable","12":"purchasable","13":"product-type-simple"},"yoast_head":"<!-- This site is optimized with the Yoast SEO plugin v26.9 - https:\/\/yoast.com\/product\/yoast-seo-wordpress\/ -->\n<title>Fauteuil Roulant Electrique Confort 4 Roues - YAZMED<\/title>\n<meta name=\"robots\" content=\"index, follow, max-snippet:-1, max-image-preview:large, max-video-preview:-1\" \/>\n<link rel=\"canonical\" href=\"https:\/\/yazmed.ma\/ar\/product\/fauteuil-roulant-electrique-confort-4-roues\/\" \/>\n<meta property=\"og:locale\" content=\"ar_AR\" \/>\n<meta property=\"og:type\" content=\"article\" \/>\n<meta property=\"og:title\" content=\"Fauteuil Roulant Electrique Confort 4 Roues - YAZMED\" \/>\n<meta property=\"og:description\" content=\"Fauteuil roulant \u00e9lectrique, facile \u00e0\u00a0utiliser, pour utilisation quotidienne \u00e0\u00a0l&#039;int\u00e9rieur .Quand la puissance est insuffisante, il peut \u00eatre utilis\u00e9 comme fauteuil roulant de transit. Le coussin du si\u00e8ge est d\u00e9tachable.  Caract\u00e9ristiques principales:   Structure en acier laqu\u00e9,  accoudoirs ajustable  repose-pieds et pattes d\u00e9tachables  inclinaison du dossier r\u00e9glable  roulettes et roues en mousse caoutchouteuse  avec signalisation de s\u00e9curit\u00e9.  Charge : 110 Kg  Assise : 43 cm  Vitesse : 0-6 km\/h  Alimentation : 2 x12 V = 24V ( parcourt 20 Km avec boitier x2 batteries compl\u00e9tement charg\u00e9e)\" \/>\n<meta property=\"og:url\" content=\"https:\/\/yazmed.ma\/ar\/product\/fauteuil-roulant-electrique-confort-4-roues\/\" \/>\n<meta property=\"og:site_name\" content=\"YAZMED\" \/>\n<meta property=\"article:publisher\" content=\"https:\/\/www.facebook.com\/azenkouky\" \/>\n<meta property=\"article:modified_time\" content=\"2025-01-18T12:51:13+00:00\" \/>\n<meta property=\"og:image\" content=\"https:\/\/yazmed.ma\/wp-content\/uploads\/2025\/01\/90b096e9-0426-4d63-afe8-cc72c6ede589-2.jpg\" \/>\n\t<meta property=\"og:image:width\" content=\"600\" \/>\n\t<meta property=\"og:image:height\" content=\"600\" \/>\n\t<meta property=\"og:image:type\" content=\"image\/jpeg\" \/>\n<meta name=\"twitter:card\" content=\"summary_large_image\" \/>\n<meta name=\"twitter:label1\" content=\"Est. reading time\" \/>\n\t<meta name=\"twitter:data1\" content=\"1 minute\" \/>\n<script type=\"application\/ld+json\" class=\"yoast-schema-graph\">{\"@context\":\"https:\/\/schema.org\",\"@graph\":[{\"@type\":\"WebPage\",\"@id\":\"https:\/\/yazmed.ma\/product\/fauteuil-roulant-electrique-confort-4-roues\/\",\"url\":\"https:\/\/yazmed.ma\/product\/fauteuil-roulant-electrique-confort-4-roues\/\",\"name\":\"Fauteuil Roulant Electrique Confort 4 Roues - YAZMED\",\"isPartOf\":{\"@id\":\"https:\/\/yazmed.ma\/#website\"},\"primaryImageOfPage\":{\"@id\":\"https:\/\/yazmed.ma\/product\/fauteuil-roulant-electrique-confort-4-roues\/#primaryimage\"},\"image\":{\"@id\":\"https:\/\/yazmed.ma\/product\/fauteuil-roulant-electrique-confort-4-roues\/#primaryimage\"},\"thumbnailUrl\":\"https:\/\/yazmed.ma\/wp-content\/uploads\/2025\/01\/90b096e9-0426-4d63-afe8-cc72c6ede589-2.jpg\",\"datePublished\":\"2025-01-18T12:31:43+00:00\",\"dateModified\":\"2025-01-18T12:51:13+00:00\",\"breadcrumb\":{\"@id\":\"https:\/\/yazmed.ma\/product\/fauteuil-roulant-electrique-confort-4-roues\/#breadcrumb\"},\"inLanguage\":\"ary\",\"potentialAction\":[{\"@type\":\"ReadAction\",\"target\":[\"https:\/\/yazmed.ma\/product\/fauteuil-roulant-electrique-confort-4-roues\/\"]}]},{\"@type\":\"ImageObject\",\"inLanguage\":\"ary\",\"@id\":\"https:\/\/yazmed.ma\/product\/fauteuil-roulant-electrique-confort-4-roues\/#primaryimage\",\"url\":\"https:\/\/yazmed.ma\/wp-content\/uploads\/2025\/01\/90b096e9-0426-4d63-afe8-cc72c6ede589-2.jpg\",\"contentUrl\":\"https:\/\/yazmed.ma\/wp-content\/uploads\/2025\/01\/90b096e9-0426-4d63-afe8-cc72c6ede589-2.jpg\",\"width\":600,\"height\":600,\"caption\":\"Fauteuil Roulant Electrique Confort 4 Roues Yazmed Maroc\"},{\"@type\":\"BreadcrumbList\",\"@id\":\"https:\/\/yazmed.ma\/product\/fauteuil-roulant-electrique-confort-4-roues\/#breadcrumb\",\"itemListElement\":[{\"@type\":\"ListItem\",\"position\":1,\"name\":\"Accueil\",\"item\":\"https:\/\/yazmed.ma\/\"},{\"@type\":\"ListItem\",\"position\":2,\"name\":\"Shop\",\"item\":\"https:\/\/yazmed.ma\/shop-2\/\"},{\"@type\":\"ListItem\",\"position\":3,\"name\":\"Fauteuil Roulant Electrique Confort 4 Roues\"}]},{\"@type\":\"WebSite\",\"@id\":\"https:\/\/yazmed.ma\/#website\",\"url\":\"https:\/\/yazmed.ma\/\",\"name\":\"Yazmed\",\"description\":\"LEADER DU MAT\u00c9RIEL M\u00c9DICAL AU MAROC\",\"publisher\":{\"@id\":\"https:\/\/yazmed.ma\/#organization\"},\"potentialAction\":[{\"@type\":\"SearchAction\",\"target\":{\"@type\":\"EntryPoint\",\"urlTemplate\":\"https:\/\/yazmed.ma\/?s={search_term_string}\"},\"query-input\":{\"@type\":\"PropertyValueSpecification\",\"valueRequired\":true,\"valueName\":\"search_term_string\"}}],\"inLanguage\":\"ary\"},{\"@type\":\"Organization\",\"@id\":\"https:\/\/yazmed.ma\/#organization\",\"name\":\"Yazmed Healthcare\",\"url\":\"https:\/\/yazmed.ma\/\",\"logo\":{\"@type\":\"ImageObject\",\"inLanguage\":\"ary\",\"@id\":\"https:\/\/yazmed.ma\/#\/schema\/logo\/image\/\",\"url\":\"https:\/\/yazmed.ma\/wp-content\/uploads\/2024\/12\/3.png\",\"contentUrl\":\"https:\/\/yazmed.ma\/wp-content\/uploads\/2024\/12\/3.png\",\"width\":250,\"height\":70,\"caption\":\"Yazmed Healthcare\"},\"image\":{\"@id\":\"https:\/\/yazmed.ma\/#\/schema\/logo\/image\/\"},\"sameAs\":[\"https:\/\/www.facebook.com\/azenkouky\",\"https:\/\/www.instagram.com\/yazmedhealthcare\",\"https:\/\/www.linkedin.com\/in\/yazmed-healthcare-1b4955295\"]}]}<\/script>\n<!-- \/ Yoast SEO plugin. -->","yoast_head_json":{"title":"Fauteuil Roulant Electrique Confort 4 Roues - YAZMED","robots":{"index":"index","follow":"follow","max-snippet":"max-snippet:-1","max-image-preview":"max-image-preview:large","max-video-preview":"max-video-preview:-1"},"canonical":"https:\/\/yazmed.ma\/ar\/product\/fauteuil-roulant-electrique-confort-4-roues\/","og_locale":"ar_AR","og_type":"article","og_title":"Fauteuil Roulant Electrique Confort 4 Roues - YAZMED","og_description":"Fauteuil roulant \u00e9lectrique, facile \u00e0\u00a0utiliser, pour utilisation quotidienne \u00e0\u00a0l'int\u00e9rieur .Quand la puissance est insuffisante, il peut \u00eatre utilis\u00e9 comme fauteuil roulant de transit. Le coussin du si\u00e8ge est d\u00e9tachable.  Caract\u00e9ristiques principales:   Structure en acier laqu\u00e9,  accoudoirs ajustable  repose-pieds et pattes d\u00e9tachables  inclinaison du dossier r\u00e9glable  roulettes et roues en mousse caoutchouteuse  avec signalisation de s\u00e9curit\u00e9.  Charge : 110 Kg  Assise : 43 cm  Vitesse : 0-6 km\/h  Alimentation : 2 x12 V = 24V ( parcourt 20 Km avec boitier x2 batteries compl\u00e9tement charg\u00e9e)","og_url":"https:\/\/yazmed.ma\/ar\/product\/fauteuil-roulant-electrique-confort-4-roues\/","og_site_name":"YAZMED","article_publisher":"https:\/\/www.facebook.com\/azenkouky","article_modified_time":"2025-01-18T12:51:13+00:00","og_image":[{"width":600,"height":600,"url":"https:\/\/yazmed.ma\/wp-content\/uploads\/2025\/01\/90b096e9-0426-4d63-afe8-cc72c6ede589-2.jpg","type":"image\/jpeg"}],"twitter_card":"summary_large_image","twitter_misc":{"Est. reading time":"1 minute"},"schema":{"@context":"https:\/\/schema.org","@graph":[{"@type":"WebPage","@id":"https:\/\/yazmed.ma\/product\/fauteuil-roulant-electrique-confort-4-roues\/","url":"https:\/\/yazmed.ma\/product\/fauteuil-roulant-electrique-confort-4-roues\/","name":"Fauteuil Roulant Electrique Confort 4 Roues - YAZMED","isPartOf":{"@id":"https:\/\/yazmed.ma\/#website"},"primaryImageOfPage":{"@id":"https:\/\/yazmed.ma\/product\/fauteuil-roulant-electrique-confort-4-roues\/#primaryimage"},"image":{"@id":"https:\/\/yazmed.ma\/product\/fauteuil-roulant-electrique-confort-4-roues\/#primaryimage"},"thumbnailUrl":"https:\/\/yazmed.ma\/wp-content\/uploads\/2025\/01\/90b096e9-0426-4d63-afe8-cc72c6ede589-2.jpg","datePublished":"2025-01-18T12:31:43+00:00","dateModified":"2025-01-18T12:51:13+00:00","breadcrumb":{"@id":"https:\/\/yazmed.ma\/product\/fauteuil-roulant-electrique-confort-4-roues\/#breadcrumb"},"inLanguage":"ary","potentialAction":[{"@type":"ReadAction","target":["https:\/\/yazmed.ma\/product\/fauteuil-roulant-electrique-confort-4-roues\/"]}]},{"@type":"ImageObject","inLanguage":"ary","@id":"https:\/\/yazmed.ma\/product\/fauteuil-roulant-electrique-confort-4-roues\/#primaryimage","url":"https:\/\/yazmed.ma\/wp-content\/uploads\/2025\/01\/90b096e9-0426-4d63-afe8-cc72c6ede589-2.jpg","contentUrl":"https:\/\/yazmed.ma\/wp-content\/uploads\/2025\/01\/90b096e9-0426-4d63-afe8-cc72c6ede589-2.jpg","width":600,"height":600,"caption":"Fauteuil Roulant Electrique Confort 4 Roues Yazmed Maroc"},{"@type":"BreadcrumbList","@id":"https:\/\/yazmed.ma\/product\/fauteuil-roulant-electrique-confort-4-roues\/#breadcrumb","itemListElement":[{"@type":"ListItem","position":1,"name":"Accueil","item":"https:\/\/yazmed.ma\/"},{"@type":"ListItem","position":2,"name":"Shop","item":"https:\/\/yazmed.ma\/shop-2\/"},{"@type":"ListItem","position":3,"name":"Fauteuil Roulant Electrique Confort 4 Roues"}]},{"@type":"WebSite","@id":"https:\/\/yazmed.ma\/#website","url":"https:\/\/yazmed.ma\/","name":"Yazmed","description":"LEADER DU MAT\u00c9RIEL M\u00c9DICAL AU MAROC","publisher":{"@id":"https:\/\/yazmed.ma\/#organization"},"potentialAction":[{"@type":"SearchAction","target":{"@type":"EntryPoint","urlTemplate":"https:\/\/yazmed.ma\/?s={search_term_string}"},"query-input":{"@type":"PropertyValueSpecification","valueRequired":true,"valueName":"search_term_string"}}],"inLanguage":"ary"},{"@type":"Organization","@id":"https:\/\/yazmed.ma\/#organization","name":"Yazmed Healthcare","url":"https:\/\/yazmed.ma\/","logo":{"@type":"ImageObject","inLanguage":"ary","@id":"https:\/\/yazmed.ma\/#\/schema\/logo\/image\/","url":"https:\/\/yazmed.ma\/wp-content\/uploads\/2024\/12\/3.png","contentUrl":"https:\/\/yazmed.ma\/wp-content\/uploads\/2024\/12\/3.png","width":250,"height":70,"caption":"Yazmed Healthcare"},"image":{"@id":"https:\/\/yazmed.ma\/#\/schema\/logo\/image\/"},"sameAs":["https:\/\/www.facebook.com\/azenkouky","https:\/\/www.instagram.com\/yazmedhealthcare","https:\/\/www.linkedin.com\/in\/yazmed-healthcare-1b4955295"]}]}},"_links":{"self":[{"href":"https:\/\/yazmed.ma\/ar\/wp-json\/wp\/v2\/product\/1838","targetHints":{"allow":["GET"]}}],"collection":[{"href":"https:\/\/yazmed.ma\/ar\/wp-json\/wp\/v2\/product"}],"about":[{"href":"https:\/\/yazmed.ma\/ar\/wp-json\/wp\/v2\/types\/product"}],"replies":[{"embeddable":true,"href":"https:\/\/yazmed.ma\/ar\/wp-json\/wp\/v2\/comments?post=1838"}],"version-history":[{"count":0,"href":"https:\/\/yazmed.ma\/ar\/wp-json\/wp\/v2\/product\/1838\/revisions"}],"wp:featuredmedia":[{"embeddable":true,"href":"https:\/\/yazmed.ma\/ar\/wp-json\/wp\/v2\/media\/1840"}],"wp:attachment":[{"href":"https:\/\/yazmed.ma\/ar\/wp-json\/wp\/v2\/media?parent=1838"}],"wp:term":[{"taxonomy":"product_brand","embeddable":true,"href":"https:\/\/yazmed.ma\/ar\/wp-json\/wp\/v2\/product_brand?post=1838"},{"taxonomy":"product_cat","embeddable":true,"href":"https:\/\/yazmed.ma\/ar\/wp-json\/wp\/v2\/product_cat?post=1838"},{"taxonomy":"product_tag","embeddable":true,"href":"https:\/\/yazmed.ma\/ar\/wp-json\/wp\/v2\/product_tag?post=1838"}],"curies":[{"name":"wp","href":"https:\/\/api.w.org\/{rel}","templated":true}]}}