{"id":1827,"date":"2025-01-18T12:00:26","date_gmt":"2025-01-18T12:00:26","guid":{"rendered":"https:\/\/yazmed.ma\/?post_type=product&#038;p=1827"},"modified":"2025-01-28T16:00:04","modified_gmt":"2025-01-28T16:00:04","slug":"genouillere-orthopedique-enveloppante","status":"publish","type":"product","link":"https:\/\/yazmed.ma\/ar\/product\/genouillere-orthopedique-enveloppante\/","title":{"rendered":"GENOUILL\u00c8RE ORTHOP\u00c9DIQUE ENVELOPPANTE"},"content":{"rendered":"","protected":false},"excerpt":{"rendered":"<p>Genouill\u00e8re en mat\u00e9riau textile triple couche transpirant \u00e9lastique, con\u00e7ue avec bourrelet rotulien et rotule ouverte, munie de baleines m\u00e9dio-lat\u00e9rales, ouverture en creux poplit\u00e9 et syst\u00e8me de fermeture enveloppante compos\u00e9 de 2 sangles qui partent de la propre genouill\u00e8re et s&rsquo;enrouleront compl\u00e8tement autour de la cuisse et du mollet, fermeture avec micro crochet.<\/p>\n<p><strong>Effets :<\/strong><\/p>\n<p>Compression, stabilisation et maintien.<\/p>\n<p><strong>Indications :<\/strong><\/p>\n<p>Traitements post-chirurgicaux du genou, ces dispositifs sont indiqu\u00e9s, gr\u00e2ce \u00e0\u00a0 leur design, dans les situations o\u00e0\u00b9 on cherche une adaptation rapide du dispositif ou qui n\u00e9cessitent des variations au niveau de la compression exerc\u00e9e, en fonction de l&rsquo;activit\u00e9 \u00e0\u00a0 r\u00e9aliser. (activit\u00e9s sportives pour lesquelles une compression au moment de l&rsquo;effort m\u00e9canique est n\u00e9cessaire, activit\u00e9s li\u00e9es au travail, etc.). Patients ayant une morphologie difforme ce qui suppose une difficult\u00e9 de mise en place.<\/p>\n<p><strong>Taille :<\/strong>\u00a0unique<\/p>","protected":false},"featured_media":1895,"comment_status":"open","ping_status":"closed","template":"","meta":[],"product_brand":[],"product_cat":[55],"product_tag":[],"class_list":{"0":"post-1827","1":"product","2":"type-product","3":"status-publish","4":"has-post-thumbnail","6":"product_cat-orthopedie-mobilite","8":"first","9":"instock","10":"taxable","11":"shipping-taxable","12":"purchasable","13":"product-type-simple"},"yoast_head":"<!-- This site is optimized with the Yoast SEO plugin v26.9 - https:\/\/yoast.com\/product\/yoast-seo-wordpress\/ -->\n<title>GENOUILL\u00c8RE ORTHOP\u00c9DIQUE ENVELOPPANTE - YAZMED<\/title>\n<meta name=\"robots\" content=\"index, follow, max-snippet:-1, max-image-preview:large, max-video-preview:-1\" \/>\n<link rel=\"canonical\" href=\"https:\/\/yazmed.ma\/ar\/product\/genouillere-orthopedique-enveloppante\/\" \/>\n<meta property=\"og:locale\" content=\"ar_AR\" \/>\n<meta property=\"og:type\" content=\"article\" \/>\n<meta property=\"og:title\" content=\"GENOUILL\u00c8RE ORTHOP\u00c9DIQUE ENVELOPPANTE - YAZMED\" \/>\n<meta property=\"og:description\" content=\"Genouill\u00e8re en mat\u00e9riau textile triple couche transpirant \u00e9lastique, con\u00e7ue avec bourrelet rotulien et rotule ouverte, munie de baleines m\u00e9dio-lat\u00e9rales, ouverture en creux poplit\u00e9 et syst\u00e8me de fermeture enveloppante compos\u00e9 de 2 sangles qui partent de la propre genouill\u00e8re et s&#039;enrouleront compl\u00e8tement autour de la cuisse et du mollet, fermeture avec micro crochet.  Effets :  Compression, stabilisation et maintien.  Indications :  Traitements post-chirurgicaux du genou, ces dispositifs sont indiqu\u00e9s, gr\u00e2ce \u00e0\u00a0 leur design, dans les situations o\u00e0\u00b9 on cherche une adaptation rapide du dispositif ou qui n\u00e9cessitent des variations au niveau de la compression exerc\u00e9e, en fonction de l&#039;activit\u00e9 \u00e0\u00a0 r\u00e9aliser. (activit\u00e9s sportives pour lesquelles une compression au moment de l&#039;effort m\u00e9canique est n\u00e9cessaire, activit\u00e9s li\u00e9es au travail, etc.). Patients ayant une morphologie difforme ce qui suppose une difficult\u00e9 de mise en place.  Taille :\u00a0unique\" \/>\n<meta property=\"og:url\" content=\"https:\/\/yazmed.ma\/ar\/product\/genouillere-orthopedique-enveloppante\/\" \/>\n<meta property=\"og:site_name\" content=\"YAZMED\" \/>\n<meta property=\"article:publisher\" content=\"https:\/\/www.facebook.com\/azenkouky\" \/>\n<meta property=\"article:modified_time\" content=\"2025-01-28T16:00:04+00:00\" \/>\n<meta property=\"og:image\" content=\"https:\/\/yazmed.ma\/wp-content\/uploads\/2025\/01\/Design-sans-titre-70.png\" \/>\n\t<meta property=\"og:image:width\" content=\"570\" \/>\n\t<meta property=\"og:image:height\" content=\"517\" \/>\n\t<meta property=\"og:image:type\" content=\"image\/png\" \/>\n<meta name=\"twitter:card\" content=\"summary_large_image\" \/>\n<meta name=\"twitter:label1\" content=\"Est. reading time\" \/>\n\t<meta name=\"twitter:data1\" content=\"1 minute\" \/>\n<script type=\"application\/ld+json\" class=\"yoast-schema-graph\">{\"@context\":\"https:\/\/schema.org\",\"@graph\":[{\"@type\":\"WebPage\",\"@id\":\"https:\/\/yazmed.ma\/product\/genouillere-orthopedique-enveloppante\/\",\"url\":\"https:\/\/yazmed.ma\/product\/genouillere-orthopedique-enveloppante\/\",\"name\":\"GENOUILL\u00c8RE ORTHOP\u00c9DIQUE ENVELOPPANTE - YAZMED\",\"isPartOf\":{\"@id\":\"https:\/\/yazmed.ma\/#website\"},\"primaryImageOfPage\":{\"@id\":\"https:\/\/yazmed.ma\/product\/genouillere-orthopedique-enveloppante\/#primaryimage\"},\"image\":{\"@id\":\"https:\/\/yazmed.ma\/product\/genouillere-orthopedique-enveloppante\/#primaryimage\"},\"thumbnailUrl\":\"https:\/\/yazmed.ma\/wp-content\/uploads\/2025\/01\/Design-sans-titre-70.png\",\"datePublished\":\"2025-01-18T12:00:26+00:00\",\"dateModified\":\"2025-01-28T16:00:04+00:00\",\"breadcrumb\":{\"@id\":\"https:\/\/yazmed.ma\/product\/genouillere-orthopedique-enveloppante\/#breadcrumb\"},\"inLanguage\":\"ary\",\"potentialAction\":[{\"@type\":\"ReadAction\",\"target\":[\"https:\/\/yazmed.ma\/product\/genouillere-orthopedique-enveloppante\/\"]}]},{\"@type\":\"ImageObject\",\"inLanguage\":\"ary\",\"@id\":\"https:\/\/yazmed.ma\/product\/genouillere-orthopedique-enveloppante\/#primaryimage\",\"url\":\"https:\/\/yazmed.ma\/wp-content\/uploads\/2025\/01\/Design-sans-titre-70.png\",\"contentUrl\":\"https:\/\/yazmed.ma\/wp-content\/uploads\/2025\/01\/Design-sans-titre-70.png\",\"width\":570,\"height\":517,\"caption\":\"GENOUILL\u00c8RE ORTHOP\u00c9DIQUE ENVELOPPANTE Yazmed Maroc\"},{\"@type\":\"BreadcrumbList\",\"@id\":\"https:\/\/yazmed.ma\/product\/genouillere-orthopedique-enveloppante\/#breadcrumb\",\"itemListElement\":[{\"@type\":\"ListItem\",\"position\":1,\"name\":\"Accueil\",\"item\":\"https:\/\/yazmed.ma\/\"},{\"@type\":\"ListItem\",\"position\":2,\"name\":\"Shop\",\"item\":\"https:\/\/yazmed.ma\/shop-2\/\"},{\"@type\":\"ListItem\",\"position\":3,\"name\":\"GENOUILL\u00c8RE ORTHOP\u00c9DIQUE ENVELOPPANTE\"}]},{\"@type\":\"WebSite\",\"@id\":\"https:\/\/yazmed.ma\/#website\",\"url\":\"https:\/\/yazmed.ma\/\",\"name\":\"Yazmed\",\"description\":\"LEADER DU MAT\u00c9RIEL M\u00c9DICAL AU MAROC\",\"publisher\":{\"@id\":\"https:\/\/yazmed.ma\/#organization\"},\"potentialAction\":[{\"@type\":\"SearchAction\",\"target\":{\"@type\":\"EntryPoint\",\"urlTemplate\":\"https:\/\/yazmed.ma\/?s={search_term_string}\"},\"query-input\":{\"@type\":\"PropertyValueSpecification\",\"valueRequired\":true,\"valueName\":\"search_term_string\"}}],\"inLanguage\":\"ary\"},{\"@type\":\"Organization\",\"@id\":\"https:\/\/yazmed.ma\/#organization\",\"name\":\"Yazmed Healthcare\",\"url\":\"https:\/\/yazmed.ma\/\",\"logo\":{\"@type\":\"ImageObject\",\"inLanguage\":\"ary\",\"@id\":\"https:\/\/yazmed.ma\/#\/schema\/logo\/image\/\",\"url\":\"https:\/\/yazmed.ma\/wp-content\/uploads\/2024\/12\/3.png\",\"contentUrl\":\"https:\/\/yazmed.ma\/wp-content\/uploads\/2024\/12\/3.png\",\"width\":250,\"height\":70,\"caption\":\"Yazmed Healthcare\"},\"image\":{\"@id\":\"https:\/\/yazmed.ma\/#\/schema\/logo\/image\/\"},\"sameAs\":[\"https:\/\/www.facebook.com\/azenkouky\",\"https:\/\/www.instagram.com\/yazmedhealthcare\",\"https:\/\/www.linkedin.com\/in\/yazmed-healthcare-1b4955295\"]}]}<\/script>\n<!-- \/ Yoast SEO plugin. -->","yoast_head_json":{"title":"GENOUILL\u00c8RE ORTHOP\u00c9DIQUE ENVELOPPANTE - YAZMED","robots":{"index":"index","follow":"follow","max-snippet":"max-snippet:-1","max-image-preview":"max-image-preview:large","max-video-preview":"max-video-preview:-1"},"canonical":"https:\/\/yazmed.ma\/ar\/product\/genouillere-orthopedique-enveloppante\/","og_locale":"ar_AR","og_type":"article","og_title":"GENOUILL\u00c8RE ORTHOP\u00c9DIQUE ENVELOPPANTE - YAZMED","og_description":"Genouill\u00e8re en mat\u00e9riau textile triple couche transpirant \u00e9lastique, con\u00e7ue avec bourrelet rotulien et rotule ouverte, munie de baleines m\u00e9dio-lat\u00e9rales, ouverture en creux poplit\u00e9 et syst\u00e8me de fermeture enveloppante compos\u00e9 de 2 sangles qui partent de la propre genouill\u00e8re et s'enrouleront compl\u00e8tement autour de la cuisse et du mollet, fermeture avec micro crochet.  Effets :  Compression, stabilisation et maintien.  Indications :  Traitements post-chirurgicaux du genou, ces dispositifs sont indiqu\u00e9s, gr\u00e2ce \u00e0\u00a0 leur design, dans les situations o\u00e0\u00b9 on cherche une adaptation rapide du dispositif ou qui n\u00e9cessitent des variations au niveau de la compression exerc\u00e9e, en fonction de l'activit\u00e9 \u00e0\u00a0 r\u00e9aliser. (activit\u00e9s sportives pour lesquelles une compression au moment de l'effort m\u00e9canique est n\u00e9cessaire, activit\u00e9s li\u00e9es au travail, etc.). Patients ayant une morphologie difforme ce qui suppose une difficult\u00e9 de mise en place.  Taille :\u00a0unique","og_url":"https:\/\/yazmed.ma\/ar\/product\/genouillere-orthopedique-enveloppante\/","og_site_name":"YAZMED","article_publisher":"https:\/\/www.facebook.com\/azenkouky","article_modified_time":"2025-01-28T16:00:04+00:00","og_image":[{"width":570,"height":517,"url":"https:\/\/yazmed.ma\/wp-content\/uploads\/2025\/01\/Design-sans-titre-70.png","type":"image\/png"}],"twitter_card":"summary_large_image","twitter_misc":{"Est. reading time":"1 minute"},"schema":{"@context":"https:\/\/schema.org","@graph":[{"@type":"WebPage","@id":"https:\/\/yazmed.ma\/product\/genouillere-orthopedique-enveloppante\/","url":"https:\/\/yazmed.ma\/product\/genouillere-orthopedique-enveloppante\/","name":"GENOUILL\u00c8RE ORTHOP\u00c9DIQUE ENVELOPPANTE - YAZMED","isPartOf":{"@id":"https:\/\/yazmed.ma\/#website"},"primaryImageOfPage":{"@id":"https:\/\/yazmed.ma\/product\/genouillere-orthopedique-enveloppante\/#primaryimage"},"image":{"@id":"https:\/\/yazmed.ma\/product\/genouillere-orthopedique-enveloppante\/#primaryimage"},"thumbnailUrl":"https:\/\/yazmed.ma\/wp-content\/uploads\/2025\/01\/Design-sans-titre-70.png","datePublished":"2025-01-18T12:00:26+00:00","dateModified":"2025-01-28T16:00:04+00:00","breadcrumb":{"@id":"https:\/\/yazmed.ma\/product\/genouillere-orthopedique-enveloppante\/#breadcrumb"},"inLanguage":"ary","potentialAction":[{"@type":"ReadAction","target":["https:\/\/yazmed.ma\/product\/genouillere-orthopedique-enveloppante\/"]}]},{"@type":"ImageObject","inLanguage":"ary","@id":"https:\/\/yazmed.ma\/product\/genouillere-orthopedique-enveloppante\/#primaryimage","url":"https:\/\/yazmed.ma\/wp-content\/uploads\/2025\/01\/Design-sans-titre-70.png","contentUrl":"https:\/\/yazmed.ma\/wp-content\/uploads\/2025\/01\/Design-sans-titre-70.png","width":570,"height":517,"caption":"GENOUILL\u00c8RE ORTHOP\u00c9DIQUE ENVELOPPANTE Yazmed Maroc"},{"@type":"BreadcrumbList","@id":"https:\/\/yazmed.ma\/product\/genouillere-orthopedique-enveloppante\/#breadcrumb","itemListElement":[{"@type":"ListItem","position":1,"name":"Accueil","item":"https:\/\/yazmed.ma\/"},{"@type":"ListItem","position":2,"name":"Shop","item":"https:\/\/yazmed.ma\/shop-2\/"},{"@type":"ListItem","position":3,"name":"GENOUILL\u00c8RE ORTHOP\u00c9DIQUE ENVELOPPANTE"}]},{"@type":"WebSite","@id":"https:\/\/yazmed.ma\/#website","url":"https:\/\/yazmed.ma\/","name":"Yazmed","description":"LEADER DU MAT\u00c9RIEL M\u00c9DICAL AU MAROC","publisher":{"@id":"https:\/\/yazmed.ma\/#organization"},"potentialAction":[{"@type":"SearchAction","target":{"@type":"EntryPoint","urlTemplate":"https:\/\/yazmed.ma\/?s={search_term_string}"},"query-input":{"@type":"PropertyValueSpecification","valueRequired":true,"valueName":"search_term_string"}}],"inLanguage":"ary"},{"@type":"Organization","@id":"https:\/\/yazmed.ma\/#organization","name":"Yazmed Healthcare","url":"https:\/\/yazmed.ma\/","logo":{"@type":"ImageObject","inLanguage":"ary","@id":"https:\/\/yazmed.ma\/#\/schema\/logo\/image\/","url":"https:\/\/yazmed.ma\/wp-content\/uploads\/2024\/12\/3.png","contentUrl":"https:\/\/yazmed.ma\/wp-content\/uploads\/2024\/12\/3.png","width":250,"height":70,"caption":"Yazmed Healthcare"},"image":{"@id":"https:\/\/yazmed.ma\/#\/schema\/logo\/image\/"},"sameAs":["https:\/\/www.facebook.com\/azenkouky","https:\/\/www.instagram.com\/yazmedhealthcare","https:\/\/www.linkedin.com\/in\/yazmed-healthcare-1b4955295"]}]}},"_links":{"self":[{"href":"https:\/\/yazmed.ma\/ar\/wp-json\/wp\/v2\/product\/1827","targetHints":{"allow":["GET"]}}],"collection":[{"href":"https:\/\/yazmed.ma\/ar\/wp-json\/wp\/v2\/product"}],"about":[{"href":"https:\/\/yazmed.ma\/ar\/wp-json\/wp\/v2\/types\/product"}],"replies":[{"embeddable":true,"href":"https:\/\/yazmed.ma\/ar\/wp-json\/wp\/v2\/comments?post=1827"}],"version-history":[{"count":0,"href":"https:\/\/yazmed.ma\/ar\/wp-json\/wp\/v2\/product\/1827\/revisions"}],"wp:featuredmedia":[{"embeddable":true,"href":"https:\/\/yazmed.ma\/ar\/wp-json\/wp\/v2\/media\/1895"}],"wp:attachment":[{"href":"https:\/\/yazmed.ma\/ar\/wp-json\/wp\/v2\/media?parent=1827"}],"wp:term":[{"taxonomy":"product_brand","embeddable":true,"href":"https:\/\/yazmed.ma\/ar\/wp-json\/wp\/v2\/product_brand?post=1827"},{"taxonomy":"product_cat","embeddable":true,"href":"https:\/\/yazmed.ma\/ar\/wp-json\/wp\/v2\/product_cat?post=1827"},{"taxonomy":"product_tag","embeddable":true,"href":"https:\/\/yazmed.ma\/ar\/wp-json\/wp\/v2\/product_tag?post=1827"}],"curies":[{"name":"wp","href":"https:\/\/api.w.org\/{rel}","templated":true}]}}