{"id":1774,"date":"2025-01-16T16:49:55","date_gmt":"2025-01-16T16:49:55","guid":{"rendered":"https:\/\/yazmed.ma\/?post_type=product&#038;p=1774"},"modified":"2026-02-12T09:40:16","modified_gmt":"2026-02-12T09:40:16","slug":"anios-clean-excel-d-5-l-pre-desinfectant","status":"publish","type":"product","link":"https:\/\/yazmed.ma\/ar\/product\/anios-clean-excel-d-5-l-pre-desinfectant\/","title":{"rendered":"ANIOS CLEAN EXCEL D 5 L"},"content":{"rendered":"<p><img decoding=\"async\" class=\"emoji\" role=\"img\" draggable=\"false\" src=\"https:\/\/s.w.org\/images\/core\/emoji\/16.0.1\/svg\/2705.svg\" alt=\"\u2705\" \/>\u00a0Points forts :<br \/>\n&#8211; Non corrosif vis \u00e0 vis des mat\u00e9riaux<br \/>\n&#8211; Tuberculocide<br \/>\n&#8211; Taux de dilution \u00e9conomique 0,5 %<br \/>\n&#8211; Haut niveau de d\u00e9tergent<br \/>\n&#8211; Association originale de principes actifs en synergie<\/p>\n<p><img decoding=\"async\" class=\"emoji\" role=\"img\" draggable=\"false\" src=\"https:\/\/s.w.org\/images\/core\/emoji\/16.0.1\/svg\/2705.svg\" alt=\"\u2705\" \/>\u00a0Disponible sous diff\u00e9rent conditionnement :<br \/>\n<span class=\"\">&#8211; Bidon de 5 litres (1 pompe de 25ml pour 4 bidon )<\/span><br class=\"\" \/><span class=\"\">&#8211; Flacon de 1 litre avec doseur<\/span><br class=\"\" \/><span class=\"\">&#8211; Sachet de 25 ml\u00a0<\/span><span class=\"\">Conditionnement\u00a0<\/span><\/p>\n<p><img decoding=\"async\" class=\"\" src=\"https:\/\/eclazon.ma\/wp-content\/uploads\/2024\/07\/anios-logo-200x100.jpg\" width=\"138\" height=\"69\" \/><\/p>","protected":false},"excerpt":{"rendered":"<h6><em><strong>\u00a0ANIOS CLEAN EXCEL D 5 L est un pr\u00e9-d\u00e9sinfectant efficace, con\u00e7u pour r\u00e9pondre aux normes d&rsquo;hygi\u00e8ne \u00e9lev\u00e9es dans les \u00e9tablissements de sant\u00e9. Distribu\u00e9 par ANIOS MAROC, ce produit fait partie de la gamme ANIOS EXCEL, garantissant une propret\u00e9 optimale. ANIOS CLEAN EXCEL D 5 L\u00a0<\/strong><\/em><\/h6>\n<p>est indiqu\u00e9 comme\u00a0 le <a class=\"PBBtnStd\" href=\"https:\/\/www.medical-hygiene.com\/nettoyants-predesinfectants-anios-c102x1986310\">Nettoyants pr\u00e9-d\u00e9sinfectants<\/a>des l&rsquo;instrumentation m\u00e9dico-chirurgicale, des dispositifs m\u00e9dicaux, des instruments thermosensibles et du mat\u00e9riel d&rsquo;endoscopie. Ramassage de l\u2019instrumentation souill\u00e9e.<\/p>\n<p>Formulation non corrosive et compatible avec un large panel de mat\u00e9riaux<\/p>\n<p><em><strong>Bidon de 5 litres<\/strong><\/em><\/p>\n<p><img decoding=\"async\" class=\"\" src=\"https:\/\/eclazon.ma\/wp-content\/uploads\/2024\/07\/anios-logo-200x100.jpg\" width=\"102\" height=\"51\" \/><\/p>","protected":false},"featured_media":2942,"comment_status":"open","ping_status":"closed","template":"","meta":[],"product_brand":[191],"product_cat":[56],"product_tag":[254],"class_list":{"0":"post-1774","1":"product","2":"type-product","3":"status-publish","4":"has-post-thumbnail","6":"product_brand-anios","7":"product_cat-sterilisation-hygiene","8":"product_tag-aniosclean-excel-d","10":"first","11":"instock","12":"sale","13":"taxable","14":"shipping-taxable","15":"purchasable","16":"product-type-simple"},"yoast_head":"<!-- This site is optimized with the Yoast SEO plugin v26.9 - https:\/\/yoast.com\/product\/yoast-seo-wordpress\/ -->\n<title>ANIOS CLEAN EXCEL D 5 L - YAZMED<\/title>\n<meta name=\"robots\" content=\"index, follow, max-snippet:-1, max-image-preview:large, max-video-preview:-1\" \/>\n<link rel=\"canonical\" href=\"https:\/\/yazmed.ma\/ar\/product\/anios-clean-excel-d-5-l-pre-desinfectant\/\" \/>\n<meta property=\"og:locale\" content=\"ar_AR\" \/>\n<meta property=\"og:type\" content=\"article\" \/>\n<meta property=\"og:title\" content=\"ANIOS CLEAN EXCEL D 5 L - YAZMED\" \/>\n<meta property=\"og:description\" content=\"\u00a0ANIOS CLEAN EXCEL D 5 L est un pr\u00e9-d\u00e9sinfectant efficace, con\u00e7u pour r\u00e9pondre aux normes d&#039;hygi\u00e8ne \u00e9lev\u00e9es dans les \u00e9tablissements de sant\u00e9. Distribu\u00e9 par ANIOS MAROC, ce produit fait partie de la gamme ANIOS EXCEL, garantissant une propret\u00e9 optimale. ANIOS CLEAN EXCEL D 5 L\u00a0 est indiqu\u00e9 comme\u00a0 le Nettoyants pr\u00e9-d\u00e9sinfectantsdes l&#039;instrumentation m\u00e9dico-chirurgicale, des dispositifs m\u00e9dicaux, des instruments thermosensibles et du mat\u00e9riel d&#039;endoscopie. Ramassage de l\u2019instrumentation souill\u00e9e.  Formulation non corrosive et compatible avec un large panel de mat\u00e9riaux  Bidon de 5 litres\" \/>\n<meta property=\"og:url\" content=\"https:\/\/yazmed.ma\/ar\/product\/anios-clean-excel-d-5-l-pre-desinfectant\/\" \/>\n<meta property=\"og:site_name\" content=\"YAZMED\" \/>\n<meta property=\"article:publisher\" content=\"https:\/\/www.facebook.com\/azenkouky\" \/>\n<meta property=\"article:modified_time\" content=\"2026-02-12T09:40:16+00:00\" \/>\n<meta property=\"og:image\" content=\"https:\/\/yazmed.ma\/wp-content\/uploads\/2025\/01\/ANIOS-CLEAN-EXCEL-D-5-L.webp\" \/>\n\t<meta property=\"og:image:width\" content=\"570\" \/>\n\t<meta property=\"og:image:height\" content=\"517\" \/>\n\t<meta property=\"og:image:type\" content=\"image\/webp\" \/>\n<meta name=\"twitter:card\" content=\"summary_large_image\" \/>\n<meta name=\"twitter:label1\" content=\"Est. reading time\" \/>\n\t<meta name=\"twitter:data1\" content=\"2 minutes\" \/>\n<script type=\"application\/ld+json\" class=\"yoast-schema-graph\">{\"@context\":\"https:\/\/schema.org\",\"@graph\":[{\"@type\":\"WebPage\",\"@id\":\"https:\/\/yazmed.ma\/product\/anios-clean-excel-d-5-l-pre-desinfectant\/\",\"url\":\"https:\/\/yazmed.ma\/product\/anios-clean-excel-d-5-l-pre-desinfectant\/\",\"name\":\"ANIOS CLEAN EXCEL D 5 L - YAZMED\",\"isPartOf\":{\"@id\":\"https:\/\/yazmed.ma\/#website\"},\"primaryImageOfPage\":{\"@id\":\"https:\/\/yazmed.ma\/product\/anios-clean-excel-d-5-l-pre-desinfectant\/#primaryimage\"},\"image\":{\"@id\":\"https:\/\/yazmed.ma\/product\/anios-clean-excel-d-5-l-pre-desinfectant\/#primaryimage\"},\"thumbnailUrl\":\"https:\/\/yazmed.ma\/wp-content\/uploads\/2025\/01\/ANIOS-CLEAN-EXCEL-D-5-L.webp\",\"datePublished\":\"2025-01-16T16:49:55+00:00\",\"dateModified\":\"2026-02-12T09:40:16+00:00\",\"breadcrumb\":{\"@id\":\"https:\/\/yazmed.ma\/product\/anios-clean-excel-d-5-l-pre-desinfectant\/#breadcrumb\"},\"inLanguage\":\"ary\",\"potentialAction\":[{\"@type\":\"ReadAction\",\"target\":[\"https:\/\/yazmed.ma\/product\/anios-clean-excel-d-5-l-pre-desinfectant\/\"]}]},{\"@type\":\"ImageObject\",\"inLanguage\":\"ary\",\"@id\":\"https:\/\/yazmed.ma\/product\/anios-clean-excel-d-5-l-pre-desinfectant\/#primaryimage\",\"url\":\"https:\/\/yazmed.ma\/wp-content\/uploads\/2025\/01\/ANIOS-CLEAN-EXCEL-D-5-L.webp\",\"contentUrl\":\"https:\/\/yazmed.ma\/wp-content\/uploads\/2025\/01\/ANIOS-CLEAN-EXCEL-D-5-L.webp\",\"width\":570,\"height\":517,\"caption\":\"ANIOS CLEAN EXCEL D 5 L\"},{\"@type\":\"BreadcrumbList\",\"@id\":\"https:\/\/yazmed.ma\/product\/anios-clean-excel-d-5-l-pre-desinfectant\/#breadcrumb\",\"itemListElement\":[{\"@type\":\"ListItem\",\"position\":1,\"name\":\"Accueil\",\"item\":\"https:\/\/yazmed.ma\/\"},{\"@type\":\"ListItem\",\"position\":2,\"name\":\"Shop\",\"item\":\"https:\/\/yazmed.ma\/shop-2\/\"},{\"@type\":\"ListItem\",\"position\":3,\"name\":\"ANIOS CLEAN EXCEL D 5 L\"}]},{\"@type\":\"WebSite\",\"@id\":\"https:\/\/yazmed.ma\/#website\",\"url\":\"https:\/\/yazmed.ma\/\",\"name\":\"Yazmed\",\"description\":\"LEADER DU MAT\u00c9RIEL M\u00c9DICAL AU MAROC\",\"publisher\":{\"@id\":\"https:\/\/yazmed.ma\/#organization\"},\"potentialAction\":[{\"@type\":\"SearchAction\",\"target\":{\"@type\":\"EntryPoint\",\"urlTemplate\":\"https:\/\/yazmed.ma\/?s={search_term_string}\"},\"query-input\":{\"@type\":\"PropertyValueSpecification\",\"valueRequired\":true,\"valueName\":\"search_term_string\"}}],\"inLanguage\":\"ary\"},{\"@type\":\"Organization\",\"@id\":\"https:\/\/yazmed.ma\/#organization\",\"name\":\"Yazmed Healthcare\",\"url\":\"https:\/\/yazmed.ma\/\",\"logo\":{\"@type\":\"ImageObject\",\"inLanguage\":\"ary\",\"@id\":\"https:\/\/yazmed.ma\/#\/schema\/logo\/image\/\",\"url\":\"https:\/\/yazmed.ma\/wp-content\/uploads\/2024\/12\/3.png\",\"contentUrl\":\"https:\/\/yazmed.ma\/wp-content\/uploads\/2024\/12\/3.png\",\"width\":250,\"height\":70,\"caption\":\"Yazmed Healthcare\"},\"image\":{\"@id\":\"https:\/\/yazmed.ma\/#\/schema\/logo\/image\/\"},\"sameAs\":[\"https:\/\/www.facebook.com\/azenkouky\",\"https:\/\/www.instagram.com\/yazmedhealthcare\",\"https:\/\/www.linkedin.com\/in\/yazmed-healthcare-1b4955295\"]}]}<\/script>\n<!-- \/ Yoast SEO plugin. -->","yoast_head_json":{"title":"ANIOS CLEAN EXCEL D 5 L - YAZMED","robots":{"index":"index","follow":"follow","max-snippet":"max-snippet:-1","max-image-preview":"max-image-preview:large","max-video-preview":"max-video-preview:-1"},"canonical":"https:\/\/yazmed.ma\/ar\/product\/anios-clean-excel-d-5-l-pre-desinfectant\/","og_locale":"ar_AR","og_type":"article","og_title":"ANIOS CLEAN EXCEL D 5 L - YAZMED","og_description":"\u00a0ANIOS CLEAN EXCEL D 5 L est un pr\u00e9-d\u00e9sinfectant efficace, con\u00e7u pour r\u00e9pondre aux normes d'hygi\u00e8ne \u00e9lev\u00e9es dans les \u00e9tablissements de sant\u00e9. Distribu\u00e9 par ANIOS MAROC, ce produit fait partie de la gamme ANIOS EXCEL, garantissant une propret\u00e9 optimale. ANIOS CLEAN EXCEL D 5 L\u00a0 est indiqu\u00e9 comme\u00a0 le Nettoyants pr\u00e9-d\u00e9sinfectantsdes l'instrumentation m\u00e9dico-chirurgicale, des dispositifs m\u00e9dicaux, des instruments thermosensibles et du mat\u00e9riel d'endoscopie. Ramassage de l\u2019instrumentation souill\u00e9e.  Formulation non corrosive et compatible avec un large panel de mat\u00e9riaux  Bidon de 5 litres","og_url":"https:\/\/yazmed.ma\/ar\/product\/anios-clean-excel-d-5-l-pre-desinfectant\/","og_site_name":"YAZMED","article_publisher":"https:\/\/www.facebook.com\/azenkouky","article_modified_time":"2026-02-12T09:40:16+00:00","og_image":[{"width":570,"height":517,"url":"https:\/\/yazmed.ma\/wp-content\/uploads\/2025\/01\/ANIOS-CLEAN-EXCEL-D-5-L.webp","type":"image\/webp"}],"twitter_card":"summary_large_image","twitter_misc":{"Est. reading time":"2 minutes"},"schema":{"@context":"https:\/\/schema.org","@graph":[{"@type":"WebPage","@id":"https:\/\/yazmed.ma\/product\/anios-clean-excel-d-5-l-pre-desinfectant\/","url":"https:\/\/yazmed.ma\/product\/anios-clean-excel-d-5-l-pre-desinfectant\/","name":"ANIOS CLEAN EXCEL D 5 L - YAZMED","isPartOf":{"@id":"https:\/\/yazmed.ma\/#website"},"primaryImageOfPage":{"@id":"https:\/\/yazmed.ma\/product\/anios-clean-excel-d-5-l-pre-desinfectant\/#primaryimage"},"image":{"@id":"https:\/\/yazmed.ma\/product\/anios-clean-excel-d-5-l-pre-desinfectant\/#primaryimage"},"thumbnailUrl":"https:\/\/yazmed.ma\/wp-content\/uploads\/2025\/01\/ANIOS-CLEAN-EXCEL-D-5-L.webp","datePublished":"2025-01-16T16:49:55+00:00","dateModified":"2026-02-12T09:40:16+00:00","breadcrumb":{"@id":"https:\/\/yazmed.ma\/product\/anios-clean-excel-d-5-l-pre-desinfectant\/#breadcrumb"},"inLanguage":"ary","potentialAction":[{"@type":"ReadAction","target":["https:\/\/yazmed.ma\/product\/anios-clean-excel-d-5-l-pre-desinfectant\/"]}]},{"@type":"ImageObject","inLanguage":"ary","@id":"https:\/\/yazmed.ma\/product\/anios-clean-excel-d-5-l-pre-desinfectant\/#primaryimage","url":"https:\/\/yazmed.ma\/wp-content\/uploads\/2025\/01\/ANIOS-CLEAN-EXCEL-D-5-L.webp","contentUrl":"https:\/\/yazmed.ma\/wp-content\/uploads\/2025\/01\/ANIOS-CLEAN-EXCEL-D-5-L.webp","width":570,"height":517,"caption":"ANIOS CLEAN EXCEL D 5 L"},{"@type":"BreadcrumbList","@id":"https:\/\/yazmed.ma\/product\/anios-clean-excel-d-5-l-pre-desinfectant\/#breadcrumb","itemListElement":[{"@type":"ListItem","position":1,"name":"Accueil","item":"https:\/\/yazmed.ma\/"},{"@type":"ListItem","position":2,"name":"Shop","item":"https:\/\/yazmed.ma\/shop-2\/"},{"@type":"ListItem","position":3,"name":"ANIOS CLEAN EXCEL D 5 L"}]},{"@type":"WebSite","@id":"https:\/\/yazmed.ma\/#website","url":"https:\/\/yazmed.ma\/","name":"Yazmed","description":"LEADER DU MAT\u00c9RIEL M\u00c9DICAL AU MAROC","publisher":{"@id":"https:\/\/yazmed.ma\/#organization"},"potentialAction":[{"@type":"SearchAction","target":{"@type":"EntryPoint","urlTemplate":"https:\/\/yazmed.ma\/?s={search_term_string}"},"query-input":{"@type":"PropertyValueSpecification","valueRequired":true,"valueName":"search_term_string"}}],"inLanguage":"ary"},{"@type":"Organization","@id":"https:\/\/yazmed.ma\/#organization","name":"Yazmed Healthcare","url":"https:\/\/yazmed.ma\/","logo":{"@type":"ImageObject","inLanguage":"ary","@id":"https:\/\/yazmed.ma\/#\/schema\/logo\/image\/","url":"https:\/\/yazmed.ma\/wp-content\/uploads\/2024\/12\/3.png","contentUrl":"https:\/\/yazmed.ma\/wp-content\/uploads\/2024\/12\/3.png","width":250,"height":70,"caption":"Yazmed Healthcare"},"image":{"@id":"https:\/\/yazmed.ma\/#\/schema\/logo\/image\/"},"sameAs":["https:\/\/www.facebook.com\/azenkouky","https:\/\/www.instagram.com\/yazmedhealthcare","https:\/\/www.linkedin.com\/in\/yazmed-healthcare-1b4955295"]}]}},"_links":{"self":[{"href":"https:\/\/yazmed.ma\/ar\/wp-json\/wp\/v2\/product\/1774","targetHints":{"allow":["GET"]}}],"collection":[{"href":"https:\/\/yazmed.ma\/ar\/wp-json\/wp\/v2\/product"}],"about":[{"href":"https:\/\/yazmed.ma\/ar\/wp-json\/wp\/v2\/types\/product"}],"replies":[{"embeddable":true,"href":"https:\/\/yazmed.ma\/ar\/wp-json\/wp\/v2\/comments?post=1774"}],"version-history":[{"count":1,"href":"https:\/\/yazmed.ma\/ar\/wp-json\/wp\/v2\/product\/1774\/revisions"}],"predecessor-version":[{"id":2924,"href":"https:\/\/yazmed.ma\/ar\/wp-json\/wp\/v2\/product\/1774\/revisions\/2924"}],"wp:featuredmedia":[{"embeddable":true,"href":"https:\/\/yazmed.ma\/ar\/wp-json\/wp\/v2\/media\/2942"}],"wp:attachment":[{"href":"https:\/\/yazmed.ma\/ar\/wp-json\/wp\/v2\/media?parent=1774"}],"wp:term":[{"taxonomy":"product_brand","embeddable":true,"href":"https:\/\/yazmed.ma\/ar\/wp-json\/wp\/v2\/product_brand?post=1774"},{"taxonomy":"product_cat","embeddable":true,"href":"https:\/\/yazmed.ma\/ar\/wp-json\/wp\/v2\/product_cat?post=1774"},{"taxonomy":"product_tag","embeddable":true,"href":"https:\/\/yazmed.ma\/ar\/wp-json\/wp\/v2\/product_tag?post=1774"}],"curies":[{"name":"wp","href":"https:\/\/api.w.org\/{rel}","templated":true}]}}