{"id":1766,"date":"2025-01-16T16:24:31","date_gmt":"2025-01-16T16:24:31","guid":{"rendered":"https:\/\/yazmed.ma\/?post_type=product&#038;p=1766"},"modified":"2025-12-17T17:18:56","modified_gmt":"2025-12-17T17:18:56","slug":"conteneur-de-sterilisation-100mm","status":"publish","type":"product","link":"https:\/\/yazmed.ma\/ar\/product\/conteneur-de-sterilisation-100mm\/","title":{"rendered":"CONTENEUR DE STERILISATION 100mm"},"content":{"rendered":"<p><b><img decoding=\"async\" class=\"emoji\" role=\"img\" draggable=\"false\" src=\"https:\/\/s.w.org\/images\/core\/emoji\/16.0.1\/svg\/2705.svg\" alt=\"\u2705\" \/>\u00a0Applications\u00a0<\/b><\/p>\n<p>St\u00e9rilisation Fiable : Id\u00e9al pour les environnements m\u00e9dicaux n\u00e9cessitant une st\u00e9rilisation rigoureuse.<br \/>\nTransport S\u00e9curis\u00e9 : Conception ergonomique pour un transport sans risque.<br \/>\nMaintenance Simplifi\u00e9e : Filtres faciles \u00e0 changer pour une efficacit\u00e9 optimale et une utilisation sans souci.<\/p>\n<p><img decoding=\"async\" class=\"\" src=\"https:\/\/www.hebumedical.com\/typo3conf\/ext\/dev_package\/Resources\/Public\/Images\/logo.png\" width=\"45\" height=\"53\" \/><\/p>","protected":false},"excerpt":{"rendered":"<h3><strong>\u00a0conteneur de st\u00e9rilisation 100mm<\/strong><\/h3>\n<p>est un \u00e9quipement essentiel dans le domaine m\u00e9dical et pharmaceutique, con\u00e7u pour assurer la st\u00e9rilit\u00e9 et la s\u00e9curit\u00e9 des instruments et des mat\u00e9riels sensibles. Fabriqu\u00e9 \u00e0 partir de mat\u00e9riaux de haute qualit\u00e9, ce conteneur garantit une protection efficace contre la contamination et les agents pathog\u00e8nes. Son design ergonomique facilite la manipulation et le transport, tout en respectant les normes strictes de s\u00e9curit\u00e9 et d&rsquo;hygi\u00e8ne. De plus, il est compatible avec diverses m\u00e9thodes de st\u00e9rilisation, offrant ainsi une flexibilit\u00e9 d&rsquo;utilisation dans diff\u00e9rents environnements. L&rsquo;adoption de ce conteneur contribue \u00e0 l&rsquo;optimisation des processus de <b><a title=\"\" href=\"https:\/\/fr.wikipedia.org\/wiki\/St%C3%A9rilisation_(microbiologie)\">St\u00e9rilisation (microbiologie)<\/a><\/b>, garantissant ainsi une prise en charge optimale des patients.<\/p>\n<p><img decoding=\"async\" class=\"\" src=\"https:\/\/www.hebumedical.com\/typo3conf\/ext\/dev_package\/Resources\/Public\/Images\/logo.png\" width=\"45\" height=\"53\" \/><\/p>","protected":false},"featured_media":2973,"comment_status":"open","ping_status":"closed","template":"","meta":[],"product_brand":[],"product_cat":[56],"product_tag":[261],"class_list":{"0":"post-1766","1":"product","2":"type-product","3":"status-publish","4":"has-post-thumbnail","6":"product_cat-sterilisation-hygiene","7":"product_tag-conteneur-de-sterilisation","9":"first","10":"instock","11":"taxable","12":"shipping-taxable","13":"purchasable","14":"product-type-variable"},"yoast_head":"<!-- This site is optimized with the Yoast SEO plugin v26.9 - https:\/\/yoast.com\/product\/yoast-seo-wordpress\/ -->\n<title>CONTENEUR DE STERILISATION 100mm - YAZMED<\/title>\n<meta name=\"robots\" content=\"index, follow, max-snippet:-1, max-image-preview:large, max-video-preview:-1\" \/>\n<link rel=\"canonical\" href=\"https:\/\/yazmed.ma\/ar\/product\/conteneur-de-sterilisation-boite\/\" \/>\n<meta property=\"og:locale\" content=\"ar_AR\" \/>\n<meta property=\"og:type\" content=\"article\" \/>\n<meta property=\"og:title\" content=\"CONTENEUR DE STERILISATION 100mm - YAZMED\" \/>\n<meta property=\"og:description\" content=\"\u00a0conteneur de st\u00e9rilisation 100mm est un \u00e9quipement essentiel dans le domaine m\u00e9dical et pharmaceutique, con\u00e7u pour assurer la st\u00e9rilit\u00e9 et la s\u00e9curit\u00e9 des instruments et des mat\u00e9riels sensibles. Fabriqu\u00e9 \u00e0 partir de mat\u00e9riaux de haute qualit\u00e9, ce conteneur garantit une protection efficace contre la contamination et les agents pathog\u00e8nes. Son design ergonomique facilite la manipulation et le transport, tout en respectant les normes strictes de s\u00e9curit\u00e9 et d&#039;hygi\u00e8ne. De plus, il est compatible avec diverses m\u00e9thodes de st\u00e9rilisation, offrant ainsi une flexibilit\u00e9 d&#039;utilisation dans diff\u00e9rents environnements. L&#039;adoption de ce conteneur contribue \u00e0 l&#039;optimisation des processus de St\u00e9rilisation (microbiologie), garantissant ainsi une prise en charge optimale des patients.\" \/>\n<meta property=\"og:url\" content=\"https:\/\/yazmed.ma\/ar\/product\/conteneur-de-sterilisation-boite\/\" \/>\n<meta property=\"og:site_name\" content=\"YAZMED\" \/>\n<meta property=\"article:publisher\" content=\"https:\/\/www.facebook.com\/azenkouky\" \/>\n<meta property=\"article:modified_time\" content=\"2025-12-17T17:18:56+00:00\" \/>\n<meta property=\"og:image\" content=\"https:\/\/yazmed.ma\/wp-content\/uploads\/2025\/01\/CONTENEUR-DE-STERILISATION_CONTENEUR-DE-STERILISATION_382_1-9.jpeg\" \/>\n\t<meta property=\"og:image:width\" content=\"600\" \/>\n\t<meta property=\"og:image:height\" content=\"600\" \/>\n\t<meta property=\"og:image:type\" content=\"image\/jpeg\" \/>\n<meta name=\"twitter:card\" content=\"summary_large_image\" \/>\n<meta name=\"twitter:label1\" content=\"Est. reading time\" \/>\n\t<meta name=\"twitter:data1\" content=\"1 minute\" \/>\n<script type=\"application\/ld+json\" class=\"yoast-schema-graph\">{\"@context\":\"https:\/\/schema.org\",\"@graph\":[{\"@type\":\"WebPage\",\"@id\":\"https:\/\/yazmed.ma\/product\/conteneur-de-sterilisation-boite\/\",\"url\":\"https:\/\/yazmed.ma\/product\/conteneur-de-sterilisation-boite\/\",\"name\":\"CONTENEUR DE STERILISATION 100mm - YAZMED\",\"isPartOf\":{\"@id\":\"https:\/\/yazmed.ma\/#website\"},\"primaryImageOfPage\":{\"@id\":\"https:\/\/yazmed.ma\/product\/conteneur-de-sterilisation-boite\/#primaryimage\"},\"image\":{\"@id\":\"https:\/\/yazmed.ma\/product\/conteneur-de-sterilisation-boite\/#primaryimage\"},\"thumbnailUrl\":\"https:\/\/yazmed.ma\/wp-content\/uploads\/2025\/01\/CONTENEUR-DE-STERILISATION-100mm.webp\",\"datePublished\":\"2025-01-16T16:24:31+00:00\",\"dateModified\":\"2025-12-17T17:18:56+00:00\",\"breadcrumb\":{\"@id\":\"https:\/\/yazmed.ma\/product\/conteneur-de-sterilisation-boite\/#breadcrumb\"},\"inLanguage\":\"ary\",\"potentialAction\":[{\"@type\":\"ReadAction\",\"target\":[\"https:\/\/yazmed.ma\/product\/conteneur-de-sterilisation-boite\/\"]}]},{\"@type\":\"ImageObject\",\"inLanguage\":\"ary\",\"@id\":\"https:\/\/yazmed.ma\/product\/conteneur-de-sterilisation-boite\/#primaryimage\",\"url\":\"https:\/\/yazmed.ma\/wp-content\/uploads\/2025\/01\/CONTENEUR-DE-STERILISATION-100mm.webp\",\"contentUrl\":\"https:\/\/yazmed.ma\/wp-content\/uploads\/2025\/01\/CONTENEUR-DE-STERILISATION-100mm.webp\",\"width\":570,\"height\":517,\"caption\":\"CONTENEUR DE STERILISATION 100mm\"},{\"@type\":\"BreadcrumbList\",\"@id\":\"https:\/\/yazmed.ma\/product\/conteneur-de-sterilisation-boite\/#breadcrumb\",\"itemListElement\":[{\"@type\":\"ListItem\",\"position\":1,\"name\":\"Accueil\",\"item\":\"https:\/\/yazmed.ma\/\"},{\"@type\":\"ListItem\",\"position\":2,\"name\":\"Shop\",\"item\":\"https:\/\/yazmed.ma\/shop-2\/\"},{\"@type\":\"ListItem\",\"position\":3,\"name\":\"CONTENEUR DE ST\u00c9RILISATION BOITE\"}]},{\"@type\":\"WebSite\",\"@id\":\"https:\/\/yazmed.ma\/#website\",\"url\":\"https:\/\/yazmed.ma\/\",\"name\":\"Yazmed\",\"description\":\"LEADER DU MAT\u00c9RIEL M\u00c9DICAL AU MAROC\",\"publisher\":{\"@id\":\"https:\/\/yazmed.ma\/#organization\"},\"potentialAction\":[{\"@type\":\"SearchAction\",\"target\":{\"@type\":\"EntryPoint\",\"urlTemplate\":\"https:\/\/yazmed.ma\/?s={search_term_string}\"},\"query-input\":{\"@type\":\"PropertyValueSpecification\",\"valueRequired\":true,\"valueName\":\"search_term_string\"}}],\"inLanguage\":\"ary\"},{\"@type\":\"Organization\",\"@id\":\"https:\/\/yazmed.ma\/#organization\",\"name\":\"Yazmed Healthcare\",\"url\":\"https:\/\/yazmed.ma\/\",\"logo\":{\"@type\":\"ImageObject\",\"inLanguage\":\"ary\",\"@id\":\"https:\/\/yazmed.ma\/#\/schema\/logo\/image\/\",\"url\":\"https:\/\/yazmed.ma\/wp-content\/uploads\/2024\/12\/3.png\",\"contentUrl\":\"https:\/\/yazmed.ma\/wp-content\/uploads\/2024\/12\/3.png\",\"width\":250,\"height\":70,\"caption\":\"Yazmed Healthcare\"},\"image\":{\"@id\":\"https:\/\/yazmed.ma\/#\/schema\/logo\/image\/\"},\"sameAs\":[\"https:\/\/www.facebook.com\/azenkouky\",\"https:\/\/www.instagram.com\/yazmedhealthcare\",\"https:\/\/www.linkedin.com\/in\/yazmed-healthcare-1b4955295\"]}]}<\/script>\n<!-- \/ Yoast SEO plugin. -->","yoast_head_json":{"title":"CONTENEUR DE STERILISATION 100mm - YAZMED","robots":{"index":"index","follow":"follow","max-snippet":"max-snippet:-1","max-image-preview":"max-image-preview:large","max-video-preview":"max-video-preview:-1"},"canonical":"https:\/\/yazmed.ma\/ar\/product\/conteneur-de-sterilisation-boite\/","og_locale":"ar_AR","og_type":"article","og_title":"CONTENEUR DE STERILISATION 100mm - YAZMED","og_description":"\u00a0conteneur de st\u00e9rilisation 100mm est un \u00e9quipement essentiel dans le domaine m\u00e9dical et pharmaceutique, con\u00e7u pour assurer la st\u00e9rilit\u00e9 et la s\u00e9curit\u00e9 des instruments et des mat\u00e9riels sensibles. Fabriqu\u00e9 \u00e0 partir de mat\u00e9riaux de haute qualit\u00e9, ce conteneur garantit une protection efficace contre la contamination et les agents pathog\u00e8nes. Son design ergonomique facilite la manipulation et le transport, tout en respectant les normes strictes de s\u00e9curit\u00e9 et d'hygi\u00e8ne. De plus, il est compatible avec diverses m\u00e9thodes de st\u00e9rilisation, offrant ainsi une flexibilit\u00e9 d'utilisation dans diff\u00e9rents environnements. L'adoption de ce conteneur contribue \u00e0 l'optimisation des processus de St\u00e9rilisation (microbiologie), garantissant ainsi une prise en charge optimale des patients.","og_url":"https:\/\/yazmed.ma\/ar\/product\/conteneur-de-sterilisation-boite\/","og_site_name":"YAZMED","article_publisher":"https:\/\/www.facebook.com\/azenkouky","article_modified_time":"2025-12-17T17:18:56+00:00","og_image":[{"width":600,"height":600,"url":"https:\/\/yazmed.ma\/wp-content\/uploads\/2025\/01\/CONTENEUR-DE-STERILISATION_CONTENEUR-DE-STERILISATION_382_1-9.jpeg","type":"image\/jpeg"}],"twitter_card":"summary_large_image","twitter_misc":{"Est. reading time":"1 minute"},"schema":{"@context":"https:\/\/schema.org","@graph":[{"@type":"WebPage","@id":"https:\/\/yazmed.ma\/product\/conteneur-de-sterilisation-boite\/","url":"https:\/\/yazmed.ma\/product\/conteneur-de-sterilisation-boite\/","name":"CONTENEUR DE STERILISATION 100mm - YAZMED","isPartOf":{"@id":"https:\/\/yazmed.ma\/#website"},"primaryImageOfPage":{"@id":"https:\/\/yazmed.ma\/product\/conteneur-de-sterilisation-boite\/#primaryimage"},"image":{"@id":"https:\/\/yazmed.ma\/product\/conteneur-de-sterilisation-boite\/#primaryimage"},"thumbnailUrl":"https:\/\/yazmed.ma\/wp-content\/uploads\/2025\/01\/CONTENEUR-DE-STERILISATION-100mm.webp","datePublished":"2025-01-16T16:24:31+00:00","dateModified":"2025-12-17T17:18:56+00:00","breadcrumb":{"@id":"https:\/\/yazmed.ma\/product\/conteneur-de-sterilisation-boite\/#breadcrumb"},"inLanguage":"ary","potentialAction":[{"@type":"ReadAction","target":["https:\/\/yazmed.ma\/product\/conteneur-de-sterilisation-boite\/"]}]},{"@type":"ImageObject","inLanguage":"ary","@id":"https:\/\/yazmed.ma\/product\/conteneur-de-sterilisation-boite\/#primaryimage","url":"https:\/\/yazmed.ma\/wp-content\/uploads\/2025\/01\/CONTENEUR-DE-STERILISATION-100mm.webp","contentUrl":"https:\/\/yazmed.ma\/wp-content\/uploads\/2025\/01\/CONTENEUR-DE-STERILISATION-100mm.webp","width":570,"height":517,"caption":"CONTENEUR DE STERILISATION 100mm"},{"@type":"BreadcrumbList","@id":"https:\/\/yazmed.ma\/product\/conteneur-de-sterilisation-boite\/#breadcrumb","itemListElement":[{"@type":"ListItem","position":1,"name":"Accueil","item":"https:\/\/yazmed.ma\/"},{"@type":"ListItem","position":2,"name":"Shop","item":"https:\/\/yazmed.ma\/shop-2\/"},{"@type":"ListItem","position":3,"name":"CONTENEUR DE ST\u00c9RILISATION BOITE"}]},{"@type":"WebSite","@id":"https:\/\/yazmed.ma\/#website","url":"https:\/\/yazmed.ma\/","name":"Yazmed","description":"LEADER DU MAT\u00c9RIEL M\u00c9DICAL AU MAROC","publisher":{"@id":"https:\/\/yazmed.ma\/#organization"},"potentialAction":[{"@type":"SearchAction","target":{"@type":"EntryPoint","urlTemplate":"https:\/\/yazmed.ma\/?s={search_term_string}"},"query-input":{"@type":"PropertyValueSpecification","valueRequired":true,"valueName":"search_term_string"}}],"inLanguage":"ary"},{"@type":"Organization","@id":"https:\/\/yazmed.ma\/#organization","name":"Yazmed Healthcare","url":"https:\/\/yazmed.ma\/","logo":{"@type":"ImageObject","inLanguage":"ary","@id":"https:\/\/yazmed.ma\/#\/schema\/logo\/image\/","url":"https:\/\/yazmed.ma\/wp-content\/uploads\/2024\/12\/3.png","contentUrl":"https:\/\/yazmed.ma\/wp-content\/uploads\/2024\/12\/3.png","width":250,"height":70,"caption":"Yazmed Healthcare"},"image":{"@id":"https:\/\/yazmed.ma\/#\/schema\/logo\/image\/"},"sameAs":["https:\/\/www.facebook.com\/azenkouky","https:\/\/www.instagram.com\/yazmedhealthcare","https:\/\/www.linkedin.com\/in\/yazmed-healthcare-1b4955295"]}]}},"_links":{"self":[{"href":"https:\/\/yazmed.ma\/ar\/wp-json\/wp\/v2\/product\/1766","targetHints":{"allow":["GET"]}}],"collection":[{"href":"https:\/\/yazmed.ma\/ar\/wp-json\/wp\/v2\/product"}],"about":[{"href":"https:\/\/yazmed.ma\/ar\/wp-json\/wp\/v2\/types\/product"}],"replies":[{"embeddable":true,"href":"https:\/\/yazmed.ma\/ar\/wp-json\/wp\/v2\/comments?post=1766"}],"version-history":[{"count":1,"href":"https:\/\/yazmed.ma\/ar\/wp-json\/wp\/v2\/product\/1766\/revisions"}],"predecessor-version":[{"id":2972,"href":"https:\/\/yazmed.ma\/ar\/wp-json\/wp\/v2\/product\/1766\/revisions\/2972"}],"wp:featuredmedia":[{"embeddable":true,"href":"https:\/\/yazmed.ma\/ar\/wp-json\/wp\/v2\/media\/2973"}],"wp:attachment":[{"href":"https:\/\/yazmed.ma\/ar\/wp-json\/wp\/v2\/media?parent=1766"}],"wp:term":[{"taxonomy":"product_brand","embeddable":true,"href":"https:\/\/yazmed.ma\/ar\/wp-json\/wp\/v2\/product_brand?post=1766"},{"taxonomy":"product_cat","embeddable":true,"href":"https:\/\/yazmed.ma\/ar\/wp-json\/wp\/v2\/product_cat?post=1766"},{"taxonomy":"product_tag","embeddable":true,"href":"https:\/\/yazmed.ma\/ar\/wp-json\/wp\/v2\/product_tag?post=1766"}],"curies":[{"name":"wp","href":"https:\/\/api.w.org\/{rel}","templated":true}]}}