{"id":1758,"date":"2025-01-16T15:07:49","date_gmt":"2025-01-16T15:07:49","guid":{"rendered":"https:\/\/yazmed.ma\/?post_type=product&#038;p=1758"},"modified":"2025-12-10T15:43:27","modified_gmt":"2025-12-10T15:43:27","slug":"tensiometre-electronique-spengler-42","status":"publish","type":"product","link":"https:\/\/yazmed.ma\/ar\/product\/tensiometre-electronique-spengler-42\/","title":{"rendered":"Tensiom\u00e8tre \u00c9lectronique  Spengler 42"},"content":{"rendered":"<p><img decoding=\"async\" class=\"wp-image-2482\" title=\"download\" src=\"https:\/\/yazmed.ma\/wp-content\/uploads\/2025\/01\/download-300x93.png\" alt=\"download\" width=\"135\" height=\"42\" srcset=\"https:\/\/yazmed.ma\/wp-content\/uploads\/2025\/01\/download-300x93.png 300w, https:\/\/yazmed.ma\/wp-content\/uploads\/2025\/01\/download-18x6.png 18w, https:\/\/yazmed.ma\/wp-content\/uploads\/2025\/01\/download-90x28.png 90w, https:\/\/yazmed.ma\/wp-content\/uploads\/2025\/01\/download.png 396w\" sizes=\"(max-width: 135px) 100vw, 135px\" \/><\/p>","protected":false},"excerpt":{"rendered":"<h5>Tensiom\u00e8tre \u00c9lectronique Au Bras Spengler<\/h5>\n<p>Silencieux et rapide, le tensiom\u00e8tre automatique \u00e0 bras Spengler Autotensio SPG 440 mesure et affiche,<\/p>\n<p>sur son grand \u00e9cran \u00e0 cristaux liquides, la pression art\u00e9rielle systolique, mesurer la\u00a0<a title=\"Pression art\u00e9rielle\" href=\"https:\/\/fr.wikipedia.org\/wiki\/Pression_art%C3%A9rielle\">pression art\u00e9rielle<\/a>.diastolique et la<\/p>\n<p>fr\u00e9quence cardiaque lors du d\u00e9gonflage.<\/p>\n<p>Il fournit une mesure pr\u00e9cise et d\u00e9tectera automatiquement les arythmies.<\/p>\n<p>\u00c9conomique, le tensiom\u00e8tre dispose d&rsquo;un arr\u00eat automatique et vous indiquera \u00e9galement le niveaux de<\/p>\n<p>charge des piles.<\/p>\n<p><img decoding=\"async\" class=\"wp-image-2482\" title=\"download\" src=\"https:\/\/yazmed.ma\/wp-content\/uploads\/2025\/01\/download-300x93.png\" alt=\"download\" width=\"119\" height=\"37\" srcset=\"https:\/\/yazmed.ma\/wp-content\/uploads\/2025\/01\/download-300x93.png 300w, https:\/\/yazmed.ma\/wp-content\/uploads\/2025\/01\/download-18x6.png 18w, https:\/\/yazmed.ma\/wp-content\/uploads\/2025\/01\/download-90x28.png 90w, https:\/\/yazmed.ma\/wp-content\/uploads\/2025\/01\/download.png 396w\" sizes=\"(max-width: 119px) 100vw, 119px\" \/><\/p>","protected":false},"featured_media":1900,"comment_status":"open","ping_status":"closed","template":"","meta":[],"product_brand":[],"product_cat":[50],"product_tag":[97,98],"class_list":{"0":"post-1758","1":"product","2":"type-product","3":"status-publish","4":"has-post-thumbnail","6":"product_cat-appareillages-diagnostic","7":"product_tag-tensiometre-electronique-au-bras-spengler","8":"product_tag-tensiometre-spengler","10":"first","11":"instock","12":"taxable","13":"shipping-taxable","14":"purchasable","15":"product-type-simple"},"yoast_head":"<!-- This site is optimized with the Yoast SEO plugin v26.9 - https:\/\/yoast.com\/product\/yoast-seo-wordpress\/ -->\n<title>Tensiom\u00e8tre \u00c9lectronique Spengler 42 - YAZMED<\/title>\n<meta name=\"robots\" content=\"index, follow, max-snippet:-1, max-image-preview:large, max-video-preview:-1\" \/>\n<link rel=\"canonical\" href=\"https:\/\/yazmed.ma\/ar\/product\/tensiometre-electronique-au-bras-spengler-autotensio-spg-440\/\" \/>\n<meta property=\"og:locale\" content=\"ar_AR\" \/>\n<meta property=\"og:type\" content=\"article\" \/>\n<meta property=\"og:title\" content=\"Tensiom\u00e8tre \u00c9lectronique Spengler 42 - YAZMED\" \/>\n<meta property=\"og:description\" content=\"Tensiom\u00e8tre \u00c9lectronique Au Bras Spengler Silencieux et rapide, le tensiom\u00e8tre automatique \u00e0 bras Spengler Autotensio SPG 440 mesure et affiche,  sur son grand \u00e9cran \u00e0 cristaux liquides, la pression art\u00e9rielle systolique, mesurer la\u00a0pression art\u00e9rielle.diastolique et la  fr\u00e9quence cardiaque lors du d\u00e9gonflage.  Il fournit une mesure pr\u00e9cise et d\u00e9tectera automatiquement les arythmies.  \u00c9conomique, le tensiom\u00e8tre dispose d&#039;un arr\u00eat automatique et vous indiquera \u00e9galement le niveaux de  charge des piles.\" \/>\n<meta property=\"og:url\" content=\"https:\/\/yazmed.ma\/ar\/product\/tensiometre-electronique-au-bras-spengler-autotensio-spg-440\/\" \/>\n<meta property=\"og:site_name\" content=\"YAZMED\" \/>\n<meta property=\"article:publisher\" content=\"https:\/\/www.facebook.com\/azenkouky\" \/>\n<meta property=\"article:modified_time\" content=\"2025-12-10T15:43:27+00:00\" \/>\n<meta property=\"og:image\" content=\"https:\/\/yazmed.ma\/wp-content\/uploads\/2025\/01\/Design-sans-titre-75.png\" \/>\n\t<meta property=\"og:image:width\" content=\"570\" \/>\n\t<meta property=\"og:image:height\" content=\"517\" \/>\n\t<meta property=\"og:image:type\" content=\"image\/png\" \/>\n<meta name=\"twitter:card\" content=\"summary_large_image\" \/>\n<meta name=\"twitter:label1\" content=\"Est. reading time\" \/>\n\t<meta name=\"twitter:data1\" content=\"1 minute\" \/>\n<script type=\"application\/ld+json\" class=\"yoast-schema-graph\">{\"@context\":\"https:\/\/schema.org\",\"@graph\":[{\"@type\":\"WebPage\",\"@id\":\"https:\/\/yazmed.ma\/product\/tensiometre-electronique-au-bras-spengler-autotensio-spg-440\/\",\"url\":\"https:\/\/yazmed.ma\/product\/tensiometre-electronique-au-bras-spengler-autotensio-spg-440\/\",\"name\":\"Tensiom\u00e8tre \u00c9lectronique Spengler 42 - YAZMED\",\"isPartOf\":{\"@id\":\"https:\/\/yazmed.ma\/#website\"},\"primaryImageOfPage\":{\"@id\":\"https:\/\/yazmed.ma\/product\/tensiometre-electronique-au-bras-spengler-autotensio-spg-440\/#primaryimage\"},\"image\":{\"@id\":\"https:\/\/yazmed.ma\/product\/tensiometre-electronique-au-bras-spengler-autotensio-spg-440\/#primaryimage\"},\"thumbnailUrl\":\"https:\/\/yazmed.ma\/wp-content\/uploads\/2025\/01\/Design-sans-titre-75.png\",\"datePublished\":\"2025-01-16T15:07:49+00:00\",\"dateModified\":\"2025-12-10T15:43:27+00:00\",\"breadcrumb\":{\"@id\":\"https:\/\/yazmed.ma\/product\/tensiometre-electronique-au-bras-spengler-autotensio-spg-440\/#breadcrumb\"},\"inLanguage\":\"ary\",\"potentialAction\":[{\"@type\":\"ReadAction\",\"target\":[\"https:\/\/yazmed.ma\/product\/tensiometre-electronique-au-bras-spengler-autotensio-spg-440\/\"]}]},{\"@type\":\"ImageObject\",\"inLanguage\":\"ary\",\"@id\":\"https:\/\/yazmed.ma\/product\/tensiometre-electronique-au-bras-spengler-autotensio-spg-440\/#primaryimage\",\"url\":\"https:\/\/yazmed.ma\/wp-content\/uploads\/2025\/01\/Design-sans-titre-75.png\",\"contentUrl\":\"https:\/\/yazmed.ma\/wp-content\/uploads\/2025\/01\/Design-sans-titre-75.png\",\"width\":570,\"height\":517,\"caption\":\"Tensiom\u00e8tre \u00c9lectronique Au Bras Spengler Yazmed Maroc\"},{\"@type\":\"BreadcrumbList\",\"@id\":\"https:\/\/yazmed.ma\/product\/tensiometre-electronique-au-bras-spengler-autotensio-spg-440\/#breadcrumb\",\"itemListElement\":[{\"@type\":\"ListItem\",\"position\":1,\"name\":\"Accueil\",\"item\":\"https:\/\/yazmed.ma\/\"},{\"@type\":\"ListItem\",\"position\":2,\"name\":\"Shop\",\"item\":\"https:\/\/yazmed.ma\/shop-2\/\"},{\"@type\":\"ListItem\",\"position\":3,\"name\":\"Tensiom\u00e8tre \u00c9lectronique Au Bras Spengler\"}]},{\"@type\":\"WebSite\",\"@id\":\"https:\/\/yazmed.ma\/#website\",\"url\":\"https:\/\/yazmed.ma\/\",\"name\":\"Yazmed\",\"description\":\"LEADER DU MAT\u00c9RIEL M\u00c9DICAL AU MAROC\",\"publisher\":{\"@id\":\"https:\/\/yazmed.ma\/#organization\"},\"potentialAction\":[{\"@type\":\"SearchAction\",\"target\":{\"@type\":\"EntryPoint\",\"urlTemplate\":\"https:\/\/yazmed.ma\/?s={search_term_string}\"},\"query-input\":{\"@type\":\"PropertyValueSpecification\",\"valueRequired\":true,\"valueName\":\"search_term_string\"}}],\"inLanguage\":\"ary\"},{\"@type\":\"Organization\",\"@id\":\"https:\/\/yazmed.ma\/#organization\",\"name\":\"Yazmed Healthcare\",\"url\":\"https:\/\/yazmed.ma\/\",\"logo\":{\"@type\":\"ImageObject\",\"inLanguage\":\"ary\",\"@id\":\"https:\/\/yazmed.ma\/#\/schema\/logo\/image\/\",\"url\":\"https:\/\/yazmed.ma\/wp-content\/uploads\/2024\/12\/3.png\",\"contentUrl\":\"https:\/\/yazmed.ma\/wp-content\/uploads\/2024\/12\/3.png\",\"width\":250,\"height\":70,\"caption\":\"Yazmed Healthcare\"},\"image\":{\"@id\":\"https:\/\/yazmed.ma\/#\/schema\/logo\/image\/\"},\"sameAs\":[\"https:\/\/www.facebook.com\/azenkouky\",\"https:\/\/www.instagram.com\/yazmedhealthcare\",\"https:\/\/www.linkedin.com\/in\/yazmed-healthcare-1b4955295\"]}]}<\/script>\n<!-- \/ Yoast SEO plugin. -->","yoast_head_json":{"title":"Tensiom\u00e8tre \u00c9lectronique Spengler 42 - YAZMED","robots":{"index":"index","follow":"follow","max-snippet":"max-snippet:-1","max-image-preview":"max-image-preview:large","max-video-preview":"max-video-preview:-1"},"canonical":"https:\/\/yazmed.ma\/ar\/product\/tensiometre-electronique-au-bras-spengler-autotensio-spg-440\/","og_locale":"ar_AR","og_type":"article","og_title":"Tensiom\u00e8tre \u00c9lectronique Spengler 42 - YAZMED","og_description":"Tensiom\u00e8tre \u00c9lectronique Au Bras Spengler Silencieux et rapide, le tensiom\u00e8tre automatique \u00e0 bras Spengler Autotensio SPG 440 mesure et affiche,  sur son grand \u00e9cran \u00e0 cristaux liquides, la pression art\u00e9rielle systolique, mesurer la\u00a0pression art\u00e9rielle.diastolique et la  fr\u00e9quence cardiaque lors du d\u00e9gonflage.  Il fournit une mesure pr\u00e9cise et d\u00e9tectera automatiquement les arythmies.  \u00c9conomique, le tensiom\u00e8tre dispose d'un arr\u00eat automatique et vous indiquera \u00e9galement le niveaux de  charge des piles.","og_url":"https:\/\/yazmed.ma\/ar\/product\/tensiometre-electronique-au-bras-spengler-autotensio-spg-440\/","og_site_name":"YAZMED","article_publisher":"https:\/\/www.facebook.com\/azenkouky","article_modified_time":"2025-12-10T15:43:27+00:00","og_image":[{"width":570,"height":517,"url":"https:\/\/yazmed.ma\/wp-content\/uploads\/2025\/01\/Design-sans-titre-75.png","type":"image\/png"}],"twitter_card":"summary_large_image","twitter_misc":{"Est. reading time":"1 minute"},"schema":{"@context":"https:\/\/schema.org","@graph":[{"@type":"WebPage","@id":"https:\/\/yazmed.ma\/product\/tensiometre-electronique-au-bras-spengler-autotensio-spg-440\/","url":"https:\/\/yazmed.ma\/product\/tensiometre-electronique-au-bras-spengler-autotensio-spg-440\/","name":"Tensiom\u00e8tre \u00c9lectronique Spengler 42 - YAZMED","isPartOf":{"@id":"https:\/\/yazmed.ma\/#website"},"primaryImageOfPage":{"@id":"https:\/\/yazmed.ma\/product\/tensiometre-electronique-au-bras-spengler-autotensio-spg-440\/#primaryimage"},"image":{"@id":"https:\/\/yazmed.ma\/product\/tensiometre-electronique-au-bras-spengler-autotensio-spg-440\/#primaryimage"},"thumbnailUrl":"https:\/\/yazmed.ma\/wp-content\/uploads\/2025\/01\/Design-sans-titre-75.png","datePublished":"2025-01-16T15:07:49+00:00","dateModified":"2025-12-10T15:43:27+00:00","breadcrumb":{"@id":"https:\/\/yazmed.ma\/product\/tensiometre-electronique-au-bras-spengler-autotensio-spg-440\/#breadcrumb"},"inLanguage":"ary","potentialAction":[{"@type":"ReadAction","target":["https:\/\/yazmed.ma\/product\/tensiometre-electronique-au-bras-spengler-autotensio-spg-440\/"]}]},{"@type":"ImageObject","inLanguage":"ary","@id":"https:\/\/yazmed.ma\/product\/tensiometre-electronique-au-bras-spengler-autotensio-spg-440\/#primaryimage","url":"https:\/\/yazmed.ma\/wp-content\/uploads\/2025\/01\/Design-sans-titre-75.png","contentUrl":"https:\/\/yazmed.ma\/wp-content\/uploads\/2025\/01\/Design-sans-titre-75.png","width":570,"height":517,"caption":"Tensiom\u00e8tre \u00c9lectronique Au Bras Spengler Yazmed Maroc"},{"@type":"BreadcrumbList","@id":"https:\/\/yazmed.ma\/product\/tensiometre-electronique-au-bras-spengler-autotensio-spg-440\/#breadcrumb","itemListElement":[{"@type":"ListItem","position":1,"name":"Accueil","item":"https:\/\/yazmed.ma\/"},{"@type":"ListItem","position":2,"name":"Shop","item":"https:\/\/yazmed.ma\/shop-2\/"},{"@type":"ListItem","position":3,"name":"Tensiom\u00e8tre \u00c9lectronique Au Bras Spengler"}]},{"@type":"WebSite","@id":"https:\/\/yazmed.ma\/#website","url":"https:\/\/yazmed.ma\/","name":"Yazmed","description":"LEADER DU MAT\u00c9RIEL M\u00c9DICAL AU MAROC","publisher":{"@id":"https:\/\/yazmed.ma\/#organization"},"potentialAction":[{"@type":"SearchAction","target":{"@type":"EntryPoint","urlTemplate":"https:\/\/yazmed.ma\/?s={search_term_string}"},"query-input":{"@type":"PropertyValueSpecification","valueRequired":true,"valueName":"search_term_string"}}],"inLanguage":"ary"},{"@type":"Organization","@id":"https:\/\/yazmed.ma\/#organization","name":"Yazmed Healthcare","url":"https:\/\/yazmed.ma\/","logo":{"@type":"ImageObject","inLanguage":"ary","@id":"https:\/\/yazmed.ma\/#\/schema\/logo\/image\/","url":"https:\/\/yazmed.ma\/wp-content\/uploads\/2024\/12\/3.png","contentUrl":"https:\/\/yazmed.ma\/wp-content\/uploads\/2024\/12\/3.png","width":250,"height":70,"caption":"Yazmed Healthcare"},"image":{"@id":"https:\/\/yazmed.ma\/#\/schema\/logo\/image\/"},"sameAs":["https:\/\/www.facebook.com\/azenkouky","https:\/\/www.instagram.com\/yazmedhealthcare","https:\/\/www.linkedin.com\/in\/yazmed-healthcare-1b4955295"]}]}},"_links":{"self":[{"href":"https:\/\/yazmed.ma\/ar\/wp-json\/wp\/v2\/product\/1758","targetHints":{"allow":["GET"]}}],"collection":[{"href":"https:\/\/yazmed.ma\/ar\/wp-json\/wp\/v2\/product"}],"about":[{"href":"https:\/\/yazmed.ma\/ar\/wp-json\/wp\/v2\/types\/product"}],"replies":[{"embeddable":true,"href":"https:\/\/yazmed.ma\/ar\/wp-json\/wp\/v2\/comments?post=1758"}],"version-history":[{"count":1,"href":"https:\/\/yazmed.ma\/ar\/wp-json\/wp\/v2\/product\/1758\/revisions"}],"predecessor-version":[{"id":2917,"href":"https:\/\/yazmed.ma\/ar\/wp-json\/wp\/v2\/product\/1758\/revisions\/2917"}],"wp:featuredmedia":[{"embeddable":true,"href":"https:\/\/yazmed.ma\/ar\/wp-json\/wp\/v2\/media\/1900"}],"wp:attachment":[{"href":"https:\/\/yazmed.ma\/ar\/wp-json\/wp\/v2\/media?parent=1758"}],"wp:term":[{"taxonomy":"product_brand","embeddable":true,"href":"https:\/\/yazmed.ma\/ar\/wp-json\/wp\/v2\/product_brand?post=1758"},{"taxonomy":"product_cat","embeddable":true,"href":"https:\/\/yazmed.ma\/ar\/wp-json\/wp\/v2\/product_cat?post=1758"},{"taxonomy":"product_tag","embeddable":true,"href":"https:\/\/yazmed.ma\/ar\/wp-json\/wp\/v2\/product_tag?post=1758"}],"curies":[{"name":"wp","href":"https:\/\/api.w.org\/{rel}","templated":true}]}}