{"id":1726,"date":"2025-01-10T20:14:59","date_gmt":"2025-01-10T20:14:59","guid":{"rendered":"https:\/\/yazmed.ma\/?post_type=product&#038;p=1726"},"modified":"2025-06-18T09:16:43","modified_gmt":"2025-06-18T09:16:43","slug":"sonde-ureterale-double-jj-urologie","status":"publish","type":"product","link":"https:\/\/yazmed.ma\/ar\/product\/sonde-ureterale-double-jj-urologie\/","title":{"rendered":"SONDE  DOUBLE JJ UROLOGIE"},"content":{"rendered":"<p>sonde double J , \u00e9galement appel\u00e9e La sonde JJ ou endoproth\u00e8se ur\u00e9t\u00e9rale, est un dispositif d&rsquo;urologie. Il s&rsquo;agit d&rsquo;une fine sonde introduite dans l&rsquo;uret\u00e8re, dont la fonction est d&rsquo;assurer l&rsquo;\u00e9coulement de l&rsquo;urine du rein vers la vessie.<\/p>\n<p>Les avantages de la pose de sonde JJ sont nombreux. Cette proc\u00e9dure peut aider \u00e0 diagnostiquer et \u00e0 traiter rapidement les infections urinaires et la vessie neurog\u00e8ne. Elle peut \u00e9galement \u00eatre utilis\u00e9e pour soulager le blocage des voies urinaires et am\u00e9liorer le drainage de l&rsquo;urine. Enfin, elle est consid\u00e9r\u00e9e comme une proc\u00e9dure s\u00fbre et relativement peu invasive qui peut \u00eatre effectu\u00e9e en ambulatoire.<br \/>\nUne sonde double J est une endoproth\u00e8se (proth\u00e8se interne) qui va du bassinet du rein vers la vessie. Cette sonde est tubulaire et perfor\u00e9e de nombreux trous afin que les urines puissent passer \u00e0 l&rsquo;int\u00e9rieur.<\/p>\n<p>\u200bCette sonde permet de forcer le drainage des urines vers la vessie et est mise en place afin de traiter ou de pr\u00e9venir une obstruction du rein.<\/p>\n<p>\u200bLa mise en place se fait par les voies naturelles sous anesth\u00e9sie g\u00e9n\u00e9rale. Rarement, lorsque la pose ne peut se faire par les voies naturelles, il est n\u00e9cessaire de passer par le rein (n\u00e9phrostomie).<\/p>\n<p>\u200bCette sonde est parfois mal tol\u00e9r\u00e9e, entrainant des douleurs, du sang dans les urines ou une sensation de cystite. Son maintien doit \u00eatre le plus court possible et cette dur\u00e9e d\u00e9pend de la pathologie. En cas de maintien prolong\u00e9, la sonde doit \u00eatre chang\u00e9e apr\u00e8s plusieurs mois<\/p>","protected":false},"excerpt":{"rendered":"<p><strong>sonde double J (ou sonde JJ) est une fine sonde en plastique d\u2019environ 2 mm de diam\u00e8tre, plac\u00e9e dans l\u2019uret\u00e8re.<br \/>\nSon r\u00f4le est d\u2019assurer l\u2019acheminement de l\u2019urine provenant du rein vers la vessie, lorsqu\u2019il existe un obstacle ur\u00e9t\u00e9ral.<\/strong><br \/>\n\u2013 Mati\u00e8re\u00a0: en polyur\u00e9thane (plastique souple)<br \/>\n\u2013 Sonde sans guide, \u00e0 court terme<br \/>\n\u2013 Taille : CH 6 \/ 26 cm -CH 7 \/ 28 cm<br \/>\n\u2013 Conditionnement sous emballage individuel st\u00e9rile<br \/>\n\u2013 Boite de 20<\/p>","protected":false},"featured_media":2245,"comment_status":"open","ping_status":"closed","template":"","meta":[],"product_brand":[],"product_cat":[52],"product_tag":[],"class_list":{"0":"post-1726","1":"product","2":"type-product","3":"status-publish","4":"has-post-thumbnail","6":"product_cat-consommable-medical","8":"first","9":"instock","10":"taxable","11":"shipping-taxable","12":"purchasable","13":"product-type-variable"},"yoast_head":"<!-- This site is optimized with the Yoast SEO plugin v26.9 - https:\/\/yoast.com\/product\/yoast-seo-wordpress\/ -->\n<title>SONDE DOUBLE JJ UROLOGIE - YAZMED<\/title>\n<meta name=\"robots\" content=\"index, follow, max-snippet:-1, max-image-preview:large, max-video-preview:-1\" \/>\n<link rel=\"canonical\" href=\"https:\/\/yazmed.ma\/ar\/product\/sonde-ureterale-double-jj-urologie\/\" \/>\n<meta property=\"og:locale\" content=\"ar_AR\" \/>\n<meta property=\"og:type\" content=\"article\" \/>\n<meta property=\"og:title\" content=\"SONDE DOUBLE JJ UROLOGIE - YAZMED\" \/>\n<meta property=\"og:description\" content=\"sonde double J (ou sonde JJ) est une fine sonde en plastique d\u2019environ 2 mm de diam\u00e8tre, plac\u00e9e dans l\u2019uret\u00e8re. Son r\u00f4le est d\u2019assurer l\u2019acheminement de l\u2019urine provenant du rein vers la vessie, lorsqu\u2019il existe un obstacle ur\u00e9t\u00e9ral. \u2013 Mati\u00e8re\u00a0: en polyur\u00e9thane (plastique souple) \u2013 Sonde sans guide, \u00e0 court terme \u2013 Taille : CH 6 \/ 26 cm -CH 7 \/ 28 cm \u2013 Conditionnement sous emballage individuel st\u00e9rile \u2013 Boite de 20\" \/>\n<meta property=\"og:url\" content=\"https:\/\/yazmed.ma\/ar\/product\/sonde-ureterale-double-jj-urologie\/\" \/>\n<meta property=\"og:site_name\" content=\"YAZMED\" \/>\n<meta property=\"article:publisher\" content=\"https:\/\/www.facebook.com\/azenkouky\" \/>\n<meta property=\"article:modified_time\" content=\"2025-06-18T09:16:43+00:00\" \/>\n<meta property=\"og:image\" content=\"https:\/\/yazmed.ma\/wp-content\/uploads\/2025\/01\/62bd5144a3759.jpg\" \/>\n\t<meta property=\"og:image:width\" content=\"1000\" \/>\n\t<meta property=\"og:image:height\" content=\"1000\" \/>\n\t<meta property=\"og:image:type\" content=\"image\/jpeg\" \/>\n<meta name=\"twitter:card\" content=\"summary_large_image\" \/>\n<script type=\"application\/ld+json\" class=\"yoast-schema-graph\">{\"@context\":\"https:\/\/schema.org\",\"@graph\":[{\"@type\":\"WebPage\",\"@id\":\"https:\/\/yazmed.ma\/product\/sonde-ureterale-double-jj-urologie\/\",\"url\":\"https:\/\/yazmed.ma\/product\/sonde-ureterale-double-jj-urologie\/\",\"name\":\"SONDE DOUBLE JJ UROLOGIE - YAZMED\",\"isPartOf\":{\"@id\":\"https:\/\/yazmed.ma\/#website\"},\"primaryImageOfPage\":{\"@id\":\"https:\/\/yazmed.ma\/product\/sonde-ureterale-double-jj-urologie\/#primaryimage\"},\"image\":{\"@id\":\"https:\/\/yazmed.ma\/product\/sonde-ureterale-double-jj-urologie\/#primaryimage\"},\"thumbnailUrl\":\"https:\/\/yazmed.ma\/wp-content\/uploads\/2025\/01\/SONDE-JJ-CH-26-1.png\",\"datePublished\":\"2025-01-10T20:14:59+00:00\",\"dateModified\":\"2025-06-18T09:16:43+00:00\",\"breadcrumb\":{\"@id\":\"https:\/\/yazmed.ma\/product\/sonde-ureterale-double-jj-urologie\/#breadcrumb\"},\"inLanguage\":\"ary\",\"potentialAction\":[{\"@type\":\"ReadAction\",\"target\":[\"https:\/\/yazmed.ma\/product\/sonde-ureterale-double-jj-urologie\/\"]}]},{\"@type\":\"ImageObject\",\"inLanguage\":\"ary\",\"@id\":\"https:\/\/yazmed.ma\/product\/sonde-ureterale-double-jj-urologie\/#primaryimage\",\"url\":\"https:\/\/yazmed.ma\/wp-content\/uploads\/2025\/01\/SONDE-JJ-CH-26-1.png\",\"contentUrl\":\"https:\/\/yazmed.ma\/wp-content\/uploads\/2025\/01\/SONDE-JJ-CH-26-1.png\",\"width\":570,\"height\":517,\"caption\":\"SONDE JJ CH 26 1 Yazmed Maroc\"},{\"@type\":\"BreadcrumbList\",\"@id\":\"https:\/\/yazmed.ma\/product\/sonde-ureterale-double-jj-urologie\/#breadcrumb\",\"itemListElement\":[{\"@type\":\"ListItem\",\"position\":1,\"name\":\"Accueil\",\"item\":\"https:\/\/yazmed.ma\/\"},{\"@type\":\"ListItem\",\"position\":2,\"name\":\"Shop\",\"item\":\"https:\/\/yazmed.ma\/shop-2\/\"},{\"@type\":\"ListItem\",\"position\":3,\"name\":\"SONDE UR\u00c9T\u00c9RALE DOUBLE JJ UROLOGIE\"}]},{\"@type\":\"WebSite\",\"@id\":\"https:\/\/yazmed.ma\/#website\",\"url\":\"https:\/\/yazmed.ma\/\",\"name\":\"Yazmed\",\"description\":\"LEADER DU MAT\u00c9RIEL M\u00c9DICAL AU MAROC\",\"publisher\":{\"@id\":\"https:\/\/yazmed.ma\/#organization\"},\"potentialAction\":[{\"@type\":\"SearchAction\",\"target\":{\"@type\":\"EntryPoint\",\"urlTemplate\":\"https:\/\/yazmed.ma\/?s={search_term_string}\"},\"query-input\":{\"@type\":\"PropertyValueSpecification\",\"valueRequired\":true,\"valueName\":\"search_term_string\"}}],\"inLanguage\":\"ary\"},{\"@type\":\"Organization\",\"@id\":\"https:\/\/yazmed.ma\/#organization\",\"name\":\"Yazmed Healthcare\",\"url\":\"https:\/\/yazmed.ma\/\",\"logo\":{\"@type\":\"ImageObject\",\"inLanguage\":\"ary\",\"@id\":\"https:\/\/yazmed.ma\/#\/schema\/logo\/image\/\",\"url\":\"https:\/\/yazmed.ma\/wp-content\/uploads\/2024\/12\/3.png\",\"contentUrl\":\"https:\/\/yazmed.ma\/wp-content\/uploads\/2024\/12\/3.png\",\"width\":250,\"height\":70,\"caption\":\"Yazmed Healthcare\"},\"image\":{\"@id\":\"https:\/\/yazmed.ma\/#\/schema\/logo\/image\/\"},\"sameAs\":[\"https:\/\/www.facebook.com\/azenkouky\",\"https:\/\/www.instagram.com\/yazmedhealthcare\",\"https:\/\/www.linkedin.com\/in\/yazmed-healthcare-1b4955295\"]}]}<\/script>\n<!-- \/ Yoast SEO plugin. -->","yoast_head_json":{"title":"SONDE DOUBLE JJ UROLOGIE - YAZMED","robots":{"index":"index","follow":"follow","max-snippet":"max-snippet:-1","max-image-preview":"max-image-preview:large","max-video-preview":"max-video-preview:-1"},"canonical":"https:\/\/yazmed.ma\/ar\/product\/sonde-ureterale-double-jj-urologie\/","og_locale":"ar_AR","og_type":"article","og_title":"SONDE DOUBLE JJ UROLOGIE - YAZMED","og_description":"sonde double J (ou sonde JJ) est une fine sonde en plastique d\u2019environ 2 mm de diam\u00e8tre, plac\u00e9e dans l\u2019uret\u00e8re. Son r\u00f4le est d\u2019assurer l\u2019acheminement de l\u2019urine provenant du rein vers la vessie, lorsqu\u2019il existe un obstacle ur\u00e9t\u00e9ral. \u2013 Mati\u00e8re\u00a0: en polyur\u00e9thane (plastique souple) \u2013 Sonde sans guide, \u00e0 court terme \u2013 Taille : CH 6 \/ 26 cm -CH 7 \/ 28 cm \u2013 Conditionnement sous emballage individuel st\u00e9rile \u2013 Boite de 20","og_url":"https:\/\/yazmed.ma\/ar\/product\/sonde-ureterale-double-jj-urologie\/","og_site_name":"YAZMED","article_publisher":"https:\/\/www.facebook.com\/azenkouky","article_modified_time":"2025-06-18T09:16:43+00:00","og_image":[{"width":1000,"height":1000,"url":"https:\/\/yazmed.ma\/wp-content\/uploads\/2025\/01\/62bd5144a3759.jpg","type":"image\/jpeg"}],"twitter_card":"summary_large_image","schema":{"@context":"https:\/\/schema.org","@graph":[{"@type":"WebPage","@id":"https:\/\/yazmed.ma\/product\/sonde-ureterale-double-jj-urologie\/","url":"https:\/\/yazmed.ma\/product\/sonde-ureterale-double-jj-urologie\/","name":"SONDE DOUBLE JJ UROLOGIE - YAZMED","isPartOf":{"@id":"https:\/\/yazmed.ma\/#website"},"primaryImageOfPage":{"@id":"https:\/\/yazmed.ma\/product\/sonde-ureterale-double-jj-urologie\/#primaryimage"},"image":{"@id":"https:\/\/yazmed.ma\/product\/sonde-ureterale-double-jj-urologie\/#primaryimage"},"thumbnailUrl":"https:\/\/yazmed.ma\/wp-content\/uploads\/2025\/01\/SONDE-JJ-CH-26-1.png","datePublished":"2025-01-10T20:14:59+00:00","dateModified":"2025-06-18T09:16:43+00:00","breadcrumb":{"@id":"https:\/\/yazmed.ma\/product\/sonde-ureterale-double-jj-urologie\/#breadcrumb"},"inLanguage":"ary","potentialAction":[{"@type":"ReadAction","target":["https:\/\/yazmed.ma\/product\/sonde-ureterale-double-jj-urologie\/"]}]},{"@type":"ImageObject","inLanguage":"ary","@id":"https:\/\/yazmed.ma\/product\/sonde-ureterale-double-jj-urologie\/#primaryimage","url":"https:\/\/yazmed.ma\/wp-content\/uploads\/2025\/01\/SONDE-JJ-CH-26-1.png","contentUrl":"https:\/\/yazmed.ma\/wp-content\/uploads\/2025\/01\/SONDE-JJ-CH-26-1.png","width":570,"height":517,"caption":"SONDE JJ CH 26 1 Yazmed Maroc"},{"@type":"BreadcrumbList","@id":"https:\/\/yazmed.ma\/product\/sonde-ureterale-double-jj-urologie\/#breadcrumb","itemListElement":[{"@type":"ListItem","position":1,"name":"Accueil","item":"https:\/\/yazmed.ma\/"},{"@type":"ListItem","position":2,"name":"Shop","item":"https:\/\/yazmed.ma\/shop-2\/"},{"@type":"ListItem","position":3,"name":"SONDE UR\u00c9T\u00c9RALE DOUBLE JJ UROLOGIE"}]},{"@type":"WebSite","@id":"https:\/\/yazmed.ma\/#website","url":"https:\/\/yazmed.ma\/","name":"Yazmed","description":"LEADER DU MAT\u00c9RIEL M\u00c9DICAL AU MAROC","publisher":{"@id":"https:\/\/yazmed.ma\/#organization"},"potentialAction":[{"@type":"SearchAction","target":{"@type":"EntryPoint","urlTemplate":"https:\/\/yazmed.ma\/?s={search_term_string}"},"query-input":{"@type":"PropertyValueSpecification","valueRequired":true,"valueName":"search_term_string"}}],"inLanguage":"ary"},{"@type":"Organization","@id":"https:\/\/yazmed.ma\/#organization","name":"Yazmed Healthcare","url":"https:\/\/yazmed.ma\/","logo":{"@type":"ImageObject","inLanguage":"ary","@id":"https:\/\/yazmed.ma\/#\/schema\/logo\/image\/","url":"https:\/\/yazmed.ma\/wp-content\/uploads\/2024\/12\/3.png","contentUrl":"https:\/\/yazmed.ma\/wp-content\/uploads\/2024\/12\/3.png","width":250,"height":70,"caption":"Yazmed Healthcare"},"image":{"@id":"https:\/\/yazmed.ma\/#\/schema\/logo\/image\/"},"sameAs":["https:\/\/www.facebook.com\/azenkouky","https:\/\/www.instagram.com\/yazmedhealthcare","https:\/\/www.linkedin.com\/in\/yazmed-healthcare-1b4955295"]}]}},"_links":{"self":[{"href":"https:\/\/yazmed.ma\/ar\/wp-json\/wp\/v2\/product\/1726","targetHints":{"allow":["GET"]}}],"collection":[{"href":"https:\/\/yazmed.ma\/ar\/wp-json\/wp\/v2\/product"}],"about":[{"href":"https:\/\/yazmed.ma\/ar\/wp-json\/wp\/v2\/types\/product"}],"replies":[{"embeddable":true,"href":"https:\/\/yazmed.ma\/ar\/wp-json\/wp\/v2\/comments?post=1726"}],"version-history":[{"count":0,"href":"https:\/\/yazmed.ma\/ar\/wp-json\/wp\/v2\/product\/1726\/revisions"}],"wp:featuredmedia":[{"embeddable":true,"href":"https:\/\/yazmed.ma\/ar\/wp-json\/wp\/v2\/media\/2245"}],"wp:attachment":[{"href":"https:\/\/yazmed.ma\/ar\/wp-json\/wp\/v2\/media?parent=1726"}],"wp:term":[{"taxonomy":"product_brand","embeddable":true,"href":"https:\/\/yazmed.ma\/ar\/wp-json\/wp\/v2\/product_brand?post=1726"},{"taxonomy":"product_cat","embeddable":true,"href":"https:\/\/yazmed.ma\/ar\/wp-json\/wp\/v2\/product_cat?post=1726"},{"taxonomy":"product_tag","embeddable":true,"href":"https:\/\/yazmed.ma\/ar\/wp-json\/wp\/v2\/product_tag?post=1726"}],"curies":[{"name":"wp","href":"https:\/\/api.w.org\/{rel}","templated":true}]}}