{"id":1712,"date":"2025-01-10T19:56:33","date_gmt":"2025-01-10T19:56:33","guid":{"rendered":"https:\/\/yazmed.ma\/?post_type=product&#038;p=1712"},"modified":"2025-01-10T19:56:34","modified_gmt":"2025-01-10T19:56:34","slug":"sonde-gastrique-salem-naso-gastrique","status":"publish","type":"product","link":"https:\/\/yazmed.ma\/ar\/product\/sonde-gastrique-salem-naso-gastrique\/","title":{"rendered":"SONDE GASTRIQUE SALEM NASO-GASTRIQUE"},"content":{"rendered":"","protected":false},"excerpt":{"rendered":"<p>Salem-sonde :\u00a0<b>est une sonde nasogastrique\/orogastrique \u00e0 deux lumi\u00e8res<\/b>. Elle permet une aspiration gastrique continue et intermittente plus s\u00fbre. La grande lumi\u00e8re facilite l&rsquo;aspiration du contenu gastrique, la d\u00e9compression, l&rsquo;irrigation et l&rsquo;administration de m\u00e9dicaments<\/p>\n<p>#GASTROLOGIE#PROCTOLOGIE#<\/p>\n<p>&nbsp;<\/p>","protected":false},"featured_media":1718,"comment_status":"open","ping_status":"closed","template":"","meta":[],"product_brand":[],"product_cat":[52],"product_tag":[],"class_list":{"0":"post-1712","1":"product","2":"type-product","3":"status-publish","4":"has-post-thumbnail","6":"product_cat-consommable-medical","8":"first","9":"instock","10":"taxable","11":"shipping-taxable","12":"purchasable","13":"product-type-variable"},"yoast_head":"<!-- This site is optimized with the Yoast SEO plugin v26.9 - https:\/\/yoast.com\/product\/yoast-seo-wordpress\/ -->\n<title>SONDE GASTRIQUE SALEM NASO-GASTRIQUE - YAZMED<\/title>\n<meta name=\"robots\" content=\"index, follow, max-snippet:-1, max-image-preview:large, max-video-preview:-1\" \/>\n<link rel=\"canonical\" href=\"https:\/\/yazmed.ma\/ar\/product\/sonde-gastrique-salem-naso-gastrique\/\" \/>\n<meta property=\"og:locale\" content=\"ar_AR\" \/>\n<meta property=\"og:type\" content=\"article\" \/>\n<meta property=\"og:title\" content=\"SONDE GASTRIQUE SALEM NASO-GASTRIQUE - YAZMED\" \/>\n<meta property=\"og:description\" content=\"Salem-sonde :\u00a0est une sonde nasogastrique\/orogastrique \u00e0 deux lumi\u00e8res. Elle permet une aspiration gastrique continue et intermittente plus s\u00fbre. La grande lumi\u00e8re facilite l&#039;aspiration du contenu gastrique, la d\u00e9compression, l&#039;irrigation et l&#039;administration de m\u00e9dicaments  #GASTROLOGIE#PROCTOLOGIE#  &nbsp;\" \/>\n<meta property=\"og:url\" content=\"https:\/\/yazmed.ma\/ar\/product\/sonde-gastrique-salem-naso-gastrique\/\" \/>\n<meta property=\"og:site_name\" content=\"YAZMED\" \/>\n<meta property=\"article:publisher\" content=\"https:\/\/www.facebook.com\/azenkouky\" \/>\n<meta property=\"article:modified_time\" content=\"2025-01-10T19:56:34+00:00\" \/>\n<meta property=\"og:image\" content=\"https:\/\/yazmed.ma\/wp-content\/uploads\/2025\/01\/SONDE-GASTRIQUE-SALEM_SONDE-GASTRIQUE_25_1.jpeg\" \/>\n\t<meta property=\"og:image:width\" content=\"500\" \/>\n\t<meta property=\"og:image:height\" content=\"500\" \/>\n\t<meta property=\"og:image:type\" content=\"image\/jpeg\" \/>\n<meta name=\"twitter:card\" content=\"summary_large_image\" \/>\n<meta name=\"twitter:label1\" content=\"Est. reading time\" \/>\n\t<meta name=\"twitter:data1\" content=\"1 minute\" \/>\n<script type=\"application\/ld+json\" class=\"yoast-schema-graph\">{\"@context\":\"https:\/\/schema.org\",\"@graph\":[{\"@type\":\"WebPage\",\"@id\":\"https:\/\/yazmed.ma\/product\/sonde-gastrique-salem-naso-gastrique\/\",\"url\":\"https:\/\/yazmed.ma\/product\/sonde-gastrique-salem-naso-gastrique\/\",\"name\":\"SONDE GASTRIQUE SALEM NASO-GASTRIQUE - YAZMED\",\"isPartOf\":{\"@id\":\"https:\/\/yazmed.ma\/#website\"},\"primaryImageOfPage\":{\"@id\":\"https:\/\/yazmed.ma\/product\/sonde-gastrique-salem-naso-gastrique\/#primaryimage\"},\"image\":{\"@id\":\"https:\/\/yazmed.ma\/product\/sonde-gastrique-salem-naso-gastrique\/#primaryimage\"},\"thumbnailUrl\":\"https:\/\/yazmed.ma\/wp-content\/uploads\/2025\/01\/SONDE-GASTRIQUE-SALEM_SONDE-GASTRIQUE_25_1.jpeg\",\"datePublished\":\"2025-01-10T19:56:33+00:00\",\"dateModified\":\"2025-01-10T19:56:34+00:00\",\"breadcrumb\":{\"@id\":\"https:\/\/yazmed.ma\/product\/sonde-gastrique-salem-naso-gastrique\/#breadcrumb\"},\"inLanguage\":\"ary\",\"potentialAction\":[{\"@type\":\"ReadAction\",\"target\":[\"https:\/\/yazmed.ma\/product\/sonde-gastrique-salem-naso-gastrique\/\"]}]},{\"@type\":\"ImageObject\",\"inLanguage\":\"ary\",\"@id\":\"https:\/\/yazmed.ma\/product\/sonde-gastrique-salem-naso-gastrique\/#primaryimage\",\"url\":\"https:\/\/yazmed.ma\/wp-content\/uploads\/2025\/01\/SONDE-GASTRIQUE-SALEM_SONDE-GASTRIQUE_25_1.jpeg\",\"contentUrl\":\"https:\/\/yazmed.ma\/wp-content\/uploads\/2025\/01\/SONDE-GASTRIQUE-SALEM_SONDE-GASTRIQUE_25_1.jpeg\",\"width\":500,\"height\":500,\"caption\":\"SONDE GASTRIQUE SALEM SONDE GASTRIQUE 25 1\"},{\"@type\":\"BreadcrumbList\",\"@id\":\"https:\/\/yazmed.ma\/product\/sonde-gastrique-salem-naso-gastrique\/#breadcrumb\",\"itemListElement\":[{\"@type\":\"ListItem\",\"position\":1,\"name\":\"Accueil\",\"item\":\"https:\/\/yazmed.ma\/\"},{\"@type\":\"ListItem\",\"position\":2,\"name\":\"Shop\",\"item\":\"https:\/\/yazmed.ma\/shop-2\/\"},{\"@type\":\"ListItem\",\"position\":3,\"name\":\"SONDE GASTRIQUE SALEM NASO-GASTRIQUE\"}]},{\"@type\":\"WebSite\",\"@id\":\"https:\/\/yazmed.ma\/#website\",\"url\":\"https:\/\/yazmed.ma\/\",\"name\":\"Yazmed\",\"description\":\"LEADER DU MAT\u00c9RIEL M\u00c9DICAL AU MAROC\",\"publisher\":{\"@id\":\"https:\/\/yazmed.ma\/#organization\"},\"potentialAction\":[{\"@type\":\"SearchAction\",\"target\":{\"@type\":\"EntryPoint\",\"urlTemplate\":\"https:\/\/yazmed.ma\/?s={search_term_string}\"},\"query-input\":{\"@type\":\"PropertyValueSpecification\",\"valueRequired\":true,\"valueName\":\"search_term_string\"}}],\"inLanguage\":\"ary\"},{\"@type\":\"Organization\",\"@id\":\"https:\/\/yazmed.ma\/#organization\",\"name\":\"Yazmed Healthcare\",\"url\":\"https:\/\/yazmed.ma\/\",\"logo\":{\"@type\":\"ImageObject\",\"inLanguage\":\"ary\",\"@id\":\"https:\/\/yazmed.ma\/#\/schema\/logo\/image\/\",\"url\":\"https:\/\/yazmed.ma\/wp-content\/uploads\/2024\/12\/3.png\",\"contentUrl\":\"https:\/\/yazmed.ma\/wp-content\/uploads\/2024\/12\/3.png\",\"width\":250,\"height\":70,\"caption\":\"Yazmed Healthcare\"},\"image\":{\"@id\":\"https:\/\/yazmed.ma\/#\/schema\/logo\/image\/\"},\"sameAs\":[\"https:\/\/www.facebook.com\/azenkouky\",\"https:\/\/www.instagram.com\/yazmedhealthcare\",\"https:\/\/www.linkedin.com\/in\/yazmed-healthcare-1b4955295\"]}]}<\/script>\n<!-- \/ Yoast SEO plugin. -->","yoast_head_json":{"title":"SONDE GASTRIQUE SALEM NASO-GASTRIQUE - YAZMED","robots":{"index":"index","follow":"follow","max-snippet":"max-snippet:-1","max-image-preview":"max-image-preview:large","max-video-preview":"max-video-preview:-1"},"canonical":"https:\/\/yazmed.ma\/ar\/product\/sonde-gastrique-salem-naso-gastrique\/","og_locale":"ar_AR","og_type":"article","og_title":"SONDE GASTRIQUE SALEM NASO-GASTRIQUE - YAZMED","og_description":"Salem-sonde :\u00a0est une sonde nasogastrique\/orogastrique \u00e0 deux lumi\u00e8res. Elle permet une aspiration gastrique continue et intermittente plus s\u00fbre. La grande lumi\u00e8re facilite l'aspiration du contenu gastrique, la d\u00e9compression, l'irrigation et l'administration de m\u00e9dicaments  #GASTROLOGIE#PROCTOLOGIE#  &nbsp;","og_url":"https:\/\/yazmed.ma\/ar\/product\/sonde-gastrique-salem-naso-gastrique\/","og_site_name":"YAZMED","article_publisher":"https:\/\/www.facebook.com\/azenkouky","article_modified_time":"2025-01-10T19:56:34+00:00","og_image":[{"width":500,"height":500,"url":"https:\/\/yazmed.ma\/wp-content\/uploads\/2025\/01\/SONDE-GASTRIQUE-SALEM_SONDE-GASTRIQUE_25_1.jpeg","type":"image\/jpeg"}],"twitter_card":"summary_large_image","twitter_misc":{"Est. reading time":"1 minute"},"schema":{"@context":"https:\/\/schema.org","@graph":[{"@type":"WebPage","@id":"https:\/\/yazmed.ma\/product\/sonde-gastrique-salem-naso-gastrique\/","url":"https:\/\/yazmed.ma\/product\/sonde-gastrique-salem-naso-gastrique\/","name":"SONDE GASTRIQUE SALEM NASO-GASTRIQUE - YAZMED","isPartOf":{"@id":"https:\/\/yazmed.ma\/#website"},"primaryImageOfPage":{"@id":"https:\/\/yazmed.ma\/product\/sonde-gastrique-salem-naso-gastrique\/#primaryimage"},"image":{"@id":"https:\/\/yazmed.ma\/product\/sonde-gastrique-salem-naso-gastrique\/#primaryimage"},"thumbnailUrl":"https:\/\/yazmed.ma\/wp-content\/uploads\/2025\/01\/SONDE-GASTRIQUE-SALEM_SONDE-GASTRIQUE_25_1.jpeg","datePublished":"2025-01-10T19:56:33+00:00","dateModified":"2025-01-10T19:56:34+00:00","breadcrumb":{"@id":"https:\/\/yazmed.ma\/product\/sonde-gastrique-salem-naso-gastrique\/#breadcrumb"},"inLanguage":"ary","potentialAction":[{"@type":"ReadAction","target":["https:\/\/yazmed.ma\/product\/sonde-gastrique-salem-naso-gastrique\/"]}]},{"@type":"ImageObject","inLanguage":"ary","@id":"https:\/\/yazmed.ma\/product\/sonde-gastrique-salem-naso-gastrique\/#primaryimage","url":"https:\/\/yazmed.ma\/wp-content\/uploads\/2025\/01\/SONDE-GASTRIQUE-SALEM_SONDE-GASTRIQUE_25_1.jpeg","contentUrl":"https:\/\/yazmed.ma\/wp-content\/uploads\/2025\/01\/SONDE-GASTRIQUE-SALEM_SONDE-GASTRIQUE_25_1.jpeg","width":500,"height":500,"caption":"SONDE GASTRIQUE SALEM SONDE GASTRIQUE 25 1"},{"@type":"BreadcrumbList","@id":"https:\/\/yazmed.ma\/product\/sonde-gastrique-salem-naso-gastrique\/#breadcrumb","itemListElement":[{"@type":"ListItem","position":1,"name":"Accueil","item":"https:\/\/yazmed.ma\/"},{"@type":"ListItem","position":2,"name":"Shop","item":"https:\/\/yazmed.ma\/shop-2\/"},{"@type":"ListItem","position":3,"name":"SONDE GASTRIQUE SALEM NASO-GASTRIQUE"}]},{"@type":"WebSite","@id":"https:\/\/yazmed.ma\/#website","url":"https:\/\/yazmed.ma\/","name":"Yazmed","description":"LEADER DU MAT\u00c9RIEL M\u00c9DICAL AU MAROC","publisher":{"@id":"https:\/\/yazmed.ma\/#organization"},"potentialAction":[{"@type":"SearchAction","target":{"@type":"EntryPoint","urlTemplate":"https:\/\/yazmed.ma\/?s={search_term_string}"},"query-input":{"@type":"PropertyValueSpecification","valueRequired":true,"valueName":"search_term_string"}}],"inLanguage":"ary"},{"@type":"Organization","@id":"https:\/\/yazmed.ma\/#organization","name":"Yazmed Healthcare","url":"https:\/\/yazmed.ma\/","logo":{"@type":"ImageObject","inLanguage":"ary","@id":"https:\/\/yazmed.ma\/#\/schema\/logo\/image\/","url":"https:\/\/yazmed.ma\/wp-content\/uploads\/2024\/12\/3.png","contentUrl":"https:\/\/yazmed.ma\/wp-content\/uploads\/2024\/12\/3.png","width":250,"height":70,"caption":"Yazmed Healthcare"},"image":{"@id":"https:\/\/yazmed.ma\/#\/schema\/logo\/image\/"},"sameAs":["https:\/\/www.facebook.com\/azenkouky","https:\/\/www.instagram.com\/yazmedhealthcare","https:\/\/www.linkedin.com\/in\/yazmed-healthcare-1b4955295"]}]}},"_links":{"self":[{"href":"https:\/\/yazmed.ma\/ar\/wp-json\/wp\/v2\/product\/1712","targetHints":{"allow":["GET"]}}],"collection":[{"href":"https:\/\/yazmed.ma\/ar\/wp-json\/wp\/v2\/product"}],"about":[{"href":"https:\/\/yazmed.ma\/ar\/wp-json\/wp\/v2\/types\/product"}],"replies":[{"embeddable":true,"href":"https:\/\/yazmed.ma\/ar\/wp-json\/wp\/v2\/comments?post=1712"}],"version-history":[{"count":0,"href":"https:\/\/yazmed.ma\/ar\/wp-json\/wp\/v2\/product\/1712\/revisions"}],"wp:featuredmedia":[{"embeddable":true,"href":"https:\/\/yazmed.ma\/ar\/wp-json\/wp\/v2\/media\/1718"}],"wp:attachment":[{"href":"https:\/\/yazmed.ma\/ar\/wp-json\/wp\/v2\/media?parent=1712"}],"wp:term":[{"taxonomy":"product_brand","embeddable":true,"href":"https:\/\/yazmed.ma\/ar\/wp-json\/wp\/v2\/product_brand?post=1712"},{"taxonomy":"product_cat","embeddable":true,"href":"https:\/\/yazmed.ma\/ar\/wp-json\/wp\/v2\/product_cat?post=1712"},{"taxonomy":"product_tag","embeddable":true,"href":"https:\/\/yazmed.ma\/ar\/wp-json\/wp\/v2\/product_tag?post=1712"}],"curies":[{"name":"wp","href":"https:\/\/api.w.org\/{rel}","templated":true}]}}