{"id":1708,"date":"2025-01-10T19:45:17","date_gmt":"2025-01-10T19:45:17","guid":{"rendered":"https:\/\/yazmed.ma\/?post_type=product&#038;p=1708"},"modified":"2025-01-10T19:45:18","modified_gmt":"2025-01-10T19:45:18","slug":"perfuseur-tubulure-avec-site-dinjection-simple","status":"publish","type":"product","link":"https:\/\/yazmed.ma\/ar\/product\/perfuseur-tubulure-avec-site-dinjection-simple\/","title":{"rendered":"PERFUSEUR  TUBULURE AVEC SITE D\u2019INJECTION SIMPLE"},"content":{"rendered":"","protected":false},"excerpt":{"rendered":"<p>Sachet de 10 unit\u00e9s Tubulure avec site d\u2019injection simple. Aiguille avec prise d\u2019air int\u00e9gr\u00e9e et comporte un filtre pour r\u00e9duire la contamination particulaire<\/p>","protected":false},"featured_media":1709,"comment_status":"open","ping_status":"closed","template":"","meta":[],"product_brand":[],"product_cat":[52],"product_tag":[],"class_list":{"0":"post-1708","1":"product","2":"type-product","3":"status-publish","4":"has-post-thumbnail","6":"product_cat-consommable-medical","8":"first","9":"instock","10":"taxable","11":"shipping-taxable","12":"purchasable","13":"product-type-simple"},"yoast_head":"<!-- This site is optimized with the Yoast SEO plugin v26.9 - https:\/\/yoast.com\/product\/yoast-seo-wordpress\/ -->\n<title>PERFUSEUR TUBULURE AVEC SITE D\u2019INJECTION SIMPLE - YAZMED<\/title>\n<meta name=\"robots\" content=\"index, follow, max-snippet:-1, max-image-preview:large, max-video-preview:-1\" \/>\n<link rel=\"canonical\" href=\"https:\/\/yazmed.ma\/ar\/product\/perfuseur-tubulure-avec-site-dinjection-simple\/\" \/>\n<meta property=\"og:locale\" content=\"ar_AR\" \/>\n<meta property=\"og:type\" content=\"article\" \/>\n<meta property=\"og:title\" content=\"PERFUSEUR TUBULURE AVEC SITE D\u2019INJECTION SIMPLE - YAZMED\" \/>\n<meta property=\"og:description\" content=\"Sachet de 10 unit\u00e9s Tubulure avec site d\u2019injection simple. Aiguille avec prise d\u2019air int\u00e9gr\u00e9e et comporte un filtre pour r\u00e9duire la contamination particulaire\" \/>\n<meta property=\"og:url\" content=\"https:\/\/yazmed.ma\/ar\/product\/perfuseur-tubulure-avec-site-dinjection-simple\/\" \/>\n<meta property=\"og:site_name\" content=\"YAZMED\" \/>\n<meta property=\"article:publisher\" content=\"https:\/\/www.facebook.com\/azenkouky\" \/>\n<meta property=\"article:modified_time\" content=\"2025-01-10T19:45:18+00:00\" \/>\n<meta property=\"og:image\" content=\"https:\/\/yazmed.ma\/wp-content\/uploads\/2025\/01\/Sterile-Infusion-Set-with-Dehp-Free.jpg\" \/>\n\t<meta property=\"og:image:width\" content=\"1000\" \/>\n\t<meta property=\"og:image:height\" content=\"1000\" \/>\n\t<meta property=\"og:image:type\" content=\"image\/jpeg\" \/>\n<meta name=\"twitter:card\" content=\"summary_large_image\" \/>\n<meta name=\"twitter:label1\" content=\"Est. reading time\" \/>\n\t<meta name=\"twitter:data1\" content=\"1 minute\" \/>\n<script type=\"application\/ld+json\" class=\"yoast-schema-graph\">{\"@context\":\"https:\/\/schema.org\",\"@graph\":[{\"@type\":\"WebPage\",\"@id\":\"https:\/\/yazmed.ma\/product\/perfuseur-tubulure-avec-site-dinjection-simple\/\",\"url\":\"https:\/\/yazmed.ma\/product\/perfuseur-tubulure-avec-site-dinjection-simple\/\",\"name\":\"PERFUSEUR TUBULURE AVEC SITE D\u2019INJECTION SIMPLE - YAZMED\",\"isPartOf\":{\"@id\":\"https:\/\/yazmed.ma\/#website\"},\"primaryImageOfPage\":{\"@id\":\"https:\/\/yazmed.ma\/product\/perfuseur-tubulure-avec-site-dinjection-simple\/#primaryimage\"},\"image\":{\"@id\":\"https:\/\/yazmed.ma\/product\/perfuseur-tubulure-avec-site-dinjection-simple\/#primaryimage\"},\"thumbnailUrl\":\"https:\/\/yazmed.ma\/wp-content\/uploads\/2025\/01\/Sterile-Infusion-Set-with-Dehp-Free.jpg\",\"datePublished\":\"2025-01-10T19:45:17+00:00\",\"dateModified\":\"2025-01-10T19:45:18+00:00\",\"breadcrumb\":{\"@id\":\"https:\/\/yazmed.ma\/product\/perfuseur-tubulure-avec-site-dinjection-simple\/#breadcrumb\"},\"inLanguage\":\"ary\",\"potentialAction\":[{\"@type\":\"ReadAction\",\"target\":[\"https:\/\/yazmed.ma\/product\/perfuseur-tubulure-avec-site-dinjection-simple\/\"]}]},{\"@type\":\"ImageObject\",\"inLanguage\":\"ary\",\"@id\":\"https:\/\/yazmed.ma\/product\/perfuseur-tubulure-avec-site-dinjection-simple\/#primaryimage\",\"url\":\"https:\/\/yazmed.ma\/wp-content\/uploads\/2025\/01\/Sterile-Infusion-Set-with-Dehp-Free.jpg\",\"contentUrl\":\"https:\/\/yazmed.ma\/wp-content\/uploads\/2025\/01\/Sterile-Infusion-Set-with-Dehp-Free.jpg\",\"width\":1000,\"height\":1000,\"caption\":\"Sterile Infusion Set with Dehp Free\"},{\"@type\":\"BreadcrumbList\",\"@id\":\"https:\/\/yazmed.ma\/product\/perfuseur-tubulure-avec-site-dinjection-simple\/#breadcrumb\",\"itemListElement\":[{\"@type\":\"ListItem\",\"position\":1,\"name\":\"Accueil\",\"item\":\"https:\/\/yazmed.ma\/\"},{\"@type\":\"ListItem\",\"position\":2,\"name\":\"Shop\",\"item\":\"https:\/\/yazmed.ma\/shop-2\/\"},{\"@type\":\"ListItem\",\"position\":3,\"name\":\"PERFUSEUR TUBULURE AVEC SITE D\u2019INJECTION SIMPLE\"}]},{\"@type\":\"WebSite\",\"@id\":\"https:\/\/yazmed.ma\/#website\",\"url\":\"https:\/\/yazmed.ma\/\",\"name\":\"Yazmed\",\"description\":\"LEADER DU MAT\u00c9RIEL M\u00c9DICAL AU MAROC\",\"publisher\":{\"@id\":\"https:\/\/yazmed.ma\/#organization\"},\"potentialAction\":[{\"@type\":\"SearchAction\",\"target\":{\"@type\":\"EntryPoint\",\"urlTemplate\":\"https:\/\/yazmed.ma\/?s={search_term_string}\"},\"query-input\":{\"@type\":\"PropertyValueSpecification\",\"valueRequired\":true,\"valueName\":\"search_term_string\"}}],\"inLanguage\":\"ary\"},{\"@type\":\"Organization\",\"@id\":\"https:\/\/yazmed.ma\/#organization\",\"name\":\"Yazmed Healthcare\",\"url\":\"https:\/\/yazmed.ma\/\",\"logo\":{\"@type\":\"ImageObject\",\"inLanguage\":\"ary\",\"@id\":\"https:\/\/yazmed.ma\/#\/schema\/logo\/image\/\",\"url\":\"https:\/\/yazmed.ma\/wp-content\/uploads\/2024\/12\/3.png\",\"contentUrl\":\"https:\/\/yazmed.ma\/wp-content\/uploads\/2024\/12\/3.png\",\"width\":250,\"height\":70,\"caption\":\"Yazmed Healthcare\"},\"image\":{\"@id\":\"https:\/\/yazmed.ma\/#\/schema\/logo\/image\/\"},\"sameAs\":[\"https:\/\/www.facebook.com\/azenkouky\",\"https:\/\/www.instagram.com\/yazmedhealthcare\",\"https:\/\/www.linkedin.com\/in\/yazmed-healthcare-1b4955295\"]}]}<\/script>\n<!-- \/ Yoast SEO plugin. -->","yoast_head_json":{"title":"PERFUSEUR TUBULURE AVEC SITE D\u2019INJECTION SIMPLE - YAZMED","robots":{"index":"index","follow":"follow","max-snippet":"max-snippet:-1","max-image-preview":"max-image-preview:large","max-video-preview":"max-video-preview:-1"},"canonical":"https:\/\/yazmed.ma\/ar\/product\/perfuseur-tubulure-avec-site-dinjection-simple\/","og_locale":"ar_AR","og_type":"article","og_title":"PERFUSEUR TUBULURE AVEC SITE D\u2019INJECTION SIMPLE - YAZMED","og_description":"Sachet de 10 unit\u00e9s Tubulure avec site d\u2019injection simple. Aiguille avec prise d\u2019air int\u00e9gr\u00e9e et comporte un filtre pour r\u00e9duire la contamination particulaire","og_url":"https:\/\/yazmed.ma\/ar\/product\/perfuseur-tubulure-avec-site-dinjection-simple\/","og_site_name":"YAZMED","article_publisher":"https:\/\/www.facebook.com\/azenkouky","article_modified_time":"2025-01-10T19:45:18+00:00","og_image":[{"width":1000,"height":1000,"url":"https:\/\/yazmed.ma\/wp-content\/uploads\/2025\/01\/Sterile-Infusion-Set-with-Dehp-Free.jpg","type":"image\/jpeg"}],"twitter_card":"summary_large_image","twitter_misc":{"Est. reading time":"1 minute"},"schema":{"@context":"https:\/\/schema.org","@graph":[{"@type":"WebPage","@id":"https:\/\/yazmed.ma\/product\/perfuseur-tubulure-avec-site-dinjection-simple\/","url":"https:\/\/yazmed.ma\/product\/perfuseur-tubulure-avec-site-dinjection-simple\/","name":"PERFUSEUR TUBULURE AVEC SITE D\u2019INJECTION SIMPLE - YAZMED","isPartOf":{"@id":"https:\/\/yazmed.ma\/#website"},"primaryImageOfPage":{"@id":"https:\/\/yazmed.ma\/product\/perfuseur-tubulure-avec-site-dinjection-simple\/#primaryimage"},"image":{"@id":"https:\/\/yazmed.ma\/product\/perfuseur-tubulure-avec-site-dinjection-simple\/#primaryimage"},"thumbnailUrl":"https:\/\/yazmed.ma\/wp-content\/uploads\/2025\/01\/Sterile-Infusion-Set-with-Dehp-Free.jpg","datePublished":"2025-01-10T19:45:17+00:00","dateModified":"2025-01-10T19:45:18+00:00","breadcrumb":{"@id":"https:\/\/yazmed.ma\/product\/perfuseur-tubulure-avec-site-dinjection-simple\/#breadcrumb"},"inLanguage":"ary","potentialAction":[{"@type":"ReadAction","target":["https:\/\/yazmed.ma\/product\/perfuseur-tubulure-avec-site-dinjection-simple\/"]}]},{"@type":"ImageObject","inLanguage":"ary","@id":"https:\/\/yazmed.ma\/product\/perfuseur-tubulure-avec-site-dinjection-simple\/#primaryimage","url":"https:\/\/yazmed.ma\/wp-content\/uploads\/2025\/01\/Sterile-Infusion-Set-with-Dehp-Free.jpg","contentUrl":"https:\/\/yazmed.ma\/wp-content\/uploads\/2025\/01\/Sterile-Infusion-Set-with-Dehp-Free.jpg","width":1000,"height":1000,"caption":"Sterile Infusion Set with Dehp Free"},{"@type":"BreadcrumbList","@id":"https:\/\/yazmed.ma\/product\/perfuseur-tubulure-avec-site-dinjection-simple\/#breadcrumb","itemListElement":[{"@type":"ListItem","position":1,"name":"Accueil","item":"https:\/\/yazmed.ma\/"},{"@type":"ListItem","position":2,"name":"Shop","item":"https:\/\/yazmed.ma\/shop-2\/"},{"@type":"ListItem","position":3,"name":"PERFUSEUR TUBULURE AVEC SITE D\u2019INJECTION SIMPLE"}]},{"@type":"WebSite","@id":"https:\/\/yazmed.ma\/#website","url":"https:\/\/yazmed.ma\/","name":"Yazmed","description":"LEADER DU MAT\u00c9RIEL M\u00c9DICAL AU MAROC","publisher":{"@id":"https:\/\/yazmed.ma\/#organization"},"potentialAction":[{"@type":"SearchAction","target":{"@type":"EntryPoint","urlTemplate":"https:\/\/yazmed.ma\/?s={search_term_string}"},"query-input":{"@type":"PropertyValueSpecification","valueRequired":true,"valueName":"search_term_string"}}],"inLanguage":"ary"},{"@type":"Organization","@id":"https:\/\/yazmed.ma\/#organization","name":"Yazmed Healthcare","url":"https:\/\/yazmed.ma\/","logo":{"@type":"ImageObject","inLanguage":"ary","@id":"https:\/\/yazmed.ma\/#\/schema\/logo\/image\/","url":"https:\/\/yazmed.ma\/wp-content\/uploads\/2024\/12\/3.png","contentUrl":"https:\/\/yazmed.ma\/wp-content\/uploads\/2024\/12\/3.png","width":250,"height":70,"caption":"Yazmed Healthcare"},"image":{"@id":"https:\/\/yazmed.ma\/#\/schema\/logo\/image\/"},"sameAs":["https:\/\/www.facebook.com\/azenkouky","https:\/\/www.instagram.com\/yazmedhealthcare","https:\/\/www.linkedin.com\/in\/yazmed-healthcare-1b4955295"]}]}},"_links":{"self":[{"href":"https:\/\/yazmed.ma\/ar\/wp-json\/wp\/v2\/product\/1708","targetHints":{"allow":["GET"]}}],"collection":[{"href":"https:\/\/yazmed.ma\/ar\/wp-json\/wp\/v2\/product"}],"about":[{"href":"https:\/\/yazmed.ma\/ar\/wp-json\/wp\/v2\/types\/product"}],"replies":[{"embeddable":true,"href":"https:\/\/yazmed.ma\/ar\/wp-json\/wp\/v2\/comments?post=1708"}],"version-history":[{"count":0,"href":"https:\/\/yazmed.ma\/ar\/wp-json\/wp\/v2\/product\/1708\/revisions"}],"wp:featuredmedia":[{"embeddable":true,"href":"https:\/\/yazmed.ma\/ar\/wp-json\/wp\/v2\/media\/1709"}],"wp:attachment":[{"href":"https:\/\/yazmed.ma\/ar\/wp-json\/wp\/v2\/media?parent=1708"}],"wp:term":[{"taxonomy":"product_brand","embeddable":true,"href":"https:\/\/yazmed.ma\/ar\/wp-json\/wp\/v2\/product_brand?post=1708"},{"taxonomy":"product_cat","embeddable":true,"href":"https:\/\/yazmed.ma\/ar\/wp-json\/wp\/v2\/product_cat?post=1708"},{"taxonomy":"product_tag","embeddable":true,"href":"https:\/\/yazmed.ma\/ar\/wp-json\/wp\/v2\/product_tag?post=1708"}],"curies":[{"name":"wp","href":"https:\/\/api.w.org\/{rel}","templated":true}]}}