{"id":1706,"date":"2025-01-10T19:40:41","date_gmt":"2025-01-10T19:40:41","guid":{"rendered":"https:\/\/yazmed.ma\/?post_type=product&#038;p=1706"},"modified":"2025-01-10T19:40:42","modified_gmt":"2025-01-10T19:40:42","slug":"lunettes-a-oxygene-droits-avec-tubulure","status":"publish","type":"product","link":"https:\/\/yazmed.ma\/ar\/product\/lunettes-a-oxygene-droits-avec-tubulure\/","title":{"rendered":"LUNETTES \u00c0 OXYG\u00c8NE DROITS AVEC TUBULURE"},"content":{"rendered":"","protected":false},"excerpt":{"rendered":"<h4>Des lunettes \u00e0 oxyg\u00e8ne droits de haute qualit\u00e9 pour les patients ayant besoin \u00e0 plus long terme d\u2019un apport adapt\u00e9 en oxyg\u00e8ne.<br \/>\nUn mod\u00e8le en PVC caract\u00e9ris\u00e9 par sa souplesse et sa fiabilit\u00e9.<br \/>\nLes embouts s\u2019adaptent id\u00e9alement \u00e0 l\u2019anatomie de chaque patient.<br \/>\nGarantie sans latex pour \u00e9viter tout risque allergique.<\/h4>\n<h4>Mod\u00e8le de lunette : Lunettes adulte ou enfant, embouts droits standards, avec tubulure 2,10m (int\u00e9rieur cannel\u00e9)<\/h4>\n<p>&nbsp;<\/p>","protected":false},"featured_media":1707,"comment_status":"open","ping_status":"closed","template":"","meta":[],"product_brand":[],"product_cat":[52],"product_tag":[],"class_list":{"0":"post-1706","1":"product","2":"type-product","3":"status-publish","4":"has-post-thumbnail","6":"product_cat-consommable-medical","8":"first","9":"instock","10":"taxable","11":"shipping-taxable","12":"purchasable","13":"product-type-simple"},"yoast_head":"<!-- This site is optimized with the Yoast SEO plugin v26.9 - https:\/\/yoast.com\/product\/yoast-seo-wordpress\/ -->\n<title>LUNETTES \u00c0 OXYG\u00c8NE DROITS AVEC TUBULURE - YAZMED<\/title>\n<meta name=\"robots\" content=\"index, follow, max-snippet:-1, max-image-preview:large, max-video-preview:-1\" \/>\n<link rel=\"canonical\" href=\"https:\/\/yazmed.ma\/ar\/product\/lunettes-a-oxygene-droits-avec-tubulure\/\" \/>\n<meta property=\"og:locale\" content=\"ar_AR\" \/>\n<meta property=\"og:type\" content=\"article\" \/>\n<meta property=\"og:title\" content=\"LUNETTES \u00c0 OXYG\u00c8NE DROITS AVEC TUBULURE - YAZMED\" \/>\n<meta property=\"og:description\" content=\"Des lunettes \u00e0 oxyg\u00e8ne droits de haute qualit\u00e9 pour les patients ayant besoin \u00e0 plus long terme d\u2019un apport adapt\u00e9 en oxyg\u00e8ne. Un mod\u00e8le en PVC caract\u00e9ris\u00e9 par sa souplesse et sa fiabilit\u00e9. Les embouts s\u2019adaptent id\u00e9alement \u00e0 l\u2019anatomie de chaque patient. Garantie sans latex pour \u00e9viter tout risque allergique. Mod\u00e8le de lunette : Lunettes adulte ou enfant, embouts droits standards, avec tubulure 2,10m (int\u00e9rieur cannel\u00e9) &nbsp;\" \/>\n<meta property=\"og:url\" content=\"https:\/\/yazmed.ma\/ar\/product\/lunettes-a-oxygene-droits-avec-tubulure\/\" \/>\n<meta property=\"og:site_name\" content=\"YAZMED\" \/>\n<meta property=\"article:publisher\" content=\"https:\/\/www.facebook.com\/azenkouky\" \/>\n<meta property=\"article:modified_time\" content=\"2025-01-10T19:40:42+00:00\" \/>\n<meta property=\"og:image\" content=\"https:\/\/yazmed.ma\/wp-content\/uploads\/2025\/01\/lunette-500x500-1.jpg\" \/>\n\t<meta property=\"og:image:width\" content=\"500\" \/>\n\t<meta property=\"og:image:height\" content=\"500\" \/>\n\t<meta property=\"og:image:type\" content=\"image\/jpeg\" \/>\n<meta name=\"twitter:card\" content=\"summary_large_image\" \/>\n<meta name=\"twitter:label1\" content=\"Est. reading time\" \/>\n\t<meta name=\"twitter:data1\" content=\"1 minute\" \/>\n<script type=\"application\/ld+json\" class=\"yoast-schema-graph\">{\"@context\":\"https:\/\/schema.org\",\"@graph\":[{\"@type\":\"WebPage\",\"@id\":\"https:\/\/yazmed.ma\/product\/lunettes-a-oxygene-droits-avec-tubulure\/\",\"url\":\"https:\/\/yazmed.ma\/product\/lunettes-a-oxygene-droits-avec-tubulure\/\",\"name\":\"LUNETTES \u00c0 OXYG\u00c8NE DROITS AVEC TUBULURE - YAZMED\",\"isPartOf\":{\"@id\":\"https:\/\/yazmed.ma\/#website\"},\"primaryImageOfPage\":{\"@id\":\"https:\/\/yazmed.ma\/product\/lunettes-a-oxygene-droits-avec-tubulure\/#primaryimage\"},\"image\":{\"@id\":\"https:\/\/yazmed.ma\/product\/lunettes-a-oxygene-droits-avec-tubulure\/#primaryimage\"},\"thumbnailUrl\":\"https:\/\/yazmed.ma\/wp-content\/uploads\/2025\/01\/lunette-500x500-1.jpg\",\"datePublished\":\"2025-01-10T19:40:41+00:00\",\"dateModified\":\"2025-01-10T19:40:42+00:00\",\"breadcrumb\":{\"@id\":\"https:\/\/yazmed.ma\/product\/lunettes-a-oxygene-droits-avec-tubulure\/#breadcrumb\"},\"inLanguage\":\"ary\",\"potentialAction\":[{\"@type\":\"ReadAction\",\"target\":[\"https:\/\/yazmed.ma\/product\/lunettes-a-oxygene-droits-avec-tubulure\/\"]}]},{\"@type\":\"ImageObject\",\"inLanguage\":\"ary\",\"@id\":\"https:\/\/yazmed.ma\/product\/lunettes-a-oxygene-droits-avec-tubulure\/#primaryimage\",\"url\":\"https:\/\/yazmed.ma\/wp-content\/uploads\/2025\/01\/lunette-500x500-1.jpg\",\"contentUrl\":\"https:\/\/yazmed.ma\/wp-content\/uploads\/2025\/01\/lunette-500x500-1.jpg\",\"width\":500,\"height\":500,\"caption\":\"LUNETTES \u00c0 OXYG\u00c8NE DROITS AVEC TUBULURE Yazmed Maroc\"},{\"@type\":\"BreadcrumbList\",\"@id\":\"https:\/\/yazmed.ma\/product\/lunettes-a-oxygene-droits-avec-tubulure\/#breadcrumb\",\"itemListElement\":[{\"@type\":\"ListItem\",\"position\":1,\"name\":\"Accueil\",\"item\":\"https:\/\/yazmed.ma\/\"},{\"@type\":\"ListItem\",\"position\":2,\"name\":\"Shop\",\"item\":\"https:\/\/yazmed.ma\/shop-2\/\"},{\"@type\":\"ListItem\",\"position\":3,\"name\":\"LUNETTES \u00c0 OXYG\u00c8NE DROITS AVEC TUBULURE\"}]},{\"@type\":\"WebSite\",\"@id\":\"https:\/\/yazmed.ma\/#website\",\"url\":\"https:\/\/yazmed.ma\/\",\"name\":\"Yazmed\",\"description\":\"LEADER DU MAT\u00c9RIEL M\u00c9DICAL AU MAROC\",\"publisher\":{\"@id\":\"https:\/\/yazmed.ma\/#organization\"},\"potentialAction\":[{\"@type\":\"SearchAction\",\"target\":{\"@type\":\"EntryPoint\",\"urlTemplate\":\"https:\/\/yazmed.ma\/?s={search_term_string}\"},\"query-input\":{\"@type\":\"PropertyValueSpecification\",\"valueRequired\":true,\"valueName\":\"search_term_string\"}}],\"inLanguage\":\"ary\"},{\"@type\":\"Organization\",\"@id\":\"https:\/\/yazmed.ma\/#organization\",\"name\":\"Yazmed Healthcare\",\"url\":\"https:\/\/yazmed.ma\/\",\"logo\":{\"@type\":\"ImageObject\",\"inLanguage\":\"ary\",\"@id\":\"https:\/\/yazmed.ma\/#\/schema\/logo\/image\/\",\"url\":\"https:\/\/yazmed.ma\/wp-content\/uploads\/2024\/12\/3.png\",\"contentUrl\":\"https:\/\/yazmed.ma\/wp-content\/uploads\/2024\/12\/3.png\",\"width\":250,\"height\":70,\"caption\":\"Yazmed Healthcare\"},\"image\":{\"@id\":\"https:\/\/yazmed.ma\/#\/schema\/logo\/image\/\"},\"sameAs\":[\"https:\/\/www.facebook.com\/azenkouky\",\"https:\/\/www.instagram.com\/yazmedhealthcare\",\"https:\/\/www.linkedin.com\/in\/yazmed-healthcare-1b4955295\"]}]}<\/script>\n<!-- \/ Yoast SEO plugin. -->","yoast_head_json":{"title":"LUNETTES \u00c0 OXYG\u00c8NE DROITS AVEC TUBULURE - YAZMED","robots":{"index":"index","follow":"follow","max-snippet":"max-snippet:-1","max-image-preview":"max-image-preview:large","max-video-preview":"max-video-preview:-1"},"canonical":"https:\/\/yazmed.ma\/ar\/product\/lunettes-a-oxygene-droits-avec-tubulure\/","og_locale":"ar_AR","og_type":"article","og_title":"LUNETTES \u00c0 OXYG\u00c8NE DROITS AVEC TUBULURE - YAZMED","og_description":"Des lunettes \u00e0 oxyg\u00e8ne droits de haute qualit\u00e9 pour les patients ayant besoin \u00e0 plus long terme d\u2019un apport adapt\u00e9 en oxyg\u00e8ne. Un mod\u00e8le en PVC caract\u00e9ris\u00e9 par sa souplesse et sa fiabilit\u00e9. Les embouts s\u2019adaptent id\u00e9alement \u00e0 l\u2019anatomie de chaque patient. Garantie sans latex pour \u00e9viter tout risque allergique. Mod\u00e8le de lunette : Lunettes adulte ou enfant, embouts droits standards, avec tubulure 2,10m (int\u00e9rieur cannel\u00e9) &nbsp;","og_url":"https:\/\/yazmed.ma\/ar\/product\/lunettes-a-oxygene-droits-avec-tubulure\/","og_site_name":"YAZMED","article_publisher":"https:\/\/www.facebook.com\/azenkouky","article_modified_time":"2025-01-10T19:40:42+00:00","og_image":[{"width":500,"height":500,"url":"https:\/\/yazmed.ma\/wp-content\/uploads\/2025\/01\/lunette-500x500-1.jpg","type":"image\/jpeg"}],"twitter_card":"summary_large_image","twitter_misc":{"Est. reading time":"1 minute"},"schema":{"@context":"https:\/\/schema.org","@graph":[{"@type":"WebPage","@id":"https:\/\/yazmed.ma\/product\/lunettes-a-oxygene-droits-avec-tubulure\/","url":"https:\/\/yazmed.ma\/product\/lunettes-a-oxygene-droits-avec-tubulure\/","name":"LUNETTES \u00c0 OXYG\u00c8NE DROITS AVEC TUBULURE - YAZMED","isPartOf":{"@id":"https:\/\/yazmed.ma\/#website"},"primaryImageOfPage":{"@id":"https:\/\/yazmed.ma\/product\/lunettes-a-oxygene-droits-avec-tubulure\/#primaryimage"},"image":{"@id":"https:\/\/yazmed.ma\/product\/lunettes-a-oxygene-droits-avec-tubulure\/#primaryimage"},"thumbnailUrl":"https:\/\/yazmed.ma\/wp-content\/uploads\/2025\/01\/lunette-500x500-1.jpg","datePublished":"2025-01-10T19:40:41+00:00","dateModified":"2025-01-10T19:40:42+00:00","breadcrumb":{"@id":"https:\/\/yazmed.ma\/product\/lunettes-a-oxygene-droits-avec-tubulure\/#breadcrumb"},"inLanguage":"ary","potentialAction":[{"@type":"ReadAction","target":["https:\/\/yazmed.ma\/product\/lunettes-a-oxygene-droits-avec-tubulure\/"]}]},{"@type":"ImageObject","inLanguage":"ary","@id":"https:\/\/yazmed.ma\/product\/lunettes-a-oxygene-droits-avec-tubulure\/#primaryimage","url":"https:\/\/yazmed.ma\/wp-content\/uploads\/2025\/01\/lunette-500x500-1.jpg","contentUrl":"https:\/\/yazmed.ma\/wp-content\/uploads\/2025\/01\/lunette-500x500-1.jpg","width":500,"height":500,"caption":"LUNETTES \u00c0 OXYG\u00c8NE DROITS AVEC TUBULURE Yazmed Maroc"},{"@type":"BreadcrumbList","@id":"https:\/\/yazmed.ma\/product\/lunettes-a-oxygene-droits-avec-tubulure\/#breadcrumb","itemListElement":[{"@type":"ListItem","position":1,"name":"Accueil","item":"https:\/\/yazmed.ma\/"},{"@type":"ListItem","position":2,"name":"Shop","item":"https:\/\/yazmed.ma\/shop-2\/"},{"@type":"ListItem","position":3,"name":"LUNETTES \u00c0 OXYG\u00c8NE DROITS AVEC TUBULURE"}]},{"@type":"WebSite","@id":"https:\/\/yazmed.ma\/#website","url":"https:\/\/yazmed.ma\/","name":"Yazmed","description":"LEADER DU MAT\u00c9RIEL M\u00c9DICAL AU MAROC","publisher":{"@id":"https:\/\/yazmed.ma\/#organization"},"potentialAction":[{"@type":"SearchAction","target":{"@type":"EntryPoint","urlTemplate":"https:\/\/yazmed.ma\/?s={search_term_string}"},"query-input":{"@type":"PropertyValueSpecification","valueRequired":true,"valueName":"search_term_string"}}],"inLanguage":"ary"},{"@type":"Organization","@id":"https:\/\/yazmed.ma\/#organization","name":"Yazmed Healthcare","url":"https:\/\/yazmed.ma\/","logo":{"@type":"ImageObject","inLanguage":"ary","@id":"https:\/\/yazmed.ma\/#\/schema\/logo\/image\/","url":"https:\/\/yazmed.ma\/wp-content\/uploads\/2024\/12\/3.png","contentUrl":"https:\/\/yazmed.ma\/wp-content\/uploads\/2024\/12\/3.png","width":250,"height":70,"caption":"Yazmed Healthcare"},"image":{"@id":"https:\/\/yazmed.ma\/#\/schema\/logo\/image\/"},"sameAs":["https:\/\/www.facebook.com\/azenkouky","https:\/\/www.instagram.com\/yazmedhealthcare","https:\/\/www.linkedin.com\/in\/yazmed-healthcare-1b4955295"]}]}},"_links":{"self":[{"href":"https:\/\/yazmed.ma\/ar\/wp-json\/wp\/v2\/product\/1706","targetHints":{"allow":["GET"]}}],"collection":[{"href":"https:\/\/yazmed.ma\/ar\/wp-json\/wp\/v2\/product"}],"about":[{"href":"https:\/\/yazmed.ma\/ar\/wp-json\/wp\/v2\/types\/product"}],"replies":[{"embeddable":true,"href":"https:\/\/yazmed.ma\/ar\/wp-json\/wp\/v2\/comments?post=1706"}],"version-history":[{"count":0,"href":"https:\/\/yazmed.ma\/ar\/wp-json\/wp\/v2\/product\/1706\/revisions"}],"wp:featuredmedia":[{"embeddable":true,"href":"https:\/\/yazmed.ma\/ar\/wp-json\/wp\/v2\/media\/1707"}],"wp:attachment":[{"href":"https:\/\/yazmed.ma\/ar\/wp-json\/wp\/v2\/media?parent=1706"}],"wp:term":[{"taxonomy":"product_brand","embeddable":true,"href":"https:\/\/yazmed.ma\/ar\/wp-json\/wp\/v2\/product_brand?post=1706"},{"taxonomy":"product_cat","embeddable":true,"href":"https:\/\/yazmed.ma\/ar\/wp-json\/wp\/v2\/product_cat?post=1706"},{"taxonomy":"product_tag","embeddable":true,"href":"https:\/\/yazmed.ma\/ar\/wp-json\/wp\/v2\/product_tag?post=1706"}],"curies":[{"name":"wp","href":"https:\/\/api.w.org\/{rel}","templated":true}]}}