{"id":1696,"date":"2025-01-08T16:01:15","date_gmt":"2025-01-08T16:01:15","guid":{"rendered":"https:\/\/yazmed.ma\/?post_type=product&#038;p=1696"},"modified":"2025-06-23T15:20:53","modified_gmt":"2025-06-23T15:20:53","slug":"pistolet-a-biopsie","status":"publish","type":"product","link":"https:\/\/yazmed.ma\/ar\/product\/pistolet-a-biopsie\/","title":{"rendered":"PISTOLET A BIOPSIE AUTOMATIQUE-REF6578"},"content":{"rendered":"","protected":false},"excerpt":{"rendered":"<h4>PISTOLET A BIOPSIE MAMMAIRE AUTOMATIQUE<\/h4>\n<p><strong>Pistolet automatique \u00e0 usage unique pour biopsie des tissus mous<\/strong><\/p>\n<p>avec deux profondeurs de p\u00e9n\u00e9tration : 22 mm ou 11 mm. La profondeur de p\u00e9n\u00e9tration de 22 mm correspond \u00e0 une encoche de 19 mm. La profondeur de p\u00e9n\u00e9tration de 11 mm correspond \u00e0 une encoche de 10 mm.<a title=\"https:\/\/www.google.com\/maps\/place\/EDM+Imaging\/@49.0258144,2.3396441,17z\/data=!3m1!4b1!4m5!3m4!1s0x47e6427cc3249471:0xcfdb31ced0fdc8e0!8m2!3d49.0258144!4d2.3418328\" href=\"https:\/\/www.google.com\/maps\/place\/EDM+Imaging\/@49.0258144,2.3396441,17z\/data=!3m1!4b1!4m5!3m4!1s0x47e6427cc3249471:0xcfdb31ced0fdc8e0!8m2!3d49.0258144!4d2.3418328\" target=\"_blank\" rel=\"noopener\" aria-describedby=\"a11y-new-window-message\">EDM Imaging<\/a><\/p>\n<p>Chargeable \u00e0 deux mains par un double mouvement de rotation, il est dot\u00e9 d\u2019une canule centim\u00e9trique et excentr\u00e9e avec pointe \u00e9chog\u00e8ne, et d\u2019un bouton de tir \u00e0 l\u2019arri\u00e8re du dispositif.<\/p>\n<p>Le pistolet est disponible avec une pointe standard ou trocart. En cas d\u2019utilisation d\u2019une aiguille coaxiale, celle-ci est conditionn\u00e9e dans le m\u00eame emballage primaire que celui du pistolet, ou s\u00e9par\u00e9ment. Pour certaines proc\u00e9dures, une aiguille coaxiale bout mousse est fournie dans un conditionnement individuel<\/p>\n<p>&nbsp;<\/p>\n<p>&nbsp;<\/p>\n<p>&nbsp;<\/p>\n<h2><\/h2>","protected":false},"featured_media":1902,"comment_status":"open","ping_status":"closed","template":"","meta":[],"product_brand":[],"product_cat":[50,52],"product_tag":[],"class_list":{"0":"post-1696","1":"product","2":"type-product","3":"status-publish","4":"has-post-thumbnail","6":"product_cat-appareillages-diagnostic","7":"product_cat-consommable-medical","9":"first","10":"instock","11":"taxable","12":"shipping-taxable","13":"product-type-simple"},"yoast_head":"<!-- This site is optimized with the Yoast SEO plugin v26.9 - https:\/\/yoast.com\/product\/yoast-seo-wordpress\/ -->\n<title>PISTOLET A BIOPSIE AUTOMATIQUE-REF6578 - YAZMED<\/title>\n<meta name=\"robots\" content=\"index, follow, max-snippet:-1, max-image-preview:large, max-video-preview:-1\" \/>\n<link rel=\"canonical\" href=\"https:\/\/yazmed.ma\/ar\/product\/pistolet-a-biopsie-mammaire-automatique\/\" \/>\n<meta property=\"og:locale\" content=\"ar_AR\" \/>\n<meta property=\"og:type\" content=\"article\" \/>\n<meta property=\"og:title\" content=\"PISTOLET A BIOPSIE AUTOMATIQUE-REF6578 - YAZMED\" \/>\n<meta property=\"og:description\" content=\"PISTOLET A BIOPSIE MAMMAIRE AUTOMATIQUE Pistolet automatique \u00e0 usage unique pour biopsie des tissus mous  avec deux profondeurs de p\u00e9n\u00e9tration : 22 mm ou 11 mm. La profondeur de p\u00e9n\u00e9tration de 22 mm correspond \u00e0 une encoche de 19 mm. La profondeur de p\u00e9n\u00e9tration de 11 mm correspond \u00e0 une encoche de 10 mm.EDM Imaging  Chargeable \u00e0 deux mains par un double mouvement de rotation, il est dot\u00e9 d\u2019une canule centim\u00e9trique et excentr\u00e9e avec pointe \u00e9chog\u00e8ne, et d\u2019un bouton de tir \u00e0 l\u2019arri\u00e8re du dispositif.  Le pistolet est disponible avec une pointe standard ou trocart. En cas d\u2019utilisation d\u2019une aiguille coaxiale, celle-ci est conditionn\u00e9e dans le m\u00eame emballage primaire que celui du pistolet, ou s\u00e9par\u00e9ment. Pour certaines proc\u00e9dures, une aiguille coaxiale bout mousse est fournie dans un conditionnement individuel  &nbsp;  &nbsp;  &nbsp;\" \/>\n<meta property=\"og:url\" content=\"https:\/\/yazmed.ma\/ar\/product\/pistolet-a-biopsie-mammaire-automatique\/\" \/>\n<meta property=\"og:site_name\" content=\"YAZMED\" \/>\n<meta property=\"article:publisher\" content=\"https:\/\/www.facebook.com\/azenkouky\" \/>\n<meta property=\"article:modified_time\" content=\"2025-06-23T15:20:53+00:00\" \/>\n<meta property=\"og:image\" content=\"https:\/\/yazmed.ma\/wp-content\/uploads\/2025\/01\/Design-sans-titre-78.png\" \/>\n\t<meta property=\"og:image:width\" content=\"570\" \/>\n\t<meta property=\"og:image:height\" content=\"517\" \/>\n\t<meta property=\"og:image:type\" content=\"image\/png\" \/>\n<meta name=\"twitter:card\" content=\"summary_large_image\" \/>\n<meta name=\"twitter:label1\" content=\"Est. reading time\" \/>\n\t<meta name=\"twitter:data1\" content=\"1 minute\" \/>\n<script type=\"application\/ld+json\" class=\"yoast-schema-graph\">{\"@context\":\"https:\/\/schema.org\",\"@graph\":[{\"@type\":\"WebPage\",\"@id\":\"https:\/\/yazmed.ma\/product\/pistolet-a-biopsie-mammaire-automatique\/\",\"url\":\"https:\/\/yazmed.ma\/product\/pistolet-a-biopsie-mammaire-automatique\/\",\"name\":\"PISTOLET A BIOPSIE AUTOMATIQUE-REF6578 - YAZMED\",\"isPartOf\":{\"@id\":\"https:\/\/yazmed.ma\/#website\"},\"primaryImageOfPage\":{\"@id\":\"https:\/\/yazmed.ma\/product\/pistolet-a-biopsie-mammaire-automatique\/#primaryimage\"},\"image\":{\"@id\":\"https:\/\/yazmed.ma\/product\/pistolet-a-biopsie-mammaire-automatique\/#primaryimage\"},\"thumbnailUrl\":\"https:\/\/yazmed.ma\/wp-content\/uploads\/2025\/01\/Design-sans-titre-78.png\",\"datePublished\":\"2025-01-08T16:01:15+00:00\",\"dateModified\":\"2025-06-23T15:20:53+00:00\",\"breadcrumb\":{\"@id\":\"https:\/\/yazmed.ma\/product\/pistolet-a-biopsie-mammaire-automatique\/#breadcrumb\"},\"inLanguage\":\"ary\",\"potentialAction\":[{\"@type\":\"ReadAction\",\"target\":[\"https:\/\/yazmed.ma\/product\/pistolet-a-biopsie-mammaire-automatique\/\"]}]},{\"@type\":\"ImageObject\",\"inLanguage\":\"ary\",\"@id\":\"https:\/\/yazmed.ma\/product\/pistolet-a-biopsie-mammaire-automatique\/#primaryimage\",\"url\":\"https:\/\/yazmed.ma\/wp-content\/uploads\/2025\/01\/Design-sans-titre-78.png\",\"contentUrl\":\"https:\/\/yazmed.ma\/wp-content\/uploads\/2025\/01\/Design-sans-titre-78.png\",\"width\":570,\"height\":517,\"caption\":\"PISTOLET A BIOPSIE MAMMAIRE AUTOMATIQUE Yazmed Maroc\"},{\"@type\":\"BreadcrumbList\",\"@id\":\"https:\/\/yazmed.ma\/product\/pistolet-a-biopsie-mammaire-automatique\/#breadcrumb\",\"itemListElement\":[{\"@type\":\"ListItem\",\"position\":1,\"name\":\"Accueil\",\"item\":\"https:\/\/yazmed.ma\/\"},{\"@type\":\"ListItem\",\"position\":2,\"name\":\"Shop\",\"item\":\"https:\/\/yazmed.ma\/shop-2\/\"},{\"@type\":\"ListItem\",\"position\":3,\"name\":\"PISTOLET A BIOPSIE MAMMAIRE AUTOMATIQUE\"}]},{\"@type\":\"WebSite\",\"@id\":\"https:\/\/yazmed.ma\/#website\",\"url\":\"https:\/\/yazmed.ma\/\",\"name\":\"Yazmed\",\"description\":\"LEADER DU MAT\u00c9RIEL M\u00c9DICAL AU MAROC\",\"publisher\":{\"@id\":\"https:\/\/yazmed.ma\/#organization\"},\"potentialAction\":[{\"@type\":\"SearchAction\",\"target\":{\"@type\":\"EntryPoint\",\"urlTemplate\":\"https:\/\/yazmed.ma\/?s={search_term_string}\"},\"query-input\":{\"@type\":\"PropertyValueSpecification\",\"valueRequired\":true,\"valueName\":\"search_term_string\"}}],\"inLanguage\":\"ary\"},{\"@type\":\"Organization\",\"@id\":\"https:\/\/yazmed.ma\/#organization\",\"name\":\"Yazmed Healthcare\",\"url\":\"https:\/\/yazmed.ma\/\",\"logo\":{\"@type\":\"ImageObject\",\"inLanguage\":\"ary\",\"@id\":\"https:\/\/yazmed.ma\/#\/schema\/logo\/image\/\",\"url\":\"https:\/\/yazmed.ma\/wp-content\/uploads\/2024\/12\/3.png\",\"contentUrl\":\"https:\/\/yazmed.ma\/wp-content\/uploads\/2024\/12\/3.png\",\"width\":250,\"height\":70,\"caption\":\"Yazmed Healthcare\"},\"image\":{\"@id\":\"https:\/\/yazmed.ma\/#\/schema\/logo\/image\/\"},\"sameAs\":[\"https:\/\/www.facebook.com\/azenkouky\",\"https:\/\/www.instagram.com\/yazmedhealthcare\",\"https:\/\/www.linkedin.com\/in\/yazmed-healthcare-1b4955295\"]}]}<\/script>\n<!-- \/ Yoast SEO plugin. -->","yoast_head_json":{"title":"PISTOLET A BIOPSIE AUTOMATIQUE-REF6578 - YAZMED","robots":{"index":"index","follow":"follow","max-snippet":"max-snippet:-1","max-image-preview":"max-image-preview:large","max-video-preview":"max-video-preview:-1"},"canonical":"https:\/\/yazmed.ma\/ar\/product\/pistolet-a-biopsie-mammaire-automatique\/","og_locale":"ar_AR","og_type":"article","og_title":"PISTOLET A BIOPSIE AUTOMATIQUE-REF6578 - YAZMED","og_description":"PISTOLET A BIOPSIE MAMMAIRE AUTOMATIQUE Pistolet automatique \u00e0 usage unique pour biopsie des tissus mous  avec deux profondeurs de p\u00e9n\u00e9tration : 22 mm ou 11 mm. La profondeur de p\u00e9n\u00e9tration de 22 mm correspond \u00e0 une encoche de 19 mm. La profondeur de p\u00e9n\u00e9tration de 11 mm correspond \u00e0 une encoche de 10 mm.EDM Imaging  Chargeable \u00e0 deux mains par un double mouvement de rotation, il est dot\u00e9 d\u2019une canule centim\u00e9trique et excentr\u00e9e avec pointe \u00e9chog\u00e8ne, et d\u2019un bouton de tir \u00e0 l\u2019arri\u00e8re du dispositif.  Le pistolet est disponible avec une pointe standard ou trocart. En cas d\u2019utilisation d\u2019une aiguille coaxiale, celle-ci est conditionn\u00e9e dans le m\u00eame emballage primaire que celui du pistolet, ou s\u00e9par\u00e9ment. Pour certaines proc\u00e9dures, une aiguille coaxiale bout mousse est fournie dans un conditionnement individuel  &nbsp;  &nbsp;  &nbsp;","og_url":"https:\/\/yazmed.ma\/ar\/product\/pistolet-a-biopsie-mammaire-automatique\/","og_site_name":"YAZMED","article_publisher":"https:\/\/www.facebook.com\/azenkouky","article_modified_time":"2025-06-23T15:20:53+00:00","og_image":[{"width":570,"height":517,"url":"https:\/\/yazmed.ma\/wp-content\/uploads\/2025\/01\/Design-sans-titre-78.png","type":"image\/png"}],"twitter_card":"summary_large_image","twitter_misc":{"Est. reading time":"1 minute"},"schema":{"@context":"https:\/\/schema.org","@graph":[{"@type":"WebPage","@id":"https:\/\/yazmed.ma\/product\/pistolet-a-biopsie-mammaire-automatique\/","url":"https:\/\/yazmed.ma\/product\/pistolet-a-biopsie-mammaire-automatique\/","name":"PISTOLET A BIOPSIE AUTOMATIQUE-REF6578 - YAZMED","isPartOf":{"@id":"https:\/\/yazmed.ma\/#website"},"primaryImageOfPage":{"@id":"https:\/\/yazmed.ma\/product\/pistolet-a-biopsie-mammaire-automatique\/#primaryimage"},"image":{"@id":"https:\/\/yazmed.ma\/product\/pistolet-a-biopsie-mammaire-automatique\/#primaryimage"},"thumbnailUrl":"https:\/\/yazmed.ma\/wp-content\/uploads\/2025\/01\/Design-sans-titre-78.png","datePublished":"2025-01-08T16:01:15+00:00","dateModified":"2025-06-23T15:20:53+00:00","breadcrumb":{"@id":"https:\/\/yazmed.ma\/product\/pistolet-a-biopsie-mammaire-automatique\/#breadcrumb"},"inLanguage":"ary","potentialAction":[{"@type":"ReadAction","target":["https:\/\/yazmed.ma\/product\/pistolet-a-biopsie-mammaire-automatique\/"]}]},{"@type":"ImageObject","inLanguage":"ary","@id":"https:\/\/yazmed.ma\/product\/pistolet-a-biopsie-mammaire-automatique\/#primaryimage","url":"https:\/\/yazmed.ma\/wp-content\/uploads\/2025\/01\/Design-sans-titre-78.png","contentUrl":"https:\/\/yazmed.ma\/wp-content\/uploads\/2025\/01\/Design-sans-titre-78.png","width":570,"height":517,"caption":"PISTOLET A BIOPSIE MAMMAIRE AUTOMATIQUE Yazmed Maroc"},{"@type":"BreadcrumbList","@id":"https:\/\/yazmed.ma\/product\/pistolet-a-biopsie-mammaire-automatique\/#breadcrumb","itemListElement":[{"@type":"ListItem","position":1,"name":"Accueil","item":"https:\/\/yazmed.ma\/"},{"@type":"ListItem","position":2,"name":"Shop","item":"https:\/\/yazmed.ma\/shop-2\/"},{"@type":"ListItem","position":3,"name":"PISTOLET A BIOPSIE MAMMAIRE AUTOMATIQUE"}]},{"@type":"WebSite","@id":"https:\/\/yazmed.ma\/#website","url":"https:\/\/yazmed.ma\/","name":"Yazmed","description":"LEADER DU MAT\u00c9RIEL M\u00c9DICAL AU MAROC","publisher":{"@id":"https:\/\/yazmed.ma\/#organization"},"potentialAction":[{"@type":"SearchAction","target":{"@type":"EntryPoint","urlTemplate":"https:\/\/yazmed.ma\/?s={search_term_string}"},"query-input":{"@type":"PropertyValueSpecification","valueRequired":true,"valueName":"search_term_string"}}],"inLanguage":"ary"},{"@type":"Organization","@id":"https:\/\/yazmed.ma\/#organization","name":"Yazmed Healthcare","url":"https:\/\/yazmed.ma\/","logo":{"@type":"ImageObject","inLanguage":"ary","@id":"https:\/\/yazmed.ma\/#\/schema\/logo\/image\/","url":"https:\/\/yazmed.ma\/wp-content\/uploads\/2024\/12\/3.png","contentUrl":"https:\/\/yazmed.ma\/wp-content\/uploads\/2024\/12\/3.png","width":250,"height":70,"caption":"Yazmed Healthcare"},"image":{"@id":"https:\/\/yazmed.ma\/#\/schema\/logo\/image\/"},"sameAs":["https:\/\/www.facebook.com\/azenkouky","https:\/\/www.instagram.com\/yazmedhealthcare","https:\/\/www.linkedin.com\/in\/yazmed-healthcare-1b4955295"]}]}},"_links":{"self":[{"href":"https:\/\/yazmed.ma\/ar\/wp-json\/wp\/v2\/product\/1696","targetHints":{"allow":["GET"]}}],"collection":[{"href":"https:\/\/yazmed.ma\/ar\/wp-json\/wp\/v2\/product"}],"about":[{"href":"https:\/\/yazmed.ma\/ar\/wp-json\/wp\/v2\/types\/product"}],"replies":[{"embeddable":true,"href":"https:\/\/yazmed.ma\/ar\/wp-json\/wp\/v2\/comments?post=1696"}],"version-history":[{"count":0,"href":"https:\/\/yazmed.ma\/ar\/wp-json\/wp\/v2\/product\/1696\/revisions"}],"wp:featuredmedia":[{"embeddable":true,"href":"https:\/\/yazmed.ma\/ar\/wp-json\/wp\/v2\/media\/1902"}],"wp:attachment":[{"href":"https:\/\/yazmed.ma\/ar\/wp-json\/wp\/v2\/media?parent=1696"}],"wp:term":[{"taxonomy":"product_brand","embeddable":true,"href":"https:\/\/yazmed.ma\/ar\/wp-json\/wp\/v2\/product_brand?post=1696"},{"taxonomy":"product_cat","embeddable":true,"href":"https:\/\/yazmed.ma\/ar\/wp-json\/wp\/v2\/product_cat?post=1696"},{"taxonomy":"product_tag","embeddable":true,"href":"https:\/\/yazmed.ma\/ar\/wp-json\/wp\/v2\/product_tag?post=1696"}],"curies":[{"name":"wp","href":"https:\/\/api.w.org\/{rel}","templated":true}]}}