{"id":1692,"date":"2025-01-07T15:49:47","date_gmt":"2025-01-07T15:49:47","guid":{"rendered":"https:\/\/yazmed.ma\/?post_type=product&#038;p=1692"},"modified":"2025-08-05T13:14:22","modified_gmt":"2025-08-05T13:14:22","slug":"electrode-ecg-3m","status":"publish","type":"product","link":"https:\/\/yazmed.ma\/ar\/product\/electrode-ecg-3m\/","title":{"rendered":"Electrode ECG  3M"},"content":{"rendered":"<h4><\/h4>","protected":false},"excerpt":{"rendered":"<h5>\u00c9lectrodes ECG\u00a0 3M jetables \u00e0 usage unique avec ou patch ECG<\/h5>\n<p>Con\u00e7ues pour offrir une excellente conductivit\u00e9, une adh\u00e9rence optimale et un confort maximal pour le patient. Compatibles avec la majorit\u00e9 des c\u00e2bles ECG standards.<\/p>\n<p>Compatible avec tous les appareils ECG standard 3, 5 ou 12 d\u00e9rivations .<\/p>\n<p>&nbsp;<\/p>\n<p><img decoding=\"async\" class=\"\" src=\"https:\/\/www.dispoma.com\/wp-content\/uploads\/2023\/05\/3m-logo.jpg\" alt=\"3M\" width=\"77\" height=\"77\" \/><\/p>","protected":false},"featured_media":1913,"comment_status":"open","ping_status":"closed","template":"","meta":[],"product_brand":[],"product_cat":[52],"product_tag":[],"class_list":{"0":"post-1692","1":"product","2":"type-product","3":"status-publish","4":"has-post-thumbnail","6":"product_cat-consommable-medical","8":"first","9":"instock","10":"sale","11":"taxable","12":"shipping-taxable","13":"purchasable","14":"product-type-simple"},"yoast_head":"<!-- This site is optimized with the Yoast SEO plugin v26.9 - https:\/\/yoast.com\/product\/yoast-seo-wordpress\/ -->\n<title>Electrode ECG 3M - YAZMED<\/title>\n<meta name=\"robots\" content=\"index, follow, max-snippet:-1, max-image-preview:large, max-video-preview:-1\" \/>\n<link rel=\"canonical\" href=\"https:\/\/yazmed.ma\/ar\/product\/electrode-3m-red-dot-de-surveillance-polyvalente-sachet-de-100\/\" \/>\n<meta property=\"og:locale\" content=\"ar_AR\" \/>\n<meta property=\"og:type\" content=\"article\" \/>\n<meta property=\"og:title\" content=\"Electrode ECG 3M - YAZMED\" \/>\n<meta property=\"og:description\" content=\"\u00c9lectrodes ECG\u00a0 3M jetables \u00e0 usage unique avec ou patch ECG Con\u00e7ues pour offrir une excellente conductivit\u00e9, une adh\u00e9rence optimale et un confort maximal pour le patient. Compatibles avec la majorit\u00e9 des c\u00e2bles ECG standards.  Compatible avec tous les appareils ECG standard 3, 5 ou 12 d\u00e9rivations .  &nbsp;\" \/>\n<meta property=\"og:url\" content=\"https:\/\/yazmed.ma\/ar\/product\/electrode-3m-red-dot-de-surveillance-polyvalente-sachet-de-100\/\" \/>\n<meta property=\"og:site_name\" content=\"YAZMED\" \/>\n<meta property=\"article:publisher\" content=\"https:\/\/www.facebook.com\/azenkouky\" \/>\n<meta property=\"article:modified_time\" content=\"2025-08-05T13:14:22+00:00\" \/>\n<meta property=\"og:image\" content=\"https:\/\/yazmed.ma\/wp-content\/uploads\/2025\/01\/Design-sans-titre-87.png\" \/>\n\t<meta property=\"og:image:width\" content=\"570\" \/>\n\t<meta property=\"og:image:height\" content=\"517\" \/>\n\t<meta property=\"og:image:type\" content=\"image\/png\" \/>\n<meta name=\"twitter:card\" content=\"summary_large_image\" \/>\n<meta name=\"twitter:label1\" content=\"Est. reading time\" \/>\n\t<meta name=\"twitter:data1\" content=\"1 minute\" \/>\n<script type=\"application\/ld+json\" class=\"yoast-schema-graph\">{\"@context\":\"https:\/\/schema.org\",\"@graph\":[{\"@type\":\"WebPage\",\"@id\":\"https:\/\/yazmed.ma\/product\/electrode-3m-red-dot-de-surveillance-polyvalente-sachet-de-100\/\",\"url\":\"https:\/\/yazmed.ma\/product\/electrode-3m-red-dot-de-surveillance-polyvalente-sachet-de-100\/\",\"name\":\"Electrode ECG 3M - YAZMED\",\"isPartOf\":{\"@id\":\"https:\/\/yazmed.ma\/#website\"},\"primaryImageOfPage\":{\"@id\":\"https:\/\/yazmed.ma\/product\/electrode-3m-red-dot-de-surveillance-polyvalente-sachet-de-100\/#primaryimage\"},\"image\":{\"@id\":\"https:\/\/yazmed.ma\/product\/electrode-3m-red-dot-de-surveillance-polyvalente-sachet-de-100\/#primaryimage\"},\"thumbnailUrl\":\"https:\/\/yazmed.ma\/wp-content\/uploads\/2025\/01\/Design-sans-titre-87.png\",\"datePublished\":\"2025-01-07T15:49:47+00:00\",\"dateModified\":\"2025-08-05T13:14:22+00:00\",\"breadcrumb\":{\"@id\":\"https:\/\/yazmed.ma\/product\/electrode-3m-red-dot-de-surveillance-polyvalente-sachet-de-100\/#breadcrumb\"},\"inLanguage\":\"ary\",\"potentialAction\":[{\"@type\":\"ReadAction\",\"target\":[\"https:\/\/yazmed.ma\/product\/electrode-3m-red-dot-de-surveillance-polyvalente-sachet-de-100\/\"]}]},{\"@type\":\"ImageObject\",\"inLanguage\":\"ary\",\"@id\":\"https:\/\/yazmed.ma\/product\/electrode-3m-red-dot-de-surveillance-polyvalente-sachet-de-100\/#primaryimage\",\"url\":\"https:\/\/yazmed.ma\/wp-content\/uploads\/2025\/01\/Design-sans-titre-87.png\",\"contentUrl\":\"https:\/\/yazmed.ma\/wp-content\/uploads\/2025\/01\/Design-sans-titre-87.png\",\"width\":570,\"height\":517,\"caption\":\"Electrode 3M Red Dot de surveillance polyvalente Yazmed Maroc\"},{\"@type\":\"BreadcrumbList\",\"@id\":\"https:\/\/yazmed.ma\/product\/electrode-3m-red-dot-de-surveillance-polyvalente-sachet-de-100\/#breadcrumb\",\"itemListElement\":[{\"@type\":\"ListItem\",\"position\":1,\"name\":\"Accueil\",\"item\":\"https:\/\/yazmed.ma\/\"},{\"@type\":\"ListItem\",\"position\":2,\"name\":\"Shop\",\"item\":\"https:\/\/yazmed.ma\/shop-2\/\"},{\"@type\":\"ListItem\",\"position\":3,\"name\":\"Electrode 3M Red Dot de surveillance polyvalente\"}]},{\"@type\":\"WebSite\",\"@id\":\"https:\/\/yazmed.ma\/#website\",\"url\":\"https:\/\/yazmed.ma\/\",\"name\":\"Yazmed\",\"description\":\"LEADER DU MAT\u00c9RIEL M\u00c9DICAL AU MAROC\",\"publisher\":{\"@id\":\"https:\/\/yazmed.ma\/#organization\"},\"potentialAction\":[{\"@type\":\"SearchAction\",\"target\":{\"@type\":\"EntryPoint\",\"urlTemplate\":\"https:\/\/yazmed.ma\/?s={search_term_string}\"},\"query-input\":{\"@type\":\"PropertyValueSpecification\",\"valueRequired\":true,\"valueName\":\"search_term_string\"}}],\"inLanguage\":\"ary\"},{\"@type\":\"Organization\",\"@id\":\"https:\/\/yazmed.ma\/#organization\",\"name\":\"Yazmed Healthcare\",\"url\":\"https:\/\/yazmed.ma\/\",\"logo\":{\"@type\":\"ImageObject\",\"inLanguage\":\"ary\",\"@id\":\"https:\/\/yazmed.ma\/#\/schema\/logo\/image\/\",\"url\":\"https:\/\/yazmed.ma\/wp-content\/uploads\/2024\/12\/3.png\",\"contentUrl\":\"https:\/\/yazmed.ma\/wp-content\/uploads\/2024\/12\/3.png\",\"width\":250,\"height\":70,\"caption\":\"Yazmed Healthcare\"},\"image\":{\"@id\":\"https:\/\/yazmed.ma\/#\/schema\/logo\/image\/\"},\"sameAs\":[\"https:\/\/www.facebook.com\/azenkouky\",\"https:\/\/www.instagram.com\/yazmedhealthcare\",\"https:\/\/www.linkedin.com\/in\/yazmed-healthcare-1b4955295\"]}]}<\/script>\n<!-- \/ Yoast SEO plugin. -->","yoast_head_json":{"title":"Electrode ECG 3M - YAZMED","robots":{"index":"index","follow":"follow","max-snippet":"max-snippet:-1","max-image-preview":"max-image-preview:large","max-video-preview":"max-video-preview:-1"},"canonical":"https:\/\/yazmed.ma\/ar\/product\/electrode-3m-red-dot-de-surveillance-polyvalente-sachet-de-100\/","og_locale":"ar_AR","og_type":"article","og_title":"Electrode ECG 3M - YAZMED","og_description":"\u00c9lectrodes ECG\u00a0 3M jetables \u00e0 usage unique avec ou patch ECG Con\u00e7ues pour offrir une excellente conductivit\u00e9, une adh\u00e9rence optimale et un confort maximal pour le patient. Compatibles avec la majorit\u00e9 des c\u00e2bles ECG standards.  Compatible avec tous les appareils ECG standard 3, 5 ou 12 d\u00e9rivations .  &nbsp;","og_url":"https:\/\/yazmed.ma\/ar\/product\/electrode-3m-red-dot-de-surveillance-polyvalente-sachet-de-100\/","og_site_name":"YAZMED","article_publisher":"https:\/\/www.facebook.com\/azenkouky","article_modified_time":"2025-08-05T13:14:22+00:00","og_image":[{"width":570,"height":517,"url":"https:\/\/yazmed.ma\/wp-content\/uploads\/2025\/01\/Design-sans-titre-87.png","type":"image\/png"}],"twitter_card":"summary_large_image","twitter_misc":{"Est. reading time":"1 minute"},"schema":{"@context":"https:\/\/schema.org","@graph":[{"@type":"WebPage","@id":"https:\/\/yazmed.ma\/product\/electrode-3m-red-dot-de-surveillance-polyvalente-sachet-de-100\/","url":"https:\/\/yazmed.ma\/product\/electrode-3m-red-dot-de-surveillance-polyvalente-sachet-de-100\/","name":"Electrode ECG 3M - YAZMED","isPartOf":{"@id":"https:\/\/yazmed.ma\/#website"},"primaryImageOfPage":{"@id":"https:\/\/yazmed.ma\/product\/electrode-3m-red-dot-de-surveillance-polyvalente-sachet-de-100\/#primaryimage"},"image":{"@id":"https:\/\/yazmed.ma\/product\/electrode-3m-red-dot-de-surveillance-polyvalente-sachet-de-100\/#primaryimage"},"thumbnailUrl":"https:\/\/yazmed.ma\/wp-content\/uploads\/2025\/01\/Design-sans-titre-87.png","datePublished":"2025-01-07T15:49:47+00:00","dateModified":"2025-08-05T13:14:22+00:00","breadcrumb":{"@id":"https:\/\/yazmed.ma\/product\/electrode-3m-red-dot-de-surveillance-polyvalente-sachet-de-100\/#breadcrumb"},"inLanguage":"ary","potentialAction":[{"@type":"ReadAction","target":["https:\/\/yazmed.ma\/product\/electrode-3m-red-dot-de-surveillance-polyvalente-sachet-de-100\/"]}]},{"@type":"ImageObject","inLanguage":"ary","@id":"https:\/\/yazmed.ma\/product\/electrode-3m-red-dot-de-surveillance-polyvalente-sachet-de-100\/#primaryimage","url":"https:\/\/yazmed.ma\/wp-content\/uploads\/2025\/01\/Design-sans-titre-87.png","contentUrl":"https:\/\/yazmed.ma\/wp-content\/uploads\/2025\/01\/Design-sans-titre-87.png","width":570,"height":517,"caption":"Electrode 3M Red Dot de surveillance polyvalente Yazmed Maroc"},{"@type":"BreadcrumbList","@id":"https:\/\/yazmed.ma\/product\/electrode-3m-red-dot-de-surveillance-polyvalente-sachet-de-100\/#breadcrumb","itemListElement":[{"@type":"ListItem","position":1,"name":"Accueil","item":"https:\/\/yazmed.ma\/"},{"@type":"ListItem","position":2,"name":"Shop","item":"https:\/\/yazmed.ma\/shop-2\/"},{"@type":"ListItem","position":3,"name":"Electrode 3M Red Dot de surveillance polyvalente"}]},{"@type":"WebSite","@id":"https:\/\/yazmed.ma\/#website","url":"https:\/\/yazmed.ma\/","name":"Yazmed","description":"LEADER DU MAT\u00c9RIEL M\u00c9DICAL AU MAROC","publisher":{"@id":"https:\/\/yazmed.ma\/#organization"},"potentialAction":[{"@type":"SearchAction","target":{"@type":"EntryPoint","urlTemplate":"https:\/\/yazmed.ma\/?s={search_term_string}"},"query-input":{"@type":"PropertyValueSpecification","valueRequired":true,"valueName":"search_term_string"}}],"inLanguage":"ary"},{"@type":"Organization","@id":"https:\/\/yazmed.ma\/#organization","name":"Yazmed Healthcare","url":"https:\/\/yazmed.ma\/","logo":{"@type":"ImageObject","inLanguage":"ary","@id":"https:\/\/yazmed.ma\/#\/schema\/logo\/image\/","url":"https:\/\/yazmed.ma\/wp-content\/uploads\/2024\/12\/3.png","contentUrl":"https:\/\/yazmed.ma\/wp-content\/uploads\/2024\/12\/3.png","width":250,"height":70,"caption":"Yazmed Healthcare"},"image":{"@id":"https:\/\/yazmed.ma\/#\/schema\/logo\/image\/"},"sameAs":["https:\/\/www.facebook.com\/azenkouky","https:\/\/www.instagram.com\/yazmedhealthcare","https:\/\/www.linkedin.com\/in\/yazmed-healthcare-1b4955295"]}]}},"_links":{"self":[{"href":"https:\/\/yazmed.ma\/ar\/wp-json\/wp\/v2\/product\/1692","targetHints":{"allow":["GET"]}}],"collection":[{"href":"https:\/\/yazmed.ma\/ar\/wp-json\/wp\/v2\/product"}],"about":[{"href":"https:\/\/yazmed.ma\/ar\/wp-json\/wp\/v2\/types\/product"}],"replies":[{"embeddable":true,"href":"https:\/\/yazmed.ma\/ar\/wp-json\/wp\/v2\/comments?post=1692"}],"version-history":[{"count":1,"href":"https:\/\/yazmed.ma\/ar\/wp-json\/wp\/v2\/product\/1692\/revisions"}],"predecessor-version":[{"id":2690,"href":"https:\/\/yazmed.ma\/ar\/wp-json\/wp\/v2\/product\/1692\/revisions\/2690"}],"wp:featuredmedia":[{"embeddable":true,"href":"https:\/\/yazmed.ma\/ar\/wp-json\/wp\/v2\/media\/1913"}],"wp:attachment":[{"href":"https:\/\/yazmed.ma\/ar\/wp-json\/wp\/v2\/media?parent=1692"}],"wp:term":[{"taxonomy":"product_brand","embeddable":true,"href":"https:\/\/yazmed.ma\/ar\/wp-json\/wp\/v2\/product_brand?post=1692"},{"taxonomy":"product_cat","embeddable":true,"href":"https:\/\/yazmed.ma\/ar\/wp-json\/wp\/v2\/product_cat?post=1692"},{"taxonomy":"product_tag","embeddable":true,"href":"https:\/\/yazmed.ma\/ar\/wp-json\/wp\/v2\/product_tag?post=1692"}],"curies":[{"name":"wp","href":"https:\/\/api.w.org\/{rel}","templated":true}]}}