{"id":1683,"date":"2025-01-07T15:41:58","date_gmt":"2025-01-07T15:41:58","guid":{"rendered":"https:\/\/yazmed.ma\/?post_type=product&#038;p=1683"},"modified":"2026-03-28T14:31:26","modified_gmt":"2026-03-28T14:31:26","slug":"aiguilles-de-mesotherapie-needls-30g-x-13mm","status":"publish","type":"product","link":"https:\/\/yazmed.ma\/ar\/product\/aiguilles-de-mesotherapie-needls-30g-x-13mm\/","title":{"rendered":"AIGUILLES DE M\u00c9SOTH\u00c9RAPIE KIPIC  30G X 13MM"},"content":{"rendered":"","protected":false},"excerpt":{"rendered":"<p>Nos aiguilles M\u00e9soth\u00e9rapie <strong>KIPIC<\/strong>\u00ae r\u00e9pondent aux exigences m\u00e9dicales, de\u00a0<strong>Classe IIa<\/strong>\u00a0et sont st\u00e9rilis\u00e9es \u00e0 l&rsquo;oxyde d&rsquo;\u00e9thyl\u00e8ne (<strong>ETO<\/strong>).<\/p>\n<p>Elles sont munies d&rsquo;un tube protecteur afin de prot\u00e9ger le biseau.<\/p>\n<p>Conditionn\u00e9es sous sachet individuel de qualit\u00e9 m\u00e9dical garantissant la protection de l&rsquo;aiguille et le maintien de l&rsquo;\u00e9tat st\u00e9rile.<\/p>\n<p>Indications :<\/p>\n<p>&#8211; Injections dans les tissus mous sous-cutan\u00e9es, intramusculaires; intraveineuses, intravitr\u00e9ennes, intra-articulaires et aures<\/p>\n<p>&#8211; Collecte de sang<\/p>\n<p>&#8211; Aspiration \u00e0 l&rsquo;aiguille fine<\/p>","protected":false},"featured_media":1911,"comment_status":"open","ping_status":"closed","template":"","meta":[],"product_brand":[],"product_cat":[52],"product_tag":[],"class_list":{"0":"post-1683","1":"product","2":"type-product","3":"status-publish","4":"has-post-thumbnail","6":"product_cat-consommable-medical","8":"first","9":"outofstock","10":"taxable","11":"shipping-taxable","12":"purchasable","13":"product-type-variable"},"yoast_head":"<!-- This site is optimized with the Yoast SEO plugin v26.9 - https:\/\/yoast.com\/product\/yoast-seo-wordpress\/ -->\n<title>AIGUILLES DE M\u00c9SOTH\u00c9RAPIE KIPIC 30G X 13MM - YAZMED<\/title>\n<meta name=\"robots\" content=\"index, follow, max-snippet:-1, max-image-preview:large, max-video-preview:-1\" \/>\n<link rel=\"canonical\" href=\"https:\/\/yazmed.ma\/ar\/product\/aiguilles-de-mesotherapie-needls-30g-x-13mm\/\" \/>\n<meta property=\"og:locale\" content=\"ar_AR\" \/>\n<meta property=\"og:type\" content=\"article\" \/>\n<meta property=\"og:title\" content=\"AIGUILLES DE M\u00c9SOTH\u00c9RAPIE KIPIC 30G X 13MM - YAZMED\" \/>\n<meta property=\"og:description\" content=\"Nos aiguilles M\u00e9soth\u00e9rapie KIPIC\u00ae r\u00e9pondent aux exigences m\u00e9dicales, de\u00a0Classe IIa\u00a0et sont st\u00e9rilis\u00e9es \u00e0 l&#039;oxyde d&#039;\u00e9thyl\u00e8ne (ETO).  Elles sont munies d&#039;un tube protecteur afin de prot\u00e9ger le biseau.  Conditionn\u00e9es sous sachet individuel de qualit\u00e9 m\u00e9dical garantissant la protection de l&#039;aiguille et le maintien de l&#039;\u00e9tat st\u00e9rile.  Indications :  - Injections dans les tissus mous sous-cutan\u00e9es, intramusculaires; intraveineuses, intravitr\u00e9ennes, intra-articulaires et aures  - Collecte de sang  - Aspiration \u00e0 l&#039;aiguille fine\" \/>\n<meta property=\"og:url\" content=\"https:\/\/yazmed.ma\/ar\/product\/aiguilles-de-mesotherapie-needls-30g-x-13mm\/\" \/>\n<meta property=\"og:site_name\" content=\"YAZMED\" \/>\n<meta property=\"article:publisher\" content=\"https:\/\/www.facebook.com\/azenkouky\" \/>\n<meta property=\"article:modified_time\" content=\"2026-03-28T14:31:26+00:00\" \/>\n<meta property=\"og:image\" content=\"https:\/\/yazmed.ma\/wp-content\/uploads\/2025\/01\/Design-sans-titre-85.png\" \/>\n\t<meta property=\"og:image:width\" content=\"570\" \/>\n\t<meta property=\"og:image:height\" content=\"517\" \/>\n\t<meta property=\"og:image:type\" content=\"image\/png\" \/>\n<meta name=\"twitter:card\" content=\"summary_large_image\" \/>\n<meta name=\"twitter:label1\" content=\"Est. reading time\" \/>\n\t<meta name=\"twitter:data1\" content=\"1 minute\" \/>\n<script type=\"application\/ld+json\" class=\"yoast-schema-graph\">{\"@context\":\"https:\/\/schema.org\",\"@graph\":[{\"@type\":\"WebPage\",\"@id\":\"https:\/\/yazmed.ma\/product\/aiguilles-de-mesotherapie-needls-30g-x-13mm\/\",\"url\":\"https:\/\/yazmed.ma\/product\/aiguilles-de-mesotherapie-needls-30g-x-13mm\/\",\"name\":\"AIGUILLES DE M\u00c9SOTH\u00c9RAPIE KIPIC 30G X 13MM - YAZMED\",\"isPartOf\":{\"@id\":\"https:\/\/yazmed.ma\/#website\"},\"primaryImageOfPage\":{\"@id\":\"https:\/\/yazmed.ma\/product\/aiguilles-de-mesotherapie-needls-30g-x-13mm\/#primaryimage\"},\"image\":{\"@id\":\"https:\/\/yazmed.ma\/product\/aiguilles-de-mesotherapie-needls-30g-x-13mm\/#primaryimage\"},\"thumbnailUrl\":\"https:\/\/yazmed.ma\/wp-content\/uploads\/2025\/01\/Design-sans-titre-85.png\",\"datePublished\":\"2025-01-07T15:41:58+00:00\",\"dateModified\":\"2026-03-28T14:31:26+00:00\",\"breadcrumb\":{\"@id\":\"https:\/\/yazmed.ma\/product\/aiguilles-de-mesotherapie-needls-30g-x-13mm\/#breadcrumb\"},\"inLanguage\":\"ary\",\"potentialAction\":[{\"@type\":\"ReadAction\",\"target\":[\"https:\/\/yazmed.ma\/product\/aiguilles-de-mesotherapie-needls-30g-x-13mm\/\"]}]},{\"@type\":\"ImageObject\",\"inLanguage\":\"ary\",\"@id\":\"https:\/\/yazmed.ma\/product\/aiguilles-de-mesotherapie-needls-30g-x-13mm\/#primaryimage\",\"url\":\"https:\/\/yazmed.ma\/wp-content\/uploads\/2025\/01\/Design-sans-titre-85.png\",\"contentUrl\":\"https:\/\/yazmed.ma\/wp-content\/uploads\/2025\/01\/Design-sans-titre-85.png\",\"width\":570,\"height\":517,\"caption\":\"AIGUILLES DE M\u00c9SOTH\u00c9RAPIE NEEDLS 30G X 13MM Yazmed Maroc\"},{\"@type\":\"BreadcrumbList\",\"@id\":\"https:\/\/yazmed.ma\/product\/aiguilles-de-mesotherapie-needls-30g-x-13mm\/#breadcrumb\",\"itemListElement\":[{\"@type\":\"ListItem\",\"position\":1,\"name\":\"Accueil\",\"item\":\"https:\/\/yazmed.ma\/\"},{\"@type\":\"ListItem\",\"position\":2,\"name\":\"Shop\",\"item\":\"https:\/\/yazmed.ma\/shop-2\/\"},{\"@type\":\"ListItem\",\"position\":3,\"name\":\"AIGUILLES DE M\u00c9SOTH\u00c9RAPIE NEEDLS 30G X 13MM\"}]},{\"@type\":\"WebSite\",\"@id\":\"https:\/\/yazmed.ma\/#website\",\"url\":\"https:\/\/yazmed.ma\/\",\"name\":\"Yazmed\",\"description\":\"LEADER DU MAT\u00c9RIEL M\u00c9DICAL AU MAROC\",\"publisher\":{\"@id\":\"https:\/\/yazmed.ma\/#organization\"},\"potentialAction\":[{\"@type\":\"SearchAction\",\"target\":{\"@type\":\"EntryPoint\",\"urlTemplate\":\"https:\/\/yazmed.ma\/?s={search_term_string}\"},\"query-input\":{\"@type\":\"PropertyValueSpecification\",\"valueRequired\":true,\"valueName\":\"search_term_string\"}}],\"inLanguage\":\"ary\"},{\"@type\":\"Organization\",\"@id\":\"https:\/\/yazmed.ma\/#organization\",\"name\":\"Yazmed Healthcare\",\"url\":\"https:\/\/yazmed.ma\/\",\"logo\":{\"@type\":\"ImageObject\",\"inLanguage\":\"ary\",\"@id\":\"https:\/\/yazmed.ma\/#\/schema\/logo\/image\/\",\"url\":\"https:\/\/yazmed.ma\/wp-content\/uploads\/2024\/12\/3.png\",\"contentUrl\":\"https:\/\/yazmed.ma\/wp-content\/uploads\/2024\/12\/3.png\",\"width\":250,\"height\":70,\"caption\":\"Yazmed Healthcare\"},\"image\":{\"@id\":\"https:\/\/yazmed.ma\/#\/schema\/logo\/image\/\"},\"sameAs\":[\"https:\/\/www.facebook.com\/azenkouky\",\"https:\/\/www.instagram.com\/yazmedhealthcare\",\"https:\/\/www.linkedin.com\/in\/yazmed-healthcare-1b4955295\"]}]}<\/script>\n<!-- \/ Yoast SEO plugin. -->","yoast_head_json":{"title":"AIGUILLES DE M\u00c9SOTH\u00c9RAPIE KIPIC 30G X 13MM - YAZMED","robots":{"index":"index","follow":"follow","max-snippet":"max-snippet:-1","max-image-preview":"max-image-preview:large","max-video-preview":"max-video-preview:-1"},"canonical":"https:\/\/yazmed.ma\/ar\/product\/aiguilles-de-mesotherapie-needls-30g-x-13mm\/","og_locale":"ar_AR","og_type":"article","og_title":"AIGUILLES DE M\u00c9SOTH\u00c9RAPIE KIPIC 30G X 13MM - YAZMED","og_description":"Nos aiguilles M\u00e9soth\u00e9rapie KIPIC\u00ae r\u00e9pondent aux exigences m\u00e9dicales, de\u00a0Classe IIa\u00a0et sont st\u00e9rilis\u00e9es \u00e0 l'oxyde d'\u00e9thyl\u00e8ne (ETO).  Elles sont munies d'un tube protecteur afin de prot\u00e9ger le biseau.  Conditionn\u00e9es sous sachet individuel de qualit\u00e9 m\u00e9dical garantissant la protection de l'aiguille et le maintien de l'\u00e9tat st\u00e9rile.  Indications :  - Injections dans les tissus mous sous-cutan\u00e9es, intramusculaires; intraveineuses, intravitr\u00e9ennes, intra-articulaires et aures  - Collecte de sang  - Aspiration \u00e0 l'aiguille fine","og_url":"https:\/\/yazmed.ma\/ar\/product\/aiguilles-de-mesotherapie-needls-30g-x-13mm\/","og_site_name":"YAZMED","article_publisher":"https:\/\/www.facebook.com\/azenkouky","article_modified_time":"2026-03-28T14:31:26+00:00","og_image":[{"width":570,"height":517,"url":"https:\/\/yazmed.ma\/wp-content\/uploads\/2025\/01\/Design-sans-titre-85.png","type":"image\/png"}],"twitter_card":"summary_large_image","twitter_misc":{"Est. reading time":"1 minute"},"schema":{"@context":"https:\/\/schema.org","@graph":[{"@type":"WebPage","@id":"https:\/\/yazmed.ma\/product\/aiguilles-de-mesotherapie-needls-30g-x-13mm\/","url":"https:\/\/yazmed.ma\/product\/aiguilles-de-mesotherapie-needls-30g-x-13mm\/","name":"AIGUILLES DE M\u00c9SOTH\u00c9RAPIE KIPIC 30G X 13MM - YAZMED","isPartOf":{"@id":"https:\/\/yazmed.ma\/#website"},"primaryImageOfPage":{"@id":"https:\/\/yazmed.ma\/product\/aiguilles-de-mesotherapie-needls-30g-x-13mm\/#primaryimage"},"image":{"@id":"https:\/\/yazmed.ma\/product\/aiguilles-de-mesotherapie-needls-30g-x-13mm\/#primaryimage"},"thumbnailUrl":"https:\/\/yazmed.ma\/wp-content\/uploads\/2025\/01\/Design-sans-titre-85.png","datePublished":"2025-01-07T15:41:58+00:00","dateModified":"2026-03-28T14:31:26+00:00","breadcrumb":{"@id":"https:\/\/yazmed.ma\/product\/aiguilles-de-mesotherapie-needls-30g-x-13mm\/#breadcrumb"},"inLanguage":"ary","potentialAction":[{"@type":"ReadAction","target":["https:\/\/yazmed.ma\/product\/aiguilles-de-mesotherapie-needls-30g-x-13mm\/"]}]},{"@type":"ImageObject","inLanguage":"ary","@id":"https:\/\/yazmed.ma\/product\/aiguilles-de-mesotherapie-needls-30g-x-13mm\/#primaryimage","url":"https:\/\/yazmed.ma\/wp-content\/uploads\/2025\/01\/Design-sans-titre-85.png","contentUrl":"https:\/\/yazmed.ma\/wp-content\/uploads\/2025\/01\/Design-sans-titre-85.png","width":570,"height":517,"caption":"AIGUILLES DE M\u00c9SOTH\u00c9RAPIE NEEDLS 30G X 13MM Yazmed Maroc"},{"@type":"BreadcrumbList","@id":"https:\/\/yazmed.ma\/product\/aiguilles-de-mesotherapie-needls-30g-x-13mm\/#breadcrumb","itemListElement":[{"@type":"ListItem","position":1,"name":"Accueil","item":"https:\/\/yazmed.ma\/"},{"@type":"ListItem","position":2,"name":"Shop","item":"https:\/\/yazmed.ma\/shop-2\/"},{"@type":"ListItem","position":3,"name":"AIGUILLES DE M\u00c9SOTH\u00c9RAPIE NEEDLS 30G X 13MM"}]},{"@type":"WebSite","@id":"https:\/\/yazmed.ma\/#website","url":"https:\/\/yazmed.ma\/","name":"Yazmed","description":"LEADER DU MAT\u00c9RIEL M\u00c9DICAL AU MAROC","publisher":{"@id":"https:\/\/yazmed.ma\/#organization"},"potentialAction":[{"@type":"SearchAction","target":{"@type":"EntryPoint","urlTemplate":"https:\/\/yazmed.ma\/?s={search_term_string}"},"query-input":{"@type":"PropertyValueSpecification","valueRequired":true,"valueName":"search_term_string"}}],"inLanguage":"ary"},{"@type":"Organization","@id":"https:\/\/yazmed.ma\/#organization","name":"Yazmed Healthcare","url":"https:\/\/yazmed.ma\/","logo":{"@type":"ImageObject","inLanguage":"ary","@id":"https:\/\/yazmed.ma\/#\/schema\/logo\/image\/","url":"https:\/\/yazmed.ma\/wp-content\/uploads\/2024\/12\/3.png","contentUrl":"https:\/\/yazmed.ma\/wp-content\/uploads\/2024\/12\/3.png","width":250,"height":70,"caption":"Yazmed Healthcare"},"image":{"@id":"https:\/\/yazmed.ma\/#\/schema\/logo\/image\/"},"sameAs":["https:\/\/www.facebook.com\/azenkouky","https:\/\/www.instagram.com\/yazmedhealthcare","https:\/\/www.linkedin.com\/in\/yazmed-healthcare-1b4955295"]}]}},"_links":{"self":[{"href":"https:\/\/yazmed.ma\/ar\/wp-json\/wp\/v2\/product\/1683","targetHints":{"allow":["GET"]}}],"collection":[{"href":"https:\/\/yazmed.ma\/ar\/wp-json\/wp\/v2\/product"}],"about":[{"href":"https:\/\/yazmed.ma\/ar\/wp-json\/wp\/v2\/types\/product"}],"replies":[{"embeddable":true,"href":"https:\/\/yazmed.ma\/ar\/wp-json\/wp\/v2\/comments?post=1683"}],"version-history":[{"count":1,"href":"https:\/\/yazmed.ma\/ar\/wp-json\/wp\/v2\/product\/1683\/revisions"}],"predecessor-version":[{"id":3311,"href":"https:\/\/yazmed.ma\/ar\/wp-json\/wp\/v2\/product\/1683\/revisions\/3311"}],"wp:featuredmedia":[{"embeddable":true,"href":"https:\/\/yazmed.ma\/ar\/wp-json\/wp\/v2\/media\/1911"}],"wp:attachment":[{"href":"https:\/\/yazmed.ma\/ar\/wp-json\/wp\/v2\/media?parent=1683"}],"wp:term":[{"taxonomy":"product_brand","embeddable":true,"href":"https:\/\/yazmed.ma\/ar\/wp-json\/wp\/v2\/product_brand?post=1683"},{"taxonomy":"product_cat","embeddable":true,"href":"https:\/\/yazmed.ma\/ar\/wp-json\/wp\/v2\/product_cat?post=1683"},{"taxonomy":"product_tag","embeddable":true,"href":"https:\/\/yazmed.ma\/ar\/wp-json\/wp\/v2\/product_tag?post=1683"}],"curies":[{"name":"wp","href":"https:\/\/api.w.org\/{rel}","templated":true}]}}