{"id":1675,"date":"2025-01-07T15:14:18","date_gmt":"2025-01-07T15:14:18","guid":{"rendered":"https:\/\/yazmed.ma\/?post_type=product&#038;p=1675"},"modified":"2026-01-04T22:30:10","modified_gmt":"2026-01-04T22:30:10","slug":"sterilet-cuivre-tcu-380","status":"publish","type":"product","link":"https:\/\/yazmed.ma\/ar\/product\/sterilet-cuivre-tcu-380\/","title":{"rendered":"STERILET CUIVRE TCU 380"},"content":{"rendered":"<h3 data-start=\"86\" data-end=\"327\">\u00a0Caract\u00e9ristiques<\/h3>\n<h3 data-start=\"86\" data-end=\"327\"><img decoding=\"async\" class=\"emoji\" role=\"img\" draggable=\"false\" src=\"https:\/\/s.w.org\/images\/core\/emoji\/16.0.1\/svg\/2705.svg\" alt=\"\u2705\" \/>\u00a0<strong data-start=\"378\" data-end=\"395\">Sans hormones<\/strong>, m\u00e9thode contraceptive naturelle<br data-start=\"428\" data-end=\"431\" \/><img decoding=\"async\" class=\"emoji\" role=\"img\" draggable=\"false\" src=\"https:\/\/s.w.org\/images\/core\/emoji\/16.0.1\/svg\/2705.svg\" alt=\"\u2705\" \/>\u00a0\u00a0<strong data-start=\"433\" data-end=\"453\">Facile \u00e0 ins\u00e9rer<\/strong>\u00a0gr\u00e2ce au guide int\u00e9gr\u00e9<br data-start=\"476\" data-end=\"479\" \/><img decoding=\"async\" class=\"emoji\" role=\"img\" draggable=\"false\" src=\"https:\/\/s.w.org\/images\/core\/emoji\/16.0.1\/svg\/2705.svg\" alt=\"\u2705\" \/>\u00a0<strong data-start=\"481\" data-end=\"517\">Dispositif m\u00e9dical fiable et s\u00fbr<\/strong><\/h3>\n<p data-start=\"329\" data-end=\"519\"><img decoding=\"async\" class=\"\" src=\"https:\/\/www.dispoma.com\/wp-content\/uploads\/2022\/10\/smb-logo.jpg\" alt=\"SMB\" width=\"68\" height=\"68\" \/><\/p>","protected":false},"excerpt":{"rendered":"<h4 data-start=\"86\" data-end=\"327\">Le\u00a0<strong data-start=\"89\" data-end=\"132\">st\u00e9rilet en cuivre TCU 380 A avec guide<\/strong><\/h4>\n<p data-start=\"86\" data-end=\"327\"><b>dispositif intra-ut\u00e9rin<\/b> (DIU) est un <a title=\"Contraception\" href=\"https:\/\/fr.wikipedia.org\/wiki\/Contraception\">dispositif contraceptif<\/a> e<strong data-start=\"192\" data-end=\"233\">fficace jusqu\u2019\u00e0 10 ans<\/strong>. Gr\u00e2ce \u00e0 son\u00a0<strong data-start=\"247\" data-end=\"268\">alliage de cuivre<\/strong>, il emp\u00eache la f\u00e9condation naturellement, sans hormones.<\/p>\n<p><img decoding=\"async\" class=\"\" src=\"https:\/\/www.dispoma.com\/wp-content\/uploads\/2022\/10\/smb-logo.jpg\" alt=\"SMB\" width=\"68\" height=\"68\" \/><\/p>\n<p>&nbsp;<\/p>","protected":false},"featured_media":1912,"comment_status":"open","ping_status":"closed","template":"","meta":[],"product_brand":[],"product_cat":[52],"product_tag":[243,300],"class_list":{"0":"post-1675","1":"product","2":"type-product","3":"status-publish","4":"has-post-thumbnail","6":"product_cat-consommable-medical","7":"product_tag-sterilet","8":"product_tag-sterilet-cuivre","10":"first","11":"instock","12":"taxable","13":"shipping-taxable","14":"purchasable","15":"product-type-variable"},"yoast_head":"<!-- This site is optimized with the Yoast SEO plugin v26.9 - https:\/\/yoast.com\/product\/yoast-seo-wordpress\/ -->\n<title>STERILET CUIVRE TCU 380 - YAZMED<\/title>\n<meta name=\"robots\" content=\"index, follow, max-snippet:-1, max-image-preview:large, max-video-preview:-1\" \/>\n<link rel=\"canonical\" href=\"https:\/\/yazmed.ma\/ar\/product\/sterilet-contraceptif-cuivre-tcu-380-a\/\" \/>\n<meta property=\"og:locale\" content=\"ar_AR\" \/>\n<meta property=\"og:type\" content=\"article\" \/>\n<meta property=\"og:title\" content=\"STERILET CUIVRE TCU 380 - YAZMED\" \/>\n<meta property=\"og:description\" content=\"Le\u00a0st\u00e9rilet en cuivre TCU 380 A avec guide dispositif intra-ut\u00e9rin (DIU) est un dispositif contraceptif efficace jusqu\u2019\u00e0 10 ans. Gr\u00e2ce \u00e0 son\u00a0alliage de cuivre, il emp\u00eache la f\u00e9condation naturellement, sans hormones.   &nbsp;\" \/>\n<meta property=\"og:url\" content=\"https:\/\/yazmed.ma\/ar\/product\/sterilet-contraceptif-cuivre-tcu-380-a\/\" \/>\n<meta property=\"og:site_name\" content=\"YAZMED\" \/>\n<meta property=\"article:publisher\" content=\"https:\/\/www.facebook.com\/azenkouky\" \/>\n<meta property=\"article:modified_time\" content=\"2026-01-04T22:30:10+00:00\" \/>\n<meta property=\"og:image\" content=\"https:\/\/yazmed.ma\/wp-content\/uploads\/2025\/01\/Design-sans-titre-86.png\" \/>\n\t<meta property=\"og:image:width\" content=\"570\" \/>\n\t<meta property=\"og:image:height\" content=\"517\" \/>\n\t<meta property=\"og:image:type\" content=\"image\/png\" \/>\n<meta name=\"twitter:card\" content=\"summary_large_image\" \/>\n<meta name=\"twitter:label1\" content=\"Est. reading time\" \/>\n\t<meta name=\"twitter:data1\" content=\"1 minute\" \/>\n<script type=\"application\/ld+json\" class=\"yoast-schema-graph\">{\"@context\":\"https:\/\/schema.org\",\"@graph\":[{\"@type\":\"WebPage\",\"@id\":\"https:\/\/yazmed.ma\/product\/sterilet-contraceptif-cuivre-tcu-380-a\/\",\"url\":\"https:\/\/yazmed.ma\/product\/sterilet-contraceptif-cuivre-tcu-380-a\/\",\"name\":\"STERILET CUIVRE TCU 380 - YAZMED\",\"isPartOf\":{\"@id\":\"https:\/\/yazmed.ma\/#website\"},\"primaryImageOfPage\":{\"@id\":\"https:\/\/yazmed.ma\/product\/sterilet-contraceptif-cuivre-tcu-380-a\/#primaryimage\"},\"image\":{\"@id\":\"https:\/\/yazmed.ma\/product\/sterilet-contraceptif-cuivre-tcu-380-a\/#primaryimage\"},\"thumbnailUrl\":\"https:\/\/yazmed.ma\/wp-content\/uploads\/2025\/01\/Design-sans-titre-86.png\",\"datePublished\":\"2025-01-07T15:14:18+00:00\",\"dateModified\":\"2026-01-04T22:30:10+00:00\",\"breadcrumb\":{\"@id\":\"https:\/\/yazmed.ma\/product\/sterilet-contraceptif-cuivre-tcu-380-a\/#breadcrumb\"},\"inLanguage\":\"ary\",\"potentialAction\":[{\"@type\":\"ReadAction\",\"target\":[\"https:\/\/yazmed.ma\/product\/sterilet-contraceptif-cuivre-tcu-380-a\/\"]}]},{\"@type\":\"ImageObject\",\"inLanguage\":\"ary\",\"@id\":\"https:\/\/yazmed.ma\/product\/sterilet-contraceptif-cuivre-tcu-380-a\/#primaryimage\",\"url\":\"https:\/\/yazmed.ma\/wp-content\/uploads\/2025\/01\/Design-sans-titre-86.png\",\"contentUrl\":\"https:\/\/yazmed.ma\/wp-content\/uploads\/2025\/01\/Design-sans-titre-86.png\",\"width\":570,\"height\":517,\"caption\":\"ST\u00c9RILET CONTRACEPTIF CUIVRE TCU 380 A Yazmed Maroc\"},{\"@type\":\"BreadcrumbList\",\"@id\":\"https:\/\/yazmed.ma\/product\/sterilet-contraceptif-cuivre-tcu-380-a\/#breadcrumb\",\"itemListElement\":[{\"@type\":\"ListItem\",\"position\":1,\"name\":\"Accueil\",\"item\":\"https:\/\/yazmed.ma\/\"},{\"@type\":\"ListItem\",\"position\":2,\"name\":\"Shop\",\"item\":\"https:\/\/yazmed.ma\/shop-2\/\"},{\"@type\":\"ListItem\",\"position\":3,\"name\":\"ST\u00c9RILET CONTRACEPTIF CUIVRE TCU 380 A\"}]},{\"@type\":\"WebSite\",\"@id\":\"https:\/\/yazmed.ma\/#website\",\"url\":\"https:\/\/yazmed.ma\/\",\"name\":\"Yazmed\",\"description\":\"LEADER DU MAT\u00c9RIEL M\u00c9DICAL AU MAROC\",\"publisher\":{\"@id\":\"https:\/\/yazmed.ma\/#organization\"},\"potentialAction\":[{\"@type\":\"SearchAction\",\"target\":{\"@type\":\"EntryPoint\",\"urlTemplate\":\"https:\/\/yazmed.ma\/?s={search_term_string}\"},\"query-input\":{\"@type\":\"PropertyValueSpecification\",\"valueRequired\":true,\"valueName\":\"search_term_string\"}}],\"inLanguage\":\"ary\"},{\"@type\":\"Organization\",\"@id\":\"https:\/\/yazmed.ma\/#organization\",\"name\":\"Yazmed Healthcare\",\"url\":\"https:\/\/yazmed.ma\/\",\"logo\":{\"@type\":\"ImageObject\",\"inLanguage\":\"ary\",\"@id\":\"https:\/\/yazmed.ma\/#\/schema\/logo\/image\/\",\"url\":\"https:\/\/yazmed.ma\/wp-content\/uploads\/2024\/12\/3.png\",\"contentUrl\":\"https:\/\/yazmed.ma\/wp-content\/uploads\/2024\/12\/3.png\",\"width\":250,\"height\":70,\"caption\":\"Yazmed Healthcare\"},\"image\":{\"@id\":\"https:\/\/yazmed.ma\/#\/schema\/logo\/image\/\"},\"sameAs\":[\"https:\/\/www.facebook.com\/azenkouky\",\"https:\/\/www.instagram.com\/yazmedhealthcare\",\"https:\/\/www.linkedin.com\/in\/yazmed-healthcare-1b4955295\"]}]}<\/script>\n<!-- \/ Yoast SEO plugin. -->","yoast_head_json":{"title":"STERILET CUIVRE TCU 380 - YAZMED","robots":{"index":"index","follow":"follow","max-snippet":"max-snippet:-1","max-image-preview":"max-image-preview:large","max-video-preview":"max-video-preview:-1"},"canonical":"https:\/\/yazmed.ma\/ar\/product\/sterilet-contraceptif-cuivre-tcu-380-a\/","og_locale":"ar_AR","og_type":"article","og_title":"STERILET CUIVRE TCU 380 - YAZMED","og_description":"Le\u00a0st\u00e9rilet en cuivre TCU 380 A avec guide dispositif intra-ut\u00e9rin (DIU) est un dispositif contraceptif efficace jusqu\u2019\u00e0 10 ans. Gr\u00e2ce \u00e0 son\u00a0alliage de cuivre, il emp\u00eache la f\u00e9condation naturellement, sans hormones.   &nbsp;","og_url":"https:\/\/yazmed.ma\/ar\/product\/sterilet-contraceptif-cuivre-tcu-380-a\/","og_site_name":"YAZMED","article_publisher":"https:\/\/www.facebook.com\/azenkouky","article_modified_time":"2026-01-04T22:30:10+00:00","og_image":[{"width":570,"height":517,"url":"https:\/\/yazmed.ma\/wp-content\/uploads\/2025\/01\/Design-sans-titre-86.png","type":"image\/png"}],"twitter_card":"summary_large_image","twitter_misc":{"Est. reading time":"1 minute"},"schema":{"@context":"https:\/\/schema.org","@graph":[{"@type":"WebPage","@id":"https:\/\/yazmed.ma\/product\/sterilet-contraceptif-cuivre-tcu-380-a\/","url":"https:\/\/yazmed.ma\/product\/sterilet-contraceptif-cuivre-tcu-380-a\/","name":"STERILET CUIVRE TCU 380 - YAZMED","isPartOf":{"@id":"https:\/\/yazmed.ma\/#website"},"primaryImageOfPage":{"@id":"https:\/\/yazmed.ma\/product\/sterilet-contraceptif-cuivre-tcu-380-a\/#primaryimage"},"image":{"@id":"https:\/\/yazmed.ma\/product\/sterilet-contraceptif-cuivre-tcu-380-a\/#primaryimage"},"thumbnailUrl":"https:\/\/yazmed.ma\/wp-content\/uploads\/2025\/01\/Design-sans-titre-86.png","datePublished":"2025-01-07T15:14:18+00:00","dateModified":"2026-01-04T22:30:10+00:00","breadcrumb":{"@id":"https:\/\/yazmed.ma\/product\/sterilet-contraceptif-cuivre-tcu-380-a\/#breadcrumb"},"inLanguage":"ary","potentialAction":[{"@type":"ReadAction","target":["https:\/\/yazmed.ma\/product\/sterilet-contraceptif-cuivre-tcu-380-a\/"]}]},{"@type":"ImageObject","inLanguage":"ary","@id":"https:\/\/yazmed.ma\/product\/sterilet-contraceptif-cuivre-tcu-380-a\/#primaryimage","url":"https:\/\/yazmed.ma\/wp-content\/uploads\/2025\/01\/Design-sans-titre-86.png","contentUrl":"https:\/\/yazmed.ma\/wp-content\/uploads\/2025\/01\/Design-sans-titre-86.png","width":570,"height":517,"caption":"ST\u00c9RILET CONTRACEPTIF CUIVRE TCU 380 A Yazmed Maroc"},{"@type":"BreadcrumbList","@id":"https:\/\/yazmed.ma\/product\/sterilet-contraceptif-cuivre-tcu-380-a\/#breadcrumb","itemListElement":[{"@type":"ListItem","position":1,"name":"Accueil","item":"https:\/\/yazmed.ma\/"},{"@type":"ListItem","position":2,"name":"Shop","item":"https:\/\/yazmed.ma\/shop-2\/"},{"@type":"ListItem","position":3,"name":"ST\u00c9RILET CONTRACEPTIF CUIVRE TCU 380 A"}]},{"@type":"WebSite","@id":"https:\/\/yazmed.ma\/#website","url":"https:\/\/yazmed.ma\/","name":"Yazmed","description":"LEADER DU MAT\u00c9RIEL M\u00c9DICAL AU MAROC","publisher":{"@id":"https:\/\/yazmed.ma\/#organization"},"potentialAction":[{"@type":"SearchAction","target":{"@type":"EntryPoint","urlTemplate":"https:\/\/yazmed.ma\/?s={search_term_string}"},"query-input":{"@type":"PropertyValueSpecification","valueRequired":true,"valueName":"search_term_string"}}],"inLanguage":"ary"},{"@type":"Organization","@id":"https:\/\/yazmed.ma\/#organization","name":"Yazmed Healthcare","url":"https:\/\/yazmed.ma\/","logo":{"@type":"ImageObject","inLanguage":"ary","@id":"https:\/\/yazmed.ma\/#\/schema\/logo\/image\/","url":"https:\/\/yazmed.ma\/wp-content\/uploads\/2024\/12\/3.png","contentUrl":"https:\/\/yazmed.ma\/wp-content\/uploads\/2024\/12\/3.png","width":250,"height":70,"caption":"Yazmed Healthcare"},"image":{"@id":"https:\/\/yazmed.ma\/#\/schema\/logo\/image\/"},"sameAs":["https:\/\/www.facebook.com\/azenkouky","https:\/\/www.instagram.com\/yazmedhealthcare","https:\/\/www.linkedin.com\/in\/yazmed-healthcare-1b4955295"]}]}},"_links":{"self":[{"href":"https:\/\/yazmed.ma\/ar\/wp-json\/wp\/v2\/product\/1675","targetHints":{"allow":["GET"]}}],"collection":[{"href":"https:\/\/yazmed.ma\/ar\/wp-json\/wp\/v2\/product"}],"about":[{"href":"https:\/\/yazmed.ma\/ar\/wp-json\/wp\/v2\/types\/product"}],"replies":[{"embeddable":true,"href":"https:\/\/yazmed.ma\/ar\/wp-json\/wp\/v2\/comments?post=1675"}],"version-history":[{"count":1,"href":"https:\/\/yazmed.ma\/ar\/wp-json\/wp\/v2\/product\/1675\/revisions"}],"predecessor-version":[{"id":2861,"href":"https:\/\/yazmed.ma\/ar\/wp-json\/wp\/v2\/product\/1675\/revisions\/2861"}],"wp:featuredmedia":[{"embeddable":true,"href":"https:\/\/yazmed.ma\/ar\/wp-json\/wp\/v2\/media\/1912"}],"wp:attachment":[{"href":"https:\/\/yazmed.ma\/ar\/wp-json\/wp\/v2\/media?parent=1675"}],"wp:term":[{"taxonomy":"product_brand","embeddable":true,"href":"https:\/\/yazmed.ma\/ar\/wp-json\/wp\/v2\/product_brand?post=1675"},{"taxonomy":"product_cat","embeddable":true,"href":"https:\/\/yazmed.ma\/ar\/wp-json\/wp\/v2\/product_cat?post=1675"},{"taxonomy":"product_tag","embeddable":true,"href":"https:\/\/yazmed.ma\/ar\/wp-json\/wp\/v2\/product_tag?post=1675"}],"curies":[{"name":"wp","href":"https:\/\/api.w.org\/{rel}","templated":true}]}}