{"id":1672,"date":"2025-01-07T15:00:43","date_gmt":"2025-01-07T15:00:43","guid":{"rendered":"https:\/\/yazmed.ma\/?post_type=product&#038;p=1672"},"modified":"2026-01-04T22:28:23","modified_gmt":"2026-01-04T22:28:23","slug":"sterilet-contraceptive-eurogine-gold-t-normal","status":"publish","type":"product","link":"https:\/\/yazmed.ma\/ar\/product\/sterilet-contraceptive-eurogine-gold-t-normal\/","title":{"rendered":"ST\u00c9RILET  Gold T Normal 843"},"content":{"rendered":"<p><img decoding=\"async\" class=\"emoji\" role=\"img\" draggable=\"false\" src=\"https:\/\/s.w.org\/images\/core\/emoji\/16.0.1\/svg\/2705.svg\" alt=\"\u2705\" \/>\u00a0D\u00e9couvrez le St\u00e9rilet Gold T\u00ae d&rsquo;Eurogine, un dispositif intra-ut\u00e9rin efficace et biocompatible pour une contraception optimale.<\/p>\n<p><img decoding=\"async\" class=\"wp-image-2506\" title=\"download\" src=\"https:\/\/yazmed.ma\/wp-content\/uploads\/2025\/01\/download.jpg\" alt=\"download\" width=\"97\" height=\"64\" srcset=\"https:\/\/yazmed.ma\/wp-content\/uploads\/2025\/01\/download.jpg 200w, https:\/\/yazmed.ma\/wp-content\/uploads\/2025\/01\/download-18x12.jpg 18w, https:\/\/yazmed.ma\/wp-content\/uploads\/2025\/01\/download-82x54.jpg 82w\" sizes=\"(max-width: 97px) 100vw, 97px\" \/><\/p>\n<p><a href=\"https:\/\/www.eurogine.com\/uploads\/RESED2162FT_DIU_Gold_T_Normal.pdf\" target=\"_blank\" rel=\"noopener\">\u00a0FT DIU Gold T<sup>\u00ae<\/sup>\u00a0Normal<\/a><\/p>\n<p>&nbsp;<\/p>\n<p>&nbsp;<\/p>\n<p>&nbsp;<\/p>\n<p>&nbsp;<\/p>\n<p>&nbsp;<\/p>","protected":false},"excerpt":{"rendered":"<h5>Le St\u00e9rilet Gold T\u00ae d\u2019Eurogine<\/h5>\n<p>Contraception Fiable et Durable dispositif intra-ut\u00e9rin de derni\u00e8re g\u00e9n\u00e9ration con\u00e7u pour offrir une contraception fiable, durable et biocompatible. Gr\u00e2ce \u00e0 son noyau en or et \u00e0 sa surface active en cuivre (375 mm\u00b2), il assure une efficacit\u00e9 contraceptive \u00e9lev\u00e9e tout en r\u00e9duisant les effets ind\u00e9sirables li\u00e9s \u00e0 la corrosion.<\/p>\n<p>Sa structure en forme de T souple en poly\u00e9thyl\u00e8ne, son syst\u00e8me d\u2019insertion \u00e0 piston mobile et ses tailles adapt\u00e9es (Mini, Normal, Maxi) permettent une insertion facile et un excellent confort pour la patiente.<\/p>\n<p>Avantages<br \/>\nEfficacit\u00e9 \u00e9lev\u00e9e gr\u00e2ce \u00e0 l\u2019action combin\u00e9e du cuivre et de l\u2019or<\/p>\n<p><img decoding=\"async\" class=\"wp-image-2506\" title=\"download\" src=\"https:\/\/yazmed.ma\/wp-content\/uploads\/2025\/01\/download.jpg\" alt=\"download\" width=\"120\" height=\"79\" srcset=\"https:\/\/yazmed.ma\/wp-content\/uploads\/2025\/01\/download.jpg 200w, https:\/\/yazmed.ma\/wp-content\/uploads\/2025\/01\/download-18x12.jpg 18w, https:\/\/yazmed.ma\/wp-content\/uploads\/2025\/01\/download-82x54.jpg 82w\" sizes=\"(max-width: 120px) 100vw, 120px\" \/><\/p>\n<p>&nbsp;<\/p>\n<p>&nbsp;<\/p>\n<p>&nbsp;<\/p>","protected":false},"featured_media":2508,"comment_status":"open","ping_status":"closed","template":"","meta":[],"product_brand":[],"product_cat":[52],"product_tag":[115],"class_list":{"0":"post-1672","1":"product","2":"type-product","3":"status-publish","4":"has-post-thumbnail","6":"product_cat-consommable-medical","7":"product_tag-sterilet-gold","9":"first","10":"instock","11":"sale","12":"taxable","13":"shipping-taxable","14":"purchasable","15":"product-type-simple"},"yoast_head":"<!-- This site is optimized with the Yoast SEO plugin v26.9 - https:\/\/yoast.com\/product\/yoast-seo-wordpress\/ -->\n<title>ST\u00c9RILET Gold T Normal 843 - YAZMED<\/title>\n<meta name=\"robots\" content=\"index, follow, max-snippet:-1, max-image-preview:large, max-video-preview:-1\" \/>\n<link rel=\"canonical\" href=\"https:\/\/yazmed.ma\/ar\/product\/sterilet-contraceptive-eurogine-gold-t-normal\/\" \/>\n<meta property=\"og:locale\" content=\"ar_AR\" \/>\n<meta property=\"og:type\" content=\"article\" \/>\n<meta property=\"og:title\" content=\"ST\u00c9RILET Gold T Normal 843 - YAZMED\" \/>\n<meta property=\"og:description\" content=\"Le St\u00e9rilet Gold T\u00ae d\u2019Eurogine Contraception Fiable et Durable dispositif intra-ut\u00e9rin de derni\u00e8re g\u00e9n\u00e9ration con\u00e7u pour offrir une contraception fiable, durable et biocompatible. Gr\u00e2ce \u00e0 son noyau en or et \u00e0 sa surface active en cuivre (375 mm\u00b2), il assure une efficacit\u00e9 contraceptive \u00e9lev\u00e9e tout en r\u00e9duisant les effets ind\u00e9sirables li\u00e9s \u00e0 la corrosion.  Sa structure en forme de T souple en poly\u00e9thyl\u00e8ne, son syst\u00e8me d\u2019insertion \u00e0 piston mobile et ses tailles adapt\u00e9es (Mini, Normal, Maxi) permettent une insertion facile et un excellent confort pour la patiente.  Avantages Efficacit\u00e9 \u00e9lev\u00e9e gr\u00e2ce \u00e0 l\u2019action combin\u00e9e du cuivre et de l\u2019or    &nbsp;  &nbsp;  &nbsp;\" \/>\n<meta property=\"og:url\" content=\"https:\/\/yazmed.ma\/ar\/product\/sterilet-contraceptive-eurogine-gold-t-normal\/\" \/>\n<meta property=\"og:site_name\" content=\"YAZMED\" \/>\n<meta property=\"article:publisher\" content=\"https:\/\/www.facebook.com\/azenkouky\" \/>\n<meta property=\"article:modified_time\" content=\"2026-01-04T22:28:23+00:00\" \/>\n<meta property=\"og:image\" content=\"https:\/\/yazmed.ma\/wp-content\/uploads\/2025\/01\/71vM2ztgSLL._AC_SL1500_.jpg\" \/>\n\t<meta property=\"og:image:width\" content=\"1492\" \/>\n\t<meta property=\"og:image:height\" content=\"1500\" \/>\n\t<meta property=\"og:image:type\" content=\"image\/jpeg\" \/>\n<meta name=\"twitter:card\" content=\"summary_large_image\" \/>\n<meta name=\"twitter:label1\" content=\"Est. reading time\" \/>\n\t<meta name=\"twitter:data1\" content=\"1 minute\" \/>\n<script type=\"application\/ld+json\" class=\"yoast-schema-graph\">{\"@context\":\"https:\/\/schema.org\",\"@graph\":[{\"@type\":\"WebPage\",\"@id\":\"https:\/\/yazmed.ma\/product\/sterilet-contraceptive-eurogine-gold-t-normal\/\",\"url\":\"https:\/\/yazmed.ma\/product\/sterilet-contraceptive-eurogine-gold-t-normal\/\",\"name\":\"ST\u00c9RILET Gold T Normal 843 - YAZMED\",\"isPartOf\":{\"@id\":\"https:\/\/yazmed.ma\/#website\"},\"primaryImageOfPage\":{\"@id\":\"https:\/\/yazmed.ma\/product\/sterilet-contraceptive-eurogine-gold-t-normal\/#primaryimage\"},\"image\":{\"@id\":\"https:\/\/yazmed.ma\/product\/sterilet-contraceptive-eurogine-gold-t-normal\/#primaryimage\"},\"thumbnailUrl\":\"https:\/\/yazmed.ma\/wp-content\/uploads\/2025\/01\/STERILET-Gold-T-Normal.webp\",\"datePublished\":\"2025-01-07T15:00:43+00:00\",\"dateModified\":\"2026-01-04T22:28:23+00:00\",\"breadcrumb\":{\"@id\":\"https:\/\/yazmed.ma\/product\/sterilet-contraceptive-eurogine-gold-t-normal\/#breadcrumb\"},\"inLanguage\":\"ary\",\"potentialAction\":[{\"@type\":\"ReadAction\",\"target\":[\"https:\/\/yazmed.ma\/product\/sterilet-contraceptive-eurogine-gold-t-normal\/\"]}]},{\"@type\":\"ImageObject\",\"inLanguage\":\"ary\",\"@id\":\"https:\/\/yazmed.ma\/product\/sterilet-contraceptive-eurogine-gold-t-normal\/#primaryimage\",\"url\":\"https:\/\/yazmed.ma\/wp-content\/uploads\/2025\/01\/STERILET-Gold-T-Normal.webp\",\"contentUrl\":\"https:\/\/yazmed.ma\/wp-content\/uploads\/2025\/01\/STERILET-Gold-T-Normal.webp\",\"width\":1019,\"height\":1024,\"caption\":\"ST\u00c9RILET Gold T Normal\"},{\"@type\":\"BreadcrumbList\",\"@id\":\"https:\/\/yazmed.ma\/product\/sterilet-contraceptive-eurogine-gold-t-normal\/#breadcrumb\",\"itemListElement\":[{\"@type\":\"ListItem\",\"position\":1,\"name\":\"Accueil\",\"item\":\"https:\/\/yazmed.ma\/\"},{\"@type\":\"ListItem\",\"position\":2,\"name\":\"Shop\",\"item\":\"https:\/\/yazmed.ma\/shop-2\/\"},{\"@type\":\"ListItem\",\"position\":3,\"name\":\"ST\u00c9RILET Contraceptive EUROGINE\u00ae Gold T Normal\"}]},{\"@type\":\"WebSite\",\"@id\":\"https:\/\/yazmed.ma\/#website\",\"url\":\"https:\/\/yazmed.ma\/\",\"name\":\"Yazmed\",\"description\":\"LEADER DU MAT\u00c9RIEL M\u00c9DICAL AU MAROC\",\"publisher\":{\"@id\":\"https:\/\/yazmed.ma\/#organization\"},\"potentialAction\":[{\"@type\":\"SearchAction\",\"target\":{\"@type\":\"EntryPoint\",\"urlTemplate\":\"https:\/\/yazmed.ma\/?s={search_term_string}\"},\"query-input\":{\"@type\":\"PropertyValueSpecification\",\"valueRequired\":true,\"valueName\":\"search_term_string\"}}],\"inLanguage\":\"ary\"},{\"@type\":\"Organization\",\"@id\":\"https:\/\/yazmed.ma\/#organization\",\"name\":\"Yazmed Healthcare\",\"url\":\"https:\/\/yazmed.ma\/\",\"logo\":{\"@type\":\"ImageObject\",\"inLanguage\":\"ary\",\"@id\":\"https:\/\/yazmed.ma\/#\/schema\/logo\/image\/\",\"url\":\"https:\/\/yazmed.ma\/wp-content\/uploads\/2024\/12\/3.png\",\"contentUrl\":\"https:\/\/yazmed.ma\/wp-content\/uploads\/2024\/12\/3.png\",\"width\":250,\"height\":70,\"caption\":\"Yazmed Healthcare\"},\"image\":{\"@id\":\"https:\/\/yazmed.ma\/#\/schema\/logo\/image\/\"},\"sameAs\":[\"https:\/\/www.facebook.com\/azenkouky\",\"https:\/\/www.instagram.com\/yazmedhealthcare\",\"https:\/\/www.linkedin.com\/in\/yazmed-healthcare-1b4955295\"]}]}<\/script>\n<!-- \/ Yoast SEO plugin. -->","yoast_head_json":{"title":"ST\u00c9RILET Gold T Normal 843 - YAZMED","robots":{"index":"index","follow":"follow","max-snippet":"max-snippet:-1","max-image-preview":"max-image-preview:large","max-video-preview":"max-video-preview:-1"},"canonical":"https:\/\/yazmed.ma\/ar\/product\/sterilet-contraceptive-eurogine-gold-t-normal\/","og_locale":"ar_AR","og_type":"article","og_title":"ST\u00c9RILET Gold T Normal 843 - YAZMED","og_description":"Le St\u00e9rilet Gold T\u00ae d\u2019Eurogine Contraception Fiable et Durable dispositif intra-ut\u00e9rin de derni\u00e8re g\u00e9n\u00e9ration con\u00e7u pour offrir une contraception fiable, durable et biocompatible. Gr\u00e2ce \u00e0 son noyau en or et \u00e0 sa surface active en cuivre (375 mm\u00b2), il assure une efficacit\u00e9 contraceptive \u00e9lev\u00e9e tout en r\u00e9duisant les effets ind\u00e9sirables li\u00e9s \u00e0 la corrosion.  Sa structure en forme de T souple en poly\u00e9thyl\u00e8ne, son syst\u00e8me d\u2019insertion \u00e0 piston mobile et ses tailles adapt\u00e9es (Mini, Normal, Maxi) permettent une insertion facile et un excellent confort pour la patiente.  Avantages Efficacit\u00e9 \u00e9lev\u00e9e gr\u00e2ce \u00e0 l\u2019action combin\u00e9e du cuivre et de l\u2019or    &nbsp;  &nbsp;  &nbsp;","og_url":"https:\/\/yazmed.ma\/ar\/product\/sterilet-contraceptive-eurogine-gold-t-normal\/","og_site_name":"YAZMED","article_publisher":"https:\/\/www.facebook.com\/azenkouky","article_modified_time":"2026-01-04T22:28:23+00:00","og_image":[{"width":1492,"height":1500,"url":"https:\/\/yazmed.ma\/wp-content\/uploads\/2025\/01\/71vM2ztgSLL._AC_SL1500_.jpg","type":"image\/jpeg"}],"twitter_card":"summary_large_image","twitter_misc":{"Est. reading time":"1 minute"},"schema":{"@context":"https:\/\/schema.org","@graph":[{"@type":"WebPage","@id":"https:\/\/yazmed.ma\/product\/sterilet-contraceptive-eurogine-gold-t-normal\/","url":"https:\/\/yazmed.ma\/product\/sterilet-contraceptive-eurogine-gold-t-normal\/","name":"ST\u00c9RILET Gold T Normal 843 - YAZMED","isPartOf":{"@id":"https:\/\/yazmed.ma\/#website"},"primaryImageOfPage":{"@id":"https:\/\/yazmed.ma\/product\/sterilet-contraceptive-eurogine-gold-t-normal\/#primaryimage"},"image":{"@id":"https:\/\/yazmed.ma\/product\/sterilet-contraceptive-eurogine-gold-t-normal\/#primaryimage"},"thumbnailUrl":"https:\/\/yazmed.ma\/wp-content\/uploads\/2025\/01\/STERILET-Gold-T-Normal.webp","datePublished":"2025-01-07T15:00:43+00:00","dateModified":"2026-01-04T22:28:23+00:00","breadcrumb":{"@id":"https:\/\/yazmed.ma\/product\/sterilet-contraceptive-eurogine-gold-t-normal\/#breadcrumb"},"inLanguage":"ary","potentialAction":[{"@type":"ReadAction","target":["https:\/\/yazmed.ma\/product\/sterilet-contraceptive-eurogine-gold-t-normal\/"]}]},{"@type":"ImageObject","inLanguage":"ary","@id":"https:\/\/yazmed.ma\/product\/sterilet-contraceptive-eurogine-gold-t-normal\/#primaryimage","url":"https:\/\/yazmed.ma\/wp-content\/uploads\/2025\/01\/STERILET-Gold-T-Normal.webp","contentUrl":"https:\/\/yazmed.ma\/wp-content\/uploads\/2025\/01\/STERILET-Gold-T-Normal.webp","width":1019,"height":1024,"caption":"ST\u00c9RILET Gold T Normal"},{"@type":"BreadcrumbList","@id":"https:\/\/yazmed.ma\/product\/sterilet-contraceptive-eurogine-gold-t-normal\/#breadcrumb","itemListElement":[{"@type":"ListItem","position":1,"name":"Accueil","item":"https:\/\/yazmed.ma\/"},{"@type":"ListItem","position":2,"name":"Shop","item":"https:\/\/yazmed.ma\/shop-2\/"},{"@type":"ListItem","position":3,"name":"ST\u00c9RILET Contraceptive EUROGINE\u00ae Gold T Normal"}]},{"@type":"WebSite","@id":"https:\/\/yazmed.ma\/#website","url":"https:\/\/yazmed.ma\/","name":"Yazmed","description":"LEADER DU MAT\u00c9RIEL M\u00c9DICAL AU MAROC","publisher":{"@id":"https:\/\/yazmed.ma\/#organization"},"potentialAction":[{"@type":"SearchAction","target":{"@type":"EntryPoint","urlTemplate":"https:\/\/yazmed.ma\/?s={search_term_string}"},"query-input":{"@type":"PropertyValueSpecification","valueRequired":true,"valueName":"search_term_string"}}],"inLanguage":"ary"},{"@type":"Organization","@id":"https:\/\/yazmed.ma\/#organization","name":"Yazmed Healthcare","url":"https:\/\/yazmed.ma\/","logo":{"@type":"ImageObject","inLanguage":"ary","@id":"https:\/\/yazmed.ma\/#\/schema\/logo\/image\/","url":"https:\/\/yazmed.ma\/wp-content\/uploads\/2024\/12\/3.png","contentUrl":"https:\/\/yazmed.ma\/wp-content\/uploads\/2024\/12\/3.png","width":250,"height":70,"caption":"Yazmed Healthcare"},"image":{"@id":"https:\/\/yazmed.ma\/#\/schema\/logo\/image\/"},"sameAs":["https:\/\/www.facebook.com\/azenkouky","https:\/\/www.instagram.com\/yazmedhealthcare","https:\/\/www.linkedin.com\/in\/yazmed-healthcare-1b4955295"]}]}},"_links":{"self":[{"href":"https:\/\/yazmed.ma\/ar\/wp-json\/wp\/v2\/product\/1672","targetHints":{"allow":["GET"]}}],"collection":[{"href":"https:\/\/yazmed.ma\/ar\/wp-json\/wp\/v2\/product"}],"about":[{"href":"https:\/\/yazmed.ma\/ar\/wp-json\/wp\/v2\/types\/product"}],"replies":[{"embeddable":true,"href":"https:\/\/yazmed.ma\/ar\/wp-json\/wp\/v2\/comments?post=1672"}],"version-history":[{"count":1,"href":"https:\/\/yazmed.ma\/ar\/wp-json\/wp\/v2\/product\/1672\/revisions"}],"predecessor-version":[{"id":3081,"href":"https:\/\/yazmed.ma\/ar\/wp-json\/wp\/v2\/product\/1672\/revisions\/3081"}],"wp:featuredmedia":[{"embeddable":true,"href":"https:\/\/yazmed.ma\/ar\/wp-json\/wp\/v2\/media\/2508"}],"wp:attachment":[{"href":"https:\/\/yazmed.ma\/ar\/wp-json\/wp\/v2\/media?parent=1672"}],"wp:term":[{"taxonomy":"product_brand","embeddable":true,"href":"https:\/\/yazmed.ma\/ar\/wp-json\/wp\/v2\/product_brand?post=1672"},{"taxonomy":"product_cat","embeddable":true,"href":"https:\/\/yazmed.ma\/ar\/wp-json\/wp\/v2\/product_cat?post=1672"},{"taxonomy":"product_tag","embeddable":true,"href":"https:\/\/yazmed.ma\/ar\/wp-json\/wp\/v2\/product_tag?post=1672"}],"curies":[{"name":"wp","href":"https:\/\/api.w.org\/{rel}","templated":true}]}}