{"id":1667,"date":"2025-01-07T14:44:39","date_gmt":"2025-01-07T14:44:39","guid":{"rendered":"https:\/\/yazmed.ma\/?post_type=product&#038;p=1667"},"modified":"2026-01-04T22:32:47","modified_gmt":"2026-01-04T22:32:47","slug":"sterilet-argent","status":"publish","type":"product","link":"https:\/\/yazmed.ma\/ar\/product\/sterilet-argent\/","title":{"rendered":"St\u00e9rilet Argent EurogineT 380 Ag Normal"},"content":{"rendered":"<p><img decoding=\"async\" class=\"emoji\" role=\"img\" draggable=\"false\" src=\"https:\/\/s.w.org\/images\/core\/emoji\/16.0.1\/svg\/2705.svg\" alt=\"\u2705\" \/>\u00a0Caract\u00e9ristiques techniques<br \/>\nType : Dispositif Intra-Ut\u00e9rin (DIU) au cuivre et argent<\/p>\n<p>Composition : Fil de cuivre avec \u00e2me en argent<\/p>\n<p>Forme : Anatomique en T<\/p>\n<p>Dur\u00e9e d&rsquo;efficacit\u00e9 : Jusqu\u2019\u00e0 5 ans<\/p>\n<p>Taille : Standard (adapt\u00e9e \u00e0 la majorit\u00e9 des cavit\u00e9s ut\u00e9rines)<\/p>\n<p>Mode d&rsquo;action : Emp\u00eache la f\u00e9condation par l&rsquo;effet spermicide du cuivre<\/p>\n<p>Sans hormones : Contraception naturelle<\/p>\n<p>Marque : Eurogine<\/p>\n<p>St\u00e9rilit\u00e9 : Produit st\u00e9rile, \u00e0 usage unique<\/p>\n<p><a href=\"https:\/\/www.eurogine.com\/uploads\/RESED1201FT_DIU_Eurogine_T_380_Ag_Normal.pdf\" target=\"_blank\" rel=\"noopener\">DIU Eurogine<sup>\u00ae<\/sup>\u00a0T 380 Ag Normal<\/a><\/p>\n<p><img decoding=\"async\" class=\"\" src=\"https:\/\/www.eurogine.com\/img\/LOGO.png\" width=\"162\" height=\"42\" \/><\/p>\n<p>&nbsp;<\/p>","protected":false},"excerpt":{"rendered":"<h2>St\u00e9rilet Argent Eurogine T 380 Ag Normal<\/h2>\n<p>est un dispositif intra-ut\u00e9rin (DIU) de contraception longue dur\u00e9e. Con\u00e7u avec un fil en cuivre enrichi \u00e0 l&rsquo;argent, il offre une protection contraceptive efficace tout en r\u00e9duisant les risques d&rsquo;inflammation locale et de corrosion du cuivre. Ce st\u00e9rilet est une solution fiable, hormonale-free, et id\u00e9ale pour les femmes souhaitant une m\u00e9thode contraceptive naturelle et r\u00e9versible.<\/p>\n<p>Avantage<\/p>\n<p>Haute efficacit\u00e9 contraceptive<\/p>\n<p>R\u00e9duction de l&rsquo;inflammation gr\u00e2ce \u00e0 l\u2019argent<\/p>\n<p>Moins d\u2019effets secondaires par rapport aux DIU hormonaux<\/p>\n<p>Pas d\u2019interaction avec l\u2019\u00e9quilibre hormonal<\/p>\n<p>Convient \u00e0 l\u2019allaitement<\/p>\n<p><img decoding=\"async\" class=\"\" src=\"https:\/\/www.eurogine.com\/img\/LOGO.png\" width=\"162\" height=\"42\" \/><\/p>\n<p>&nbsp;<\/p>\n<p>&nbsp;<\/p>","protected":false},"featured_media":1668,"comment_status":"open","ping_status":"closed","template":"","meta":[],"product_brand":[],"product_cat":[52],"product_tag":[301],"class_list":{"0":"post-1667","1":"product","2":"type-product","3":"status-publish","4":"has-post-thumbnail","6":"product_cat-consommable-medical","7":"product_tag-sterilet-argent","9":"first","10":"instock","11":"taxable","12":"shipping-taxable","13":"purchasable","14":"product-type-variable"},"yoast_head":"<!-- This site is optimized with the Yoast SEO plugin v26.9 - https:\/\/yoast.com\/product\/yoast-seo-wordpress\/ -->\n<title>St\u00e9rilet Argent EurogineT 380 Ag Normal - YAZMED<\/title>\n<meta name=\"robots\" content=\"index, follow, max-snippet:-1, max-image-preview:large, max-video-preview:-1\" \/>\n<link rel=\"canonical\" href=\"https:\/\/yazmed.ma\/ar\/product\/sterilet-ag-eurogine-taille-normal\/\" \/>\n<meta property=\"og:locale\" content=\"ar_AR\" \/>\n<meta property=\"og:type\" content=\"article\" \/>\n<meta property=\"og:title\" content=\"St\u00e9rilet Argent EurogineT 380 Ag Normal - YAZMED\" \/>\n<meta property=\"og:description\" content=\"St\u00e9rilet Argent Eurogine T 380 Ag Normal est un dispositif intra-ut\u00e9rin (DIU) de contraception longue dur\u00e9e. Con\u00e7u avec un fil en cuivre enrichi \u00e0 l&#039;argent, il offre une protection contraceptive efficace tout en r\u00e9duisant les risques d&#039;inflammation locale et de corrosion du cuivre. Ce st\u00e9rilet est une solution fiable, hormonale-free, et id\u00e9ale pour les femmes souhaitant une m\u00e9thode contraceptive naturelle et r\u00e9versible.  Avantage  Haute efficacit\u00e9 contraceptive  R\u00e9duction de l&#039;inflammation gr\u00e2ce \u00e0 l\u2019argent  Moins d\u2019effets secondaires par rapport aux DIU hormonaux  Pas d\u2019interaction avec l\u2019\u00e9quilibre hormonal  Convient \u00e0 l\u2019allaitement    &nbsp;  &nbsp;\" \/>\n<meta property=\"og:url\" content=\"https:\/\/yazmed.ma\/ar\/product\/sterilet-ag-eurogine-taille-normal\/\" \/>\n<meta property=\"og:site_name\" content=\"YAZMED\" \/>\n<meta property=\"article:publisher\" content=\"https:\/\/www.facebook.com\/azenkouky\" \/>\n<meta property=\"article:modified_time\" content=\"2026-01-04T22:32:47+00:00\" \/>\n<meta name=\"twitter:card\" content=\"summary_large_image\" \/>\n<meta name=\"twitter:label1\" content=\"Est. reading time\" \/>\n\t<meta name=\"twitter:data1\" content=\"1 minute\" \/>\n<script type=\"application\/ld+json\" class=\"yoast-schema-graph\">{\"@context\":\"https:\/\/schema.org\",\"@graph\":[{\"@type\":\"WebPage\",\"@id\":\"https:\/\/yazmed.ma\/product\/sterilet-ag-eurogine-taille-normal\/\",\"url\":\"https:\/\/yazmed.ma\/product\/sterilet-ag-eurogine-taille-normal\/\",\"name\":\"St\u00e9rilet Argent EurogineT 380 Ag Normal - YAZMED\",\"isPartOf\":{\"@id\":\"https:\/\/yazmed.ma\/#website\"},\"primaryImageOfPage\":{\"@id\":\"https:\/\/yazmed.ma\/product\/sterilet-ag-eurogine-taille-normal\/#primaryimage\"},\"image\":{\"@id\":\"https:\/\/yazmed.ma\/product\/sterilet-ag-eurogine-taille-normal\/#primaryimage\"},\"thumbnailUrl\":\"https:\/\/yazmed.ma\/wp-content\/uploads\/2025\/01\/STERILET-EUROGINE.avif\",\"datePublished\":\"2025-01-07T14:44:39+00:00\",\"dateModified\":\"2026-01-04T22:32:47+00:00\",\"breadcrumb\":{\"@id\":\"https:\/\/yazmed.ma\/product\/sterilet-ag-eurogine-taille-normal\/#breadcrumb\"},\"inLanguage\":\"ary\",\"potentialAction\":[{\"@type\":\"ReadAction\",\"target\":[\"https:\/\/yazmed.ma\/product\/sterilet-ag-eurogine-taille-normal\/\"]}]},{\"@type\":\"ImageObject\",\"inLanguage\":\"ary\",\"@id\":\"https:\/\/yazmed.ma\/product\/sterilet-ag-eurogine-taille-normal\/#primaryimage\",\"url\":\"https:\/\/yazmed.ma\/wp-content\/uploads\/2025\/01\/STERILET-EUROGINE.avif\",\"contentUrl\":\"https:\/\/yazmed.ma\/wp-content\/uploads\/2025\/01\/STERILET-EUROGINE.avif\",\"width\":720,\"height\":720,\"caption\":\"STERILET EUROGINE\"},{\"@type\":\"BreadcrumbList\",\"@id\":\"https:\/\/yazmed.ma\/product\/sterilet-ag-eurogine-taille-normal\/#breadcrumb\",\"itemListElement\":[{\"@type\":\"ListItem\",\"position\":1,\"name\":\"Accueil\",\"item\":\"https:\/\/yazmed.ma\/\"},{\"@type\":\"ListItem\",\"position\":2,\"name\":\"Shop\",\"item\":\"https:\/\/yazmed.ma\/shop-2\/\"},{\"@type\":\"ListItem\",\"position\":3,\"name\":\"ST\u00c9RILET T 380 ARG EUROGINE TAILLE NORMAL\"}]},{\"@type\":\"WebSite\",\"@id\":\"https:\/\/yazmed.ma\/#website\",\"url\":\"https:\/\/yazmed.ma\/\",\"name\":\"Yazmed\",\"description\":\"LEADER DU MAT\u00c9RIEL M\u00c9DICAL AU MAROC\",\"publisher\":{\"@id\":\"https:\/\/yazmed.ma\/#organization\"},\"potentialAction\":[{\"@type\":\"SearchAction\",\"target\":{\"@type\":\"EntryPoint\",\"urlTemplate\":\"https:\/\/yazmed.ma\/?s={search_term_string}\"},\"query-input\":{\"@type\":\"PropertyValueSpecification\",\"valueRequired\":true,\"valueName\":\"search_term_string\"}}],\"inLanguage\":\"ary\"},{\"@type\":\"Organization\",\"@id\":\"https:\/\/yazmed.ma\/#organization\",\"name\":\"Yazmed Healthcare\",\"url\":\"https:\/\/yazmed.ma\/\",\"logo\":{\"@type\":\"ImageObject\",\"inLanguage\":\"ary\",\"@id\":\"https:\/\/yazmed.ma\/#\/schema\/logo\/image\/\",\"url\":\"https:\/\/yazmed.ma\/wp-content\/uploads\/2024\/12\/3.png\",\"contentUrl\":\"https:\/\/yazmed.ma\/wp-content\/uploads\/2024\/12\/3.png\",\"width\":250,\"height\":70,\"caption\":\"Yazmed Healthcare\"},\"image\":{\"@id\":\"https:\/\/yazmed.ma\/#\/schema\/logo\/image\/\"},\"sameAs\":[\"https:\/\/www.facebook.com\/azenkouky\",\"https:\/\/www.instagram.com\/yazmedhealthcare\",\"https:\/\/www.linkedin.com\/in\/yazmed-healthcare-1b4955295\"]}]}<\/script>\n<!-- \/ Yoast SEO plugin. -->","yoast_head_json":{"title":"St\u00e9rilet Argent EurogineT 380 Ag Normal - YAZMED","robots":{"index":"index","follow":"follow","max-snippet":"max-snippet:-1","max-image-preview":"max-image-preview:large","max-video-preview":"max-video-preview:-1"},"canonical":"https:\/\/yazmed.ma\/ar\/product\/sterilet-ag-eurogine-taille-normal\/","og_locale":"ar_AR","og_type":"article","og_title":"St\u00e9rilet Argent EurogineT 380 Ag Normal - YAZMED","og_description":"St\u00e9rilet Argent Eurogine T 380 Ag Normal est un dispositif intra-ut\u00e9rin (DIU) de contraception longue dur\u00e9e. Con\u00e7u avec un fil en cuivre enrichi \u00e0 l'argent, il offre une protection contraceptive efficace tout en r\u00e9duisant les risques d'inflammation locale et de corrosion du cuivre. Ce st\u00e9rilet est une solution fiable, hormonale-free, et id\u00e9ale pour les femmes souhaitant une m\u00e9thode contraceptive naturelle et r\u00e9versible.  Avantage  Haute efficacit\u00e9 contraceptive  R\u00e9duction de l'inflammation gr\u00e2ce \u00e0 l\u2019argent  Moins d\u2019effets secondaires par rapport aux DIU hormonaux  Pas d\u2019interaction avec l\u2019\u00e9quilibre hormonal  Convient \u00e0 l\u2019allaitement    &nbsp;  &nbsp;","og_url":"https:\/\/yazmed.ma\/ar\/product\/sterilet-ag-eurogine-taille-normal\/","og_site_name":"YAZMED","article_publisher":"https:\/\/www.facebook.com\/azenkouky","article_modified_time":"2026-01-04T22:32:47+00:00","twitter_card":"summary_large_image","twitter_misc":{"Est. reading time":"1 minute"},"schema":{"@context":"https:\/\/schema.org","@graph":[{"@type":"WebPage","@id":"https:\/\/yazmed.ma\/product\/sterilet-ag-eurogine-taille-normal\/","url":"https:\/\/yazmed.ma\/product\/sterilet-ag-eurogine-taille-normal\/","name":"St\u00e9rilet Argent EurogineT 380 Ag Normal - YAZMED","isPartOf":{"@id":"https:\/\/yazmed.ma\/#website"},"primaryImageOfPage":{"@id":"https:\/\/yazmed.ma\/product\/sterilet-ag-eurogine-taille-normal\/#primaryimage"},"image":{"@id":"https:\/\/yazmed.ma\/product\/sterilet-ag-eurogine-taille-normal\/#primaryimage"},"thumbnailUrl":"https:\/\/yazmed.ma\/wp-content\/uploads\/2025\/01\/STERILET-EUROGINE.avif","datePublished":"2025-01-07T14:44:39+00:00","dateModified":"2026-01-04T22:32:47+00:00","breadcrumb":{"@id":"https:\/\/yazmed.ma\/product\/sterilet-ag-eurogine-taille-normal\/#breadcrumb"},"inLanguage":"ary","potentialAction":[{"@type":"ReadAction","target":["https:\/\/yazmed.ma\/product\/sterilet-ag-eurogine-taille-normal\/"]}]},{"@type":"ImageObject","inLanguage":"ary","@id":"https:\/\/yazmed.ma\/product\/sterilet-ag-eurogine-taille-normal\/#primaryimage","url":"https:\/\/yazmed.ma\/wp-content\/uploads\/2025\/01\/STERILET-EUROGINE.avif","contentUrl":"https:\/\/yazmed.ma\/wp-content\/uploads\/2025\/01\/STERILET-EUROGINE.avif","width":720,"height":720,"caption":"STERILET EUROGINE"},{"@type":"BreadcrumbList","@id":"https:\/\/yazmed.ma\/product\/sterilet-ag-eurogine-taille-normal\/#breadcrumb","itemListElement":[{"@type":"ListItem","position":1,"name":"Accueil","item":"https:\/\/yazmed.ma\/"},{"@type":"ListItem","position":2,"name":"Shop","item":"https:\/\/yazmed.ma\/shop-2\/"},{"@type":"ListItem","position":3,"name":"ST\u00c9RILET T 380 ARG EUROGINE TAILLE NORMAL"}]},{"@type":"WebSite","@id":"https:\/\/yazmed.ma\/#website","url":"https:\/\/yazmed.ma\/","name":"Yazmed","description":"LEADER DU MAT\u00c9RIEL M\u00c9DICAL AU MAROC","publisher":{"@id":"https:\/\/yazmed.ma\/#organization"},"potentialAction":[{"@type":"SearchAction","target":{"@type":"EntryPoint","urlTemplate":"https:\/\/yazmed.ma\/?s={search_term_string}"},"query-input":{"@type":"PropertyValueSpecification","valueRequired":true,"valueName":"search_term_string"}}],"inLanguage":"ary"},{"@type":"Organization","@id":"https:\/\/yazmed.ma\/#organization","name":"Yazmed Healthcare","url":"https:\/\/yazmed.ma\/","logo":{"@type":"ImageObject","inLanguage":"ary","@id":"https:\/\/yazmed.ma\/#\/schema\/logo\/image\/","url":"https:\/\/yazmed.ma\/wp-content\/uploads\/2024\/12\/3.png","contentUrl":"https:\/\/yazmed.ma\/wp-content\/uploads\/2024\/12\/3.png","width":250,"height":70,"caption":"Yazmed Healthcare"},"image":{"@id":"https:\/\/yazmed.ma\/#\/schema\/logo\/image\/"},"sameAs":["https:\/\/www.facebook.com\/azenkouky","https:\/\/www.instagram.com\/yazmedhealthcare","https:\/\/www.linkedin.com\/in\/yazmed-healthcare-1b4955295"]}]}},"_links":{"self":[{"href":"https:\/\/yazmed.ma\/ar\/wp-json\/wp\/v2\/product\/1667","targetHints":{"allow":["GET"]}}],"collection":[{"href":"https:\/\/yazmed.ma\/ar\/wp-json\/wp\/v2\/product"}],"about":[{"href":"https:\/\/yazmed.ma\/ar\/wp-json\/wp\/v2\/types\/product"}],"replies":[{"embeddable":true,"href":"https:\/\/yazmed.ma\/ar\/wp-json\/wp\/v2\/comments?post=1667"}],"version-history":[{"count":1,"href":"https:\/\/yazmed.ma\/ar\/wp-json\/wp\/v2\/product\/1667\/revisions"}],"predecessor-version":[{"id":3082,"href":"https:\/\/yazmed.ma\/ar\/wp-json\/wp\/v2\/product\/1667\/revisions\/3082"}],"wp:featuredmedia":[{"embeddable":true,"href":"https:\/\/yazmed.ma\/ar\/wp-json\/wp\/v2\/media\/1668"}],"wp:attachment":[{"href":"https:\/\/yazmed.ma\/ar\/wp-json\/wp\/v2\/media?parent=1667"}],"wp:term":[{"taxonomy":"product_brand","embeddable":true,"href":"https:\/\/yazmed.ma\/ar\/wp-json\/wp\/v2\/product_brand?post=1667"},{"taxonomy":"product_cat","embeddable":true,"href":"https:\/\/yazmed.ma\/ar\/wp-json\/wp\/v2\/product_cat?post=1667"},{"taxonomy":"product_tag","embeddable":true,"href":"https:\/\/yazmed.ma\/ar\/wp-json\/wp\/v2\/product_tag?post=1667"}],"curies":[{"name":"wp","href":"https:\/\/api.w.org\/{rel}","templated":true}]}}